{"id":563,"date":"2020-12-10T13:54:26","date_gmt":"2020-12-10T11:54:26","guid":{"rendered":"https:\/\/kktavastia.vaiheessa.fi\/ammattiopisto\/?page_id=563"},"modified":"2026-04-23T08:46:21","modified_gmt":"2026-04-23T05:46:21","slug":"rekrytoi-osaajia","status":"publish","type":"page","link":"https:\/\/www.kktavastia.fi\/ammattiopisto\/tyoelamalle\/rekrytoi-osaajia\/","title":{"rendered":"Rekrytoi osaajia"},"content":{"rendered":"\n<p class=\"is-style-ingress\">Opiskelijoiden tulevaan ty\u00f6llistymiseen kiinnitet\u00e4\u00e4n huomiota jo opiskeluaikana. <\/p>\n\n\n\n<h3 class=\"wp-block-heading\">Ty\u00f6el\u00e4m\u00e4ss\u00e4 oppiminen on reitti ty\u00f6h\u00f6n<\/h3>\n\n\n\n<p>Merkitt\u00e4v\u00e4 osa opiskelijoistamme ty\u00f6llistyy ty\u00f6paikkaan, jossa h\u00e4n on opiskellut koulutusaikana. Ty\u00f6nantaja, tutustu tulevaisuuden tekij\u00f6ihin ja tarjoa opiskelijoillemme mahdollisuutta tulla opiskelemaan yritykseesi opintojensa aikana koulutus- tai oppisopimuksella.&nbsp;&nbsp;&nbsp;<\/p>\n\n\n\n<p>Opiskelijoillamme on henkil\u00f6kohtaiset opiskelusuunnitelmat, ja heill\u00e4 on mahdollisuus opiskella ty\u00f6el\u00e4m\u00e4ss\u00e4 joustavasti. Voit hy\u00f6dynt\u00e4\u00e4 my\u00f6s oppilaitoksemme loma-aikoja ja palkata opiskelijan oppisopimukseen esimerkiksi yrityksesi sesonkiajaksi. Kes\u00e4ty\u00f6paikassa suoritetaan useimmiten yksi tutkinnon osa ammatillisesta koulutuksesta.<\/p>\n\n\n\n<h3 class=\"wp-block-heading\">Avoimet ty\u00f6paikat<\/h3>\n\n\n\n<p>Ammattiopisto Tavastiassa on k\u00e4yt\u00f6ss\u00e4 j\u00e4rjestelm\u00e4, jonka kautta viestimme opiskelijoille avoimista ty\u00f6paikoista. Jos haluat, ett\u00e4 yrityksesi ty\u00f6paikkailmoitus tulee t\u00e4lle foorumille, l\u00e4het\u00e4 ty\u00f6paikan tiedot uraohjaajille <a href=\"mailto:uraohjaajat@kktavastia.fi\">uraohjaajat@kktavastia.fi<\/a>.<\/p>\n\n\n\n<h3 class=\"wp-block-heading\">Rekrytointitapahtumat<\/h3>\n\n\n\n<p>J\u00e4rjest\u00e4mme Ammattiopisto Tavastiassa omia rekrytointitapahtumia, ja osallistumme muiden toimijoiden j\u00e4rjest\u00e4miin tapahtumiin, kuten Tekij\u00e4-tapahtumiin. TAVASTIArekry-tapahtuma on opiskelijoiden, yritysten ja ammattilaisten yhteinen tapahtuma, jonka Ammattiopisto Tavastia j\u00e4rjest\u00e4\u00e4 kaksi kertaa vuodesta. Teknologiatiistai j\u00e4rjestet\u00e4\u00e4n syksyisin. <\/p>\n\n\n\n<p>Seuraava TAVASTIArekry-tapahtuma j\u00e4rjestet\u00e4\u00e4n syksyll\u00e4. T\u00e4lt\u00e4 sivulta ja somesta saat lis\u00e4tietoa l\u00e4hemp\u00e4n\u00e4 tapahtumaa. Lis\u00e4tietoja antaa my\u00f6s kumppanuuskoordinaattori Taru Vierimaa.<\/p>\n\n\n\n<h3 class=\"wp-block-heading\">Uraohjaus<\/h3>\n\n\n\n<p>Kehit\u00e4mme jatkuvasti yhteisty\u00f6muotoja ty\u00f6nantajien kanssa, ole rohkeasti yhteydess\u00e4!&nbsp;<\/p>\n\n\n\n<p>Ammattiopisto Tavastiassa toimii useita uraohjaajia, joista kolme ty\u00f6skentelee opiskelijoiden ty\u00f6llistymisen ohjauksessa: Taru Vierimaa vastaa opintojen p\u00e4\u00e4ttymisvaiheen uraohjauksesta, Jaana Romo-Inkeri erityisen tuen opiskelijoiden ty\u00f6llistymisen uraohjauksesta ja Minna Tuominen vieraskielisten opiskelijoiden uraohjauksesta. He auttavat ja kohtaavat opiskelijoita, jotta opiskelijat p\u00e4\u00e4sisiv\u00e4t hyv\u00e4\u00e4n alkuun ty\u00f6urallaan.<\/p>\n\n\n\n<section class=\"block block-image-content-upsell left-image\">\n  <div class=\"container\">\n\n    <div class=\"cols\">\n      <div class=\"col col-content\">\n        <div class=\"content content-dark\">\n          <h3>Lahjoita stipendi opiskelijalle<\/h3>\n          <p><!-- wp:heading {\"level\":3} --><\/p>\n<p>Haluatko muistaa valmistuvia opiskelijoita? Voit lahjoittaa rahasumman, jonka avulla voimme my\u00f6nt\u00e4\u00e4 opiskelijallemme stipendin.<\/p>\n<p><!-- \/wp:heading --><\/p>\n                      <a href=\"https:\/\/kktavastia.tweb.fi\/3\/152074\" class=\"button button-light\">Katso ohjeet lomakkeesta!<svg xmlns=\"http:\/\/www.w3.org\/2000\/svg\" width=\"23\" height=\"8\" viewBox=\"0 0 23 8\"><path d=\"M1 3.818h21.23m0 0L19.153.764m3.077 3.054l-3.077 3.055\" stroke=\"currentColor\" stroke-width=\"1.5\" fill=\"none\" fill-rule=\"evenodd\" stroke-linecap=\"round\" stroke-linejoin=\"round\"\/><\/svg>\n<\/a>\n                  <\/div>\n      <\/div>\n\n      <div class=\"col col-image\">\n            <div class=\"lazy\"\n      data-bg=\"https:\/\/www.kktavastia.fi\/media\/sites\/2\/tuotekehitystyon-eat-1.jpg\"\n          >\n    <\/div>\n\n          <\/div>\n    <\/div>\n\n  <\/div>\n<\/section>\n\n\n\n<p><\/p>\n","protected":false},"excerpt":{"rendered":"<p>Opiskelijoiden tulevaan ty\u00f6llistymiseen kiinnitet\u00e4\u00e4n huomiota jo opiskeluaikana. Ty\u00f6el\u00e4m\u00e4ss\u00e4 oppiminen on reitti ty\u00f6h\u00f6n Merkitt\u00e4v\u00e4 osa opiskelijoistamme ty\u00f6llistyy ty\u00f6paikkaan, jossa h\u00e4n on [&hellip;]<\/p>\n","protected":false},"author":6,"featured_media":0,"parent":105,"menu_order":2,"comment_status":"closed","ping_status":"closed","template":"","meta":{"_acf_changed":false,"_relevanssi_hide_post":"","_relevanssi_hide_content":"","_relevanssi_pin_for_all":"","_relevanssi_pin_keywords":"","_relevanssi_unpin_keywords":"","_relevanssi_related_keywords":"","_relevanssi_related_include_ids":"","_relevanssi_related_exclude_ids":"","_relevanssi_related_no_append":"","_relevanssi_related_not_related":"","_relevanssi_related_posts":"105,140,50544,476,85639,496","_relevanssi_noindex_reason":"","footnotes":""},"class_list":["post-563","page","type-page","status-publish","hentry"],"acf":[],"yoast_head":"<title>Rekrytointi | Uraohjaus | Ty\u00f6llistyminen | Ammattiopisto Tavastia<\/title>\n<meta name=\"description\" content=\"Rekrytoi osaajia Ammattiopisto Tavastiasta! Uraohjaus auttaa opiskelijoita ty\u00f6llistym\u00e4\u00e4n opintojen j\u00e4lkeen.\" \/>\n<meta name=\"robots\" content=\"index, follow, max-snippet:-1, max-image-preview:large, max-video-preview:-1\" \/>\n<link rel=\"canonical\" href=\"https:\/\/www.kktavastia.fi\/ammattiopisto\/tyoelamalle\/rekrytoi-osaajia\/\" \/>\n<meta property=\"og:locale\" content=\"fi_FI\" \/>\n<meta property=\"og:type\" content=\"article\" \/>\n<meta property=\"og:title\" content=\"Rekrytointi | Uraohjaus | Ty\u00f6llistyminen | Ammattiopisto Tavastia\" \/>\n<meta property=\"og:description\" content=\"Rekrytoi osaajia Ammattiopisto Tavastiasta! Uraohjaus auttaa opiskelijoita ty\u00f6llistym\u00e4\u00e4n opintojen j\u00e4lkeen.\" \/>\n<meta property=\"og:url\" content=\"https:\/\/www.kktavastia.fi\/ammattiopisto\/tyoelamalle\/rekrytoi-osaajia\/\" \/>\n<meta property=\"og:site_name\" content=\"Ammattiopisto Tavastia\" \/>\n<meta property=\"article:modified_time\" content=\"2026-04-23T05:46:21+00:00\" \/>\n<meta name=\"twitter:card\" content=\"summary_large_image\" \/>\n<script type=\"application\/ld+json\" class=\"yoast-schema-graph\">{\"@context\":\"https:\\\/\\\/schema.org\",\"@graph\":[{\"@type\":\"WebPage\",\"@id\":\"https:\\\/\\\/www.kktavastia.fi\\\/ammattiopisto\\\/tyoelamalle\\\/rekrytoi-osaajia\\\/\",\"url\":\"https:\\\/\\\/www.kktavastia.fi\\\/ammattiopisto\\\/tyoelamalle\\\/rekrytoi-osaajia\\\/\",\"name\":\"Rekrytointi | Uraohjaus | Ty\u00f6llistyminen | Ammattiopisto Tavastia\",\"isPartOf\":{\"@id\":\"https:\\\/\\\/www.kktavastia.fi\\\/ammattiopisto\\\/#website\"},\"datePublished\":\"2020-12-10T11:54:26+00:00\",\"dateModified\":\"2026-04-23T05:46:21+00:00\",\"description\":\"Rekrytoi osaajia Ammattiopisto Tavastiasta! Uraohjaus auttaa opiskelijoita ty\u00f6llistym\u00e4\u00e4n opintojen j\u00e4lkeen.\",\"breadcrumb\":{\"@id\":\"https:\\\/\\\/www.kktavastia.fi\\\/ammattiopisto\\\/tyoelamalle\\\/rekrytoi-osaajia\\\/#breadcrumb\"},\"inLanguage\":\"fi\",\"potentialAction\":[{\"@type\":\"ReadAction\",\"target\":[\"https:\\\/\\\/www.kktavastia.fi\\\/ammattiopisto\\\/tyoelamalle\\\/rekrytoi-osaajia\\\/\"]}]},{\"@type\":\"BreadcrumbList\",\"@id\":\"https:\\\/\\\/www.kktavastia.fi\\\/ammattiopisto\\\/tyoelamalle\\\/rekrytoi-osaajia\\\/#breadcrumb\",\"itemListElement\":[{\"@type\":\"ListItem\",\"position\":1,\"name\":\"Home\",\"item\":\"https:\\\/\\\/www.kktavastia.fi\\\/ammattiopisto\\\/\"},{\"@type\":\"ListItem\",\"position\":2,\"name\":\"Ty\u00f6el\u00e4m\u00e4lle\",\"item\":\"https:\\\/\\\/www.kktavastia.fi\\\/ammattiopisto\\\/tyoelamalle\\\/\"},{\"@type\":\"ListItem\",\"position\":3,\"name\":\"Rekrytoi osaajia\"}]},{\"@type\":\"WebSite\",\"@id\":\"https:\\\/\\\/www.kktavastia.fi\\\/ammattiopisto\\\/#website\",\"url\":\"https:\\\/\\\/www.kktavastia.fi\\\/ammattiopisto\\\/\",\"name\":\"Ammattiopisto Tavastia\",\"description\":\"\",\"potentialAction\":[{\"@type\":\"SearchAction\",\"target\":{\"@type\":\"EntryPoint\",\"urlTemplate\":\"https:\\\/\\\/www.kktavastia.fi\\\/ammattiopisto\\\/?s={search_term_string}\"},\"query-input\":{\"@type\":\"PropertyValueSpecification\",\"valueRequired\":true,\"valueName\":\"search_term_string\"}}],\"inLanguage\":\"fi\"}]}<\/script>","yoast_head_json":{"title":"Rekrytointi | Uraohjaus | Ty\u00f6llistyminen | Ammattiopisto Tavastia","description":"Rekrytoi osaajia Ammattiopisto Tavastiasta! Uraohjaus auttaa opiskelijoita ty\u00f6llistym\u00e4\u00e4n opintojen j\u00e4lkeen.","robots":{"index":"index","follow":"follow","max-snippet":"max-snippet:-1","max-image-preview":"max-image-preview:large","max-video-preview":"max-video-preview:-1"},"canonical":"https:\/\/www.kktavastia.fi\/ammattiopisto\/tyoelamalle\/rekrytoi-osaajia\/","og_locale":"fi_FI","og_type":"article","og_title":"Rekrytointi | Uraohjaus | Ty\u00f6llistyminen | Ammattiopisto Tavastia","og_description":"Rekrytoi osaajia Ammattiopisto Tavastiasta! Uraohjaus auttaa opiskelijoita ty\u00f6llistym\u00e4\u00e4n opintojen j\u00e4lkeen.","og_url":"https:\/\/www.kktavastia.fi\/ammattiopisto\/tyoelamalle\/rekrytoi-osaajia\/","og_site_name":"Ammattiopisto Tavastia","article_modified_time":"2026-04-23T05:46:21+00:00","twitter_card":"summary_large_image","schema":{"@context":"https:\/\/schema.org","@graph":[{"@type":"WebPage","@id":"https:\/\/www.kktavastia.fi\/ammattiopisto\/tyoelamalle\/rekrytoi-osaajia\/","url":"https:\/\/www.kktavastia.fi\/ammattiopisto\/tyoelamalle\/rekrytoi-osaajia\/","name":"Rekrytointi | Uraohjaus | Ty\u00f6llistyminen | Ammattiopisto Tavastia","isPartOf":{"@id":"https:\/\/www.kktavastia.fi\/ammattiopisto\/#website"},"datePublished":"2020-12-10T11:54:26+00:00","dateModified":"2026-04-23T05:46:21+00:00","description":"Rekrytoi osaajia Ammattiopisto Tavastiasta! Uraohjaus auttaa opiskelijoita ty\u00f6llistym\u00e4\u00e4n opintojen j\u00e4lkeen.","breadcrumb":{"@id":"https:\/\/www.kktavastia.fi\/ammattiopisto\/tyoelamalle\/rekrytoi-osaajia\/#breadcrumb"},"inLanguage":"fi","potentialAction":[{"@type":"ReadAction","target":["https:\/\/www.kktavastia.fi\/ammattiopisto\/tyoelamalle\/rekrytoi-osaajia\/"]}]},{"@type":"BreadcrumbList","@id":"https:\/\/www.kktavastia.fi\/ammattiopisto\/tyoelamalle\/rekrytoi-osaajia\/#breadcrumb","itemListElement":[{"@type":"ListItem","position":1,"name":"Home","item":"https:\/\/www.kktavastia.fi\/ammattiopisto\/"},{"@type":"ListItem","position":2,"name":"Ty\u00f6el\u00e4m\u00e4lle","item":"https:\/\/www.kktavastia.fi\/ammattiopisto\/tyoelamalle\/"},{"@type":"ListItem","position":3,"name":"Rekrytoi osaajia"}]},{"@type":"WebSite","@id":"https:\/\/www.kktavastia.fi\/ammattiopisto\/#website","url":"https:\/\/www.kktavastia.fi\/ammattiopisto\/","name":"Ammattiopisto Tavastia","description":"","potentialAction":[{"@type":"SearchAction","target":{"@type":"EntryPoint","urlTemplate":"https:\/\/www.kktavastia.fi\/ammattiopisto\/?s={search_term_string}"},"query-input":{"@type":"PropertyValueSpecification","valueRequired":true,"valueName":"search_term_string"}}],"inLanguage":"fi"}]}},"_links":{"self":[{"href":"https:\/\/www.kktavastia.fi\/ammattiopisto\/wp-json\/wp\/v2\/pages\/563","targetHints":{"allow":["GET"]}}],"collection":[{"href":"https:\/\/www.kktavastia.fi\/ammattiopisto\/wp-json\/wp\/v2\/pages"}],"about":[{"href":"https:\/\/www.kktavastia.fi\/ammattiopisto\/wp-json\/wp\/v2\/types\/page"}],"author":[{"embeddable":true,"href":"https:\/\/www.kktavastia.fi\/ammattiopisto\/wp-json\/wp\/v2\/users\/6"}],"replies":[{"embeddable":true,"href":"https:\/\/www.kktavastia.fi\/ammattiopisto\/wp-json\/wp\/v2\/comments?post=563"}],"version-history":[{"count":24,"href":"https:\/\/www.kktavastia.fi\/ammattiopisto\/wp-json\/wp\/v2\/pages\/563\/revisions"}],"predecessor-version":[{"id":156467,"href":"https:\/\/www.kktavastia.fi\/ammattiopisto\/wp-json\/wp\/v2\/pages\/563\/revisions\/156467"}],"up":[{"embeddable":true,"href":"https:\/\/www.kktavastia.fi\/ammattiopisto\/wp-json\/wp\/v2\/pages\/105"}],"wp:attachment":[{"href":"https:\/\/www.kktavastia.fi\/ammattiopisto\/wp-json\/wp\/v2\/media?parent=563"}],"curies":[{"name":"wp","href":"https:\/\/api.w.org\/{rel}","templated":true}]}}