{"id":526,"date":"2020-12-10T13:16:06","date_gmt":"2020-12-10T11:16:06","guid":{"rendered":"https:\/\/kktavastia.vaiheessa.fi\/ammattiopisto\/?page_id=526"},"modified":"2026-03-30T08:48:08","modified_gmt":"2026-03-30T05:48:08","slug":"tyopaikkaohjaajakoulutus","status":"publish","type":"page","link":"https:\/\/www.kktavastia.fi\/ammattiopisto\/tyoelamalle\/tyopaikkaohjaajakoulutus\/","title":{"rendered":"Ty\u00f6paikkaohjaajakoulutus"},"content":{"rendered":"\n<p class=\"is-style-ingress\">Ty\u00f6paikkaohjaajakoulutukset on tarkoitettu ty\u00f6el\u00e4m\u00e4n edustajille, jotka toimivat ty\u00f6paikalla j\u00e4rjestett\u00e4v\u00e4n koulutuksen (TJK) ty\u00f6paikkaohjaajina ja osaamisen arvioijina n\u00e4yt\u00f6iss\u00e4. Ty\u00f6paikkaohjaaja saa koulutuksessa valmiudet siihen, ett\u00e4 h\u00e4n voi osallistua ty\u00f6el\u00e4m\u00e4ss\u00e4 oppimisen ja n\u00e4ytt\u00f6jen suunnitteluun, opiskelijan ohjaamiseen, palautteen antamiseen osaamisen kehittymisest\u00e4 ja osaamisen arviointiin.<\/p>\n\n\n\n<p>Ty\u00f6paikkaohjaajakoulutus koostuu valtakunnallisesta&nbsp;<a href=\"https:\/\/ohjaan.fi\/\" target=\"_blank\" rel=\"noreferrer noopener\">Ohjaan.fi-sivuston<\/a>&nbsp;materiaalista, joka on tehty yhteisty\u00f6ss\u00e4 opetus- ja kulttuuriministeri\u00f6n tuella.&nbsp;Koulutuksessa on my\u00f6s osio Ammattiopisto Tavastian k\u00e4yt\u00e4nn\u00f6ist\u00e4. Ty\u00f6paikkaohjaajakoulutuksen suorittaminen on maksutonta.<\/p>\n\n\n\n<p>Ty\u00f6paikkaohjaajakoulutuksen sis\u00e4lt\u00f6:<\/p>\n\n\n\n<ul class=\"wp-block-list\">\n<li>Ty\u00f6el\u00e4m\u00e4ss\u00e4 oppimisen alkuvaiheen suunnittelu&nbsp;<\/li>\n\n\n\n<li>Ty\u00f6el\u00e4m\u00e4ss\u00e4 oppiminen&nbsp;<\/li>\n\n\n\n<li>Osaamisen arviointi&nbsp;<\/li>\n\n\n\n<li>Ammattiopisto Tavastian k\u00e4yt\u00e4nteet&nbsp;<\/li>\n<\/ul>\n\n\n\n<p>Ty\u00f6paikkaohjaajakoulutuksen suorittamisesta saa todistuksen.&nbsp;&nbsp;<\/p>\n\n\n\n<div class=\"wp-block-buttons is-layout-flex wp-block-buttons-is-layout-flex\">\n<div class=\"wp-block-button\"><a class=\"wp-block-button__link wp-element-button\">Katso video ty\u00f6paikkaohjaajakoulutuksesta<\/a><\/div>\n<\/div>\n\n\n\n<h3 class=\"wp-block-heading\" id=\"tyopaikkaohjaajakoulutus-verkkokoulutuksena-8h\">Ty\u00f6paikkaohjaajakoulutus verkkototeutuksena (8h)<\/h3>\n\n\n\n<p>Ty\u00f6paikkaohjaajakoulutus j\u00e4rjestet\u00e4\u00e4n Moodle-oppimisymp\u00e4rist\u00f6ss\u00e4. Voit opiskella opiskelumateriaalia omaan tahtiisi. Koulutukseen sis\u00e4ltyy my\u00f6s kaksi tunnin kest\u00e4v\u00e4\u00e4 ryhm\u00e4verkkokeskustelua Teamsissa sek\u00e4 koulutuksen lopussa monivalintateht\u00e4v\u00e4. Sinua ohjataan opiskelun aikana.<\/p>\n\n\n\n<ul class=\"wp-block-list\">\n<li>27.4.\u201322.5.2026<br>ryhm\u00e4verkkokeskustelut 5.5. klo 15\u201316 ja 12.5. klo 15\u201316<\/li>\n<\/ul>\n\n\n\n<h3 class=\"wp-block-heading\" id=\"tyopaikkaohjaajakoulutus-lahitoteutuksena-8-h\">Ty\u00f6paikkaohjaajakoulutus l\u00e4hitoteutuksena (8 h)<\/h3>\n\n\n\n<p>Ty\u00f6paikkaohjaajakoulutus l\u00e4hitoteutuksena j\u00e4rjestet\u00e4\u00e4n kahtena iltap\u00e4iv\u00e4n\u00e4 Ammattiopisto Tavastian tiloissa. Todistuksen koulutuksesta saa osallistuttuaan molempiin l\u00e4hip\u00e4iviin.<\/p>\n\n\n\n<ul class=\"wp-block-list\">\n<li>14.4.2026 klo 13\u201316 ja 21.4.2026 klo 13\u201316<\/li>\n<\/ul>\n\n\n\n<h3 class=\"wp-block-heading\">Monikulttuurisuusosaamista ty\u00f6paikkaohjaajille l\u00e4hitoteutuksena (2 h)<\/h3>\n\n\n\n<p>Monikulttuurisuusosaamista ty\u00f6paikkaohjaajille l\u00e4hitoteutuksena j\u00e4rjestet\u00e4\u00e4n Ammattiopisto Tavastian tiloissa. Koulutuksen j\u00e4lkeen voit tutustua materiaaleihin perusteellisesti Moodle-oppimisymp\u00e4rist\u00f6ss\u00e4. Osallistumisen j\u00e4lkeen saat todistuksen koulutuksesta.<\/p>\n\n\n\n<ul class=\"wp-block-list\">\n<li>4.12.2025 klo 14\u201316<\/li>\n<\/ul>\n\n\n\n<h3 class=\"wp-block-heading\">Ty\u00f6paikkaohjaajakoulutus k\u00e4yt\u00e4nn\u00f6ss\u00e4 (8 h)<\/h3>\n\n\n\n<p>Voit suorittaa ty\u00f6paikkaohjaajakoulutuksen omalla ty\u00f6paikallasi, samalla kun ohjaat ja arvioit koulutus- tai oppisopimuksella opiskelevaa opiskelijaa. Ammattiopisto Tavastian alakohtainen opettaja ohjaa sinua koulutuksen aikana ja toimii ty\u00f6paikkaohjaajakoulutuksen arvioijana. K\u00e4yt\u00e4nn\u00f6ss\u00e4 koulutus etenee:<\/p>\n\n\n\n<ul class=\"wp-block-list\">\n<li>Tutustut Moodle-oppimisymp\u00e4rist\u00f6n materiaaleihin.<\/li>\n\n\n\n<li>Osoitat osaamistasi samalla kuin ohjaat ja arvioit opiskelijaa.<\/li>\n\n\n\n<li>Koulutukseen on mahdollista hakeutua jatkuvasti.<strong>&nbsp;<\/strong><\/li>\n<\/ul>\n\n\n\n<div class=\"wp-block-buttons is-layout-flex wp-block-buttons-is-layout-flex\">\n<div class=\"wp-block-button\"><a class=\"wp-block-button__link wp-element-button\" href=\"https:\/\/tavastia.inschool.fi\/browsecourses\" target=\"_blank\" rel=\"noreferrer noopener\">Ilmoittaudu ty\u00f6paikkaohjaajakoulutukseen<\/a><\/div>\n<\/div>\n\n\n\n<p>Ilmoittautumissivulla voit valita osallistutko verkko- vai l\u00e4hitoteutukseen vai k\u00e4yt\u00e4nn\u00f6n koulutukseen.<\/p>\n\n\n\n<div style=\"height:36px\" aria-hidden=\"true\" class=\"wp-block-spacer\"><\/div>\n\n\n\n<figure class=\"wp-block-image size-full is-resized\"><img decoding=\"async\" src=\"https:\/\/www.kktavastia.fi\/media\/sites\/2\/tyopaikkaohjaajakoulutus-jaana-haajanen.jpg\" alt=\"\" class=\"wp-image-54378\" style=\"width:542px;height:auto\" \/><figcaption class=\"wp-element-caption\">Jarkko Saari ja Jaana Haajanen aloittamassa ty\u00f6paikkaohjaajakoulutusta 24.9.2024. <\/figcaption><\/figure>\n\n\n\n<h3 class=\"wp-block-heading\">Yrityskohtainen ty\u00f6paikkaohjaajakoulutus <\/h3>\n\n\n\n<p>Voimme j\u00e4rjest\u00e4\u00e4 my\u00f6s ty\u00f6paikkakohtaisen ty\u00f6paikkaohjaajakoulutuksen. Koulutus voidaan toteuttaa hybridin\u00e4 eli se voi sis\u00e4lt\u00e4 l\u00e4hiopetusta, itsen\u00e4ist\u00e4 oppimista, verkko-oppimista ja n\u00e4ytt\u00f6j\u00e4.<\/p>\n\n\n\n<p>Ole yhteydess\u00e4 yhteyshenkil\u00f6\u00f6n, niin sovimme koulutuksen j\u00e4rjestelyist\u00e4: Jaana Haajanen puh. 050 441 3481, jaana.haajanen@kktavastia.fi<\/p>\n\n\n\n<h3 class=\"wp-block-heading\" id=\"oppilaitosyhteistyo\">Oppilaitosyhteisty\u00f6<\/h3>\n\n\n\n<p>Teemme yhteisty\u00f6t\u00e4 ty\u00f6paikkaohjaajakoulutusten j\u00e4rjest\u00e4misess\u00e4 kumppanuusoppilaitostemme kanssa. Alla linkit H\u00e4meen ammatti-instituutin ja Kiipulan ammattiopiston ty\u00f6paikkaohjaajasivustoille.<\/p>\n\n\n\n<p><a href=\"https:\/\/hami.fi\/tyopaikkaohjaajakoulutus\/\" target=\"_blank\" rel=\"noreferrer noopener\">H\u00e4meen ammatti-instituutin ty\u00f6paikkaohjaajakoulutus<\/a><br><a href=\"https:\/\/www.kiipula.fi\/ammattiopisto\/tyoelamalle\/tyopaikkaohjaajakoulutukset\/\" target=\"_blank\" rel=\"noreferrer noopener\">Kiipulan ammattiopiston ty\u00f6paikkaohjaajakoulutus<\/a><\/p>\n\n\n\n<section class=\"block block-image-content-upsell left-image\">\n  <div class=\"container\">\n\n    <div class=\"cols\">\n      <div class=\"col col-content\">\n        <div class=\"content content-dark\">\n          <h3>Ty\u00f6paikkaohjaajan monikulttuurisuusopas<\/h3>\n          <p><span class=\"ui-provider ee ayj ayk ayl aym ayn ayo ayp ayq ayr ays ayt ayu ayv ayw ayx ayy ayz aza azb azc azd aze azf azg azh azi azj azk azl azm azn azo azp azq\" dir=\"ltr\">Tutustu ty\u00f6paikkaohjaajille tarkoitettuun aineistoon maahanmuuttaneiden opiskelijoiden ohjaamisesta ty\u00f6paikalla.<\/span><\/p>\n<p><span class=\"ui-provider ee ayj ayk ayl aym ayn ayo ayp ayq ayr ays ayt ayu ayv ayw ayx ayy ayz aza azb azc azd aze azf azg azh azi azj azk azl azm azn azo azp azq\" dir=\"ltr\"><em>Valitse kirjautumissivulla &#8221;Kirjaudu vierailijana&#8221; -painiketta p\u00e4\u00e4st\u00e4ksesi eteenp\u00e4in.<\/em><\/span><\/p>\n                      <a href=\"https:\/\/moodle.kktavastia.fi\/course\/view.php?id=4253\" class=\"button button-light\">Klikkaa t\u00e4st\u00e4 oppaaseen<svg xmlns=\"http:\/\/www.w3.org\/2000\/svg\" width=\"23\" height=\"8\" viewBox=\"0 0 23 8\"><path d=\"M1 3.818h21.23m0 0L19.153.764m3.077 3.054l-3.077 3.055\" stroke=\"currentColor\" stroke-width=\"1.5\" fill=\"none\" fill-rule=\"evenodd\" stroke-linecap=\"round\" stroke-linejoin=\"round\"\/><\/svg>\n<\/a>\n                  <\/div>\n      <\/div>\n\n      <div class=\"col col-image\">\n            <div class=\"lazy\"\n      data-bg=\"https:\/\/www.kktavastia.fi\/media\/sites\/2\/kk-tavastia-50hires.jpg\"\n          >\n    <\/div>\n\n          <\/div>\n    <\/div>\n\n  <\/div>\n<\/section>\n\n\n\n<section class=\"block block-image-content-upsell right-image\">\n  <div class=\"container\">\n\n    <div class=\"cols\">\n      <div class=\"col col-content\">\n        <div class=\"content content-dark\">\n          <h3>Ty\u00f6paikkaohjaajan koulutus uudistui yhteisty\u00f6ll\u00e4<\/h3>\n          <p>Ammattiopisto Tavastia, H\u00e4meen ammatti-instituutti (Hami) ja Kiipulan ammattiopisto ovat kehitt\u00e4neet yhdess\u00e4 ty\u00f6paikkaohjaajien koulutusta. Tarkoituksena on helpottaa yritysten ohjausty\u00f6t\u00e4 ja taata opiskelijoille laadukas ohjaus.<\/p>\n                      <a href=\"https:\/\/www.kktavastia.fi\/ammattiopisto\/2021\/10\/14\/uudistettu-tyopaikkaohjaajakoulutus-patevoittaa-laajasti\/\" class=\"button button-light\">Lue koko juttu<svg xmlns=\"http:\/\/www.w3.org\/2000\/svg\" width=\"23\" height=\"8\" viewBox=\"0 0 23 8\"><path d=\"M1 3.818h21.23m0 0L19.153.764m3.077 3.054l-3.077 3.055\" stroke=\"currentColor\" stroke-width=\"1.5\" fill=\"none\" fill-rule=\"evenodd\" stroke-linecap=\"round\" stroke-linejoin=\"round\"\/><\/svg>\n<\/a>\n                  <\/div>\n      <\/div>\n\n      <div class=\"col col-image\">\n            <div class=\"lazy\"\n      data-bg=\"https:\/\/www.kktavastia.fi\/media\/sites\/2\/tyopaikkaohjaajakoulutus.jpg\"\n          >\n    <\/div>\n\n          <\/div>\n    <\/div>\n\n  <\/div>\n<\/section>\n","protected":false},"excerpt":{"rendered":"<p>Ty\u00f6paikkaohjaajakoulutukset on tarkoitettu ty\u00f6el\u00e4m\u00e4n edustajille, jotka toimivat ty\u00f6paikalla j\u00e4rjestett\u00e4v\u00e4n koulutuksen (TJK) ty\u00f6paikkaohjaajina ja osaamisen arvioijina n\u00e4yt\u00f6iss\u00e4. Ty\u00f6paikkaohjaaja saa koulutuksessa valmiudet [&hellip;]<\/p>\n","protected":false},"author":6,"featured_media":0,"parent":105,"menu_order":5,"comment_status":"closed","ping_status":"closed","template":"","meta":{"_acf_changed":false,"_relevanssi_hide_post":"","_relevanssi_hide_content":"","_relevanssi_pin_for_all":"","_relevanssi_pin_keywords":"","_relevanssi_unpin_keywords":"","_relevanssi_related_keywords":"","_relevanssi_related_include_ids":"","_relevanssi_related_exclude_ids":"","_relevanssi_related_no_append":"","_relevanssi_related_not_related":"","_relevanssi_related_posts":"524,105,58,147,40121,189","_relevanssi_noindex_reason":"","footnotes":""},"class_list":["post-526","page","type-page","status-publish","hentry"],"acf":[],"yoast_head":"<title>Ty\u00f6paikkaohjaajakoulutus | Ammattiopisto Tavastia | Osallistu koulutukseen<\/title>\n<meta name=\"description\" content=\"Ty\u00f6paikkaohjaajakoulutus on t\u00e4rke\u00e4\u00e4, jotta ty\u00f6paikoille saadaan uusia ty\u00f6paikkaohjaajia ty\u00f6paikalla j\u00e4rjestett\u00e4v\u00e4\u00e4 koulutusta varten. Tutustu!\" \/>\n<meta name=\"robots\" content=\"index, follow, max-snippet:-1, max-image-preview:large, max-video-preview:-1\" \/>\n<link rel=\"canonical\" href=\"https:\/\/www.kktavastia.fi\/ammattiopisto\/tyoelamalle\/tyopaikkaohjaajakoulutus\/\" \/>\n<meta property=\"og:locale\" content=\"fi_FI\" \/>\n<meta property=\"og:type\" content=\"article\" \/>\n<meta property=\"og:title\" content=\"Ty\u00f6paikkaohjaajakoulutus | Ammattiopisto Tavastia | Osallistu koulutukseen\" \/>\n<meta property=\"og:description\" content=\"Ty\u00f6paikkaohjaajakoulutus on t\u00e4rke\u00e4\u00e4, jotta ty\u00f6paikoille saadaan uusia ty\u00f6paikkaohjaajia ty\u00f6paikalla j\u00e4rjestett\u00e4v\u00e4\u00e4 koulutusta varten. Tutustu!\" \/>\n<meta property=\"og:url\" content=\"https:\/\/www.kktavastia.fi\/ammattiopisto\/tyoelamalle\/tyopaikkaohjaajakoulutus\/\" \/>\n<meta property=\"og:site_name\" content=\"Ammattiopisto Tavastia\" \/>\n<meta property=\"article:modified_time\" content=\"2026-03-30T05:48:08+00:00\" \/>\n<meta property=\"og:image\" content=\"https:\/\/www.kktavastia.fi\/media\/sites\/2\/tyopaikkaohjaajakoulutus-jaana-haajanen-e1727931900897.jpg\" \/>\n\t<meta property=\"og:image:width\" content=\"640\" \/>\n\t<meta property=\"og:image:height\" content=\"381\" \/>\n\t<meta property=\"og:image:type\" content=\"image\/jpeg\" \/>\n<meta name=\"twitter:card\" content=\"summary_large_image\" \/>\n<script type=\"application\/ld+json\" class=\"yoast-schema-graph\">{\"@context\":\"https:\\\/\\\/schema.org\",\"@graph\":[{\"@type\":\"WebPage\",\"@id\":\"https:\\\/\\\/www.kktavastia.fi\\\/ammattiopisto\\\/tyoelamalle\\\/tyopaikkaohjaajakoulutus\\\/\",\"url\":\"https:\\\/\\\/www.kktavastia.fi\\\/ammattiopisto\\\/tyoelamalle\\\/tyopaikkaohjaajakoulutus\\\/\",\"name\":\"Ty\u00f6paikkaohjaajakoulutus | Ammattiopisto Tavastia | Osallistu koulutukseen\",\"isPartOf\":{\"@id\":\"https:\\\/\\\/www.kktavastia.fi\\\/ammattiopisto\\\/#website\"},\"primaryImageOfPage\":{\"@id\":\"https:\\\/\\\/www.kktavastia.fi\\\/ammattiopisto\\\/tyoelamalle\\\/tyopaikkaohjaajakoulutus\\\/#primaryimage\"},\"image\":{\"@id\":\"https:\\\/\\\/www.kktavastia.fi\\\/ammattiopisto\\\/tyoelamalle\\\/tyopaikkaohjaajakoulutus\\\/#primaryimage\"},\"thumbnailUrl\":\"https:\\\/\\\/www.kktavastia.fi\\\/media\\\/sites\\\/2\\\/tyopaikkaohjaajakoulutus-jaana-haajanen.jpg\",\"datePublished\":\"2020-12-10T11:16:06+00:00\",\"dateModified\":\"2026-03-30T05:48:08+00:00\",\"description\":\"Ty\u00f6paikkaohjaajakoulutus on t\u00e4rke\u00e4\u00e4, jotta ty\u00f6paikoille saadaan uusia ty\u00f6paikkaohjaajia ty\u00f6paikalla j\u00e4rjestett\u00e4v\u00e4\u00e4 koulutusta varten. Tutustu!\",\"breadcrumb\":{\"@id\":\"https:\\\/\\\/www.kktavastia.fi\\\/ammattiopisto\\\/tyoelamalle\\\/tyopaikkaohjaajakoulutus\\\/#breadcrumb\"},\"inLanguage\":\"fi\",\"potentialAction\":[{\"@type\":\"ReadAction\",\"target\":[\"https:\\\/\\\/www.kktavastia.fi\\\/ammattiopisto\\\/tyoelamalle\\\/tyopaikkaohjaajakoulutus\\\/\"]}]},{\"@type\":\"ImageObject\",\"inLanguage\":\"fi\",\"@id\":\"https:\\\/\\\/www.kktavastia.fi\\\/ammattiopisto\\\/tyoelamalle\\\/tyopaikkaohjaajakoulutus\\\/#primaryimage\",\"url\":\"https:\\\/\\\/www.kktavastia.fi\\\/media\\\/sites\\\/2\\\/tyopaikkaohjaajakoulutus-jaana-haajanen.jpg\",\"contentUrl\":\"https:\\\/\\\/www.kktavastia.fi\\\/media\\\/sites\\\/2\\\/tyopaikkaohjaajakoulutus-jaana-haajanen.jpg\"},{\"@type\":\"BreadcrumbList\",\"@id\":\"https:\\\/\\\/www.kktavastia.fi\\\/ammattiopisto\\\/tyoelamalle\\\/tyopaikkaohjaajakoulutus\\\/#breadcrumb\",\"itemListElement\":[{\"@type\":\"ListItem\",\"position\":1,\"name\":\"Home\",\"item\":\"https:\\\/\\\/www.kktavastia.fi\\\/ammattiopisto\\\/\"},{\"@type\":\"ListItem\",\"position\":2,\"name\":\"Ty\u00f6el\u00e4m\u00e4lle\",\"item\":\"https:\\\/\\\/www.kktavastia.fi\\\/ammattiopisto\\\/tyoelamalle\\\/\"},{\"@type\":\"ListItem\",\"position\":3,\"name\":\"Ty\u00f6paikkaohjaajakoulutus\"}]},{\"@type\":\"WebSite\",\"@id\":\"https:\\\/\\\/www.kktavastia.fi\\\/ammattiopisto\\\/#website\",\"url\":\"https:\\\/\\\/www.kktavastia.fi\\\/ammattiopisto\\\/\",\"name\":\"Ammattiopisto Tavastia\",\"description\":\"\",\"potentialAction\":[{\"@type\":\"SearchAction\",\"target\":{\"@type\":\"EntryPoint\",\"urlTemplate\":\"https:\\\/\\\/www.kktavastia.fi\\\/ammattiopisto\\\/?s={search_term_string}\"},\"query-input\":{\"@type\":\"PropertyValueSpecification\",\"valueRequired\":true,\"valueName\":\"search_term_string\"}}],\"inLanguage\":\"fi\"}]}<\/script>","yoast_head_json":{"title":"Ty\u00f6paikkaohjaajakoulutus | Ammattiopisto Tavastia | Osallistu koulutukseen","description":"Ty\u00f6paikkaohjaajakoulutus on t\u00e4rke\u00e4\u00e4, jotta ty\u00f6paikoille saadaan uusia ty\u00f6paikkaohjaajia ty\u00f6paikalla j\u00e4rjestett\u00e4v\u00e4\u00e4 koulutusta varten. Tutustu!","robots":{"index":"index","follow":"follow","max-snippet":"max-snippet:-1","max-image-preview":"max-image-preview:large","max-video-preview":"max-video-preview:-1"},"canonical":"https:\/\/www.kktavastia.fi\/ammattiopisto\/tyoelamalle\/tyopaikkaohjaajakoulutus\/","og_locale":"fi_FI","og_type":"article","og_title":"Ty\u00f6paikkaohjaajakoulutus | Ammattiopisto Tavastia | Osallistu koulutukseen","og_description":"Ty\u00f6paikkaohjaajakoulutus on t\u00e4rke\u00e4\u00e4, jotta ty\u00f6paikoille saadaan uusia ty\u00f6paikkaohjaajia ty\u00f6paikalla j\u00e4rjestett\u00e4v\u00e4\u00e4 koulutusta varten. Tutustu!","og_url":"https:\/\/www.kktavastia.fi\/ammattiopisto\/tyoelamalle\/tyopaikkaohjaajakoulutus\/","og_site_name":"Ammattiopisto Tavastia","article_modified_time":"2026-03-30T05:48:08+00:00","og_image":[{"width":640,"height":381,"url":"https:\/\/www.kktavastia.fi\/media\/sites\/2\/tyopaikkaohjaajakoulutus-jaana-haajanen-e1727931900897.jpg","type":"image\/jpeg"}],"twitter_card":"summary_large_image","schema":{"@context":"https:\/\/schema.org","@graph":[{"@type":"WebPage","@id":"https:\/\/www.kktavastia.fi\/ammattiopisto\/tyoelamalle\/tyopaikkaohjaajakoulutus\/","url":"https:\/\/www.kktavastia.fi\/ammattiopisto\/tyoelamalle\/tyopaikkaohjaajakoulutus\/","name":"Ty\u00f6paikkaohjaajakoulutus | Ammattiopisto Tavastia | Osallistu koulutukseen","isPartOf":{"@id":"https:\/\/www.kktavastia.fi\/ammattiopisto\/#website"},"primaryImageOfPage":{"@id":"https:\/\/www.kktavastia.fi\/ammattiopisto\/tyoelamalle\/tyopaikkaohjaajakoulutus\/#primaryimage"},"image":{"@id":"https:\/\/www.kktavastia.fi\/ammattiopisto\/tyoelamalle\/tyopaikkaohjaajakoulutus\/#primaryimage"},"thumbnailUrl":"https:\/\/www.kktavastia.fi\/media\/sites\/2\/tyopaikkaohjaajakoulutus-jaana-haajanen.jpg","datePublished":"2020-12-10T11:16:06+00:00","dateModified":"2026-03-30T05:48:08+00:00","description":"Ty\u00f6paikkaohjaajakoulutus on t\u00e4rke\u00e4\u00e4, jotta ty\u00f6paikoille saadaan uusia ty\u00f6paikkaohjaajia ty\u00f6paikalla j\u00e4rjestett\u00e4v\u00e4\u00e4 koulutusta varten. Tutustu!","breadcrumb":{"@id":"https:\/\/www.kktavastia.fi\/ammattiopisto\/tyoelamalle\/tyopaikkaohjaajakoulutus\/#breadcrumb"},"inLanguage":"fi","potentialAction":[{"@type":"ReadAction","target":["https:\/\/www.kktavastia.fi\/ammattiopisto\/tyoelamalle\/tyopaikkaohjaajakoulutus\/"]}]},{"@type":"ImageObject","inLanguage":"fi","@id":"https:\/\/www.kktavastia.fi\/ammattiopisto\/tyoelamalle\/tyopaikkaohjaajakoulutus\/#primaryimage","url":"https:\/\/www.kktavastia.fi\/media\/sites\/2\/tyopaikkaohjaajakoulutus-jaana-haajanen.jpg","contentUrl":"https:\/\/www.kktavastia.fi\/media\/sites\/2\/tyopaikkaohjaajakoulutus-jaana-haajanen.jpg"},{"@type":"BreadcrumbList","@id":"https:\/\/www.kktavastia.fi\/ammattiopisto\/tyoelamalle\/tyopaikkaohjaajakoulutus\/#breadcrumb","itemListElement":[{"@type":"ListItem","position":1,"name":"Home","item":"https:\/\/www.kktavastia.fi\/ammattiopisto\/"},{"@type":"ListItem","position":2,"name":"Ty\u00f6el\u00e4m\u00e4lle","item":"https:\/\/www.kktavastia.fi\/ammattiopisto\/tyoelamalle\/"},{"@type":"ListItem","position":3,"name":"Ty\u00f6paikkaohjaajakoulutus"}]},{"@type":"WebSite","@id":"https:\/\/www.kktavastia.fi\/ammattiopisto\/#website","url":"https:\/\/www.kktavastia.fi\/ammattiopisto\/","name":"Ammattiopisto Tavastia","description":"","potentialAction":[{"@type":"SearchAction","target":{"@type":"EntryPoint","urlTemplate":"https:\/\/www.kktavastia.fi\/ammattiopisto\/?s={search_term_string}"},"query-input":{"@type":"PropertyValueSpecification","valueRequired":true,"valueName":"search_term_string"}}],"inLanguage":"fi"}]}},"_links":{"self":[{"href":"https:\/\/www.kktavastia.fi\/ammattiopisto\/wp-json\/wp\/v2\/pages\/526","targetHints":{"allow":["GET"]}}],"collection":[{"href":"https:\/\/www.kktavastia.fi\/ammattiopisto\/wp-json\/wp\/v2\/pages"}],"about":[{"href":"https:\/\/www.kktavastia.fi\/ammattiopisto\/wp-json\/wp\/v2\/types\/page"}],"author":[{"embeddable":true,"href":"https:\/\/www.kktavastia.fi\/ammattiopisto\/wp-json\/wp\/v2\/users\/6"}],"replies":[{"embeddable":true,"href":"https:\/\/www.kktavastia.fi\/ammattiopisto\/wp-json\/wp\/v2\/comments?post=526"}],"version-history":[{"count":25,"href":"https:\/\/www.kktavastia.fi\/ammattiopisto\/wp-json\/wp\/v2\/pages\/526\/revisions"}],"predecessor-version":[{"id":152501,"href":"https:\/\/www.kktavastia.fi\/ammattiopisto\/wp-json\/wp\/v2\/pages\/526\/revisions\/152501"}],"up":[{"embeddable":true,"href":"https:\/\/www.kktavastia.fi\/ammattiopisto\/wp-json\/wp\/v2\/pages\/105"}],"wp:attachment":[{"href":"https:\/\/www.kktavastia.fi\/ammattiopisto\/wp-json\/wp\/v2\/media?parent=526"}],"curies":[{"name":"wp","href":"https:\/\/api.w.org\/{rel}","templated":true}]}}