{"id":524,"date":"2020-12-10T13:15:46","date_gmt":"2020-12-10T11:15:46","guid":{"rendered":"https:\/\/kktavastia.vaiheessa.fi\/ammattiopisto\/?page_id=524"},"modified":"2026-02-25T10:53:56","modified_gmt":"2026-02-25T08:53:56","slug":"tyoelamapalaute","status":"publish","type":"page","link":"https:\/\/www.kktavastia.fi\/ammattiopisto\/tyoelamalle\/tyoelamapalaute\/","title":{"rendered":"Ty\u00f6el\u00e4m\u00e4palaute"},"content":{"rendered":"\n<p class=\"is-style-ingress\">Ammatillisessa koulutuksessa ker\u00e4t\u00e4\u00e4n valtakunnallista ty\u00f6el\u00e4m\u00e4palautetta, jonka tarkoituksena on saada ty\u00f6el\u00e4m\u00e4n kokemuksia oppilaitoksen palveluista liittyen koulutussopimuksen ja oppisopimuksen laatuun.&nbsp;Palautteen m\u00e4\u00e4r\u00e4 ja keskiarvo vaikuttavat oppilaitoksen saamaan rahoitukseen.&nbsp;<\/p>\n\n\n\n<p>Palautekysymysten teemat ovat asiakasl\u00e4ht\u00f6isyys, sopimusprosessi, ohjaus ja tuki sek\u00e4 vaikuttavuus ja laatu.&nbsp;&nbsp;<\/p>\n\n\n\n<p>Ty\u00f6el\u00e4m\u00e4palautteita on kaksi:<\/p>\n\n\n\n<ul class=\"wp-block-list\">\n<li>Ty\u00f6paikkakysely l\u00e4hetet\u00e4\u00e4n kaksi kertaa vuodessa koulutus- ja oppisopimuksia tehneille ty\u00f6nantajille.&nbsp;Vastauslinkki l\u00e4hetet\u00e4\u00e4n oppilaitoksesta tammi-helmikuussa ja hein\u00e4-elokuussa.<\/li>\n\n\n\n<li>Ty\u00f6paikkaohjaajakysely l\u00e4hetet\u00e4\u00e4n Opetushallituksesta automaattisesti koulutus- tai oppisopimuksessa mainitulle vastuulliselle ty\u00f6paikkaohjaajalle\u00a0kerran kuukaudessa kuukauden 1. p\u00e4iv\u00e4n\u00e4, jos sit\u00e4 edelt\u00e4v\u00e4n kuukauden aikana on p\u00e4\u00e4ttynyt ty\u00f6paikkajaksoja. Jos ty\u00f6paikkajaksoja ei p\u00e4\u00e4ty, kysely\u00e4 ei l\u00e4hetet\u00e4<\/li>\n<\/ul>\n\n\n\n<p>Ty\u00f6el\u00e4m\u00e4palaute on osa Ammattiopisto Tavastian laatuj\u00e4rjestelm\u00e4\u00e4. K\u00e4sittelemme saamamme palautteet&nbsp;yhteisesti ja tutkintokohtaisesti.&nbsp;Kehit\u00e4mme niiden&nbsp;perusteella&nbsp;toimintaamme.<\/p>\n\n\n\n<h3 class=\"wp-block-heading\">Ty\u00f6el\u00e4m\u00e4palautteiden tulokset&nbsp;<\/h3>\n\n\n\n<p>Ammattiopisto Tavastian ty\u00f6el\u00e4m\u00e4palautteiden keskiarvot laskivat hieman edellisest\u00e4 vuodesta.<\/p>\n\n\n\n<p><strong>Ty\u00f6paikkakysely 1.7.2024\u201330.6.2025<\/strong><br><br>Ty\u00f6paikkakysely toteutetaan kaksi kertaa vuodessa koulutus- ja oppisopimusten yhteyshenkil\u00f6ille l\u00e4hetett\u00e4v\u00e4ll\u00e4 kyselyll\u00e4. Ammattiopisto Tavastian kyselyn vastausprosentti oli 33. Se oli noin kaksi prosenttiyksikk\u00f6\u00e4 alhaisempi kuin valtakunnallinen vastausprosentti.<br><br>Ammattiopisto Tavastian vastausten keskiarvo oli 3,98\/5,00. Keskiarvo laski noin kahdella kymmenyksell\u00e4 edellisvuoden kyselyst\u00e4 (4,21). Tavastian keskiarvo oli hieman matalampi kuin valtakunnallinen (4,15). Ty\u00f6paikkakyselyss\u00e4 oli t\u00e4n\u00e4 vuonna 11 v\u00e4itett\u00e4. Aiempaan verrattuna uutena kysymyksen\u00e4 kyselyyn oli nostettu kest\u00e4v\u00e4\u00e4n kehitykseen ja vastuullisuuteen liittyv\u00e4 kysymys. Kaikkien vertailtavissa olevien kymmenen v\u00e4itteen osalta Tavastiassa oli laskua edellisest\u00e4 vuodesta.<br><br>Tyytyv\u00e4isimpi\u00e4 ty\u00f6el\u00e4m\u00e4 oli v\u00e4itteisiin:<\/p>\n\n\n\n<ul class=\"wp-block-list\">\n<li>Voimme suositella oppisopimus- ja koulutussopimusyhteisty\u00f6t\u00e4 oppilaitoksen kanssa (4,35)<\/li>\n\n\n\n<li>Yhteisty\u00f6 oppilaitoksen kanssa oli sujuvaa (4,30)<\/li>\n<\/ul>\n\n\n\n<p>Kyselyn perusteella ty\u00f6el\u00e4m\u00e4 kokee, ett\u00e4 yritysten osaamisen kehitt\u00e4mistarpeiden ennakoinnissa olisi Ammattiopisto Tavastiassa kehitt\u00e4misen varaa.<br><br><strong>Ty\u00f6paikkaohjaajakysely 1.7.2024\u201330.6.2025<\/strong><br><br>Ty\u00f6paikkaohjaajakysely toteutetaan siten, ett\u00e4 ty\u00f6paikkaohjaajat saavat kyselyn kunkin opiskelijan ty\u00f6paikkajakson p\u00e4\u00e4ttyess\u00e4. Ammattiopisto Tavastian vastausprosentti oli 27,0. Se oli hieman parempi kuin valtakunnallinen (24,9).<br><br>Ammattiopisto Tavastian vastausten keskiarvo oli 4,24\/5,00. Keskiarvo oli hyvin samalla tasolla kuin edellisvuoden tulos (4,27.) Keskiarvo oli t\u00e4sm\u00e4lleen sama kuin valtakunnallinen (4,24) Ty\u00f6paikkaohjaajakyselyss\u00e4 on 10 v\u00e4itett\u00e4. Kaikkien v\u00e4itteiden osalta tulokset noudattivat suunnilleen edellisvuoden tuloksia.<\/p>\n\n\n\n<p>Tyytyv\u00e4isimpi\u00e4 ty\u00f6paikkaohjaajat olivat v\u00e4itteisiin:<\/p>\n\n\n\n<ul class=\"wp-block-list\">\n<li>N\u00e4yt\u00f6n toteutus yhteisty\u00f6ss\u00e4 oppilaitoksen kanssa onnistui hyvin (4,53)<\/li>\n\n\n\n<li>Yhteisty\u00f6 oppilaitoksen kanssa oli sujuvaa (4,42)<br><\/li>\n<\/ul>\n\n\n\n<p>Vaikka ty\u00f6paikkaohjaajat ovat keskim\u00e4\u00e4rin tyytyv\u00e4isi\u00e4 kaikkien 10 v\u00e4itteen osalta, tutkintojen v\u00e4lill\u00e4 on eroja. Tavastiassa tehd\u00e4\u00e4n ty\u00f6paikkaohjaajien palautteiden perusteella tutkintokohtaisia kehitt\u00e4mistoimenpiteit\u00e4. Ty\u00f6paikkaohjaajia kannustetaan suorittamaan ty\u00f6paikkaohjaajakoulutus.<br><br>Kiitos kaikille palautetta antaneelle!<br><br><strong>Opiskelijapalaute<\/strong><br><br>Opiskelijat vastaavat valtakunnalliseen opiskelijakyselyyn kaksi kertaa opintojensa aikana, opintojen aloitus- ja p\u00e4\u00e4tt\u00f6vaiheessa. P\u00e4\u00e4tt\u00f6vaiheessa opiskelijat antavat eritt\u00e4in hyv\u00e4\u00e4 palautetta ty\u00f6el\u00e4m\u00e4ss\u00e4 oppimisestaan. Opiskelijapalautteen perusteella yhteisty\u00f6 ty\u00f6el\u00e4m\u00e4n kanssa toimii eritt\u00e4in hyvin.<br><br>Ty\u00f6el\u00e4m\u00e4ss\u00e4 oppimiseen liittyv\u00e4t v\u00e4itteet ja niiden keskiarvot:<\/p>\n\n\n\n<ul class=\"wp-block-list\">\n<li>Osallistuin n\u00e4yt\u00f6n\/n\u00e4ytt\u00f6jen suunnitteluun (4,5\/5,0)<\/li>\n\n\n\n<li>Ty\u00f6teht\u00e4v\u00e4t, joissa suoritin n\u00e4ytt\u00f6ni, vastasivat todellisia ty\u00f6el\u00e4m\u00e4n teht\u00e4vi\u00e4 (4,6\/5,0)<\/li>\n\n\n\n<li>Osaamiseni arvioitiin osaamisen arviointikriteerien mukaisesti (4,6\/5,0)<\/li>\n\n\n\n<li>Arvioijani olivat ammattitaitoisia ja asiantuntevia (4,6\/5,0)<\/li>\n<\/ul>\n\n\n\n<p>Valtakunnallinen palaute l\u00f6ytyy osoitteesta&nbsp;<a href=\"https:\/\/vipunen.fi\/fi-fi\" target=\"_blank\" rel=\"noreferrer noopener\">vipunen.fi<\/a><\/p>\n\n\n\n<p><\/p>\n","protected":false},"excerpt":{"rendered":"<p>Ammatillisessa koulutuksessa ker\u00e4t\u00e4\u00e4n valtakunnallista ty\u00f6el\u00e4m\u00e4palautetta, jonka tarkoituksena on saada ty\u00f6el\u00e4m\u00e4n kokemuksia oppilaitoksen palveluista liittyen koulutussopimuksen ja oppisopimuksen laatuun.&nbsp;Palautteen m\u00e4\u00e4r\u00e4 ja [&hellip;]<\/p>\n","protected":false},"author":6,"featured_media":0,"parent":105,"menu_order":6,"comment_status":"closed","ping_status":"closed","template":"","meta":{"_acf_changed":false,"_relevanssi_hide_post":"","_relevanssi_hide_content":"","_relevanssi_pin_for_all":"","_relevanssi_pin_keywords":"","_relevanssi_unpin_keywords":"","_relevanssi_related_keywords":"","_relevanssi_related_include_ids":"","_relevanssi_related_exclude_ids":"","_relevanssi_related_no_append":"","_relevanssi_related_not_related":"","_relevanssi_related_posts":"105,38310,115,132,193,14004","_relevanssi_noindex_reason":"","footnotes":""},"class_list":["post-524","page","type-page","status-publish","hentry"],"acf":[],"yoast_head":"<title>Ty\u00f6el\u00e4m\u00e4palaute | Ammattiopisto Tavastia | Palautekyselyyn<\/title>\n<meta name=\"description\" content=\"Ty\u00f6el\u00e4m\u00e4palaute on Ammattiopisto Tavastialle t\u00e4rke\u00e4\u00e4. Ker\u00e4\u00e4mme palautetta opintojen ja TJK-jaksojen kehitt\u00e4miseksi.\" \/>\n<meta name=\"robots\" content=\"index, follow, max-snippet:-1, max-image-preview:large, max-video-preview:-1\" \/>\n<link rel=\"canonical\" href=\"https:\/\/www.kktavastia.fi\/ammattiopisto\/tyoelamalle\/tyoelamapalaute\/\" \/>\n<meta property=\"og:locale\" content=\"fi_FI\" \/>\n<meta property=\"og:type\" content=\"article\" \/>\n<meta property=\"og:title\" content=\"Ty\u00f6el\u00e4m\u00e4palaute | Ammattiopisto Tavastia | Palautekyselyyn\" \/>\n<meta property=\"og:description\" content=\"Ty\u00f6el\u00e4m\u00e4palaute on Ammattiopisto Tavastialle t\u00e4rke\u00e4\u00e4. Ker\u00e4\u00e4mme palautetta opintojen ja TJK-jaksojen kehitt\u00e4miseksi.\" \/>\n<meta property=\"og:url\" content=\"https:\/\/www.kktavastia.fi\/ammattiopisto\/tyoelamalle\/tyoelamapalaute\/\" \/>\n<meta property=\"og:site_name\" content=\"Ammattiopisto Tavastia\" \/>\n<meta property=\"article:modified_time\" content=\"2026-02-25T08:53:56+00:00\" \/>\n<meta name=\"twitter:card\" content=\"summary_large_image\" \/>\n<script type=\"application\/ld+json\" class=\"yoast-schema-graph\">{\"@context\":\"https:\\\/\\\/schema.org\",\"@graph\":[{\"@type\":\"WebPage\",\"@id\":\"https:\\\/\\\/www.kktavastia.fi\\\/ammattiopisto\\\/tyoelamalle\\\/tyoelamapalaute\\\/\",\"url\":\"https:\\\/\\\/www.kktavastia.fi\\\/ammattiopisto\\\/tyoelamalle\\\/tyoelamapalaute\\\/\",\"name\":\"Ty\u00f6el\u00e4m\u00e4palaute | Ammattiopisto Tavastia | Palautekyselyyn\",\"isPartOf\":{\"@id\":\"https:\\\/\\\/www.kktavastia.fi\\\/ammattiopisto\\\/#website\"},\"datePublished\":\"2020-12-10T11:15:46+00:00\",\"dateModified\":\"2026-02-25T08:53:56+00:00\",\"description\":\"Ty\u00f6el\u00e4m\u00e4palaute on Ammattiopisto Tavastialle t\u00e4rke\u00e4\u00e4. Ker\u00e4\u00e4mme palautetta opintojen ja TJK-jaksojen kehitt\u00e4miseksi.\",\"breadcrumb\":{\"@id\":\"https:\\\/\\\/www.kktavastia.fi\\\/ammattiopisto\\\/tyoelamalle\\\/tyoelamapalaute\\\/#breadcrumb\"},\"inLanguage\":\"fi\",\"potentialAction\":[{\"@type\":\"ReadAction\",\"target\":[\"https:\\\/\\\/www.kktavastia.fi\\\/ammattiopisto\\\/tyoelamalle\\\/tyoelamapalaute\\\/\"]}]},{\"@type\":\"BreadcrumbList\",\"@id\":\"https:\\\/\\\/www.kktavastia.fi\\\/ammattiopisto\\\/tyoelamalle\\\/tyoelamapalaute\\\/#breadcrumb\",\"itemListElement\":[{\"@type\":\"ListItem\",\"position\":1,\"name\":\"Home\",\"item\":\"https:\\\/\\\/www.kktavastia.fi\\\/ammattiopisto\\\/\"},{\"@type\":\"ListItem\",\"position\":2,\"name\":\"Ty\u00f6el\u00e4m\u00e4lle\",\"item\":\"https:\\\/\\\/www.kktavastia.fi\\\/ammattiopisto\\\/tyoelamalle\\\/\"},{\"@type\":\"ListItem\",\"position\":3,\"name\":\"Ty\u00f6el\u00e4m\u00e4palaute\"}]},{\"@type\":\"WebSite\",\"@id\":\"https:\\\/\\\/www.kktavastia.fi\\\/ammattiopisto\\\/#website\",\"url\":\"https:\\\/\\\/www.kktavastia.fi\\\/ammattiopisto\\\/\",\"name\":\"Ammattiopisto Tavastia\",\"description\":\"\",\"potentialAction\":[{\"@type\":\"SearchAction\",\"target\":{\"@type\":\"EntryPoint\",\"urlTemplate\":\"https:\\\/\\\/www.kktavastia.fi\\\/ammattiopisto\\\/?s={search_term_string}\"},\"query-input\":{\"@type\":\"PropertyValueSpecification\",\"valueRequired\":true,\"valueName\":\"search_term_string\"}}],\"inLanguage\":\"fi\"}]}<\/script>","yoast_head_json":{"title":"Ty\u00f6el\u00e4m\u00e4palaute | Ammattiopisto Tavastia | Palautekyselyyn","description":"Ty\u00f6el\u00e4m\u00e4palaute on Ammattiopisto Tavastialle t\u00e4rke\u00e4\u00e4. Ker\u00e4\u00e4mme palautetta opintojen ja TJK-jaksojen kehitt\u00e4miseksi.","robots":{"index":"index","follow":"follow","max-snippet":"max-snippet:-1","max-image-preview":"max-image-preview:large","max-video-preview":"max-video-preview:-1"},"canonical":"https:\/\/www.kktavastia.fi\/ammattiopisto\/tyoelamalle\/tyoelamapalaute\/","og_locale":"fi_FI","og_type":"article","og_title":"Ty\u00f6el\u00e4m\u00e4palaute | Ammattiopisto Tavastia | Palautekyselyyn","og_description":"Ty\u00f6el\u00e4m\u00e4palaute on Ammattiopisto Tavastialle t\u00e4rke\u00e4\u00e4. Ker\u00e4\u00e4mme palautetta opintojen ja TJK-jaksojen kehitt\u00e4miseksi.","og_url":"https:\/\/www.kktavastia.fi\/ammattiopisto\/tyoelamalle\/tyoelamapalaute\/","og_site_name":"Ammattiopisto Tavastia","article_modified_time":"2026-02-25T08:53:56+00:00","twitter_card":"summary_large_image","schema":{"@context":"https:\/\/schema.org","@graph":[{"@type":"WebPage","@id":"https:\/\/www.kktavastia.fi\/ammattiopisto\/tyoelamalle\/tyoelamapalaute\/","url":"https:\/\/www.kktavastia.fi\/ammattiopisto\/tyoelamalle\/tyoelamapalaute\/","name":"Ty\u00f6el\u00e4m\u00e4palaute | Ammattiopisto Tavastia | Palautekyselyyn","isPartOf":{"@id":"https:\/\/www.kktavastia.fi\/ammattiopisto\/#website"},"datePublished":"2020-12-10T11:15:46+00:00","dateModified":"2026-02-25T08:53:56+00:00","description":"Ty\u00f6el\u00e4m\u00e4palaute on Ammattiopisto Tavastialle t\u00e4rke\u00e4\u00e4. Ker\u00e4\u00e4mme palautetta opintojen ja TJK-jaksojen kehitt\u00e4miseksi.","breadcrumb":{"@id":"https:\/\/www.kktavastia.fi\/ammattiopisto\/tyoelamalle\/tyoelamapalaute\/#breadcrumb"},"inLanguage":"fi","potentialAction":[{"@type":"ReadAction","target":["https:\/\/www.kktavastia.fi\/ammattiopisto\/tyoelamalle\/tyoelamapalaute\/"]}]},{"@type":"BreadcrumbList","@id":"https:\/\/www.kktavastia.fi\/ammattiopisto\/tyoelamalle\/tyoelamapalaute\/#breadcrumb","itemListElement":[{"@type":"ListItem","position":1,"name":"Home","item":"https:\/\/www.kktavastia.fi\/ammattiopisto\/"},{"@type":"ListItem","position":2,"name":"Ty\u00f6el\u00e4m\u00e4lle","item":"https:\/\/www.kktavastia.fi\/ammattiopisto\/tyoelamalle\/"},{"@type":"ListItem","position":3,"name":"Ty\u00f6el\u00e4m\u00e4palaute"}]},{"@type":"WebSite","@id":"https:\/\/www.kktavastia.fi\/ammattiopisto\/#website","url":"https:\/\/www.kktavastia.fi\/ammattiopisto\/","name":"Ammattiopisto Tavastia","description":"","potentialAction":[{"@type":"SearchAction","target":{"@type":"EntryPoint","urlTemplate":"https:\/\/www.kktavastia.fi\/ammattiopisto\/?s={search_term_string}"},"query-input":{"@type":"PropertyValueSpecification","valueRequired":true,"valueName":"search_term_string"}}],"inLanguage":"fi"}]}},"_links":{"self":[{"href":"https:\/\/www.kktavastia.fi\/ammattiopisto\/wp-json\/wp\/v2\/pages\/524","targetHints":{"allow":["GET"]}}],"collection":[{"href":"https:\/\/www.kktavastia.fi\/ammattiopisto\/wp-json\/wp\/v2\/pages"}],"about":[{"href":"https:\/\/www.kktavastia.fi\/ammattiopisto\/wp-json\/wp\/v2\/types\/page"}],"author":[{"embeddable":true,"href":"https:\/\/www.kktavastia.fi\/ammattiopisto\/wp-json\/wp\/v2\/users\/6"}],"replies":[{"embeddable":true,"href":"https:\/\/www.kktavastia.fi\/ammattiopisto\/wp-json\/wp\/v2\/comments?post=524"}],"version-history":[{"count":24,"href":"https:\/\/www.kktavastia.fi\/ammattiopisto\/wp-json\/wp\/v2\/pages\/524\/revisions"}],"predecessor-version":[{"id":146655,"href":"https:\/\/www.kktavastia.fi\/ammattiopisto\/wp-json\/wp\/v2\/pages\/524\/revisions\/146655"}],"up":[{"embeddable":true,"href":"https:\/\/www.kktavastia.fi\/ammattiopisto\/wp-json\/wp\/v2\/pages\/105"}],"wp:attachment":[{"href":"https:\/\/www.kktavastia.fi\/ammattiopisto\/wp-json\/wp\/v2\/media?parent=524"}],"curies":[{"name":"wp","href":"https:\/\/api.w.org\/{rel}","templated":true}]}}