{"id":516,"date":"2020-12-10T13:02:45","date_gmt":"2020-12-10T11:02:45","guid":{"rendered":"https:\/\/kktavastia.vaiheessa.fi\/ammattiopisto\/?page_id=516"},"modified":"2024-07-03T13:50:40","modified_gmt":"2024-07-03T10:50:40","slug":"tutkinto-ilman-koulutusta","status":"publish","type":"page","link":"https:\/\/www.kktavastia.fi\/ammattiopisto\/tutkinnot\/tutkinto-ilman-koulutusta\/","title":{"rendered":"Tutkinto ilman koulutusta"},"content":{"rendered":"\n<p class=\"is-style-ingress\">Ammatillisessa tutkinnossa tarvittavaa osaamista voi hankkia monella tavalla, ja tutkinnon suorittamiseen kuluva aika on yksil\u00f6llist\u00e4.<\/p>\n\n\n\n<p>Ammatillisia tutkintoja ovat perus-, ammatti- ja erikoisammattitutkinnot. <\/p>\n\n\n\n<figure class=\"wp-block-table\"><table><tbody><tr><td><strong>Perustutkinnot<\/strong><\/td><td><strong>Ammattitutkinnot<\/strong><\/td><td><strong>Erikoisammattitutkinnot<\/strong><\/td><\/tr><tr><td>180 osp<\/td><td>120, 150 tai 180 osp<\/td><td>160, 180 tai 210 osp&nbsp;<\/td><\/tr><tr><td>ammatilliset tutkinnon osat 145 osp&nbsp;<\/td><td>ammatilliset tutkinnon osat&nbsp;<\/td><td>ammatilliset tutkinnon osat&nbsp;<\/td><\/tr><tr><td>yhteiset tutkinnot osat 35 osp&nbsp;<\/td><td><\/td><td><\/td><\/tr><\/tbody><\/table><figcaption class=\"wp-element-caption\">osp = osaamispiste<\/figcaption><\/figure>\n\n\n\n<p>Osaamispiste ei ole sidottu aikaan, joten tutkinnon suorittamiseen kuluva aika on yksil\u00f6llinen. Kaikille tutkintoa suorittaville laaditaan henkil\u00f6kohtainen osaamisen kehitt\u00e4missuunnitelma (HOKS), jossa selvitet\u00e4\u00e4n aiemmin hankittu osaaminen, m\u00e4\u00e4ritell\u00e4\u00e4n suoritettavat tutkinnon osat, suorittamistavat sek\u00e4 suunnitellaan tutkintokoulutuksen pituus.<\/p>\n\n\n\n<h3 class=\"wp-block-heading\">Tutkinnon suorittaminen ilman tutkintokoulutusta<\/h3>\n\n\n\n<p>Perus-, ammatti- ja erikoisammattitutkinnon tai niiden osan\/osia voi suorittaa ilman tutkintokoulutusta. Jos sinulla on tutkinnossa vaadittava osaaminen, sinun ei tarvitse osallistua koulutukseen. Olet voinut hankkia osaamisesi koulutuksen lis\u00e4ksi ty\u00f6el\u00e4m\u00e4ss\u00e4 tai harrastustoiminnassa. Voit hakea osoittamaan osaamisesi suoraan n\u00e4yt\u00f6ll\u00e4. Tutustu tutkinnon perusteisiin <a href=\"https:\/\/eperusteet.opintopolku.fi\/#\/fi\/selaus\/kooste\/ammatillinenkoulutus?hakutyyppi=perusteet\" target=\"_blank\" rel=\"noreferrer noopener\">Opintopolun ePerusteissa<\/a>.<\/p>\n\n\n\n<h4 class=\"wp-block-heading\">Kysy lis\u00e4\u00e4:<\/h4>\n\n\n\n<ul class=\"wp-block-list\">\n<li>Ohjauspiste, puh. 03 6581 500,\u00a0<a href=\"mailto:ohjauspiste@kktavastia.fi\"><strong>ohjauspiste@kktavastia.fi<\/strong><\/a><\/li>\n<\/ul>\n\n\n\n<div class=\"wp-block-buttons is-layout-flex wp-block-buttons-is-layout-flex\">\n<div class=\"wp-block-button\"><a class=\"wp-block-button__link wp-element-button\" href=\"https:\/\/eperusteet.opintopolku.fi\/#\/fi\" target=\"_blank\" rel=\"noreferrer noopener\">Tutustu tutkintojen perusteisiin<\/a><\/div>\n<\/div>\n\n\n\n<p><\/p>\n","protected":false},"excerpt":{"rendered":"<p>Ammatillisessa tutkinnossa tarvittavaa osaamista voi hankkia monella tavalla, ja tutkinnon suorittamiseen kuluva aika on yksil\u00f6llist\u00e4. Ammatillisia tutkintoja ovat perus-, ammatti- [&hellip;]<\/p>\n","protected":false},"author":6,"featured_media":0,"parent":11,"menu_order":5,"comment_status":"closed","ping_status":"closed","template":"","meta":{"_acf_changed":false,"_relevanssi_hide_post":"","_relevanssi_hide_content":"","_relevanssi_pin_for_all":"","_relevanssi_pin_keywords":"","_relevanssi_unpin_keywords":"","_relevanssi_related_keywords":"","_relevanssi_related_include_ids":"","_relevanssi_related_exclude_ids":"","_relevanssi_related_no_append":"","_relevanssi_related_not_related":"","_relevanssi_related_posts":"","_relevanssi_noindex_reason":"","footnotes":""},"class_list":["post-516","page","type-page","status-publish","hentry"],"acf":[],"yoast_head":"<title>Tutkinto ilman koulutusta | Ammattiopisto Tavastia | Suorita tutkinto<\/title>\n<meta name=\"description\" content=\"Tutkinnon suorittaminen Ammattiopisto Tavastiassa on joustavaa. Voit suorittaa tutkinnon ilman tutkintokoulutusta suoraan n\u00e4yt\u00f6ill\u00e4.\" \/>\n<meta name=\"robots\" content=\"index, follow, max-snippet:-1, max-image-preview:large, max-video-preview:-1\" \/>\n<link rel=\"canonical\" href=\"https:\/\/www.kktavastia.fi\/ammattiopisto\/tutkinnot\/tutkinto-ilman-koulutusta\/\" \/>\n<meta property=\"og:locale\" content=\"fi_FI\" \/>\n<meta property=\"og:type\" content=\"article\" \/>\n<meta property=\"og:title\" content=\"Tutkinto ilman koulutusta | Ammattiopisto Tavastia | Suorita tutkinto\" \/>\n<meta property=\"og:description\" content=\"Tutkinnon suorittaminen Ammattiopisto Tavastiassa on joustavaa. Voit suorittaa tutkinnon ilman tutkintokoulutusta suoraan n\u00e4yt\u00f6ill\u00e4.\" \/>\n<meta property=\"og:url\" content=\"https:\/\/www.kktavastia.fi\/ammattiopisto\/tutkinnot\/tutkinto-ilman-koulutusta\/\" \/>\n<meta property=\"og:site_name\" content=\"Ammattiopisto Tavastia\" \/>\n<meta property=\"article:modified_time\" content=\"2024-07-03T10:50:40+00:00\" \/>\n<meta name=\"twitter:card\" content=\"summary_large_image\" \/>\n<script type=\"application\/ld+json\" class=\"yoast-schema-graph\">{\"@context\":\"https:\\\/\\\/schema.org\",\"@graph\":[{\"@type\":\"WebPage\",\"@id\":\"https:\\\/\\\/www.kktavastia.fi\\\/ammattiopisto\\\/tutkinnot\\\/tutkinto-ilman-koulutusta\\\/\",\"url\":\"https:\\\/\\\/www.kktavastia.fi\\\/ammattiopisto\\\/tutkinnot\\\/tutkinto-ilman-koulutusta\\\/\",\"name\":\"Tutkinto ilman koulutusta | Ammattiopisto Tavastia | Suorita tutkinto\",\"isPartOf\":{\"@id\":\"https:\\\/\\\/www.kktavastia.fi\\\/ammattiopisto\\\/#website\"},\"datePublished\":\"2020-12-10T11:02:45+00:00\",\"dateModified\":\"2024-07-03T10:50:40+00:00\",\"description\":\"Tutkinnon suorittaminen Ammattiopisto Tavastiassa on joustavaa. Voit suorittaa tutkinnon ilman tutkintokoulutusta suoraan n\u00e4yt\u00f6ill\u00e4.\",\"breadcrumb\":{\"@id\":\"https:\\\/\\\/www.kktavastia.fi\\\/ammattiopisto\\\/tutkinnot\\\/tutkinto-ilman-koulutusta\\\/#breadcrumb\"},\"inLanguage\":\"fi\",\"potentialAction\":[{\"@type\":\"ReadAction\",\"target\":[\"https:\\\/\\\/www.kktavastia.fi\\\/ammattiopisto\\\/tutkinnot\\\/tutkinto-ilman-koulutusta\\\/\"]}]},{\"@type\":\"BreadcrumbList\",\"@id\":\"https:\\\/\\\/www.kktavastia.fi\\\/ammattiopisto\\\/tutkinnot\\\/tutkinto-ilman-koulutusta\\\/#breadcrumb\",\"itemListElement\":[{\"@type\":\"ListItem\",\"position\":1,\"name\":\"Home\",\"item\":\"https:\\\/\\\/www.kktavastia.fi\\\/ammattiopisto\\\/\"},{\"@type\":\"ListItem\",\"position\":2,\"name\":\"Tutkinnot ja koulutukset\",\"item\":\"https:\\\/\\\/www.kktavastia.fi\\\/ammattiopisto\\\/tutkinnot\\\/\"},{\"@type\":\"ListItem\",\"position\":3,\"name\":\"Tutkinto ilman koulutusta\"}]},{\"@type\":\"WebSite\",\"@id\":\"https:\\\/\\\/www.kktavastia.fi\\\/ammattiopisto\\\/#website\",\"url\":\"https:\\\/\\\/www.kktavastia.fi\\\/ammattiopisto\\\/\",\"name\":\"Ammattiopisto Tavastia\",\"description\":\"\",\"potentialAction\":[{\"@type\":\"SearchAction\",\"target\":{\"@type\":\"EntryPoint\",\"urlTemplate\":\"https:\\\/\\\/www.kktavastia.fi\\\/ammattiopisto\\\/?s={search_term_string}\"},\"query-input\":{\"@type\":\"PropertyValueSpecification\",\"valueRequired\":true,\"valueName\":\"search_term_string\"}}],\"inLanguage\":\"fi\"}]}<\/script>","yoast_head_json":{"title":"Tutkinto ilman koulutusta | Ammattiopisto Tavastia | Suorita tutkinto","description":"Tutkinnon suorittaminen Ammattiopisto Tavastiassa on joustavaa. Voit suorittaa tutkinnon ilman tutkintokoulutusta suoraan n\u00e4yt\u00f6ill\u00e4.","robots":{"index":"index","follow":"follow","max-snippet":"max-snippet:-1","max-image-preview":"max-image-preview:large","max-video-preview":"max-video-preview:-1"},"canonical":"https:\/\/www.kktavastia.fi\/ammattiopisto\/tutkinnot\/tutkinto-ilman-koulutusta\/","og_locale":"fi_FI","og_type":"article","og_title":"Tutkinto ilman koulutusta | Ammattiopisto Tavastia | Suorita tutkinto","og_description":"Tutkinnon suorittaminen Ammattiopisto Tavastiassa on joustavaa. Voit suorittaa tutkinnon ilman tutkintokoulutusta suoraan n\u00e4yt\u00f6ill\u00e4.","og_url":"https:\/\/www.kktavastia.fi\/ammattiopisto\/tutkinnot\/tutkinto-ilman-koulutusta\/","og_site_name":"Ammattiopisto Tavastia","article_modified_time":"2024-07-03T10:50:40+00:00","twitter_card":"summary_large_image","schema":{"@context":"https:\/\/schema.org","@graph":[{"@type":"WebPage","@id":"https:\/\/www.kktavastia.fi\/ammattiopisto\/tutkinnot\/tutkinto-ilman-koulutusta\/","url":"https:\/\/www.kktavastia.fi\/ammattiopisto\/tutkinnot\/tutkinto-ilman-koulutusta\/","name":"Tutkinto ilman koulutusta | Ammattiopisto Tavastia | Suorita tutkinto","isPartOf":{"@id":"https:\/\/www.kktavastia.fi\/ammattiopisto\/#website"},"datePublished":"2020-12-10T11:02:45+00:00","dateModified":"2024-07-03T10:50:40+00:00","description":"Tutkinnon suorittaminen Ammattiopisto Tavastiassa on joustavaa. Voit suorittaa tutkinnon ilman tutkintokoulutusta suoraan n\u00e4yt\u00f6ill\u00e4.","breadcrumb":{"@id":"https:\/\/www.kktavastia.fi\/ammattiopisto\/tutkinnot\/tutkinto-ilman-koulutusta\/#breadcrumb"},"inLanguage":"fi","potentialAction":[{"@type":"ReadAction","target":["https:\/\/www.kktavastia.fi\/ammattiopisto\/tutkinnot\/tutkinto-ilman-koulutusta\/"]}]},{"@type":"BreadcrumbList","@id":"https:\/\/www.kktavastia.fi\/ammattiopisto\/tutkinnot\/tutkinto-ilman-koulutusta\/#breadcrumb","itemListElement":[{"@type":"ListItem","position":1,"name":"Home","item":"https:\/\/www.kktavastia.fi\/ammattiopisto\/"},{"@type":"ListItem","position":2,"name":"Tutkinnot ja koulutukset","item":"https:\/\/www.kktavastia.fi\/ammattiopisto\/tutkinnot\/"},{"@type":"ListItem","position":3,"name":"Tutkinto ilman koulutusta"}]},{"@type":"WebSite","@id":"https:\/\/www.kktavastia.fi\/ammattiopisto\/#website","url":"https:\/\/www.kktavastia.fi\/ammattiopisto\/","name":"Ammattiopisto Tavastia","description":"","potentialAction":[{"@type":"SearchAction","target":{"@type":"EntryPoint","urlTemplate":"https:\/\/www.kktavastia.fi\/ammattiopisto\/?s={search_term_string}"},"query-input":{"@type":"PropertyValueSpecification","valueRequired":true,"valueName":"search_term_string"}}],"inLanguage":"fi"}]}},"_links":{"self":[{"href":"https:\/\/www.kktavastia.fi\/ammattiopisto\/wp-json\/wp\/v2\/pages\/516","targetHints":{"allow":["GET"]}}],"collection":[{"href":"https:\/\/www.kktavastia.fi\/ammattiopisto\/wp-json\/wp\/v2\/pages"}],"about":[{"href":"https:\/\/www.kktavastia.fi\/ammattiopisto\/wp-json\/wp\/v2\/types\/page"}],"author":[{"embeddable":true,"href":"https:\/\/www.kktavastia.fi\/ammattiopisto\/wp-json\/wp\/v2\/users\/6"}],"replies":[{"embeddable":true,"href":"https:\/\/www.kktavastia.fi\/ammattiopisto\/wp-json\/wp\/v2\/comments?post=516"}],"version-history":[{"count":18,"href":"https:\/\/www.kktavastia.fi\/ammattiopisto\/wp-json\/wp\/v2\/pages\/516\/revisions"}],"predecessor-version":[{"id":41359,"href":"https:\/\/www.kktavastia.fi\/ammattiopisto\/wp-json\/wp\/v2\/pages\/516\/revisions\/41359"}],"up":[{"embeddable":true,"href":"https:\/\/www.kktavastia.fi\/ammattiopisto\/wp-json\/wp\/v2\/pages\/11"}],"wp:attachment":[{"href":"https:\/\/www.kktavastia.fi\/ammattiopisto\/wp-json\/wp\/v2\/media?parent=516"}],"curies":[{"name":"wp","href":"https:\/\/api.w.org\/{rel}","templated":true}]}}