{"id":496,"date":"2020-12-10T12:44:02","date_gmt":"2020-12-10T10:44:02","guid":{"rendered":"https:\/\/kktavastia.vaiheessa.fi\/ammattiopisto\/?page_id=496"},"modified":"2026-03-27T13:17:36","modified_gmt":"2026-03-27T11:17:36","slug":"opiskelijat-oppimaan-tyoelamaan","status":"publish","type":"page","link":"https:\/\/www.kktavastia.fi\/ammattiopisto\/tyoelamalle\/opiskelijat-oppimaan-tyoelamaan\/","title":{"rendered":"Opiskelijat oppimaan ty\u00f6el\u00e4m\u00e4\u00e4n"},"content":{"rendered":"\n<p class=\"is-style-ingress\">Ammatillisten tutkintojen opiskelusta on merkitt\u00e4v\u00e4 osa ty\u00f6paikalla j\u00e4rjestett\u00e4v\u00e4\u00e4 koulutusta (TJK). T\u00e4m\u00e4 tarkoittaa k\u00e4yt\u00e4nn\u00f6n ty\u00f6teht\u00e4vien yhteydess\u00e4 j\u00e4rjestett\u00e4v\u00e4\u00e4 koulutusta, joka voidaan toteuttaa oppisopimuksella tai koulutussopimuksella. Osaamisen arviointi eli n\u00e4yt\u00f6t toteutetaan useimmiten ty\u00f6paikalla j\u00e4rjestett\u00e4v\u00e4n koulutuksen yhteydess\u00e4.<\/p>\n\n\n\n<section class=\"block block-image-content-upsell right-image\">\n  <div class=\"container\">\n\n    <div class=\"cols\">\n      <div class=\"col col-content\">\n        <div class=\"content content-dark\">\n          <h3>Ty\u00f6el\u00e4m\u00e4ss\u00e4 oppimisen opas<\/h3>\n          <p>Ty\u00f6el\u00e4m\u00e4n ja Ammattiopisto Tavastian yhteisty\u00f6n kuviot.<\/p>\n                      <a href=\"https:\/\/aineisto.kktavastia.fi\/AT\/Ty\u00f6el\u00e4m\u00e4ss\u00e4-oppiminen-opas-2026\/index.html\" class=\"button button-light\">Lue lis\u00e4\u00e4<svg xmlns=\"http:\/\/www.w3.org\/2000\/svg\" width=\"23\" height=\"8\" viewBox=\"0 0 23 8\"><path d=\"M1 3.818h21.23m0 0L19.153.764m3.077 3.054l-3.077 3.055\" stroke=\"currentColor\" stroke-width=\"1.5\" fill=\"none\" fill-rule=\"evenodd\" stroke-linecap=\"round\" stroke-linejoin=\"round\"\/><\/svg>\n<\/a>\n                  <\/div>\n      <\/div>\n\n      <div class=\"col col-image\">\n            <div class=\"lazy\"\n      data-bg=\"https:\/\/www.kktavastia.fi\/media\/sites\/2\/tyoelamassa-oppimisen-opas.jpg\"\n          >\n    <\/div>\n\n          <\/div>\n    <\/div>\n\n  <\/div>\n<\/section>\n\n\n\n<h3 class=\"wp-block-heading\">Kes\u00e4ty\u00f6kampanja, kes\u00e4 2026<\/h3>\n\n\n\n<p><a href=\"https:\/\/kktavastia.tweb.fi\/3\/215863\">Tiedote ty\u00f6el\u00e4m\u00e4lle<\/a><br><a href=\"https:\/\/kktavastia.tweb.fi\/3\/215867\">Tiedote opiskelijalle<\/a><\/p>\n\n\n\n<h3 class=\"wp-block-heading\">Ty\u00f6paikalla j\u00e4rjestett\u00e4v\u00e4 koulutus <\/h3>\n\n\n\n<p>Ty\u00f6paikalla on oltava:<\/p>\n\n\n\n<ul class=\"wp-block-list\">\n<li>riitt\u00e4v\u00e4sti tuotanto- ja palvelutoimintaa<\/li>\n\n\n\n<li>tarpeelliset ty\u00f6v\u00e4lineet<\/li>\n\n\n\n<li>ammattitaidoltaan, koulutukseltaan ja ty\u00f6kokemukseltaan p\u00e4tev\u00e4 henkil\u00f6st\u00f6<\/li>\n\n\n\n<li>ammattitaidoltaan, koulutukseltaan tai ty\u00f6kokemukseltaan p\u00e4tev\u00e4 vastuullinen ja ohjauksesta kiinnostunut ty\u00f6paikkaohjaaja. <a href=\"https:\/\/www.kktavastia.fi\/ammattiopisto\/tyoelamayhteistyo\/tyopaikkaohjaajakoulutus\/\">Ilmoittaudu ty\u00f6paikkaohjaajakoulutukseen<\/a>.<\/li>\n<\/ul>\n\n\n\n<h3 class=\"wp-block-heading\">Koulutussopimus<\/h3>\n\n\n\n<p>Koulutussopimus perustuu opiskelijan kanssa laadittuun henkil\u00f6kohtaiseen osaamisen kehitt\u00e4missuunnitelmaan (HOKS), jonka perusteella koulutussopimusty\u00f6paikan ja Ammattiopisto Tavastian edustajat laativat koulutussopimuksen. Koulutussopimuksessa on m\u00e4\u00e4ritelty my\u00f6s muun muassa turvallisuuteen ja vakuutusturvaan liittyv\u00e4t ehdot. Ty\u00f6nantajan teht\u00e4v\u00e4n\u00e4 on huolehtia ty\u00f6turvallisuudesta koulutussopimuksen aikana.&nbsp;Koulutussopimukseen perustuvassa koulutuksessa opiskelija ei voi olla ty\u00f6suhteessa.<\/p>\n\n\n\n<blockquote class=\"wp-block-quote is-layout-flow wp-block-quote-is-layout-flow\">\n<p>Koulutussopimuksen ja oppisopimuksen suurin ero on siin\u00e4, ett\u00e4 oppisopimuksella opiskelevalle henkil\u00f6lle ty\u00f6nantaja maksaa TES:n mukaista palkkaa.<\/p>\n<\/blockquote>\n\n\n\n<div class=\"wp-block-file\"><a id=\"wp-block-file--media-659ef655-7bb0-4e20-ac52-2700ae10b409\" href=\"https:\/\/www.kktavastia.fi\/media\/sites\/2\/koulutussopimuksen-mallituloste.pdf\">Esimerkki koulutussopimuksesta<\/a><a href=\"https:\/\/www.kktavastia.fi\/media\/sites\/2\/koulutussopimuksen-mallituloste.pdf\" class=\"wp-block-file__button wp-element-button\" download aria-describedby=\"wp-block-file--media-659ef655-7bb0-4e20-ac52-2700ae10b409\">Lataa<\/a><\/div>\n\n\n\n<h3 class=\"wp-block-heading\">Oppisopimus<\/h3>\n\n\n\n<p>Kaikki tutkinnot voi Ammattiopisto Tavastiassa suorittaa oppisopimuskoulutuksena. Oppisopimuksen voi solmia my\u00f6s koulutuksen aikana. Oppisopimuskoulutus on p\u00e4\u00e4asiassa ty\u00f6paikalla k\u00e4yt\u00e4nn\u00f6n ty\u00f6teht\u00e4vien yhteydess\u00e4 j\u00e4rjestett\u00e4v\u00e4\u00e4 koulutusta, jota t\u00e4ydennet\u00e4\u00e4n tarvittaessa muissa oppimisymp\u00e4rist\u00f6iss\u00e4 tapahtuvalla koulutuksella (muun muassa l\u00e4hip\u00e4iv\u00e4t oppilaitoksessa).<\/p>\n\n\n\n<p>Oppisopimuskoulutus perustuu opiskelijan ja ty\u00f6nantajan v\u00e4liseen kirjalliseen m\u00e4\u00e4r\u00e4aikaiseen ty\u00f6sopimukseen (oppisopimus). <\/p>\n\n\n\n<p>Opiskelijan viikoittaisen ty\u00f6ajan tulee olla keskim\u00e4\u00e4rin v\u00e4hint\u00e4\u00e4n 25 tuntia. Ammattiopisto Tavastia sopii ty\u00f6nantajan kanssa oppisopimuskoulutuksen j\u00e4rjest\u00e4misest\u00e4.<\/p>\n\n\n\n<p>Ty\u00f6nantajalle mahdollisesti maksettavan koulutuskorvauksen m\u00e4\u00e4r\u00e4\u00e4n vaikuttaa opiskelijan osaaminen ja ty\u00f6kokemus sek\u00e4 h\u00e4nen tarvitsemansa ohjauksen ja tuen m\u00e4\u00e4r\u00e4. <\/p>\n\n\n\n<p>Sopimusta oppisopimuskoulutuksen j\u00e4rjest\u00e4misest\u00e4 ja oppisopimusta edelt\u00e4\u00e4 opiskelijan, ty\u00f6nantajan ja opettajan keskustelu, jossa opiskelijalle laaditaan henkil\u00f6kohtainen osaamisen kehitt\u00e4missuunnitelma (HOKS). <\/p>\n\n\n\n<blockquote class=\"wp-block-quote is-layout-flow wp-block-quote-is-layout-flow\">\n<p>Oppisopimuksen voi solmia koko tutkintoon tai vaikkapa vain yhteen tutkinnon osaan.<\/p>\n<\/blockquote>\n\n\n\n<div class=\"wp-block-file\"><a id=\"wp-block-file--media-e9d1fc9f-8d8f-4be3-920b-92c3c26b6b59\" href=\"https:\/\/www.kktavastia.fi\/media\/sites\/2\/oppisopimuksen-mallituloste.pdf\">Esimerkki oppisopimuksesta<\/a><a href=\"https:\/\/www.kktavastia.fi\/media\/sites\/2\/oppisopimuksen-mallituloste.pdf\" class=\"wp-block-file__button wp-element-button\" download aria-describedby=\"wp-block-file--media-e9d1fc9f-8d8f-4be3-920b-92c3c26b6b59\">Lataa<\/a><\/div>\n\n\n\n<section class=\"block block-image-content-upsell right-image\">\n  <div class=\"container\">\n\n    <div class=\"cols\">\n      <div class=\"col col-content\">\n        <div class=\"content content-dark\">\n          <h3>Atte suoritti opinnoista ison osan oppisopimuksella<\/h3>\n          <p>Logistiikan opiskelija Atte Riippi opiskeli oppisopimuksella yhdistelm\u00e4ajoneuvonkuljettajaksi. Opinnoista suuri osa kului auton ratissa eik\u00e4 koulunpenkill\u00e4.<\/p>\n                      <a href=\"https:\/\/kktavastia.fi\/ammattiopisto\/2020\/11\/17\/vaihteleva-tyo-kiehtoo-kuljetusalalla\/\" class=\"button button-light\">Tutustu Aten tarinaan<svg xmlns=\"http:\/\/www.w3.org\/2000\/svg\" width=\"23\" height=\"8\" viewBox=\"0 0 23 8\"><path d=\"M1 3.818h21.23m0 0L19.153.764m3.077 3.054l-3.077 3.055\" stroke=\"currentColor\" stroke-width=\"1.5\" fill=\"none\" fill-rule=\"evenodd\" stroke-linecap=\"round\" stroke-linejoin=\"round\"\/><\/svg>\n<\/a>\n                  <\/div>\n      <\/div>\n\n      <div class=\"col col-image\">\n            <div class=\"lazy\"\n      data-bg=\"https:\/\/www.kktavastia.fi\/media\/sites\/2\/atter.jpg\"\n          >\n    <\/div>\n\n          <\/div>\n    <\/div>\n\n  <\/div>\n<\/section>\n","protected":false},"excerpt":{"rendered":"<p>Ammatillisten tutkintojen opiskelusta on merkitt\u00e4v\u00e4 osa ty\u00f6paikalla j\u00e4rjestett\u00e4v\u00e4\u00e4 koulutusta (TJK). T\u00e4m\u00e4 tarkoittaa k\u00e4yt\u00e4nn\u00f6n ty\u00f6teht\u00e4vien yhteydess\u00e4 j\u00e4rjestett\u00e4v\u00e4\u00e4 koulutusta, joka voidaan toteuttaa [&hellip;]<\/p>\n","protected":false},"author":6,"featured_media":0,"parent":105,"menu_order":4,"comment_status":"closed","ping_status":"closed","template":"","meta":{"_acf_changed":false,"_relevanssi_hide_post":"","_relevanssi_hide_content":"","_relevanssi_pin_for_all":"","_relevanssi_pin_keywords":"","_relevanssi_unpin_keywords":"","_relevanssi_related_keywords":"","_relevanssi_related_include_ids":"","_relevanssi_related_exclude_ids":"","_relevanssi_related_no_append":"","_relevanssi_related_not_related":"","_relevanssi_related_posts":"140,2,105,15,134,1063","_relevanssi_noindex_reason":"","footnotes":""},"class_list":["post-496","page","type-page","status-publish","hentry"],"acf":[],"yoast_head":"<title>Opiskelijat ty\u00f6el\u00e4m\u00e4\u00e4n | Koulutus ty\u00f6paikoilla | Ammattiopisto Tavastia<\/title>\n<meta name=\"description\" content=\"Ty\u00f6paikalla j\u00e4rjestett\u00e4v\u00e4 koulutus kuuluu ammatillisiin opintoihin. Sen voi toteuttaa koulutussopimuksella tai oppisopimuksella.\" \/>\n<meta name=\"robots\" content=\"index, follow, max-snippet:-1, max-image-preview:large, max-video-preview:-1\" \/>\n<link rel=\"canonical\" href=\"https:\/\/www.kktavastia.fi\/ammattiopisto\/tyoelamalle\/opiskelijat-oppimaan-tyoelamaan\/\" \/>\n<meta property=\"og:locale\" content=\"fi_FI\" \/>\n<meta property=\"og:type\" content=\"article\" \/>\n<meta property=\"og:title\" content=\"Opiskelijat ty\u00f6el\u00e4m\u00e4\u00e4n | Koulutus ty\u00f6paikoilla | Ammattiopisto Tavastia\" \/>\n<meta property=\"og:description\" content=\"Ty\u00f6paikalla j\u00e4rjestett\u00e4v\u00e4 koulutus kuuluu ammatillisiin opintoihin. Sen voi toteuttaa koulutussopimuksella tai oppisopimuksella.\" \/>\n<meta property=\"og:url\" content=\"https:\/\/www.kktavastia.fi\/ammattiopisto\/tyoelamalle\/opiskelijat-oppimaan-tyoelamaan\/\" \/>\n<meta property=\"og:site_name\" content=\"Ammattiopisto Tavastia\" \/>\n<meta property=\"article:modified_time\" content=\"2026-03-27T11:17:36+00:00\" \/>\n<meta name=\"twitter:card\" content=\"summary_large_image\" \/>\n<script type=\"application\/ld+json\" class=\"yoast-schema-graph\">{\"@context\":\"https:\\\/\\\/schema.org\",\"@graph\":[{\"@type\":\"WebPage\",\"@id\":\"https:\\\/\\\/www.kktavastia.fi\\\/ammattiopisto\\\/tyoelamalle\\\/opiskelijat-oppimaan-tyoelamaan\\\/\",\"url\":\"https:\\\/\\\/www.kktavastia.fi\\\/ammattiopisto\\\/tyoelamalle\\\/opiskelijat-oppimaan-tyoelamaan\\\/\",\"name\":\"Opiskelijat ty\u00f6el\u00e4m\u00e4\u00e4n | Koulutus ty\u00f6paikoilla | Ammattiopisto Tavastia\",\"isPartOf\":{\"@id\":\"https:\\\/\\\/www.kktavastia.fi\\\/ammattiopisto\\\/#website\"},\"datePublished\":\"2020-12-10T10:44:02+00:00\",\"dateModified\":\"2026-03-27T11:17:36+00:00\",\"description\":\"Ty\u00f6paikalla j\u00e4rjestett\u00e4v\u00e4 koulutus kuuluu ammatillisiin opintoihin. Sen voi toteuttaa koulutussopimuksella tai oppisopimuksella.\",\"breadcrumb\":{\"@id\":\"https:\\\/\\\/www.kktavastia.fi\\\/ammattiopisto\\\/tyoelamalle\\\/opiskelijat-oppimaan-tyoelamaan\\\/#breadcrumb\"},\"inLanguage\":\"fi\",\"potentialAction\":[{\"@type\":\"ReadAction\",\"target\":[\"https:\\\/\\\/www.kktavastia.fi\\\/ammattiopisto\\\/tyoelamalle\\\/opiskelijat-oppimaan-tyoelamaan\\\/\"]}]},{\"@type\":\"BreadcrumbList\",\"@id\":\"https:\\\/\\\/www.kktavastia.fi\\\/ammattiopisto\\\/tyoelamalle\\\/opiskelijat-oppimaan-tyoelamaan\\\/#breadcrumb\",\"itemListElement\":[{\"@type\":\"ListItem\",\"position\":1,\"name\":\"Home\",\"item\":\"https:\\\/\\\/www.kktavastia.fi\\\/ammattiopisto\\\/\"},{\"@type\":\"ListItem\",\"position\":2,\"name\":\"Ty\u00f6el\u00e4m\u00e4lle\",\"item\":\"https:\\\/\\\/www.kktavastia.fi\\\/ammattiopisto\\\/tyoelamalle\\\/\"},{\"@type\":\"ListItem\",\"position\":3,\"name\":\"Opiskelijat oppimaan ty\u00f6el\u00e4m\u00e4\u00e4n\"}]},{\"@type\":\"WebSite\",\"@id\":\"https:\\\/\\\/www.kktavastia.fi\\\/ammattiopisto\\\/#website\",\"url\":\"https:\\\/\\\/www.kktavastia.fi\\\/ammattiopisto\\\/\",\"name\":\"Ammattiopisto Tavastia\",\"description\":\"\",\"potentialAction\":[{\"@type\":\"SearchAction\",\"target\":{\"@type\":\"EntryPoint\",\"urlTemplate\":\"https:\\\/\\\/www.kktavastia.fi\\\/ammattiopisto\\\/?s={search_term_string}\"},\"query-input\":{\"@type\":\"PropertyValueSpecification\",\"valueRequired\":true,\"valueName\":\"search_term_string\"}}],\"inLanguage\":\"fi\"}]}<\/script>","yoast_head_json":{"title":"Opiskelijat ty\u00f6el\u00e4m\u00e4\u00e4n | Koulutus ty\u00f6paikoilla | Ammattiopisto Tavastia","description":"Ty\u00f6paikalla j\u00e4rjestett\u00e4v\u00e4 koulutus kuuluu ammatillisiin opintoihin. Sen voi toteuttaa koulutussopimuksella tai oppisopimuksella.","robots":{"index":"index","follow":"follow","max-snippet":"max-snippet:-1","max-image-preview":"max-image-preview:large","max-video-preview":"max-video-preview:-1"},"canonical":"https:\/\/www.kktavastia.fi\/ammattiopisto\/tyoelamalle\/opiskelijat-oppimaan-tyoelamaan\/","og_locale":"fi_FI","og_type":"article","og_title":"Opiskelijat ty\u00f6el\u00e4m\u00e4\u00e4n | Koulutus ty\u00f6paikoilla | Ammattiopisto Tavastia","og_description":"Ty\u00f6paikalla j\u00e4rjestett\u00e4v\u00e4 koulutus kuuluu ammatillisiin opintoihin. Sen voi toteuttaa koulutussopimuksella tai oppisopimuksella.","og_url":"https:\/\/www.kktavastia.fi\/ammattiopisto\/tyoelamalle\/opiskelijat-oppimaan-tyoelamaan\/","og_site_name":"Ammattiopisto Tavastia","article_modified_time":"2026-03-27T11:17:36+00:00","twitter_card":"summary_large_image","schema":{"@context":"https:\/\/schema.org","@graph":[{"@type":"WebPage","@id":"https:\/\/www.kktavastia.fi\/ammattiopisto\/tyoelamalle\/opiskelijat-oppimaan-tyoelamaan\/","url":"https:\/\/www.kktavastia.fi\/ammattiopisto\/tyoelamalle\/opiskelijat-oppimaan-tyoelamaan\/","name":"Opiskelijat ty\u00f6el\u00e4m\u00e4\u00e4n | Koulutus ty\u00f6paikoilla | Ammattiopisto Tavastia","isPartOf":{"@id":"https:\/\/www.kktavastia.fi\/ammattiopisto\/#website"},"datePublished":"2020-12-10T10:44:02+00:00","dateModified":"2026-03-27T11:17:36+00:00","description":"Ty\u00f6paikalla j\u00e4rjestett\u00e4v\u00e4 koulutus kuuluu ammatillisiin opintoihin. Sen voi toteuttaa koulutussopimuksella tai oppisopimuksella.","breadcrumb":{"@id":"https:\/\/www.kktavastia.fi\/ammattiopisto\/tyoelamalle\/opiskelijat-oppimaan-tyoelamaan\/#breadcrumb"},"inLanguage":"fi","potentialAction":[{"@type":"ReadAction","target":["https:\/\/www.kktavastia.fi\/ammattiopisto\/tyoelamalle\/opiskelijat-oppimaan-tyoelamaan\/"]}]},{"@type":"BreadcrumbList","@id":"https:\/\/www.kktavastia.fi\/ammattiopisto\/tyoelamalle\/opiskelijat-oppimaan-tyoelamaan\/#breadcrumb","itemListElement":[{"@type":"ListItem","position":1,"name":"Home","item":"https:\/\/www.kktavastia.fi\/ammattiopisto\/"},{"@type":"ListItem","position":2,"name":"Ty\u00f6el\u00e4m\u00e4lle","item":"https:\/\/www.kktavastia.fi\/ammattiopisto\/tyoelamalle\/"},{"@type":"ListItem","position":3,"name":"Opiskelijat oppimaan ty\u00f6el\u00e4m\u00e4\u00e4n"}]},{"@type":"WebSite","@id":"https:\/\/www.kktavastia.fi\/ammattiopisto\/#website","url":"https:\/\/www.kktavastia.fi\/ammattiopisto\/","name":"Ammattiopisto Tavastia","description":"","potentialAction":[{"@type":"SearchAction","target":{"@type":"EntryPoint","urlTemplate":"https:\/\/www.kktavastia.fi\/ammattiopisto\/?s={search_term_string}"},"query-input":{"@type":"PropertyValueSpecification","valueRequired":true,"valueName":"search_term_string"}}],"inLanguage":"fi"}]}},"_links":{"self":[{"href":"https:\/\/www.kktavastia.fi\/ammattiopisto\/wp-json\/wp\/v2\/pages\/496","targetHints":{"allow":["GET"]}}],"collection":[{"href":"https:\/\/www.kktavastia.fi\/ammattiopisto\/wp-json\/wp\/v2\/pages"}],"about":[{"href":"https:\/\/www.kktavastia.fi\/ammattiopisto\/wp-json\/wp\/v2\/types\/page"}],"author":[{"embeddable":true,"href":"https:\/\/www.kktavastia.fi\/ammattiopisto\/wp-json\/wp\/v2\/users\/6"}],"replies":[{"embeddable":true,"href":"https:\/\/www.kktavastia.fi\/ammattiopisto\/wp-json\/wp\/v2\/comments?post=496"}],"version-history":[{"count":24,"href":"https:\/\/www.kktavastia.fi\/ammattiopisto\/wp-json\/wp\/v2\/pages\/496\/revisions"}],"predecessor-version":[{"id":152026,"href":"https:\/\/www.kktavastia.fi\/ammattiopisto\/wp-json\/wp\/v2\/pages\/496\/revisions\/152026"}],"up":[{"embeddable":true,"href":"https:\/\/www.kktavastia.fi\/ammattiopisto\/wp-json\/wp\/v2\/pages\/105"}],"wp:attachment":[{"href":"https:\/\/www.kktavastia.fi\/ammattiopisto\/wp-json\/wp\/v2\/media?parent=496"}],"curies":[{"name":"wp","href":"https:\/\/api.w.org\/{rel}","templated":true}]}}