{"id":476,"date":"2020-12-10T10:44:53","date_gmt":"2020-12-10T08:44:53","guid":{"rendered":"https:\/\/kktavastia.vaiheessa.fi\/ammattiopisto\/?page_id=476"},"modified":"2026-03-25T10:37:39","modified_gmt":"2026-03-25T08:37:39","slug":"yhteistyo","status":"publish","type":"page","link":"https:\/\/www.kktavastia.fi\/ammattiopisto\/tyoelamalle\/yhteistyo\/","title":{"rendered":"Yhteisty\u00f6"},"content":{"rendered":"\n<p class=\"is-style-ingress\">Ammatillisen koulutuksen perusl\u00e4ht\u00f6kohdat ovat ty\u00f6el\u00e4m\u00e4l\u00e4ht\u00f6isyys ja opiskelijal\u00e4ht\u00f6isyys.&nbsp;Ty\u00f6el\u00e4m\u00e4n kanssa tehd\u00e4\u00e4n yhteisty\u00f6t\u00e4 koulutusten suunnittelussa, j\u00e4rjest\u00e4misess\u00e4, arvioinnissa, kehitt\u00e4misess\u00e4 ja ennakoinnissa.&nbsp;&nbsp;<\/p>\n\n\n\n<p>Palvelulupauksemme mukaisesti toimimme aktiivisena kumppanina, ennakoimme ja vastaamme tulevaisuuden ty\u00f6el\u00e4m\u00e4n osaamistarpeisiin. Kannustamme sinua, ty\u00f6el\u00e4m\u00e4n yhteisty\u00f6kumppani, olemaan meihin aktiivisesti yhteydess\u00e4 yhteisty\u00f6n kehitt\u00e4miseksi.&nbsp;&nbsp;&nbsp;&nbsp;<\/p>\n\n\n\n<h4 class=\"wp-block-heading\">Tiesitk\u00f6, ett\u00e4&#8230;<\/h4>\n\n\n\n<ul class=\"wp-block-list\">\n<li>Ammattiopisto Tavastiassa j\u00e4rjestet\u00e4\u00e4n tutkintokoulutusta 20 perustutkintoon, 21 ammattitutkintoon ja 12 erikoisammattitutkintoon<\/li>\n\n\n\n<li>Ammattiopisto Tavastian opiskelijoista 62 prosenttia on opinnot aloittaessaan t\u00e4ysi-ik\u00e4isi\u00e4.<\/li>\n\n\n\n<li>Opiskelijat ovat ty\u00f6paikalla j\u00e4rjestett\u00e4v\u00e4ss\u00e4 koulutuksessa koulutus- ja oppisopimuksessa keskim\u00e4\u00e4rin 26 prosenttia opiskeluajastaan.<\/li>\n\n\n\n<li>N\u00e4yt\u00f6ist\u00e4 83 prosenttia j\u00e4rjestet\u00e4\u00e4n ty\u00f6el\u00e4m\u00e4ss\u00e4.<\/li>\n\n\n\n<li>Ammattiopisto Tavastia j\u00e4rjest\u00e4\u00e4 lyhytkoulutuksia, eli t\u00e4ydennyskoulutuksia ja lupakortteja, ei-tutkintotavoitteisia ty\u00f6voimakoulutuksia sek\u00e4 muita osaamisen kehitt\u00e4mispalveluja, <a href=\"https:\/\/www.kktavastia.fi\/tyoelamapalvelut\/lyhytkoulutukset\/\">Tavastia Koulutus Oy:n kautta<\/a>.<\/li>\n\n\n\n<li>Ammattiopisto Tavastiasta valmistuvista noin 800 opiskelijasta valmistuu perinteiseen aikaan toukokuun lopulla en\u00e4\u00e4 22 prosenttia.<\/li>\n\n\n\n<li>Ammattiopisto Tavastian tutkintoon valmistuneista 79 prosenttia on t\u00f6iss\u00e4 tai jatko-opinnoissa valmistumista seuraavana vuonna.<\/li>\n<\/ul>\n\n\n\n<h3 class=\"wp-block-heading is-style-ingress\">Kumppanuusverkosto<\/h3>\n\n\n\n<p>Tervetuloa mukaan kumppanuusverkostoomme kehitt\u00e4m\u00e4\u00e4n ty\u00f6el\u00e4m\u00e4yhteisty\u00f6t\u00e4 tavastialaisten kanssa. Liittym\u00e4ll\u00e4 verkostoomme saat automaattisesti uutiskirjeemme ja kutsut kumppanuustapaamisiimme.&nbsp;N\u00e4in pysyt helposti ajan tasalla Ammattiopisto Tavastian kuulumisista.<\/p>\n\n\n\n<p>Olemme yhteydess\u00e4 kaikkiin kumppanuusverkostoon liittyneisiin, ja sovimme yhdess\u00e4 millainen yhteisty\u00f6 juuri teid\u00e4n yrityksellenne tai organisaatiollenne Ammattiopisto Tavastian kanssa sopii.<\/p>\n\n\n\n<div class=\"wp-block-buttons is-layout-flex wp-block-buttons-is-layout-flex\">\n<div class=\"wp-block-button\"><a class=\"wp-block-button__link wp-element-button\" href=\"https:\/\/forms.office.com\/Pages\/ResponsePage.aspx?id=LDVl0wAWH0iJA67tdFiFCA-4QLzjj9RIkyQCkiO07cZUNkVQWk1LUlpDRjVIQktOOTBERElKOFNQWi4u\">Liity Kumppanuusverkostoon t\u00e4st\u00e4<\/a><\/div>\n<\/div>\n\n\n\n<h3 class=\"wp-block-heading\">Kumppanuustapaamiset<\/h3>\n\n\n\n<ul class=\"wp-block-list\">\n<li>15.4.2026, klo 12.30\u201316, Hattelmalantie 8, A-rakennuksen Aitiopaikka | <a href=\"https:\/\/www.kktavastia.fi\/media\/sites\/2\/esite-kumppanuustapaamien-15.4.2026-tavastiassa.pdf\">Kutsu<\/a> (pdf)<\/li>\n<\/ul>\n\n\n\n<h3 class=\"wp-block-heading\">Erilaiset yhteisty\u00f6muodot<\/h3>\n\n\n\n<h4 class=\"wp-block-heading\">Ty\u00f6paikalla j\u00e4rjestett\u00e4v\u00e4 koulutus<\/h4>\n\n\n\n<p>T\u00e4rkein ja mittavin ty\u00f6el\u00e4m\u00e4yhteisty\u00f6n muoto on ty\u00f6paikalla j\u00e4rjestett\u00e4v\u00e4 koulutus ja osaamisen arviointi. Emme en\u00e4\u00e4 puhu ty\u00f6harjoittelusta, koska ty\u00f6el\u00e4m\u00e4ss\u00e4 oppimisessa ei vain harjoitella jo opittua. Opiskelija voi tulla ty\u00f6el\u00e4m\u00e4\u00e4n opiskeleman jopa t\u00e4ysin uutta tutkinnon osaa ilman, ett\u00e4 h\u00e4n on opiskellut siihen liittyvi\u00e4 tietoja ja taitoja oppilaitosymp\u00e4rist\u00f6ss\u00e4.<\/p>\n\n\n\n<p>Ammattiopisto Tavastiassa on vuosittain yli 1 300 oppisopimusta ja 2 100 koulutussopimusta.&nbsp;Oppisopimusten m\u00e4\u00e4r\u00e4 on viime vuosina lis\u00e4\u00e4ntynyt siit\u00e4 syyst\u00e4, ett\u00e4 oppisopimuksia voidaan solmia aiempaa joustavammin ty\u00f6el\u00e4m\u00e4n tarpeisiin. Jos haluat antaa opiskelijallemme koulutussopimus- tai oppisopimuspaikan, ole yhteydess\u00e4 alan opettajaan tai koulutusp\u00e4\u00e4llikk\u00f6\u00f6n, yhteystiedot l\u00f6yd\u00e4t sivun alalaidasta. Lue lis\u00e4\u00e4<a href=\"https:\/\/www.kktavastia.fi\/ammattiopisto\/tyoelamayhteistyo\/opiskelijat-oppimaan-tyoelamaan\/\"> ty\u00f6paikalla j\u00e4rjestett\u00e4v\u00e4st\u00e4 koulutuksesta<\/a>.<\/p>\n\n\n\n<h4 class=\"wp-block-heading\">Yhteisty\u00f6 opetuksessa<\/h4>\n\n\n\n<p>Opiskelijat tarvitsevat nopeasti muuttuvassa ty\u00f6el\u00e4m\u00e4ss\u00e4 alusta alkaen kiinte\u00e4\u00e4 yhteisty\u00f6t\u00e4 alan ty\u00f6el\u00e4m\u00e4n kanssa. Yhteisty\u00f6 toteutuu esimerkiksi tutustumisk\u00e4yntein\u00e4, asiantuntijaluentoina, opiskelijaprojekteina ja yhteisesti toteutettuina tapahtumina. Ty\u00f6el\u00e4m\u00e4n yhteisty\u00f6kumppani, kysy oppilaitoksesta, jos haluat opiskelijat mukaan toteuttamaan jotakin tilaisuutta, tapahtumaa tai projektia.<\/p>\n\n\n\n<h4 class=\"wp-block-heading\">Yhteinen kehitt\u00e4minen<\/h4>\n\n\n\n<p>Ty\u00f6paikkaohjaajia, ty\u00f6paikan yhteyshenkil\u00f6it\u00e4 ja muita yhteisty\u00f6kumppaneita kutsutaan s\u00e4\u00e4nn\u00f6llisesti ennakoimaan ty\u00f6el\u00e4m\u00e4n tulevia koulutustarpeita sek\u00e4 kehitt\u00e4m\u00e4\u00e4n uusia toimintatapoja ammatillisen koulutuksen laadun parantamiseksi. Tapahtumien ajankohdat l\u00f6ytyv\u00e4t <a href=\"https:\/\/www.kktavastia.fi\/ammattiopisto\/tapahtumat\/\">Tapahtumat-sivulta<\/a>. Yhteisi\u00e4 kehitt\u00e4mistilaisuuksia ovat muun muassa:<\/p>\n\n\n\n<ul class=\"wp-block-list\">\n<li>kumppanuustapaamiset<\/li>\n\n\n\n<li>yhteisty\u00f6seminaarit<\/li>\n\n\n\n<li>alakohtaiset vetovoimatapahtumat<\/li>\n\n\n\n<li>alakohtaiset ennakointitilaisuudet ja tulevaisuusfoorumit<\/li>\n\n\n\n<li>ty\u00f6paikkaohjaajakoulutukset<\/li>\n\n\n\n<li>yhteisty\u00f6 v\u00e4litt\u00e4j\u00e4organisaatioiden kanssa<\/li>\n<\/ul>\n\n\n\n<h4 class=\"wp-block-heading\">Henkil\u00f6st\u00f6n kehitt\u00e4minen<\/h4>\n\n\n\n<p>Henkil\u00f6st\u00f6n osaaminen on yrityksen ja organisaation t\u00e4rkein voimavara. Siit\u00e4 huolehtiminen on viisas investointi. Osaamisen kehitt\u00e4miseen on monia toteuttamis- ja rahoitusvaihtoehtoja, joista kerromme mielell\u00e4mme lis\u00e4\u00e4.<\/p>\n\n\n\n<ul class=\"wp-block-list\">\n<li>Ty\u00f6suhteen aikana voi opiskella joustavasti oppisopimuksella tutkinnon tai tutkinnon osia, koulutus on maksutonta ty\u00f6ntekij\u00e4lle ja ty\u00f6nantajalle. Ty\u00f6nantaja, kannusta henkil\u00f6st\u00f6\u00e4si suorittamaan tutkinto tai tutkinnon osia. Tutkinnon suorittaminen voi ty\u00f6ntekij\u00e4n osaamisesta riippuen olla mahdollista my\u00f6s kokonaan ilman koulutusta.<\/li>\n\n\n\n<li>Tavastia Koulutus Oy j\u00e4rjest\u00e4\u00e4 mm. korttikoulutuksia ja muita t\u00e4ydennyskoulutuksia, joihin voit ohjata yksitt\u00e4isi\u00e4 ty\u00f6ntekij\u00f6it\u00e4 tai joita voimme toteuttaa henkil\u00f6st\u00f6llesi r\u00e4\u00e4t\u00e4l\u00f6iden. <\/li>\n\n\n\n<li>Suunnittelemme yhdess\u00e4 kanssasi koulutuksia tarpeidesi mukaan. Sin\u00e4 tunnet henkil\u00f6st\u00f6si ja osaamistarpeet, me tunnemme koulutus- ja rahoitusvaihtoehdot.&nbsp;Ota yhteytt\u00e4!<\/li>\n\n\n\n<li>Voimme kartoittaa henkil\u00f6st\u00f6si osaamista, jonka perusteella voidaan tehd\u00e4 koulutussuunnitelma tai ohjata osoittamaan osaaminen n\u00e4yt\u00f6ss\u00e4. Ota yhteytt\u00e4!<\/li>\n<\/ul>\n\n\n\n<p><a href=\"https:\/\/www.kktavastia.fi\/tyoelamapalvelut\/lyhytkoulutukset\/\">Tavastia Koulutus Oy:n lyhytkoulutukset<\/a><\/p>\n\n\n\n<p class=\"is-style-boxed\">Jos olet kiinnostunut yhteisty\u00f6st\u00e4 Ammattiopisto Tavastian kanssa, ota yhteytt\u00e4 alan koulutusp\u00e4\u00e4llikk\u00f6\u00f6n.<\/p>\n\n\n\n<h4 class=\"wp-block-heading\">Ammattiopisto Tavastian koulutusp\u00e4\u00e4llik\u00f6t aloittain<\/h4>\n\n\n\n<ul class=\"wp-block-list\">\n<li><strong>Liiketoiminta, ravintola ja catering, elintarvike, matkailu sek\u00e4 tuotekehitys- ja esihenkil\u00f6ty\u00f6<\/strong><br>Merja Putus, puh.&nbsp;+35840360947, merja.putus@kktavastia.fi<\/li>\n\n\n\n<li><strong>Pintak\u00e4sittely, ajoneuvo, kone- ja tuotantotekniikka, prosessiteollisuus sek\u00e4 logistiikka<\/strong><br>Teemu Veps\u00e4l\u00e4inen, puh.&nbsp;+358505504068, teemu.vepsalainen@kktavastia.fi<\/li>\n\n\n\n<li><strong>S\u00e4hk\u00f6, tieto- ja viestint\u00e4tekniikka, rakennus, maanmittaus, talotekniikka sek\u00e4 puhtaus- ja kiinteist\u00f6palvelu<\/strong><br>Tero Tuominen, puh.&nbsp;+358505171551 tero.tuominen@kktavastia.fi<\/li>\n\n\n\n<li><strong>Taideteollisuus, tekstiili ja muoti, hius ja kauneudenhoito sek\u00e4 valmentava koulutus<\/strong><br>Minna Leminen, puh. +358505001377, minna.leminen@kktavastia.fi<\/li>\n\n\n\n<li><strong>Terveys ja hyvinvointi<\/strong><br>Pirjo Saarela, puh.&nbsp;+358504347015, pirjo.saarela@kktavastia.fi<\/li>\n\n\n\n<li><strong>Yhteiset tutkinnon osat ja aikuisten perusopetus<\/strong><br>Riikka Ollinkangas, puh. +3585044009450, riikka.ollinkangas@kktavastia.fi, <br><\/li>\n<\/ul>\n\n\n\n<h4 class=\"wp-block-heading\">Asiantuntijaryhm\u00e4t<\/h4>\n\n\n\n<p>Ammattiopisto Tavastiassa toimii kaksi asiantuntijaryhm\u00e4\u00e4, joiden teht\u00e4vin\u00e4 ovat muun muassa koulutuksen ennakointi ja suunnittelu sek\u00e4 koulutuksen laadun kehitt\u00e4minen.<\/p>\n\n\n\n<ul class=\"wp-block-list\">\n<li>Maahanmuuttajakoulutuksen asiantuntijaryhm\u00e4<br>yhteyshenkil\u00f6&nbsp;<strong>Tiina Alhainen<\/strong>, puh. 050 4347 008 tai tiina.alhainen@kktavastia.fi<\/li>\n\n\n\n<li>Terveys- ja hyvinvointialan asiantuntijaryhm\u00e4<br>yhteyshenkil\u00f6&nbsp;<strong>Pirjo Saarela<\/strong>, puh. &nbsp;050 4347 015 tai pirjo.saarela@kktavastia.fi<\/li>\n<\/ul>\n","protected":false},"excerpt":{"rendered":"<p>Ammatillisen koulutuksen perusl\u00e4ht\u00f6kohdat ovat ty\u00f6el\u00e4m\u00e4l\u00e4ht\u00f6isyys ja opiskelijal\u00e4ht\u00f6isyys.&nbsp;Ty\u00f6el\u00e4m\u00e4n kanssa tehd\u00e4\u00e4n yhteisty\u00f6t\u00e4 koulutusten suunnittelussa, j\u00e4rjest\u00e4misess\u00e4, arvioinnissa, kehitt\u00e4misess\u00e4 ja ennakoinnissa.&nbsp;&nbsp; Palvelulupauksemme mukaisesti toimimme [&hellip;]<\/p>\n","protected":false},"author":6,"featured_media":0,"parent":105,"menu_order":1,"comment_status":"closed","ping_status":"closed","template":"","meta":{"_acf_changed":false,"_relevanssi_hide_post":"","_relevanssi_hide_content":"","_relevanssi_pin_for_all":"","_relevanssi_pin_keywords":"","_relevanssi_unpin_keywords":"","_relevanssi_related_keywords":"","_relevanssi_related_include_ids":"","_relevanssi_related_exclude_ids":"","_relevanssi_related_no_append":"","_relevanssi_related_not_related":"","_relevanssi_related_posts":"40079,526,105,13943,524,38498","_relevanssi_noindex_reason":"","footnotes":""},"class_list":["post-476","page","type-page","status-publish","hentry"],"acf":[],"yoast_head":"<title>Yhteisty\u00f6 | Ammattiopisto Tavastia | Ty\u00f6el\u00e4m\u00e4yhteisty\u00f6<\/title>\n<meta name=\"description\" content=\"Yhteisty\u00f6 Ammattiopiston ja ty\u00f6el\u00e4m\u00e4n kanssa on opiskelijoille opintojen ja valmistumisen kannalta merkitt\u00e4v\u00e4\u00e4 ja teemme yhteisty\u00f6t\u00e4 monin tavoin.\" \/>\n<meta name=\"robots\" content=\"index, follow, max-snippet:-1, max-image-preview:large, max-video-preview:-1\" \/>\n<link rel=\"canonical\" href=\"https:\/\/www.kktavastia.fi\/ammattiopisto\/tyoelamalle\/yhteistyo\/\" \/>\n<meta property=\"og:locale\" content=\"fi_FI\" \/>\n<meta property=\"og:type\" content=\"article\" \/>\n<meta property=\"og:title\" content=\"Yhteisty\u00f6 | Ammattiopisto Tavastia | Ty\u00f6el\u00e4m\u00e4yhteisty\u00f6\" \/>\n<meta property=\"og:description\" content=\"Yhteisty\u00f6 Ammattiopiston ja ty\u00f6el\u00e4m\u00e4n kanssa on opiskelijoille opintojen ja valmistumisen kannalta merkitt\u00e4v\u00e4\u00e4 ja teemme yhteisty\u00f6t\u00e4 monin tavoin.\" \/>\n<meta property=\"og:url\" content=\"https:\/\/www.kktavastia.fi\/ammattiopisto\/tyoelamalle\/yhteistyo\/\" \/>\n<meta property=\"og:site_name\" content=\"Ammattiopisto Tavastia\" \/>\n<meta property=\"article:modified_time\" content=\"2026-03-25T08:37:39+00:00\" \/>\n<meta name=\"twitter:card\" content=\"summary_large_image\" \/>\n<script type=\"application\/ld+json\" class=\"yoast-schema-graph\">{\"@context\":\"https:\\\/\\\/schema.org\",\"@graph\":[{\"@type\":\"WebPage\",\"@id\":\"https:\\\/\\\/www.kktavastia.fi\\\/ammattiopisto\\\/tyoelamalle\\\/yhteistyo\\\/\",\"url\":\"https:\\\/\\\/www.kktavastia.fi\\\/ammattiopisto\\\/tyoelamalle\\\/yhteistyo\\\/\",\"name\":\"Yhteisty\u00f6 | Ammattiopisto Tavastia | Ty\u00f6el\u00e4m\u00e4yhteisty\u00f6\",\"isPartOf\":{\"@id\":\"https:\\\/\\\/www.kktavastia.fi\\\/ammattiopisto\\\/#website\"},\"datePublished\":\"2020-12-10T08:44:53+00:00\",\"dateModified\":\"2026-03-25T08:37:39+00:00\",\"description\":\"Yhteisty\u00f6 Ammattiopiston ja ty\u00f6el\u00e4m\u00e4n kanssa on opiskelijoille opintojen ja valmistumisen kannalta merkitt\u00e4v\u00e4\u00e4 ja teemme yhteisty\u00f6t\u00e4 monin tavoin.\",\"breadcrumb\":{\"@id\":\"https:\\\/\\\/www.kktavastia.fi\\\/ammattiopisto\\\/tyoelamalle\\\/yhteistyo\\\/#breadcrumb\"},\"inLanguage\":\"fi\",\"potentialAction\":[{\"@type\":\"ReadAction\",\"target\":[\"https:\\\/\\\/www.kktavastia.fi\\\/ammattiopisto\\\/tyoelamalle\\\/yhteistyo\\\/\"]}]},{\"@type\":\"BreadcrumbList\",\"@id\":\"https:\\\/\\\/www.kktavastia.fi\\\/ammattiopisto\\\/tyoelamalle\\\/yhteistyo\\\/#breadcrumb\",\"itemListElement\":[{\"@type\":\"ListItem\",\"position\":1,\"name\":\"Home\",\"item\":\"https:\\\/\\\/www.kktavastia.fi\\\/ammattiopisto\\\/\"},{\"@type\":\"ListItem\",\"position\":2,\"name\":\"Ty\u00f6el\u00e4m\u00e4lle\",\"item\":\"https:\\\/\\\/www.kktavastia.fi\\\/ammattiopisto\\\/tyoelamalle\\\/\"},{\"@type\":\"ListItem\",\"position\":3,\"name\":\"Yhteisty\u00f6\"}]},{\"@type\":\"WebSite\",\"@id\":\"https:\\\/\\\/www.kktavastia.fi\\\/ammattiopisto\\\/#website\",\"url\":\"https:\\\/\\\/www.kktavastia.fi\\\/ammattiopisto\\\/\",\"name\":\"Ammattiopisto Tavastia\",\"description\":\"\",\"potentialAction\":[{\"@type\":\"SearchAction\",\"target\":{\"@type\":\"EntryPoint\",\"urlTemplate\":\"https:\\\/\\\/www.kktavastia.fi\\\/ammattiopisto\\\/?s={search_term_string}\"},\"query-input\":{\"@type\":\"PropertyValueSpecification\",\"valueRequired\":true,\"valueName\":\"search_term_string\"}}],\"inLanguage\":\"fi\"}]}<\/script>","yoast_head_json":{"title":"Yhteisty\u00f6 | Ammattiopisto Tavastia | Ty\u00f6el\u00e4m\u00e4yhteisty\u00f6","description":"Yhteisty\u00f6 Ammattiopiston ja ty\u00f6el\u00e4m\u00e4n kanssa on opiskelijoille opintojen ja valmistumisen kannalta merkitt\u00e4v\u00e4\u00e4 ja teemme yhteisty\u00f6t\u00e4 monin tavoin.","robots":{"index":"index","follow":"follow","max-snippet":"max-snippet:-1","max-image-preview":"max-image-preview:large","max-video-preview":"max-video-preview:-1"},"canonical":"https:\/\/www.kktavastia.fi\/ammattiopisto\/tyoelamalle\/yhteistyo\/","og_locale":"fi_FI","og_type":"article","og_title":"Yhteisty\u00f6 | Ammattiopisto Tavastia | Ty\u00f6el\u00e4m\u00e4yhteisty\u00f6","og_description":"Yhteisty\u00f6 Ammattiopiston ja ty\u00f6el\u00e4m\u00e4n kanssa on opiskelijoille opintojen ja valmistumisen kannalta merkitt\u00e4v\u00e4\u00e4 ja teemme yhteisty\u00f6t\u00e4 monin tavoin.","og_url":"https:\/\/www.kktavastia.fi\/ammattiopisto\/tyoelamalle\/yhteistyo\/","og_site_name":"Ammattiopisto Tavastia","article_modified_time":"2026-03-25T08:37:39+00:00","twitter_card":"summary_large_image","schema":{"@context":"https:\/\/schema.org","@graph":[{"@type":"WebPage","@id":"https:\/\/www.kktavastia.fi\/ammattiopisto\/tyoelamalle\/yhteistyo\/","url":"https:\/\/www.kktavastia.fi\/ammattiopisto\/tyoelamalle\/yhteistyo\/","name":"Yhteisty\u00f6 | Ammattiopisto Tavastia | Ty\u00f6el\u00e4m\u00e4yhteisty\u00f6","isPartOf":{"@id":"https:\/\/www.kktavastia.fi\/ammattiopisto\/#website"},"datePublished":"2020-12-10T08:44:53+00:00","dateModified":"2026-03-25T08:37:39+00:00","description":"Yhteisty\u00f6 Ammattiopiston ja ty\u00f6el\u00e4m\u00e4n kanssa on opiskelijoille opintojen ja valmistumisen kannalta merkitt\u00e4v\u00e4\u00e4 ja teemme yhteisty\u00f6t\u00e4 monin tavoin.","breadcrumb":{"@id":"https:\/\/www.kktavastia.fi\/ammattiopisto\/tyoelamalle\/yhteistyo\/#breadcrumb"},"inLanguage":"fi","potentialAction":[{"@type":"ReadAction","target":["https:\/\/www.kktavastia.fi\/ammattiopisto\/tyoelamalle\/yhteistyo\/"]}]},{"@type":"BreadcrumbList","@id":"https:\/\/www.kktavastia.fi\/ammattiopisto\/tyoelamalle\/yhteistyo\/#breadcrumb","itemListElement":[{"@type":"ListItem","position":1,"name":"Home","item":"https:\/\/www.kktavastia.fi\/ammattiopisto\/"},{"@type":"ListItem","position":2,"name":"Ty\u00f6el\u00e4m\u00e4lle","item":"https:\/\/www.kktavastia.fi\/ammattiopisto\/tyoelamalle\/"},{"@type":"ListItem","position":3,"name":"Yhteisty\u00f6"}]},{"@type":"WebSite","@id":"https:\/\/www.kktavastia.fi\/ammattiopisto\/#website","url":"https:\/\/www.kktavastia.fi\/ammattiopisto\/","name":"Ammattiopisto Tavastia","description":"","potentialAction":[{"@type":"SearchAction","target":{"@type":"EntryPoint","urlTemplate":"https:\/\/www.kktavastia.fi\/ammattiopisto\/?s={search_term_string}"},"query-input":{"@type":"PropertyValueSpecification","valueRequired":true,"valueName":"search_term_string"}}],"inLanguage":"fi"}]}},"_links":{"self":[{"href":"https:\/\/www.kktavastia.fi\/ammattiopisto\/wp-json\/wp\/v2\/pages\/476","targetHints":{"allow":["GET"]}}],"collection":[{"href":"https:\/\/www.kktavastia.fi\/ammattiopisto\/wp-json\/wp\/v2\/pages"}],"about":[{"href":"https:\/\/www.kktavastia.fi\/ammattiopisto\/wp-json\/wp\/v2\/types\/page"}],"author":[{"embeddable":true,"href":"https:\/\/www.kktavastia.fi\/ammattiopisto\/wp-json\/wp\/v2\/users\/6"}],"replies":[{"embeddable":true,"href":"https:\/\/www.kktavastia.fi\/ammattiopisto\/wp-json\/wp\/v2\/comments?post=476"}],"version-history":[{"count":24,"href":"https:\/\/www.kktavastia.fi\/ammattiopisto\/wp-json\/wp\/v2\/pages\/476\/revisions"}],"predecessor-version":[{"id":151673,"href":"https:\/\/www.kktavastia.fi\/ammattiopisto\/wp-json\/wp\/v2\/pages\/476\/revisions\/151673"}],"up":[{"embeddable":true,"href":"https:\/\/www.kktavastia.fi\/ammattiopisto\/wp-json\/wp\/v2\/pages\/105"}],"wp:attachment":[{"href":"https:\/\/www.kktavastia.fi\/ammattiopisto\/wp-json\/wp\/v2\/media?parent=476"}],"curies":[{"name":"wp","href":"https:\/\/api.w.org\/{rel}","templated":true}]}}