{"id":40123,"date":"2024-06-27T14:02:35","date_gmt":"2024-06-27T11:02:35","guid":{"rendered":"https:\/\/www.kktavastia.fi\/ammattiopisto\/?page_id=40123"},"modified":"2026-03-02T10:19:49","modified_gmt":"2026-03-02T08:19:49","slug":"ohjauspiste","status":"publish","type":"page","link":"https:\/\/www.kktavastia.fi\/ammattiopisto\/hakijalle\/ohjauspiste\/","title":{"rendered":"Ohjauspiste"},"content":{"rendered":"\n<p class=\"is-style-ingress\">Ohjauspisteen palvelu on tarkoitettu Tavastian koulutusmahdollisuuksista kiinnostuneille ja ohjaamme eteenp\u00e4in valinnoissa. Voit kysy\u00e4 sinua askarruttavia hakeutumiseen liittyvi\u00e4 asioita ja varata ohjausajan esimerkiksi hakemuksen tekemiseen tai sopivan koulutuksen pohtimiseen.<\/p>\n\n\n\n<p>Ohjauspisteen toimipaikka Hattelmalantien kampuksella on suljettu ja palvelemme jatkossa puhelimitse ja s\u00e4hk\u00f6postilla sek\u00e4 ajanvarauksella.<\/p>\n\n\n\n<div class=\"wp-block-buttons is-layout-flex wp-block-buttons-is-layout-flex\">\n<div class=\"wp-block-button\"><a class=\"wp-block-button__link wp-element-button\" href=\"https:\/\/outlook.office.com\/book\/Tavastianhakeutumisneuvonta@livekktavastia.onmicrosoft.com\/?ismsaljsauthenabled\">Varaa aika hakeutumisneuvontaan<\/a><\/div>\n<\/div>\n\n\n\n<p>Vaihtoehtoina ovat live- tai Teams-tapaaminen tai puhelu sovittuna ajankohtana. Palvelu on tarkoitettu kaikille, jotka kaipaavat lis\u00e4\u00e4 ohjausta hakeutumiseen liittyen. Aikoja voi varata uraohjaajalle ja opinto-ohjaajalle.<\/p>\n\n\n\n<p>Tervetuloa, autamme mielell\u00e4mme!<\/p>\n\n\n\n<h4 class=\"wp-block-heading\">Aukioloajat ja yhteystiedot<\/h4>\n\n\n\n<ul class=\"wp-block-list\">\n<li>ma\u2013to klo 9\u201315, pe suljettu<\/li>\n\n\n\n<li>puh. 03 6581 500 | <a href=\"mailto:ohjauspiste@kktavastia.fi\">ohjauspiste@kktavastia.fi<\/a><\/li>\n<\/ul>\n\n\n\n<div style=\"height:57px\" aria-hidden=\"true\" class=\"wp-block-spacer\"><\/div>\n","protected":false},"excerpt":{"rendered":"<p>Ohjauspisteen palvelu on tarkoitettu Tavastian koulutusmahdollisuuksista kiinnostuneille ja ohjaamme eteenp\u00e4in valinnoissa. Voit kysy\u00e4 sinua askarruttavia hakeutumiseen liittyvi\u00e4 asioita ja varata [&hellip;]<\/p>\n","protected":false},"author":5,"featured_media":0,"parent":2,"menu_order":1,"comment_status":"closed","ping_status":"closed","template":"","meta":{"_acf_changed":false,"_relevanssi_hide_post":"","_relevanssi_hide_content":"","_relevanssi_pin_for_all":"","_relevanssi_pin_keywords":"","_relevanssi_unpin_keywords":"","_relevanssi_related_keywords":"","_relevanssi_related_include_ids":"","_relevanssi_related_exclude_ids":"","_relevanssi_related_no_append":"","_relevanssi_related_not_related":"","_relevanssi_related_posts":"147,15,189,142,991,38310","_relevanssi_noindex_reason":"","footnotes":""},"class_list":["post-40123","page","type-page","status-publish","hentry"],"acf":[],"yoast_head":"<title>Ohjauspiste - Ammattiopisto Tavastia<\/title>\n<meta name=\"robots\" content=\"index, follow, max-snippet:-1, max-image-preview:large, max-video-preview:-1\" \/>\n<link rel=\"canonical\" href=\"https:\/\/www.kktavastia.fi\/ammattiopisto\/hakijalle\/ohjauspiste\/\" \/>\n<meta property=\"og:locale\" content=\"fi_FI\" \/>\n<meta property=\"og:type\" content=\"article\" \/>\n<meta property=\"og:title\" content=\"Ohjauspiste - Ammattiopisto Tavastia\" \/>\n<meta property=\"og:description\" content=\"Ohjauspisteen palvelu on tarkoitettu Tavastian koulutusmahdollisuuksista kiinnostuneille ja ohjaamme eteenp\u00e4in valinnoissa. Voit kysy\u00e4 sinua askarruttavia hakeutumiseen liittyvi\u00e4 asioita ja varata [&hellip;]\" \/>\n<meta property=\"og:url\" content=\"https:\/\/www.kktavastia.fi\/ammattiopisto\/hakijalle\/ohjauspiste\/\" \/>\n<meta property=\"og:site_name\" content=\"Ammattiopisto Tavastia\" \/>\n<meta property=\"article:modified_time\" content=\"2026-03-02T08:19:49+00:00\" \/>\n<meta name=\"twitter:card\" content=\"summary_large_image\" \/>\n<script type=\"application\/ld+json\" class=\"yoast-schema-graph\">{\"@context\":\"https:\\\/\\\/schema.org\",\"@graph\":[{\"@type\":\"WebPage\",\"@id\":\"https:\\\/\\\/www.kktavastia.fi\\\/ammattiopisto\\\/hakijalle\\\/ohjauspiste\\\/\",\"url\":\"https:\\\/\\\/www.kktavastia.fi\\\/ammattiopisto\\\/hakijalle\\\/ohjauspiste\\\/\",\"name\":\"Ohjauspiste - Ammattiopisto Tavastia\",\"isPartOf\":{\"@id\":\"https:\\\/\\\/www.kktavastia.fi\\\/ammattiopisto\\\/#website\"},\"datePublished\":\"2024-06-27T11:02:35+00:00\",\"dateModified\":\"2026-03-02T08:19:49+00:00\",\"breadcrumb\":{\"@id\":\"https:\\\/\\\/www.kktavastia.fi\\\/ammattiopisto\\\/hakijalle\\\/ohjauspiste\\\/#breadcrumb\"},\"inLanguage\":\"fi\",\"potentialAction\":[{\"@type\":\"ReadAction\",\"target\":[\"https:\\\/\\\/www.kktavastia.fi\\\/ammattiopisto\\\/hakijalle\\\/ohjauspiste\\\/\"]}]},{\"@type\":\"BreadcrumbList\",\"@id\":\"https:\\\/\\\/www.kktavastia.fi\\\/ammattiopisto\\\/hakijalle\\\/ohjauspiste\\\/#breadcrumb\",\"itemListElement\":[{\"@type\":\"ListItem\",\"position\":1,\"name\":\"Home\",\"item\":\"https:\\\/\\\/www.kktavastia.fi\\\/ammattiopisto\\\/\"},{\"@type\":\"ListItem\",\"position\":2,\"name\":\"Hakijalle\",\"item\":\"https:\\\/\\\/www.kktavastia.fi\\\/ammattiopisto\\\/hakijalle\\\/\"},{\"@type\":\"ListItem\",\"position\":3,\"name\":\"Ohjauspiste\"}]},{\"@type\":\"WebSite\",\"@id\":\"https:\\\/\\\/www.kktavastia.fi\\\/ammattiopisto\\\/#website\",\"url\":\"https:\\\/\\\/www.kktavastia.fi\\\/ammattiopisto\\\/\",\"name\":\"Ammattiopisto Tavastia\",\"description\":\"\",\"potentialAction\":[{\"@type\":\"SearchAction\",\"target\":{\"@type\":\"EntryPoint\",\"urlTemplate\":\"https:\\\/\\\/www.kktavastia.fi\\\/ammattiopisto\\\/?s={search_term_string}\"},\"query-input\":{\"@type\":\"PropertyValueSpecification\",\"valueRequired\":true,\"valueName\":\"search_term_string\"}}],\"inLanguage\":\"fi\"}]}<\/script>","yoast_head_json":{"title":"Ohjauspiste - Ammattiopisto Tavastia","robots":{"index":"index","follow":"follow","max-snippet":"max-snippet:-1","max-image-preview":"max-image-preview:large","max-video-preview":"max-video-preview:-1"},"canonical":"https:\/\/www.kktavastia.fi\/ammattiopisto\/hakijalle\/ohjauspiste\/","og_locale":"fi_FI","og_type":"article","og_title":"Ohjauspiste - Ammattiopisto Tavastia","og_description":"Ohjauspisteen palvelu on tarkoitettu Tavastian koulutusmahdollisuuksista kiinnostuneille ja ohjaamme eteenp\u00e4in valinnoissa. Voit kysy\u00e4 sinua askarruttavia hakeutumiseen liittyvi\u00e4 asioita ja varata [&hellip;]","og_url":"https:\/\/www.kktavastia.fi\/ammattiopisto\/hakijalle\/ohjauspiste\/","og_site_name":"Ammattiopisto Tavastia","article_modified_time":"2026-03-02T08:19:49+00:00","twitter_card":"summary_large_image","schema":{"@context":"https:\/\/schema.org","@graph":[{"@type":"WebPage","@id":"https:\/\/www.kktavastia.fi\/ammattiopisto\/hakijalle\/ohjauspiste\/","url":"https:\/\/www.kktavastia.fi\/ammattiopisto\/hakijalle\/ohjauspiste\/","name":"Ohjauspiste - Ammattiopisto Tavastia","isPartOf":{"@id":"https:\/\/www.kktavastia.fi\/ammattiopisto\/#website"},"datePublished":"2024-06-27T11:02:35+00:00","dateModified":"2026-03-02T08:19:49+00:00","breadcrumb":{"@id":"https:\/\/www.kktavastia.fi\/ammattiopisto\/hakijalle\/ohjauspiste\/#breadcrumb"},"inLanguage":"fi","potentialAction":[{"@type":"ReadAction","target":["https:\/\/www.kktavastia.fi\/ammattiopisto\/hakijalle\/ohjauspiste\/"]}]},{"@type":"BreadcrumbList","@id":"https:\/\/www.kktavastia.fi\/ammattiopisto\/hakijalle\/ohjauspiste\/#breadcrumb","itemListElement":[{"@type":"ListItem","position":1,"name":"Home","item":"https:\/\/www.kktavastia.fi\/ammattiopisto\/"},{"@type":"ListItem","position":2,"name":"Hakijalle","item":"https:\/\/www.kktavastia.fi\/ammattiopisto\/hakijalle\/"},{"@type":"ListItem","position":3,"name":"Ohjauspiste"}]},{"@type":"WebSite","@id":"https:\/\/www.kktavastia.fi\/ammattiopisto\/#website","url":"https:\/\/www.kktavastia.fi\/ammattiopisto\/","name":"Ammattiopisto Tavastia","description":"","potentialAction":[{"@type":"SearchAction","target":{"@type":"EntryPoint","urlTemplate":"https:\/\/www.kktavastia.fi\/ammattiopisto\/?s={search_term_string}"},"query-input":{"@type":"PropertyValueSpecification","valueRequired":true,"valueName":"search_term_string"}}],"inLanguage":"fi"}]}},"_links":{"self":[{"href":"https:\/\/www.kktavastia.fi\/ammattiopisto\/wp-json\/wp\/v2\/pages\/40123","targetHints":{"allow":["GET"]}}],"collection":[{"href":"https:\/\/www.kktavastia.fi\/ammattiopisto\/wp-json\/wp\/v2\/pages"}],"about":[{"href":"https:\/\/www.kktavastia.fi\/ammattiopisto\/wp-json\/wp\/v2\/types\/page"}],"author":[{"embeddable":true,"href":"https:\/\/www.kktavastia.fi\/ammattiopisto\/wp-json\/wp\/v2\/users\/5"}],"replies":[{"embeddable":true,"href":"https:\/\/www.kktavastia.fi\/ammattiopisto\/wp-json\/wp\/v2\/comments?post=40123"}],"version-history":[{"count":25,"href":"https:\/\/www.kktavastia.fi\/ammattiopisto\/wp-json\/wp\/v2\/pages\/40123\/revisions"}],"predecessor-version":[{"id":147438,"href":"https:\/\/www.kktavastia.fi\/ammattiopisto\/wp-json\/wp\/v2\/pages\/40123\/revisions\/147438"}],"up":[{"embeddable":true,"href":"https:\/\/www.kktavastia.fi\/ammattiopisto\/wp-json\/wp\/v2\/pages\/2"}],"wp:attachment":[{"href":"https:\/\/www.kktavastia.fi\/ammattiopisto\/wp-json\/wp\/v2\/media?parent=40123"}],"curies":[{"name":"wp","href":"https:\/\/api.w.org\/{rel}","templated":true}]}}