{"id":40116,"date":"2024-06-27T13:52:04","date_gmt":"2024-06-27T10:52:04","guid":{"rendered":"https:\/\/www.kktavastia.fi\/ammattiopisto\/?page_id=40116"},"modified":"2025-06-16T13:04:13","modified_gmt":"2025-06-16T10:04:13","slug":"opiskelijakortti","status":"publish","type":"page","link":"https:\/\/www.kktavastia.fi\/ammattiopisto\/opiskelijalle\/opiskelu\/opiskelijakortti\/","title":{"rendered":"Opiskelijakortti"},"content":{"rendered":"\n<h3 class=\"wp-block-heading\">Tavastian kuvallinen henkil\u00f6kortti<\/h3>\n\n\n\n<p>Ammattiopiston opiskelijoille voidaan tehd\u00e4 opiskelun alkuvaiheessa henkil\u00f6kortti, jota tarvitset:<\/p>\n\n\n\n<ul class=\"wp-block-list\">\n<li>Ruokailun yhteydess\u00e4 todistaaksesi olevasi Tavastian opiskelija<\/li>\n\n\n\n<li>IT-osastolla salasanan vaihtamisen yhteydess\u00e4 henkil\u00f6llisyyden todistamiseen<\/li>\n\n\n\n<li>Henkil\u00f6llisyyden todistamiseen oppilaitoksen alueella<\/li>\n\n\n\n<li>Ty\u00f6paikalla j\u00e4rjestett\u00e4v\u00e4ss\u00e4 koulutuksessa, jotka liittyv\u00e4t rakentamiseen<\/li>\n<\/ul>\n\n\n\n<p>Voit todistaa olevasi Tavastian opiskelija my\u00f6s virallisella opiskelijakortilla (Frankin digitaalinen opiskelijakortti, SAKKI- tai AMIS-kortti). Koulutuksessa, joka liittyy rakentamiseen, tarvitset silti Tavastian kuvallisen henkil\u00f6kortin ty\u00f6paikalla j\u00e4rjestett\u00e4v\u00e4ss\u00e4 koulutuksessa opiskellessasi.<\/p>\n\n\n\n<h3 class=\"wp-block-heading\">Frank digitaalinen opiskelijakortti<\/h3>\n\n\n\n<p>P\u00e4\u00e4toimisesti opiskelevat tutkinto-opiskelijat voivat saada Frankin maksuttoman digitaalisen opiskelijakortin. Frankin digitaalinen opiskelijakortti, Frank App, toimii virallisena opiskelijatunnisteena ja antaa oikeuden Frankin valtakunnallisten ja paikallisten opiskelija-alennusten lis\u00e4ksi kaikkiin Matkahuollon ja VR:n opiskelija-alennuksiin.<\/p>\n\n\n\n<p>Frankin opiskelijakortin voit saada sen j\u00e4lkeen, kun sinut on merkitty opinnot aloittaneeksi l\u00e4sn\u00e4olevaksi opiskelijaksi. Frank varmistaa voimassa olevan opiskelijastatuksen suoraan Opintopolusta sen j\u00e4lkeen, kun haet Frank-korttia. Opiskelijakorttia ei siis voi aktivoida tai tilata etuk\u00e4teen. <a href=\"https:\/\/www.frank.fi\/\" target=\"_blank\" rel=\"noreferrer noopener\">Tutustu Frankiin <\/a><\/p>\n\n\n\n<div class=\"wp-block-buttons is-layout-flex wp-block-buttons-is-layout-flex\">\n<div class=\"wp-block-button\"><a class=\"wp-block-button__link wp-element-button\" href=\"https:\/\/www.frank.fi\/opiskelijakortti\/\" target=\"_blank\" rel=\"noreferrer noopener\">Tilaa Frankin digitaalinen opiskelijakortti<\/a><\/div>\n<\/div>\n\n\n\n<p>Jos haluat Frankin maksuttoman digitaalisen opiskelijakortin lis\u00e4ksi muovisen opiskelijakortin, sinun tulee liitty\u00e4 opiskelijaj\u00e4rjest\u00f6n j\u00e4seneksi. Ammattiopiston opiskelijat voivat liitty\u00e4 esimerkiksi SAKKI ry:n tai OSKU ry:n j\u00e4seneksi. <\/p>\n\n\n\n<h3 class=\"wp-block-heading\">SAKKI-kortti<\/h3>\n\n\n\n<p>SAKKI ry\u00a0on Suomen Ammattiin Opiskelevien Liitto, jossa ajetaan amisten etuja ja oikeuksia.\u00a0Voit liitty\u00e4\u00a0suoraan <a href=\"https:\/\/sakkiry.fi\/\" target=\"_blank\" rel=\"noreferrer noopener\">SAKKIn nettisivujen kautta<\/a>\u00a0tai tulostaa sielt\u00e4 liittymislomakkeen.\u00a0 <\/p>\n\n\n\n<ul class=\"wp-block-list\">\n<li>SAKKI-kortti voidaan my\u00f6nt\u00e4\u00e4 mm. ammatillista perustutkintoa opiskeleville ja TUVA-opiskelijoille, mutta ei oppisopimusopiskelijoille eik\u00e4 ty\u00f6voima- tai henkil\u00f6st\u00f6koulutuksessa oleville. Varmista\u00a0viel\u00e4 Sakki ry:n nettisivuilta, oletko oikeutettu hankkimaan kortin.<\/li>\n\n\n\n<li>SAKKI-kortti&nbsp;on virallinen, maksullinen opiskelijakortti, joka oikeuttaa kaikkiin Matkahuollon ja VR:n opiskelija-alennuksiin sek\u00e4 opiskelijaetupalvelun Frankin opiskelija-alennuksiin.&nbsp;SAKKI-kortilla saat paljon muitakin alennuksia ja etuja.<\/li>\n<\/ul>\n\n\n\n<h3 class=\"wp-block-heading\">AMIS-opiskelijakortti<\/h3>\n\n\n\n<p>Suomen Opiskelija-Allianssi OSKU ry on amisten itsens\u00e4 omistama ja perustama valtakunnallinen opiskelijaliitto, jonka tarkoituksena on toimia ammatillisten opiskelijoiden valtakunnallisena etu- ja palveluj\u00e4rjest\u00f6n\u00e4 sek\u00e4 edist\u00e4\u00e4 ja valvoa opiskelijoiden yleisi\u00e4 ja yhteisi\u00e4 etuja erityisesti opinto-, sosiaali-, koulutus- ja oikeusturvakysymyksiss\u00e4. Liittym\u00e4ll\u00e4 j\u00e4seneksi saa virallisen AMIS-opiskelijakortin. Liittymislomake ja ohjeet l\u00f6ytyv\u00e4t <a href=\"https:\/\/www.osku.fi\/\" target=\"_blank\" rel=\"noreferrer noopener\">Oskun sivuilta<\/a>.<\/p>\n\n\n\n<ul class=\"wp-block-list\">\n<li>AMIS-kortti on virallinen, maksullinen opiskelijakortti, joka oikeuttaa Matkahuollon ja VR:n opiskelija-alennuksiin sek\u00e4 muihin valtakunnallisiin ja paikallisiin alennuksiin ja etuihin.<\/li>\n<\/ul>\n","protected":false},"excerpt":{"rendered":"<p>Tavastian kuvallinen henkil\u00f6kortti Ammattiopiston opiskelijoille voidaan tehd\u00e4 opiskelun alkuvaiheessa henkil\u00f6kortti, jota tarvitset: Voit todistaa olevasi Tavastian opiskelija my\u00f6s virallisella opiskelijakortilla [&hellip;]<\/p>\n","protected":false},"author":5,"featured_media":0,"parent":1063,"menu_order":5,"comment_status":"closed","ping_status":"closed","template":"","meta":{"_acf_changed":false,"_relevanssi_hide_post":"","_relevanssi_hide_content":"","_relevanssi_pin_for_all":"","_relevanssi_pin_keywords":"","_relevanssi_unpin_keywords":"","_relevanssi_related_keywords":"","_relevanssi_related_include_ids":"","_relevanssi_related_exclude_ids":"","_relevanssi_related_no_append":"","_relevanssi_related_not_related":"","_relevanssi_related_posts":"15408,1063,39687,39824,1115,105","_relevanssi_noindex_reason":"","footnotes":""},"class_list":["post-40116","page","type-page","status-publish","hentry"],"acf":[],"yoast_head":"<title>Opiskelijakortti - Ammattiopisto Tavastia<\/title>\n<meta name=\"robots\" content=\"index, follow, max-snippet:-1, max-image-preview:large, max-video-preview:-1\" \/>\n<link rel=\"canonical\" href=\"https:\/\/www.kktavastia.fi\/ammattiopisto\/opiskelijalle\/opiskelu\/opiskelijakortti\/\" \/>\n<meta property=\"og:locale\" content=\"fi_FI\" \/>\n<meta property=\"og:type\" content=\"article\" \/>\n<meta property=\"og:title\" content=\"Opiskelijakortti - Ammattiopisto Tavastia\" \/>\n<meta property=\"og:description\" content=\"Tavastian kuvallinen henkil\u00f6kortti Ammattiopiston opiskelijoille voidaan tehd\u00e4 opiskelun alkuvaiheessa henkil\u00f6kortti, jota tarvitset: Voit todistaa olevasi Tavastian opiskelija my\u00f6s virallisella opiskelijakortilla [&hellip;]\" \/>\n<meta property=\"og:url\" content=\"https:\/\/www.kktavastia.fi\/ammattiopisto\/opiskelijalle\/opiskelu\/opiskelijakortti\/\" \/>\n<meta property=\"og:site_name\" content=\"Ammattiopisto Tavastia\" \/>\n<meta property=\"article:modified_time\" content=\"2025-06-16T10:04:13+00:00\" \/>\n<meta name=\"twitter:card\" content=\"summary_large_image\" \/>\n<script type=\"application\/ld+json\" class=\"yoast-schema-graph\">{\"@context\":\"https:\\\/\\\/schema.org\",\"@graph\":[{\"@type\":\"WebPage\",\"@id\":\"https:\\\/\\\/www.kktavastia.fi\\\/ammattiopisto\\\/opiskelijalle\\\/opiskelu\\\/opiskelijakortti\\\/\",\"url\":\"https:\\\/\\\/www.kktavastia.fi\\\/ammattiopisto\\\/opiskelijalle\\\/opiskelu\\\/opiskelijakortti\\\/\",\"name\":\"Opiskelijakortti - Ammattiopisto Tavastia\",\"isPartOf\":{\"@id\":\"https:\\\/\\\/www.kktavastia.fi\\\/ammattiopisto\\\/#website\"},\"datePublished\":\"2024-06-27T10:52:04+00:00\",\"dateModified\":\"2025-06-16T10:04:13+00:00\",\"breadcrumb\":{\"@id\":\"https:\\\/\\\/www.kktavastia.fi\\\/ammattiopisto\\\/opiskelijalle\\\/opiskelu\\\/opiskelijakortti\\\/#breadcrumb\"},\"inLanguage\":\"fi\",\"potentialAction\":[{\"@type\":\"ReadAction\",\"target\":[\"https:\\\/\\\/www.kktavastia.fi\\\/ammattiopisto\\\/opiskelijalle\\\/opiskelu\\\/opiskelijakortti\\\/\"]}]},{\"@type\":\"BreadcrumbList\",\"@id\":\"https:\\\/\\\/www.kktavastia.fi\\\/ammattiopisto\\\/opiskelijalle\\\/opiskelu\\\/opiskelijakortti\\\/#breadcrumb\",\"itemListElement\":[{\"@type\":\"ListItem\",\"position\":1,\"name\":\"Home\",\"item\":\"https:\\\/\\\/www.kktavastia.fi\\\/ammattiopisto\\\/\"},{\"@type\":\"ListItem\",\"position\":2,\"name\":\"Opiskelijalle\",\"item\":\"https:\\\/\\\/www.kktavastia.fi\\\/ammattiopisto\\\/opiskelijalle\\\/\"},{\"@type\":\"ListItem\",\"position\":3,\"name\":\"Opiskelu\",\"item\":\"https:\\\/\\\/www.kktavastia.fi\\\/ammattiopisto\\\/opiskelijalle\\\/opiskelu\\\/\"},{\"@type\":\"ListItem\",\"position\":4,\"name\":\"Opiskelijakortti\"}]},{\"@type\":\"WebSite\",\"@id\":\"https:\\\/\\\/www.kktavastia.fi\\\/ammattiopisto\\\/#website\",\"url\":\"https:\\\/\\\/www.kktavastia.fi\\\/ammattiopisto\\\/\",\"name\":\"Ammattiopisto Tavastia\",\"description\":\"\",\"potentialAction\":[{\"@type\":\"SearchAction\",\"target\":{\"@type\":\"EntryPoint\",\"urlTemplate\":\"https:\\\/\\\/www.kktavastia.fi\\\/ammattiopisto\\\/?s={search_term_string}\"},\"query-input\":{\"@type\":\"PropertyValueSpecification\",\"valueRequired\":true,\"valueName\":\"search_term_string\"}}],\"inLanguage\":\"fi\"}]}<\/script>","yoast_head_json":{"title":"Opiskelijakortti - Ammattiopisto Tavastia","robots":{"index":"index","follow":"follow","max-snippet":"max-snippet:-1","max-image-preview":"max-image-preview:large","max-video-preview":"max-video-preview:-1"},"canonical":"https:\/\/www.kktavastia.fi\/ammattiopisto\/opiskelijalle\/opiskelu\/opiskelijakortti\/","og_locale":"fi_FI","og_type":"article","og_title":"Opiskelijakortti - Ammattiopisto Tavastia","og_description":"Tavastian kuvallinen henkil\u00f6kortti Ammattiopiston opiskelijoille voidaan tehd\u00e4 opiskelun alkuvaiheessa henkil\u00f6kortti, jota tarvitset: Voit todistaa olevasi Tavastian opiskelija my\u00f6s virallisella opiskelijakortilla [&hellip;]","og_url":"https:\/\/www.kktavastia.fi\/ammattiopisto\/opiskelijalle\/opiskelu\/opiskelijakortti\/","og_site_name":"Ammattiopisto Tavastia","article_modified_time":"2025-06-16T10:04:13+00:00","twitter_card":"summary_large_image","schema":{"@context":"https:\/\/schema.org","@graph":[{"@type":"WebPage","@id":"https:\/\/www.kktavastia.fi\/ammattiopisto\/opiskelijalle\/opiskelu\/opiskelijakortti\/","url":"https:\/\/www.kktavastia.fi\/ammattiopisto\/opiskelijalle\/opiskelu\/opiskelijakortti\/","name":"Opiskelijakortti - Ammattiopisto Tavastia","isPartOf":{"@id":"https:\/\/www.kktavastia.fi\/ammattiopisto\/#website"},"datePublished":"2024-06-27T10:52:04+00:00","dateModified":"2025-06-16T10:04:13+00:00","breadcrumb":{"@id":"https:\/\/www.kktavastia.fi\/ammattiopisto\/opiskelijalle\/opiskelu\/opiskelijakortti\/#breadcrumb"},"inLanguage":"fi","potentialAction":[{"@type":"ReadAction","target":["https:\/\/www.kktavastia.fi\/ammattiopisto\/opiskelijalle\/opiskelu\/opiskelijakortti\/"]}]},{"@type":"BreadcrumbList","@id":"https:\/\/www.kktavastia.fi\/ammattiopisto\/opiskelijalle\/opiskelu\/opiskelijakortti\/#breadcrumb","itemListElement":[{"@type":"ListItem","position":1,"name":"Home","item":"https:\/\/www.kktavastia.fi\/ammattiopisto\/"},{"@type":"ListItem","position":2,"name":"Opiskelijalle","item":"https:\/\/www.kktavastia.fi\/ammattiopisto\/opiskelijalle\/"},{"@type":"ListItem","position":3,"name":"Opiskelu","item":"https:\/\/www.kktavastia.fi\/ammattiopisto\/opiskelijalle\/opiskelu\/"},{"@type":"ListItem","position":4,"name":"Opiskelijakortti"}]},{"@type":"WebSite","@id":"https:\/\/www.kktavastia.fi\/ammattiopisto\/#website","url":"https:\/\/www.kktavastia.fi\/ammattiopisto\/","name":"Ammattiopisto Tavastia","description":"","potentialAction":[{"@type":"SearchAction","target":{"@type":"EntryPoint","urlTemplate":"https:\/\/www.kktavastia.fi\/ammattiopisto\/?s={search_term_string}"},"query-input":{"@type":"PropertyValueSpecification","valueRequired":true,"valueName":"search_term_string"}}],"inLanguage":"fi"}]}},"_links":{"self":[{"href":"https:\/\/www.kktavastia.fi\/ammattiopisto\/wp-json\/wp\/v2\/pages\/40116","targetHints":{"allow":["GET"]}}],"collection":[{"href":"https:\/\/www.kktavastia.fi\/ammattiopisto\/wp-json\/wp\/v2\/pages"}],"about":[{"href":"https:\/\/www.kktavastia.fi\/ammattiopisto\/wp-json\/wp\/v2\/types\/page"}],"author":[{"embeddable":true,"href":"https:\/\/www.kktavastia.fi\/ammattiopisto\/wp-json\/wp\/v2\/users\/5"}],"replies":[{"embeddable":true,"href":"https:\/\/www.kktavastia.fi\/ammattiopisto\/wp-json\/wp\/v2\/comments?post=40116"}],"version-history":[{"count":12,"href":"https:\/\/www.kktavastia.fi\/ammattiopisto\/wp-json\/wp\/v2\/pages\/40116\/revisions"}],"predecessor-version":[{"id":102174,"href":"https:\/\/www.kktavastia.fi\/ammattiopisto\/wp-json\/wp\/v2\/pages\/40116\/revisions\/102174"}],"up":[{"embeddable":true,"href":"https:\/\/www.kktavastia.fi\/ammattiopisto\/wp-json\/wp\/v2\/pages\/1063"}],"wp:attachment":[{"href":"https:\/\/www.kktavastia.fi\/ammattiopisto\/wp-json\/wp\/v2\/media?parent=40116"}],"curies":[{"name":"wp","href":"https:\/\/api.w.org\/{rel}","templated":true}]}}