{"id":40079,"date":"2024-06-27T11:41:24","date_gmt":"2024-06-27T08:41:24","guid":{"rendered":"https:\/\/www.kktavastia.fi\/ammattiopisto\/?page_id=40079"},"modified":"2024-07-03T15:43:52","modified_gmt":"2024-07-03T12:43:52","slug":"monikulttuurisuus","status":"publish","type":"page","link":"https:\/\/www.kktavastia.fi\/ammattiopisto\/tietoa-ammattiopistosta\/monikulttuurisuus\/","title":{"rendered":"Monikulttuurisuus"},"content":{"rendered":"\n<p class=\"is-style-ingress\">Ammattiopisto Tavastialla on laaja ty\u00f6el\u00e4m\u00e4verkosto, jonka kanssa tehd\u00e4\u00e4n tiivist\u00e4 yhteisty\u00f6t\u00e4. Haluamme tukea yhteisty\u00f6kumppaneitamme ty\u00f6el\u00e4m\u00e4n monimuotoistumisessa ja monikulttuuristumisessa. Teemme aktiivista yhteisty\u00f6t\u00e4 ty\u00f6hallinnon kanssa mm. toteuttamalla maahanmuuttaneille suunnattuja ty\u00f6voimakoulutuksia ja tukemalla vieraskielisten opiskelijoiden ty\u00f6llistymist\u00e4.&nbsp;<\/p>\n\n\n\n<p>Ammattiopisto Tavastiassa opiskelee suhteessa alueen v\u00e4est\u00f6\u00f6n paljon maahanmuuttaneita. Vuosittain opiskelijoista noin 700\u2013800 puhuu \u00e4idinkielen\u00e4\u00e4n muuta kuin suomea tai ruotsia. He ovat noin 17 prosenttia ammattiopiston opiskelijoista. Maahanmuuttaneista suurin osa opiskelee yhdess\u00e4 suomea \u00e4idinkielen\u00e4 puhuvien kanssa. He puhuvat noin 60 eri \u00e4idinkielt\u00e4. Monikulttuurisuutta tukevat osastojen monikulttuurisuusyhteyshenkil\u00f6t ja monikulttuurisuuskoordinaattori.<\/p>\n\n\n\n<p>Monikulttuurisuus tukee Koulutuskuntayhtym\u00e4 Tavastian arvojen toteutumista. Koulutuskuntayhtym\u00e4 Tavastian arvot ovat: vaikuttavuus, vastuullisuus, kumppanuus ja uskallus. Tavastian arvoissa vaikuttavuus\u202fon osaamista, hyvinvoinnin tukemista ja elinvoiman kehitt\u00e4mist\u00e4. Maahanmuuttaneiden kouluttaminen tuo seutukunnalle osaamista, tukee ty\u00f6llisyytt\u00e4 ja hyvinvointia sek\u00e4 varmistaa alueen ty\u00f6el\u00e4m\u00e4lle osaavan ty\u00f6voiman saatavuutta ja tukee yritt\u00e4jyytt\u00e4.<\/p>\n\n\n\n<p>Arvoissa vastuullisuus\u202fon v\u00e4litt\u00e4mist\u00e4, turvallisuutta, taloudellisuutta ja kest\u00e4v\u00e4\u00e4 tulevaisuutta. Monikulttuurisuus ja vahva maahanmuuttaneiden koulutus on osa sosiaalista kest\u00e4vyytt\u00e4, joka tukee osaltaan v\u00e4litt\u00e4misen kulttuuria, turvallisuutta ja taloutta.<\/p>\n\n\n\n<p>Kumppanuus\u202fon arvoissa kuvattu olevan aktiivista ja huomioivaa monitahoista yhteisty\u00f6t\u00e4, kansainv\u00e4lisyytt\u00e4 ja monikulttuurisuutta. Tavastian kumppanuusverkostot monikulttuurisuuteen liittyen ovat laajat ja toimivat niin ty\u00f6el\u00e4m\u00e4\u00e4n, julkiseen sektoriin kuin kolmannen sektorin toimijoihin kuin oppilaitosverkostoihinkin. Kumppanuus toteutuu mm. kehitt\u00e4misyhteisty\u00f6n\u00e4 eri hankkeissa sek\u00e4 aktiivisena verkoston monikulttuurisuusasiantuntijaryhm\u00e4n\u00e4 ja monikulttuurisuuskoordinaattority\u00f6n\u00e4.<\/p>\n\n\n\n<p>Monikulttuurisuusty\u00f6t\u00e4 ohjaa strategiaa tukeva <a href=\"https:\/\/kktavastia.tweb.fi\/3\/192895\">monikulttuurisuusohjelma<\/a>, jossa keskeiset toimenpiteet vuosina 2022\u20132025 ovat&nbsp;<\/p>\n\n\n\n<ul class=\"wp-block-list\">\n<li>Ty\u00f6el\u00e4m\u00e4n monikulttuuristumisen, kansainv\u00e4listymisen sek\u00e4 kieli- ja kulttuuritietoisuusosaamisen tukeminen&nbsp;<\/li>\n\n\n\n<li>Vieraskielisille suunnatun koulutustarjonnan suunnitelmallisuus&nbsp;<\/li>\n\n\n\n<li>Opiskelijoiden yhdenvertaisuuden tukeminen&nbsp;<\/li>\n<\/ul>\n\n\n\n<p>Monikulttuurisuuteen liittyv\u00e4\u00e4 kehitt\u00e4misty\u00f6t\u00e4 tehd\u00e4\u00e4n useissa OKM:n strategiarahoituksen, H\u00e4meen liiton AKKE- ja ESR-rahoitteisissa hankkeissa. Lue lis\u00e4\u00e4:&nbsp;&nbsp;<\/p>\n\n\n\n<ul class=\"wp-block-list\">\n<li><a href=\"https:\/\/www.kktavastia.fi\/projektit\/kehittamisprojektit\/vieraskielisen-opetuksen-kehittamiseksi-seka-kotimaisten-kielten-opetuksen-tarjonnan-ja-laadun-parantamiseksi-ammatillisessa-koulutuksessa\/\">VIERKO<\/a><\/li>\n\n\n\n<li><a href=\"https:\/\/www.kktavastia.fi\/projektit\/eu-projektit\/oppien-osallisuuteen\/\">Oppien osallisuuteen ESR<\/a><\/li>\n\n\n\n<li><a href=\"https:\/\/www.kktavastia.fi\/projektit\/kehittamisprojektit\/kulkeva\/\">KULKEVA-hanke<\/a><\/li>\n<\/ul>\n\n\n\n<p>Hankkeissa yksi painopiste on ty\u00f6el\u00e4m\u00e4n monikulttuurisuusosaamisen ja kansainv\u00e4lisyyden vahvistaminen. Tarjoamme <a href=\"https:\/\/www.kktavastia.fi\/ammattiopisto\/tyoelamayhteistyo\/tyopaikkaohjaajakoulutus\/\">ty\u00f6paikkaohjaajille monikulttuurisuuskoulutusta<\/a> tukemaan niin ty\u00f6yhteis\u00f6j\u00e4, kuin niiss\u00e4 opiskelevia ja niihin ty\u00f6llistyvi\u00e4 opiskelijoitamme.\u00a0<\/p>\n\n\n\n<p>Tarjoamme my\u00f6s <a href=\"https:\/\/www.kktavastia.fi\/ammattiopisto\/tutkinnot\/tyovoimakoulutus\/tyopaikkasuomi\/\">Ty\u00f6paikkasuomea-koulutusta<\/a>, jonka avulla ty\u00f6nantaja voi vahvistaa vieraskielisten ty\u00f6ntekij\u00f6idens\u00e4 valmiuksia ty\u00f6skennell\u00e4 suomen kielell\u00e4. Koulutus on osin ELY-keskuksen rahoittamaa.<\/p>\n","protected":false},"excerpt":{"rendered":"<p>Ammattiopisto Tavastialla on laaja ty\u00f6el\u00e4m\u00e4verkosto, jonka kanssa tehd\u00e4\u00e4n tiivist\u00e4 yhteisty\u00f6t\u00e4. Haluamme tukea yhteisty\u00f6kumppaneitamme ty\u00f6el\u00e4m\u00e4n monimuotoistumisessa ja monikulttuuristumisessa. Teemme aktiivista yhteisty\u00f6t\u00e4 [&hellip;]<\/p>\n","protected":false},"author":5,"featured_media":0,"parent":127,"menu_order":4,"comment_status":"closed","ping_status":"closed","template":"","meta":{"_acf_changed":false,"_relevanssi_hide_post":"","_relevanssi_hide_content":"","_relevanssi_pin_for_all":"","_relevanssi_pin_keywords":"","_relevanssi_unpin_keywords":"","_relevanssi_related_keywords":"","_relevanssi_related_include_ids":"","_relevanssi_related_exclude_ids":"","_relevanssi_related_no_append":"","_relevanssi_related_not_related":"","_relevanssi_related_posts":"526,13943,1115,11,22633,563","_relevanssi_noindex_reason":"","footnotes":""},"class_list":["post-40079","page","type-page","status-publish","hentry"],"acf":[],"yoast_head":"<title>Monikulttuurisuus - Ammattiopisto Tavastia<\/title>\n<meta name=\"robots\" content=\"index, follow, max-snippet:-1, max-image-preview:large, max-video-preview:-1\" \/>\n<link rel=\"canonical\" href=\"https:\/\/www.kktavastia.fi\/ammattiopisto\/tietoa-ammattiopistosta\/monikulttuurisuus\/\" \/>\n<meta property=\"og:locale\" content=\"fi_FI\" \/>\n<meta property=\"og:type\" content=\"article\" \/>\n<meta property=\"og:title\" content=\"Monikulttuurisuus - Ammattiopisto Tavastia\" \/>\n<meta property=\"og:description\" content=\"Ammattiopisto Tavastialla on laaja ty\u00f6el\u00e4m\u00e4verkosto, jonka kanssa tehd\u00e4\u00e4n tiivist\u00e4 yhteisty\u00f6t\u00e4. Haluamme tukea yhteisty\u00f6kumppaneitamme ty\u00f6el\u00e4m\u00e4n monimuotoistumisessa ja monikulttuuristumisessa. Teemme aktiivista yhteisty\u00f6t\u00e4 [&hellip;]\" \/>\n<meta property=\"og:url\" content=\"https:\/\/www.kktavastia.fi\/ammattiopisto\/tietoa-ammattiopistosta\/monikulttuurisuus\/\" \/>\n<meta property=\"og:site_name\" content=\"Ammattiopisto Tavastia\" \/>\n<meta property=\"article:modified_time\" content=\"2024-07-03T12:43:52+00:00\" \/>\n<meta name=\"twitter:card\" content=\"summary_large_image\" \/>\n<script type=\"application\/ld+json\" class=\"yoast-schema-graph\">{\"@context\":\"https:\\\/\\\/schema.org\",\"@graph\":[{\"@type\":\"WebPage\",\"@id\":\"https:\\\/\\\/www.kktavastia.fi\\\/ammattiopisto\\\/tietoa-ammattiopistosta\\\/monikulttuurisuus\\\/\",\"url\":\"https:\\\/\\\/www.kktavastia.fi\\\/ammattiopisto\\\/tietoa-ammattiopistosta\\\/monikulttuurisuus\\\/\",\"name\":\"Monikulttuurisuus - Ammattiopisto Tavastia\",\"isPartOf\":{\"@id\":\"https:\\\/\\\/www.kktavastia.fi\\\/ammattiopisto\\\/#website\"},\"datePublished\":\"2024-06-27T08:41:24+00:00\",\"dateModified\":\"2024-07-03T12:43:52+00:00\",\"breadcrumb\":{\"@id\":\"https:\\\/\\\/www.kktavastia.fi\\\/ammattiopisto\\\/tietoa-ammattiopistosta\\\/monikulttuurisuus\\\/#breadcrumb\"},\"inLanguage\":\"fi\",\"potentialAction\":[{\"@type\":\"ReadAction\",\"target\":[\"https:\\\/\\\/www.kktavastia.fi\\\/ammattiopisto\\\/tietoa-ammattiopistosta\\\/monikulttuurisuus\\\/\"]}]},{\"@type\":\"BreadcrumbList\",\"@id\":\"https:\\\/\\\/www.kktavastia.fi\\\/ammattiopisto\\\/tietoa-ammattiopistosta\\\/monikulttuurisuus\\\/#breadcrumb\",\"itemListElement\":[{\"@type\":\"ListItem\",\"position\":1,\"name\":\"Home\",\"item\":\"https:\\\/\\\/www.kktavastia.fi\\\/ammattiopisto\\\/\"},{\"@type\":\"ListItem\",\"position\":2,\"name\":\"Tietoa ammattiopistosta\",\"item\":\"https:\\\/\\\/www.kktavastia.fi\\\/ammattiopisto\\\/tietoa-ammattiopistosta\\\/\"},{\"@type\":\"ListItem\",\"position\":3,\"name\":\"Monikulttuurisuus\"}]},{\"@type\":\"WebSite\",\"@id\":\"https:\\\/\\\/www.kktavastia.fi\\\/ammattiopisto\\\/#website\",\"url\":\"https:\\\/\\\/www.kktavastia.fi\\\/ammattiopisto\\\/\",\"name\":\"Ammattiopisto Tavastia\",\"description\":\"\",\"potentialAction\":[{\"@type\":\"SearchAction\",\"target\":{\"@type\":\"EntryPoint\",\"urlTemplate\":\"https:\\\/\\\/www.kktavastia.fi\\\/ammattiopisto\\\/?s={search_term_string}\"},\"query-input\":{\"@type\":\"PropertyValueSpecification\",\"valueRequired\":true,\"valueName\":\"search_term_string\"}}],\"inLanguage\":\"fi\"}]}<\/script>","yoast_head_json":{"title":"Monikulttuurisuus - Ammattiopisto Tavastia","robots":{"index":"index","follow":"follow","max-snippet":"max-snippet:-1","max-image-preview":"max-image-preview:large","max-video-preview":"max-video-preview:-1"},"canonical":"https:\/\/www.kktavastia.fi\/ammattiopisto\/tietoa-ammattiopistosta\/monikulttuurisuus\/","og_locale":"fi_FI","og_type":"article","og_title":"Monikulttuurisuus - Ammattiopisto Tavastia","og_description":"Ammattiopisto Tavastialla on laaja ty\u00f6el\u00e4m\u00e4verkosto, jonka kanssa tehd\u00e4\u00e4n tiivist\u00e4 yhteisty\u00f6t\u00e4. Haluamme tukea yhteisty\u00f6kumppaneitamme ty\u00f6el\u00e4m\u00e4n monimuotoistumisessa ja monikulttuuristumisessa. Teemme aktiivista yhteisty\u00f6t\u00e4 [&hellip;]","og_url":"https:\/\/www.kktavastia.fi\/ammattiopisto\/tietoa-ammattiopistosta\/monikulttuurisuus\/","og_site_name":"Ammattiopisto Tavastia","article_modified_time":"2024-07-03T12:43:52+00:00","twitter_card":"summary_large_image","schema":{"@context":"https:\/\/schema.org","@graph":[{"@type":"WebPage","@id":"https:\/\/www.kktavastia.fi\/ammattiopisto\/tietoa-ammattiopistosta\/monikulttuurisuus\/","url":"https:\/\/www.kktavastia.fi\/ammattiopisto\/tietoa-ammattiopistosta\/monikulttuurisuus\/","name":"Monikulttuurisuus - Ammattiopisto Tavastia","isPartOf":{"@id":"https:\/\/www.kktavastia.fi\/ammattiopisto\/#website"},"datePublished":"2024-06-27T08:41:24+00:00","dateModified":"2024-07-03T12:43:52+00:00","breadcrumb":{"@id":"https:\/\/www.kktavastia.fi\/ammattiopisto\/tietoa-ammattiopistosta\/monikulttuurisuus\/#breadcrumb"},"inLanguage":"fi","potentialAction":[{"@type":"ReadAction","target":["https:\/\/www.kktavastia.fi\/ammattiopisto\/tietoa-ammattiopistosta\/monikulttuurisuus\/"]}]},{"@type":"BreadcrumbList","@id":"https:\/\/www.kktavastia.fi\/ammattiopisto\/tietoa-ammattiopistosta\/monikulttuurisuus\/#breadcrumb","itemListElement":[{"@type":"ListItem","position":1,"name":"Home","item":"https:\/\/www.kktavastia.fi\/ammattiopisto\/"},{"@type":"ListItem","position":2,"name":"Tietoa ammattiopistosta","item":"https:\/\/www.kktavastia.fi\/ammattiopisto\/tietoa-ammattiopistosta\/"},{"@type":"ListItem","position":3,"name":"Monikulttuurisuus"}]},{"@type":"WebSite","@id":"https:\/\/www.kktavastia.fi\/ammattiopisto\/#website","url":"https:\/\/www.kktavastia.fi\/ammattiopisto\/","name":"Ammattiopisto Tavastia","description":"","potentialAction":[{"@type":"SearchAction","target":{"@type":"EntryPoint","urlTemplate":"https:\/\/www.kktavastia.fi\/ammattiopisto\/?s={search_term_string}"},"query-input":{"@type":"PropertyValueSpecification","valueRequired":true,"valueName":"search_term_string"}}],"inLanguage":"fi"}]}},"_links":{"self":[{"href":"https:\/\/www.kktavastia.fi\/ammattiopisto\/wp-json\/wp\/v2\/pages\/40079","targetHints":{"allow":["GET"]}}],"collection":[{"href":"https:\/\/www.kktavastia.fi\/ammattiopisto\/wp-json\/wp\/v2\/pages"}],"about":[{"href":"https:\/\/www.kktavastia.fi\/ammattiopisto\/wp-json\/wp\/v2\/types\/page"}],"author":[{"embeddable":true,"href":"https:\/\/www.kktavastia.fi\/ammattiopisto\/wp-json\/wp\/v2\/users\/5"}],"replies":[{"embeddable":true,"href":"https:\/\/www.kktavastia.fi\/ammattiopisto\/wp-json\/wp\/v2\/comments?post=40079"}],"version-history":[{"count":3,"href":"https:\/\/www.kktavastia.fi\/ammattiopisto\/wp-json\/wp\/v2\/pages\/40079\/revisions"}],"predecessor-version":[{"id":41123,"href":"https:\/\/www.kktavastia.fi\/ammattiopisto\/wp-json\/wp\/v2\/pages\/40079\/revisions\/41123"}],"up":[{"embeddable":true,"href":"https:\/\/www.kktavastia.fi\/ammattiopisto\/wp-json\/wp\/v2\/pages\/127"}],"wp:attachment":[{"href":"https:\/\/www.kktavastia.fi\/ammattiopisto\/wp-json\/wp\/v2\/media?parent=40079"}],"curies":[{"name":"wp","href":"https:\/\/api.w.org\/{rel}","templated":true}]}}