{"id":39824,"date":"2024-06-26T12:18:26","date_gmt":"2024-06-26T09:18:26","guid":{"rendered":"https:\/\/www.kktavastia.fi\/ammattiopisto\/?page_id=39824"},"modified":"2025-06-16T21:27:46","modified_gmt":"2025-06-16T18:27:46","slug":"tyoelamassa-oppiminen","status":"publish","type":"page","link":"https:\/\/www.kktavastia.fi\/ammattiopisto\/opiskelijalle\/opiskelu\/tyoelamassa-oppiminen\/","title":{"rendered":"Ty\u00f6el\u00e4m\u00e4ss\u00e4 oppiminen"},"content":{"rendered":"\n<p class=\"is-style-ingress\">Ty\u00f6el\u00e4m\u00e4ss\u00e4 oppiminen on ty\u00f6paikalla j\u00e4rjestett\u00e4v\u00e4\u00e4 koulutusta (TJK), jota voidaan toteuttaa oppisopimuksella tai koulutussopimuksella. Oppisopimuksessa sinulle maksetaan palkkaa.<\/p>\n\n\n\n<p class=\"is-style-default\">Koulutus- ja oppisopimuksen kesto m\u00e4\u00e4r\u00e4ytyy HOKSissa. Kesto voi olla muutamasta viikosta jopa koko tutkinnon suorittamisen ajan. TJK on yksi oppimisymp\u00e4rist\u00f6. Jos ty\u00f6el\u00e4m\u00e4ss\u00e4 oppiminen on sinulle sopiva tapa oppia, voit keskustella asiasta vastuuopettajasi kanssa.<\/p>\n\n\n\n<p class=\"is-style-default\">Sopimuksessa sinulle m\u00e4\u00e4ritell\u00e4\u00e4n ty\u00f6paikalla oppimista ohjaava ty\u00f6paikkaohjaaja ja opettaja. Sopimus pit\u00e4\u00e4 olla allekirjoitettuna ennen ty\u00f6paikalla j\u00e4rjestett\u00e4v\u00e4n koulutuksen alkamista. <\/p>\n\n\n\n<p class=\"is-style-default\">Ty\u00f6paikkaohjaaja perehdytt\u00e4\u00e4, ohjaa ja antaa palautetta osaamisesi kehittymisest\u00e4. Opettaja ohjaa sinua sovitulla tavalla (esim. Wilma, puhelin, Teams) ja k\u00e4y tapaamassa sinua ja ty\u00f6paikkaohjaajaasi. Opettajaan kannattaa olla yhteydess\u00e4 aina, kun ty\u00f6paikalla j\u00e4rjestett\u00e4v\u00e4ss\u00e4 koulutuksessa ilmenee jotakin kysytt\u00e4v\u00e4\u00e4.<\/p>\n\n\n\n<p>Osaamisen arviointi (n\u00e4yt\u00f6t) toteutetaan p\u00e4\u00e4osin ty\u00f6paikalla j\u00e4rjestett\u00e4v\u00e4n koulutuksen yhteydess\u00e4. Ennen n\u00e4ytt\u00f6\u00e4 opettaja ja ty\u00f6paikkaohjaaja varmistavat, ett\u00e4 sinulla on riitt\u00e4v\u00e4t valmiudet osaamisen osoittamiseen. Ty\u00f6paikalla j\u00e4rjestett\u00e4v\u00e4\u00e4n koulutukseen p\u00e4\u00e4sy voidaan ev\u00e4t\u00e4 tai siirt\u00e4\u00e4, mik\u00e4li sinulla on suorittamattomia opintoja, joiden katsotaan est\u00e4v\u00e4n ty\u00f6paikalla j\u00e4rjestett\u00e4v\u00e4n koulutuksen tavoitteiden saavuttamisen tai n\u00e4yt\u00f6n suorittamisen.<\/p>\n\n\n\n<p>Ty\u00f6paikalla j\u00e4rjestett\u00e4v\u00e4n koulutuksen lis\u00e4ksi opiskelija voi olla ty\u00f6paikalla tutustumassa ty\u00f6el\u00e4m\u00e4\u00e4n. Ty\u00f6el\u00e4m\u00e4\u00e4n tutustumisjaksot eiv\u00e4t ole sidottu tietyn tutkinnon osan osaamisen hankkimiseen. Ty\u00f6paikalla j\u00e4rjestett\u00e4v\u00e4 koulutus voidaan toteuttaa my\u00f6s ulkomailla. Ole yhteydess\u00e4 osastosi kansainv\u00e4lisyysvastaavaan, yhteystiedot l\u00f6yd\u00e4t <a href=\"https:\/\/www.kktavastia.fi\/ammattiopisto\/opiskelijalle\/opiskelu\/kansainvalisyys\/\">t\u00e4\u00e4lt\u00e4<\/a>.<\/p>\n\n\n\n<section class=\"block block-image-content-upsell right-image\">\n  <div class=\"container\">\n\n    <div class=\"cols\">\n      <div class=\"col col-content\">\n        <div class=\"content content-dark\">\n          <h3>Kes\u00e4ty\u00f6kampanja 2025<\/h3>\n          <p>Haluatko opiskella ja\/tai tehd\u00e4 ty\u00f6t\u00e4 kes\u00e4aikana? Sinulla on mahdollista saada kes\u00e4ksi ty\u00f6t\u00e4 opiskelusi kautta monella eri tavalla.<\/p>\n                      <a href=\"https:\/\/kktavastia.tweb.fi\/3\/215867\" class=\"button button-light\">Lue lis\u00e4\u00e4<svg xmlns=\"http:\/\/www.w3.org\/2000\/svg\" width=\"23\" height=\"8\" viewBox=\"0 0 23 8\"><path d=\"M1 3.818h21.23m0 0L19.153.764m3.077 3.054l-3.077 3.055\" stroke=\"currentColor\" stroke-width=\"1.5\" fill=\"none\" fill-rule=\"evenodd\" stroke-linecap=\"round\" stroke-linejoin=\"round\"\/><\/svg>\n<\/a>\n                  <\/div>\n      <\/div>\n\n      <div class=\"col col-image\">\n            <div class=\"lazy\"\n      data-bg=\"https:\/\/www.kktavastia.fi\/media\/sites\/2\/kk-tavastia-35hires-1-scaled.jpg\"\n          >\n    <\/div>\n\n          <\/div>\n    <\/div>\n\n  <\/div>\n<\/section>\n\n\n\n<h3 class=\"wp-block-heading\">Koulutussopimus<\/h3>\n\n\n\n<p>Koulutussopimukseen perustuvassa koulutuksessa opiskelija ei voi olla ty\u00f6suhteessa. Jos sinulle tarjotaan ty\u00f6sopimusta, selvit\u00e4 mahdollisuus solmia oppisopimus. Koulutussopimus perustuu sinun kanssasi tehtyyn henkil\u00f6kohtaiseen osaamisen kehitt\u00e4missuunnitelmaan (HOKS), jonka perusteella koulutussopimusty\u00f6paikan ja Ammattiopisto Tavastian edustajat sopivat osaamisen hankkimisesta. Tutustu koulutussopimukseen huolella ja tee omat vastuuteht\u00e4v\u00e4si tunnollisesti. Koulutussopimuksessa m\u00e4\u00e4ritell\u00e4\u00e4n ty\u00f6el\u00e4m\u00e4ss\u00e4 oppimisen jakson pituus. Sit\u00e4 ei p\u00e4\u00e4s\u00e4\u00e4nt\u00f6isesti muuteta jakson kuluessa ilman erityisi\u00e4 perusteita.<\/p>\n\n\n\n<p>Perustutkintoa p\u00e4\u00e4toimisesti opiskeleville (ei ty\u00f6voimakoulutuksessa) kuuluu maksuton lounas my\u00f6s koulutussopimuksen aikana. Jos lounasta ei kohtuuhintaisesti pystyt\u00e4 j\u00e4rjest\u00e4m\u00e4\u00e4n, sinulle maksetaan ateriakorvaus. Hakemuksen ateriakorvauksesta teet Wilmassa. Hakemus tulee tehd\u00e4 viimeist\u00e4\u00e4n kuukauden kuluessa koulutussopimusjakson p\u00e4\u00e4ttymisest\u00e4. Valmistumisen j\u00e4lkeen et voi en\u00e4\u00e4 hakea ateriakorvauksia.<\/p>\n\n\n\n<p>Tarkista, oletko oikeutettu Kelan koulumatkatukeen ty\u00f6paikalla j\u00e4rjestett\u00e4v\u00e4n koulutuksen yhteydess\u00e4. Hae tukea verkkohakemuksella <a href=\"https:\/\/www.kela.fi\/omakela\" target=\"_blank\" rel=\"noreferrer noopener\">OmaKelassa<\/a>.<\/p>\n\n\n\n<p>Oppilaitos on vakuuttanut sinut koulutussopimuksen aikana.<\/p>\n\n\n\n<h3 class=\"wp-block-heading\">Oppisopimus<\/h3>\n\n\n\n<p>Oppisopimuskoulutus perustuu opiskelijan ja ty\u00f6nantajan v\u00e4liseen kirjalliseen m\u00e4\u00e4r\u00e4aikaiseen ty\u00f6sopimukseen (oppisopimus). Viikoittaisen ty\u00f6ajan tulee olla keskim\u00e4\u00e4rin v\u00e4hint\u00e4\u00e4n 25 tuntia. Ammattiopisto Tavastia sopii ty\u00f6nantajan kanssa oppisopimuskoulutuksen j\u00e4rjest\u00e4misest\u00e4, mm. siit\u00e4, miten paljon koulutusta toteutetaan oppilaitoksessa. Oppisopimuksen voi solmia koko tutkintoon tai vaikka vain yhteen tutkinnon osaan tai sit\u00e4 pienemp\u00e4\u00e4nkin opintoon.<\/p>\n\n\n\n<h4 class=\"wp-block-heading\">Jos haluat solmia oppisopimuksen<\/h4>\n\n\n\n<ul class=\"wp-block-list\">\n<li>selvit\u00e4 ensin vastuuopettajaltasi, onko sinulla mahdollisuus siirty\u00e4 oppisopimukseen<\/li>\n\n\n\n<li>hae ty\u00f6paikka ja varmista ty\u00f6nantajalta ja vastuuopettajaltasi, onko ty\u00f6paikassa mahdollista suorittaa tutkinto tai tutkinnon osa<\/li>\n\n\n\n<li>suunnittele yhdess\u00e4 ty\u00f6nantajan ja vastuuopettajan kanssa oppisopimuskoulutuksen ja n\u00e4ytt\u00f6jen toteuttaminen (suunnitelma t\u00e4ydennet\u00e4\u00e4n HOKSiisi).<\/li>\n<\/ul>\n\n\n\n<h4 class=\"wp-block-heading\">Opintososiaaliset etuudet oppisopimuksessa<\/h4>\n\n\n\n<ul class=\"wp-block-list\">\n<li>Oppisopimusopiskelija on oikeutettu lain 531\/2017, 102\u00a7 mukaisesti saamaan opintososiaalisia etuja.<\/li>\n\n\n\n<li>Opiskelija tekee hakemuksen opintososiaalisista etuuksista Wilmassa.<\/li>\n<\/ul>\n\n\n\n<h4 class=\"wp-block-heading\">P\u00e4iv\u00e4rahat<\/h4>\n\n\n\n<ul class=\"wp-block-list\">\n<li>Mik\u00e4li ty\u00f6nantaja ei maksa teoria-\/l\u00e4hiopetusp\u00e4ivilt\u00e4 palkkaa ja opiskelijalle tai yritt\u00e4j\u00e4lle syntyy ansionmenetyst\u00e4, h\u00e4n on oikeutettu p\u00e4iv\u00e4rahaan 15 \u20ac\/p\u00e4iv\u00e4.<\/li>\n\n\n\n<li>Mik\u00e4li opiskelija on oikeutettu saamaan p\u00e4iv\u00e4rahaa eli h\u00e4nelle syntyy ansionmenetyst\u00e4 ja h\u00e4nell\u00e4 on huollettavanaan alle 18-vuotias lapsi, h\u00e4n on my\u00f6s oikeutettu perheavustukseen 17 \u20ac\/p\u00e4iv\u00e4.<\/li>\n<\/ul>\n\n\n\n<h4 class=\"wp-block-heading\">Matkakorvaukset<\/h4>\n\n\n\n<ul class=\"wp-block-list\">\n<li>Opiskelijalla on oikeus saada korvausta matkakustannuksista, jos koulutuksen j\u00e4rjest\u00e4j\u00e4n oppimisymp\u00e4rist\u00f6iss\u00e4 tapahtuva osaamisen hankkiminen edellytt\u00e4\u00e4 opiskelijan matkustamista yhteen suuntaan yli 10 kilometri\u00e4\/ 7 kilometri\u00e4 (oppivelvolliset) opiskelijan kotoa tai oppisopimusty\u00f6paikalta opetuspaikalle.<\/li>\n\n\n\n<li>Jos useampia per\u00e4kk\u00e4isi\u00e4 l\u00e4hip\u00e4ivi\u00e4, niin matkakorvaus maksetaan vain yhdelt\u00e4 menopaluumatkalta \/ opintojakso. T\u00e4ll\u00f6in opiskelija voi hakea majoituskorvausta 8 \u20ac\/y\u00f6.<\/li>\n\n\n\n<li>Oppisopimusopiskelijan opintososiaalisiin etuihin liittyv\u00e4t matkakustannukset maksetaan k\u00e4ytt\u00e4en kilometrihinnoitteluna 0,33 \u20ac \/ km. Korvauksen suuruus on rinnastettu Kelan korvaukseen ja maksetaan lyhimm\u00e4n reitin mukaisesti.<\/li>\n\n\n\n<li>Matkan kilometrit m\u00e4\u00e4r\u00e4ytyv\u00e4t internetist\u00e4 l\u00f6ytyv\u00e4n reittiohjelman (Fonecta.fi) mukaan. Matkakorvaus maksetaan, jos kustannuksia aiheutuu.<\/li>\n<\/ul>\n\n\n\n<h4 class=\"wp-block-heading\">Majoituskorvaukset<\/h4>\n\n\n\n<ul class=\"wp-block-list\">\n<li>Opiskelija on oikeutettu saamaan majoituskorvausta 8 \u20ac\/l\u00e4hip\u00e4iv\u00e4, jos koulutuksen j\u00e4rjest\u00e4j\u00e4n oppimisymp\u00e4rist\u00f6iss\u00e4 tapahtuva osaamisen hankkiminen j\u00e4rjestet\u00e4\u00e4n opiskelijan kotikunnan ja oppisopimusty\u00f6paikan sijaintikunnan ulkopuolella ja opiskelijalle ei makseta p\u00e4ivitt\u00e4isilt\u00e4 koulumatkoilta matkakorvausta (yhdensuuntainen matka yli 100 km).<\/li>\n<\/ul>\n","protected":false},"excerpt":{"rendered":"<p>Ty\u00f6el\u00e4m\u00e4ss\u00e4 oppiminen on ty\u00f6paikalla j\u00e4rjestett\u00e4v\u00e4\u00e4 koulutusta (TJK), jota voidaan toteuttaa oppisopimuksella tai koulutussopimuksella. Oppisopimuksessa sinulle maksetaan palkkaa. Koulutus- ja oppisopimuksen [&hellip;]<\/p>\n","protected":false},"author":5,"featured_media":0,"parent":1063,"menu_order":3,"comment_status":"closed","ping_status":"closed","template":"","meta":{"_acf_changed":false,"_relevanssi_hide_post":"","_relevanssi_hide_content":"","_relevanssi_pin_for_all":"","_relevanssi_pin_keywords":"","_relevanssi_unpin_keywords":"","_relevanssi_related_keywords":"","_relevanssi_related_include_ids":"","_relevanssi_related_exclude_ids":"","_relevanssi_related_no_append":"","_relevanssi_related_not_related":"","_relevanssi_related_posts":"526,2,563,476,134,524","_relevanssi_noindex_reason":"","footnotes":""},"class_list":["post-39824","page","type-page","status-publish","hentry"],"acf":[],"yoast_head":"<title>Ty\u00f6el\u00e4m\u00e4ss\u00e4 oppiminen - Ammattiopisto Tavastia<\/title>\n<meta name=\"robots\" content=\"index, follow, max-snippet:-1, max-image-preview:large, max-video-preview:-1\" \/>\n<link rel=\"canonical\" href=\"https:\/\/www.kktavastia.fi\/ammattiopisto\/opiskelijalle\/opiskelu\/tyoelamassa-oppiminen\/\" \/>\n<meta property=\"og:locale\" content=\"fi_FI\" \/>\n<meta property=\"og:type\" content=\"article\" \/>\n<meta property=\"og:title\" content=\"Ty\u00f6el\u00e4m\u00e4ss\u00e4 oppiminen - Ammattiopisto Tavastia\" \/>\n<meta property=\"og:description\" content=\"Ty\u00f6el\u00e4m\u00e4ss\u00e4 oppiminen on ty\u00f6paikalla j\u00e4rjestett\u00e4v\u00e4\u00e4 koulutusta (TJK), jota voidaan toteuttaa oppisopimuksella tai koulutussopimuksella. Oppisopimuksessa sinulle maksetaan palkkaa. Koulutus- ja oppisopimuksen [&hellip;]\" \/>\n<meta property=\"og:url\" content=\"https:\/\/www.kktavastia.fi\/ammattiopisto\/opiskelijalle\/opiskelu\/tyoelamassa-oppiminen\/\" \/>\n<meta property=\"og:site_name\" content=\"Ammattiopisto Tavastia\" \/>\n<meta property=\"article:modified_time\" content=\"2025-06-16T18:27:46+00:00\" \/>\n<meta name=\"twitter:card\" content=\"summary_large_image\" \/>\n<script type=\"application\/ld+json\" class=\"yoast-schema-graph\">{\"@context\":\"https:\\\/\\\/schema.org\",\"@graph\":[{\"@type\":\"WebPage\",\"@id\":\"https:\\\/\\\/www.kktavastia.fi\\\/ammattiopisto\\\/opiskelijalle\\\/opiskelu\\\/tyoelamassa-oppiminen\\\/\",\"url\":\"https:\\\/\\\/www.kktavastia.fi\\\/ammattiopisto\\\/opiskelijalle\\\/opiskelu\\\/tyoelamassa-oppiminen\\\/\",\"name\":\"Ty\u00f6el\u00e4m\u00e4ss\u00e4 oppiminen - Ammattiopisto Tavastia\",\"isPartOf\":{\"@id\":\"https:\\\/\\\/www.kktavastia.fi\\\/ammattiopisto\\\/#website\"},\"datePublished\":\"2024-06-26T09:18:26+00:00\",\"dateModified\":\"2025-06-16T18:27:46+00:00\",\"breadcrumb\":{\"@id\":\"https:\\\/\\\/www.kktavastia.fi\\\/ammattiopisto\\\/opiskelijalle\\\/opiskelu\\\/tyoelamassa-oppiminen\\\/#breadcrumb\"},\"inLanguage\":\"fi\",\"potentialAction\":[{\"@type\":\"ReadAction\",\"target\":[\"https:\\\/\\\/www.kktavastia.fi\\\/ammattiopisto\\\/opiskelijalle\\\/opiskelu\\\/tyoelamassa-oppiminen\\\/\"]}]},{\"@type\":\"BreadcrumbList\",\"@id\":\"https:\\\/\\\/www.kktavastia.fi\\\/ammattiopisto\\\/opiskelijalle\\\/opiskelu\\\/tyoelamassa-oppiminen\\\/#breadcrumb\",\"itemListElement\":[{\"@type\":\"ListItem\",\"position\":1,\"name\":\"Home\",\"item\":\"https:\\\/\\\/www.kktavastia.fi\\\/ammattiopisto\\\/\"},{\"@type\":\"ListItem\",\"position\":2,\"name\":\"Opiskelijalle\",\"item\":\"https:\\\/\\\/www.kktavastia.fi\\\/ammattiopisto\\\/opiskelijalle\\\/\"},{\"@type\":\"ListItem\",\"position\":3,\"name\":\"Opiskelu\",\"item\":\"https:\\\/\\\/www.kktavastia.fi\\\/ammattiopisto\\\/opiskelijalle\\\/opiskelu\\\/\"},{\"@type\":\"ListItem\",\"position\":4,\"name\":\"Ty\u00f6el\u00e4m\u00e4ss\u00e4 oppiminen\"}]},{\"@type\":\"WebSite\",\"@id\":\"https:\\\/\\\/www.kktavastia.fi\\\/ammattiopisto\\\/#website\",\"url\":\"https:\\\/\\\/www.kktavastia.fi\\\/ammattiopisto\\\/\",\"name\":\"Ammattiopisto Tavastia\",\"description\":\"\",\"potentialAction\":[{\"@type\":\"SearchAction\",\"target\":{\"@type\":\"EntryPoint\",\"urlTemplate\":\"https:\\\/\\\/www.kktavastia.fi\\\/ammattiopisto\\\/?s={search_term_string}\"},\"query-input\":{\"@type\":\"PropertyValueSpecification\",\"valueRequired\":true,\"valueName\":\"search_term_string\"}}],\"inLanguage\":\"fi\"}]}<\/script>","yoast_head_json":{"title":"Ty\u00f6el\u00e4m\u00e4ss\u00e4 oppiminen - Ammattiopisto Tavastia","robots":{"index":"index","follow":"follow","max-snippet":"max-snippet:-1","max-image-preview":"max-image-preview:large","max-video-preview":"max-video-preview:-1"},"canonical":"https:\/\/www.kktavastia.fi\/ammattiopisto\/opiskelijalle\/opiskelu\/tyoelamassa-oppiminen\/","og_locale":"fi_FI","og_type":"article","og_title":"Ty\u00f6el\u00e4m\u00e4ss\u00e4 oppiminen - Ammattiopisto Tavastia","og_description":"Ty\u00f6el\u00e4m\u00e4ss\u00e4 oppiminen on ty\u00f6paikalla j\u00e4rjestett\u00e4v\u00e4\u00e4 koulutusta (TJK), jota voidaan toteuttaa oppisopimuksella tai koulutussopimuksella. Oppisopimuksessa sinulle maksetaan palkkaa. Koulutus- ja oppisopimuksen [&hellip;]","og_url":"https:\/\/www.kktavastia.fi\/ammattiopisto\/opiskelijalle\/opiskelu\/tyoelamassa-oppiminen\/","og_site_name":"Ammattiopisto Tavastia","article_modified_time":"2025-06-16T18:27:46+00:00","twitter_card":"summary_large_image","schema":{"@context":"https:\/\/schema.org","@graph":[{"@type":"WebPage","@id":"https:\/\/www.kktavastia.fi\/ammattiopisto\/opiskelijalle\/opiskelu\/tyoelamassa-oppiminen\/","url":"https:\/\/www.kktavastia.fi\/ammattiopisto\/opiskelijalle\/opiskelu\/tyoelamassa-oppiminen\/","name":"Ty\u00f6el\u00e4m\u00e4ss\u00e4 oppiminen - Ammattiopisto Tavastia","isPartOf":{"@id":"https:\/\/www.kktavastia.fi\/ammattiopisto\/#website"},"datePublished":"2024-06-26T09:18:26+00:00","dateModified":"2025-06-16T18:27:46+00:00","breadcrumb":{"@id":"https:\/\/www.kktavastia.fi\/ammattiopisto\/opiskelijalle\/opiskelu\/tyoelamassa-oppiminen\/#breadcrumb"},"inLanguage":"fi","potentialAction":[{"@type":"ReadAction","target":["https:\/\/www.kktavastia.fi\/ammattiopisto\/opiskelijalle\/opiskelu\/tyoelamassa-oppiminen\/"]}]},{"@type":"BreadcrumbList","@id":"https:\/\/www.kktavastia.fi\/ammattiopisto\/opiskelijalle\/opiskelu\/tyoelamassa-oppiminen\/#breadcrumb","itemListElement":[{"@type":"ListItem","position":1,"name":"Home","item":"https:\/\/www.kktavastia.fi\/ammattiopisto\/"},{"@type":"ListItem","position":2,"name":"Opiskelijalle","item":"https:\/\/www.kktavastia.fi\/ammattiopisto\/opiskelijalle\/"},{"@type":"ListItem","position":3,"name":"Opiskelu","item":"https:\/\/www.kktavastia.fi\/ammattiopisto\/opiskelijalle\/opiskelu\/"},{"@type":"ListItem","position":4,"name":"Ty\u00f6el\u00e4m\u00e4ss\u00e4 oppiminen"}]},{"@type":"WebSite","@id":"https:\/\/www.kktavastia.fi\/ammattiopisto\/#website","url":"https:\/\/www.kktavastia.fi\/ammattiopisto\/","name":"Ammattiopisto Tavastia","description":"","potentialAction":[{"@type":"SearchAction","target":{"@type":"EntryPoint","urlTemplate":"https:\/\/www.kktavastia.fi\/ammattiopisto\/?s={search_term_string}"},"query-input":{"@type":"PropertyValueSpecification","valueRequired":true,"valueName":"search_term_string"}}],"inLanguage":"fi"}]}},"_links":{"self":[{"href":"https:\/\/www.kktavastia.fi\/ammattiopisto\/wp-json\/wp\/v2\/pages\/39824","targetHints":{"allow":["GET"]}}],"collection":[{"href":"https:\/\/www.kktavastia.fi\/ammattiopisto\/wp-json\/wp\/v2\/pages"}],"about":[{"href":"https:\/\/www.kktavastia.fi\/ammattiopisto\/wp-json\/wp\/v2\/types\/page"}],"author":[{"embeddable":true,"href":"https:\/\/www.kktavastia.fi\/ammattiopisto\/wp-json\/wp\/v2\/users\/5"}],"replies":[{"embeddable":true,"href":"https:\/\/www.kktavastia.fi\/ammattiopisto\/wp-json\/wp\/v2\/comments?post=39824"}],"version-history":[{"count":11,"href":"https:\/\/www.kktavastia.fi\/ammattiopisto\/wp-json\/wp\/v2\/pages\/39824\/revisions"}],"predecessor-version":[{"id":102355,"href":"https:\/\/www.kktavastia.fi\/ammattiopisto\/wp-json\/wp\/v2\/pages\/39824\/revisions\/102355"}],"up":[{"embeddable":true,"href":"https:\/\/www.kktavastia.fi\/ammattiopisto\/wp-json\/wp\/v2\/pages\/1063"}],"wp:attachment":[{"href":"https:\/\/www.kktavastia.fi\/ammattiopisto\/wp-json\/wp\/v2\/media?parent=39824"}],"curies":[{"name":"wp","href":"https:\/\/api.w.org\/{rel}","templated":true}]}}