{"id":39427,"date":"2024-06-25T10:32:07","date_gmt":"2024-06-25T07:32:07","guid":{"rendered":"https:\/\/www.kktavastia.fi\/ammattiopisto\/?page_id=39427"},"modified":"2024-07-03T09:28:08","modified_gmt":"2024-07-03T06:28:08","slug":"tutkinto-valmiiksi","status":"publish","type":"page","link":"https:\/\/www.kktavastia.fi\/ammattiopisto\/hakijalle\/tutkinto-valmiiksi\/","title":{"rendered":"Tutkinto valmiiksi"},"content":{"rendered":"\n<p class=\"is-style-ingress\">Tule jatkamaan opintojasi ja suorittamaan kesken j\u00e4\u00e4nyt tutkintosi loppuun!<\/p>\n\n\n\n<p>Jos aloittamasi tutkintokoulutus on j\u00e4\u00e4nyt sinulta jostakin syyst\u00e4 kesken ja sinulla on mahdollisuus tulla jatkamaan opintojasi, ole yhteydess\u00e4 Ammattiopisto Tavastian Ohjauspisteeseen. Saat tarvittaessa ohjatun haun hakulinkin, ja sinut voidaan valita suorittamaan tutkintoa, vaikkei tutkintokoulutuksessa olisi parhaillaan hakua avoimena.<\/p>\n\n\n\n<p>Kun palaat suorittamaan tutkintoasi, kanssasi suunnitellaan, miten tutkinto suoritetaan. Aiemmin hankkimasi osaaminen huomioidaan suunnitelmaa teht\u00e4ess\u00e4. Jo suorittamasi tutkinnon osat tunnustetaan OPH:n m\u00e4\u00e4r\u00e4yksen mukaisesti. Jos olet ty\u00f6skennellyt aiemmin opiskelemasi tutkinnon mukaisissa teht\u00e4viss\u00e4 ja hankkinut tutkinnon perusteiden mukaista ty\u00f6kokemusta, sinut voidaan ohjata osoittamaan osaamisesi suoraan n\u00e4yt\u00f6ss\u00e4, jolloin sinun ei tarvitse lainkaan osallistua tutkintokoulutukseen. <\/p>\n\n\n\n<p>Tutkinnon voi tilanteen mukaan suorittaa my\u00f6s oppisopimuskoulutuksena tai <a href=\"https:\/\/www.kktavastia.fi\/ammattiopisto\/tutkinnot\/tyovoimakoulutukset\/tutkinto-valmiiksi\/\">ty\u00f6voimakoulutuksena<\/a>.<\/p>\n","protected":false},"excerpt":{"rendered":"<p>Tule jatkamaan opintojasi ja suorittamaan kesken j\u00e4\u00e4nyt tutkintosi loppuun! Jos aloittamasi tutkintokoulutus on j\u00e4\u00e4nyt sinulta jostakin syyst\u00e4 kesken ja sinulla [&hellip;]<\/p>\n","protected":false},"author":5,"featured_media":0,"parent":2,"menu_order":8,"comment_status":"closed","ping_status":"closed","template":"","meta":{"_acf_changed":false,"_relevanssi_hide_post":"","_relevanssi_hide_content":"","_relevanssi_pin_for_all":"","_relevanssi_pin_keywords":"","_relevanssi_unpin_keywords":"","_relevanssi_related_keywords":"","_relevanssi_related_include_ids":"","_relevanssi_related_exclude_ids":"","_relevanssi_related_no_append":"","_relevanssi_related_not_related":"","_relevanssi_related_posts":"","_relevanssi_noindex_reason":"","footnotes":""},"class_list":["post-39427","page","type-page","status-publish","hentry"],"acf":[],"yoast_head":"<title>Tutkinto valmiiksi - Ammattiopisto Tavastia<\/title>\n<meta name=\"robots\" content=\"index, follow, max-snippet:-1, max-image-preview:large, max-video-preview:-1\" \/>\n<link rel=\"canonical\" href=\"https:\/\/www.kktavastia.fi\/ammattiopisto\/hakijalle\/tutkinto-valmiiksi\/\" \/>\n<meta property=\"og:locale\" content=\"fi_FI\" \/>\n<meta property=\"og:type\" content=\"article\" \/>\n<meta property=\"og:title\" content=\"Tutkinto valmiiksi - Ammattiopisto Tavastia\" \/>\n<meta property=\"og:description\" content=\"Tule jatkamaan opintojasi ja suorittamaan kesken j\u00e4\u00e4nyt tutkintosi loppuun! Jos aloittamasi tutkintokoulutus on j\u00e4\u00e4nyt sinulta jostakin syyst\u00e4 kesken ja sinulla [&hellip;]\" \/>\n<meta property=\"og:url\" content=\"https:\/\/www.kktavastia.fi\/ammattiopisto\/hakijalle\/tutkinto-valmiiksi\/\" \/>\n<meta property=\"og:site_name\" content=\"Ammattiopisto Tavastia\" \/>\n<meta property=\"article:modified_time\" content=\"2024-07-03T06:28:08+00:00\" \/>\n<meta name=\"twitter:card\" content=\"summary_large_image\" \/>\n<script type=\"application\/ld+json\" class=\"yoast-schema-graph\">{\"@context\":\"https:\\\/\\\/schema.org\",\"@graph\":[{\"@type\":\"WebPage\",\"@id\":\"https:\\\/\\\/www.kktavastia.fi\\\/ammattiopisto\\\/hakijalle\\\/tutkinto-valmiiksi\\\/\",\"url\":\"https:\\\/\\\/www.kktavastia.fi\\\/ammattiopisto\\\/hakijalle\\\/tutkinto-valmiiksi\\\/\",\"name\":\"Tutkinto valmiiksi - Ammattiopisto Tavastia\",\"isPartOf\":{\"@id\":\"https:\\\/\\\/www.kktavastia.fi\\\/ammattiopisto\\\/#website\"},\"datePublished\":\"2024-06-25T07:32:07+00:00\",\"dateModified\":\"2024-07-03T06:28:08+00:00\",\"breadcrumb\":{\"@id\":\"https:\\\/\\\/www.kktavastia.fi\\\/ammattiopisto\\\/hakijalle\\\/tutkinto-valmiiksi\\\/#breadcrumb\"},\"inLanguage\":\"fi\",\"potentialAction\":[{\"@type\":\"ReadAction\",\"target\":[\"https:\\\/\\\/www.kktavastia.fi\\\/ammattiopisto\\\/hakijalle\\\/tutkinto-valmiiksi\\\/\"]}]},{\"@type\":\"BreadcrumbList\",\"@id\":\"https:\\\/\\\/www.kktavastia.fi\\\/ammattiopisto\\\/hakijalle\\\/tutkinto-valmiiksi\\\/#breadcrumb\",\"itemListElement\":[{\"@type\":\"ListItem\",\"position\":1,\"name\":\"Home\",\"item\":\"https:\\\/\\\/www.kktavastia.fi\\\/ammattiopisto\\\/\"},{\"@type\":\"ListItem\",\"position\":2,\"name\":\"Hakijalle\",\"item\":\"https:\\\/\\\/www.kktavastia.fi\\\/ammattiopisto\\\/hakijalle\\\/\"},{\"@type\":\"ListItem\",\"position\":3,\"name\":\"Tutkinto valmiiksi\"}]},{\"@type\":\"WebSite\",\"@id\":\"https:\\\/\\\/www.kktavastia.fi\\\/ammattiopisto\\\/#website\",\"url\":\"https:\\\/\\\/www.kktavastia.fi\\\/ammattiopisto\\\/\",\"name\":\"Ammattiopisto Tavastia\",\"description\":\"\",\"potentialAction\":[{\"@type\":\"SearchAction\",\"target\":{\"@type\":\"EntryPoint\",\"urlTemplate\":\"https:\\\/\\\/www.kktavastia.fi\\\/ammattiopisto\\\/?s={search_term_string}\"},\"query-input\":{\"@type\":\"PropertyValueSpecification\",\"valueRequired\":true,\"valueName\":\"search_term_string\"}}],\"inLanguage\":\"fi\"}]}<\/script>","yoast_head_json":{"title":"Tutkinto valmiiksi - Ammattiopisto Tavastia","robots":{"index":"index","follow":"follow","max-snippet":"max-snippet:-1","max-image-preview":"max-image-preview:large","max-video-preview":"max-video-preview:-1"},"canonical":"https:\/\/www.kktavastia.fi\/ammattiopisto\/hakijalle\/tutkinto-valmiiksi\/","og_locale":"fi_FI","og_type":"article","og_title":"Tutkinto valmiiksi - Ammattiopisto Tavastia","og_description":"Tule jatkamaan opintojasi ja suorittamaan kesken j\u00e4\u00e4nyt tutkintosi loppuun! Jos aloittamasi tutkintokoulutus on j\u00e4\u00e4nyt sinulta jostakin syyst\u00e4 kesken ja sinulla [&hellip;]","og_url":"https:\/\/www.kktavastia.fi\/ammattiopisto\/hakijalle\/tutkinto-valmiiksi\/","og_site_name":"Ammattiopisto Tavastia","article_modified_time":"2024-07-03T06:28:08+00:00","twitter_card":"summary_large_image","schema":{"@context":"https:\/\/schema.org","@graph":[{"@type":"WebPage","@id":"https:\/\/www.kktavastia.fi\/ammattiopisto\/hakijalle\/tutkinto-valmiiksi\/","url":"https:\/\/www.kktavastia.fi\/ammattiopisto\/hakijalle\/tutkinto-valmiiksi\/","name":"Tutkinto valmiiksi - Ammattiopisto Tavastia","isPartOf":{"@id":"https:\/\/www.kktavastia.fi\/ammattiopisto\/#website"},"datePublished":"2024-06-25T07:32:07+00:00","dateModified":"2024-07-03T06:28:08+00:00","breadcrumb":{"@id":"https:\/\/www.kktavastia.fi\/ammattiopisto\/hakijalle\/tutkinto-valmiiksi\/#breadcrumb"},"inLanguage":"fi","potentialAction":[{"@type":"ReadAction","target":["https:\/\/www.kktavastia.fi\/ammattiopisto\/hakijalle\/tutkinto-valmiiksi\/"]}]},{"@type":"BreadcrumbList","@id":"https:\/\/www.kktavastia.fi\/ammattiopisto\/hakijalle\/tutkinto-valmiiksi\/#breadcrumb","itemListElement":[{"@type":"ListItem","position":1,"name":"Home","item":"https:\/\/www.kktavastia.fi\/ammattiopisto\/"},{"@type":"ListItem","position":2,"name":"Hakijalle","item":"https:\/\/www.kktavastia.fi\/ammattiopisto\/hakijalle\/"},{"@type":"ListItem","position":3,"name":"Tutkinto valmiiksi"}]},{"@type":"WebSite","@id":"https:\/\/www.kktavastia.fi\/ammattiopisto\/#website","url":"https:\/\/www.kktavastia.fi\/ammattiopisto\/","name":"Ammattiopisto Tavastia","description":"","potentialAction":[{"@type":"SearchAction","target":{"@type":"EntryPoint","urlTemplate":"https:\/\/www.kktavastia.fi\/ammattiopisto\/?s={search_term_string}"},"query-input":{"@type":"PropertyValueSpecification","valueRequired":true,"valueName":"search_term_string"}}],"inLanguage":"fi"}]}},"_links":{"self":[{"href":"https:\/\/www.kktavastia.fi\/ammattiopisto\/wp-json\/wp\/v2\/pages\/39427","targetHints":{"allow":["GET"]}}],"collection":[{"href":"https:\/\/www.kktavastia.fi\/ammattiopisto\/wp-json\/wp\/v2\/pages"}],"about":[{"href":"https:\/\/www.kktavastia.fi\/ammattiopisto\/wp-json\/wp\/v2\/types\/page"}],"author":[{"embeddable":true,"href":"https:\/\/www.kktavastia.fi\/ammattiopisto\/wp-json\/wp\/v2\/users\/5"}],"replies":[{"embeddable":true,"href":"https:\/\/www.kktavastia.fi\/ammattiopisto\/wp-json\/wp\/v2\/comments?post=39427"}],"version-history":[{"count":1,"href":"https:\/\/www.kktavastia.fi\/ammattiopisto\/wp-json\/wp\/v2\/pages\/39427\/revisions"}],"predecessor-version":[{"id":39428,"href":"https:\/\/www.kktavastia.fi\/ammattiopisto\/wp-json\/wp\/v2\/pages\/39427\/revisions\/39428"}],"up":[{"embeddable":true,"href":"https:\/\/www.kktavastia.fi\/ammattiopisto\/wp-json\/wp\/v2\/pages\/2"}],"wp:attachment":[{"href":"https:\/\/www.kktavastia.fi\/ammattiopisto\/wp-json\/wp\/v2\/media?parent=39427"}],"curies":[{"name":"wp","href":"https:\/\/api.w.org\/{rel}","templated":true}]}}