{"id":39421,"date":"2024-06-25T10:07:44","date_gmt":"2024-06-25T07:07:44","guid":{"rendered":"https:\/\/www.kktavastia.fi\/ammattiopisto\/?page_id=39421"},"modified":"2025-10-13T12:38:04","modified_gmt":"2025-10-13T09:38:04","slug":"tyovoimakoulutus","status":"publish","type":"page","link":"https:\/\/www.kktavastia.fi\/ammattiopisto\/hakijalle\/tyovoimakoulutus\/","title":{"rendered":"Ty\u00f6voimakoulutus"},"content":{"rendered":"\n<p class=\"is-style-ingress\">Ty\u00f6voimakoulutus on suunnattu ty\u00f6tt\u00f6mille tai ty\u00f6tt\u00f6myysuhan alaisille ja t\u00e4ht\u00e4\u00e4 aina ty\u00f6llistymiseen.<\/p>\n\n\n\n<p>Ty\u00f6voimakoulutuksena j\u00e4rjestet\u00e4\u00e4n ammatillisia tutkintoja ja ammatillisten tutkintojen tutkinnon osia sek\u00e4 erilaisia ei-tutkintotavoitteisia t\u00e4ydennyskoulutuksia. Ty\u00f6voimakoulutukseen haetaan <a href=\"https:\/\/tyomarkkinatori.fi\/henkiloasiakkaat\/koulutukset-ja-palvelut?m=0&amp;y=0&amp;pa=1&amp;e=PK2&amp;e=PK2.1&amp;e=PK2.2&amp;e=PK2.3&amp;e=PK2.4&amp;e=PK7&amp;e=PK7.1&amp;e=PK7.2&amp;e=PK7.3&amp;e=PK7.4&amp;e=PK7.4.1&amp;e=PK7.4.2&amp;e=PK7.4.3&amp;e=PK13&amp;eo=3\">Ty\u00f6markkinatorin <\/a>kautta. Oppilaitos osallistuu opiskelijavalintaan. Ammattiopisto Tavastiassa haussa olevat ty\u00f6voimakoulutukset l\u00f6ytyv\u00e4t alla olevan linkin kautta.<\/p>\n\n\n\n<div class=\"wp-block-buttons is-layout-flex wp-block-buttons-is-layout-flex\">\n<div class=\"wp-block-button\"><a class=\"wp-block-button__link wp-element-button\" href=\"https:\/\/www.kktavastia.fi\/ammattiopisto\/tutkinnot\/tyovoimakoulutus\/\">Tavastian haussa olevat ty\u00f6voimakoulutukset<\/a><\/div>\n<\/div>\n\n\n\n<p>Ammattiopisto Tavastiassa tutkintotavoitteiset ty\u00f6voimakoulutukset j\u00e4rjestet\u00e4\u00e4n p\u00e4\u00e4osin niin, ett\u00e4 aloitusryhmiss\u00e4 opiskelee my\u00f6s muita kuin ty\u00f6voimakoulutuksessa opiskelevia. Ty\u00f6voimakoulutuksessa ei noudateta oppilaitoksen loma-aikoja. Lomaa on ainoastaan kaksi viikkoa vuodessa.<\/p>\n\n\n\n<p>Opiskelija saa ty\u00f6voimakoulutuksen ajalta ty\u00f6tt\u00f6myysetuutta sek\u00e4 kulukorvauksen.<\/p>\n\n\n\n<p>V\u00e4hint\u00e4\u00e4n 25-vuotias ty\u00f6t\u00f6n ty\u00f6nhakija voi Ty\u00f6H\u00e4meen harkinnan mukaan opiskella my\u00f6s omaehtoisessa ty\u00f6voimakoulutuksessa, jolloin opiskelija voi saada opiskelun ajalta ty\u00f6tt\u00f6myysetuutta. Opiskelua tuetaan enint\u00e4\u00e4n kaksi vuotta. Omaehtoisen ty\u00f6voimakoulutuksen tukea haetaan Ty\u00f6H\u00e4meest\u00e4 ennen opintojen aloittamista.<\/p>\n\n\n\n<p>Kun saat ty\u00f6tt\u00f6myysetuutta, ilmoitat opintojesi edistymisest\u00e4 Ty\u00f6H\u00e4meelle. Jos etuuden maksaja ei saa tarvitsemiaan tietoja, oikeus ty\u00f6tt\u00f6myysetuuteen voi p\u00e4\u00e4tty\u00e4 ja maksettua etuutta voidaan peri\u00e4 takaisin.<\/p>\n\n\n\n<p><a href=\"https:\/\/tyomarkkinatori.fi\/henkiloasiakkaat\/tietoa-tyoelamasta\/koulutus\/eri-tavat-opiskella\/opiskelu-tyottomana\" target=\"_blank\" rel=\"noreferrer noopener\">Lue lis\u00e4\u00e4 ty\u00f6tt\u00f6m\u00e4n\u00e4 opiskelusta<\/a>.<\/p>\n\n\n\n<p><\/p>\n","protected":false},"excerpt":{"rendered":"<p>Ty\u00f6voimakoulutus on suunnattu ty\u00f6tt\u00f6mille tai ty\u00f6tt\u00f6myysuhan alaisille ja t\u00e4ht\u00e4\u00e4 aina ty\u00f6llistymiseen. Ty\u00f6voimakoulutuksena j\u00e4rjestet\u00e4\u00e4n ammatillisia tutkintoja ja ammatillisten tutkintojen tutkinnon osia [&hellip;]<\/p>\n","protected":false},"author":5,"featured_media":0,"parent":2,"menu_order":5,"comment_status":"closed","ping_status":"closed","template":"","meta":{"_acf_changed":false,"_relevanssi_hide_post":"","_relevanssi_hide_content":"","_relevanssi_pin_for_all":"","_relevanssi_pin_keywords":"","_relevanssi_unpin_keywords":"","_relevanssi_related_keywords":"","_relevanssi_related_include_ids":"","_relevanssi_related_exclude_ids":"","_relevanssi_related_no_append":"","_relevanssi_related_not_related":"","_relevanssi_related_posts":"40171,134,142,152,58,11","_relevanssi_noindex_reason":"","footnotes":""},"class_list":["post-39421","page","type-page","status-publish","hentry"],"acf":[],"yoast_head":"<title>Ty\u00f6voimakoulutus - Ammattiopisto Tavastia<\/title>\n<meta name=\"robots\" content=\"index, follow, max-snippet:-1, max-image-preview:large, max-video-preview:-1\" \/>\n<link rel=\"canonical\" href=\"https:\/\/www.kktavastia.fi\/ammattiopisto\/hakijalle\/tyovoimakoulutus\/\" \/>\n<meta property=\"og:locale\" content=\"fi_FI\" \/>\n<meta property=\"og:type\" content=\"article\" \/>\n<meta property=\"og:title\" content=\"Ty\u00f6voimakoulutus - Ammattiopisto Tavastia\" \/>\n<meta property=\"og:description\" content=\"Ty\u00f6voimakoulutus on suunnattu ty\u00f6tt\u00f6mille tai ty\u00f6tt\u00f6myysuhan alaisille ja t\u00e4ht\u00e4\u00e4 aina ty\u00f6llistymiseen. Ty\u00f6voimakoulutuksena j\u00e4rjestet\u00e4\u00e4n ammatillisia tutkintoja ja ammatillisten tutkintojen tutkinnon osia [&hellip;]\" \/>\n<meta property=\"og:url\" content=\"https:\/\/www.kktavastia.fi\/ammattiopisto\/hakijalle\/tyovoimakoulutus\/\" \/>\n<meta property=\"og:site_name\" content=\"Ammattiopisto Tavastia\" \/>\n<meta property=\"article:modified_time\" content=\"2025-10-13T09:38:04+00:00\" \/>\n<meta name=\"twitter:card\" content=\"summary_large_image\" \/>\n<script type=\"application\/ld+json\" class=\"yoast-schema-graph\">{\"@context\":\"https:\\\/\\\/schema.org\",\"@graph\":[{\"@type\":\"WebPage\",\"@id\":\"https:\\\/\\\/www.kktavastia.fi\\\/ammattiopisto\\\/hakijalle\\\/tyovoimakoulutus\\\/\",\"url\":\"https:\\\/\\\/www.kktavastia.fi\\\/ammattiopisto\\\/hakijalle\\\/tyovoimakoulutus\\\/\",\"name\":\"Ty\u00f6voimakoulutus - Ammattiopisto Tavastia\",\"isPartOf\":{\"@id\":\"https:\\\/\\\/www.kktavastia.fi\\\/ammattiopisto\\\/#website\"},\"datePublished\":\"2024-06-25T07:07:44+00:00\",\"dateModified\":\"2025-10-13T09:38:04+00:00\",\"breadcrumb\":{\"@id\":\"https:\\\/\\\/www.kktavastia.fi\\\/ammattiopisto\\\/hakijalle\\\/tyovoimakoulutus\\\/#breadcrumb\"},\"inLanguage\":\"fi\",\"potentialAction\":[{\"@type\":\"ReadAction\",\"target\":[\"https:\\\/\\\/www.kktavastia.fi\\\/ammattiopisto\\\/hakijalle\\\/tyovoimakoulutus\\\/\"]}]},{\"@type\":\"BreadcrumbList\",\"@id\":\"https:\\\/\\\/www.kktavastia.fi\\\/ammattiopisto\\\/hakijalle\\\/tyovoimakoulutus\\\/#breadcrumb\",\"itemListElement\":[{\"@type\":\"ListItem\",\"position\":1,\"name\":\"Home\",\"item\":\"https:\\\/\\\/www.kktavastia.fi\\\/ammattiopisto\\\/\"},{\"@type\":\"ListItem\",\"position\":2,\"name\":\"Hakijalle\",\"item\":\"https:\\\/\\\/www.kktavastia.fi\\\/ammattiopisto\\\/hakijalle\\\/\"},{\"@type\":\"ListItem\",\"position\":3,\"name\":\"Ty\u00f6voimakoulutus\"}]},{\"@type\":\"WebSite\",\"@id\":\"https:\\\/\\\/www.kktavastia.fi\\\/ammattiopisto\\\/#website\",\"url\":\"https:\\\/\\\/www.kktavastia.fi\\\/ammattiopisto\\\/\",\"name\":\"Ammattiopisto Tavastia\",\"description\":\"\",\"potentialAction\":[{\"@type\":\"SearchAction\",\"target\":{\"@type\":\"EntryPoint\",\"urlTemplate\":\"https:\\\/\\\/www.kktavastia.fi\\\/ammattiopisto\\\/?s={search_term_string}\"},\"query-input\":{\"@type\":\"PropertyValueSpecification\",\"valueRequired\":true,\"valueName\":\"search_term_string\"}}],\"inLanguage\":\"fi\"}]}<\/script>","yoast_head_json":{"title":"Ty\u00f6voimakoulutus - Ammattiopisto Tavastia","robots":{"index":"index","follow":"follow","max-snippet":"max-snippet:-1","max-image-preview":"max-image-preview:large","max-video-preview":"max-video-preview:-1"},"canonical":"https:\/\/www.kktavastia.fi\/ammattiopisto\/hakijalle\/tyovoimakoulutus\/","og_locale":"fi_FI","og_type":"article","og_title":"Ty\u00f6voimakoulutus - Ammattiopisto Tavastia","og_description":"Ty\u00f6voimakoulutus on suunnattu ty\u00f6tt\u00f6mille tai ty\u00f6tt\u00f6myysuhan alaisille ja t\u00e4ht\u00e4\u00e4 aina ty\u00f6llistymiseen. Ty\u00f6voimakoulutuksena j\u00e4rjestet\u00e4\u00e4n ammatillisia tutkintoja ja ammatillisten tutkintojen tutkinnon osia [&hellip;]","og_url":"https:\/\/www.kktavastia.fi\/ammattiopisto\/hakijalle\/tyovoimakoulutus\/","og_site_name":"Ammattiopisto Tavastia","article_modified_time":"2025-10-13T09:38:04+00:00","twitter_card":"summary_large_image","schema":{"@context":"https:\/\/schema.org","@graph":[{"@type":"WebPage","@id":"https:\/\/www.kktavastia.fi\/ammattiopisto\/hakijalle\/tyovoimakoulutus\/","url":"https:\/\/www.kktavastia.fi\/ammattiopisto\/hakijalle\/tyovoimakoulutus\/","name":"Ty\u00f6voimakoulutus - Ammattiopisto Tavastia","isPartOf":{"@id":"https:\/\/www.kktavastia.fi\/ammattiopisto\/#website"},"datePublished":"2024-06-25T07:07:44+00:00","dateModified":"2025-10-13T09:38:04+00:00","breadcrumb":{"@id":"https:\/\/www.kktavastia.fi\/ammattiopisto\/hakijalle\/tyovoimakoulutus\/#breadcrumb"},"inLanguage":"fi","potentialAction":[{"@type":"ReadAction","target":["https:\/\/www.kktavastia.fi\/ammattiopisto\/hakijalle\/tyovoimakoulutus\/"]}]},{"@type":"BreadcrumbList","@id":"https:\/\/www.kktavastia.fi\/ammattiopisto\/hakijalle\/tyovoimakoulutus\/#breadcrumb","itemListElement":[{"@type":"ListItem","position":1,"name":"Home","item":"https:\/\/www.kktavastia.fi\/ammattiopisto\/"},{"@type":"ListItem","position":2,"name":"Hakijalle","item":"https:\/\/www.kktavastia.fi\/ammattiopisto\/hakijalle\/"},{"@type":"ListItem","position":3,"name":"Ty\u00f6voimakoulutus"}]},{"@type":"WebSite","@id":"https:\/\/www.kktavastia.fi\/ammattiopisto\/#website","url":"https:\/\/www.kktavastia.fi\/ammattiopisto\/","name":"Ammattiopisto Tavastia","description":"","potentialAction":[{"@type":"SearchAction","target":{"@type":"EntryPoint","urlTemplate":"https:\/\/www.kktavastia.fi\/ammattiopisto\/?s={search_term_string}"},"query-input":{"@type":"PropertyValueSpecification","valueRequired":true,"valueName":"search_term_string"}}],"inLanguage":"fi"}]}},"_links":{"self":[{"href":"https:\/\/www.kktavastia.fi\/ammattiopisto\/wp-json\/wp\/v2\/pages\/39421","targetHints":{"allow":["GET"]}}],"collection":[{"href":"https:\/\/www.kktavastia.fi\/ammattiopisto\/wp-json\/wp\/v2\/pages"}],"about":[{"href":"https:\/\/www.kktavastia.fi\/ammattiopisto\/wp-json\/wp\/v2\/types\/page"}],"author":[{"embeddable":true,"href":"https:\/\/www.kktavastia.fi\/ammattiopisto\/wp-json\/wp\/v2\/users\/5"}],"replies":[{"embeddable":true,"href":"https:\/\/www.kktavastia.fi\/ammattiopisto\/wp-json\/wp\/v2\/comments?post=39421"}],"version-history":[{"count":10,"href":"https:\/\/www.kktavastia.fi\/ammattiopisto\/wp-json\/wp\/v2\/pages\/39421\/revisions"}],"predecessor-version":[{"id":123720,"href":"https:\/\/www.kktavastia.fi\/ammattiopisto\/wp-json\/wp\/v2\/pages\/39421\/revisions\/123720"}],"up":[{"embeddable":true,"href":"https:\/\/www.kktavastia.fi\/ammattiopisto\/wp-json\/wp\/v2\/pages\/2"}],"wp:attachment":[{"href":"https:\/\/www.kktavastia.fi\/ammattiopisto\/wp-json\/wp\/v2\/media?parent=39421"}],"curies":[{"name":"wp","href":"https:\/\/api.w.org\/{rel}","templated":true}]}}