{"id":39245,"date":"2024-06-24T15:20:51","date_gmt":"2024-06-24T12:20:51","guid":{"rendered":"https:\/\/www.kktavastia.fi\/ammattiopisto\/?page_id=39245"},"modified":"2025-10-09T15:09:24","modified_gmt":"2025-10-09T12:09:24","slug":"yhteisollisyys-ja-opiskelijatoiminta","status":"publish","type":"page","link":"https:\/\/www.kktavastia.fi\/ammattiopisto\/opiskelijalle\/yhteisollisyys-ja-opiskelijatoiminta\/","title":{"rendered":"Yhteis\u00f6llisyys ja opiskelijatoiminta"},"content":{"rendered":"\n<p class=\"is-style-ingress\">Yhteis\u00f6llisyys on vuorovaikutusta, yhdess\u00e4 olemista ja tekemist\u00e4, sosiaalisia suhteita ja yhteenkuuluvuutta. <\/p>\n\n\n\n<h3 class=\"wp-block-heading\">Ryhm\u00e4toimintaa opiskelijoille<\/h3>\n\n\n\n<p class=\"is-style-default\">Tule mukaan opiskelijatoimintaan! Saat uusia kavereita ja p\u00e4\u00e4set j\u00e4rjest\u00e4m\u00e4\u00e4n mukavia tapahtumia muille opiskelijoille. Tutortoiminnassa p\u00e4\u00e4set my\u00f6s kertomaan omasta opiskelustasi alasta kiinnostuneille.<\/p>\n\n\n\n<h4 class=\"wp-block-heading\">Freedom-ryhm\u00e4toiminta \u2013 tsemppi\u00e4 opiskeluun<\/h4>\n\n\n\n<p>Opiskelijoilla on mahdollisuus p\u00e4\u00e4st\u00e4 mukaan Freedom-ryhm\u00e4toimintaan, jonka tavoitteena on opintojen edistymisen tukeminen, itsetunnon kohottaminen ja osallisuuden lis\u00e4\u00e4minen. Ryhm\u00e4ss\u00e4 vahvistetaan osallistujien positiivisia kokemuksia opinnoista, tuetaan opiskelussa jaksamista ja innostetaan vapaa-ajantoimintaan matalan kynnyksen periaatteella. On mahdollista, ett\u00e4 Freedom-ryhm\u00e4n kautta l\u00f6yd\u00e4t kavereita ja p\u00e4\u00e4set tutustumaan toimintaan, jota et ole ennen kokeillut. Osallistujat ryhmiin valitaan ohjatusti.<\/p>\n\n\n\n<ul class=\"wp-block-list\">\n<li>Lis\u00e4tietoja antavat koulukuraattori&nbsp;Janne V\u00e4in\u00f6l\u00e4&nbsp;sek\u00e4 ohjauspalvelujen henkil\u00f6st\u00f6.<\/li>\n<\/ul>\n\n\n\n<p>Tiedotamme lukuvuoden aikana, mit\u00e4 muita ryhmi\u00e4 alkaa. Aikaisemmin on ollut mm. j\u00e4nnitt\u00e4j\u00e4ryhm\u00e4, jossa l\u00f6ydet\u00e4\u00e4n yhdess\u00e4 keinoja j\u00e4nnityksen lievent\u00e4miseksi sek\u00e4 tutustutaan itseen erilaisten teht\u00e4vien ja rauhoittumisharjoitusten avulla. Lis\u00e4ksi on ollut voimaryhm\u00e4, jossa vahvistetaan itsetuntemusta ja positiivisia kokemuksia itsest\u00e4. Lis\u00e4tietoja ryhm\u00e4toiminnasta saat kuraattoreilta ja nuoriso-ohjaajalta.<\/p>\n\n\n\n<h3 class=\"wp-block-heading\">Opiskelijakunta<\/h3>\n\n\n\n<p>Kaikki Ammattiopisto Tavastian opiskelijat kuuluvat opiskelijakuntaan, jonka teht\u00e4v\u00e4n\u00e4 on edist\u00e4\u00e4 opiskelijoiden yhteistoimintaa, vaikutusmahdollisuuksia ja osallistumista sek\u00e4 kehitt\u00e4\u00e4 opiskelijoiden ja koulutuksen j\u00e4rjest\u00e4j\u00e4n v\u00e4list\u00e4 yhteisty\u00f6t\u00e4. Opiskelijakunnan hallitusta kuullaan s\u00e4\u00e4nn\u00f6llisesti opiskelua koskevissa asioissa.<\/p>\n\n\n\n<ul class=\"wp-block-list\">\n<li>Opiskelijakunnan toimintaa liittyviss\u00e4 kysymyksiss\u00e4 voit ottaa yhteytt\u00e4 Kimmo V\u00e4reeseen ja Ville Sabeliin. <\/li>\n<\/ul>\n\n\n\n<h3 class=\"wp-block-heading\">Tutortoiminta<\/h3>\n\n\n\n<p>Tutorit ohjaavat ja tukevat uusia aloittavia opiskelijoita kaikessa opiskeluun liittyv\u00e4ss\u00e4. Tutorit toimivat oman tutkintonsa tai Ammattiopisto Tavastian markkinoijana erilaisissa tilaisuuksissa ja tapahtumissa ja osallistuvat my\u00f6s yhteis\u00f6llisten tapahtumien j\u00e4rjest\u00e4miseen. Tutorina voi toimia p\u00e4\u00e4asiassa toisen opiskeluvuoden aikana.<\/p>\n\n\n\n<h3 class=\"wp-block-heading\">SAKU-toiminta<\/h3>\n\n\n\n<p>Haluatko unohtumattomia kokemuksia, uusia yst\u00e4vi\u00e4 ja yhdess\u00e4 tekemist\u00e4? Kiinnostaako kulttuuri, musiikki, kuvataide tai liikunta? SAKU ry on Suomen ammatillisen koulutuksen kulttuuri- ja urheiluliitto, jonka toiminnan tarkoituksena on edist\u00e4\u00e4 ty\u00f6- ja toimintakykyisyytt\u00e4, hyvinvointia, yhdess\u00e4 tekemist\u00e4 sek\u00e4 el\u00e4m\u00e4niloa ammatillisessa koulutuksessa. Ammattiopisto Tavastian opiskelijat ovat oikeutettuja osallistumaan SAKU-toimintaan.<\/p>\n\n\n\n<h4 class=\"wp-block-heading\">SAKUstars-kulttuurikilpailut<\/h4>\n\n\n\n<p>SAKUstars on valtakunnallinen kulttuurikilpailu kaikille ammattiin opiskeleville. Kilpailuissa on sarjoja sek\u00e4 ennakkoon l\u00e4hetett\u00e4ville t\u00f6ille ett\u00e4 paikan p\u00e4\u00e4ll\u00e4 teht\u00e4ville suorituksille. Mukana on kaikki, mit\u00e4 kulttuuriin kuuluu ja kilpailuun voi osallistua joko yksil\u00f6n\u00e4 tai osana joukkuetta. Parhaat kilpailuty\u00f6t ja esitykset palkitaan. Seuraavat kisat j\u00e4rjestet\u00e4\u00e4n kev\u00e4\u00e4ll\u00e4 2026. <a href=\"https:\/\/sakustars.fi\/\" target=\"_blank\" rel=\"noreferrer noopener\">Lue lis\u00e4\u00e4<\/a>!<br><br>Mik\u00e4li kiinnostuit, ota yhteytt\u00e4 omaan opettajaasi tai nuoriso-ohjaajaan. Osallistuminen on opiskelijalle maksutonta.<\/p>\n\n\n\n<h4 class=\"wp-block-heading\">SAKU-opiskelijaliikunta<\/h4>\n\n\n\n<p>Opiskelijaliikunta tarjoaa ammattiin opiskeleville kipin\u00f6it\u00e4 uuden liikuntaharrastuksen aloittamiseen, motivaatiota ja lis\u00e4haastetta harrastamiseen sek\u00e4 mahdollisuuden nuorten oman toiminnan j\u00e4rjest\u00e4miseen. Tavoitteena on tukea nuorten liikunnallista, aktiivista ja terveellist\u00e4 el\u00e4m\u00e4ntapaa sek\u00e4 aktiiviseksi kansalaiseksi kasvamista. Opiskelijoiden harrasteliikuntaa ja kilpaurheilua j\u00e4rjestet\u00e4\u00e4n sek\u00e4 alueellisissa ett\u00e4 valtakunnallisissa tapahtumissa. SAKUgames-tapahtumassa kilpaillaan sek\u00e4 yksil\u00f6- ett\u00e4 joukkuelajeissa.&nbsp;<\/p>\n\n\n\n<p>Tutustu SAKU ry:n opiskelijoiden tapahtumakalenteriin osoitteessa&nbsp;<a href=\"https:\/\/sakury.net\/\" target=\"_blank\" rel=\"noreferrer noopener\">sakury.net<\/a>&nbsp;ja valitse itsellesi sopivat lajit ja tapahtumat! Lajivalikoimassa on jokaiselle jotakin.<\/p>\n\n\n\n<p>Lis\u00e4tiedot toiminnasta ja ilmoittautumiset:<\/p>\n\n\n\n<ul class=\"wp-block-list\">\n<li>Anni Rahkonen, nuoriso-ohjaaja (SAKUstars), puh. 050&nbsp;464 1325<\/li>\n\n\n\n<li>Kimmo V\u00e4re opettaja (SAKU-opiskelijaliikunta), puh. 050&nbsp;467 7912<\/li>\n<\/ul>\n\n\n\n<h3 class=\"wp-block-heading\">Kilpailutoiminta<\/h3>\n\n\n\n<h4 class=\"wp-block-heading\">Taitaja-kilpailut<\/h4>\n\n\n\n<p>Taitaja on ammattitaidon suomenmestaruuskilpailu, joka j\u00e4rjestet\u00e4\u00e4n joka vuosi. Taitaja-kilpailussa ammattiin opiskelevat kilpailevat SM-mitaleista ammatillisiin perustutkintoihin perustuvissa lajeissa.&nbsp;<\/p>\n\n\n\n<p>Seuraavat ammattitaidon SM-kilpailut j\u00e4rjestet\u00e4\u00e4n Tuusulassa 18.\u201321.5.2026. Finaaleihin p\u00e4\u00e4sev\u00e4t kilpailijat karsitaan semifinaaleissa, joita j\u00e4rjestet\u00e4\u00e4n ammatillisissa oppilaitoksissa ymp\u00e4ri Suomen viikolla 5, 26.\u201330.1.2026. Kerro kiinnostuksestasi osallistua Taitaja-kilpailuun opettajallesi ja ilmoittaudu rohkeasti mukaan semifinaaleihin. Semifinaaleihin ilmoittaudutaan syksyll\u00e4 2025. Saat arvokasta kokemusta, opit uusia taitoja ja solmit verkostoja, saat uusia kavereita ja kasvatat ammatillista osaamistasi kohti huippua.\u00a0L\u00e4hde mukaan kilpailemaan Taitajaan!<\/p>\n\n\n\n<p>Lue lis\u00e4\u00e4:<\/p>\n\n\n\n<ul class=\"wp-block-list\">\n<li><a href=\"https:\/\/taitaja.fi\/fi\/\">Taitaja2026<\/a><\/li>\n\n\n\n<li><a href=\"https:\/\/www.kktavastia.fi\/media\/sites\/2\/taitajapolku_esite.pdf\" target=\"_blank\" rel=\"noreferrer noopener\">Taitaja-polku<\/a><\/li>\n<\/ul>\n\n\n\n<p>Ammattiopisto Tavastia on vahvasti mukana Taitaja-toiminnassa. Haluamme rohkaista ja tukea opiskelijoitamme osallistumaan kilpailutoimintaan. Taitaja-kilpailuista saat lis\u00e4tietoa vastuuopettajaltasi ja uraohjaaja Tiia M\u00e4kiselt\u00e4, puh. 050 409 7714.<\/p>\n\n\n\n<h3 class=\"wp-block-heading\">Aloitetoiminta<\/h3>\n\n\n\n<p>Opiskelijoilta pyydet\u00e4\u00e4n hyvi\u00e4 ideoita, aloitteita, oppilaitoksen kehitt\u00e4miseksi. Aloite on toteuttamiskelpoinen ehdotus, joka Ammattiopisto Tavastiassa<\/p>\n\n\n\n<ul class=\"wp-block-list\">\n<li>parantaa oppilaitoksen toimivuutta ja kest\u00e4v\u00e4\u00e4 kehityst\u00e4<\/li>\n\n\n\n<li>parantaa opiskelijoiden motivaatiota<\/li>\n\n\n\n<li>parantaa oppimisymp\u00e4rist\u00f6n ty\u00f6skentelyoloja, ty\u00f6turvallisuutta ja viihtyisyytt\u00e4<\/li>\n\n\n\n<li>kehitt\u00e4\u00e4 ty\u00f6menetelmi\u00e4, ty\u00f6v\u00e4lineit\u00e4, koneita tai laitteita<\/li>\n\n\n\n<li>v\u00e4hent\u00e4\u00e4 kustannuksia tai poistaa tarpeetonta ty\u00f6t\u00e4<\/li>\n\n\n\n<li>kehitt\u00e4\u00e4 yhteisty\u00f6t\u00e4 ja verkostoitumista<\/li>\n\n\n\n<li>parantaa oppilaitoksen imagoa, tunnettuutta, markkinointia tai tiedotustoimintaa<\/li>\n<\/ul>\n\n\n\n<p>P\u00e4\u00e4set tekem\u00e4\u00e4n aloitteen&nbsp;<a href=\"https:\/\/www.kktavastia.fi\/opiskelijalle\/\">Opiskelijan linkit -sivulta<\/a>, kohdasta \u201cMuita yhteisi\u00e4 pikalinkkej\u00e4\u201d &gt; \u201dTuliko idea? Tee aloite!\u201d. Aloitteesi k\u00e4sitell\u00e4\u00e4n kuntayhtym\u00e4n johtoryhm\u00e4ss\u00e4.<\/p>\n","protected":false},"excerpt":{"rendered":"<p>Yhteis\u00f6llisyys on vuorovaikutusta, yhdess\u00e4 olemista ja tekemist\u00e4, sosiaalisia suhteita ja yhteenkuuluvuutta. Ryhm\u00e4toimintaa opiskelijoille Tule mukaan opiskelijatoimintaan! Saat uusia kavereita ja [&hellip;]<\/p>\n","protected":false},"author":5,"featured_media":0,"parent":39205,"menu_order":7,"comment_status":"closed","ping_status":"closed","template":"","meta":{"_acf_changed":false,"_relevanssi_hide_post":"","_relevanssi_hide_content":"","_relevanssi_pin_for_all":"","_relevanssi_pin_keywords":"","_relevanssi_unpin_keywords":"","_relevanssi_related_keywords":"","_relevanssi_related_include_ids":"","_relevanssi_related_exclude_ids":"","_relevanssi_related_no_append":"","_relevanssi_related_not_related":"","_relevanssi_related_posts":"17,38498,14665,152,750,1146","_relevanssi_noindex_reason":"","footnotes":""},"class_list":["post-39245","page","type-page","status-publish","hentry"],"acf":[],"yoast_head":"<title>Yhteis\u00f6llisyys ja opiskelijatoiminta - Ammattiopisto Tavastia<\/title>\n<meta name=\"robots\" content=\"index, follow, max-snippet:-1, max-image-preview:large, max-video-preview:-1\" \/>\n<link rel=\"canonical\" href=\"https:\/\/www.kktavastia.fi\/ammattiopisto\/opiskelijalle\/yhteisollisyys-ja-opiskelijatoiminta\/\" \/>\n<meta property=\"og:locale\" content=\"fi_FI\" \/>\n<meta property=\"og:type\" content=\"article\" \/>\n<meta property=\"og:title\" content=\"Yhteis\u00f6llisyys ja opiskelijatoiminta - Ammattiopisto Tavastia\" \/>\n<meta property=\"og:description\" content=\"Yhteis\u00f6llisyys on vuorovaikutusta, yhdess\u00e4 olemista ja tekemist\u00e4, sosiaalisia suhteita ja yhteenkuuluvuutta. Ryhm\u00e4toimintaa opiskelijoille Tule mukaan opiskelijatoimintaan! Saat uusia kavereita ja [&hellip;]\" \/>\n<meta property=\"og:url\" content=\"https:\/\/www.kktavastia.fi\/ammattiopisto\/opiskelijalle\/yhteisollisyys-ja-opiskelijatoiminta\/\" \/>\n<meta property=\"og:site_name\" content=\"Ammattiopisto Tavastia\" \/>\n<meta property=\"article:modified_time\" content=\"2025-10-09T12:09:24+00:00\" \/>\n<meta name=\"twitter:card\" content=\"summary_large_image\" \/>\n<script type=\"application\/ld+json\" class=\"yoast-schema-graph\">{\"@context\":\"https:\\\/\\\/schema.org\",\"@graph\":[{\"@type\":\"WebPage\",\"@id\":\"https:\\\/\\\/www.kktavastia.fi\\\/ammattiopisto\\\/opiskelijalle\\\/yhteisollisyys-ja-opiskelijatoiminta\\\/\",\"url\":\"https:\\\/\\\/www.kktavastia.fi\\\/ammattiopisto\\\/opiskelijalle\\\/yhteisollisyys-ja-opiskelijatoiminta\\\/\",\"name\":\"Yhteis\u00f6llisyys ja opiskelijatoiminta - Ammattiopisto Tavastia\",\"isPartOf\":{\"@id\":\"https:\\\/\\\/www.kktavastia.fi\\\/ammattiopisto\\\/#website\"},\"datePublished\":\"2024-06-24T12:20:51+00:00\",\"dateModified\":\"2025-10-09T12:09:24+00:00\",\"breadcrumb\":{\"@id\":\"https:\\\/\\\/www.kktavastia.fi\\\/ammattiopisto\\\/opiskelijalle\\\/yhteisollisyys-ja-opiskelijatoiminta\\\/#breadcrumb\"},\"inLanguage\":\"fi\",\"potentialAction\":[{\"@type\":\"ReadAction\",\"target\":[\"https:\\\/\\\/www.kktavastia.fi\\\/ammattiopisto\\\/opiskelijalle\\\/yhteisollisyys-ja-opiskelijatoiminta\\\/\"]}]},{\"@type\":\"BreadcrumbList\",\"@id\":\"https:\\\/\\\/www.kktavastia.fi\\\/ammattiopisto\\\/opiskelijalle\\\/yhteisollisyys-ja-opiskelijatoiminta\\\/#breadcrumb\",\"itemListElement\":[{\"@type\":\"ListItem\",\"position\":1,\"name\":\"Home\",\"item\":\"https:\\\/\\\/www.kktavastia.fi\\\/ammattiopisto\\\/\"},{\"@type\":\"ListItem\",\"position\":2,\"name\":\"Opiskelijalle\",\"item\":\"https:\\\/\\\/www.kktavastia.fi\\\/ammattiopisto\\\/opiskelijalle\\\/\"},{\"@type\":\"ListItem\",\"position\":3,\"name\":\"Yhteis\u00f6llisyys ja opiskelijatoiminta\"}]},{\"@type\":\"WebSite\",\"@id\":\"https:\\\/\\\/www.kktavastia.fi\\\/ammattiopisto\\\/#website\",\"url\":\"https:\\\/\\\/www.kktavastia.fi\\\/ammattiopisto\\\/\",\"name\":\"Ammattiopisto Tavastia\",\"description\":\"\",\"potentialAction\":[{\"@type\":\"SearchAction\",\"target\":{\"@type\":\"EntryPoint\",\"urlTemplate\":\"https:\\\/\\\/www.kktavastia.fi\\\/ammattiopisto\\\/?s={search_term_string}\"},\"query-input\":{\"@type\":\"PropertyValueSpecification\",\"valueRequired\":true,\"valueName\":\"search_term_string\"}}],\"inLanguage\":\"fi\"}]}<\/script>","yoast_head_json":{"title":"Yhteis\u00f6llisyys ja opiskelijatoiminta - Ammattiopisto Tavastia","robots":{"index":"index","follow":"follow","max-snippet":"max-snippet:-1","max-image-preview":"max-image-preview:large","max-video-preview":"max-video-preview:-1"},"canonical":"https:\/\/www.kktavastia.fi\/ammattiopisto\/opiskelijalle\/yhteisollisyys-ja-opiskelijatoiminta\/","og_locale":"fi_FI","og_type":"article","og_title":"Yhteis\u00f6llisyys ja opiskelijatoiminta - Ammattiopisto Tavastia","og_description":"Yhteis\u00f6llisyys on vuorovaikutusta, yhdess\u00e4 olemista ja tekemist\u00e4, sosiaalisia suhteita ja yhteenkuuluvuutta. Ryhm\u00e4toimintaa opiskelijoille Tule mukaan opiskelijatoimintaan! Saat uusia kavereita ja [&hellip;]","og_url":"https:\/\/www.kktavastia.fi\/ammattiopisto\/opiskelijalle\/yhteisollisyys-ja-opiskelijatoiminta\/","og_site_name":"Ammattiopisto Tavastia","article_modified_time":"2025-10-09T12:09:24+00:00","twitter_card":"summary_large_image","schema":{"@context":"https:\/\/schema.org","@graph":[{"@type":"WebPage","@id":"https:\/\/www.kktavastia.fi\/ammattiopisto\/opiskelijalle\/yhteisollisyys-ja-opiskelijatoiminta\/","url":"https:\/\/www.kktavastia.fi\/ammattiopisto\/opiskelijalle\/yhteisollisyys-ja-opiskelijatoiminta\/","name":"Yhteis\u00f6llisyys ja opiskelijatoiminta - Ammattiopisto Tavastia","isPartOf":{"@id":"https:\/\/www.kktavastia.fi\/ammattiopisto\/#website"},"datePublished":"2024-06-24T12:20:51+00:00","dateModified":"2025-10-09T12:09:24+00:00","breadcrumb":{"@id":"https:\/\/www.kktavastia.fi\/ammattiopisto\/opiskelijalle\/yhteisollisyys-ja-opiskelijatoiminta\/#breadcrumb"},"inLanguage":"fi","potentialAction":[{"@type":"ReadAction","target":["https:\/\/www.kktavastia.fi\/ammattiopisto\/opiskelijalle\/yhteisollisyys-ja-opiskelijatoiminta\/"]}]},{"@type":"BreadcrumbList","@id":"https:\/\/www.kktavastia.fi\/ammattiopisto\/opiskelijalle\/yhteisollisyys-ja-opiskelijatoiminta\/#breadcrumb","itemListElement":[{"@type":"ListItem","position":1,"name":"Home","item":"https:\/\/www.kktavastia.fi\/ammattiopisto\/"},{"@type":"ListItem","position":2,"name":"Opiskelijalle","item":"https:\/\/www.kktavastia.fi\/ammattiopisto\/opiskelijalle\/"},{"@type":"ListItem","position":3,"name":"Yhteis\u00f6llisyys ja opiskelijatoiminta"}]},{"@type":"WebSite","@id":"https:\/\/www.kktavastia.fi\/ammattiopisto\/#website","url":"https:\/\/www.kktavastia.fi\/ammattiopisto\/","name":"Ammattiopisto Tavastia","description":"","potentialAction":[{"@type":"SearchAction","target":{"@type":"EntryPoint","urlTemplate":"https:\/\/www.kktavastia.fi\/ammattiopisto\/?s={search_term_string}"},"query-input":{"@type":"PropertyValueSpecification","valueRequired":true,"valueName":"search_term_string"}}],"inLanguage":"fi"}]}},"_links":{"self":[{"href":"https:\/\/www.kktavastia.fi\/ammattiopisto\/wp-json\/wp\/v2\/pages\/39245","targetHints":{"allow":["GET"]}}],"collection":[{"href":"https:\/\/www.kktavastia.fi\/ammattiopisto\/wp-json\/wp\/v2\/pages"}],"about":[{"href":"https:\/\/www.kktavastia.fi\/ammattiopisto\/wp-json\/wp\/v2\/types\/page"}],"author":[{"embeddable":true,"href":"https:\/\/www.kktavastia.fi\/ammattiopisto\/wp-json\/wp\/v2\/users\/5"}],"replies":[{"embeddable":true,"href":"https:\/\/www.kktavastia.fi\/ammattiopisto\/wp-json\/wp\/v2\/comments?post=39245"}],"version-history":[{"count":24,"href":"https:\/\/www.kktavastia.fi\/ammattiopisto\/wp-json\/wp\/v2\/pages\/39245\/revisions"}],"predecessor-version":[{"id":123036,"href":"https:\/\/www.kktavastia.fi\/ammattiopisto\/wp-json\/wp\/v2\/pages\/39245\/revisions\/123036"}],"up":[{"embeddable":true,"href":"https:\/\/www.kktavastia.fi\/ammattiopisto\/wp-json\/wp\/v2\/pages\/39205"}],"wp:attachment":[{"href":"https:\/\/www.kktavastia.fi\/ammattiopisto\/wp-json\/wp\/v2\/media?parent=39245"}],"curies":[{"name":"wp","href":"https:\/\/api.w.org\/{rel}","templated":true}]}}