{"id":38504,"date":"2024-06-20T13:26:43","date_gmt":"2024-06-20T10:26:43","guid":{"rendered":"https:\/\/www.kktavastia.fi\/ammattiopisto\/?page_id=38504"},"modified":"2024-07-02T12:40:17","modified_gmt":"2024-07-02T09:40:17","slug":"kestava-tulevaisuus","status":"publish","type":"page","link":"https:\/\/www.kktavastia.fi\/ammattiopisto\/tietoa-ammattiopistosta\/kestava-tulevaisuus\/","title":{"rendered":"Kest\u00e4v\u00e4 tulevaisuus"},"content":{"rendered":"\n<p class=\"is-style-ingress\">Kest\u00e4v\u00e4 tulevaisuus ja vastuullisuus ovat osa Ammattiopisto Tavastian arkea ja ohjaa toimintaamme. Vastuullisuus sis\u00e4lt\u00e4\u00e4 ekologisen, sosiaalisen\/kulttuurisen ja taloudellisen kest\u00e4vyyden.<\/p>\n\n\n<div class=\"wp-block-image\">\n<figure class=\"alignright size-full\"><img loading=\"lazy\" decoding=\"async\" width=\"160\" height=\"98\" src=\"https:\/\/www.kktavastia.fi\/media\/sites\/2\/kestava-kehitys-sertifioitu-oppilaitos-sertimerkki_teksti_web.png\" alt=\"\" class=\"wp-image-10078\" srcset=\"https:\/\/www.kktavastia.fi\/media\/sites\/2\/kestava-kehitys-sertifioitu-oppilaitos-sertimerkki_teksti_web.png 160w, https:\/\/www.kktavastia.fi\/media\/sites\/2\/kestava-kehitys-sertifioitu-oppilaitos-sertimerkki_teksti_web-20x12.png 20w\" sizes=\"auto, (max-width: 160px) 100vw, 160px\" \/><\/figure>\n<\/div>\n\n\n<p>Kest\u00e4v\u00e4n tulevaisuuden ty\u00f6t\u00e4 on tehty jo vuosia ja siit\u00e4 osoituksena Ammattiopisto Tavastialla on vuodesta 2017 alkaen ollut OKKA-s\u00e4\u00e4ti\u00f6n my\u00f6nt\u00e4m\u00e4 kest\u00e4v\u00e4n kehityksen sertifikaatti.<\/p>\n\n\n\n<p>OKM on my\u00f6nt\u00e4nyt Ammattiopisto Tavastialle kunniamaininnan vuoden 2022 laatupalkintokilpailussa sosiaalisen ja kulttuurisen kest\u00e4vyyden vahvistamisessa.<\/p>\n\n\n\n<h4 class=\"wp-block-heading\">Kest\u00e4v\u00e4 tulevaisuus n\u00e4kyy opiskeluarjessamme muun muassa n\u00e4in:<\/h4>\n\n\n\n<ul class=\"wp-block-list\">\n<li>teemaviikkoina, mm. h\u00e4vikkiviikko, energians\u00e4\u00e4st\u00f6viikko ja rasisminvastainen viikko<\/li>\n\n\n\n<li>opiskelija \u2013 vaikuta! -tapaamisina<\/li>\n\n\n\n<li>opiskelijoiden yhteis\u00f6llisen\u00e4 toimintana<\/li>\n\n\n\n<li>kest\u00e4v\u00e4n tulevaisuuden polkuopintoina<\/li>\n\n\n\n<li>opiskelijoiden ja henkil\u00f6st\u00f6n yhteisen\u00e4 kest\u00e4v\u00e4n tulevaisuuden Teams-kanavana<\/li>\n<\/ul>\n\n\n\n<p>Laskemme ja pyrimme v\u00e4hent\u00e4m\u00e4\u00e4n hiilijalanj\u00e4lke\u00e4mme ja se n\u00e4kyy mm. j\u00e4tteiden lajitteluna, h\u00e4vikkiruoan v\u00e4hent\u00e4misen\u00e4 ja pyrkimyksen\u00e4 energian s\u00e4\u00e4st\u00f6\u00f6n. Vuodelle 2024 tavoitteena on v\u00e4hent\u00e4\u00e4 sekaj\u00e4tteen m\u00e4\u00e4r\u00e4\u00e4 Ammattiopisto Tavastiassa. Olemme uusineet j\u00e4tteiden lajitteluamme.<\/p>\n\n\n\n<p>Koulutuskuntayhtym\u00e4 Tavastia on laatinut tulevaisuusvisiota henkil\u00f6st\u00f6n, opiskelijoiden ja luottamushenkil\u00f6iden kanssa. Ammattiopisto Tavastialla on kest\u00e4v\u00e4n tulevaisuuden edist\u00e4miseksi seuraavat tavoitteet, joiden saavuttamiseksi on tehty toimenpidesuunnitelma:<\/p>\n\n\n\n<ul class=\"wp-block-list\">\n<li>Ekologinen kest\u00e4vyys: Ammattiopisto Tavastia on edell\u00e4k\u00e4vij\u00e4 ja vaikuttava toimija ekologisesti kest\u00e4v\u00e4n tulevaisuuden rakentamisessa.<\/li>\n\n\n\n<li>Sosiaalinen kest\u00e4vyys: Ammattiopisto Tavastia tukee kaikkien opiskelijoiden oppimista heid\u00e4n yksil\u00f6llisten tarpeidensa mukaisesti. Opiskelijoiden yhdenvertaisesta ja kokonaisvaltaisesta hyvinvoinnista huolehditaan.<\/li>\n<\/ul>\n\n\n\n<p>Ekologisen kest\u00e4vyyden osalta kest\u00e4v\u00e4n tulevaisuuden toimintaa koordinoi kest\u00e4v\u00e4n tulevaisuuden koordinaattori, lehtori Marika Himanen sek\u00e4 kest\u00e4v\u00e4n tulevaisuuden ryhm\u00e4.<\/p>\n\n\n\n<figure class=\"wp-block-image size-full\"><img loading=\"lazy\" decoding=\"async\" width=\"220\" height=\"220\" src=\"https:\/\/www.kktavastia.fi\/media\/sites\/2\/kestavaa_tulevaisuutta-yhdessa-e1718878879264.png\" alt=\"\" class=\"wp-image-38506\" \/><\/figure>\n","protected":false},"excerpt":{"rendered":"<p>Kest\u00e4v\u00e4 tulevaisuus ja vastuullisuus ovat osa Ammattiopisto Tavastian arkea ja ohjaa toimintaamme. Vastuullisuus sis\u00e4lt\u00e4\u00e4 ekologisen, sosiaalisen\/kulttuurisen ja taloudellisen kest\u00e4vyyden. Kest\u00e4v\u00e4n [&hellip;]<\/p>\n","protected":false},"author":5,"featured_media":0,"parent":127,"menu_order":3,"comment_status":"closed","ping_status":"closed","template":"","meta":{"_acf_changed":false,"_relevanssi_hide_post":"","_relevanssi_hide_content":"","_relevanssi_pin_for_all":"","_relevanssi_pin_keywords":"","_relevanssi_unpin_keywords":"","_relevanssi_related_keywords":"","_relevanssi_related_include_ids":"","_relevanssi_related_exclude_ids":"","_relevanssi_related_no_append":"","_relevanssi_related_not_related":"","_relevanssi_related_posts":"","_relevanssi_noindex_reason":"","footnotes":""},"class_list":["post-38504","page","type-page","status-publish","hentry"],"acf":[],"yoast_head":"<title>Kest\u00e4v\u00e4 tulevaisuus - Ammattiopisto Tavastia<\/title>\n<meta name=\"robots\" content=\"index, follow, max-snippet:-1, max-image-preview:large, max-video-preview:-1\" \/>\n<link rel=\"canonical\" href=\"https:\/\/www.kktavastia.fi\/ammattiopisto\/tietoa-ammattiopistosta\/kestava-tulevaisuus\/\" \/>\n<meta property=\"og:locale\" content=\"fi_FI\" \/>\n<meta property=\"og:type\" content=\"article\" \/>\n<meta property=\"og:title\" content=\"Kest\u00e4v\u00e4 tulevaisuus - Ammattiopisto Tavastia\" \/>\n<meta property=\"og:description\" content=\"Kest\u00e4v\u00e4 tulevaisuus ja vastuullisuus ovat osa Ammattiopisto Tavastian arkea ja ohjaa toimintaamme. Vastuullisuus sis\u00e4lt\u00e4\u00e4 ekologisen, sosiaalisen\/kulttuurisen ja taloudellisen kest\u00e4vyyden. Kest\u00e4v\u00e4n [&hellip;]\" \/>\n<meta property=\"og:url\" content=\"https:\/\/www.kktavastia.fi\/ammattiopisto\/tietoa-ammattiopistosta\/kestava-tulevaisuus\/\" \/>\n<meta property=\"og:site_name\" content=\"Ammattiopisto Tavastia\" \/>\n<meta property=\"article:modified_time\" content=\"2024-07-02T09:40:17+00:00\" \/>\n<meta property=\"og:image\" content=\"https:\/\/www.kktavastia.fi\/media\/sites\/2\/kestava-kehitys-sertifioitu-oppilaitos-sertimerkki_teksti_web.png\" \/>\n<meta name=\"twitter:card\" content=\"summary_large_image\" \/>\n<script type=\"application\/ld+json\" class=\"yoast-schema-graph\">{\"@context\":\"https:\/\/schema.org\",\"@graph\":[{\"@type\":\"WebPage\",\"@id\":\"https:\/\/www.kktavastia.fi\/ammattiopisto\/tietoa-ammattiopistosta\/kestava-tulevaisuus\/\",\"url\":\"https:\/\/www.kktavastia.fi\/ammattiopisto\/tietoa-ammattiopistosta\/kestava-tulevaisuus\/\",\"name\":\"Kest\u00e4v\u00e4 tulevaisuus - Ammattiopisto Tavastia\",\"isPartOf\":{\"@id\":\"https:\/\/www.kktavastia.fi\/ammattiopisto\/#website\"},\"primaryImageOfPage\":{\"@id\":\"https:\/\/www.kktavastia.fi\/ammattiopisto\/tietoa-ammattiopistosta\/kestava-tulevaisuus\/#primaryimage\"},\"image\":{\"@id\":\"https:\/\/www.kktavastia.fi\/ammattiopisto\/tietoa-ammattiopistosta\/kestava-tulevaisuus\/#primaryimage\"},\"thumbnailUrl\":\"https:\/\/www.kktavastia.fi\/media\/sites\/2\/kestava-kehitys-sertifioitu-oppilaitos-sertimerkki_teksti_web.png\",\"datePublished\":\"2024-06-20T10:26:43+00:00\",\"dateModified\":\"2024-07-02T09:40:17+00:00\",\"breadcrumb\":{\"@id\":\"https:\/\/www.kktavastia.fi\/ammattiopisto\/tietoa-ammattiopistosta\/kestava-tulevaisuus\/#breadcrumb\"},\"inLanguage\":\"fi\",\"potentialAction\":[{\"@type\":\"ReadAction\",\"target\":[\"https:\/\/www.kktavastia.fi\/ammattiopisto\/tietoa-ammattiopistosta\/kestava-tulevaisuus\/\"]}]},{\"@type\":\"ImageObject\",\"inLanguage\":\"fi\",\"@id\":\"https:\/\/www.kktavastia.fi\/ammattiopisto\/tietoa-ammattiopistosta\/kestava-tulevaisuus\/#primaryimage\",\"url\":\"https:\/\/www.kktavastia.fi\/media\/sites\/2\/kestava-kehitys-sertifioitu-oppilaitos-sertimerkki_teksti_web.png\",\"contentUrl\":\"https:\/\/www.kktavastia.fi\/media\/sites\/2\/kestava-kehitys-sertifioitu-oppilaitos-sertimerkki_teksti_web.png\"},{\"@type\":\"BreadcrumbList\",\"@id\":\"https:\/\/www.kktavastia.fi\/ammattiopisto\/tietoa-ammattiopistosta\/kestava-tulevaisuus\/#breadcrumb\",\"itemListElement\":[{\"@type\":\"ListItem\",\"position\":1,\"name\":\"Home\",\"item\":\"https:\/\/www.kktavastia.fi\/ammattiopisto\/\"},{\"@type\":\"ListItem\",\"position\":2,\"name\":\"Tietoa ammattiopistosta\",\"item\":\"https:\/\/www.kktavastia.fi\/ammattiopisto\/tietoa-ammattiopistosta\/\"},{\"@type\":\"ListItem\",\"position\":3,\"name\":\"Kest\u00e4v\u00e4 tulevaisuus\"}]},{\"@type\":\"WebSite\",\"@id\":\"https:\/\/www.kktavastia.fi\/ammattiopisto\/#website\",\"url\":\"https:\/\/www.kktavastia.fi\/ammattiopisto\/\",\"name\":\"Ammattiopisto Tavastia\",\"description\":\"\",\"potentialAction\":[{\"@type\":\"SearchAction\",\"target\":{\"@type\":\"EntryPoint\",\"urlTemplate\":\"https:\/\/www.kktavastia.fi\/ammattiopisto\/?s={search_term_string}\"},\"query-input\":{\"@type\":\"PropertyValueSpecification\",\"valueRequired\":true,\"valueName\":\"search_term_string\"}}],\"inLanguage\":\"fi\"}]}<\/script>","yoast_head_json":{"title":"Kest\u00e4v\u00e4 tulevaisuus - Ammattiopisto Tavastia","robots":{"index":"index","follow":"follow","max-snippet":"max-snippet:-1","max-image-preview":"max-image-preview:large","max-video-preview":"max-video-preview:-1"},"canonical":"https:\/\/www.kktavastia.fi\/ammattiopisto\/tietoa-ammattiopistosta\/kestava-tulevaisuus\/","og_locale":"fi_FI","og_type":"article","og_title":"Kest\u00e4v\u00e4 tulevaisuus - Ammattiopisto Tavastia","og_description":"Kest\u00e4v\u00e4 tulevaisuus ja vastuullisuus ovat osa Ammattiopisto Tavastian arkea ja ohjaa toimintaamme. Vastuullisuus sis\u00e4lt\u00e4\u00e4 ekologisen, sosiaalisen\/kulttuurisen ja taloudellisen kest\u00e4vyyden. Kest\u00e4v\u00e4n [&hellip;]","og_url":"https:\/\/www.kktavastia.fi\/ammattiopisto\/tietoa-ammattiopistosta\/kestava-tulevaisuus\/","og_site_name":"Ammattiopisto Tavastia","article_modified_time":"2024-07-02T09:40:17+00:00","og_image":[{"url":"https:\/\/www.kktavastia.fi\/media\/sites\/2\/kestava-kehitys-sertifioitu-oppilaitos-sertimerkki_teksti_web.png","type":"","width":"","height":""}],"twitter_card":"summary_large_image","schema":{"@context":"https:\/\/schema.org","@graph":[{"@type":"WebPage","@id":"https:\/\/www.kktavastia.fi\/ammattiopisto\/tietoa-ammattiopistosta\/kestava-tulevaisuus\/","url":"https:\/\/www.kktavastia.fi\/ammattiopisto\/tietoa-ammattiopistosta\/kestava-tulevaisuus\/","name":"Kest\u00e4v\u00e4 tulevaisuus - Ammattiopisto Tavastia","isPartOf":{"@id":"https:\/\/www.kktavastia.fi\/ammattiopisto\/#website"},"primaryImageOfPage":{"@id":"https:\/\/www.kktavastia.fi\/ammattiopisto\/tietoa-ammattiopistosta\/kestava-tulevaisuus\/#primaryimage"},"image":{"@id":"https:\/\/www.kktavastia.fi\/ammattiopisto\/tietoa-ammattiopistosta\/kestava-tulevaisuus\/#primaryimage"},"thumbnailUrl":"https:\/\/www.kktavastia.fi\/media\/sites\/2\/kestava-kehitys-sertifioitu-oppilaitos-sertimerkki_teksti_web.png","datePublished":"2024-06-20T10:26:43+00:00","dateModified":"2024-07-02T09:40:17+00:00","breadcrumb":{"@id":"https:\/\/www.kktavastia.fi\/ammattiopisto\/tietoa-ammattiopistosta\/kestava-tulevaisuus\/#breadcrumb"},"inLanguage":"fi","potentialAction":[{"@type":"ReadAction","target":["https:\/\/www.kktavastia.fi\/ammattiopisto\/tietoa-ammattiopistosta\/kestava-tulevaisuus\/"]}]},{"@type":"ImageObject","inLanguage":"fi","@id":"https:\/\/www.kktavastia.fi\/ammattiopisto\/tietoa-ammattiopistosta\/kestava-tulevaisuus\/#primaryimage","url":"https:\/\/www.kktavastia.fi\/media\/sites\/2\/kestava-kehitys-sertifioitu-oppilaitos-sertimerkki_teksti_web.png","contentUrl":"https:\/\/www.kktavastia.fi\/media\/sites\/2\/kestava-kehitys-sertifioitu-oppilaitos-sertimerkki_teksti_web.png"},{"@type":"BreadcrumbList","@id":"https:\/\/www.kktavastia.fi\/ammattiopisto\/tietoa-ammattiopistosta\/kestava-tulevaisuus\/#breadcrumb","itemListElement":[{"@type":"ListItem","position":1,"name":"Home","item":"https:\/\/www.kktavastia.fi\/ammattiopisto\/"},{"@type":"ListItem","position":2,"name":"Tietoa ammattiopistosta","item":"https:\/\/www.kktavastia.fi\/ammattiopisto\/tietoa-ammattiopistosta\/"},{"@type":"ListItem","position":3,"name":"Kest\u00e4v\u00e4 tulevaisuus"}]},{"@type":"WebSite","@id":"https:\/\/www.kktavastia.fi\/ammattiopisto\/#website","url":"https:\/\/www.kktavastia.fi\/ammattiopisto\/","name":"Ammattiopisto Tavastia","description":"","potentialAction":[{"@type":"SearchAction","target":{"@type":"EntryPoint","urlTemplate":"https:\/\/www.kktavastia.fi\/ammattiopisto\/?s={search_term_string}"},"query-input":{"@type":"PropertyValueSpecification","valueRequired":true,"valueName":"search_term_string"}}],"inLanguage":"fi"}]}},"_links":{"self":[{"href":"https:\/\/www.kktavastia.fi\/ammattiopisto\/wp-json\/wp\/v2\/pages\/38504","targetHints":{"allow":["GET"]}}],"collection":[{"href":"https:\/\/www.kktavastia.fi\/ammattiopisto\/wp-json\/wp\/v2\/pages"}],"about":[{"href":"https:\/\/www.kktavastia.fi\/ammattiopisto\/wp-json\/wp\/v2\/types\/page"}],"author":[{"embeddable":true,"href":"https:\/\/www.kktavastia.fi\/ammattiopisto\/wp-json\/wp\/v2\/users\/5"}],"replies":[{"embeddable":true,"href":"https:\/\/www.kktavastia.fi\/ammattiopisto\/wp-json\/wp\/v2\/comments?post=38504"}],"version-history":[{"count":10,"href":"https:\/\/www.kktavastia.fi\/ammattiopisto\/wp-json\/wp\/v2\/pages\/38504\/revisions"}],"predecessor-version":[{"id":41121,"href":"https:\/\/www.kktavastia.fi\/ammattiopisto\/wp-json\/wp\/v2\/pages\/38504\/revisions\/41121"}],"up":[{"embeddable":true,"href":"https:\/\/www.kktavastia.fi\/ammattiopisto\/wp-json\/wp\/v2\/pages\/127"}],"wp:attachment":[{"href":"https:\/\/www.kktavastia.fi\/ammattiopisto\/wp-json\/wp\/v2\/media?parent=38504"}],"curies":[{"name":"wp","href":"https:\/\/api.w.org\/{rel}","templated":true}]}}