{"id":242,"date":"2020-11-25T11:32:24","date_gmt":"2020-11-25T09:32:24","guid":{"rendered":"https:\/\/kktavastia.vaiheessa.fi\/ammattiopisto\/?page_id=242"},"modified":"2026-01-13T11:02:19","modified_gmt":"2026-01-13T09:02:19","slug":"taitava-shop","status":"publish","type":"page","link":"https:\/\/www.kktavastia.fi\/ammattiopisto\/tavastia-asiakaspalvelut-opiskelijatyot\/taitava-shop\/","title":{"rendered":"TaiTava-shop"},"content":{"rendered":"\n<p class=\"is-style-ingress\">Ammattiopisto Tavastian TaiTava-shopissa myyd\u00e4\u00e4n opiskelijoiden valmistamia k\u00e4sity\u00f6tuotteita. Kaikki TaiTava-shopin esineet ja tekstiilit ovat siis eri osastojemme opiskelijoiden tekemi\u00e4.<\/p>\n\n\n\n<div class=\"wp-block-media-text alignwide is-stacked-on-mobile\"><figure class=\"wp-block-media-text__media\"><img loading=\"lazy\" decoding=\"async\" width=\"1000\" height=\"667\" src=\"https:\/\/www.kktavastia.fi\/media\/sites\/2\/dsc07961_pieni.jpg\" alt=\"\" class=\"wp-image-426 size-full\" srcset=\"https:\/\/www.kktavastia.fi\/media\/sites\/2\/dsc07961_pieni.jpg 1000w, https:\/\/www.kktavastia.fi\/media\/sites\/2\/dsc07961_pieni-300x200.jpg 300w, https:\/\/www.kktavastia.fi\/media\/sites\/2\/dsc07961_pieni-768x512.jpg 768w, https:\/\/www.kktavastia.fi\/media\/sites\/2\/dsc07961_pieni-20x13.jpg 20w\" sizes=\"auto, (max-width: 1000px) 100vw, 1000px\" \/><\/figure><div class=\"wp-block-media-text__content\">\n<p>TaiTava-shopista l\u00f6yd\u00e4t vaihtelevan valikoiman muun muassa sisustus- ja kodintekstiilej\u00e4, vaatteita, p\u00e4\u00e4hineit\u00e4 sek\u00e4 k\u00e4ytt\u00f6- ja koriste-esineit\u00e4 lahjaksi tai itselle. TaiTava-shop sijaitsee Kahvila-ravintola Punaportin yhteydess\u00e4.<\/p>\n\n\n\n<p>Tule tutustumaan ja shoppailemaan uniikkeja k\u00e4sity\u00f6tuotteita!<\/p>\n\n\n\n<p>Ole ylpe\u00e4sti #tavastialainen! TaiTava-shopissa on myynniss\u00e4 my\u00f6s Tavastian br\u00e4ndituotteita omassa hyllyss\u00e4\u00e4n. <\/p>\n<\/div><\/div>\n\n\n\n<h3 class=\"wp-block-heading\">TaiTava-shopin aukioloajat<\/h3>\n\n\n\n<p>ma\u2013pe klo 8.45\u201315.00<br>Suljettu oppilaitoksen loma-aikoina!<\/p>\n\n\n\n<h3 class=\"wp-block-heading\">Yhteystiedot<\/h3>\n\n\n\n<p>Hattelmalantie 25, I-rakennus, H\u00e4meenlinna<br>puh. 050 4400 936<\/p>\n\n\n\n<ul class=\"wp-block-social-links is-layout-flex wp-block-social-links-is-layout-flex\"><li class=\"wp-social-link wp-social-link-facebook  wp-block-social-link\"><a href=\"https:\/\/www.facebook.com\/TaitavaShop-Ammattiopisto-Tavastia-963308217084606\" class=\"wp-block-social-link-anchor\"><svg width=\"24\" height=\"24\" viewBox=\"0 0 24 24\" version=\"1.1\" xmlns=\"http:\/\/www.w3.org\/2000\/svg\" aria-hidden=\"true\" focusable=\"false\"><path d=\"M12 2C6.5 2 2 6.5 2 12c0 5 3.7 9.1 8.4 9.9v-7H7.9V12h2.5V9.8c0-2.5 1.5-3.9 3.8-3.9 1.1 0 2.2.2 2.2.2v2.5h-1.3c-1.2 0-1.6.8-1.6 1.6V12h2.8l-.4 2.9h-2.3v7C18.3 21.1 22 17 22 12c0-5.5-4.5-10-10-10z\"><\/path><\/svg><span class=\"wp-block-social-link-label screen-reader-text\">Facebook<\/span><\/a><\/li>\n\n\n\n\n\n\n\n<\/ul>\n\n\n\n<ul class=\"wp-block-list\">\n<li><a href=\"https:\/\/www.kktavastia.fi\/ammattiopisto\/tavastia-asiakaspalvelut-opiskelijatyot\/opiskelijatyot\/\">Yhteisty\u00f6t\u00e4 opiskelijoidemme kanssa?<\/a><\/li>\n<\/ul>\n\n\n\n<p><\/p>\n\n\n\n<section class=\"block block-image-content-upsell right-image\">\n  <div class=\"container\">\n\n    <div class=\"cols\">\n      <div class=\"col col-content\">\n        <div class=\"content content-dark\">\n          <h3>Haluaisitko opiskella k\u00e4sity\u00f6alaa? Tutustu K\u00e4tev\u00e4-koulutuksiin!<\/h3>\n          <p>K\u00c4TEV\u00c4-koulutus Tavastia tarkoittaa taideteollisuusalan sek\u00e4 tekstiili- ja muotialan koulutuksia Ammattiopisto Tavastiassa.<\/p>\n                      <a href=\"https:\/\/kktavastia.fi\/ammattiopisto\/kateva-koulutus-tavastia\/\" class=\"button button-light\">Tutustu k\u00e4sity\u00f6alan koulutuksiin<svg xmlns=\"http:\/\/www.w3.org\/2000\/svg\" width=\"23\" height=\"8\" viewBox=\"0 0 23 8\"><path d=\"M1 3.818h21.23m0 0L19.153.764m3.077 3.054l-3.077 3.055\" stroke=\"currentColor\" stroke-width=\"1.5\" fill=\"none\" fill-rule=\"evenodd\" stroke-linecap=\"round\" stroke-linejoin=\"round\"\/><\/svg>\n<\/a>\n                  <\/div>\n      <\/div>\n\n      <div class=\"col col-image\">\n            <div class=\"lazy\"\n      data-bg=\"https:\/\/www.kktavastia.fi\/media\/sites\/2\/dsc07965_pien-1.jpg\"\n          >\n    <\/div>\n\n          <\/div>\n    <\/div>\n\n  <\/div>\n<\/section>\n","protected":false},"excerpt":{"rendered":"<p>Ammattiopisto Tavastian TaiTava-shopissa myyd\u00e4\u00e4n opiskelijoiden valmistamia k\u00e4sity\u00f6tuotteita. Kaikki TaiTava-shopin esineet ja tekstiilit ovat siis eri osastojemme opiskelijoiden tekemi\u00e4. TaiTava-shopista l\u00f6yd\u00e4t [&hellip;]<\/p>\n","protected":false},"author":6,"featured_media":0,"parent":115,"menu_order":6,"comment_status":"closed","ping_status":"closed","template":"","meta":{"_acf_changed":false,"_relevanssi_hide_post":"","_relevanssi_hide_content":"","_relevanssi_pin_for_all":"","_relevanssi_pin_keywords":"","_relevanssi_unpin_keywords":"","_relevanssi_related_keywords":"","_relevanssi_related_include_ids":"","_relevanssi_related_exclude_ids":"","_relevanssi_related_no_append":"","_relevanssi_related_not_related":"","_relevanssi_related_posts":"39824,563,115,140,1356,476","_relevanssi_noindex_reason":"","footnotes":""},"class_list":["post-242","page","type-page","status-publish","hentry"],"acf":[],"yoast_head":"<title>TaiTava-shop | Ammattiopisto Tavastia | K\u00e4sity\u00f6tuotteet | Tule tutustumaan<\/title>\n<meta name=\"description\" content=\"TaiTava-shop Ammattiopisto Tavastian tiloissa Punaportilla myy opiskelijoiden valmistamia uniikkeja k\u00e4sity\u00f6tuotteita. Tutustu ja ihastu!\" \/>\n<meta name=\"robots\" content=\"index, follow, max-snippet:-1, max-image-preview:large, max-video-preview:-1\" \/>\n<link rel=\"canonical\" href=\"https:\/\/www.kktavastia.fi\/ammattiopisto\/tavastia-asiakaspalvelut-opiskelijatyot\/taitava-shop\/\" \/>\n<meta property=\"og:locale\" content=\"fi_FI\" \/>\n<meta property=\"og:type\" content=\"article\" \/>\n<meta property=\"og:title\" content=\"TaiTava-shop | Ammattiopisto Tavastia | K\u00e4sity\u00f6tuotteet | Tule tutustumaan\" \/>\n<meta property=\"og:description\" content=\"TaiTava-shop Ammattiopisto Tavastian tiloissa Punaportilla myy opiskelijoiden valmistamia uniikkeja k\u00e4sity\u00f6tuotteita. Tutustu ja ihastu!\" \/>\n<meta property=\"og:url\" content=\"https:\/\/www.kktavastia.fi\/ammattiopisto\/tavastia-asiakaspalvelut-opiskelijatyot\/taitava-shop\/\" \/>\n<meta property=\"og:site_name\" content=\"Ammattiopisto Tavastia\" \/>\n<meta property=\"article:modified_time\" content=\"2026-01-13T09:02:19+00:00\" \/>\n<meta property=\"og:image\" content=\"https:\/\/www.kktavastia.fi\/media\/sites\/2\/dsc07961_pieni.jpg\" \/>\n\t<meta property=\"og:image:width\" content=\"1000\" \/>\n\t<meta property=\"og:image:height\" content=\"667\" \/>\n\t<meta property=\"og:image:type\" content=\"image\/jpeg\" \/>\n<meta name=\"twitter:card\" content=\"summary_large_image\" \/>\n<script type=\"application\/ld+json\" class=\"yoast-schema-graph\">{\"@context\":\"https:\\\/\\\/schema.org\",\"@graph\":[{\"@type\":\"WebPage\",\"@id\":\"https:\\\/\\\/www.kktavastia.fi\\\/ammattiopisto\\\/tavastia-asiakaspalvelut-opiskelijatyot\\\/taitava-shop\\\/\",\"url\":\"https:\\\/\\\/www.kktavastia.fi\\\/ammattiopisto\\\/tavastia-asiakaspalvelut-opiskelijatyot\\\/taitava-shop\\\/\",\"name\":\"TaiTava-shop | Ammattiopisto Tavastia | K\u00e4sity\u00f6tuotteet | Tule tutustumaan\",\"isPartOf\":{\"@id\":\"https:\\\/\\\/www.kktavastia.fi\\\/ammattiopisto\\\/#website\"},\"primaryImageOfPage\":{\"@id\":\"https:\\\/\\\/www.kktavastia.fi\\\/ammattiopisto\\\/tavastia-asiakaspalvelut-opiskelijatyot\\\/taitava-shop\\\/#primaryimage\"},\"image\":{\"@id\":\"https:\\\/\\\/www.kktavastia.fi\\\/ammattiopisto\\\/tavastia-asiakaspalvelut-opiskelijatyot\\\/taitava-shop\\\/#primaryimage\"},\"thumbnailUrl\":\"https:\\\/\\\/www.kktavastia.fi\\\/media\\\/sites\\\/2\\\/dsc07961_pieni.jpg\",\"datePublished\":\"2020-11-25T09:32:24+00:00\",\"dateModified\":\"2026-01-13T09:02:19+00:00\",\"description\":\"TaiTava-shop Ammattiopisto Tavastian tiloissa Punaportilla myy opiskelijoiden valmistamia uniikkeja k\u00e4sity\u00f6tuotteita. Tutustu ja ihastu!\",\"breadcrumb\":{\"@id\":\"https:\\\/\\\/www.kktavastia.fi\\\/ammattiopisto\\\/tavastia-asiakaspalvelut-opiskelijatyot\\\/taitava-shop\\\/#breadcrumb\"},\"inLanguage\":\"fi\",\"potentialAction\":[{\"@type\":\"ReadAction\",\"target\":[\"https:\\\/\\\/www.kktavastia.fi\\\/ammattiopisto\\\/tavastia-asiakaspalvelut-opiskelijatyot\\\/taitava-shop\\\/\"]}]},{\"@type\":\"ImageObject\",\"inLanguage\":\"fi\",\"@id\":\"https:\\\/\\\/www.kktavastia.fi\\\/ammattiopisto\\\/tavastia-asiakaspalvelut-opiskelijatyot\\\/taitava-shop\\\/#primaryimage\",\"url\":\"https:\\\/\\\/www.kktavastia.fi\\\/media\\\/sites\\\/2\\\/dsc07961_pieni.jpg\",\"contentUrl\":\"https:\\\/\\\/www.kktavastia.fi\\\/media\\\/sites\\\/2\\\/dsc07961_pieni.jpg\"},{\"@type\":\"BreadcrumbList\",\"@id\":\"https:\\\/\\\/www.kktavastia.fi\\\/ammattiopisto\\\/tavastia-asiakaspalvelut-opiskelijatyot\\\/taitava-shop\\\/#breadcrumb\",\"itemListElement\":[{\"@type\":\"ListItem\",\"position\":1,\"name\":\"Home\",\"item\":\"https:\\\/\\\/www.kktavastia.fi\\\/ammattiopisto\\\/\"},{\"@type\":\"ListItem\",\"position\":2,\"name\":\"Asiakaspalvelut\",\"item\":\"https:\\\/\\\/www.kktavastia.fi\\\/ammattiopisto\\\/tavastia-asiakaspalvelut-opiskelijatyot\\\/\"},{\"@type\":\"ListItem\",\"position\":3,\"name\":\"TaiTava-shop\"}]},{\"@type\":\"WebSite\",\"@id\":\"https:\\\/\\\/www.kktavastia.fi\\\/ammattiopisto\\\/#website\",\"url\":\"https:\\\/\\\/www.kktavastia.fi\\\/ammattiopisto\\\/\",\"name\":\"Ammattiopisto Tavastia\",\"description\":\"\",\"potentialAction\":[{\"@type\":\"SearchAction\",\"target\":{\"@type\":\"EntryPoint\",\"urlTemplate\":\"https:\\\/\\\/www.kktavastia.fi\\\/ammattiopisto\\\/?s={search_term_string}\"},\"query-input\":{\"@type\":\"PropertyValueSpecification\",\"valueRequired\":true,\"valueName\":\"search_term_string\"}}],\"inLanguage\":\"fi\"}]}<\/script>","yoast_head_json":{"title":"TaiTava-shop | Ammattiopisto Tavastia | K\u00e4sity\u00f6tuotteet | Tule tutustumaan","description":"TaiTava-shop Ammattiopisto Tavastian tiloissa Punaportilla myy opiskelijoiden valmistamia uniikkeja k\u00e4sity\u00f6tuotteita. Tutustu ja ihastu!","robots":{"index":"index","follow":"follow","max-snippet":"max-snippet:-1","max-image-preview":"max-image-preview:large","max-video-preview":"max-video-preview:-1"},"canonical":"https:\/\/www.kktavastia.fi\/ammattiopisto\/tavastia-asiakaspalvelut-opiskelijatyot\/taitava-shop\/","og_locale":"fi_FI","og_type":"article","og_title":"TaiTava-shop | Ammattiopisto Tavastia | K\u00e4sity\u00f6tuotteet | Tule tutustumaan","og_description":"TaiTava-shop Ammattiopisto Tavastian tiloissa Punaportilla myy opiskelijoiden valmistamia uniikkeja k\u00e4sity\u00f6tuotteita. Tutustu ja ihastu!","og_url":"https:\/\/www.kktavastia.fi\/ammattiopisto\/tavastia-asiakaspalvelut-opiskelijatyot\/taitava-shop\/","og_site_name":"Ammattiopisto Tavastia","article_modified_time":"2026-01-13T09:02:19+00:00","og_image":[{"width":1000,"height":667,"url":"https:\/\/www.kktavastia.fi\/media\/sites\/2\/dsc07961_pieni.jpg","type":"image\/jpeg"}],"twitter_card":"summary_large_image","schema":{"@context":"https:\/\/schema.org","@graph":[{"@type":"WebPage","@id":"https:\/\/www.kktavastia.fi\/ammattiopisto\/tavastia-asiakaspalvelut-opiskelijatyot\/taitava-shop\/","url":"https:\/\/www.kktavastia.fi\/ammattiopisto\/tavastia-asiakaspalvelut-opiskelijatyot\/taitava-shop\/","name":"TaiTava-shop | Ammattiopisto Tavastia | K\u00e4sity\u00f6tuotteet | Tule tutustumaan","isPartOf":{"@id":"https:\/\/www.kktavastia.fi\/ammattiopisto\/#website"},"primaryImageOfPage":{"@id":"https:\/\/www.kktavastia.fi\/ammattiopisto\/tavastia-asiakaspalvelut-opiskelijatyot\/taitava-shop\/#primaryimage"},"image":{"@id":"https:\/\/www.kktavastia.fi\/ammattiopisto\/tavastia-asiakaspalvelut-opiskelijatyot\/taitava-shop\/#primaryimage"},"thumbnailUrl":"https:\/\/www.kktavastia.fi\/media\/sites\/2\/dsc07961_pieni.jpg","datePublished":"2020-11-25T09:32:24+00:00","dateModified":"2026-01-13T09:02:19+00:00","description":"TaiTava-shop Ammattiopisto Tavastian tiloissa Punaportilla myy opiskelijoiden valmistamia uniikkeja k\u00e4sity\u00f6tuotteita. Tutustu ja ihastu!","breadcrumb":{"@id":"https:\/\/www.kktavastia.fi\/ammattiopisto\/tavastia-asiakaspalvelut-opiskelijatyot\/taitava-shop\/#breadcrumb"},"inLanguage":"fi","potentialAction":[{"@type":"ReadAction","target":["https:\/\/www.kktavastia.fi\/ammattiopisto\/tavastia-asiakaspalvelut-opiskelijatyot\/taitava-shop\/"]}]},{"@type":"ImageObject","inLanguage":"fi","@id":"https:\/\/www.kktavastia.fi\/ammattiopisto\/tavastia-asiakaspalvelut-opiskelijatyot\/taitava-shop\/#primaryimage","url":"https:\/\/www.kktavastia.fi\/media\/sites\/2\/dsc07961_pieni.jpg","contentUrl":"https:\/\/www.kktavastia.fi\/media\/sites\/2\/dsc07961_pieni.jpg"},{"@type":"BreadcrumbList","@id":"https:\/\/www.kktavastia.fi\/ammattiopisto\/tavastia-asiakaspalvelut-opiskelijatyot\/taitava-shop\/#breadcrumb","itemListElement":[{"@type":"ListItem","position":1,"name":"Home","item":"https:\/\/www.kktavastia.fi\/ammattiopisto\/"},{"@type":"ListItem","position":2,"name":"Asiakaspalvelut","item":"https:\/\/www.kktavastia.fi\/ammattiopisto\/tavastia-asiakaspalvelut-opiskelijatyot\/"},{"@type":"ListItem","position":3,"name":"TaiTava-shop"}]},{"@type":"WebSite","@id":"https:\/\/www.kktavastia.fi\/ammattiopisto\/#website","url":"https:\/\/www.kktavastia.fi\/ammattiopisto\/","name":"Ammattiopisto Tavastia","description":"","potentialAction":[{"@type":"SearchAction","target":{"@type":"EntryPoint","urlTemplate":"https:\/\/www.kktavastia.fi\/ammattiopisto\/?s={search_term_string}"},"query-input":{"@type":"PropertyValueSpecification","valueRequired":true,"valueName":"search_term_string"}}],"inLanguage":"fi"}]}},"_links":{"self":[{"href":"https:\/\/www.kktavastia.fi\/ammattiopisto\/wp-json\/wp\/v2\/pages\/242","targetHints":{"allow":["GET"]}}],"collection":[{"href":"https:\/\/www.kktavastia.fi\/ammattiopisto\/wp-json\/wp\/v2\/pages"}],"about":[{"href":"https:\/\/www.kktavastia.fi\/ammattiopisto\/wp-json\/wp\/v2\/types\/page"}],"author":[{"embeddable":true,"href":"https:\/\/www.kktavastia.fi\/ammattiopisto\/wp-json\/wp\/v2\/users\/6"}],"replies":[{"embeddable":true,"href":"https:\/\/www.kktavastia.fi\/ammattiopisto\/wp-json\/wp\/v2\/comments?post=242"}],"version-history":[{"count":25,"href":"https:\/\/www.kktavastia.fi\/ammattiopisto\/wp-json\/wp\/v2\/pages\/242\/revisions"}],"predecessor-version":[{"id":139668,"href":"https:\/\/www.kktavastia.fi\/ammattiopisto\/wp-json\/wp\/v2\/pages\/242\/revisions\/139668"}],"up":[{"embeddable":true,"href":"https:\/\/www.kktavastia.fi\/ammattiopisto\/wp-json\/wp\/v2\/pages\/115"}],"wp:attachment":[{"href":"https:\/\/www.kktavastia.fi\/ammattiopisto\/wp-json\/wp\/v2\/media?parent=242"}],"curies":[{"name":"wp","href":"https:\/\/api.w.org\/{rel}","templated":true}]}}