{"id":22633,"date":"2023-12-07T15:54:41","date_gmt":"2023-12-07T13:54:41","guid":{"rendered":"https:\/\/www.kktavastia.fi\/ammattiopisto\/?page_id=22633"},"modified":"2024-06-24T16:16:50","modified_gmt":"2024-06-24T13:16:50","slug":"tiesitko-taman-tavastiasta","status":"publish","type":"page","link":"https:\/\/www.kktavastia.fi\/ammattiopisto\/tiesitko-taman-tavastiasta\/","title":{"rendered":"Tiesitk\u00f6 t\u00e4m\u00e4n Tavastiasta?"},"content":{"rendered":"\n<p>Ammattiopisto Tavastiassa suoritettiin vuoden 2023 ensimm\u00e4isell\u00e4 puoliskolla 562 tutkintoa! Aiempien vuosien tapaan enemmist\u00f6 suoritetuista tutkinnoista oli perustutkintoja, mutta joukkoon mahtui my\u00f6s 91 ammattitutkintoa ja 60 erikoisammattitutkintoa.<\/p>\n\n\n\n<p>Vuonna 2022 tutkintoja tehtiin yhteens\u00e4 817 kappaletta. Perustutkintojen, ammattitutkintojen ja erikoisammattitutkintojen lis\u00e4ksi Tavastiassa voi hakeutua opiskelemaan esimerkiksi tutkintojen osia tai tutkintokoulutukseen valmentavaa koulutusta.  Aina tavoitteena ei siis aina ole koko tutkinto vaan Tavastiassa voit suorittaa my\u00f6s tutkinnon osia eli t\u00e4ydent\u00e4\u00e4 omaa osaamistaan tarpeen mukaan. Vuonna 2022 n\u00e4it\u00e4 tehtiin 395 kappaletta.<\/p>\n\n\n\n<p>Vuonna 2022 oppisopimuksella opiskeli 1 358 opiskelijaa.<\/p>\n\n\n\n<h3 class=\"wp-block-heading\">Tiesitk\u00f6, ett\u00e4 Ammattiopisto Tavastiassa on opiskelijoita ymp\u00e4ri Suomen? <\/h3>\n\n\n\n<p>Meill\u00e4 on l\u00e4hes 3 000 opiskelijaa, joilla on yhteens\u00e4 126 eri kotikuntaa. Yleisimm\u00e4t kotikunnat ovat H\u00e4meenlinna, Janakkala, Hattula, Riihim\u00e4ki, Tampere, Akaa, Helsinki, Loppi, Vantaa ja Valkeakoski.<\/p>\n\n\n\n<p>Suurin osa ammattiopiston tiloista sijaitsee H\u00e4meenlinnassa ja Janakkalassa Hattelmalantien, Ratasniityn ja Turengin toimipisteiss\u00e4. Lis\u00e4ksi lasialan koulutusta j\u00e4rjestet\u00e4\u00e4n Iittalan lasitehtaalla ja Nuutaj\u00e4rven lasikyl\u00e4ss\u00e4.<\/p>\n\n\n\n<figure class=\"wp-block-image size-large\"><img loading=\"lazy\" decoding=\"async\" width=\"1024\" height=\"1024\" src=\"https:\/\/www.kktavastia.fi\/media\/sites\/2\/381025178_856228776324043_7728349972556315099_n-1024x1024.jpg\" alt=\"\" class=\"wp-image-22635\" srcset=\"https:\/\/www.kktavastia.fi\/media\/sites\/2\/381025178_856228776324043_7728349972556315099_n-1024x1024.jpg 1024w, https:\/\/www.kktavastia.fi\/media\/sites\/2\/381025178_856228776324043_7728349972556315099_n-300x300.jpg 300w, https:\/\/www.kktavastia.fi\/media\/sites\/2\/381025178_856228776324043_7728349972556315099_n-150x150.jpg 150w, https:\/\/www.kktavastia.fi\/media\/sites\/2\/381025178_856228776324043_7728349972556315099_n-768x768.jpg 768w, https:\/\/www.kktavastia.fi\/media\/sites\/2\/381025178_856228776324043_7728349972556315099_n-460x460.jpg 460w, https:\/\/www.kktavastia.fi\/media\/sites\/2\/381025178_856228776324043_7728349972556315099_n-20x20.jpg 20w, https:\/\/www.kktavastia.fi\/media\/sites\/2\/381025178_856228776324043_7728349972556315099_n.jpg 1200w\" sizes=\"auto, (max-width: 1024px) 100vw, 1024px\" \/><\/figure>\n\n\n\n<figure class=\"wp-block-image size-large\"><img loading=\"lazy\" decoding=\"async\" width=\"1024\" height=\"1024\" src=\"https:\/\/www.kktavastia.fi\/media\/sites\/2\/394648578_879299777350276_1194706452707801936_n-1024x1024.jpg\" alt=\"\" class=\"wp-image-22636\" srcset=\"https:\/\/www.kktavastia.fi\/media\/sites\/2\/394648578_879299777350276_1194706452707801936_n-1024x1024.jpg 1024w, https:\/\/www.kktavastia.fi\/media\/sites\/2\/394648578_879299777350276_1194706452707801936_n-300x300.jpg 300w, https:\/\/www.kktavastia.fi\/media\/sites\/2\/394648578_879299777350276_1194706452707801936_n-150x150.jpg 150w, https:\/\/www.kktavastia.fi\/media\/sites\/2\/394648578_879299777350276_1194706452707801936_n-768x768.jpg 768w, https:\/\/www.kktavastia.fi\/media\/sites\/2\/394648578_879299777350276_1194706452707801936_n-460x460.jpg 460w, https:\/\/www.kktavastia.fi\/media\/sites\/2\/394648578_879299777350276_1194706452707801936_n-20x20.jpg 20w, https:\/\/www.kktavastia.fi\/media\/sites\/2\/394648578_879299777350276_1194706452707801936_n.jpg 1080w\" sizes=\"auto, (max-width: 1024px) 100vw, 1024px\" \/><\/figure>\n","protected":false},"excerpt":{"rendered":"<p>Ammattiopisto Tavastiassa suoritettiin vuoden 2023 ensimm\u00e4isell\u00e4 puoliskolla 562 tutkintoa! Aiempien vuosien tapaan enemmist\u00f6 suoritetuista tutkinnoista oli perustutkintoja, mutta joukkoon mahtui [&hellip;]<\/p>\n","protected":false},"author":3,"featured_media":0,"parent":0,"menu_order":8,"comment_status":"closed","ping_status":"closed","template":"","meta":{"_acf_changed":false,"_relevanssi_hide_post":"","_relevanssi_hide_content":"","_relevanssi_pin_for_all":"","_relevanssi_pin_keywords":"","_relevanssi_unpin_keywords":"","_relevanssi_related_keywords":"","_relevanssi_related_include_ids":"","_relevanssi_related_exclude_ids":"","_relevanssi_related_no_append":"","_relevanssi_related_not_related":"","_relevanssi_related_posts":"","_relevanssi_noindex_reason":"","footnotes":""},"class_list":["post-22633","page","type-page","status-publish","hentry"],"acf":[],"yoast_head":"<title>Tiesitk\u00f6 t\u00e4m\u00e4n Tavastiasta? - Ammattiopisto Tavastia<\/title>\n<meta name=\"robots\" content=\"index, follow, max-snippet:-1, max-image-preview:large, max-video-preview:-1\" \/>\n<link rel=\"canonical\" href=\"https:\/\/www.kktavastia.fi\/ammattiopisto\/tiesitko-taman-tavastiasta\/\" \/>\n<meta property=\"og:locale\" content=\"fi_FI\" \/>\n<meta property=\"og:type\" content=\"article\" \/>\n<meta property=\"og:title\" content=\"Tiesitk\u00f6 t\u00e4m\u00e4n Tavastiasta? - Ammattiopisto Tavastia\" \/>\n<meta property=\"og:description\" content=\"Ammattiopisto Tavastiassa suoritettiin vuoden 2023 ensimm\u00e4isell\u00e4 puoliskolla 562 tutkintoa! Aiempien vuosien tapaan enemmist\u00f6 suoritetuista tutkinnoista oli perustutkintoja, mutta joukkoon mahtui [&hellip;]\" \/>\n<meta property=\"og:url\" content=\"https:\/\/www.kktavastia.fi\/ammattiopisto\/tiesitko-taman-tavastiasta\/\" \/>\n<meta property=\"og:site_name\" content=\"Ammattiopisto Tavastia\" \/>\n<meta property=\"article:modified_time\" content=\"2024-06-24T13:16:50+00:00\" \/>\n<meta property=\"og:image\" content=\"https:\/\/www.kktavastia.fi\/media\/sites\/2\/381025178_856228776324043_7728349972556315099_n-1024x1024.jpg\" \/>\n<meta name=\"twitter:card\" content=\"summary_large_image\" \/>\n<script type=\"application\/ld+json\" class=\"yoast-schema-graph\">{\"@context\":\"https:\\\/\\\/schema.org\",\"@graph\":[{\"@type\":\"WebPage\",\"@id\":\"https:\\\/\\\/www.kktavastia.fi\\\/ammattiopisto\\\/tiesitko-taman-tavastiasta\\\/\",\"url\":\"https:\\\/\\\/www.kktavastia.fi\\\/ammattiopisto\\\/tiesitko-taman-tavastiasta\\\/\",\"name\":\"Tiesitk\u00f6 t\u00e4m\u00e4n Tavastiasta? - Ammattiopisto Tavastia\",\"isPartOf\":{\"@id\":\"https:\\\/\\\/www.kktavastia.fi\\\/ammattiopisto\\\/#website\"},\"primaryImageOfPage\":{\"@id\":\"https:\\\/\\\/www.kktavastia.fi\\\/ammattiopisto\\\/tiesitko-taman-tavastiasta\\\/#primaryimage\"},\"image\":{\"@id\":\"https:\\\/\\\/www.kktavastia.fi\\\/ammattiopisto\\\/tiesitko-taman-tavastiasta\\\/#primaryimage\"},\"thumbnailUrl\":\"https:\\\/\\\/www.kktavastia.fi\\\/media\\\/sites\\\/2\\\/381025178_856228776324043_7728349972556315099_n-1024x1024.jpg\",\"datePublished\":\"2023-12-07T13:54:41+00:00\",\"dateModified\":\"2024-06-24T13:16:50+00:00\",\"breadcrumb\":{\"@id\":\"https:\\\/\\\/www.kktavastia.fi\\\/ammattiopisto\\\/tiesitko-taman-tavastiasta\\\/#breadcrumb\"},\"inLanguage\":\"fi\",\"potentialAction\":[{\"@type\":\"ReadAction\",\"target\":[\"https:\\\/\\\/www.kktavastia.fi\\\/ammattiopisto\\\/tiesitko-taman-tavastiasta\\\/\"]}]},{\"@type\":\"ImageObject\",\"inLanguage\":\"fi\",\"@id\":\"https:\\\/\\\/www.kktavastia.fi\\\/ammattiopisto\\\/tiesitko-taman-tavastiasta\\\/#primaryimage\",\"url\":\"https:\\\/\\\/www.kktavastia.fi\\\/media\\\/sites\\\/2\\\/381025178_856228776324043_7728349972556315099_n-1024x1024.jpg\",\"contentUrl\":\"https:\\\/\\\/www.kktavastia.fi\\\/media\\\/sites\\\/2\\\/381025178_856228776324043_7728349972556315099_n-1024x1024.jpg\"},{\"@type\":\"BreadcrumbList\",\"@id\":\"https:\\\/\\\/www.kktavastia.fi\\\/ammattiopisto\\\/tiesitko-taman-tavastiasta\\\/#breadcrumb\",\"itemListElement\":[{\"@type\":\"ListItem\",\"position\":1,\"name\":\"Home\",\"item\":\"https:\\\/\\\/www.kktavastia.fi\\\/ammattiopisto\\\/\"},{\"@type\":\"ListItem\",\"position\":2,\"name\":\"Tiesitk\u00f6 t\u00e4m\u00e4n Tavastiasta?\"}]},{\"@type\":\"WebSite\",\"@id\":\"https:\\\/\\\/www.kktavastia.fi\\\/ammattiopisto\\\/#website\",\"url\":\"https:\\\/\\\/www.kktavastia.fi\\\/ammattiopisto\\\/\",\"name\":\"Ammattiopisto Tavastia\",\"description\":\"\",\"potentialAction\":[{\"@type\":\"SearchAction\",\"target\":{\"@type\":\"EntryPoint\",\"urlTemplate\":\"https:\\\/\\\/www.kktavastia.fi\\\/ammattiopisto\\\/?s={search_term_string}\"},\"query-input\":{\"@type\":\"PropertyValueSpecification\",\"valueRequired\":true,\"valueName\":\"search_term_string\"}}],\"inLanguage\":\"fi\"}]}<\/script>","yoast_head_json":{"title":"Tiesitk\u00f6 t\u00e4m\u00e4n Tavastiasta? - Ammattiopisto Tavastia","robots":{"index":"index","follow":"follow","max-snippet":"max-snippet:-1","max-image-preview":"max-image-preview:large","max-video-preview":"max-video-preview:-1"},"canonical":"https:\/\/www.kktavastia.fi\/ammattiopisto\/tiesitko-taman-tavastiasta\/","og_locale":"fi_FI","og_type":"article","og_title":"Tiesitk\u00f6 t\u00e4m\u00e4n Tavastiasta? - Ammattiopisto Tavastia","og_description":"Ammattiopisto Tavastiassa suoritettiin vuoden 2023 ensimm\u00e4isell\u00e4 puoliskolla 562 tutkintoa! Aiempien vuosien tapaan enemmist\u00f6 suoritetuista tutkinnoista oli perustutkintoja, mutta joukkoon mahtui [&hellip;]","og_url":"https:\/\/www.kktavastia.fi\/ammattiopisto\/tiesitko-taman-tavastiasta\/","og_site_name":"Ammattiopisto Tavastia","article_modified_time":"2024-06-24T13:16:50+00:00","og_image":[{"url":"https:\/\/www.kktavastia.fi\/media\/sites\/2\/381025178_856228776324043_7728349972556315099_n-1024x1024.jpg","type":"","width":"","height":""}],"twitter_card":"summary_large_image","schema":{"@context":"https:\/\/schema.org","@graph":[{"@type":"WebPage","@id":"https:\/\/www.kktavastia.fi\/ammattiopisto\/tiesitko-taman-tavastiasta\/","url":"https:\/\/www.kktavastia.fi\/ammattiopisto\/tiesitko-taman-tavastiasta\/","name":"Tiesitk\u00f6 t\u00e4m\u00e4n Tavastiasta? - Ammattiopisto Tavastia","isPartOf":{"@id":"https:\/\/www.kktavastia.fi\/ammattiopisto\/#website"},"primaryImageOfPage":{"@id":"https:\/\/www.kktavastia.fi\/ammattiopisto\/tiesitko-taman-tavastiasta\/#primaryimage"},"image":{"@id":"https:\/\/www.kktavastia.fi\/ammattiopisto\/tiesitko-taman-tavastiasta\/#primaryimage"},"thumbnailUrl":"https:\/\/www.kktavastia.fi\/media\/sites\/2\/381025178_856228776324043_7728349972556315099_n-1024x1024.jpg","datePublished":"2023-12-07T13:54:41+00:00","dateModified":"2024-06-24T13:16:50+00:00","breadcrumb":{"@id":"https:\/\/www.kktavastia.fi\/ammattiopisto\/tiesitko-taman-tavastiasta\/#breadcrumb"},"inLanguage":"fi","potentialAction":[{"@type":"ReadAction","target":["https:\/\/www.kktavastia.fi\/ammattiopisto\/tiesitko-taman-tavastiasta\/"]}]},{"@type":"ImageObject","inLanguage":"fi","@id":"https:\/\/www.kktavastia.fi\/ammattiopisto\/tiesitko-taman-tavastiasta\/#primaryimage","url":"https:\/\/www.kktavastia.fi\/media\/sites\/2\/381025178_856228776324043_7728349972556315099_n-1024x1024.jpg","contentUrl":"https:\/\/www.kktavastia.fi\/media\/sites\/2\/381025178_856228776324043_7728349972556315099_n-1024x1024.jpg"},{"@type":"BreadcrumbList","@id":"https:\/\/www.kktavastia.fi\/ammattiopisto\/tiesitko-taman-tavastiasta\/#breadcrumb","itemListElement":[{"@type":"ListItem","position":1,"name":"Home","item":"https:\/\/www.kktavastia.fi\/ammattiopisto\/"},{"@type":"ListItem","position":2,"name":"Tiesitk\u00f6 t\u00e4m\u00e4n Tavastiasta?"}]},{"@type":"WebSite","@id":"https:\/\/www.kktavastia.fi\/ammattiopisto\/#website","url":"https:\/\/www.kktavastia.fi\/ammattiopisto\/","name":"Ammattiopisto Tavastia","description":"","potentialAction":[{"@type":"SearchAction","target":{"@type":"EntryPoint","urlTemplate":"https:\/\/www.kktavastia.fi\/ammattiopisto\/?s={search_term_string}"},"query-input":{"@type":"PropertyValueSpecification","valueRequired":true,"valueName":"search_term_string"}}],"inLanguage":"fi"}]}},"_links":{"self":[{"href":"https:\/\/www.kktavastia.fi\/ammattiopisto\/wp-json\/wp\/v2\/pages\/22633","targetHints":{"allow":["GET"]}}],"collection":[{"href":"https:\/\/www.kktavastia.fi\/ammattiopisto\/wp-json\/wp\/v2\/pages"}],"about":[{"href":"https:\/\/www.kktavastia.fi\/ammattiopisto\/wp-json\/wp\/v2\/types\/page"}],"author":[{"embeddable":true,"href":"https:\/\/www.kktavastia.fi\/ammattiopisto\/wp-json\/wp\/v2\/users\/3"}],"replies":[{"embeddable":true,"href":"https:\/\/www.kktavastia.fi\/ammattiopisto\/wp-json\/wp\/v2\/comments?post=22633"}],"version-history":[{"count":1,"href":"https:\/\/www.kktavastia.fi\/ammattiopisto\/wp-json\/wp\/v2\/pages\/22633\/revisions"}],"predecessor-version":[{"id":22637,"href":"https:\/\/www.kktavastia.fi\/ammattiopisto\/wp-json\/wp\/v2\/pages\/22633\/revisions\/22637"}],"wp:attachment":[{"href":"https:\/\/www.kktavastia.fi\/ammattiopisto\/wp-json\/wp\/v2\/media?parent=22633"}],"curies":[{"name":"wp","href":"https:\/\/api.w.org\/{rel}","templated":true}]}}