{"id":21615,"date":"2023-08-04T14:34:19","date_gmt":"2023-08-04T11:34:19","guid":{"rendered":"https:\/\/www.kktavastia.fi\/ammattiopisto\/?page_id=21615"},"modified":"2026-01-27T17:57:49","modified_gmt":"2026-01-27T15:57:49","slug":"kotivaelle","status":"publish","type":"page","link":"https:\/\/www.kktavastia.fi\/ammattiopisto\/opiskelijalle\/kotivaelle\/","title":{"rendered":"Kotiv\u00e4elle"},"content":{"rendered":"\n<h3 class=\"wp-block-heading\">Yhteisty\u00f6 kotiv\u00e4en kanssa<\/h3>\n\n\n\n<p class=\"is-style-ingress\">Haluamme tehd\u00e4 yhteisty\u00f6t\u00e4 opiskelijoidemme huoltajien ja muun kotiv\u00e4en kanssa. J\u00e4rjest\u00e4mme mm. kotiv\u00e4en iltoja ja keskustelutilaisuuksia. Ker\u00e4\u00e4mme kotiv\u00e4elt\u00e4 my\u00f6s palautetta, jonka avulla kehit\u00e4mme toimintaa. <\/p>\n\n\n\n<p>Huoltaja on alaik\u00e4isen opiskelijan vanhempi tai muu virallinen huoltaja. Kotiv\u00e4eksi kutsumme huoltajien lis\u00e4ksi t\u00e4ysi-ik\u00e4isen nuoren aikuisen opiskelijan vanhempia ja muita vastaavia henkil\u00f6it\u00e4. Opiskelijakohtaisia asioita k\u00e4sittelemme muiden kuin huoltajien kanssa vain opiskelijan suostumuksella.<\/p>\n\n\n\n<h3 class=\"wp-block-heading\">Wilma<\/h3>\n\n\n\n<p>Toivomme kaikkien huoltajien liittyv\u00e4n <a href=\"https:\/\/tavastia.inschool.fi\/\">Wilmaan<\/a>. Wilma on turvallinen j\u00e4rjestelm\u00e4, johon huoltaja liittyy vahvalla tunnistautumisella. Tiedotamme Wilman kautta opiskeluun liittyvist\u00e4 asioista. Sielt\u00e4 l\u00f6ytyv\u00e4t my\u00f6s mm. opetuksen suunnitelmat, ty\u00f6j\u00e4rjestykset ja opiskelijan opintosuoritukset. Wilman kautta selvitet\u00e4\u00e4n opiskelijan poissaolot.<\/p>\n\n\n\n<p>Kun opiskelija tulee t\u00e4ysi-ik\u00e4iseksi, h\u00e4n voi antaa vanhemmilleen oikeuden jatkaa huoltajaliittym\u00e4n k\u00e4ytt\u00f6\u00e4.<\/p>\n\n\n\n<h3 class=\"wp-block-heading\">Yhteisty\u00f6muodot<\/h3>\n\n\n\n<p>Vastuuopettaja kutsuu aloittaneiden opiskelijoiden huoltajat opiskelijan henkil\u00f6kohtaisen osaamisen kehitt\u00e4missuunnitelman (HOKS) laatimiseen. HOKSiin suunnitellaan yksil\u00f6llinen opiskelupolku, mahdolliset tukitoimet ja laaditaan urasuunnitelma.<\/p>\n\n\n\n<p>Kotiv\u00e4enilloissa k\u00e4sitell\u00e4\u00e4n opiskelun yleisi\u00e4 asioita ja tutustutaan Tavastian henkil\u00f6st\u00f6\u00f6n. Illassa on mahdollisuus tavata oman nuoren opiskelukavereiden vanhempia ja tutustua opiskeluarkeen ja nuoren omiin opettajiin, joista vastuuopettaja on t\u00e4rke\u00e4 yhteyshenkil\u00f6 kodin ja oppilaitoksen v\u00e4lill\u00e4. Kutsumme aloittaneiden opiskelijoiden kotiv\u00e4en kotiv\u00e4eniltaan elo-syyskuussa. Helmikuussa j\u00e4rjest\u00e4mme kotiv\u00e4enillan kaikkien opiskelijoiden kotiv\u00e4elle.<\/p>\n\n\n\n<p>J\u00e4rjest\u00e4mme kotiv\u00e4elle my\u00f6s muita tilaisuuksia, kuten infotilaisuuksia ja Kotiv\u00e4ki \u2013 vaikuta! -keskustelutilaisuuksia.<\/p>\n\n\n\n<h3 class=\"wp-block-heading\">Huoltajapalaute<\/h3>\n\n\n\n<p>Ker\u00e4\u00e4mme vuosittain palautetta huoltajilta. Palautekysely l\u00e4hetet\u00e4\u00e4n huoltajille Wilman kautta huhtikuussa.<br>Voit tutustua edelliseen palautteeseen <a href=\"https:\/\/kktavastia.tweb.fi\/3\/231784\"> t\u00e4st\u00e4.<\/a><\/p>\n\n\n\n<h3 class=\"wp-block-heading\">Ajankohtaisia tapahtumia kotiv\u00e4elle, lukuvuosi 2025\u20132026<\/h3>\n\n\n\n<p><strong>Kotiv\u00e4enilta oppimisen tuesta ja opiskelijahyvinvointipalveluista<\/strong>, toteutettiin 5.11.2025 klo 18\u201319.<\/p>\n\n\n\n<p><strong>Kotiv\u00e4enilta to<\/strong> <strong>19.2.2026 klo 17.30 &#8211; 19.00<\/strong><\/p>\n\n\n\n<p><strong>Ohjelma<\/strong><br>Klo 17.30 \u2013 18.00: Koulutussopimus- ja oppisopimusjaksot ty\u00f6llistymisen tukena <br>Klo 18.00 \u2013 18.30: Oppimisen tuki ja erityinen tuki ammatillisessa koulutuksessa <br>Klo 18.30 \u2013 19.00: Jatko-opinnot ja v\u00e4yl\u00e4opinnot <\/p>\n\n\n\n<p>Kotiv\u00e4enilta j\u00e4rjestet\u00e4\u00e4n Teamsilla, ei ennakkoilmoittautumista (<a href=\"https:\/\/teams.microsoft.com\/meet\/38102800469533?p=hYXZriY3iC4diWgHyX\" id=\"https:\/\/teams.microsoft.com\/meet\/38102800469533?p=hYXZriY3iC4diWgHyX\" target=\"_blank\" rel=\"noreferrer noopener nofollow\">linkki<\/a>).<\/p>\n\n\n\n<p>Kev\u00e4\u00e4ll\u00e4 j\u00e4rjestett\u00e4v\u00e4 kotiv\u00e4enilta on tarkoitettu kaikille perustutkintoa ja TUVA-koulutusta suorittavien opiskelijoiden kotiv\u00e4elle. <strong>Tilaisuuteen ovat tervetulleita sek\u00e4 alaik\u00e4isten huoltajat ett\u00e4 t\u00e4ysi-ik\u00e4isten opiskelijoiden kotiv\u00e4ki.<\/strong> <\/p>\n\n\n\n<h4 class=\"wp-block-heading\">Infotilaisuudet<\/h4>\n\n\n\n<p>J\u00e4rjest\u00e4mme lukuvuosittain ajankohtaisista aiheista infotilaisuuksa, joista tiedotamme l\u00e4hemp\u00e4n\u00e4 niiden ajankohtaa. Infotilaisuudet j\u00e4rjestet\u00e4\u00e4n TEAMSilla.<\/p>\n\n\n\n<section class=\"block block-image-content-upsell right-image\">\n  <div class=\"container\">\n\n    <div class=\"cols\">\n      <div class=\"col col-content\">\n        <div class=\"content content-dark\">\n          <h3>Tilaa uutiskirje!<\/h3>\n          <p>Ammattiopisto Tavastian uutiskirje ilmestyy kerran kuukaudessa lukuvuoden aikana. Se sis\u00e4lt\u00e4\u00e4 ajankohtaisia asioita ja tietoa toiminnastamme.<\/p>\n                      <a href=\"https:\/\/www.kktavastia.fi\/ammattiopisto\/tietoa-ammattiopistosta\/uutiskirje\/\" class=\"button button-light\">Tilaa uutiskirje itsellesi t\u00e4st\u00e4<svg xmlns=\"http:\/\/www.w3.org\/2000\/svg\" width=\"23\" height=\"8\" viewBox=\"0 0 23 8\"><path d=\"M1 3.818h21.23m0 0L19.153.764m3.077 3.054l-3.077 3.055\" stroke=\"currentColor\" stroke-width=\"1.5\" fill=\"none\" fill-rule=\"evenodd\" stroke-linecap=\"round\" stroke-linejoin=\"round\"\/><\/svg>\n<\/a>\n                  <\/div>\n      <\/div>\n\n      <div class=\"col col-image\">\n            <div class=\"lazy\"\n      data-bg=\"https:\/\/www.kktavastia.fi\/media\/sites\/2\/uutiskirje_nettiin.png\"\n          >\n    <\/div>\n\n          <\/div>\n    <\/div>\n\n  <\/div>\n<\/section>\n\n\n\n<section class=\"block block-link-list\">\n  <div class=\"container\">\n\n    <h2>T\u00e4rkeit\u00e4 linkkej\u00e4<\/h2>\n    <div class=\"cols\">\n\n      <div class=\"col col-content\">\n        <p>Tutustu t\u00e4st\u00e4 linkkeihin, joiden takaa l\u00f6yd\u00e4t vastauksia moniin askarruttaviin kysymyksiin.<\/p>\n      <\/div>\n\n      <div class=\"col col-links\">\n        <ul class=\"link-list\">\n                  <li>\n            <a href=\"https:\/\/kktavastia.tweb.fi\/3\/174156\">\n              Ohje huoltajille Wilmaan liittymisest\u00e4              <svg xmlns=\"http:\/\/www.w3.org\/2000\/svg\" width=\"23\" height=\"8\" viewBox=\"0 0 23 8\"><path d=\"M1 3.818h21.23m0 0L19.153.764m3.077 3.054l-3.077 3.055\" stroke=\"currentColor\" stroke-width=\"1.5\" fill=\"none\" fill-rule=\"evenodd\" stroke-linecap=\"round\" stroke-linejoin=\"round\"\/><\/svg>\n            <\/a>\n          <\/li>\n                  <li>\n            <a href=\"https:\/\/www.kktavastia.fi\/ammattiopisto\/opiskelijalle\/\">\n              Opiskelijalle-sivu              <svg xmlns=\"http:\/\/www.w3.org\/2000\/svg\" width=\"23\" height=\"8\" viewBox=\"0 0 23 8\"><path d=\"M1 3.818h21.23m0 0L19.153.764m3.077 3.054l-3.077 3.055\" stroke=\"currentColor\" stroke-width=\"1.5\" fill=\"none\" fill-rule=\"evenodd\" stroke-linecap=\"round\" stroke-linejoin=\"round\"\/><\/svg>\n            <\/a>\n          <\/li>\n                  <li>\n            <a href=\"https:\/\/www.kktavastia.fi\/ajankohtaista\/oppivelvollisuus\/\">\n              Oppivelvollisuus toisella asteella              <svg xmlns=\"http:\/\/www.w3.org\/2000\/svg\" width=\"23\" height=\"8\" viewBox=\"0 0 23 8\"><path d=\"M1 3.818h21.23m0 0L19.153.764m3.077 3.054l-3.077 3.055\" stroke=\"currentColor\" stroke-width=\"1.5\" fill=\"none\" fill-rule=\"evenodd\" stroke-linecap=\"round\" stroke-linejoin=\"round\"\/><\/svg>\n            <\/a>\n          <\/li>\n                <\/ul>\n      <\/div>\n\n    <\/div>\n  <\/div>\n<\/section>\n","protected":false},"excerpt":{"rendered":"<p>Yhteisty\u00f6 kotiv\u00e4en kanssa Haluamme tehd\u00e4 yhteisty\u00f6t\u00e4 opiskelijoidemme huoltajien ja muun kotiv\u00e4en kanssa. J\u00e4rjest\u00e4mme mm. kotiv\u00e4en iltoja ja keskustelutilaisuuksia. Ker\u00e4\u00e4mme kotiv\u00e4elt\u00e4 [&hellip;]<\/p>\n","protected":false},"author":6,"featured_media":0,"parent":39205,"menu_order":8,"comment_status":"closed","ping_status":"closed","template":"","meta":{"_acf_changed":false,"_relevanssi_hide_post":"","_relevanssi_hide_content":"","_relevanssi_pin_for_all":"","_relevanssi_pin_keywords":"","_relevanssi_unpin_keywords":"","_relevanssi_related_keywords":"","_relevanssi_related_include_ids":"","_relevanssi_related_exclude_ids":"","_relevanssi_related_no_append":"","_relevanssi_related_not_related":"","_relevanssi_related_posts":"2,946,17507,524,1356,147","_relevanssi_noindex_reason":"","footnotes":""},"class_list":["post-21615","page","type-page","status-publish","hentry"],"acf":[],"yoast_head":"<title>Kotiv\u00e4elle - Ammattiopisto Tavastia<\/title>\n<meta name=\"description\" content=\"T\u00e4\u00e4lt\u00e4 l\u00f6yd\u00e4t t\u00e4rke\u00e4\u00e4 ja ajankohtaista tietoa opiskelijan huoltajalle ja kotiv\u00e4elle.\" \/>\n<meta name=\"robots\" content=\"index, follow, max-snippet:-1, max-image-preview:large, max-video-preview:-1\" \/>\n<link rel=\"canonical\" href=\"https:\/\/www.kktavastia.fi\/ammattiopisto\/opiskelijalle\/kotivaelle\/\" \/>\n<meta property=\"og:locale\" content=\"fi_FI\" \/>\n<meta property=\"og:type\" content=\"article\" \/>\n<meta property=\"og:title\" content=\"Kotiv\u00e4elle - Ammattiopisto Tavastia\" \/>\n<meta property=\"og:description\" content=\"T\u00e4\u00e4lt\u00e4 l\u00f6yd\u00e4t t\u00e4rke\u00e4\u00e4 ja ajankohtaista tietoa opiskelijan huoltajalle ja kotiv\u00e4elle.\" \/>\n<meta property=\"og:url\" content=\"https:\/\/www.kktavastia.fi\/ammattiopisto\/opiskelijalle\/kotivaelle\/\" \/>\n<meta property=\"og:site_name\" content=\"Ammattiopisto Tavastia\" \/>\n<meta property=\"article:modified_time\" content=\"2026-01-27T15:57:49+00:00\" \/>\n<meta name=\"twitter:card\" content=\"summary_large_image\" \/>\n<script type=\"application\/ld+json\" class=\"yoast-schema-graph\">{\"@context\":\"https:\\\/\\\/schema.org\",\"@graph\":[{\"@type\":\"WebPage\",\"@id\":\"https:\\\/\\\/www.kktavastia.fi\\\/ammattiopisto\\\/opiskelijalle\\\/kotivaelle\\\/\",\"url\":\"https:\\\/\\\/www.kktavastia.fi\\\/ammattiopisto\\\/opiskelijalle\\\/kotivaelle\\\/\",\"name\":\"Kotiv\u00e4elle - Ammattiopisto Tavastia\",\"isPartOf\":{\"@id\":\"https:\\\/\\\/www.kktavastia.fi\\\/ammattiopisto\\\/#website\"},\"datePublished\":\"2023-08-04T11:34:19+00:00\",\"dateModified\":\"2026-01-27T15:57:49+00:00\",\"description\":\"T\u00e4\u00e4lt\u00e4 l\u00f6yd\u00e4t t\u00e4rke\u00e4\u00e4 ja ajankohtaista tietoa opiskelijan huoltajalle ja kotiv\u00e4elle.\",\"breadcrumb\":{\"@id\":\"https:\\\/\\\/www.kktavastia.fi\\\/ammattiopisto\\\/opiskelijalle\\\/kotivaelle\\\/#breadcrumb\"},\"inLanguage\":\"fi\",\"potentialAction\":[{\"@type\":\"ReadAction\",\"target\":[\"https:\\\/\\\/www.kktavastia.fi\\\/ammattiopisto\\\/opiskelijalle\\\/kotivaelle\\\/\"]}]},{\"@type\":\"BreadcrumbList\",\"@id\":\"https:\\\/\\\/www.kktavastia.fi\\\/ammattiopisto\\\/opiskelijalle\\\/kotivaelle\\\/#breadcrumb\",\"itemListElement\":[{\"@type\":\"ListItem\",\"position\":1,\"name\":\"Home\",\"item\":\"https:\\\/\\\/www.kktavastia.fi\\\/ammattiopisto\\\/\"},{\"@type\":\"ListItem\",\"position\":2,\"name\":\"Opiskelijalle\",\"item\":\"https:\\\/\\\/www.kktavastia.fi\\\/ammattiopisto\\\/opiskelijalle\\\/\"},{\"@type\":\"ListItem\",\"position\":3,\"name\":\"Kotiv\u00e4elle\"}]},{\"@type\":\"WebSite\",\"@id\":\"https:\\\/\\\/www.kktavastia.fi\\\/ammattiopisto\\\/#website\",\"url\":\"https:\\\/\\\/www.kktavastia.fi\\\/ammattiopisto\\\/\",\"name\":\"Ammattiopisto Tavastia\",\"description\":\"\",\"potentialAction\":[{\"@type\":\"SearchAction\",\"target\":{\"@type\":\"EntryPoint\",\"urlTemplate\":\"https:\\\/\\\/www.kktavastia.fi\\\/ammattiopisto\\\/?s={search_term_string}\"},\"query-input\":{\"@type\":\"PropertyValueSpecification\",\"valueRequired\":true,\"valueName\":\"search_term_string\"}}],\"inLanguage\":\"fi\"}]}<\/script>","yoast_head_json":{"title":"Kotiv\u00e4elle - Ammattiopisto Tavastia","description":"T\u00e4\u00e4lt\u00e4 l\u00f6yd\u00e4t t\u00e4rke\u00e4\u00e4 ja ajankohtaista tietoa opiskelijan huoltajalle ja kotiv\u00e4elle.","robots":{"index":"index","follow":"follow","max-snippet":"max-snippet:-1","max-image-preview":"max-image-preview:large","max-video-preview":"max-video-preview:-1"},"canonical":"https:\/\/www.kktavastia.fi\/ammattiopisto\/opiskelijalle\/kotivaelle\/","og_locale":"fi_FI","og_type":"article","og_title":"Kotiv\u00e4elle - Ammattiopisto Tavastia","og_description":"T\u00e4\u00e4lt\u00e4 l\u00f6yd\u00e4t t\u00e4rke\u00e4\u00e4 ja ajankohtaista tietoa opiskelijan huoltajalle ja kotiv\u00e4elle.","og_url":"https:\/\/www.kktavastia.fi\/ammattiopisto\/opiskelijalle\/kotivaelle\/","og_site_name":"Ammattiopisto Tavastia","article_modified_time":"2026-01-27T15:57:49+00:00","twitter_card":"summary_large_image","schema":{"@context":"https:\/\/schema.org","@graph":[{"@type":"WebPage","@id":"https:\/\/www.kktavastia.fi\/ammattiopisto\/opiskelijalle\/kotivaelle\/","url":"https:\/\/www.kktavastia.fi\/ammattiopisto\/opiskelijalle\/kotivaelle\/","name":"Kotiv\u00e4elle - Ammattiopisto Tavastia","isPartOf":{"@id":"https:\/\/www.kktavastia.fi\/ammattiopisto\/#website"},"datePublished":"2023-08-04T11:34:19+00:00","dateModified":"2026-01-27T15:57:49+00:00","description":"T\u00e4\u00e4lt\u00e4 l\u00f6yd\u00e4t t\u00e4rke\u00e4\u00e4 ja ajankohtaista tietoa opiskelijan huoltajalle ja kotiv\u00e4elle.","breadcrumb":{"@id":"https:\/\/www.kktavastia.fi\/ammattiopisto\/opiskelijalle\/kotivaelle\/#breadcrumb"},"inLanguage":"fi","potentialAction":[{"@type":"ReadAction","target":["https:\/\/www.kktavastia.fi\/ammattiopisto\/opiskelijalle\/kotivaelle\/"]}]},{"@type":"BreadcrumbList","@id":"https:\/\/www.kktavastia.fi\/ammattiopisto\/opiskelijalle\/kotivaelle\/#breadcrumb","itemListElement":[{"@type":"ListItem","position":1,"name":"Home","item":"https:\/\/www.kktavastia.fi\/ammattiopisto\/"},{"@type":"ListItem","position":2,"name":"Opiskelijalle","item":"https:\/\/www.kktavastia.fi\/ammattiopisto\/opiskelijalle\/"},{"@type":"ListItem","position":3,"name":"Kotiv\u00e4elle"}]},{"@type":"WebSite","@id":"https:\/\/www.kktavastia.fi\/ammattiopisto\/#website","url":"https:\/\/www.kktavastia.fi\/ammattiopisto\/","name":"Ammattiopisto Tavastia","description":"","potentialAction":[{"@type":"SearchAction","target":{"@type":"EntryPoint","urlTemplate":"https:\/\/www.kktavastia.fi\/ammattiopisto\/?s={search_term_string}"},"query-input":{"@type":"PropertyValueSpecification","valueRequired":true,"valueName":"search_term_string"}}],"inLanguage":"fi"}]}},"_links":{"self":[{"href":"https:\/\/www.kktavastia.fi\/ammattiopisto\/wp-json\/wp\/v2\/pages\/21615","targetHints":{"allow":["GET"]}}],"collection":[{"href":"https:\/\/www.kktavastia.fi\/ammattiopisto\/wp-json\/wp\/v2\/pages"}],"about":[{"href":"https:\/\/www.kktavastia.fi\/ammattiopisto\/wp-json\/wp\/v2\/types\/page"}],"author":[{"embeddable":true,"href":"https:\/\/www.kktavastia.fi\/ammattiopisto\/wp-json\/wp\/v2\/users\/6"}],"replies":[{"embeddable":true,"href":"https:\/\/www.kktavastia.fi\/ammattiopisto\/wp-json\/wp\/v2\/comments?post=21615"}],"version-history":[{"count":25,"href":"https:\/\/www.kktavastia.fi\/ammattiopisto\/wp-json\/wp\/v2\/pages\/21615\/revisions"}],"predecessor-version":[{"id":142414,"href":"https:\/\/www.kktavastia.fi\/ammattiopisto\/wp-json\/wp\/v2\/pages\/21615\/revisions\/142414"}],"up":[{"embeddable":true,"href":"https:\/\/www.kktavastia.fi\/ammattiopisto\/wp-json\/wp\/v2\/pages\/39205"}],"wp:attachment":[{"href":"https:\/\/www.kktavastia.fi\/ammattiopisto\/wp-json\/wp\/v2\/media?parent=21615"}],"curies":[{"name":"wp","href":"https:\/\/api.w.org\/{rel}","templated":true}]}}