{"id":2,"date":"2020-09-30T13:55:54","date_gmt":"2020-09-30T10:55:54","guid":{"rendered":"http:\/\/kktavastia.test\/ammattiopisto\/?page_id=2"},"modified":"2025-12-22T14:08:03","modified_gmt":"2025-12-22T12:08:03","slug":"hakijalle","status":"publish","type":"page","link":"https:\/\/www.kktavastia.fi\/ammattiopisto\/hakijalle\/","title":{"rendered":"Hakijalle"},"content":{"rendered":"\n<p class=\"is-style-ingress\">Olet juuri tekem\u00e4ss\u00e4 yht\u00e4 el\u00e4m\u00e4si t\u00e4rkeimmist\u00e4 p\u00e4\u00e4t\u00f6ksist\u00e4! Opiskelemalla ja suorittamalla tutkinnon saat monipuolista osaamista, jota p\u00e4\u00e4set hy\u00f6dynt\u00e4m\u00e4\u00e4n tulevassa ty\u00f6paikassasi.<strong> <\/strong>Ammatin valintaan kannattaa panostaa tutustumalla eri tutkintoihin ja ottamalla selv\u00e4\u00e4, mink\u00e4laisia urapolkuja ne ty\u00f6el\u00e4m\u00e4ss\u00e4 voivat tarjota. <\/p>\n\n\n\n<h3 class=\"wp-block-heading\">Tervetuloa Ammattiopisto Tavastiaan<\/h3>\n\n\n\n<p>Tavastia on monialainen oppilaitos, jossa p\u00e4\u00e4set opiskelun aikana tutustumaan eri ammatteihin opiskeleviin nuoriin ja aikuisiin. Meill\u00e4 on yhten\u00e4inen kampusalue H\u00e4meenlinnan Hattelmalantiell\u00e4 ja opetusta my\u00f6s muissa pisteiss\u00e4 H\u00e4meenlinnassa sek\u00e4 Janakkalassa ja Urjalassa. Pystymme tarjoamaan opiskelijoillemme laajan valinnaistarjonnan ja my\u00f6s yhteis\u00f6llist\u00e4 tekemist\u00e4!<\/p>\n\n\n\n<div class=\"wp-block-buttons is-layout-flex wp-block-buttons-is-layout-flex\">\n<div class=\"wp-block-button\"><a class=\"wp-block-button__link wp-element-button\" href=\"https:\/\/www.kktavastia.fi\/ammattiopisto\/tutkinnot\/\">Katso t\u00e4st\u00e4 kaikki Tavastian tarjoamat tutkinnot ja koulutukset<\/a><\/div>\n<\/div>\n\n\n\n<div style=\"height:25px\" aria-hidden=\"true\" class=\"wp-block-spacer\"><\/div>\n\n\n\n<h3 class=\"wp-block-heading\">Yhteishaku<\/h3>\n\n\n\n<p>Valtakunnallinen yhteishaku j\u00e4rjestet\u00e4\u00e4n kerran vuodessa kev\u00e4isin. Yhteishaussa hakevat kyseisen\u00e4 vuonna peruskoulunsa p\u00e4\u00e4tt\u00e4v\u00e4t sek\u00e4 aiemmin peruskoulun suorittaneet, joilla ei ole toisen asteen tutkintoa. Harkintaan perustuvassa valinnassa haetaan my\u00f6s yhteishaun kautta. <\/p>\n\n\n\n<p><a href=\"https:\/\/www.kktavastia.fi\/ammattiopisto\/hakijalle\/yhteishaku\/\">Lue lis\u00e4\u00e4 yhteishausta<\/a><\/p>\n\n\n\n<p>Jos j\u00e4it yhteishaussa ilman opiskelupaikkaa, <a href=\"https:\/\/www.kktavastia.fi\/ammattiopisto\/2025\/06\/12\/jaitko-vaille-opiskelupaikkaa-yhteishaussa-toimi-nain\/\">katso ohjeet lis\u00e4hakuun t\u00e4\u00e4ll\u00e4<\/a>!<\/p>\n\n\n\n<h3 class=\"wp-block-heading\">Jatkuva haku<\/h3>\n\n\n\n<p>Jatkuvassa haussa opiskelemaan hakevat oikeastaan muut paitsi ysiluokkalaiset. Jatkuva haku on erityisesti suunnattu niille, joilla on jo aikaisempi tutkinto, ty\u00f6el\u00e4m\u00e4ss\u00e4 osaamista hankkineille, alanvaihtajille, yhteishaussa ilman opiskelupaikkaa j\u00e4\u00e4neille sek\u00e4 oppisopimuskoulutukseen hakeville, joilla on ty\u00f6paikka tiedossa.<\/p>\n\n\n\n<p><a href=\"https:\/\/www.kktavastia.fi\/ammattiopisto\/hakijalle\/jatkuva-haku\/\">Lue lis\u00e4\u00e4 jatkuvasta hausta<\/a><\/p>\n\n\n\n<section class=\"block block-image-content-upsell right-image\">\n  <div class=\"container\">\n\n    <div class=\"cols\">\n      <div class=\"col col-content\">\n        <div class=\"content content-dark\">\n          <h3>Opiskele oppisopimuksella!<\/h3>\n          <p>Oppisopimuskoulutukseen siirtyminen on mahdollista koko opintojen ajan. Oppisopimuksella voikin suorittaa kaikki ammatilliset tutkinnot tai niiden osia. Oppisopimusopiskelu on my\u00f6s erinomainen keino pohjustaa tulevaa ty\u00f6el\u00e4m\u00e4\u00e4n siirtymist\u00e4.<\/p>\n                      <a href=\"https:\/\/www.kktavastia.fi\/ammattiopisto\/hakijalle\/oppisopimus\/\" class=\"button button-light\">Lue lis\u00e4\u00e4 oppisopimuksesta<svg xmlns=\"http:\/\/www.w3.org\/2000\/svg\" width=\"23\" height=\"8\" viewBox=\"0 0 23 8\"><path d=\"M1 3.818h21.23m0 0L19.153.764m3.077 3.054l-3.077 3.055\" stroke=\"currentColor\" stroke-width=\"1.5\" fill=\"none\" fill-rule=\"evenodd\" stroke-linecap=\"round\" stroke-linejoin=\"round\"\/><\/svg>\n<\/a>\n                  <\/div>\n      <\/div>\n\n      <div class=\"col col-image\">\n            <div class=\"lazy\"\n      data-bg=\"https:\/\/www.kktavastia.fi\/media\/sites\/2\/aot-kuvat-2025-harkonen-pieni-koko-70.jpg\"\n          >\n    <\/div>\n\n          <\/div>\n    <\/div>\n\n  <\/div>\n<\/section>\n\n\n\n<h3 class=\"wp-block-heading\">Olemme tukenasi<\/h3>\n\n\n\n<p>Ammatillisessa koulutuksessa opiskelijat ovat paljon tekemisiss\u00e4 yritysten ja organisaatioiden kanssa. Tavastialla on hyv\u00e4t kontaktit alueen ty\u00f6el\u00e4m\u00e4\u00e4n. Osa tutkinnosta suoritetaan ja osaaminen osoitetaan k\u00e4yt\u00e4nn\u00f6n teht\u00e4viss\u00e4 ty\u00f6el\u00e4m\u00e4ss\u00e4. Oppisopimuskoulutukseen siirtyminen on mahdollista koko opintojen ajan. Haluamme tukea sinua my\u00f6s valmistumisesi j\u00e4lkeen ty\u00f6llistymisess\u00e4 ja jatko-opintoihin hakeutumisessa.<\/p>\n\n\n\n<section class=\"block block-image-content-upsell left-image\">\n  <div class=\"container\">\n\n    <div class=\"cols\">\n      <div class=\"col col-content\">\n        <div class=\"content content-dark\">\n          <h3>Taloudellinen tuki<\/h3>\n          <p>Opintojen aikana on mahdollista saada taloudellista tukea.<\/p>\n                      <a href=\"https:\/\/www.kktavastia.fi\/ammattiopisto\/opiskelijalle\/taloudellinen-tuki\/\" class=\"button button-light\">Tutustu eri vaihtoehtoihin!<svg xmlns=\"http:\/\/www.w3.org\/2000\/svg\" width=\"23\" height=\"8\" viewBox=\"0 0 23 8\"><path d=\"M1 3.818h21.23m0 0L19.153.764m3.077 3.054l-3.077 3.055\" stroke=\"currentColor\" stroke-width=\"1.5\" fill=\"none\" fill-rule=\"evenodd\" stroke-linecap=\"round\" stroke-linejoin=\"round\"\/><\/svg>\n<\/a>\n                  <\/div>\n      <\/div>\n\n      <div class=\"col col-image\">\n            <div class=\"lazy\"\n      data-bg=\"https:\/\/www.kktavastia.fi\/media\/sites\/2\/kk-tavastia-23hires-1.jpg\"\n          >\n    <\/div>\n\n          <\/div>\n    <\/div>\n\n  <\/div>\n<\/section>\n\n\n\n<h3 class=\"wp-block-heading\"><\/h3>\n\n\n\n<section class=\"block block-cols block-image-upsells\">\n  <div class=\"container\">\n\n    <div class=\"cols\">\n            <div class=\"col\">\n        <a href=\"https:\/\/www.kktavastia.fi\/ammattiopisto\/hakijalle\/maahanmuuttaneet\/\" class=\"global-link\" aria-label=\"Opintotarjonta maahanmuuttaneille\"><\/a>\n\n        <div class=\"image\" aria-hidden=\"true\">\n              <div class=\"lazy\"\n      data-bg=\"https:\/\/www.kktavastia.fi\/media\/sites\/2\/kk-tavastia-50hires-1.jpg\"\n          >\n    <\/div>\n\n            <\/div>\n\n        <div class=\"content content-dark\">\n          <h3>Opintotarjonta maahanmuuttaneille<\/h3>\n        <\/div>\n      <\/div>\n            <div class=\"col\">\n        <a href=\"https:\/\/www.kktavastia.fi\/ammattiopisto\/tyoelamalle\/yhteistyo\/\" class=\"global-link\" aria-label=\"Tavastian ty\u00f6el\u00e4m\u00e4yhteisty\u00f6\"><\/a>\n\n        <div class=\"image\" aria-hidden=\"true\">\n              <div class=\"lazy\"\n      data-bg=\"https:\/\/www.kktavastia.fi\/media\/sites\/2\/img_6320_rajattu-scaled.jpg\"\n          >\n    <\/div>\n\n            <\/div>\n\n        <div class=\"content content-dark\">\n          <h3>Tavastian ty\u00f6el\u00e4m\u00e4yhteisty\u00f6<\/h3>\n        <\/div>\n      <\/div>\n          <\/div>\n\n  <\/div>\n<\/section>\n","protected":false},"excerpt":{"rendered":"<p>Olet juuri tekem\u00e4ss\u00e4 yht\u00e4 el\u00e4m\u00e4si t\u00e4rkeimmist\u00e4 p\u00e4\u00e4t\u00f6ksist\u00e4! Opiskelemalla ja suorittamalla tutkinnon saat monipuolista osaamista, jota p\u00e4\u00e4set hy\u00f6dynt\u00e4m\u00e4\u00e4n tulevassa ty\u00f6paikassasi. Ammatin [&hellip;]<\/p>\n","protected":false},"author":1,"featured_media":0,"parent":0,"menu_order":3,"comment_status":"closed","ping_status":"closed","template":"","meta":{"_acf_changed":false,"_relevanssi_hide_post":"","_relevanssi_hide_content":"","_relevanssi_pin_for_all":"","_relevanssi_pin_keywords":"","_relevanssi_unpin_keywords":"","_relevanssi_related_keywords":"","_relevanssi_related_include_ids":"","_relevanssi_related_exclude_ids":"","_relevanssi_related_no_append":"","_relevanssi_related_not_related":"","_relevanssi_related_posts":"38517,15,22633,1111,21615,496","_relevanssi_noindex_reason":"","footnotes":""},"class_list":["post-2","page","type-page","status-publish","hentry"],"acf":[],"yoast_head":"<title>Opiskelijaksi Ammattiopisto Tavastiaan | Haku Ammattiopisto Tavastiaan<\/title>\n<meta name=\"description\" content=\"Opiskelijaksi Ammattiopisto Tavastiaan voi hakea yhteishaussa. Haku Ammattiopisto Tavastiaan onnistuu my\u00f6s jatkuvassa haussa, lue lis\u00e4\u00e4!\" \/>\n<meta name=\"robots\" content=\"index, follow, max-snippet:-1, max-image-preview:large, max-video-preview:-1\" \/>\n<link rel=\"canonical\" href=\"https:\/\/www.kktavastia.fi\/ammattiopisto\/hakijalle\/\" \/>\n<meta property=\"og:locale\" content=\"fi_FI\" \/>\n<meta property=\"og:type\" content=\"article\" \/>\n<meta property=\"og:title\" content=\"Opiskelijaksi Ammattiopisto Tavastiaan | Haku Ammattiopisto Tavastiaan\" \/>\n<meta property=\"og:description\" content=\"Opiskelijaksi Ammattiopisto Tavastiaan voi hakea yhteishaussa. Haku Ammattiopisto Tavastiaan onnistuu my\u00f6s jatkuvassa haussa, lue lis\u00e4\u00e4!\" \/>\n<meta property=\"og:url\" content=\"https:\/\/www.kktavastia.fi\/ammattiopisto\/hakijalle\/\" \/>\n<meta property=\"og:site_name\" content=\"Ammattiopisto Tavastia\" \/>\n<meta property=\"article:modified_time\" content=\"2025-12-22T12:08:03+00:00\" \/>\n<meta name=\"twitter:card\" content=\"summary_large_image\" \/>\n<script type=\"application\/ld+json\" class=\"yoast-schema-graph\">{\"@context\":\"https:\\\/\\\/schema.org\",\"@graph\":[{\"@type\":\"WebPage\",\"@id\":\"https:\\\/\\\/www.kktavastia.fi\\\/ammattiopisto\\\/hakijalle\\\/\",\"url\":\"https:\\\/\\\/www.kktavastia.fi\\\/ammattiopisto\\\/hakijalle\\\/\",\"name\":\"Opiskelijaksi Ammattiopisto Tavastiaan | Haku Ammattiopisto Tavastiaan\",\"isPartOf\":{\"@id\":\"https:\\\/\\\/www.kktavastia.fi\\\/ammattiopisto\\\/#website\"},\"datePublished\":\"2020-09-30T10:55:54+00:00\",\"dateModified\":\"2025-12-22T12:08:03+00:00\",\"description\":\"Opiskelijaksi Ammattiopisto Tavastiaan voi hakea yhteishaussa. Haku Ammattiopisto Tavastiaan onnistuu my\u00f6s jatkuvassa haussa, lue lis\u00e4\u00e4!\",\"breadcrumb\":{\"@id\":\"https:\\\/\\\/www.kktavastia.fi\\\/ammattiopisto\\\/hakijalle\\\/#breadcrumb\"},\"inLanguage\":\"fi\",\"potentialAction\":[{\"@type\":\"ReadAction\",\"target\":[\"https:\\\/\\\/www.kktavastia.fi\\\/ammattiopisto\\\/hakijalle\\\/\"]}]},{\"@type\":\"BreadcrumbList\",\"@id\":\"https:\\\/\\\/www.kktavastia.fi\\\/ammattiopisto\\\/hakijalle\\\/#breadcrumb\",\"itemListElement\":[{\"@type\":\"ListItem\",\"position\":1,\"name\":\"Home\",\"item\":\"https:\\\/\\\/www.kktavastia.fi\\\/ammattiopisto\\\/\"},{\"@type\":\"ListItem\",\"position\":2,\"name\":\"Hakijalle\"}]},{\"@type\":\"WebSite\",\"@id\":\"https:\\\/\\\/www.kktavastia.fi\\\/ammattiopisto\\\/#website\",\"url\":\"https:\\\/\\\/www.kktavastia.fi\\\/ammattiopisto\\\/\",\"name\":\"Ammattiopisto Tavastia\",\"description\":\"\",\"potentialAction\":[{\"@type\":\"SearchAction\",\"target\":{\"@type\":\"EntryPoint\",\"urlTemplate\":\"https:\\\/\\\/www.kktavastia.fi\\\/ammattiopisto\\\/?s={search_term_string}\"},\"query-input\":{\"@type\":\"PropertyValueSpecification\",\"valueRequired\":true,\"valueName\":\"search_term_string\"}}],\"inLanguage\":\"fi\"}]}<\/script>","yoast_head_json":{"title":"Opiskelijaksi Ammattiopisto Tavastiaan | Haku Ammattiopisto Tavastiaan","description":"Opiskelijaksi Ammattiopisto Tavastiaan voi hakea yhteishaussa. Haku Ammattiopisto Tavastiaan onnistuu my\u00f6s jatkuvassa haussa, lue lis\u00e4\u00e4!","robots":{"index":"index","follow":"follow","max-snippet":"max-snippet:-1","max-image-preview":"max-image-preview:large","max-video-preview":"max-video-preview:-1"},"canonical":"https:\/\/www.kktavastia.fi\/ammattiopisto\/hakijalle\/","og_locale":"fi_FI","og_type":"article","og_title":"Opiskelijaksi Ammattiopisto Tavastiaan | Haku Ammattiopisto Tavastiaan","og_description":"Opiskelijaksi Ammattiopisto Tavastiaan voi hakea yhteishaussa. Haku Ammattiopisto Tavastiaan onnistuu my\u00f6s jatkuvassa haussa, lue lis\u00e4\u00e4!","og_url":"https:\/\/www.kktavastia.fi\/ammattiopisto\/hakijalle\/","og_site_name":"Ammattiopisto Tavastia","article_modified_time":"2025-12-22T12:08:03+00:00","twitter_card":"summary_large_image","schema":{"@context":"https:\/\/schema.org","@graph":[{"@type":"WebPage","@id":"https:\/\/www.kktavastia.fi\/ammattiopisto\/hakijalle\/","url":"https:\/\/www.kktavastia.fi\/ammattiopisto\/hakijalle\/","name":"Opiskelijaksi Ammattiopisto Tavastiaan | Haku Ammattiopisto Tavastiaan","isPartOf":{"@id":"https:\/\/www.kktavastia.fi\/ammattiopisto\/#website"},"datePublished":"2020-09-30T10:55:54+00:00","dateModified":"2025-12-22T12:08:03+00:00","description":"Opiskelijaksi Ammattiopisto Tavastiaan voi hakea yhteishaussa. Haku Ammattiopisto Tavastiaan onnistuu my\u00f6s jatkuvassa haussa, lue lis\u00e4\u00e4!","breadcrumb":{"@id":"https:\/\/www.kktavastia.fi\/ammattiopisto\/hakijalle\/#breadcrumb"},"inLanguage":"fi","potentialAction":[{"@type":"ReadAction","target":["https:\/\/www.kktavastia.fi\/ammattiopisto\/hakijalle\/"]}]},{"@type":"BreadcrumbList","@id":"https:\/\/www.kktavastia.fi\/ammattiopisto\/hakijalle\/#breadcrumb","itemListElement":[{"@type":"ListItem","position":1,"name":"Home","item":"https:\/\/www.kktavastia.fi\/ammattiopisto\/"},{"@type":"ListItem","position":2,"name":"Hakijalle"}]},{"@type":"WebSite","@id":"https:\/\/www.kktavastia.fi\/ammattiopisto\/#website","url":"https:\/\/www.kktavastia.fi\/ammattiopisto\/","name":"Ammattiopisto Tavastia","description":"","potentialAction":[{"@type":"SearchAction","target":{"@type":"EntryPoint","urlTemplate":"https:\/\/www.kktavastia.fi\/ammattiopisto\/?s={search_term_string}"},"query-input":{"@type":"PropertyValueSpecification","valueRequired":true,"valueName":"search_term_string"}}],"inLanguage":"fi"}]}},"_links":{"self":[{"href":"https:\/\/www.kktavastia.fi\/ammattiopisto\/wp-json\/wp\/v2\/pages\/2","targetHints":{"allow":["GET"]}}],"collection":[{"href":"https:\/\/www.kktavastia.fi\/ammattiopisto\/wp-json\/wp\/v2\/pages"}],"about":[{"href":"https:\/\/www.kktavastia.fi\/ammattiopisto\/wp-json\/wp\/v2\/types\/page"}],"author":[{"embeddable":true,"href":"https:\/\/www.kktavastia.fi\/ammattiopisto\/wp-json\/wp\/v2\/users\/1"}],"replies":[{"embeddable":true,"href":"https:\/\/www.kktavastia.fi\/ammattiopisto\/wp-json\/wp\/v2\/comments?post=2"}],"version-history":[{"count":24,"href":"https:\/\/www.kktavastia.fi\/ammattiopisto\/wp-json\/wp\/v2\/pages\/2\/revisions"}],"predecessor-version":[{"id":136012,"href":"https:\/\/www.kktavastia.fi\/ammattiopisto\/wp-json\/wp\/v2\/pages\/2\/revisions\/136012"}],"wp:attachment":[{"href":"https:\/\/www.kktavastia.fi\/ammattiopisto\/wp-json\/wp\/v2\/media?parent=2"}],"curies":[{"name":"wp","href":"https:\/\/api.w.org\/{rel}","templated":true}]}}