{"id":193,"date":"2020-11-25T10:47:28","date_gmt":"2020-11-25T08:47:28","guid":{"rendered":"https:\/\/kktavastia.vaiheessa.fi\/ammattiopisto\/?page_id=193"},"modified":"2025-08-06T11:11:25","modified_gmt":"2025-08-06T08:11:25","slug":"parturi-kampaamopalvelut-tavastia","status":"publish","type":"page","link":"https:\/\/www.kktavastia.fi\/ammattiopisto\/tavastia-asiakaspalvelut-opiskelijatyot\/parturi-kampaamopalvelut-tavastia\/","title":{"rendered":"Parturi-kampaamopalvelut"},"content":{"rendered":"\n<p class=\"is-style-ingress\">Tarvitsetko tukkataikuria? Parturi- ja kampaamopalvelut saat Ammattiopisto Tavastiassa edullisesti opiskelijaty\u00f6n\u00e4. Myymme parturi-kampaamossamme my\u00f6s laadukkaita hiustenhoitotuotteita. Varaa aika ja tule palveltavaksi!<\/p>\n\n\n\n<h3 class=\"wp-block-heading\">Parturi-kampaamopalvelut Ammattiopisto Tavastiassa<\/h3>\n\n\n\n<ul id=\"block-f2d757fd-960f-4d7a-bcc6-5db04db83772\" class=\"wp-block-list\">\n<li>hiusten leikkaukset<\/li>\n\n\n\n<li>kampaukset<\/li>\n\n\n\n<li>v\u00e4rj\u00e4ykset<\/li>\n\n\n\n<li>permanentit<\/li>\n\n\n\n<li>hoitok\u00e4sittelyt (esim. laserhoidot)<\/li>\n\n\n\n<li>partak\u00e4sittelyt<\/li>\n<\/ul>\n\n\n\n<h3 class=\"wp-block-heading\">Ajanvaraus<\/h3>\n\n\n\n<p>Nettiajanvaraus <a href=\"https:\/\/timma.fi\/ammattiopistotavastia\" target=\"_blank\" rel=\"noreferrer noopener\">Timman kautta<\/a> tai puhelimitse 050 4400 862<\/p>\n\n\n\n<ul class=\"wp-block-list\">\n<li>Opiskelijoiden lounastauon klo 11.35\u201312.15&nbsp;aikana vastaamme puhelimeen rajoitetusti.<\/li>\n\n\n\n<li>Parturi-kampaamo on suljettu&nbsp;oppilaitoksen loma-aikoina sek\u00e4 viikonloppuisin. <\/li>\n\n\n\n<li>Hattelmalantie 8, H\u00e4meenlinna, A-rakennus, 1. kerros. Sis\u00e4\u00e4nk\u00e4ynti Hattelmalantien puoleiselta sivulta.<\/li>\n<\/ul>\n\n\n\n<h3 class=\"wp-block-heading\">Hinnasto<\/h3>\n\n\n\n<p>Palveluiden hinnat sis. alv 25,5%. Hinnat m\u00e4\u00e4r\u00e4ytyv\u00e4t hiusten pituuden mukaan.<\/p>\n\n\n\n<div class=\"wp-block-columns alignwide is-layout-flex wp-container-core-columns-is-layout-829b1d53 wp-block-columns-is-layout-flex\" style=\"margin-bottom:0\">\n<div class=\"wp-block-column has-text-color has-background has-link-color wp-elements-4a314de7311c2391e2d3b44c1b449f6b is-layout-flow wp-block-column-is-layout-flow\" style=\"color:#000000;background:linear-gradient(184deg,rgb(238,238,238) 100%,rgb(169,184,195) 100%);padding-top:2em;padding-right:2em;padding-bottom:2em;padding-left:2em\">\n<p><strong>Hiusten leikkaukset ja partapalvelut<\/strong><\/p>\n\n\n\n<ul id=\"block-3ceecb3f-c37a-4ec0-bc3d-f59437fa2547\" class=\"wp-block-list\">\n<li>Hiusten leikkaus 12 \u20ac<\/li>\n\n\n\n<li>Osaleikkaus (otsahiukset, korvalliset, niska) <br>7 \u20ac<\/li>\n\n\n\n<li>Koneajo 5 \u20ac<\/li>\n\n\n\n<li>Leikkaus opiskelijoille\/henkil\u00f6kunnalle 6 \u20ac<\/li>\n\n\n\n<li>Amerikkalainen parranajo 10 \u20ac<\/li>\n\n\n\n<li>Parran muotoilu 5 \u20ac<\/li>\n\n\n\n<li>Parran v\u00e4rj\u00e4ys 10 \u20ac<\/li>\n<\/ul>\n\n\n\n<p><strong>Hiusten ja hiuspohjan hoitopalvelut<\/strong><\/p>\n\n\n\n<ul id=\"block-451a55e5-23f7-4cb3-b7e3-29cb09d2cd9e\" class=\"wp-block-list\">\n<li>SPA-hoitok\u00e4sittely tai Laser-hoito hiusten kuntouttamiseen alk. 20 \u20ac<\/li>\n\n\n\n<li>Laser-hoito hiuspohja 20 \u20ac<\/li>\n\n\n\n<li>Olaplex-hoito tai metallinpoisto alk. 45 \u20ac<\/li>\n\n\n\n<li>Hiuspohjan kameratutkimus 2 \u20ac<\/li>\n\n\n\n<li>Hiusten pesu 5 \u20ac<\/li>\n<\/ul>\n\n\n\n<p><strong>Kampaukset<\/strong><\/p>\n\n\n\n<ul class=\"wp-block-list\">\n<li>F\u00f6n- tai rullakampaus 12 \u20ac<\/li>\n\n\n\n<li>Nutturakampaus 20 \u20ac<\/li>\n<\/ul>\n<\/div>\n\n\n\n<div class=\"wp-block-column has-text-color has-background has-link-color wp-elements-d96259429567e1bc718cfeb4c9b22be0 is-layout-flow wp-block-column-is-layout-flow\" style=\"color:#000000;background:linear-gradient(173deg,rgb(238,238,238) 100%,rgb(169,184,195) 100%);padding-top:2em;padding-right:2em;padding-bottom:2em;padding-left:2em\">\n<p><strong>Hiusten rakennek\u00e4sittelypalvelut<\/strong><\/p>\n\n\n\n<ul id=\"block-451a55e5-23f7-4cb3-b7e3-29cb09d2cd9e\" class=\"wp-block-list\">\n<li>Tyvi- tai osap\u00e4\u00e4n permanentti ja leikkaus <br>45 \u20ac<\/li>\n\n\n\n<li>Permanentti ja leikkaus alk. 50 \u20ac<\/li>\n<\/ul>\n\n\n\n<p><strong>Hiusten v\u00e4rj\u00e4yspalvelut<\/strong><\/p>\n\n\n\n<ul id=\"block-451a55e5-23f7-4cb3-b7e3-29cb09d2cd9e\" class=\"wp-block-list\">\n<li>Tyviv\u00e4ri max. 3 cm ja leikkaus 45 \u20ac<\/li>\n\n\n\n<li>V\u00e4ri yhdell\u00e4 v\u00e4rill\u00e4 ja leikkaus alk. 50 \u20ac<\/li>\n\n\n\n<li>Raidoitus ja moniv\u00e4ri tai Elumen ja leikkaus alk. 60 \u20ac<\/li>\n\n\n\n<li>V\u00e4rinpoisto, esivaalennus, s\u00e4vytys tai Elumen Return-v\u00e4rinpoisto muun v\u00e4rj\u00e4ysty\u00f6n yhteydess\u00e4 25 \u20ac<\/li>\n\n\n\n<li>Kasviv\u00e4ri ja leikkaus alk. 55 \u20ac<\/li>\n<\/ul>\n\n\n\n<p><strong>Muut palvelut<\/strong><\/p>\n\n\n\n<ul class=\"wp-block-list\">\n<li>Kulmien muotoilu 5 \u20ac<\/li>\n\n\n\n<li>Ripsien TAI kulmien v\u00e4rj\u00e4ys sek\u00e4 kulmien muotoilu 8 \u20ac<\/li>\n\n\n\n<li>Ripsien JA kulmien v\u00e4rj\u00e4ys sek\u00e4 muotoilu 15 \u20ac<\/li>\n\n\n\n<li>K\u00e4sienhoito (kynsien viilaus, hieronta ja lakkaus) 15 \u20ac<\/li>\n\n\n\n<li>Olaplex lis\u00e4palveluna esim. v\u00e4rin yhteydess\u00e4 alk. 15 \u20ac<\/li>\n<\/ul>\n<\/div>\n<\/div>\n\n\n\n<h2 class=\"wp-block-heading\"><\/h2>\n\n\n\n<section class=\"block block-image-content-upsell right-image\">\n  <div class=\"container\">\n\n    <div class=\"cols\">\n      <div class=\"col col-content\">\n        <div class=\"content content-dark\">\n          <h3>Tule opiskelemaan parturi-kampaajaksi<\/h3>\n          <p>Katso linkin takaa, koska seuraava koulutus alkaa ja hae mukaan!<\/p>\n                      <a href=\"https:\/\/www.kktavastia.fi\/ammattiopisto\/tutkinnot\/perustutkinnot\/hius-ja-kauneudenhoitoalan-perustutkinto\/\" class=\"button button-light\">Lue lis\u00e4\u00e4 hius- ja kauneudenhoitoalan tutkinnosta<svg xmlns=\"http:\/\/www.w3.org\/2000\/svg\" width=\"23\" height=\"8\" viewBox=\"0 0 23 8\"><path d=\"M1 3.818h21.23m0 0L19.153.764m3.077 3.054l-3.077 3.055\" stroke=\"currentColor\" stroke-width=\"1.5\" fill=\"none\" fill-rule=\"evenodd\" stroke-linecap=\"round\" stroke-linejoin=\"round\"\/><\/svg>\n<\/a>\n                  <\/div>\n      <\/div>\n\n      <div class=\"col col-image\">\n            <div class=\"lazy\"\n      data-bg=\"https:\/\/www.kktavastia.fi\/media\/sites\/2\/kampaaja-1-scaled.jpg\"\n          >\n    <\/div>\n\n          <\/div>\n    <\/div>\n\n  <\/div>\n<\/section>\n","protected":false},"excerpt":{"rendered":"<p>Tarvitsetko tukkataikuria? Parturi- ja kampaamopalvelut saat Ammattiopisto Tavastiassa edullisesti opiskelijaty\u00f6n\u00e4. Myymme parturi-kampaamossamme my\u00f6s laadukkaita hiustenhoitotuotteita. Varaa aika ja tule palveltavaksi! [&hellip;]<\/p>\n","protected":false},"author":6,"featured_media":0,"parent":115,"menu_order":4,"comment_status":"closed","ping_status":"closed","template":"","meta":{"_acf_changed":false,"_relevanssi_hide_post":"","_relevanssi_hide_content":"","_relevanssi_pin_for_all":"","_relevanssi_pin_keywords":"","_relevanssi_unpin_keywords":"","_relevanssi_related_keywords":"","_relevanssi_related_include_ids":"","_relevanssi_related_exclude_ids":"","_relevanssi_related_no_append":"","_relevanssi_related_not_related":"","_relevanssi_related_posts":"115,40121,40116,40123,40079,14077","_relevanssi_noindex_reason":"","footnotes":""},"class_list":["post-193","page","type-page","status-publish","hentry"],"acf":[],"yoast_head":"<title>Parturi-kampaamopalvelut Ammattiopisto Tavastiassa | Hoidot ja ehostus<\/title>\n<meta name=\"description\" content=\"Parturi- ja kampaamopalvelut Ammattiopisto Tavastiassa edullisesti opiskelijaty\u00f6n\u00e4. Varaa aika ja tule palveltavaksi!\" \/>\n<meta name=\"robots\" content=\"index, follow, max-snippet:-1, max-image-preview:large, max-video-preview:-1\" \/>\n<link rel=\"canonical\" href=\"https:\/\/www.kktavastia.fi\/ammattiopisto\/tavastia-asiakaspalvelut-opiskelijatyot\/parturi-kampaamopalvelut-tavastia\/\" \/>\n<meta property=\"og:locale\" content=\"fi_FI\" \/>\n<meta property=\"og:type\" content=\"article\" \/>\n<meta property=\"og:title\" content=\"Parturi-kampaamopalvelut Ammattiopisto Tavastiassa | Hoidot ja ehostus\" \/>\n<meta property=\"og:description\" content=\"Parturi- ja kampaamopalvelut Ammattiopisto Tavastiassa edullisesti opiskelijaty\u00f6n\u00e4. Varaa aika ja tule palveltavaksi!\" \/>\n<meta property=\"og:url\" content=\"https:\/\/www.kktavastia.fi\/ammattiopisto\/tavastia-asiakaspalvelut-opiskelijatyot\/parturi-kampaamopalvelut-tavastia\/\" \/>\n<meta property=\"og:site_name\" content=\"Ammattiopisto Tavastia\" \/>\n<meta property=\"article:modified_time\" content=\"2025-08-06T08:11:25+00:00\" \/>\n<meta name=\"twitter:card\" content=\"summary_large_image\" \/>\n<script type=\"application\/ld+json\" class=\"yoast-schema-graph\">{\"@context\":\"https:\\\/\\\/schema.org\",\"@graph\":[{\"@type\":\"WebPage\",\"@id\":\"https:\\\/\\\/www.kktavastia.fi\\\/ammattiopisto\\\/tavastia-asiakaspalvelut-opiskelijatyot\\\/parturi-kampaamopalvelut-tavastia\\\/\",\"url\":\"https:\\\/\\\/www.kktavastia.fi\\\/ammattiopisto\\\/tavastia-asiakaspalvelut-opiskelijatyot\\\/parturi-kampaamopalvelut-tavastia\\\/\",\"name\":\"Parturi-kampaamopalvelut Ammattiopisto Tavastiassa | Hoidot ja ehostus\",\"isPartOf\":{\"@id\":\"https:\\\/\\\/www.kktavastia.fi\\\/ammattiopisto\\\/#website\"},\"datePublished\":\"2020-11-25T08:47:28+00:00\",\"dateModified\":\"2025-08-06T08:11:25+00:00\",\"description\":\"Parturi- ja kampaamopalvelut Ammattiopisto Tavastiassa edullisesti opiskelijaty\u00f6n\u00e4. Varaa aika ja tule palveltavaksi!\",\"breadcrumb\":{\"@id\":\"https:\\\/\\\/www.kktavastia.fi\\\/ammattiopisto\\\/tavastia-asiakaspalvelut-opiskelijatyot\\\/parturi-kampaamopalvelut-tavastia\\\/#breadcrumb\"},\"inLanguage\":\"fi\",\"potentialAction\":[{\"@type\":\"ReadAction\",\"target\":[\"https:\\\/\\\/www.kktavastia.fi\\\/ammattiopisto\\\/tavastia-asiakaspalvelut-opiskelijatyot\\\/parturi-kampaamopalvelut-tavastia\\\/\"]}]},{\"@type\":\"BreadcrumbList\",\"@id\":\"https:\\\/\\\/www.kktavastia.fi\\\/ammattiopisto\\\/tavastia-asiakaspalvelut-opiskelijatyot\\\/parturi-kampaamopalvelut-tavastia\\\/#breadcrumb\",\"itemListElement\":[{\"@type\":\"ListItem\",\"position\":1,\"name\":\"Home\",\"item\":\"https:\\\/\\\/www.kktavastia.fi\\\/ammattiopisto\\\/\"},{\"@type\":\"ListItem\",\"position\":2,\"name\":\"Asiakaspalvelut\",\"item\":\"https:\\\/\\\/www.kktavastia.fi\\\/ammattiopisto\\\/tavastia-asiakaspalvelut-opiskelijatyot\\\/\"},{\"@type\":\"ListItem\",\"position\":3,\"name\":\"Parturi-kampaamopalvelut\"}]},{\"@type\":\"WebSite\",\"@id\":\"https:\\\/\\\/www.kktavastia.fi\\\/ammattiopisto\\\/#website\",\"url\":\"https:\\\/\\\/www.kktavastia.fi\\\/ammattiopisto\\\/\",\"name\":\"Ammattiopisto Tavastia\",\"description\":\"\",\"potentialAction\":[{\"@type\":\"SearchAction\",\"target\":{\"@type\":\"EntryPoint\",\"urlTemplate\":\"https:\\\/\\\/www.kktavastia.fi\\\/ammattiopisto\\\/?s={search_term_string}\"},\"query-input\":{\"@type\":\"PropertyValueSpecification\",\"valueRequired\":true,\"valueName\":\"search_term_string\"}}],\"inLanguage\":\"fi\"}]}<\/script>","yoast_head_json":{"title":"Parturi-kampaamopalvelut Ammattiopisto Tavastiassa | Hoidot ja ehostus","description":"Parturi- ja kampaamopalvelut Ammattiopisto Tavastiassa edullisesti opiskelijaty\u00f6n\u00e4. Varaa aika ja tule palveltavaksi!","robots":{"index":"index","follow":"follow","max-snippet":"max-snippet:-1","max-image-preview":"max-image-preview:large","max-video-preview":"max-video-preview:-1"},"canonical":"https:\/\/www.kktavastia.fi\/ammattiopisto\/tavastia-asiakaspalvelut-opiskelijatyot\/parturi-kampaamopalvelut-tavastia\/","og_locale":"fi_FI","og_type":"article","og_title":"Parturi-kampaamopalvelut Ammattiopisto Tavastiassa | Hoidot ja ehostus","og_description":"Parturi- ja kampaamopalvelut Ammattiopisto Tavastiassa edullisesti opiskelijaty\u00f6n\u00e4. Varaa aika ja tule palveltavaksi!","og_url":"https:\/\/www.kktavastia.fi\/ammattiopisto\/tavastia-asiakaspalvelut-opiskelijatyot\/parturi-kampaamopalvelut-tavastia\/","og_site_name":"Ammattiopisto Tavastia","article_modified_time":"2025-08-06T08:11:25+00:00","twitter_card":"summary_large_image","schema":{"@context":"https:\/\/schema.org","@graph":[{"@type":"WebPage","@id":"https:\/\/www.kktavastia.fi\/ammattiopisto\/tavastia-asiakaspalvelut-opiskelijatyot\/parturi-kampaamopalvelut-tavastia\/","url":"https:\/\/www.kktavastia.fi\/ammattiopisto\/tavastia-asiakaspalvelut-opiskelijatyot\/parturi-kampaamopalvelut-tavastia\/","name":"Parturi-kampaamopalvelut Ammattiopisto Tavastiassa | Hoidot ja ehostus","isPartOf":{"@id":"https:\/\/www.kktavastia.fi\/ammattiopisto\/#website"},"datePublished":"2020-11-25T08:47:28+00:00","dateModified":"2025-08-06T08:11:25+00:00","description":"Parturi- ja kampaamopalvelut Ammattiopisto Tavastiassa edullisesti opiskelijaty\u00f6n\u00e4. Varaa aika ja tule palveltavaksi!","breadcrumb":{"@id":"https:\/\/www.kktavastia.fi\/ammattiopisto\/tavastia-asiakaspalvelut-opiskelijatyot\/parturi-kampaamopalvelut-tavastia\/#breadcrumb"},"inLanguage":"fi","potentialAction":[{"@type":"ReadAction","target":["https:\/\/www.kktavastia.fi\/ammattiopisto\/tavastia-asiakaspalvelut-opiskelijatyot\/parturi-kampaamopalvelut-tavastia\/"]}]},{"@type":"BreadcrumbList","@id":"https:\/\/www.kktavastia.fi\/ammattiopisto\/tavastia-asiakaspalvelut-opiskelijatyot\/parturi-kampaamopalvelut-tavastia\/#breadcrumb","itemListElement":[{"@type":"ListItem","position":1,"name":"Home","item":"https:\/\/www.kktavastia.fi\/ammattiopisto\/"},{"@type":"ListItem","position":2,"name":"Asiakaspalvelut","item":"https:\/\/www.kktavastia.fi\/ammattiopisto\/tavastia-asiakaspalvelut-opiskelijatyot\/"},{"@type":"ListItem","position":3,"name":"Parturi-kampaamopalvelut"}]},{"@type":"WebSite","@id":"https:\/\/www.kktavastia.fi\/ammattiopisto\/#website","url":"https:\/\/www.kktavastia.fi\/ammattiopisto\/","name":"Ammattiopisto Tavastia","description":"","potentialAction":[{"@type":"SearchAction","target":{"@type":"EntryPoint","urlTemplate":"https:\/\/www.kktavastia.fi\/ammattiopisto\/?s={search_term_string}"},"query-input":{"@type":"PropertyValueSpecification","valueRequired":true,"valueName":"search_term_string"}}],"inLanguage":"fi"}]}},"_links":{"self":[{"href":"https:\/\/www.kktavastia.fi\/ammattiopisto\/wp-json\/wp\/v2\/pages\/193","targetHints":{"allow":["GET"]}}],"collection":[{"href":"https:\/\/www.kktavastia.fi\/ammattiopisto\/wp-json\/wp\/v2\/pages"}],"about":[{"href":"https:\/\/www.kktavastia.fi\/ammattiopisto\/wp-json\/wp\/v2\/types\/page"}],"author":[{"embeddable":true,"href":"https:\/\/www.kktavastia.fi\/ammattiopisto\/wp-json\/wp\/v2\/users\/6"}],"replies":[{"embeddable":true,"href":"https:\/\/www.kktavastia.fi\/ammattiopisto\/wp-json\/wp\/v2\/comments?post=193"}],"version-history":[{"count":25,"href":"https:\/\/www.kktavastia.fi\/ammattiopisto\/wp-json\/wp\/v2\/pages\/193\/revisions"}],"predecessor-version":[{"id":111896,"href":"https:\/\/www.kktavastia.fi\/ammattiopisto\/wp-json\/wp\/v2\/pages\/193\/revisions\/111896"}],"up":[{"embeddable":true,"href":"https:\/\/www.kktavastia.fi\/ammattiopisto\/wp-json\/wp\/v2\/pages\/115"}],"wp:attachment":[{"href":"https:\/\/www.kktavastia.fi\/ammattiopisto\/wp-json\/wp\/v2\/media?parent=193"}],"curies":[{"name":"wp","href":"https:\/\/api.w.org\/{rel}","templated":true}]}}