{"id":18445,"date":"2022-06-10T10:29:47","date_gmt":"2022-06-10T07:29:47","guid":{"rendered":"https:\/\/www.kktavastia.fi\/ammattiopisto\/?page_id=18445"},"modified":"2026-01-08T08:22:44","modified_gmt":"2026-01-08T06:22:44","slug":"oppimisen-tuki","status":"publish","type":"page","link":"https:\/\/www.kktavastia.fi\/ammattiopisto\/opiskelijalle\/opiskelu\/oppimisen-tuki\/","title":{"rendered":"Oppimisen tuki"},"content":{"rendered":"\n<p class=\"is-style-ingress\">Sinulla on oikeus saada tarvitsemaasi tukea ja ohjausta opintoihisi. Henkil\u00f6kohtaisen osaamisen kehitt\u00e4missuunnitelman (HOKS) tekemisen yhteydess\u00e4 vastuuopettaja suunnittelee tarvitsemiasi tukitoimia. Ole itse aktiivinen ja kerro tuen tarpeestasi. Lis\u00e4ksi tuen tarvetta selvitet\u00e4\u00e4n monin eri tavoin, mm. opintojen alussa l\u00e4ht\u00f6tasotesteill\u00e4 ja itsearviointikyselyll\u00e4 sek\u00e4 aikaisempien tukitoimien perusteella.&nbsp;<\/p>\n\n\n\n<p>Ammattiopisto Tavastian oppimisen tuki perustuu ammatillisesta koulutuksesta annettuun lakiin (531\/2017) ja asetukseen (673\/2017). Oppimisen tuen tavoitteena on mahdollistaa opiskelijan eteneminen kohti ammattitaitoa ja osaamista sek\u00e4 edist\u00e4\u00e4 yhdenvertaisuutta, tasa-arvoa ja osallisuutta.<\/p>\n\n\n\n<h3 class=\"wp-block-heading\">Oppimisen tuki<\/h3>\n\n\n\n<p>Sinulla on oikeus tarvitsemaasi tukeen. Oppimisen tukea annetaan heti kun siihen on tarve. Oppimisen tuen tavoitteena on, ett\u00e4 opiskelija saa suoritettua tutkinnon tai saa ammattitaidon ja osaamista.<\/p>\n\n\n\n<p>Oppimiseen ja opiskeluvalmiuksiin annetaan ohjausta ja tukea esimerkiksi erilaisissa tukipajoissa. Tukea annetaan my\u00f6s ammatillisten opintojen yhteydess\u00e4, jolloin voit vahvistaa taitojasi esimerkiksi suomen kieless\u00e4, matematiikassa tai tietotekniikassa. Lis\u00e4ksi voit saada tukea opiskeluarkeesi (ks. Joustava polku).<\/p>\n\n\n\n<h3 class=\"wp-block-heading\">Erityisen tuen suunnitelma<\/h3>\n\n\n\n<p>Jos tarvitset pitk\u00e4aikaista ja s\u00e4\u00e4nn\u00f6llist\u00e4 tukea ja taustalla on oppimisvaikeus, sairaus, vamma tai muu syy, sinulle tehd\u00e4\u00e4n erityisen tuen p\u00e4\u00e4t\u00f6s Wilmassa. Sinua ja huoltajaasi kuullaan ennen p\u00e4\u00e4t\u00f6ksen tekemist\u00e4.<\/p>\n\n\n\n<p>Yleisimpi\u00e4 syit\u00e4 erityisen tuen suunnitelman tekemiseen voivat olla:<\/p>\n\n\n\n<ul class=\"wp-block-list\">\n<li>\uf0a7 Hahmottamisen ja tarkkaavaisuuden vaikeudet<\/li>\n\n\n\n<li>\uf0a7 Toiminnanohjaukseen liittyv\u00e4t vaikeudet<\/li>\n\n\n\n<li>\uf0a7 Kielelliset vaikeudet<\/li>\n\n\n\n<li>\uf0a7 Oppimisvaikeudet<\/li>\n\n\n\n<li>\uf0a7 Vuorovaikutuksen ja k\u00e4ytt\u00e4ytymisen vaikeudet<\/li>\n\n\n\n<li>\uf0a7 Mielenterveyteen liittyv\u00e4t pulmat<\/li>\n\n\n\n<li>\uf0a7 Fyysiset sairaudet<\/li>\n\n\n\n<li>\uf0a7 Muut syyt, esim. el\u00e4m\u00e4ntilanteeseen tai perhetilanteeseen liittyv\u00e4t vaikeudet, motivaatio-ongelmat<\/li>\n<\/ul>\n\n\n\n<p>Erityist\u00e4 tukea voi saada kaikkiin ammatillisiin tutkintoihin (perus-, ammatti- ja erikoisammattitutkinnot) sek\u00e4 TUVA-koulutukseen ammattitaitovaatimusten tai osaamistavoitteiden saavuttamiseksi. Erityisell\u00e4 tuella tarkoitetaan opiskelijan tavoitteisiin ja valmiuksiin perustuvaa suunnitelmallista pedagogista tukea sek\u00e4 erityisi\u00e4 opetus- ja opiskeluj\u00e4rjestelyit\u00e4. Erityisen tuen suunnitelma tehd\u00e4\u00e4n HOKSiin.<\/p>\n\n\n\n<p>Erityisopettaja ja vastuuopettaja tekev\u00e4t opiskelijan ja alaik\u00e4isen huoltajan kanssa erityisen tuen suunnitelman. Suunnitelmaan kuvataan tarvitsemasi pedagoginen tuki ja erityiset opiskelu- ja opetusj\u00e4rjestelyt tutkinnon osittain. Erityisen tuen suunnitelmaa p\u00e4ivitet\u00e4\u00e4n opintojen edetess\u00e4, v\u00e4hint\u00e4\u00e4n kaksi kertaa vuodessa. Erityisopettaja tai vastuuopettaja tarkastaa erityisen tuen tarpeen ja tukitoimien riitt\u00e4vyyden kanssasi kaksi kertaa vuodessa.<\/p>\n\n\n\n<p>Erityisen tuen opiskelijat opiskelevat p\u00e4\u00e4osin samassa ryhm\u00e4ss\u00e4 muiden opiskelijoiden kanssa, mutta tukea ja ohjausta j\u00e4rjestet\u00e4\u00e4n yksil\u00f6llisesti. Tuen suunnittelussa huomioidaan opiskelijan vahvuudet ja erityiset kiinnostuksen kohteet ja opiskelijaa kannustetaan kaikissa opiskelun vaiheissa.<\/p>\n\n\n\n<h3 class=\"wp-block-heading\">Konsultoivat erityisopettajat<\/h3>\n\n\n\n<ul class=\"wp-block-list\">\n<li><strong>THA,<\/strong>\u00a0terveys ja hyvinvointi sek\u00e4 <strong>K\u00e4tev\u00e4,<\/strong>\u00a0taideteollisuus, tekstiili ja muoti, hius ja kauneudenhoito\u00a0| Anna Huuskonen, puh. 050 475 7302<\/li>\n\n\n\n<li><strong>KREippi<\/strong>, liiketoiminta, matkailu, ravintola, catering ja elintarvike | Elina Jalli, puh. 050 443 7978<\/li>\n\n\n\n<li><strong>Telog,<\/strong>\u00a0kone- ja tuotantotekniikka, ajoneuvo, logistiikka, pintak\u00e4sittely sek\u00e4<strong>\u00a0Elvira,<\/strong>\u00a0rakennus, maanmittaus, talotekniikka, kiinteist\u00f6palvelut, puhtauspalvelut, s\u00e4hk\u00f6- ja viestint\u00e4tekniikka | Anna-Maija Talonen, puh. 050 4400 409<\/li>\n<\/ul>\n\n\n\n<h3 class=\"wp-block-heading\">Erityisen tuen pedagogiset tukitoimet ja erityiset opetusj\u00e4rjestelyt<\/h3>\n\n\n\n<p>Erityisen tuen pedagogisia tukitoimia ja erityisi\u00e4 opetusj\u00e4rjestelyj\u00e4 ovat<\/p>\n\n\n\n<ul class=\"wp-block-list\">\n<li>Apuv\u00e4lineet: selkokielinen materiaali, tekstin kuunteleminen, Office365 syvent\u00e4v\u00e4 lukuohjelma ja lue \u00e4\u00e4neen toiminto, Celia-\u00e4\u00e4nikirjat, kuulokkeet ym.<\/li>\n\n\n\n<li>Oppimisymp\u00e4rist\u00f6n muokkaaminen: opetus pienemm\u00e4ss\u00e4 ryhm\u00e4ss\u00e4, rauhallinen tila, ty\u00f6pajat, verkkokurssit<\/li>\n\n\n\n<li>Osaamisen arvioinnin erityiset j\u00e4rjestelyt: n\u00e4ytt\u00f6jen harjoitteleminen etuk\u00e4teen, n\u00e4ytt\u00f6jen pilkkominen osiin, lis\u00e4aikaa n\u00e4ytt\u00f6jen suorittamiseen, osittain suulliset kokeet, suulliset kokeet, kokeiden pilkkominen pienempiin osiin, parikokeet, ryhm\u00e4kokeet, sanallinen palaute<\/li>\n\n\n\n<li>Pedagogiset tukikeinot: eriytt\u00e4minen, pari- ja ryhm\u00e4teht\u00e4v\u00e4t, opiskelijoiden vertaistuki, ohjeiden ja teht\u00e4vien t\u00e4sment\u00e4minen ja selvent\u00e4minen kysymysten avulla, valitaan tutkinnon osa toisesta tutkinnosta, YTO-aineiden integrointi joustavasti ammattiaineisiin<\/li>\n\n\n\n<li>Toiminnan ohjaamisen tukeminen: tuki teht\u00e4v\u00e4n aloittamiseen, jatkamiseen, valmiiksi saamiseen ja tarkastamiseen sek\u00e4 ajank\u00e4yt\u00f6n hahmottamiseen, ohjeiden ja teht\u00e4vien t\u00e4sment\u00e4minen ja selvent\u00e4minen kysymysten avulla<\/li>\n\n\n\n<li>Tuki- ja ohjauskeskustelut: s\u00e4\u00e4nn\u00f6llinen ja tiivis kontakti opiskelijaan, henkil\u00f6kohtaiset ohjauskeskustelut, opiskelijan kannustaminen ja positiivinen palaute, opiskelijapalveluiden tuki<\/li>\n\n\n\n<li>Ty\u00f6llistymisen tukeminen: vahvuuskuvaus tai uraohjaajan tuki<\/li>\n\n\n\n<li>Yksil\u00f6llinen ohjaus: selke\u00e4t ohjeet, teht\u00e4vien tai ty\u00f6vaiheiden pilkkominen osiin, toistot, kertaaminen, suulliset ohjeet kirjallisena, keskeisten k\u00e4sitteiden selvent\u00e4minen, samanaikaisopetus, opettaja, erityisopettaja tai ammatillinen ohjaaja ohjaa teht\u00e4viss\u00e4 yksil\u00f6llisesti<\/li>\n\n\n\n<li>Yksil\u00f6llinen oppimateriaali: eriytetty, selkokielinen materiaali ja havainnollistava materiaali, kuvat, opetusmateriaalin antaminen etuk\u00e4teen tai j\u00e4lkik\u00e4teen, teht\u00e4v\u00e4listat, muistilistat, yksi asia kerrallaan, opiskelijan vahvuuksien ja kiinnostusten kohteiden hy\u00f6dynt\u00e4minen opetuksessa<\/li>\n\n\n\n<li>Yksil\u00f6lliset opetusj\u00e4rjestelyt: kevennetty ty\u00f6j\u00e4rjestys, lis\u00e4aikaa harjoitusten tekemiseen, tauottaminen ty\u00f6skentelyss\u00e4, ennakoitavuus muutos- ja siirtym\u00e4tilanteissa<\/li>\n\n\n\n<li>Ty\u00f6paikalla j\u00e4rjestett\u00e4v\u00e4n koulutuksen eli TJK-jakson tuki: TJK-paikan sopivuus ja haku yhdess\u00e4 opiskelijan kanssa, ennakkok\u00e4ynnit ty\u00f6paikalla opiskelijan kanssa, tuki n\u00e4ytt\u00f6suunnitelman kirjoittamisessa, ty\u00f6paikkaohjaajan tuen varmistaminen, opiskelijan perehdytys ty\u00f6paikkaan ja ty\u00f6paikan tapoihin, tiivis yhteys opiskelijaan ja lis\u00e4ohjausk\u00e4ynnit ty\u00f6paikalla, TJK-jakson kevent\u00e4minen tai pident\u00e4minen tai osa TJK-jaksosta tehd\u00e4\u00e4n koululla, uraohjaajan tuki<\/li>\n\n\n\n<li>Muu tuki: OTE-pajassa opiskelu.<\/li>\n<\/ul>\n\n\n\n<h3 class=\"wp-block-heading\">OTE-paja&nbsp;<\/h3>\n\n\n\n<p>OTE-pajan tavoitteena on l\u00f6yt\u00e4\u00e4 opiskelijalle uusia ratkaisuja opinnoissa jatkamiseen ja tukea opiskeluarkeen. OTE-pajan erityisopettajat pohtivat opiskelijan ja opiskelijan verkoston kanssa, millaisesta tuesta opiskelija hy\u00f6tyy ja kuinka kauan opiskelu OTE-pajalla kest\u00e4\u00e4. OTE-pajassa opiskellaan pieness\u00e4 ryhm\u00e4ss\u00e4 yksil\u00f6llisen suunnitelman mukaan. Useimmat opiskelijat opiskelevat&nbsp;<a href=\"https:\/\/www.kktavastia.fi\/ammattiopisto\/opiskelijalle\/opiskelu\/hoks-ja-opiskelupolut\/\">Joustavan polun<\/a>&nbsp;opintoja.<\/p>\n\n\n\n<h3 class=\"wp-block-heading\">Osaamisen arvioinnin mukauttaminen&nbsp;<\/h3>\n\n\n\n<p>Osaamisen arvioinnin mukauttaminen on mahdollista vain perustutkintokoulutuksessa. Osaamisen arviointia voidaan mukauttaa, jos opiskelija ei erityisen tuen tukitoimista huolimatta saavuta ammattitaitovaatimusten tai osaamistavoitteiden tyydytt\u00e4v\u00e4 1 -tason (T1) mukaista osaamista. Osaamisen arvioinnin mukauttaminen tarkoittaa, ett\u00e4 erityisen tuen opiskelijalle laaditaan henkil\u00f6kohtaiset, mukautetut arviointikriteerit. Mukauttaminen voi kohdistua yhden tai useamman tutkinnon osan arviointikriteereihin.<\/p>\n\n\n\n<p>Arviointia mukautetaan vain niilt\u00e4 osin kuin se on opiskelijan henkil\u00f6kohtaiset tavoitteet ja valmiudet huomioon ottaen v\u00e4ltt\u00e4m\u00e4t\u00f6nt\u00e4. Joissain tutkinnon perusteissa on m\u00e4\u00e4ritelty ammattitaitovaatimuksia, joita ei voi mukauttaa. Osaamisen arvioinnin mukauttamisesta tehd\u00e4\u00e4n viranhaltijap\u00e4\u00e4t\u00f6s. Mukauttaminen tarkoittaa, ettei mit\u00e4\u00e4n ammattitaitovaatimusta tai osaamistavoitetta voi j\u00e4tt\u00e4\u00e4 pois. Jos t\u00e4h\u00e4n on tarvetta, tehd\u00e4\u00e4n poikkeaminen.<\/p>\n\n\n\n<p>Osaamisen arvioinnin mukauttaminen voi vaikuttaa siihen, onko opiskelijalle mahdollista antaa todistusta suoritetusta tutkinnon osasta tai tutkinnosta. Jos opiskelija ei saavuta tutkinnon osien keskeisi\u00e4 osaamistavoitteita tai ammattitaitovaatimuksia, koulutuksen j\u00e4rjest\u00e4j\u00e4 ei voi antaa opiskelijalle todistusta tutkinnosta tai tutkinnon osan suorittamisesta. Koulutuksen j\u00e4rjest\u00e4j\u00e4n nime\u00e4m\u00e4t arvioijat arvioivat, onko opiskelija saavuttanut tutkinnon osassa edellytetyn keskeisen osaamisen.<\/p>\n\n\n\n<h3 class=\"wp-block-heading\">Poikkeaminen&nbsp;<\/h3>\n\n\n\n<p>Ammatillisen perustutkinnon ammattitaitovaatimuksista ja osaamistavoitteista poikkeaminen tarkoittaa sit\u00e4, ett\u00e4 opiskelijalta ei edellytet\u00e4 kaikkea tutkinnon perusteissa m\u00e4\u00e4r\u00e4tty\u00e4 ammattitaitoa tai osaamista, jos<\/p>\n\n\n\n<ul class=\"wp-block-list\">\n<li>tutkinnon perusteiden mukaiset ammattitaitovaatimukset tai osaamistavoitteet ovat olosuhteet tai aiemmin hankittu osaaminen huomioiden joiltakin osin opiskelijalle kohtuuttomia<\/li>\n\n\n\n<li>poikkeaminen on perusteltua opiskelijan vammaan tai terveydentilaan liittyvist\u00e4 syist\u00e4<\/li>\n<\/ul>\n\n\n\n<p>Poikkeamisesta huolimatta tavoitteena on, ett\u00e4 opiskelija suorittaisi tutkinnon. Ammattitaitovaatimuksista tai osaamistavoitteista poiketaankin vain silt\u00e4 osin, kuin se on opiskelijan henkil\u00f6kohtaiset tavoitteet ja valmiudet huomioon ottaen v\u00e4ltt\u00e4m\u00e4t\u00f6nt\u00e4. Niist\u00e4 ammattitaitovaatimuksista tai osaamistavoitteista ei voi poiketa, joissa tutkinnon perusteet erityisesti kielt\u00e4v\u00e4t poikkeamisen.<\/p>\n\n\n\n<p>Poikkeamisp\u00e4\u00e4t\u00f6s ei edellyt\u00e4 erityisen tuen p\u00e4\u00e4t\u00f6st\u00e4. Poikkeamisp\u00e4\u00e4t\u00f6s tehd\u00e4\u00e4n Wilmassa. Opiskelijaa ja t\u00e4m\u00e4n huoltajaa tulee kuulla ennen p\u00e4\u00e4t\u00f6sten tekemist\u00e4.<\/p>\n\n\n\n<h3 class=\"wp-block-heading\">Moniammatillinen yhteisty\u00f6<\/h3>\n\n\n\n<p>Moniammatillisessa yhteisty\u00f6ss\u00e4 eri alojen ammattilaiset tukevat yhdess\u00e4 opiskelijaa. Tavoitteena on tukea kokonaisvaltaisesti oppimista sek\u00e4 opiskelijan fyysist\u00e4, psyykkist\u00e4 ja sosiaalista hyvinvointia.<\/p>\n\n\n\n<h3 class=\"wp-block-heading\">Vahvuuskuvaus ja ty\u00f6llistymisen tukeminen<\/h3>\n\n\n\n<p>Vahvuuskuvauksen tarkoitus on tukea opiskelijaa ty\u00f6nhaussa ja tuoda n\u00e4kyv\u00e4ksi opiskelijan vahvuudet ja kehittyminen opintojen aikana. Kuvaus on tarkoitettu opiskelijoille, jotka eiv\u00e4t osaa kertoa itse omista vahvuuksistaan ja voimavaroistaan ty\u00f6nhakijoina. Kuvauksessa kerrotaan my\u00f6s opiskelijan tuen tarpeesta, mutta vahvuudet ja osaaminen korostuvat sek\u00e4 erilaiset taidot ja my\u00f6nteiset ominaisuudet, joita opiskelijalla on.<\/p>\n\n\n\n<p>Vahvuuskuvaus on osa opiskelijan urasuunnitelmaa HOKSissa ja se tehd\u00e4\u00e4n valmistumisen l\u00e4hestyess\u00e4 aina yhdess\u00e4 opiskelijan, vastuuopettajan ja erityisopettajan kanssa. Vahvuuskuvaus tulostetaan, allekirjoitetaan ja liitet\u00e4\u00e4n opiskelijan tutkintotodistuskansioon.<\/p>\n\n\n\n<p>Katso video oppimisen tuesta toisen asteen oppilaitoksissa:<\/p>\n\n\n\n<figure class=\"wp-block-embed is-type-video is-provider-youtube wp-block-embed-youtube wp-embed-aspect-16-9 wp-has-aspect-ratio\"><div class=\"wp-block-embed__wrapper\">\n<div data-service=\"1202318785\" data-id=\"1202318785\" data-title=\"T\u00e4m\u00e4 upote saattaa k\u00e4ytt\u00e4\u00e4 ev\u00e4steit\u00e4\" data-autoscale><\/div>\n<\/div><\/figure>\n","protected":false},"excerpt":{"rendered":"<p>Sinulla on oikeus saada tarvitsemaasi tukea ja ohjausta opintoihisi. Henkil\u00f6kohtaisen osaamisen kehitt\u00e4missuunnitelman (HOKS) tekemisen yhteydess\u00e4 vastuuopettaja suunnittelee tarvitsemiasi tukitoimia. Ole [&hellip;]<\/p>\n","protected":false},"author":6,"featured_media":0,"parent":1063,"menu_order":7,"comment_status":"closed","ping_status":"closed","template":"","meta":{"_acf_changed":false,"_relevanssi_hide_post":"","_relevanssi_hide_content":"","_relevanssi_pin_for_all":"","_relevanssi_pin_keywords":"","_relevanssi_unpin_keywords":"","_relevanssi_related_keywords":"","_relevanssi_related_include_ids":"","_relevanssi_related_exclude_ids":"","_relevanssi_related_no_append":"","_relevanssi_related_not_related":"","_relevanssi_related_posts":"1111,21615,1029,15408,112252,142","_relevanssi_noindex_reason":"","footnotes":""},"class_list":["post-18445","page","type-page","status-publish","hentry"],"acf":[],"yoast_head":"<title>Oppimisen tuki - Ammattiopisto Tavastia<\/title>\n<meta name=\"robots\" content=\"index, follow, max-snippet:-1, max-image-preview:large, max-video-preview:-1\" \/>\n<link rel=\"canonical\" href=\"https:\/\/www.kktavastia.fi\/ammattiopisto\/opiskelijalle\/opiskelu\/oppimisen-tuki\/\" \/>\n<meta property=\"og:locale\" content=\"fi_FI\" \/>\n<meta property=\"og:type\" content=\"article\" \/>\n<meta property=\"og:title\" content=\"Oppimisen tuki - Ammattiopisto Tavastia\" \/>\n<meta property=\"og:description\" content=\"Sinulla on oikeus saada tarvitsemaasi tukea ja ohjausta opintoihisi. Henkil\u00f6kohtaisen osaamisen kehitt\u00e4missuunnitelman (HOKS) tekemisen yhteydess\u00e4 vastuuopettaja suunnittelee tarvitsemiasi tukitoimia. Ole [&hellip;]\" \/>\n<meta property=\"og:url\" content=\"https:\/\/www.kktavastia.fi\/ammattiopisto\/opiskelijalle\/opiskelu\/oppimisen-tuki\/\" \/>\n<meta property=\"og:site_name\" content=\"Ammattiopisto Tavastia\" \/>\n<meta property=\"article:modified_time\" content=\"2026-01-08T06:22:44+00:00\" \/>\n<meta name=\"twitter:card\" content=\"summary_large_image\" \/>\n<script type=\"application\/ld+json\" class=\"yoast-schema-graph\">{\"@context\":\"https:\\\/\\\/schema.org\",\"@graph\":[{\"@type\":\"WebPage\",\"@id\":\"https:\\\/\\\/www.kktavastia.fi\\\/ammattiopisto\\\/opiskelijalle\\\/opiskelu\\\/oppimisen-tuki\\\/\",\"url\":\"https:\\\/\\\/www.kktavastia.fi\\\/ammattiopisto\\\/opiskelijalle\\\/opiskelu\\\/oppimisen-tuki\\\/\",\"name\":\"Oppimisen tuki - Ammattiopisto Tavastia\",\"isPartOf\":{\"@id\":\"https:\\\/\\\/www.kktavastia.fi\\\/ammattiopisto\\\/#website\"},\"datePublished\":\"2022-06-10T07:29:47+00:00\",\"dateModified\":\"2026-01-08T06:22:44+00:00\",\"breadcrumb\":{\"@id\":\"https:\\\/\\\/www.kktavastia.fi\\\/ammattiopisto\\\/opiskelijalle\\\/opiskelu\\\/oppimisen-tuki\\\/#breadcrumb\"},\"inLanguage\":\"fi\",\"potentialAction\":[{\"@type\":\"ReadAction\",\"target\":[\"https:\\\/\\\/www.kktavastia.fi\\\/ammattiopisto\\\/opiskelijalle\\\/opiskelu\\\/oppimisen-tuki\\\/\"]}]},{\"@type\":\"BreadcrumbList\",\"@id\":\"https:\\\/\\\/www.kktavastia.fi\\\/ammattiopisto\\\/opiskelijalle\\\/opiskelu\\\/oppimisen-tuki\\\/#breadcrumb\",\"itemListElement\":[{\"@type\":\"ListItem\",\"position\":1,\"name\":\"Home\",\"item\":\"https:\\\/\\\/www.kktavastia.fi\\\/ammattiopisto\\\/\"},{\"@type\":\"ListItem\",\"position\":2,\"name\":\"Opiskelijalle\",\"item\":\"https:\\\/\\\/www.kktavastia.fi\\\/ammattiopisto\\\/opiskelijalle\\\/\"},{\"@type\":\"ListItem\",\"position\":3,\"name\":\"Opiskelu\",\"item\":\"https:\\\/\\\/www.kktavastia.fi\\\/ammattiopisto\\\/opiskelijalle\\\/opiskelu\\\/\"},{\"@type\":\"ListItem\",\"position\":4,\"name\":\"Oppimisen tuki\"}]},{\"@type\":\"WebSite\",\"@id\":\"https:\\\/\\\/www.kktavastia.fi\\\/ammattiopisto\\\/#website\",\"url\":\"https:\\\/\\\/www.kktavastia.fi\\\/ammattiopisto\\\/\",\"name\":\"Ammattiopisto Tavastia\",\"description\":\"\",\"potentialAction\":[{\"@type\":\"SearchAction\",\"target\":{\"@type\":\"EntryPoint\",\"urlTemplate\":\"https:\\\/\\\/www.kktavastia.fi\\\/ammattiopisto\\\/?s={search_term_string}\"},\"query-input\":{\"@type\":\"PropertyValueSpecification\",\"valueRequired\":true,\"valueName\":\"search_term_string\"}}],\"inLanguage\":\"fi\"}]}<\/script>","yoast_head_json":{"title":"Oppimisen tuki - Ammattiopisto Tavastia","robots":{"index":"index","follow":"follow","max-snippet":"max-snippet:-1","max-image-preview":"max-image-preview:large","max-video-preview":"max-video-preview:-1"},"canonical":"https:\/\/www.kktavastia.fi\/ammattiopisto\/opiskelijalle\/opiskelu\/oppimisen-tuki\/","og_locale":"fi_FI","og_type":"article","og_title":"Oppimisen tuki - Ammattiopisto Tavastia","og_description":"Sinulla on oikeus saada tarvitsemaasi tukea ja ohjausta opintoihisi. Henkil\u00f6kohtaisen osaamisen kehitt\u00e4missuunnitelman (HOKS) tekemisen yhteydess\u00e4 vastuuopettaja suunnittelee tarvitsemiasi tukitoimia. Ole [&hellip;]","og_url":"https:\/\/www.kktavastia.fi\/ammattiopisto\/opiskelijalle\/opiskelu\/oppimisen-tuki\/","og_site_name":"Ammattiopisto Tavastia","article_modified_time":"2026-01-08T06:22:44+00:00","twitter_card":"summary_large_image","schema":{"@context":"https:\/\/schema.org","@graph":[{"@type":"WebPage","@id":"https:\/\/www.kktavastia.fi\/ammattiopisto\/opiskelijalle\/opiskelu\/oppimisen-tuki\/","url":"https:\/\/www.kktavastia.fi\/ammattiopisto\/opiskelijalle\/opiskelu\/oppimisen-tuki\/","name":"Oppimisen tuki - Ammattiopisto Tavastia","isPartOf":{"@id":"https:\/\/www.kktavastia.fi\/ammattiopisto\/#website"},"datePublished":"2022-06-10T07:29:47+00:00","dateModified":"2026-01-08T06:22:44+00:00","breadcrumb":{"@id":"https:\/\/www.kktavastia.fi\/ammattiopisto\/opiskelijalle\/opiskelu\/oppimisen-tuki\/#breadcrumb"},"inLanguage":"fi","potentialAction":[{"@type":"ReadAction","target":["https:\/\/www.kktavastia.fi\/ammattiopisto\/opiskelijalle\/opiskelu\/oppimisen-tuki\/"]}]},{"@type":"BreadcrumbList","@id":"https:\/\/www.kktavastia.fi\/ammattiopisto\/opiskelijalle\/opiskelu\/oppimisen-tuki\/#breadcrumb","itemListElement":[{"@type":"ListItem","position":1,"name":"Home","item":"https:\/\/www.kktavastia.fi\/ammattiopisto\/"},{"@type":"ListItem","position":2,"name":"Opiskelijalle","item":"https:\/\/www.kktavastia.fi\/ammattiopisto\/opiskelijalle\/"},{"@type":"ListItem","position":3,"name":"Opiskelu","item":"https:\/\/www.kktavastia.fi\/ammattiopisto\/opiskelijalle\/opiskelu\/"},{"@type":"ListItem","position":4,"name":"Oppimisen tuki"}]},{"@type":"WebSite","@id":"https:\/\/www.kktavastia.fi\/ammattiopisto\/#website","url":"https:\/\/www.kktavastia.fi\/ammattiopisto\/","name":"Ammattiopisto Tavastia","description":"","potentialAction":[{"@type":"SearchAction","target":{"@type":"EntryPoint","urlTemplate":"https:\/\/www.kktavastia.fi\/ammattiopisto\/?s={search_term_string}"},"query-input":{"@type":"PropertyValueSpecification","valueRequired":true,"valueName":"search_term_string"}}],"inLanguage":"fi"}]}},"_links":{"self":[{"href":"https:\/\/www.kktavastia.fi\/ammattiopisto\/wp-json\/wp\/v2\/pages\/18445","targetHints":{"allow":["GET"]}}],"collection":[{"href":"https:\/\/www.kktavastia.fi\/ammattiopisto\/wp-json\/wp\/v2\/pages"}],"about":[{"href":"https:\/\/www.kktavastia.fi\/ammattiopisto\/wp-json\/wp\/v2\/types\/page"}],"author":[{"embeddable":true,"href":"https:\/\/www.kktavastia.fi\/ammattiopisto\/wp-json\/wp\/v2\/users\/6"}],"replies":[{"embeddable":true,"href":"https:\/\/www.kktavastia.fi\/ammattiopisto\/wp-json\/wp\/v2\/comments?post=18445"}],"version-history":[{"count":12,"href":"https:\/\/www.kktavastia.fi\/ammattiopisto\/wp-json\/wp\/v2\/pages\/18445\/revisions"}],"predecessor-version":[{"id":138873,"href":"https:\/\/www.kktavastia.fi\/ammattiopisto\/wp-json\/wp\/v2\/pages\/18445\/revisions\/138873"}],"up":[{"embeddable":true,"href":"https:\/\/www.kktavastia.fi\/ammattiopisto\/wp-json\/wp\/v2\/pages\/1063"}],"wp:attachment":[{"href":"https:\/\/www.kktavastia.fi\/ammattiopisto\/wp-json\/wp\/v2\/media?parent=18445"}],"curies":[{"name":"wp","href":"https:\/\/api.w.org\/{rel}","templated":true}]}}