{"id":17,"date":"2020-11-20T11:20:13","date_gmt":"2020-11-20T09:20:13","guid":{"rendered":"http:\/\/kktavastia.test\/ammattiopisto\/?page_id=17"},"modified":"2025-04-22T14:17:03","modified_gmt":"2025-04-22T11:17:03","slug":"ammattitutkinnot","status":"publish","type":"page","link":"https:\/\/www.kktavastia.fi\/ammattiopisto\/tutkinnot\/ammattitutkinnot\/","title":{"rendered":"Ammattitutkinnot"},"content":{"rendered":"\n<h2 class=\"wp-block-heading\">T\u00e4ydenn\u00e4 osaamistasi ammattitutkinnolla<\/h2>\n\n\n\n<p class=\"is-style-default\">Ammattitutkinto on ammatillinen tutkinto, jossa osoitetaan ty\u00f6el\u00e4m\u00e4n tarpeiden mukaisesti kohdennettua ammattitaitoa. Ammattitutkinto on tarkoitettu sinulle, jos olet hankkinut alan peruskoulutuksen tai vastaavan osaamisen ty\u00f6el\u00e4m\u00e4ss\u00e4. Tutkinto suoritetaan p\u00e4\u00e4s\u00e4\u00e4nt\u00f6isesti oppisopimuskoulutuksena tai ty\u00f6n ohessa. My\u00f6s yksitt\u00e4isten tutkinnon osien suorittaminen on mahdollista.<\/p>\n\n\n\n<p class=\"is-style-default\">Ammattitutkintoihin haetaan jatkuvassa haussa. Katso hakuajat kunkin tutkinnon kohdalta ja tutustu hakuohjeisiin.<\/p>\n\n\n\n<p><\/p>\n","protected":false},"excerpt":{"rendered":"<p>T\u00e4ydenn\u00e4 osaamistasi ammattitutkinnolla Ammattitutkinto on ammatillinen tutkinto, jossa osoitetaan ty\u00f6el\u00e4m\u00e4n tarpeiden mukaisesti kohdennettua ammattitaitoa. Ammattitutkinto on tarkoitettu sinulle, jos olet [&hellip;]<\/p>\n","protected":false},"author":1,"featured_media":0,"parent":11,"menu_order":2,"comment_status":"closed","ping_status":"closed","template":"template-degrees.php","meta":{"_acf_changed":false,"_relevanssi_hide_post":"","_relevanssi_hide_content":"","_relevanssi_pin_for_all":"","_relevanssi_pin_keywords":"","_relevanssi_unpin_keywords":"","_relevanssi_related_keywords":"","_relevanssi_related_include_ids":"","_relevanssi_related_exclude_ids":"","_relevanssi_related_no_append":"","_relevanssi_related_not_related":"","_relevanssi_related_posts":"40171,516,19,134,142,1146","_relevanssi_noindex_reason":"","footnotes":""},"class_list":["post-17","page","type-page","status-publish","hentry"],"acf":[],"yoast_head":"<title>Ammattitutkinnot | Ammattiopisto Tavastia | Ammatilliset tutkinnot<\/title>\n<meta name=\"description\" content=\"Ammattiopisto Tavastian j\u00e4rjest\u00e4m\u00e4t ammattitutkinnot l\u00f6yd\u00e4t t\u00e4\u00e4lt\u00e4. Ammattitutkinto osoittaa osaamisesi, hae opiskelemaan ammattitutkintoa!\" \/>\n<meta name=\"robots\" content=\"index, follow, max-snippet:-1, max-image-preview:large, max-video-preview:-1\" \/>\n<link rel=\"canonical\" href=\"https:\/\/www.kktavastia.fi\/ammattiopisto\/tutkinnot\/ammattitutkinnot\/\" \/>\n<meta property=\"og:locale\" content=\"fi_FI\" \/>\n<meta property=\"og:type\" content=\"article\" \/>\n<meta property=\"og:title\" content=\"Ammattitutkinnot | Ammattiopisto Tavastia | Ammatilliset tutkinnot\" \/>\n<meta property=\"og:description\" content=\"Ammattiopisto Tavastian j\u00e4rjest\u00e4m\u00e4t ammattitutkinnot l\u00f6yd\u00e4t t\u00e4\u00e4lt\u00e4. Ammattitutkinto osoittaa osaamisesi, hae opiskelemaan ammattitutkintoa!\" \/>\n<meta property=\"og:url\" content=\"https:\/\/www.kktavastia.fi\/ammattiopisto\/tutkinnot\/ammattitutkinnot\/\" \/>\n<meta property=\"og:site_name\" content=\"Ammattiopisto Tavastia\" \/>\n<meta property=\"article:modified_time\" content=\"2025-04-22T11:17:03+00:00\" \/>\n<meta name=\"twitter:card\" content=\"summary_large_image\" \/>\n<script type=\"application\/ld+json\" class=\"yoast-schema-graph\">{\"@context\":\"https:\\\/\\\/schema.org\",\"@graph\":[{\"@type\":\"WebPage\",\"@id\":\"https:\\\/\\\/www.kktavastia.fi\\\/ammattiopisto\\\/tutkinnot\\\/ammattitutkinnot\\\/\",\"url\":\"https:\\\/\\\/www.kktavastia.fi\\\/ammattiopisto\\\/tutkinnot\\\/ammattitutkinnot\\\/\",\"name\":\"Ammattitutkinnot | Ammattiopisto Tavastia | Ammatilliset tutkinnot\",\"isPartOf\":{\"@id\":\"https:\\\/\\\/www.kktavastia.fi\\\/ammattiopisto\\\/#website\"},\"datePublished\":\"2020-11-20T09:20:13+00:00\",\"dateModified\":\"2025-04-22T11:17:03+00:00\",\"description\":\"Ammattiopisto Tavastian j\u00e4rjest\u00e4m\u00e4t ammattitutkinnot l\u00f6yd\u00e4t t\u00e4\u00e4lt\u00e4. Ammattitutkinto osoittaa osaamisesi, hae opiskelemaan ammattitutkintoa!\",\"breadcrumb\":{\"@id\":\"https:\\\/\\\/www.kktavastia.fi\\\/ammattiopisto\\\/tutkinnot\\\/ammattitutkinnot\\\/#breadcrumb\"},\"inLanguage\":\"fi\",\"potentialAction\":[{\"@type\":\"ReadAction\",\"target\":[\"https:\\\/\\\/www.kktavastia.fi\\\/ammattiopisto\\\/tutkinnot\\\/ammattitutkinnot\\\/\"]}]},{\"@type\":\"BreadcrumbList\",\"@id\":\"https:\\\/\\\/www.kktavastia.fi\\\/ammattiopisto\\\/tutkinnot\\\/ammattitutkinnot\\\/#breadcrumb\",\"itemListElement\":[{\"@type\":\"ListItem\",\"position\":1,\"name\":\"Home\",\"item\":\"https:\\\/\\\/www.kktavastia.fi\\\/ammattiopisto\\\/\"},{\"@type\":\"ListItem\",\"position\":2,\"name\":\"Tutkinnot ja koulutukset\",\"item\":\"https:\\\/\\\/www.kktavastia.fi\\\/ammattiopisto\\\/tutkinnot\\\/\"},{\"@type\":\"ListItem\",\"position\":3,\"name\":\"Ammattitutkinnot\"}]},{\"@type\":\"WebSite\",\"@id\":\"https:\\\/\\\/www.kktavastia.fi\\\/ammattiopisto\\\/#website\",\"url\":\"https:\\\/\\\/www.kktavastia.fi\\\/ammattiopisto\\\/\",\"name\":\"Ammattiopisto Tavastia\",\"description\":\"\",\"potentialAction\":[{\"@type\":\"SearchAction\",\"target\":{\"@type\":\"EntryPoint\",\"urlTemplate\":\"https:\\\/\\\/www.kktavastia.fi\\\/ammattiopisto\\\/?s={search_term_string}\"},\"query-input\":{\"@type\":\"PropertyValueSpecification\",\"valueRequired\":true,\"valueName\":\"search_term_string\"}}],\"inLanguage\":\"fi\"}]}<\/script>","yoast_head_json":{"title":"Ammattitutkinnot | Ammattiopisto Tavastia | Ammatilliset tutkinnot","description":"Ammattiopisto Tavastian j\u00e4rjest\u00e4m\u00e4t ammattitutkinnot l\u00f6yd\u00e4t t\u00e4\u00e4lt\u00e4. Ammattitutkinto osoittaa osaamisesi, hae opiskelemaan ammattitutkintoa!","robots":{"index":"index","follow":"follow","max-snippet":"max-snippet:-1","max-image-preview":"max-image-preview:large","max-video-preview":"max-video-preview:-1"},"canonical":"https:\/\/www.kktavastia.fi\/ammattiopisto\/tutkinnot\/ammattitutkinnot\/","og_locale":"fi_FI","og_type":"article","og_title":"Ammattitutkinnot | Ammattiopisto Tavastia | Ammatilliset tutkinnot","og_description":"Ammattiopisto Tavastian j\u00e4rjest\u00e4m\u00e4t ammattitutkinnot l\u00f6yd\u00e4t t\u00e4\u00e4lt\u00e4. Ammattitutkinto osoittaa osaamisesi, hae opiskelemaan ammattitutkintoa!","og_url":"https:\/\/www.kktavastia.fi\/ammattiopisto\/tutkinnot\/ammattitutkinnot\/","og_site_name":"Ammattiopisto Tavastia","article_modified_time":"2025-04-22T11:17:03+00:00","twitter_card":"summary_large_image","schema":{"@context":"https:\/\/schema.org","@graph":[{"@type":"WebPage","@id":"https:\/\/www.kktavastia.fi\/ammattiopisto\/tutkinnot\/ammattitutkinnot\/","url":"https:\/\/www.kktavastia.fi\/ammattiopisto\/tutkinnot\/ammattitutkinnot\/","name":"Ammattitutkinnot | Ammattiopisto Tavastia | Ammatilliset tutkinnot","isPartOf":{"@id":"https:\/\/www.kktavastia.fi\/ammattiopisto\/#website"},"datePublished":"2020-11-20T09:20:13+00:00","dateModified":"2025-04-22T11:17:03+00:00","description":"Ammattiopisto Tavastian j\u00e4rjest\u00e4m\u00e4t ammattitutkinnot l\u00f6yd\u00e4t t\u00e4\u00e4lt\u00e4. Ammattitutkinto osoittaa osaamisesi, hae opiskelemaan ammattitutkintoa!","breadcrumb":{"@id":"https:\/\/www.kktavastia.fi\/ammattiopisto\/tutkinnot\/ammattitutkinnot\/#breadcrumb"},"inLanguage":"fi","potentialAction":[{"@type":"ReadAction","target":["https:\/\/www.kktavastia.fi\/ammattiopisto\/tutkinnot\/ammattitutkinnot\/"]}]},{"@type":"BreadcrumbList","@id":"https:\/\/www.kktavastia.fi\/ammattiopisto\/tutkinnot\/ammattitutkinnot\/#breadcrumb","itemListElement":[{"@type":"ListItem","position":1,"name":"Home","item":"https:\/\/www.kktavastia.fi\/ammattiopisto\/"},{"@type":"ListItem","position":2,"name":"Tutkinnot ja koulutukset","item":"https:\/\/www.kktavastia.fi\/ammattiopisto\/tutkinnot\/"},{"@type":"ListItem","position":3,"name":"Ammattitutkinnot"}]},{"@type":"WebSite","@id":"https:\/\/www.kktavastia.fi\/ammattiopisto\/#website","url":"https:\/\/www.kktavastia.fi\/ammattiopisto\/","name":"Ammattiopisto Tavastia","description":"","potentialAction":[{"@type":"SearchAction","target":{"@type":"EntryPoint","urlTemplate":"https:\/\/www.kktavastia.fi\/ammattiopisto\/?s={search_term_string}"},"query-input":{"@type":"PropertyValueSpecification","valueRequired":true,"valueName":"search_term_string"}}],"inLanguage":"fi"}]}},"_links":{"self":[{"href":"https:\/\/www.kktavastia.fi\/ammattiopisto\/wp-json\/wp\/v2\/pages\/17","targetHints":{"allow":["GET"]}}],"collection":[{"href":"https:\/\/www.kktavastia.fi\/ammattiopisto\/wp-json\/wp\/v2\/pages"}],"about":[{"href":"https:\/\/www.kktavastia.fi\/ammattiopisto\/wp-json\/wp\/v2\/types\/page"}],"author":[{"embeddable":true,"href":"https:\/\/www.kktavastia.fi\/ammattiopisto\/wp-json\/wp\/v2\/users\/1"}],"replies":[{"embeddable":true,"href":"https:\/\/www.kktavastia.fi\/ammattiopisto\/wp-json\/wp\/v2\/comments?post=17"}],"version-history":[{"count":18,"href":"https:\/\/www.kktavastia.fi\/ammattiopisto\/wp-json\/wp\/v2\/pages\/17\/revisions"}],"predecessor-version":[{"id":91909,"href":"https:\/\/www.kktavastia.fi\/ammattiopisto\/wp-json\/wp\/v2\/pages\/17\/revisions\/91909"}],"up":[{"embeddable":true,"href":"https:\/\/www.kktavastia.fi\/ammattiopisto\/wp-json\/wp\/v2\/pages\/11"}],"wp:attachment":[{"href":"https:\/\/www.kktavastia.fi\/ammattiopisto\/wp-json\/wp\/v2\/media?parent=17"}],"curies":[{"name":"wp","href":"https:\/\/api.w.org\/{rel}","templated":true}]}}