{"id":15408,"date":"2023-06-15T08:00:00","date_gmt":"2023-06-15T05:00:00","guid":{"rendered":"https:\/\/www.kktavastia.fi\/ammattiopisto\/?page_id=15408"},"modified":"2026-04-17T09:23:56","modified_gmt":"2026-04-17T06:23:56","slug":"uudelle-opiskelijalle","status":"publish","type":"page","link":"https:\/\/www.kktavastia.fi\/ammattiopisto\/opiskelijalle\/uudelle-opiskelijalle\/","title":{"rendered":"Uudelle opiskelijalle"},"content":{"rendered":"\n<p class=\"is-style-ingress\">Onnea opiskelupaikasta ja tervetuloa aloittamaan opinnot Ammattiopisto Tavastiassa! Olet tehnyt hyv\u00e4n valinnan ja tuemme sinua matkallasi kohti ty\u00f6el\u00e4m\u00e4\u00e4 ja ammattilaiseksi kasvamista. T\u00e4\u00e4lt\u00e4 l\u00f6yd\u00e4t t\u00e4rke\u00e4\u00e4 tietoa opintojen alkaessa.<\/p>\n\n\n\n<h3 class=\"wp-block-heading\">Opiskelun aloittaminen<\/h3>\n\n\n\n<p>Opiskelupaikka on vastaanotettava m\u00e4\u00e4r\u00e4p\u00e4iv\u00e4\u00e4n 25.6.2026 menness\u00e4. Opinnot alkavat&nbsp;<strong>keskiviikkona 5.8.2026 klo 10.00.<\/strong>&nbsp;<strong>Valittujen opiskelijoiden s\u00e4hk\u00f6postiin l\u00e4hetet\u00e4\u00e4n 11.6.2026 p\u00e4\u00e4t\u00f6s opiskelijavalinnasta<\/strong>&nbsp;ja tarkemmat tiedot opiskelupaikan vastaanottamisesta ja opintojen aloittamisesta.<\/p>\n\n\n\n<h3 class=\"wp-block-heading\">Opiskelija-asuntolapaikan hakeminen<\/h3>\n\n\n\n<p>Ammattiopisto Tavastialla on asuntolapaikkoja Kauratiell\u00e4 ja Punaportilla aivan kampusalueen kupeessa.\u00a0 Lue lis\u00e4\u00e4 Tavastian <a href=\"https:\/\/www.kktavastia.fi\/ammattiopisto\/hakijalle\/yhteishaku\/opiskelija-asuntola\/\">asuntolasta<\/a>. <\/p>\n\n\n\n<p>Asuntolaan valitaan ensisijaisesti oppivelvollisia, joiden p\u00e4ivitt\u00e4inen kulkeminen kotoa oppilaitokseen ei ole mahdollista. Asuntolapaikka my\u00f6nnet\u00e4\u00e4n korkeintaan lukuvuodeksi kerrallaan.\u00a0Voit hakea asuntolapaikkaa, kun olet saanut opiskelupaikan Ammattiopisto Tavastian ammatillisesta perustutkinnosta tai TUVA-koulutuksesta. Tee asuntolahakemus <a href=\"https:\/\/link.webropol.com\/s\/asuntola2026\">t\u00e4m\u00e4n linkin kautta<\/a>.<\/p>\n\n\n\n<p>Ensimm\u00e4iset asuntolaan valinnat tehd\u00e4\u00e4n hakemuksille, jotka ovat saapuneet viimeist\u00e4\u00e4n to 2.7.2026 klo 9.00 menness\u00e4. Tieto asuntolapaikasta l\u00e4hetet\u00e4\u00e4n s\u00e4hk\u00f6postitse asuntolaan valituille viimeist\u00e4\u00e4n pe 3.7.2026. Mik\u00e4li asuntolapaikkaa ei voida my\u00f6nt\u00e4\u00e4, tieto siit\u00e4 tulee s\u00e4hk\u00f6postitse viimeist\u00e4\u00e4n pe 3.7.2026. Tuolloin voit ilmoittaa, jos haluat j\u00e4\u00e4d\u00e4 jonottamaan paikkoja.<\/p>\n\n\n\n<p>Jos haet asuntolapaikkaa edell\u00e4 mainitun ajankohdan j\u00e4lkeen, toiset valinnat asuntolaan tehd\u00e4\u00e4n viikolla 31 ja tieto asuntolapaikasta l\u00e4hetet\u00e4\u00e4n s\u00e4hk\u00f6postitse viimeist\u00e4\u00e4n to 30.7.2026.<\/p>\n\n\n\n<h3 class=\"wp-block-heading\">Opiskelupolut<\/h3>\n\n\n\n<p>Perustutkintoa opiskeleville on tarjolla erilaisia polkuja, joita voi valita opiskelun aikana. Kaikki polkuvaihtoehdot on esitelty <a href=\"https:\/\/www.kktavastia.fi\/ammattiopisto\/opiskelijalle\/opiskelu\/hoks-ja-opiskelupolut\/\">HOKS ja opiskelupolut -sivulla<\/a>. Kaksoistutkinto- ja kilpaurheilupolut valitaan heti opintojen alussa.<\/p>\n\n\n\n<p><strong>Kaksoistutkintopolku: <\/strong>Haluatko suorittaa ammatillisen perustutkinnon lis\u00e4ksi my\u00f6s ylioppilastutkinnon? Kaksoistutkintoon voi hakea, kun on ensin valittu yhteishaussa johonkin niist\u00e4 Ammattiopisto Tavastian perustutkinnoista, joissa kaksoistutkinnon suorittaminen on mahdollista. <a href=\"https:\/\/www.kktavastia.fi\/ammattiopisto\/hakijalle\/yhteishaku\/kaksoistutkinto\/\">Lue lis\u00e4\u00e4 ja katso perustutkinnot<\/a>, joiden yhteydess\u00e4 voi opiskella samalla ylioppilaaksi. <a href=\"https:\/\/link.webropol.com\/s\/kaksoistutkinto2025\">T\u00e4yt\u00e4 hakemus kaksoistutkinnon suorittamisesta<\/a> ja lue lis\u00e4\u00e4 <a href=\"https:\/\/www.kktavastia.fi\/ammattiopisto\/opiskelijalle\/opiskelu\/hoks-ja-opiskelupolut\/\">HOKS ja opiskelupolut -sivulta<\/a>.<\/p>\n\n\n\n<p><strong>Kilpaurheilupolku, Urheiluakatemia Tavastia:<\/strong> Jos harrastat urheilua tavoitteellisesti, on sinulla mahdollisuus hakeutua ammattiopiston kilpaurheilupolulle, jota koordinoi Urheiluakatemia Tavastia. Urheiluakatemian tavoitteena on tukea urheilijoiden kaksoisuraa eli opiskelun ja urheilun laadukasta ja kest\u00e4v\u00e4\u00e4 yhteensovittamista. Urheiluakatemian j\u00e4senen\u00e4 p\u00e4\u00e4set osallistumaan ohjattuun aamuvalmennukseen kolme kertaa viikossa ja hy\u00f6dynt\u00e4m\u00e4\u00e4n muita urheiluakatemian asiantuntijoita tavoitteellisen urheilu-uran edist\u00e4miseksi. Jos olet kiinnostunut kilpaurheilupolusta t\u00e4yt\u00e4 hakemus <a href=\"https:\/\/link.webropolsurveys.com\/S\/6C9D4245D784065D\">t\u00e4m\u00e4n linkin kautta<\/a> ja lue lis\u00e4\u00e4 <a href=\"https:\/\/www.kktavastia.fi\/ammattiopisto\/opiskelijalle\/opiskelu\/hoks-ja-opiskelupolut\/\">HOKS ja opiskelupolut -sivulta<\/a>.<\/p>\n\n\n\n<p>Lis\u00e4tietoja: Urheiluakatemia Tavastian koordinaattori Olli-Pekka Hakala, <a href=\"mailto:olli-pekka.hakala@kktavastia.fi\">olli-pekka.hakala@kktavastia.fi<\/a>, puh. 050&nbsp;596 9901<\/p>\n\n\n\n<h3 class=\"wp-block-heading\">Wilma on virallinen tiedotuskanavamme<\/h3>\n\n\n\n<p>Wilma on virallinen tiedotuskanavamme, joten ota se k\u00e4ytt\u00f6\u00f6si heti opiskelun alkaessa. On t\u00e4rke\u00e4\u00e4, ett\u00e4 my\u00f6s huoltajasi liittyv\u00e4t Wilmaan. <a href=\"https:\/\/kktavastia.tweb.fi\/3\/174156\">Huoltajan Wilma<\/a> (tunnusten luominen ja k\u00e4ytt\u00f6)<\/p>\n\n\n\n<h3 class=\"wp-block-heading\">Erityisruokavaliot<\/h3>\n\n\n\n<p>P\u00e4ivitt\u00e4inen maksuton aamupuuro ja lounas ja kuuluvat perustutkintoa, TUVA-koulutusta tai aikuisten perusopetusta opiskeleville. Lis\u00e4\u00e4 tietoa ruokailusta l\u00f6yd\u00e4t <a href=\"https:\/\/www.kktavastia.fi\/ammattiopisto\/opiskelijalle\/opiskelu\/opiskeluarki\/\">Opiskeluarki-sivulta<\/a>. Erityisruokavaliosta voit ilmoittaa <a href=\"https:\/\/link.webropol.com\/s\/erityisruokavalio2025\">t\u00e4ll\u00e4 lomakkeella<\/a>.<\/p>\n\n\n\n<h3 class=\"wp-block-heading\">Koulumatkatuki<\/h3>\n\n\n\n<p>Maksuttomaan koulutukseen oikeutetut opiskelijat (oppivelvolliset) voivat hakea koulumatkatukea, jos yhdensuuntaisen koulumatkan pituus opiskelijan asunnolta oppilaitokseen on <strong>v\u00e4hint\u00e4\u00e4n 7 kilometri\u00e4<\/strong>. Oppivelvollisia ovat alle 18-vuotiaat, joilla ei ole viel\u00e4 toisen asteen tutkintoa. Lis\u00e4\u00e4 tietoa koulumatkatuesta <a href=\"https:\/\/www.kela.fi\/koulumatkatuki\" target=\"_blank\" rel=\"noreferrer noopener\">l\u00f6yd\u00e4t Kelan sivuilta.<\/a><\/p>\n\n\n\n<p>Halutessasi voit tehd\u00e4 koulumatkatukihakemuksen jo ennen opintojen alkamista. Koulumatkatukea haetaan verkkohakemuksella OmaKelassa, <a href=\"http:\/\/www.kela.fi\/omakela\" target=\"_blank\" rel=\"noreferrer noopener\">www.kela.fi\/omakela<\/a>. Jotta voit kirjautua OmaKelaan ja hakea tukea, tarvitset omat verkkopankkitunnukset tai mobiilivarmenteen. Lis\u00e4tietoa ja neuvoa voit tarvittaessa kysy\u00e4 <a href=\"mailto:opintotoimisto@kktavastia.fi\">opintotoimisto@kktavastia.fi<\/a>.&nbsp;<\/p>\n\n\n\n<p><strong>Waltti-liikenteess\u00e4<\/strong>&nbsp;ostoluvan my\u00f6nt\u00e4\u00e4 KELA matkatukihakemuksen perusteella. Opiskelija voi halutessaan tilata Waltti-kortin ja ostaa lipputuotteen Waltti-verkkokaupasta (vaatii vahvan tunnistautumisen esim. verkkopankkitunnuksia k\u00e4ytt\u00e4en). <a href=\"https:\/\/kktavastia.tweb.fi\/3\/190945\">Katso lis\u00e4tietoa ja ohje Waltti-kortista<\/a>.<\/p>\n\n\n\n<h3 class=\"wp-block-heading\">Opintotuki<\/h3>\n\n\n\n<p>Opintotuki koostuu opintorahasta, opintolainasta ja opintotuen asumislis\u00e4st\u00e4.<strong> <\/strong>Opintorahaa voi saada aikaisintaan 17 vuotta t\u00e4ytetty\u00e4\u00e4n. Opintorahan m\u00e4\u00e4r\u00e4\u00e4n vaikuttaa mm. ik\u00e4si, asutko itsen\u00e4isesti, oletko avioliitossa tai onko sinulla lapsia. Voit selvitt\u00e4\u00e4 etuk\u00e4teen opintotuen m\u00e4\u00e4r\u00e4n Kelan laskurin avulla: <a href=\"https:\/\/laskurit.kela.fi\/opintotuen-laskuri\">https:\/\/laskurit.kela.fi\/opintotuen-laskuri<\/a><\/p>\n\n\n\n<p>Opintotukihakemuksen voit t\u00e4ytt\u00e4\u00e4 verkossa OmaKela asiointipalvelussa, jos sinulla on verkkopankkitunnukset tai mobiilivarmenne. Hakemuksia saat my\u00f6s netist\u00e4 Kelan sivuilta, <a href=\"http:\/\/www.kela.fi\/lomakkeet\">www.kela.fi\/lomakkeet<\/a>.    Opintotukihakemuksen voit palauttaa my\u00f6s opintotoimistoon, mutta k\u00e4sittelyaika on t\u00e4ll\u00f6in pidempi. Kela ei en\u00e4\u00e4 pyyd\u00e4 p\u00e4\u00e4s\u00e4\u00e4nt\u00f6isesti liitteeksi todistusta opiskelupaikasta.<\/p>\n\n\n\n<p>Opiskelijan ensisijainen asumisen tukimuoto on opintotuen asumislis\u00e4. Voit saada asumislis\u00e4\u00e4, jos asut vuokralla tai asumisoikeusasunnossa ja sinulla on oikeus opintotukeen. Asumislis\u00e4\u00e4 maksetaan opiskelukuukausilta, ja siin\u00e4 on sama vuosituloraja kuin opintotuessa. Asumislis\u00e4n m\u00e4\u00e4r\u00e4 on enint\u00e4\u00e4n&nbsp;80 %&nbsp;vuokrasta tai asumisoikeusasunnon k\u00e4ytt\u00f6vastikkeesta.<\/p>\n\n\n\n<h3 class=\"wp-block-heading\">Opiskelun tukitoimet<\/h3>\n\n\n\n<p>Opiskelijoille tarjotaan yksil\u00f6llist\u00e4 tukea opiskelun aikana. Tukitarvetta selvitet\u00e4\u00e4n opiskelun alussa mm. l\u00e4ht\u00f6tasotesteill\u00e4, itsearviointikyselyll\u00e4 sek\u00e4 aikaisempien tukitoimien perusteella.&nbsp; Oppimiseen ja opiskeluvalmiuksiin annetaan ohjausta ja tukea esimerkiksi erilaisissa tukipajoissa. Tarvittaessa opiskelijalle tehd\u00e4\u00e4n erityisen tuen p\u00e4\u00e4t\u00f6s ja suunnitelma, jolloin tuki on pitk\u00e4aikaista ja s\u00e4\u00e4nn\u00f6llist\u00e4.&nbsp;&nbsp;<\/p>\n\n\n\n<p>Oppimisen tukeen liittyviss\u00e4 asioissa voit ottaa yhteytt\u00e4&nbsp;oppimisen tuen koordinaattori Elina Jalliin, puh. 050 4437 978.<\/p>\n\n\n\n<h3 class=\"wp-block-heading\">Opiskelijakortti<\/h3>\n\n\n\n<p>P\u00e4\u00e4toimisesti opiskelevat tutkinto-opiskelijat voivat saada Frankin maksuttoman digitaalisen opiskelijakortin. Frankin digitaalinen opiskelijakortti toimii virallisena opiskelijatunnisteena ja antaa oikeuden kaikkiin Matkahuollon ja VR:n opiskelija-alennuksiin. Lue opiskelijakorteista lis\u00e4\u00e4 <a href=\"https:\/\/www.kktavastia.fi\/ammattiopisto\/opiskelijalle\/opiskelu\/opiskelijakortti\/\">Opiskelijakortti-sivulta<\/a>.<\/p>\n\n\n\n<h3 class=\"wp-block-heading\">Kotiv\u00e4elle<\/h3>\n\n\n\n<p>Huoltajille j\u00e4rjestet\u00e4\u00e4n heti alkusyksyst\u00e4 kotiv\u00e4enillat. Tietoa kotiv\u00e4enilloista ja muista tapahtumista lis\u00e4\u00e4 tietoa <a href=\"https:\/\/www.kktavastia.fi\/ammattiopisto\/opiskelijalle\/kotivaelle\/\">Kotiv\u00e4elle-nettisivulta<\/a>. <\/p>\n\n\n\n<h3 class=\"wp-block-heading\">Lis\u00e4tietoa<\/h3>\n\n\n\n<p><strong>Ammattiopisto Tavastian Ohjauspiste<\/strong>: palvelee puhelimitse, s\u00e4hk\u00f6postilla ja ajanvarauksella. Aikoja voi varata uraohjaajalle ja opinto-ohjaajalle. Puh. 03 6581 500, s\u00e4hk\u00f6posti <a href=\"mailto:ohjauspiste@kktavastia.fi\">ohjauspiste@kktavastia.fi<\/a>. <a href=\"https:\/\/outlook.office.com\/book\/Tavastianhakeutumisneuvonta@livekktavastia.onmicrosoft.com\/?ismsaljsauthenabled\">Ajanvaraukseen p\u00e4\u00e4set t\u00e4\u00e4lt\u00e4<\/a>.<\/p>\n\n\n\n<p><strong>Opintotoimisto<\/strong>: puh. 03 6581 900, s\u00e4hk\u00f6posti <a href=\"mailto:opintotoimisto@kktavastia.fi\">opintotoimisto@kktavastia.fi<\/a><\/p>\n\n\n\n<section class=\"block block-image-content-upsell right-image\">\n  <div class=\"container\">\n\n    <div class=\"cols\">\n      <div class=\"col col-content\">\n        <div class=\"content content-dark\">\n          <h3>Sanasto<\/h3>\n          <p>Ammatilliseen koulutukseen liittyy paljon uusia termej\u00e4 ja lyhenteit\u00e4. Olemme koonneet avuksesi sanaston, jolla p\u00e4\u00e4set alkuun.<\/p>\n                      <a href=\"https:\/\/kktavastia.tweb.fi\/3\/221055\" class=\"button button-light\">Klikkaa t\u00e4st\u00e4 sanastoon<svg xmlns=\"http:\/\/www.w3.org\/2000\/svg\" width=\"23\" height=\"8\" viewBox=\"0 0 23 8\"><path d=\"M1 3.818h21.23m0 0L19.153.764m3.077 3.054l-3.077 3.055\" stroke=\"currentColor\" stroke-width=\"1.5\" fill=\"none\" fill-rule=\"evenodd\" stroke-linecap=\"round\" stroke-linejoin=\"round\"\/><\/svg>\n<\/a>\n                  <\/div>\n      <\/div>\n\n      <div class=\"col col-image\">\n            <div class=\"lazy\"\n      data-bg=\"https:\/\/www.kktavastia.fi\/media\/sites\/2\/sanapilvi.png\"\n          >\n    <\/div>\n\n          <\/div>\n    <\/div>\n\n  <\/div>\n<\/section>\n\n\n\n<h4 class=\"wp-block-heading\">Tervetuloa tavastialaiseksi!<\/h4>\n\n\n\n<p>__________________________________<\/p>\n\n\n\n<h4 class=\"wp-block-heading\">Ota seurantaan Ammattiopisto Tavastian somekanavat. <\/h4>\n\n\n\n<ul class=\"wp-block-social-links is-layout-flex wp-block-social-links-is-layout-flex\"><li class=\"wp-social-link wp-social-link-instagram  wp-block-social-link\"><a href=\"https:\/\/www.instagram.com\/ammattiopistotavastia\/?hl=fi\" class=\"wp-block-social-link-anchor\"><svg width=\"24\" height=\"24\" viewBox=\"0 0 24 24\" version=\"1.1\" xmlns=\"http:\/\/www.w3.org\/2000\/svg\" aria-hidden=\"true\" focusable=\"false\"><path d=\"M12,4.622c2.403,0,2.688,0.009,3.637,0.052c0.877,0.04,1.354,0.187,1.671,0.31c0.42,0.163,0.72,0.358,1.035,0.673 c0.315,0.315,0.51,0.615,0.673,1.035c0.123,0.317,0.27,0.794,0.31,1.671c0.043,0.949,0.052,1.234,0.052,3.637 s-0.009,2.688-0.052,3.637c-0.04,0.877-0.187,1.354-0.31,1.671c-0.163,0.42-0.358,0.72-0.673,1.035 c-0.315,0.315-0.615,0.51-1.035,0.673c-0.317,0.123-0.794,0.27-1.671,0.31c-0.949,0.043-1.233,0.052-3.637,0.052 s-2.688-0.009-3.637-0.052c-0.877-0.04-1.354-0.187-1.671-0.31c-0.42-0.163-0.72-0.358-1.035-0.673 c-0.315-0.315-0.51-0.615-0.673-1.035c-0.123-0.317-0.27-0.794-0.31-1.671C4.631,14.688,4.622,14.403,4.622,12 s0.009-2.688,0.052-3.637c0.04-0.877,0.187-1.354,0.31-1.671c0.163-0.42,0.358-0.72,0.673-1.035 c0.315-0.315,0.615-0.51,1.035-0.673c0.317-0.123,0.794-0.27,1.671-0.31C9.312,4.631,9.597,4.622,12,4.622 M12,3 C9.556,3,9.249,3.01,8.289,3.054C7.331,3.098,6.677,3.25,6.105,3.472C5.513,3.702,5.011,4.01,4.511,4.511 c-0.5,0.5-0.808,1.002-1.038,1.594C3.25,6.677,3.098,7.331,3.054,8.289C3.01,9.249,3,9.556,3,12c0,2.444,0.01,2.751,0.054,3.711 c0.044,0.958,0.196,1.612,0.418,2.185c0.23,0.592,0.538,1.094,1.038,1.594c0.5,0.5,1.002,0.808,1.594,1.038 c0.572,0.222,1.227,0.375,2.185,0.418C9.249,20.99,9.556,21,12,21s2.751-0.01,3.711-0.054c0.958-0.044,1.612-0.196,2.185-0.418 c0.592-0.23,1.094-0.538,1.594-1.038c0.5-0.5,0.808-1.002,1.038-1.594c0.222-0.572,0.375-1.227,0.418-2.185 C20.99,14.751,21,14.444,21,12s-0.01-2.751-0.054-3.711c-0.044-0.958-0.196-1.612-0.418-2.185c-0.23-0.592-0.538-1.094-1.038-1.594 c-0.5-0.5-1.002-0.808-1.594-1.038c-0.572-0.222-1.227-0.375-2.185-0.418C14.751,3.01,14.444,3,12,3L12,3z M12,7.378 c-2.552,0-4.622,2.069-4.622,4.622S9.448,16.622,12,16.622s4.622-2.069,4.622-4.622S14.552,7.378,12,7.378z M12,15 c-1.657,0-3-1.343-3-3s1.343-3,3-3s3,1.343,3,3S13.657,15,12,15z M16.804,6.116c-0.596,0-1.08,0.484-1.08,1.08 s0.484,1.08,1.08,1.08c0.596,0,1.08-0.484,1.08-1.08S17.401,6.116,16.804,6.116z\"><\/path><\/svg><span class=\"wp-block-social-link-label screen-reader-text\">Instagram<\/span><\/a><\/li>\n\n<li class=\"wp-social-link wp-social-link-linkedin  wp-block-social-link\"><a href=\"https:\/\/www.linkedin.com\/company\/ammattiopisto-tavastia\/?viewAsMember=true\" class=\"wp-block-social-link-anchor\"><svg width=\"24\" height=\"24\" viewBox=\"0 0 24 24\" version=\"1.1\" xmlns=\"http:\/\/www.w3.org\/2000\/svg\" aria-hidden=\"true\" focusable=\"false\"><path d=\"M19.7,3H4.3C3.582,3,3,3.582,3,4.3v15.4C3,20.418,3.582,21,4.3,21h15.4c0.718,0,1.3-0.582,1.3-1.3V4.3 C21,3.582,20.418,3,19.7,3z M8.339,18.338H5.667v-8.59h2.672V18.338z M7.004,8.574c-0.857,0-1.549-0.694-1.549-1.548 c0-0.855,0.691-1.548,1.549-1.548c0.854,0,1.547,0.694,1.547,1.548C8.551,7.881,7.858,8.574,7.004,8.574z M18.339,18.338h-2.669 v-4.177c0-0.996-0.017-2.278-1.387-2.278c-1.389,0-1.601,1.086-1.601,2.206v4.249h-2.667v-8.59h2.559v1.174h0.037 c0.356-0.675,1.227-1.387,2.526-1.387c2.703,0,3.203,1.779,3.203,4.092V18.338z\"><\/path><\/svg><span class=\"wp-block-social-link-label screen-reader-text\">LinkedIn<\/span><\/a><\/li>\n\n<li class=\"wp-social-link wp-social-link-youtube  wp-block-social-link\"><a href=\"https:\/\/www.youtube.com\/channel\/UC-JnOO-nseC3D9zLDHfFzhw\" class=\"wp-block-social-link-anchor\"><svg width=\"24\" height=\"24\" viewBox=\"0 0 24 24\" version=\"1.1\" xmlns=\"http:\/\/www.w3.org\/2000\/svg\" aria-hidden=\"true\" focusable=\"false\"><path d=\"M21.8,8.001c0,0-0.195-1.378-0.795-1.985c-0.76-0.797-1.613-0.801-2.004-0.847c-2.799-0.202-6.997-0.202-6.997-0.202 h-0.009c0,0-4.198,0-6.997,0.202C4.608,5.216,3.756,5.22,2.995,6.016C2.395,6.623,2.2,8.001,2.2,8.001S2,9.62,2,11.238v1.517 c0,1.618,0.2,3.237,0.2,3.237s0.195,1.378,0.795,1.985c0.761,0.797,1.76,0.771,2.205,0.855c1.6,0.153,6.8,0.201,6.8,0.201 s4.203-0.006,7.001-0.209c0.391-0.047,1.243-0.051,2.004-0.847c0.6-0.607,0.795-1.985,0.795-1.985s0.2-1.618,0.2-3.237v-1.517 C22,9.62,21.8,8.001,21.8,8.001z M9.935,14.594l-0.001-5.62l5.404,2.82L9.935,14.594z\"><\/path><\/svg><span class=\"wp-block-social-link-label screen-reader-text\">YouTube<\/span><\/a><\/li>\n\n<li class=\"wp-social-link wp-social-link-facebook  wp-block-social-link\"><a href=\"https:\/\/www.facebook.com\/ammattiopistotavastia\/\" class=\"wp-block-social-link-anchor\"><svg width=\"24\" height=\"24\" viewBox=\"0 0 24 24\" version=\"1.1\" xmlns=\"http:\/\/www.w3.org\/2000\/svg\" aria-hidden=\"true\" focusable=\"false\"><path d=\"M12 2C6.5 2 2 6.5 2 12c0 5 3.7 9.1 8.4 9.9v-7H7.9V12h2.5V9.8c0-2.5 1.5-3.9 3.8-3.9 1.1 0 2.2.2 2.2.2v2.5h-1.3c-1.2 0-1.6.8-1.6 1.6V12h2.8l-.4 2.9h-2.3v7C18.3 21.1 22 17 22 12c0-5.5-4.5-10-10-10z\"><\/path><\/svg><span class=\"wp-block-social-link-label screen-reader-text\">Facebook<\/span><\/a><\/li>\n\n<li class=\"wp-social-link wp-social-link-tiktok  wp-block-social-link\"><a href=\"https:\/\/www.tiktok.com\/@ammattiopisto.tav\" class=\"wp-block-social-link-anchor\"><svg width=\"24\" height=\"24\" viewBox=\"0 0 32 32\" version=\"1.1\" xmlns=\"http:\/\/www.w3.org\/2000\/svg\" aria-hidden=\"true\" focusable=\"false\"><path d=\"M16.708 0.027c1.745-0.027 3.48-0.011 5.213-0.027 0.105 2.041 0.839 4.12 2.333 5.563 1.491 1.479 3.6 2.156 5.652 2.385v5.369c-1.923-0.063-3.855-0.463-5.6-1.291-0.76-0.344-1.468-0.787-2.161-1.24-0.009 3.896 0.016 7.787-0.025 11.667-0.104 1.864-0.719 3.719-1.803 5.255-1.744 2.557-4.771 4.224-7.88 4.276-1.907 0.109-3.812-0.411-5.437-1.369-2.693-1.588-4.588-4.495-4.864-7.615-0.032-0.667-0.043-1.333-0.016-1.984 0.24-2.537 1.495-4.964 3.443-6.615 2.208-1.923 5.301-2.839 8.197-2.297 0.027 1.975-0.052 3.948-0.052 5.923-1.323-0.428-2.869-0.308-4.025 0.495-0.844 0.547-1.485 1.385-1.819 2.333-0.276 0.676-0.197 1.427-0.181 2.145 0.317 2.188 2.421 4.027 4.667 3.828 1.489-0.016 2.916-0.88 3.692-2.145 0.251-0.443 0.532-0.896 0.547-1.417 0.131-2.385 0.079-4.76 0.095-7.145 0.011-5.375-0.016-10.735 0.025-16.093z\" \/><\/svg><span class=\"wp-block-social-link-label screen-reader-text\">TikTok<\/span><\/a><\/li><\/ul>\n\n\n\n<p>#ammattiopistotavastia #kktavastia #tavastialainen<\/p>\n","protected":false},"excerpt":{"rendered":"<p>Onnea opiskelupaikasta ja tervetuloa aloittamaan opinnot Ammattiopisto Tavastiassa! Olet tehnyt hyv\u00e4n valinnan ja tuemme sinua matkallasi kohti ty\u00f6el\u00e4m\u00e4\u00e4 ja ammattilaiseksi [&hellip;]<\/p>\n","protected":false},"author":6,"featured_media":0,"parent":39205,"menu_order":1,"comment_status":"closed","ping_status":"closed","template":"","meta":{"_acf_changed":false,"_relevanssi_hide_post":"","_relevanssi_hide_content":"","_relevanssi_pin_for_all":"","_relevanssi_pin_keywords":"","_relevanssi_unpin_keywords":"","_relevanssi_related_keywords":"","_relevanssi_related_include_ids":"","_relevanssi_related_exclude_ids":"","_relevanssi_related_no_append":"","_relevanssi_related_not_related":"","_relevanssi_related_posts":"18445,39824,1146,39205,563,936","_relevanssi_noindex_reason":"","footnotes":""},"class_list":["post-15408","page","type-page","status-publish","hentry"],"acf":[],"yoast_head":"<title>Uudelle opiskelijalle | Ammattiopisto Tavastia | Tervetuloa Tavastiaan<\/title>\n<meta name=\"description\" content=\"Uudelle opiskelijalle Ammattiopisto Tavastiassa: t\u00e4\u00e4lt\u00e4 l\u00f6yd\u00e4t t\u00e4rke\u00e4\u00e4 tietoa opintojen alkuun.\" \/>\n<meta name=\"robots\" content=\"index, follow, max-snippet:-1, max-image-preview:large, max-video-preview:-1\" \/>\n<link rel=\"canonical\" href=\"https:\/\/www.kktavastia.fi\/ammattiopisto\/opiskelijalle\/uudelle-opiskelijalle\/\" \/>\n<meta property=\"og:locale\" content=\"fi_FI\" \/>\n<meta property=\"og:type\" content=\"article\" \/>\n<meta property=\"og:title\" content=\"Uudelle opiskelijalle | Ammattiopisto Tavastia | Tervetuloa Tavastiaan\" \/>\n<meta property=\"og:description\" content=\"Uudelle opiskelijalle Ammattiopisto Tavastiassa: t\u00e4\u00e4lt\u00e4 l\u00f6yd\u00e4t t\u00e4rke\u00e4\u00e4 tietoa opintojen alkuun.\" \/>\n<meta property=\"og:url\" content=\"https:\/\/www.kktavastia.fi\/ammattiopisto\/opiskelijalle\/uudelle-opiskelijalle\/\" \/>\n<meta property=\"og:site_name\" content=\"Ammattiopisto Tavastia\" \/>\n<meta property=\"article:modified_time\" content=\"2026-04-17T06:23:56+00:00\" \/>\n<meta name=\"twitter:card\" content=\"summary_large_image\" \/>\n<script type=\"application\/ld+json\" class=\"yoast-schema-graph\">{\"@context\":\"https:\\\/\\\/schema.org\",\"@graph\":[{\"@type\":\"WebPage\",\"@id\":\"https:\\\/\\\/www.kktavastia.fi\\\/ammattiopisto\\\/opiskelijalle\\\/uudelle-opiskelijalle\\\/\",\"url\":\"https:\\\/\\\/www.kktavastia.fi\\\/ammattiopisto\\\/opiskelijalle\\\/uudelle-opiskelijalle\\\/\",\"name\":\"Uudelle opiskelijalle | Ammattiopisto Tavastia | Tervetuloa Tavastiaan\",\"isPartOf\":{\"@id\":\"https:\\\/\\\/www.kktavastia.fi\\\/ammattiopisto\\\/#website\"},\"datePublished\":\"2023-06-15T05:00:00+00:00\",\"dateModified\":\"2026-04-17T06:23:56+00:00\",\"description\":\"Uudelle opiskelijalle Ammattiopisto Tavastiassa: t\u00e4\u00e4lt\u00e4 l\u00f6yd\u00e4t t\u00e4rke\u00e4\u00e4 tietoa opintojen alkuun.\",\"breadcrumb\":{\"@id\":\"https:\\\/\\\/www.kktavastia.fi\\\/ammattiopisto\\\/opiskelijalle\\\/uudelle-opiskelijalle\\\/#breadcrumb\"},\"inLanguage\":\"fi\",\"potentialAction\":[{\"@type\":\"ReadAction\",\"target\":[\"https:\\\/\\\/www.kktavastia.fi\\\/ammattiopisto\\\/opiskelijalle\\\/uudelle-opiskelijalle\\\/\"]}]},{\"@type\":\"BreadcrumbList\",\"@id\":\"https:\\\/\\\/www.kktavastia.fi\\\/ammattiopisto\\\/opiskelijalle\\\/uudelle-opiskelijalle\\\/#breadcrumb\",\"itemListElement\":[{\"@type\":\"ListItem\",\"position\":1,\"name\":\"Home\",\"item\":\"https:\\\/\\\/www.kktavastia.fi\\\/ammattiopisto\\\/\"},{\"@type\":\"ListItem\",\"position\":2,\"name\":\"Opiskelijalle\",\"item\":\"https:\\\/\\\/www.kktavastia.fi\\\/ammattiopisto\\\/opiskelijalle\\\/\"},{\"@type\":\"ListItem\",\"position\":3,\"name\":\"Uudelle opiskelijalle\"}]},{\"@type\":\"WebSite\",\"@id\":\"https:\\\/\\\/www.kktavastia.fi\\\/ammattiopisto\\\/#website\",\"url\":\"https:\\\/\\\/www.kktavastia.fi\\\/ammattiopisto\\\/\",\"name\":\"Ammattiopisto Tavastia\",\"description\":\"\",\"potentialAction\":[{\"@type\":\"SearchAction\",\"target\":{\"@type\":\"EntryPoint\",\"urlTemplate\":\"https:\\\/\\\/www.kktavastia.fi\\\/ammattiopisto\\\/?s={search_term_string}\"},\"query-input\":{\"@type\":\"PropertyValueSpecification\",\"valueRequired\":true,\"valueName\":\"search_term_string\"}}],\"inLanguage\":\"fi\"}]}<\/script>","yoast_head_json":{"title":"Uudelle opiskelijalle | Ammattiopisto Tavastia | Tervetuloa Tavastiaan","description":"Uudelle opiskelijalle Ammattiopisto Tavastiassa: t\u00e4\u00e4lt\u00e4 l\u00f6yd\u00e4t t\u00e4rke\u00e4\u00e4 tietoa opintojen alkuun.","robots":{"index":"index","follow":"follow","max-snippet":"max-snippet:-1","max-image-preview":"max-image-preview:large","max-video-preview":"max-video-preview:-1"},"canonical":"https:\/\/www.kktavastia.fi\/ammattiopisto\/opiskelijalle\/uudelle-opiskelijalle\/","og_locale":"fi_FI","og_type":"article","og_title":"Uudelle opiskelijalle | Ammattiopisto Tavastia | Tervetuloa Tavastiaan","og_description":"Uudelle opiskelijalle Ammattiopisto Tavastiassa: t\u00e4\u00e4lt\u00e4 l\u00f6yd\u00e4t t\u00e4rke\u00e4\u00e4 tietoa opintojen alkuun.","og_url":"https:\/\/www.kktavastia.fi\/ammattiopisto\/opiskelijalle\/uudelle-opiskelijalle\/","og_site_name":"Ammattiopisto Tavastia","article_modified_time":"2026-04-17T06:23:56+00:00","twitter_card":"summary_large_image","schema":{"@context":"https:\/\/schema.org","@graph":[{"@type":"WebPage","@id":"https:\/\/www.kktavastia.fi\/ammattiopisto\/opiskelijalle\/uudelle-opiskelijalle\/","url":"https:\/\/www.kktavastia.fi\/ammattiopisto\/opiskelijalle\/uudelle-opiskelijalle\/","name":"Uudelle opiskelijalle | Ammattiopisto Tavastia | Tervetuloa Tavastiaan","isPartOf":{"@id":"https:\/\/www.kktavastia.fi\/ammattiopisto\/#website"},"datePublished":"2023-06-15T05:00:00+00:00","dateModified":"2026-04-17T06:23:56+00:00","description":"Uudelle opiskelijalle Ammattiopisto Tavastiassa: t\u00e4\u00e4lt\u00e4 l\u00f6yd\u00e4t t\u00e4rke\u00e4\u00e4 tietoa opintojen alkuun.","breadcrumb":{"@id":"https:\/\/www.kktavastia.fi\/ammattiopisto\/opiskelijalle\/uudelle-opiskelijalle\/#breadcrumb"},"inLanguage":"fi","potentialAction":[{"@type":"ReadAction","target":["https:\/\/www.kktavastia.fi\/ammattiopisto\/opiskelijalle\/uudelle-opiskelijalle\/"]}]},{"@type":"BreadcrumbList","@id":"https:\/\/www.kktavastia.fi\/ammattiopisto\/opiskelijalle\/uudelle-opiskelijalle\/#breadcrumb","itemListElement":[{"@type":"ListItem","position":1,"name":"Home","item":"https:\/\/www.kktavastia.fi\/ammattiopisto\/"},{"@type":"ListItem","position":2,"name":"Opiskelijalle","item":"https:\/\/www.kktavastia.fi\/ammattiopisto\/opiskelijalle\/"},{"@type":"ListItem","position":3,"name":"Uudelle opiskelijalle"}]},{"@type":"WebSite","@id":"https:\/\/www.kktavastia.fi\/ammattiopisto\/#website","url":"https:\/\/www.kktavastia.fi\/ammattiopisto\/","name":"Ammattiopisto Tavastia","description":"","potentialAction":[{"@type":"SearchAction","target":{"@type":"EntryPoint","urlTemplate":"https:\/\/www.kktavastia.fi\/ammattiopisto\/?s={search_term_string}"},"query-input":{"@type":"PropertyValueSpecification","valueRequired":true,"valueName":"search_term_string"}}],"inLanguage":"fi"}]}},"_links":{"self":[{"href":"https:\/\/www.kktavastia.fi\/ammattiopisto\/wp-json\/wp\/v2\/pages\/15408","targetHints":{"allow":["GET"]}}],"collection":[{"href":"https:\/\/www.kktavastia.fi\/ammattiopisto\/wp-json\/wp\/v2\/pages"}],"about":[{"href":"https:\/\/www.kktavastia.fi\/ammattiopisto\/wp-json\/wp\/v2\/types\/page"}],"author":[{"embeddable":true,"href":"https:\/\/www.kktavastia.fi\/ammattiopisto\/wp-json\/wp\/v2\/users\/6"}],"replies":[{"embeddable":true,"href":"https:\/\/www.kktavastia.fi\/ammattiopisto\/wp-json\/wp\/v2\/comments?post=15408"}],"version-history":[{"count":25,"href":"https:\/\/www.kktavastia.fi\/ammattiopisto\/wp-json\/wp\/v2\/pages\/15408\/revisions"}],"predecessor-version":[{"id":155475,"href":"https:\/\/www.kktavastia.fi\/ammattiopisto\/wp-json\/wp\/v2\/pages\/15408\/revisions\/155475"}],"up":[{"embeddable":true,"href":"https:\/\/www.kktavastia.fi\/ammattiopisto\/wp-json\/wp\/v2\/pages\/39205"}],"wp:attachment":[{"href":"https:\/\/www.kktavastia.fi\/ammattiopisto\/wp-json\/wp\/v2\/media?parent=15408"}],"curies":[{"name":"wp","href":"https:\/\/api.w.org\/{rel}","templated":true}]}}