{"id":152,"date":"2020-11-24T15:21:41","date_gmt":"2020-11-24T13:21:41","guid":{"rendered":"https:\/\/kktavastia.vaiheessa.fi\/ammattiopisto\/?page_id=152"},"modified":"2025-08-08T11:35:17","modified_gmt":"2025-08-08T08:35:17","slug":"tyovoimakoulutus","status":"publish","type":"page","link":"https:\/\/www.kktavastia.fi\/ammattiopisto\/tutkinnot\/tyovoimakoulutus\/","title":{"rendered":"Ty\u00f6voimakoulutukset"},"content":{"rendered":"\n<p class=\"is-style-default\">Ammatillinen ty\u00f6voimakoulutus on tarkoitettu ensisijaisesti ty\u00f6tt\u00f6mille tai ty\u00f6tt\u00f6myysuhan alaisille aikuisille. Ty\u00f6voimakoulutuksen tavoitteena on suorittaa perus-, ammatti- tai erikoisammattitutkinto tai tutkinnon osia. Ty\u00f6voimakoulutusta suunnitellaan ja r\u00e4\u00e4t\u00e4l\u00f6id\u00e4\u00e4n ty\u00f6el\u00e4m\u00e4n tarpeiden mukaisesti. Monilla eri ammattialoilla j\u00e4rjestet\u00e4\u00e4n lis\u00e4ksi jatko- tai t\u00e4ydennyskoulutusta. Koulutus t\u00e4ht\u00e4\u00e4 aina ty\u00f6llistymiseen.<br><br>Ty\u00f6voimakoulutukseen haetaan Ty\u00f6markkinatorin kautta. Opiskelijavalinta tehd\u00e4\u00e4n yhteisty\u00f6ss\u00e4 Ty\u00f6H\u00e4meen ja oppilaitoksen kanssa.<\/p>\n","protected":false},"excerpt":{"rendered":"<p>Ammatillinen ty\u00f6voimakoulutus on tarkoitettu ensisijaisesti ty\u00f6tt\u00f6mille tai ty\u00f6tt\u00f6myysuhan alaisille aikuisille. Ty\u00f6voimakoulutuksen tavoitteena on suorittaa perus-, ammatti- tai erikoisammattitutkinto tai tutkinnon [&hellip;]<\/p>\n","protected":false},"author":6,"featured_media":0,"parent":11,"menu_order":9,"comment_status":"closed","ping_status":"closed","template":"template-degrees.php","meta":{"_acf_changed":false,"_relevanssi_hide_post":"","_relevanssi_hide_content":"","_relevanssi_pin_for_all":"","_relevanssi_pin_keywords":"","_relevanssi_unpin_keywords":"","_relevanssi_related_keywords":"","_relevanssi_related_include_ids":"","_relevanssi_related_exclude_ids":"","_relevanssi_related_no_append":"","_relevanssi_related_not_related":"","_relevanssi_related_posts":"134,11,58,991,526,140","_relevanssi_noindex_reason":"","footnotes":""},"class_list":["post-152","page","type-page","status-publish","hentry"],"acf":[],"yoast_head":"<title>Ty\u00f6voimakoulutus | Ammattiopisto Tavastia | Haku ty\u00f6voimakoulutukseen<\/title>\n<meta name=\"description\" content=\"Ty\u00f6voimakoulutus Ammattiopisto Tavastiassa. Hae ty\u00f6voimakoulutukseen TE-keskuksen kautta. Katso alkavat ty\u00f6voimakoulutukset t\u00e4\u00e4lt\u00e4.\" \/>\n<meta name=\"robots\" content=\"index, follow, max-snippet:-1, max-image-preview:large, max-video-preview:-1\" \/>\n<link rel=\"canonical\" href=\"https:\/\/www.kktavastia.fi\/ammattiopisto\/tutkinnot\/tyovoimakoulutus\/\" \/>\n<meta property=\"og:locale\" content=\"fi_FI\" \/>\n<meta property=\"og:type\" content=\"article\" \/>\n<meta property=\"og:title\" content=\"Ty\u00f6voimakoulutus | Ammattiopisto Tavastia | Haku ty\u00f6voimakoulutukseen\" \/>\n<meta property=\"og:description\" content=\"Ty\u00f6voimakoulutus Ammattiopisto Tavastiassa. Hae ty\u00f6voimakoulutukseen TE-keskuksen kautta. Katso alkavat ty\u00f6voimakoulutukset t\u00e4\u00e4lt\u00e4.\" \/>\n<meta property=\"og:url\" content=\"https:\/\/www.kktavastia.fi\/ammattiopisto\/tutkinnot\/tyovoimakoulutus\/\" \/>\n<meta property=\"og:site_name\" content=\"Ammattiopisto Tavastia\" \/>\n<meta property=\"article:modified_time\" content=\"2025-08-08T08:35:17+00:00\" \/>\n<meta name=\"twitter:card\" content=\"summary_large_image\" \/>\n<script type=\"application\/ld+json\" class=\"yoast-schema-graph\">{\"@context\":\"https:\\\/\\\/schema.org\",\"@graph\":[{\"@type\":\"WebPage\",\"@id\":\"https:\\\/\\\/www.kktavastia.fi\\\/ammattiopisto\\\/tutkinnot\\\/tyovoimakoulutus\\\/\",\"url\":\"https:\\\/\\\/www.kktavastia.fi\\\/ammattiopisto\\\/tutkinnot\\\/tyovoimakoulutus\\\/\",\"name\":\"Ty\u00f6voimakoulutus | Ammattiopisto Tavastia | Haku ty\u00f6voimakoulutukseen\",\"isPartOf\":{\"@id\":\"https:\\\/\\\/www.kktavastia.fi\\\/ammattiopisto\\\/#website\"},\"datePublished\":\"2020-11-24T13:21:41+00:00\",\"dateModified\":\"2025-08-08T08:35:17+00:00\",\"description\":\"Ty\u00f6voimakoulutus Ammattiopisto Tavastiassa. Hae ty\u00f6voimakoulutukseen TE-keskuksen kautta. Katso alkavat ty\u00f6voimakoulutukset t\u00e4\u00e4lt\u00e4.\",\"breadcrumb\":{\"@id\":\"https:\\\/\\\/www.kktavastia.fi\\\/ammattiopisto\\\/tutkinnot\\\/tyovoimakoulutus\\\/#breadcrumb\"},\"inLanguage\":\"fi\",\"potentialAction\":[{\"@type\":\"ReadAction\",\"target\":[\"https:\\\/\\\/www.kktavastia.fi\\\/ammattiopisto\\\/tutkinnot\\\/tyovoimakoulutus\\\/\"]}]},{\"@type\":\"BreadcrumbList\",\"@id\":\"https:\\\/\\\/www.kktavastia.fi\\\/ammattiopisto\\\/tutkinnot\\\/tyovoimakoulutus\\\/#breadcrumb\",\"itemListElement\":[{\"@type\":\"ListItem\",\"position\":1,\"name\":\"Home\",\"item\":\"https:\\\/\\\/www.kktavastia.fi\\\/ammattiopisto\\\/\"},{\"@type\":\"ListItem\",\"position\":2,\"name\":\"Tutkinnot ja koulutukset\",\"item\":\"https:\\\/\\\/www.kktavastia.fi\\\/ammattiopisto\\\/tutkinnot\\\/\"},{\"@type\":\"ListItem\",\"position\":3,\"name\":\"Ty\u00f6voimakoulutukset\"}]},{\"@type\":\"WebSite\",\"@id\":\"https:\\\/\\\/www.kktavastia.fi\\\/ammattiopisto\\\/#website\",\"url\":\"https:\\\/\\\/www.kktavastia.fi\\\/ammattiopisto\\\/\",\"name\":\"Ammattiopisto Tavastia\",\"description\":\"\",\"potentialAction\":[{\"@type\":\"SearchAction\",\"target\":{\"@type\":\"EntryPoint\",\"urlTemplate\":\"https:\\\/\\\/www.kktavastia.fi\\\/ammattiopisto\\\/?s={search_term_string}\"},\"query-input\":{\"@type\":\"PropertyValueSpecification\",\"valueRequired\":true,\"valueName\":\"search_term_string\"}}],\"inLanguage\":\"fi\"}]}<\/script>","yoast_head_json":{"title":"Ty\u00f6voimakoulutus | Ammattiopisto Tavastia | Haku ty\u00f6voimakoulutukseen","description":"Ty\u00f6voimakoulutus Ammattiopisto Tavastiassa. Hae ty\u00f6voimakoulutukseen TE-keskuksen kautta. Katso alkavat ty\u00f6voimakoulutukset t\u00e4\u00e4lt\u00e4.","robots":{"index":"index","follow":"follow","max-snippet":"max-snippet:-1","max-image-preview":"max-image-preview:large","max-video-preview":"max-video-preview:-1"},"canonical":"https:\/\/www.kktavastia.fi\/ammattiopisto\/tutkinnot\/tyovoimakoulutus\/","og_locale":"fi_FI","og_type":"article","og_title":"Ty\u00f6voimakoulutus | Ammattiopisto Tavastia | Haku ty\u00f6voimakoulutukseen","og_description":"Ty\u00f6voimakoulutus Ammattiopisto Tavastiassa. Hae ty\u00f6voimakoulutukseen TE-keskuksen kautta. Katso alkavat ty\u00f6voimakoulutukset t\u00e4\u00e4lt\u00e4.","og_url":"https:\/\/www.kktavastia.fi\/ammattiopisto\/tutkinnot\/tyovoimakoulutus\/","og_site_name":"Ammattiopisto Tavastia","article_modified_time":"2025-08-08T08:35:17+00:00","twitter_card":"summary_large_image","schema":{"@context":"https:\/\/schema.org","@graph":[{"@type":"WebPage","@id":"https:\/\/www.kktavastia.fi\/ammattiopisto\/tutkinnot\/tyovoimakoulutus\/","url":"https:\/\/www.kktavastia.fi\/ammattiopisto\/tutkinnot\/tyovoimakoulutus\/","name":"Ty\u00f6voimakoulutus | Ammattiopisto Tavastia | Haku ty\u00f6voimakoulutukseen","isPartOf":{"@id":"https:\/\/www.kktavastia.fi\/ammattiopisto\/#website"},"datePublished":"2020-11-24T13:21:41+00:00","dateModified":"2025-08-08T08:35:17+00:00","description":"Ty\u00f6voimakoulutus Ammattiopisto Tavastiassa. Hae ty\u00f6voimakoulutukseen TE-keskuksen kautta. Katso alkavat ty\u00f6voimakoulutukset t\u00e4\u00e4lt\u00e4.","breadcrumb":{"@id":"https:\/\/www.kktavastia.fi\/ammattiopisto\/tutkinnot\/tyovoimakoulutus\/#breadcrumb"},"inLanguage":"fi","potentialAction":[{"@type":"ReadAction","target":["https:\/\/www.kktavastia.fi\/ammattiopisto\/tutkinnot\/tyovoimakoulutus\/"]}]},{"@type":"BreadcrumbList","@id":"https:\/\/www.kktavastia.fi\/ammattiopisto\/tutkinnot\/tyovoimakoulutus\/#breadcrumb","itemListElement":[{"@type":"ListItem","position":1,"name":"Home","item":"https:\/\/www.kktavastia.fi\/ammattiopisto\/"},{"@type":"ListItem","position":2,"name":"Tutkinnot ja koulutukset","item":"https:\/\/www.kktavastia.fi\/ammattiopisto\/tutkinnot\/"},{"@type":"ListItem","position":3,"name":"Ty\u00f6voimakoulutukset"}]},{"@type":"WebSite","@id":"https:\/\/www.kktavastia.fi\/ammattiopisto\/#website","url":"https:\/\/www.kktavastia.fi\/ammattiopisto\/","name":"Ammattiopisto Tavastia","description":"","potentialAction":[{"@type":"SearchAction","target":{"@type":"EntryPoint","urlTemplate":"https:\/\/www.kktavastia.fi\/ammattiopisto\/?s={search_term_string}"},"query-input":{"@type":"PropertyValueSpecification","valueRequired":true,"valueName":"search_term_string"}}],"inLanguage":"fi"}]}},"_links":{"self":[{"href":"https:\/\/www.kktavastia.fi\/ammattiopisto\/wp-json\/wp\/v2\/pages\/152","targetHints":{"allow":["GET"]}}],"collection":[{"href":"https:\/\/www.kktavastia.fi\/ammattiopisto\/wp-json\/wp\/v2\/pages"}],"about":[{"href":"https:\/\/www.kktavastia.fi\/ammattiopisto\/wp-json\/wp\/v2\/types\/page"}],"author":[{"embeddable":true,"href":"https:\/\/www.kktavastia.fi\/ammattiopisto\/wp-json\/wp\/v2\/users\/6"}],"replies":[{"embeddable":true,"href":"https:\/\/www.kktavastia.fi\/ammattiopisto\/wp-json\/wp\/v2\/comments?post=152"}],"version-history":[{"count":25,"href":"https:\/\/www.kktavastia.fi\/ammattiopisto\/wp-json\/wp\/v2\/pages\/152\/revisions"}],"predecessor-version":[{"id":89507,"href":"https:\/\/www.kktavastia.fi\/ammattiopisto\/wp-json\/wp\/v2\/pages\/152\/revisions\/89507"}],"up":[{"embeddable":true,"href":"https:\/\/www.kktavastia.fi\/ammattiopisto\/wp-json\/wp\/v2\/pages\/11"}],"wp:attachment":[{"href":"https:\/\/www.kktavastia.fi\/ammattiopisto\/wp-json\/wp\/v2\/media?parent=152"}],"curies":[{"name":"wp","href":"https:\/\/api.w.org\/{rel}","templated":true}]}}