{"id":151283,"date":"2026-03-23T11:05:08","date_gmt":"2026-03-23T09:05:08","guid":{"rendered":"https:\/\/www.kktavastia.fi\/ammattiopisto\/?page_id=151283"},"modified":"2026-04-22T13:15:24","modified_gmt":"2026-04-22T10:15:24","slug":"jotpa-koulutus-hitsausrobotiikka","status":"publish","type":"page","link":"https:\/\/www.kktavastia.fi\/ammattiopisto\/tutkinnot\/jotpa-koulutus-hitsausrobotiikka\/","title":{"rendered":"JOTPA-koulutus, hitsausrobotiikka"},"content":{"rendered":"\n<p class=\"is-style-ingress\">Hitsausrobotiikan koulutusta hitsaajille, alanvaihtajille, tuotannonsuunnittelijoille ja esihenkil\u00f6lle.<\/p>\n\n\n\n<p class=\"is-style-default\">Tavastiassa on tarjolla viiden moduulin opiskelukokonaisuus hitsausrobotiikan opinnoista. Opiskelija voi osallistua yhteen tai vaikka kaikkiin viiteen moduuliin.<\/p>\n\n\n\n<p><a href=\"https:\/\/www.kktavastia.fi\/media\/sites\/2\/hitsausrobotiikan-koulutus-2026_ammattiopistotavastia.pdf\">Hitsausrobotiikan koulutusesite<\/a><a href=\"https:\/\/www.kktavastia.fi\/media\/sites\/2\/hitsausrobotiikan-koulutus-2026_-ammattiopisto-tavastia.pdf\"> <\/a><\/p>\n\n\n\n<p>Koulutuksen rahoittaa Jatkuvan oppimisen ja ty\u00f6llisyyden palvelukeskus.&nbsp;Palvelukeskuksen teht\u00e4v\u00e4n\u00e4 on edist\u00e4\u00e4 ty\u00f6ik\u00e4isten osaamisen kehitt\u00e4mist\u00e4 ja osaavan ty\u00f6voiman saatavuutta sek\u00e4 vastata nopealla toiminnalla ty\u00f6markkinoiden \u00e4killisiin rakennemuutoksiin. Palvelukeskuksen toimintaa ohjaavat opetus- ja kulttuuriministeri\u00f6 sek\u00e4 ty\u00f6- ja elinkeinoministeri\u00f6.&nbsp;<\/p>\n\n\n\n<h3 class=\"wp-block-heading\">Koulutusten esittelywebinaari<\/h3>\n\n\n\n<p>Tule kuulolle koulutusten esittelywebinaariin torstaina 16.4.2026 kello 13.30\u201314.30. Esittelyss\u00e4 koulutuskokonaisuudet, joissa kaikissa on teoriaa, k\u00e4yt\u00e4nn\u00f6n harjoitus ja soveltaminen omaan ty\u00f6h\u00f6n. Kukin voi oman tarpeen mukaan osallistua 1\u20135 moduuliin. <\/p>\n\n\n\n<p>Esittelyjen j\u00e4lkeen ja lomassa voi kysy\u00e4 lis\u00e4tietoja ja esimerkiksi neuvoja siihen, mihin koulutuksista itse tai oman organisaation ty\u00f6ntekij\u00f6iden kannattaisi osallistua.<\/p>\n\n\n\n<p><a href=\"https:\/\/teams.microsoft.com\/meet\/32106201480016?p=RJS8lECj96lljwHMjD\">T\u00e4st\u00e4 mukaan webinaariin!<\/a><\/p>\n\n\n\n<figure class=\"wp-block-image size-large is-resized\"><img loading=\"lazy\" decoding=\"async\" width=\"1024\" height=\"261\" src=\"https:\/\/www.kktavastia.fi\/media\/sites\/2\/jotpa_tunnus_rgb-1024x261.png\" alt=\"\" class=\"wp-image-21181\" style=\"aspect-ratio:3.9235198482590437;width:293px;height:auto\" srcset=\"https:\/\/www.kktavastia.fi\/media\/sites\/2\/jotpa_tunnus_rgb-1024x261.png 1024w, https:\/\/www.kktavastia.fi\/media\/sites\/2\/jotpa_tunnus_rgb-300x77.png 300w, https:\/\/www.kktavastia.fi\/media\/sites\/2\/jotpa_tunnus_rgb-768x196.png 768w, https:\/\/www.kktavastia.fi\/media\/sites\/2\/jotpa_tunnus_rgb-1536x392.png 1536w, https:\/\/www.kktavastia.fi\/media\/sites\/2\/jotpa_tunnus_rgb-20x5.png 20w, https:\/\/www.kktavastia.fi\/media\/sites\/2\/jotpa_tunnus_rgb.png 2000w\" sizes=\"auto, (max-width: 1024px) 100vw, 1024px\" \/><\/figure>\n","protected":false},"excerpt":{"rendered":"<p>Hitsausrobotiikan koulutusta hitsaajille, alanvaihtajille, tuotannonsuunnittelijoille ja esihenkil\u00f6lle. Tavastiassa on tarjolla viiden moduulin opiskelukokonaisuus hitsausrobotiikan opinnoista. Opiskelija voi osallistua yhteen tai [&hellip;]<\/p>\n","protected":false},"author":5,"featured_media":151301,"parent":11,"menu_order":6,"comment_status":"closed","ping_status":"closed","template":"template-degrees.php","meta":{"_acf_changed":false,"_relevanssi_hide_post":"","_relevanssi_hide_content":"","_relevanssi_pin_for_all":"","_relevanssi_pin_keywords":"","_relevanssi_unpin_keywords":"","_relevanssi_related_keywords":"","_relevanssi_related_include_ids":"","_relevanssi_related_exclude_ids":"","_relevanssi_related_no_append":"","_relevanssi_related_not_related":"","_relevanssi_related_posts":"40079,38517,40116,38504,40121,38498","_relevanssi_noindex_reason":"","footnotes":""},"class_list":["post-151283","page","type-page","status-publish","has-post-thumbnail","hentry"],"acf":[],"yoast_head":"<title>JOTPA-koulutus, hitsausrobotiikka - Ammattiopisto Tavastia<\/title>\n<meta name=\"robots\" content=\"index, follow, max-snippet:-1, max-image-preview:large, max-video-preview:-1\" \/>\n<link rel=\"canonical\" href=\"https:\/\/www.kktavastia.fi\/ammattiopisto\/tutkinnot\/jotpa-koulutus-hitsausrobotiikka\/\" \/>\n<meta property=\"og:locale\" content=\"fi_FI\" \/>\n<meta property=\"og:type\" content=\"article\" \/>\n<meta property=\"og:title\" content=\"JOTPA-koulutus, hitsausrobotiikka - Ammattiopisto Tavastia\" \/>\n<meta property=\"og:description\" content=\"Hitsausrobotiikan koulutusta hitsaajille, alanvaihtajille, tuotannonsuunnittelijoille ja esihenkil\u00f6lle. Tavastiassa on tarjolla viiden moduulin opiskelukokonaisuus hitsausrobotiikan opinnoista. Opiskelija voi osallistua yhteen tai [&hellip;]\" \/>\n<meta property=\"og:url\" content=\"https:\/\/www.kktavastia.fi\/ammattiopisto\/tutkinnot\/jotpa-koulutus-hitsausrobotiikka\/\" \/>\n<meta property=\"og:site_name\" content=\"Ammattiopisto Tavastia\" \/>\n<meta property=\"article:modified_time\" content=\"2026-04-22T10:15:24+00:00\" \/>\n<meta property=\"og:image\" content=\"https:\/\/www.kktavastia.fi\/media\/sites\/2\/hitsausrobotiikkakoulutus_tavastia.jpg\" \/>\n\t<meta property=\"og:image:width\" content=\"1920\" \/>\n\t<meta property=\"og:image:height\" content=\"1080\" \/>\n\t<meta property=\"og:image:type\" content=\"image\/jpeg\" \/>\n<meta name=\"twitter:card\" content=\"summary_large_image\" \/>\n<script type=\"application\/ld+json\" class=\"yoast-schema-graph\">{\"@context\":\"https:\\\/\\\/schema.org\",\"@graph\":[{\"@type\":\"WebPage\",\"@id\":\"https:\\\/\\\/www.kktavastia.fi\\\/ammattiopisto\\\/tutkinnot\\\/jotpa-koulutus-hitsausrobotiikka\\\/\",\"url\":\"https:\\\/\\\/www.kktavastia.fi\\\/ammattiopisto\\\/tutkinnot\\\/jotpa-koulutus-hitsausrobotiikka\\\/\",\"name\":\"JOTPA-koulutus, hitsausrobotiikka - Ammattiopisto Tavastia\",\"isPartOf\":{\"@id\":\"https:\\\/\\\/www.kktavastia.fi\\\/ammattiopisto\\\/#website\"},\"primaryImageOfPage\":{\"@id\":\"https:\\\/\\\/www.kktavastia.fi\\\/ammattiopisto\\\/tutkinnot\\\/jotpa-koulutus-hitsausrobotiikka\\\/#primaryimage\"},\"image\":{\"@id\":\"https:\\\/\\\/www.kktavastia.fi\\\/ammattiopisto\\\/tutkinnot\\\/jotpa-koulutus-hitsausrobotiikka\\\/#primaryimage\"},\"thumbnailUrl\":\"https:\\\/\\\/www.kktavastia.fi\\\/media\\\/sites\\\/2\\\/hitsausrobotiikkakoulutus_tavastia.jpg\",\"datePublished\":\"2026-03-23T09:05:08+00:00\",\"dateModified\":\"2026-04-22T10:15:24+00:00\",\"breadcrumb\":{\"@id\":\"https:\\\/\\\/www.kktavastia.fi\\\/ammattiopisto\\\/tutkinnot\\\/jotpa-koulutus-hitsausrobotiikka\\\/#breadcrumb\"},\"inLanguage\":\"fi\",\"potentialAction\":[{\"@type\":\"ReadAction\",\"target\":[\"https:\\\/\\\/www.kktavastia.fi\\\/ammattiopisto\\\/tutkinnot\\\/jotpa-koulutus-hitsausrobotiikka\\\/\"]}]},{\"@type\":\"ImageObject\",\"inLanguage\":\"fi\",\"@id\":\"https:\\\/\\\/www.kktavastia.fi\\\/ammattiopisto\\\/tutkinnot\\\/jotpa-koulutus-hitsausrobotiikka\\\/#primaryimage\",\"url\":\"https:\\\/\\\/www.kktavastia.fi\\\/media\\\/sites\\\/2\\\/hitsausrobotiikkakoulutus_tavastia.jpg\",\"contentUrl\":\"https:\\\/\\\/www.kktavastia.fi\\\/media\\\/sites\\\/2\\\/hitsausrobotiikkakoulutus_tavastia.jpg\",\"width\":1920,\"height\":1080,\"caption\":\"hitsausta robootin avulla\"},{\"@type\":\"BreadcrumbList\",\"@id\":\"https:\\\/\\\/www.kktavastia.fi\\\/ammattiopisto\\\/tutkinnot\\\/jotpa-koulutus-hitsausrobotiikka\\\/#breadcrumb\",\"itemListElement\":[{\"@type\":\"ListItem\",\"position\":1,\"name\":\"Home\",\"item\":\"https:\\\/\\\/www.kktavastia.fi\\\/ammattiopisto\\\/\"},{\"@type\":\"ListItem\",\"position\":2,\"name\":\"Tutkinnot ja koulutukset\",\"item\":\"https:\\\/\\\/www.kktavastia.fi\\\/ammattiopisto\\\/tutkinnot\\\/\"},{\"@type\":\"ListItem\",\"position\":3,\"name\":\"JOTPA-koulutus, hitsausrobotiikka\"}]},{\"@type\":\"WebSite\",\"@id\":\"https:\\\/\\\/www.kktavastia.fi\\\/ammattiopisto\\\/#website\",\"url\":\"https:\\\/\\\/www.kktavastia.fi\\\/ammattiopisto\\\/\",\"name\":\"Ammattiopisto Tavastia\",\"description\":\"\",\"potentialAction\":[{\"@type\":\"SearchAction\",\"target\":{\"@type\":\"EntryPoint\",\"urlTemplate\":\"https:\\\/\\\/www.kktavastia.fi\\\/ammattiopisto\\\/?s={search_term_string}\"},\"query-input\":{\"@type\":\"PropertyValueSpecification\",\"valueRequired\":true,\"valueName\":\"search_term_string\"}}],\"inLanguage\":\"fi\"}]}<\/script>","yoast_head_json":{"title":"JOTPA-koulutus, hitsausrobotiikka - Ammattiopisto Tavastia","robots":{"index":"index","follow":"follow","max-snippet":"max-snippet:-1","max-image-preview":"max-image-preview:large","max-video-preview":"max-video-preview:-1"},"canonical":"https:\/\/www.kktavastia.fi\/ammattiopisto\/tutkinnot\/jotpa-koulutus-hitsausrobotiikka\/","og_locale":"fi_FI","og_type":"article","og_title":"JOTPA-koulutus, hitsausrobotiikka - Ammattiopisto Tavastia","og_description":"Hitsausrobotiikan koulutusta hitsaajille, alanvaihtajille, tuotannonsuunnittelijoille ja esihenkil\u00f6lle. Tavastiassa on tarjolla viiden moduulin opiskelukokonaisuus hitsausrobotiikan opinnoista. Opiskelija voi osallistua yhteen tai [&hellip;]","og_url":"https:\/\/www.kktavastia.fi\/ammattiopisto\/tutkinnot\/jotpa-koulutus-hitsausrobotiikka\/","og_site_name":"Ammattiopisto Tavastia","article_modified_time":"2026-04-22T10:15:24+00:00","og_image":[{"width":1920,"height":1080,"url":"https:\/\/www.kktavastia.fi\/media\/sites\/2\/hitsausrobotiikkakoulutus_tavastia.jpg","type":"image\/jpeg"}],"twitter_card":"summary_large_image","schema":{"@context":"https:\/\/schema.org","@graph":[{"@type":"WebPage","@id":"https:\/\/www.kktavastia.fi\/ammattiopisto\/tutkinnot\/jotpa-koulutus-hitsausrobotiikka\/","url":"https:\/\/www.kktavastia.fi\/ammattiopisto\/tutkinnot\/jotpa-koulutus-hitsausrobotiikka\/","name":"JOTPA-koulutus, hitsausrobotiikka - Ammattiopisto Tavastia","isPartOf":{"@id":"https:\/\/www.kktavastia.fi\/ammattiopisto\/#website"},"primaryImageOfPage":{"@id":"https:\/\/www.kktavastia.fi\/ammattiopisto\/tutkinnot\/jotpa-koulutus-hitsausrobotiikka\/#primaryimage"},"image":{"@id":"https:\/\/www.kktavastia.fi\/ammattiopisto\/tutkinnot\/jotpa-koulutus-hitsausrobotiikka\/#primaryimage"},"thumbnailUrl":"https:\/\/www.kktavastia.fi\/media\/sites\/2\/hitsausrobotiikkakoulutus_tavastia.jpg","datePublished":"2026-03-23T09:05:08+00:00","dateModified":"2026-04-22T10:15:24+00:00","breadcrumb":{"@id":"https:\/\/www.kktavastia.fi\/ammattiopisto\/tutkinnot\/jotpa-koulutus-hitsausrobotiikka\/#breadcrumb"},"inLanguage":"fi","potentialAction":[{"@type":"ReadAction","target":["https:\/\/www.kktavastia.fi\/ammattiopisto\/tutkinnot\/jotpa-koulutus-hitsausrobotiikka\/"]}]},{"@type":"ImageObject","inLanguage":"fi","@id":"https:\/\/www.kktavastia.fi\/ammattiopisto\/tutkinnot\/jotpa-koulutus-hitsausrobotiikka\/#primaryimage","url":"https:\/\/www.kktavastia.fi\/media\/sites\/2\/hitsausrobotiikkakoulutus_tavastia.jpg","contentUrl":"https:\/\/www.kktavastia.fi\/media\/sites\/2\/hitsausrobotiikkakoulutus_tavastia.jpg","width":1920,"height":1080,"caption":"hitsausta robootin avulla"},{"@type":"BreadcrumbList","@id":"https:\/\/www.kktavastia.fi\/ammattiopisto\/tutkinnot\/jotpa-koulutus-hitsausrobotiikka\/#breadcrumb","itemListElement":[{"@type":"ListItem","position":1,"name":"Home","item":"https:\/\/www.kktavastia.fi\/ammattiopisto\/"},{"@type":"ListItem","position":2,"name":"Tutkinnot ja koulutukset","item":"https:\/\/www.kktavastia.fi\/ammattiopisto\/tutkinnot\/"},{"@type":"ListItem","position":3,"name":"JOTPA-koulutus, hitsausrobotiikka"}]},{"@type":"WebSite","@id":"https:\/\/www.kktavastia.fi\/ammattiopisto\/#website","url":"https:\/\/www.kktavastia.fi\/ammattiopisto\/","name":"Ammattiopisto Tavastia","description":"","potentialAction":[{"@type":"SearchAction","target":{"@type":"EntryPoint","urlTemplate":"https:\/\/www.kktavastia.fi\/ammattiopisto\/?s={search_term_string}"},"query-input":{"@type":"PropertyValueSpecification","valueRequired":true,"valueName":"search_term_string"}}],"inLanguage":"fi"}]}},"_links":{"self":[{"href":"https:\/\/www.kktavastia.fi\/ammattiopisto\/wp-json\/wp\/v2\/pages\/151283","targetHints":{"allow":["GET"]}}],"collection":[{"href":"https:\/\/www.kktavastia.fi\/ammattiopisto\/wp-json\/wp\/v2\/pages"}],"about":[{"href":"https:\/\/www.kktavastia.fi\/ammattiopisto\/wp-json\/wp\/v2\/types\/page"}],"author":[{"embeddable":true,"href":"https:\/\/www.kktavastia.fi\/ammattiopisto\/wp-json\/wp\/v2\/users\/5"}],"replies":[{"embeddable":true,"href":"https:\/\/www.kktavastia.fi\/ammattiopisto\/wp-json\/wp\/v2\/comments?post=151283"}],"version-history":[{"count":15,"href":"https:\/\/www.kktavastia.fi\/ammattiopisto\/wp-json\/wp\/v2\/pages\/151283\/revisions"}],"predecessor-version":[{"id":156299,"href":"https:\/\/www.kktavastia.fi\/ammattiopisto\/wp-json\/wp\/v2\/pages\/151283\/revisions\/156299"}],"up":[{"embeddable":true,"href":"https:\/\/www.kktavastia.fi\/ammattiopisto\/wp-json\/wp\/v2\/pages\/11"}],"wp:featuredmedia":[{"embeddable":true,"href":"https:\/\/www.kktavastia.fi\/ammattiopisto\/wp-json\/wp\/v2\/media\/151301"}],"wp:attachment":[{"href":"https:\/\/www.kktavastia.fi\/ammattiopisto\/wp-json\/wp\/v2\/media?parent=151283"}],"curies":[{"name":"wp","href":"https:\/\/api.w.org\/{rel}","templated":true}]}}