{"id":15,"date":"2020-11-20T11:19:44","date_gmt":"2020-11-20T09:19:44","guid":{"rendered":"http:\/\/kktavastia.test\/ammattiopisto\/?page_id=15"},"modified":"2025-04-29T13:55:41","modified_gmt":"2025-04-29T10:55:41","slug":"perustutkinnot","status":"publish","type":"page","link":"https:\/\/www.kktavastia.fi\/ammattiopisto\/tutkinnot\/perustutkinnot\/","title":{"rendered":"Perustutkinnot"},"content":{"rendered":"\n<h2 class=\"wp-block-heading\">Hanki itsellesi ammatti suorittamalla perustutkinto<\/h2>\n\n\n\n<p class=\"is-style-default\">Ammatillisessa perustutkinnossa opiskelet ammatillisia taitoja ja hankit osaamista valitsemaasi ammattiin. Opiskeluaika on usein kolme vuotta, jos sinulla ei ole aikaisempaa osaamista alalta. Aiempi osaamisesi vaikuttaa siihen, kuinka kauan tutkinnon suorittaminen kest\u00e4\u00e4.<\/p>\n\n\n\n<p class=\"is-style-default\">Useimmat tutkinnot voi suorittaa my\u00f6s oppisopimuskoulutuksena. Sinulla tulee olla ty\u00f6paikka tai tieto oppisopimusty\u00f6paikasta, jotta voit aloittaa oppisopimuskoulutuksen.<\/p>\n\n\n\n<p class=\"is-style-default\">Perustutkinnon j\u00e4lkeen osaamista voi laajentaa suorittamalla ammatti- tai erikoisammattitutkinnon tai hakea ammattikorkeakouluun tai yliopistoon jatkamaan opintoja.<\/p>\n\n\n\n<h4 class=\"wp-block-heading\">Yhteishaku vai jatkuva haku?<\/h4>\n\n\n\n<p><a href=\"https:\/\/www.kktavastia.fi\/ammattiopisto\/tule-opiskelijaksi\/yhteishaku\/\">Yhteishaussa<\/a> hakevat peruskoulunsa p\u00e4\u00e4tt\u00e4v\u00e4t ysiluokkalaiset tai aiemmin peruskoulun suorittaneet, joilla ei viel\u00e4 ole toisen asteen tutkintoa. <a href=\"https:\/\/www.kktavastia.fi\/ammattiopisto\/tule-opiskelijaksi\/jatkuva-haku\/\">Jatkuvassa haussa<\/a> hakevat oikeastaan kaikki muut, kuten ylioppilaat, alanvaihtajat ja yhteishaussa ilman opiskelupaikkaa j\u00e4\u00e4neet.<\/p>\n","protected":false},"excerpt":{"rendered":"<p>Hanki itsellesi ammatti suorittamalla perustutkinto Ammatillisessa perustutkinnossa opiskelet ammatillisia taitoja ja hankit osaamista valitsemaasi ammattiin. Opiskeluaika on usein kolme vuotta, [&hellip;]<\/p>\n","protected":false},"author":1,"featured_media":73296,"parent":11,"menu_order":1,"comment_status":"closed","ping_status":"closed","template":"template-degrees.php","meta":{"_acf_changed":false,"_relevanssi_hide_post":"","_relevanssi_hide_content":"","_relevanssi_pin_for_all":"","_relevanssi_pin_keywords":"","_relevanssi_unpin_keywords":"","_relevanssi_related_keywords":"","_relevanssi_related_include_ids":"","_relevanssi_related_exclude_ids":"","_relevanssi_related_no_append":"","_relevanssi_related_not_related":"","_relevanssi_related_posts":"132,134,516,1146,1356,38517","_relevanssi_noindex_reason":"","footnotes":""},"class_list":["post-15","page","type-page","status-publish","has-post-thumbnail","hentry"],"acf":[],"yoast_head":"<title>Perustutkinnot | Ammattiopisto Tavastia | Ammatillinen koulutus<\/title>\n<meta name=\"description\" content=\"Perustutkinnot Ammattiopisto Tavastiassa l\u00f6yd\u00e4t t\u00e4\u00e4lt\u00e4. Ammatillinen koulutus on sijoitus tulevaisuuteen, hae meille!\" \/>\n<meta name=\"robots\" content=\"index, follow, max-snippet:-1, max-image-preview:large, max-video-preview:-1\" \/>\n<link rel=\"canonical\" href=\"https:\/\/www.kktavastia.fi\/ammattiopisto\/tutkinnot\/perustutkinnot\/\" \/>\n<meta property=\"og:locale\" content=\"fi_FI\" \/>\n<meta property=\"og:type\" content=\"article\" \/>\n<meta property=\"og:title\" content=\"Perustutkinnot | Ammattiopisto Tavastia | Ammatillinen koulutus\" \/>\n<meta property=\"og:description\" content=\"Perustutkinnot Ammattiopisto Tavastiassa l\u00f6yd\u00e4t t\u00e4\u00e4lt\u00e4. Ammatillinen koulutus on sijoitus tulevaisuuteen, hae meille!\" \/>\n<meta property=\"og:url\" content=\"https:\/\/www.kktavastia.fi\/ammattiopisto\/tutkinnot\/perustutkinnot\/\" \/>\n<meta property=\"og:site_name\" content=\"Ammattiopisto Tavastia\" \/>\n<meta property=\"article:modified_time\" content=\"2025-04-29T10:55:41+00:00\" \/>\n<meta property=\"og:image\" content=\"https:\/\/www.kktavastia.fi\/media\/sites\/2\/yhteishaku_2025_tytto_peilikuva_istock-scaled.jpg\" \/>\n\t<meta property=\"og:image:width\" content=\"2560\" \/>\n\t<meta property=\"og:image:height\" content=\"1707\" \/>\n\t<meta property=\"og:image:type\" content=\"image\/jpeg\" \/>\n<meta name=\"twitter:card\" content=\"summary_large_image\" \/>\n<script type=\"application\/ld+json\" class=\"yoast-schema-graph\">{\"@context\":\"https:\\\/\\\/schema.org\",\"@graph\":[{\"@type\":\"WebPage\",\"@id\":\"https:\\\/\\\/www.kktavastia.fi\\\/ammattiopisto\\\/tutkinnot\\\/perustutkinnot\\\/\",\"url\":\"https:\\\/\\\/www.kktavastia.fi\\\/ammattiopisto\\\/tutkinnot\\\/perustutkinnot\\\/\",\"name\":\"Perustutkinnot | Ammattiopisto Tavastia | Ammatillinen koulutus\",\"isPartOf\":{\"@id\":\"https:\\\/\\\/www.kktavastia.fi\\\/ammattiopisto\\\/#website\"},\"primaryImageOfPage\":{\"@id\":\"https:\\\/\\\/www.kktavastia.fi\\\/ammattiopisto\\\/tutkinnot\\\/perustutkinnot\\\/#primaryimage\"},\"image\":{\"@id\":\"https:\\\/\\\/www.kktavastia.fi\\\/ammattiopisto\\\/tutkinnot\\\/perustutkinnot\\\/#primaryimage\"},\"thumbnailUrl\":\"https:\\\/\\\/www.kktavastia.fi\\\/media\\\/sites\\\/2\\\/yhteishaku_2025_tytto_peilikuva_istock-scaled.jpg\",\"datePublished\":\"2020-11-20T09:19:44+00:00\",\"dateModified\":\"2025-04-29T10:55:41+00:00\",\"description\":\"Perustutkinnot Ammattiopisto Tavastiassa l\u00f6yd\u00e4t t\u00e4\u00e4lt\u00e4. Ammatillinen koulutus on sijoitus tulevaisuuteen, hae meille!\",\"breadcrumb\":{\"@id\":\"https:\\\/\\\/www.kktavastia.fi\\\/ammattiopisto\\\/tutkinnot\\\/perustutkinnot\\\/#breadcrumb\"},\"inLanguage\":\"fi\",\"potentialAction\":[{\"@type\":\"ReadAction\",\"target\":[\"https:\\\/\\\/www.kktavastia.fi\\\/ammattiopisto\\\/tutkinnot\\\/perustutkinnot\\\/\"]}]},{\"@type\":\"ImageObject\",\"inLanguage\":\"fi\",\"@id\":\"https:\\\/\\\/www.kktavastia.fi\\\/ammattiopisto\\\/tutkinnot\\\/perustutkinnot\\\/#primaryimage\",\"url\":\"https:\\\/\\\/www.kktavastia.fi\\\/media\\\/sites\\\/2\\\/yhteishaku_2025_tytto_peilikuva_istock-scaled.jpg\",\"contentUrl\":\"https:\\\/\\\/www.kktavastia.fi\\\/media\\\/sites\\\/2\\\/yhteishaku_2025_tytto_peilikuva_istock-scaled.jpg\",\"width\":2560,\"height\":1707,\"caption\":\"Kiharahiuksinen tytt\u00f6 miettii\"},{\"@type\":\"BreadcrumbList\",\"@id\":\"https:\\\/\\\/www.kktavastia.fi\\\/ammattiopisto\\\/tutkinnot\\\/perustutkinnot\\\/#breadcrumb\",\"itemListElement\":[{\"@type\":\"ListItem\",\"position\":1,\"name\":\"Home\",\"item\":\"https:\\\/\\\/www.kktavastia.fi\\\/ammattiopisto\\\/\"},{\"@type\":\"ListItem\",\"position\":2,\"name\":\"Tutkinnot ja koulutukset\",\"item\":\"https:\\\/\\\/www.kktavastia.fi\\\/ammattiopisto\\\/tutkinnot\\\/\"},{\"@type\":\"ListItem\",\"position\":3,\"name\":\"Perustutkinnot\"}]},{\"@type\":\"WebSite\",\"@id\":\"https:\\\/\\\/www.kktavastia.fi\\\/ammattiopisto\\\/#website\",\"url\":\"https:\\\/\\\/www.kktavastia.fi\\\/ammattiopisto\\\/\",\"name\":\"Ammattiopisto Tavastia\",\"description\":\"\",\"potentialAction\":[{\"@type\":\"SearchAction\",\"target\":{\"@type\":\"EntryPoint\",\"urlTemplate\":\"https:\\\/\\\/www.kktavastia.fi\\\/ammattiopisto\\\/?s={search_term_string}\"},\"query-input\":{\"@type\":\"PropertyValueSpecification\",\"valueRequired\":true,\"valueName\":\"search_term_string\"}}],\"inLanguage\":\"fi\"}]}<\/script>","yoast_head_json":{"title":"Perustutkinnot | Ammattiopisto Tavastia | Ammatillinen koulutus","description":"Perustutkinnot Ammattiopisto Tavastiassa l\u00f6yd\u00e4t t\u00e4\u00e4lt\u00e4. Ammatillinen koulutus on sijoitus tulevaisuuteen, hae meille!","robots":{"index":"index","follow":"follow","max-snippet":"max-snippet:-1","max-image-preview":"max-image-preview:large","max-video-preview":"max-video-preview:-1"},"canonical":"https:\/\/www.kktavastia.fi\/ammattiopisto\/tutkinnot\/perustutkinnot\/","og_locale":"fi_FI","og_type":"article","og_title":"Perustutkinnot | Ammattiopisto Tavastia | Ammatillinen koulutus","og_description":"Perustutkinnot Ammattiopisto Tavastiassa l\u00f6yd\u00e4t t\u00e4\u00e4lt\u00e4. Ammatillinen koulutus on sijoitus tulevaisuuteen, hae meille!","og_url":"https:\/\/www.kktavastia.fi\/ammattiopisto\/tutkinnot\/perustutkinnot\/","og_site_name":"Ammattiopisto Tavastia","article_modified_time":"2025-04-29T10:55:41+00:00","og_image":[{"width":2560,"height":1707,"url":"https:\/\/www.kktavastia.fi\/media\/sites\/2\/yhteishaku_2025_tytto_peilikuva_istock-scaled.jpg","type":"image\/jpeg"}],"twitter_card":"summary_large_image","schema":{"@context":"https:\/\/schema.org","@graph":[{"@type":"WebPage","@id":"https:\/\/www.kktavastia.fi\/ammattiopisto\/tutkinnot\/perustutkinnot\/","url":"https:\/\/www.kktavastia.fi\/ammattiopisto\/tutkinnot\/perustutkinnot\/","name":"Perustutkinnot | Ammattiopisto Tavastia | Ammatillinen koulutus","isPartOf":{"@id":"https:\/\/www.kktavastia.fi\/ammattiopisto\/#website"},"primaryImageOfPage":{"@id":"https:\/\/www.kktavastia.fi\/ammattiopisto\/tutkinnot\/perustutkinnot\/#primaryimage"},"image":{"@id":"https:\/\/www.kktavastia.fi\/ammattiopisto\/tutkinnot\/perustutkinnot\/#primaryimage"},"thumbnailUrl":"https:\/\/www.kktavastia.fi\/media\/sites\/2\/yhteishaku_2025_tytto_peilikuva_istock-scaled.jpg","datePublished":"2020-11-20T09:19:44+00:00","dateModified":"2025-04-29T10:55:41+00:00","description":"Perustutkinnot Ammattiopisto Tavastiassa l\u00f6yd\u00e4t t\u00e4\u00e4lt\u00e4. Ammatillinen koulutus on sijoitus tulevaisuuteen, hae meille!","breadcrumb":{"@id":"https:\/\/www.kktavastia.fi\/ammattiopisto\/tutkinnot\/perustutkinnot\/#breadcrumb"},"inLanguage":"fi","potentialAction":[{"@type":"ReadAction","target":["https:\/\/www.kktavastia.fi\/ammattiopisto\/tutkinnot\/perustutkinnot\/"]}]},{"@type":"ImageObject","inLanguage":"fi","@id":"https:\/\/www.kktavastia.fi\/ammattiopisto\/tutkinnot\/perustutkinnot\/#primaryimage","url":"https:\/\/www.kktavastia.fi\/media\/sites\/2\/yhteishaku_2025_tytto_peilikuva_istock-scaled.jpg","contentUrl":"https:\/\/www.kktavastia.fi\/media\/sites\/2\/yhteishaku_2025_tytto_peilikuva_istock-scaled.jpg","width":2560,"height":1707,"caption":"Kiharahiuksinen tytt\u00f6 miettii"},{"@type":"BreadcrumbList","@id":"https:\/\/www.kktavastia.fi\/ammattiopisto\/tutkinnot\/perustutkinnot\/#breadcrumb","itemListElement":[{"@type":"ListItem","position":1,"name":"Home","item":"https:\/\/www.kktavastia.fi\/ammattiopisto\/"},{"@type":"ListItem","position":2,"name":"Tutkinnot ja koulutukset","item":"https:\/\/www.kktavastia.fi\/ammattiopisto\/tutkinnot\/"},{"@type":"ListItem","position":3,"name":"Perustutkinnot"}]},{"@type":"WebSite","@id":"https:\/\/www.kktavastia.fi\/ammattiopisto\/#website","url":"https:\/\/www.kktavastia.fi\/ammattiopisto\/","name":"Ammattiopisto Tavastia","description":"","potentialAction":[{"@type":"SearchAction","target":{"@type":"EntryPoint","urlTemplate":"https:\/\/www.kktavastia.fi\/ammattiopisto\/?s={search_term_string}"},"query-input":{"@type":"PropertyValueSpecification","valueRequired":true,"valueName":"search_term_string"}}],"inLanguage":"fi"}]}},"_links":{"self":[{"href":"https:\/\/www.kktavastia.fi\/ammattiopisto\/wp-json\/wp\/v2\/pages\/15","targetHints":{"allow":["GET"]}}],"collection":[{"href":"https:\/\/www.kktavastia.fi\/ammattiopisto\/wp-json\/wp\/v2\/pages"}],"about":[{"href":"https:\/\/www.kktavastia.fi\/ammattiopisto\/wp-json\/wp\/v2\/types\/page"}],"author":[{"embeddable":true,"href":"https:\/\/www.kktavastia.fi\/ammattiopisto\/wp-json\/wp\/v2\/users\/1"}],"replies":[{"embeddable":true,"href":"https:\/\/www.kktavastia.fi\/ammattiopisto\/wp-json\/wp\/v2\/comments?post=15"}],"version-history":[{"count":25,"href":"https:\/\/www.kktavastia.fi\/ammattiopisto\/wp-json\/wp\/v2\/pages\/15\/revisions"}],"predecessor-version":[{"id":93106,"href":"https:\/\/www.kktavastia.fi\/ammattiopisto\/wp-json\/wp\/v2\/pages\/15\/revisions\/93106"}],"up":[{"embeddable":true,"href":"https:\/\/www.kktavastia.fi\/ammattiopisto\/wp-json\/wp\/v2\/pages\/11"}],"wp:featuredmedia":[{"embeddable":true,"href":"https:\/\/www.kktavastia.fi\/ammattiopisto\/wp-json\/wp\/v2\/media\/73296"}],"wp:attachment":[{"href":"https:\/\/www.kktavastia.fi\/ammattiopisto\/wp-json\/wp\/v2\/media?parent=15"}],"curies":[{"name":"wp","href":"https:\/\/api.w.org\/{rel}","templated":true}]}}