{"id":142,"date":"2020-11-24T15:19:07","date_gmt":"2020-11-24T13:19:07","guid":{"rendered":"https:\/\/kktavastia.vaiheessa.fi\/ammattiopisto\/?page_id=142"},"modified":"2026-03-21T11:37:39","modified_gmt":"2026-03-21T09:37:39","slug":"maahanmuuttaneet","status":"publish","type":"page","link":"https:\/\/www.kktavastia.fi\/ammattiopisto\/hakijalle\/maahanmuuttaneet\/","title":{"rendered":"Maahanmuuttaneet"},"content":{"rendered":"\n<p class=\"is-style-ingress\">Ammattiopisto Tavastiassa maahanmuuttaneet opiskelevat omissa ryhmiss\u00e4 tai yhdess\u00e4 suomea \u00e4idinkielen\u00e4\u00e4n puhuvien opiskelijoiden kanssa. Usein opiskelu aloitetaan koulutuksissa, joissa maahanmuuttaneet saavat enemm\u00e4n tukea suomen kielen oppimisessa. Tavoite on, ett\u00e4 opintojen aikana kotoudut ja opit suomalaisen opiskelu- ja ty\u00f6el\u00e4m\u00e4n k\u00e4yt\u00e4nt\u00f6j\u00e4. Tavoite on, ett\u00e4 l\u00f6yd\u00e4t oman, sinulle sopivan koulutuksen tai ty\u00f6n. Samalla opit enemm\u00e4n suomea ja tutustut suomea \u00e4idinkielen\u00e4 puhuviin opiskelukavereihin.<\/p>\n\n\n\n<div class=\"wp-block-buttons is-layout-flex wp-block-buttons-is-layout-flex\">\n<div class=\"wp-block-button\"><a class=\"wp-block-button__link wp-element-button\" href=\"https:\/\/kktavastia.tweb.fi\/3\/224057\">Ohje vieraskielisi\u00e4 koulutushakemuksen teossa ohjaaville <\/a><\/div>\n<\/div>\n\n\n\n<section class=\"block block-image-content-upsell right-image\">\n  <div class=\"container\">\n\n    <div class=\"cols\">\n      <div class=\"col col-content\">\n        <div class=\"content content-dark\">\n          <h3>Kehit\u00e4 suomen kielt\u00e4si ja ammattitaitoasi samaan aikaan!<\/h3>\n          <p>Haluatko ty\u00f6skennell\u00e4 esimerkiksi logistiikka-, pintak\u00e4sittely-, kone- ja tuotantotekniikka-, ravintola- tai puhtaus- ja kiinteist\u00f6hoitoalalla? Tarvitseeko sinun kehitt\u00e4\u00e4 suomen kielen taitoasi ja suomalaisen ty\u00f6el\u00e4m\u00e4n valmiuksiasi?<\/p>\n                      <a href=\"https:\/\/www.kktavastia.fi\/media\/sites\/2\/tyoelamavalmiudet-suomessa-ja-ammatillinen-tutkinnon-osa-koulutuspaketit-tavastiassa.pdf\" class=\"button button-light\">Lue lis\u00e4\u00e4 uudesta koulutuksesta ja hae mukaan!<svg xmlns=\"http:\/\/www.w3.org\/2000\/svg\" width=\"23\" height=\"8\" viewBox=\"0 0 23 8\"><path d=\"M1 3.818h21.23m0 0L19.153.764m3.077 3.054l-3.077 3.055\" stroke=\"currentColor\" stroke-width=\"1.5\" fill=\"none\" fill-rule=\"evenodd\" stroke-linecap=\"round\" stroke-linejoin=\"round\"\/><\/svg>\n<\/a>\n                  <\/div>\n      <\/div>\n\n      <div class=\"col col-image\">\n            <div class=\"lazy\"\n      data-bg=\"https:\/\/www.kktavastia.fi\/media\/sites\/2\/tyoelamavalmiudet-suomessa-ja-ammatillinen-tutkinnon-osa_kuva.jpg\"\n          >\n    <\/div>\n\n          <\/div>\n    <\/div>\n\n  <\/div>\n<\/section>\n\n\n\n<h3 class=\"wp-block-heading\">Aikuisten maahanmuuttajien perusopetus<\/h3>\n\n\n\n<p>Oletko 17\u201325-vuotias maahamuuttanut nuori ja tarvitset perusopetuksen p\u00e4\u00e4tt\u00f6todistuksen? Vai oletko maahanmuuttanut aikuinen ja tarvitse luku- ja kirjoitustaitoa ja matematiikan osaamista sek\u00e4 osaamista suomalaisesta ty\u00f6el\u00e4m\u00e4st\u00e4 ja yhteiskunnasta. T\u00e4m\u00e4 koulutus voisi olla sinulle hyv\u00e4 vaihtoehto!<\/p>\n\n\n\n<p>Aikuisten perusopetuksessa on:<\/p>\n\n\n\n<ul class=\"wp-block-list\">\n<li>Lukutaitovaihe \u2013 opiskelet lukemaan ja kirjoittamaan suomeksi&nbsp;<\/li>\n\n\n\n<li>Alkuvaihe \u2013 opiskelet suomalaisen peruskoulun luokkien 1\u20136 asioita suomeksi&nbsp;<\/li>\n\n\n\n<li>P\u00e4\u00e4tt\u00f6vaihe \u2013 opiskelet suomalaisen peruskoulun luokkien 7\u20139 asioita suomeksi&nbsp;<\/li>\n\n\n\n<li>Aineopiskelu \u2013 voit valita my\u00f6s vain osan kursseista. Voit valita esimerkiksi vain suomea, englantia ja matematiikkaa, jos tarvitset vain niit\u00e4.&nbsp;&nbsp;<\/li>\n<\/ul>\n\n\n\n<p>Opiskelua on kaikkina arkip\u00e4ivin\u00e4 maanantaista perjantaihin. Jos valitset vain osan kursseista, voi olla, ett\u00e4 opiskelua ei ole joka p\u00e4iv\u00e4. Sovimme opiskelun tavoitteista ja suunnittelemme opinnot yhdess\u00e4 sinun kanssasi. Suunnitelmasta riippuu, kuinka kauan opinnot kest\u00e4v\u00e4t. <\/p>\n\n\n\n<p><a href=\"https:\/\/www.kktavastia.fi\/ammattiopisto\/tutkinnot\/aikuisten-maahanmuuttajien-perusopetus\/aikuisten-maahanmuuttajien-perusopetus\/\">Tutustu aikuisten maahanmuuttajien perusopetukseen<\/a> (hakuaika 18.3.\u201310.5.2026)<\/p>\n\n\n\n<h3 class=\"wp-block-heading\">TUVA-koulutus<\/h3>\n\n\n\n<p>TUVA-koulutus on tutkintokoulutukseen valmentavaa koulutusta. Opit asioita, joita tarvitset sitten, kun opiskelet ammatillisessa perustutkinnossa tai lukiokoulutuksessa. Koulutuksessa opit suomea ja l\u00f6yd\u00e4t sinulle sopivan opiskelupaikan tai teet suunnitelman ty\u00f6n hakuun. Koulutus kest\u00e4\u00e4 yhden lukuvuoden, elokuusta kes\u00e4kuuhun. Opiskelua on maanantaista perjantaihin. Haet koulutuksiin joko Ammattiopisto Tavastian tai Ty\u00f6markkinatorin (ty\u00f6voimakoulutus) kautta.<\/p>\n\n\n\n<p><a href=\"https:\/\/www.kktavastia.fi\/ammattiopisto\/tutkinnot\/tuva-koulutukset\/\">Tutustu TUVA-koulutukseen<\/a><\/p>\n\n\n\n<h3 class=\"wp-block-heading\">Ty\u00f6el\u00e4m\u00e4valmiudet Suomessa ja ammatillinen tutkinnon osa koulutuspaketit maahanmuuttaneille<\/h3>\n\n\n\n<p>Kehit\u00e4 suomen kielt\u00e4si ja ammattitaitoasi samaan aikaan! Haluatko ty\u00f6skennell\u00e4 esimerkiksi logistiikka-, pintak\u00e4sittely-, kone- ja tuotantotekniikka-, ravintola- tai puhtaus- ja kiinteist\u00f6palvelualalla? Tarvitseeko sinun kehitt\u00e4\u00e4 suomen kielen taitoasi ja suomalaisen ty\u00f6el\u00e4m\u00e4n valmiuksiasi? T\u00e4m\u00e4 uusi koulutus yhdist\u00e4\u00e4 suomen kielen opetuksen ja ammatilliset opinnot. Opiskelet k\u00e4yt\u00e4nn\u00f6nl\u00e4heisesti ja kehit\u00e4t ty\u00f6el\u00e4m\u00e4valmiuksiasi aidossa ty\u00f6ymp\u00e4rist\u00f6ss\u00e4.<\/p>\n\n\n\n<ul class=\"wp-block-list\">\n<li><a href=\"https:\/\/www.kktavastia.fi\/ammattiopisto\/tutkinnot\/tutkinnon-osat\/polku-ravintola-alan-monipuolisiin-tehtaviin-maahanmuuttajille\/\">Polku ravintola-alan monipuolisiin ty\u00f6teht\u00e4viin<\/a> (hakuaika 18.3.\u20132.8.2026)<\/li>\n\n\n\n<li><a href=\"https:\/\/www.kktavastia.fi\/ammattiopisto\/tutkinnot\/tutkinnon-osat\/polku-tekniikan-alan-monipuolisiin-tyotehtaviin\/\">Polku tekniikan alan monipuolisiin ty\u00f6teht\u00e4viin<\/a> (hakuaika 18.3.\u20132.8.2026)<\/li>\n\n\n\n<li><a href=\"https:\/\/www.kktavastia.fi\/ammattiopisto\/tutkinnot\/tutkinnon-osat\/polku-kiinteistopalvelualan-monipuolisiin-tyotehtaviin\/\">Polku kiinteist\u00f6palvelualan monipuolisiin ty\u00f6teht\u00e4viin<\/a> (hakuaika 18.3.\u20132.8.2026)<\/li>\n\n\n\n<li><a href=\"https:\/\/www.kktavastia.fi\/ammattiopisto\/tutkinnot\/tutkinnon-osat\/polku-puhtauspalvelualan-monipuolisiin-tyotehtaviin\/\">Polku puhtauspalvelualan monipuolisiin ty\u00f6teht\u00e4viin<\/a> (hakuaika 18.3.\u20132.8.2026)<\/li>\n<\/ul>\n\n\n\n<h3 class=\"wp-block-heading\">Ammatilliset tutkinnot<\/h3>\n\n\n\n<p>Voit hakea opiskelemaan kaikkiin perustutkintoihin. Perustutkinto antaa perusvalmiudet tehd\u00e4 alan ty\u00f6t\u00e4. Ammatti- ja erikoisammattitutkinnot on tarkoitettu ty\u00f6ss\u00e4 oleville, jotka osaavat jo paljon tai heill\u00e4 on alan perustutkinto.<\/p>\n\n\n\n<p>Tavoitteesi voi olla koko tutkinto. Tavoite voi olla my\u00f6s suorittaa tutkinnon osia. Koko perustutkinnon suorittaminen kest\u00e4\u00e4 usein noin kolme vuotta. Valmistumisaika riippuu siit\u00e4, mit\u00e4 jo osaat ja siit\u00e4, miten nopeasti opiskelet ja opit. Kun osaat, n\u00e4yt\u00e4t osaamisesi ty\u00f6paikalla k\u00e4yt\u00e4nn\u00f6n ty\u00f6ss\u00e4. Voit hakea ammatilliseen koulutukseen monella tavalla eri aikoina.<\/p>\n\n\n\n<p>Haet koulutuksiin joko <a href=\"https:\/\/www.kktavastia.fi\/ammattiopisto\/tutkinnot\/\">Ammattiopisto Tavastian<\/a> tai Ty\u00f6markkinatorin kautta.<\/p>\n\n\n\n<h3 class=\"wp-block-heading\">Ei-tutkintotavoitteiset koulutukset<\/h3>\n\n\n\n<p>Voit hakea ty\u00f6voimakoulutuksiin, joissa ei tehd\u00e4 tutkintoa tai tutkinnon osia. N\u00e4m\u00e4 koulutukset ovat lyhyit\u00e4. Koulutus voi olla alalle tutustumista, osaamisen kartoittamista tai tiettyyn ty\u00f6teht\u00e4v\u00e4\u00e4n valmentautumista. Tavoite on l\u00f6yt\u00e4\u00e4 ty\u00f6paikka tai jatkaa opiskelua tutkintokoulutuksessa. Haet n\u00e4ihin koulutuksiin <a href=\"https:\/\/tyomarkkinatori.fi\/henkiloasiakkaat\/koulutukset-ja-palvelut\">Ty\u00f6markkinatorin<\/a> kautta.<\/p>\n\n\n\n<h3 class=\"wp-block-heading\">Monimuotoinen rekrytointituki\u200b \u2013 suomen kielen opetusta ja tukea ty\u00f6ntekij\u00f6ille ja ty\u00f6yhteis\u00f6lle<\/h3>\n\n\n\n<p>Tarvitseeko yrityksesi suomen kielen opetusta ja tukea vieraskielisille ty\u00f6ntekij\u00f6ille ja monikulttuuriselle ty\u00f6yhteis\u00f6lle? Ty\u00f6H\u00e4me ja Ammattiopisto Tavastia haluavat auttaa ty\u00f6nantajia menestym\u00e4\u00e4n erilaisin tukimuodoin. <\/p>\n\n\n\n<p>Monimuotoinen\u202frekrytointituki on yksi Ty\u00f6H\u00e4meen ty\u00f6nantajille tarjottavista tukimuodoista. Se on harkinnanvarainen tuki ty\u00f6nantajille ty\u00f6tt\u00f6mien ty\u00f6nhakijoiden ty\u00f6ss\u00e4 menestymisen tukemiseen. Monimuotoisen rekrytointituen avulla ty\u00f6nantaja voi hankkia suomen kielen opetusta ja tukea vieraskielisille ty\u00f6ntekij\u00f6ille ja monikulttuurisille ty\u00f6yhteis\u00f6ille. <a href=\"https:\/\/www.kktavastia.fi\/ammattiopisto\/tutkinnot\/tyovoimakoulutukset\/monimuotoinen-rekrytointituki-suomen-kielen-opetusta-ja-tukea-tyontekijoille-ja-tyoyhteisolle-tavastiasta\/\">Lue lis\u00e4\u00e4<\/a>.<\/p>\n\n\n\n<h3 class=\"wp-block-heading\">Ty\u00f6paikkasuomi<\/h3>\n\n\n\n<p>Ty\u00f6paikkasuomi-koulutus on yrityksess\u00e4 ty\u00f6skenteleville tai rekrytoitaville vieraskielisille henkil\u00f6ille ty\u00f6nantajan tarjoama koulutus, jossa ty\u00f6ntekij\u00e4 oppii ja kehitt\u00e4\u00e4 ty\u00f6paikalla tarvittavaa kirjallista ja suullista suomen kielen osaamista, vahvistaa peruskielitaitoa ja\/tai alakohtaista ammattisanastoa ja keskittyy ty\u00f6h\u00f6n liittyviin vuorovaikutustilanteisiin ja sanastoon. Ty\u00f6paikkasuomi-koulutus toteutetaan yhteishankintana, jossa ty\u00f6nantaja maksaa koulutuksesta osan ja ty\u00f6llisyysalue loput. Palvelu on tarjolla yrityksille Keski-Uudenmaan ja Kanta-H\u00e4meen kunnissa. <a href=\"https:\/\/www.kktavastia.fi\/tyoelamapalvelut\/tyonantajille-ja-yrittajille\/\">Lue lis\u00e4\u00e4!<\/a><\/p>\n\n\n\n<hr class=\"wp-block-separator has-alpha-channel-opacity is-style-wide\" \/>\n\n\n\n<h4 class=\"wp-block-heading\"><strong>Hakeminen<\/strong><\/h4>\n\n\n\n<p>Ammattiopisto Tavastian Ohjauspisteess\u00e4 saat apua ja neuvoja, jos haluat hakea opiskelemaan. <a href=\"https:\/\/www.kktavastia.fi\/ammattiopisto\/hakijalle\/ohjauspiste\/\">Ohjauspisteess\u00e4<\/a> voit tehd\u00e4 koulutushakemuksen.<\/p>\n\n\n\n<p>Ammatillisessa koulutuksessa opetetaan ja opiskellaan suomeksi. K\u00e4yt\u00e4nn\u00f6nl\u00e4heisiss\u00e4 tutkinnoissa riitt\u00e4\u00e4 matalampi kielitaito kuin niiss\u00e4 tutkinnoissa, joissa suomen kieli on ty\u00f6v\u00e4line tai opinnoissa on paljon teoriaa. Tutkinnon osia voi tulla opiskelemaan matalammalla kielitaidolla kuin koko tutkintoa. Kun kielitaito kehittyy opiskelun aikana, voit hakea opiskelemaan koko tutkintoon. Tarvittava kielitaito osoitetaan todistuksella tai kielikokeessa. Testaamme kielitaidon sek\u00e4 suullisen ett\u00e4 kirjallisen kielitaidon osalta. Jos haet opiskelemaan Suomen ulkopuolelta, kutsumme sinut et\u00e4yhteydell\u00e4 (Teams) pidett\u00e4v\u00e4\u00e4n suullisen kielen kielikokeeseen. Suomessa asuville suullisen kielen kielikoe toteutetaan paikan p\u00e4\u00e4ll\u00e4 H\u00e4meenlinnassa. Kirjallinen kielikoe tehd\u00e4\u00e4n oppilaitoksessa H\u00e4meenlinnassa, siihen ei voi osallistua et\u00e4yhteyksin.<\/p>\n\n\n\n<h4 class=\"wp-block-heading\"><strong>Tukitoimet<\/strong><\/h4>\n\n\n\n<p>Kehittyv\u00e4 kielitaito\u202fotetaan opetuksessa\u202fhuomioon ja\u202fsaat\u202ftukitoimia, joita tarvitset. Ammattitaitovaatimukset ovat samat kaikilla opiskelijoilla. Jos opiskelet perustutkintoa, opintoihisi suunnitella suomen kielen ja muiden perustaitojen vahvistamista. Kieliopinnoissa j\u00e4rjestet\u00e4\u00e4n suomi toisena kielen\u00e4 -opetusta. Maahanmuuttaneella on oikeus erityiseen tukeen ja oppimisen tukeen samalla tavalla kuin suomea \u00e4idinkielen\u00e4 puhuvilla.<\/p>\n\n\n\n<h4 class=\"wp-block-heading\"><strong>Oleskeluluvat ja etuudet<\/strong><\/h4>\n\n\n\n<p>Ty\u00f6voimakoulutuksiin voivat hakea ty\u00f6hallinnon asiakkaat. Muihin Ammattiopisto Tavastian koulutuksiin voit hakea my\u00f6s ilman oleskelulupaa tai kotikuntaa. Ammatillisessa koulutuksessa ty\u00f6paikoilla voidaan tarvita veronumero, sen saat verotoimistosta.&nbsp;<\/p>\n\n\n\n<p>Opiskelun aikana voit saada taloudellista tukea, esimerkiksi Kelan opintotukea ja koulumatkatukea tai ty\u00f6llisyysalueen kanssa sovitusti ty\u00f6voimaetuutta. On t\u00e4rke\u00e4\u00e4 selvitt\u00e4\u00e4 tukiasiat ennen opintojen aloittamista, voit kysy\u00e4 niist\u00e4 <a href=\"https:\/\/www.te-palvelut.fi\/te\/fi\/\" target=\"_blank\" rel=\"noreferrer noopener\">Ty\u00f6llisyysalueelta<\/a> ja <a href=\"http:\/\/www.kela.fi\" target=\"_blank\" rel=\"noreferrer noopener\">Kelasta<\/a>.<\/p>\n\n\n\n<h4 class=\"wp-block-heading\"><strong>Lukuvuosimaksu<\/strong><\/h4>\n\n\n\n<p>Jos aloitat opiskelun&nbsp;<strong>1.8.2026 tai sen j\u00e4lkeen<\/strong>&nbsp;ja olet&nbsp;<strong>EU- ja ETA-alueen ulkopuolisen maan kansalainen<\/strong>, sinulta voidaan peri\u00e4 lukuvuosimaksu ammatillisessa koulutuksessa Suomessa. Lue lis\u00e4\u00e4 <a href=\"https:\/\/www.kktavastia.fi\/ammattiopisto\/hakijalle\/lukuvuosimaksut\/\">t\u00e4\u00e4lt\u00e4<\/a>.<\/p>\n\n\n\n<figure class=\"wp-block-embed is-type-video is-provider-youtube wp-block-embed-youtube wp-embed-aspect-16-9 wp-has-aspect-ratio\"><div class=\"wp-block-embed__wrapper\">\n<div data-service=\"463648319\" data-id=\"463648319\" data-title=\"T\u00e4m\u00e4 upote saattaa k\u00e4ytt\u00e4\u00e4 ev\u00e4steit\u00e4\" data-autoscale><\/div>\n<\/div><\/figure>\n","protected":false},"excerpt":{"rendered":"<p>Ammattiopisto Tavastiassa maahanmuuttaneet opiskelevat omissa ryhmiss\u00e4 tai yhdess\u00e4 suomea \u00e4idinkielen\u00e4\u00e4n puhuvien opiskelijoiden kanssa. Usein opiskelu aloitetaan koulutuksissa, joissa maahanmuuttaneet saavat [&hellip;]<\/p>\n","protected":false},"author":6,"featured_media":0,"parent":2,"menu_order":7,"comment_status":"closed","ping_status":"closed","template":"","meta":{"_acf_changed":false,"_relevanssi_hide_post":"","_relevanssi_hide_content":"","_relevanssi_pin_for_all":"","_relevanssi_pin_keywords":"","_relevanssi_unpin_keywords":"","_relevanssi_related_keywords":"","_relevanssi_related_include_ids":"","_relevanssi_related_exclude_ids":"","_relevanssi_related_no_append":"","_relevanssi_related_not_related":"","_relevanssi_related_posts":"58,934,1063,1111,193,38504","_relevanssi_noindex_reason":"","footnotes":""},"class_list":["post-142","page","type-page","status-publish","hentry"],"acf":[],"yoast_head":"<title>Maahanmuuttaneiden koulutus ja opiskelu| Ammattiopisto Tavastia<\/title>\n<meta name=\"description\" content=\"Maahanmuuttaneiden koulutus ja opiskelu Ammattiopisto Tavastiassa: maahanmuuttaneiden perusopetus, TUVA-koulutus, ammatillinen koulutus.\" \/>\n<meta name=\"robots\" content=\"index, follow, max-snippet:-1, max-image-preview:large, max-video-preview:-1\" \/>\n<link rel=\"canonical\" href=\"https:\/\/www.kktavastia.fi\/ammattiopisto\/hakijalle\/maahanmuuttaneet\/\" \/>\n<meta property=\"og:locale\" content=\"fi_FI\" \/>\n<meta property=\"og:type\" content=\"article\" \/>\n<meta property=\"og:title\" content=\"Maahanmuuttaneiden koulutus ja opiskelu| Ammattiopisto Tavastia\" \/>\n<meta property=\"og:description\" content=\"Maahanmuuttaneiden koulutus ja opiskelu Ammattiopisto Tavastiassa: maahanmuuttaneiden perusopetus, TUVA-koulutus, ammatillinen koulutus.\" \/>\n<meta property=\"og:url\" content=\"https:\/\/www.kktavastia.fi\/ammattiopisto\/hakijalle\/maahanmuuttaneet\/\" \/>\n<meta property=\"og:site_name\" content=\"Ammattiopisto Tavastia\" \/>\n<meta property=\"article:modified_time\" content=\"2026-03-21T09:37:39+00:00\" \/>\n<meta name=\"twitter:card\" content=\"summary_large_image\" \/>\n<script type=\"application\/ld+json\" class=\"yoast-schema-graph\">{\"@context\":\"https:\\\/\\\/schema.org\",\"@graph\":[{\"@type\":\"WebPage\",\"@id\":\"https:\\\/\\\/www.kktavastia.fi\\\/ammattiopisto\\\/hakijalle\\\/maahanmuuttaneet\\\/\",\"url\":\"https:\\\/\\\/www.kktavastia.fi\\\/ammattiopisto\\\/hakijalle\\\/maahanmuuttaneet\\\/\",\"name\":\"Maahanmuuttaneiden koulutus ja opiskelu| Ammattiopisto Tavastia\",\"isPartOf\":{\"@id\":\"https:\\\/\\\/www.kktavastia.fi\\\/ammattiopisto\\\/#website\"},\"datePublished\":\"2020-11-24T13:19:07+00:00\",\"dateModified\":\"2026-03-21T09:37:39+00:00\",\"description\":\"Maahanmuuttaneiden koulutus ja opiskelu Ammattiopisto Tavastiassa: maahanmuuttaneiden perusopetus, TUVA-koulutus, ammatillinen koulutus.\",\"breadcrumb\":{\"@id\":\"https:\\\/\\\/www.kktavastia.fi\\\/ammattiopisto\\\/hakijalle\\\/maahanmuuttaneet\\\/#breadcrumb\"},\"inLanguage\":\"fi\",\"potentialAction\":[{\"@type\":\"ReadAction\",\"target\":[\"https:\\\/\\\/www.kktavastia.fi\\\/ammattiopisto\\\/hakijalle\\\/maahanmuuttaneet\\\/\"]}]},{\"@type\":\"BreadcrumbList\",\"@id\":\"https:\\\/\\\/www.kktavastia.fi\\\/ammattiopisto\\\/hakijalle\\\/maahanmuuttaneet\\\/#breadcrumb\",\"itemListElement\":[{\"@type\":\"ListItem\",\"position\":1,\"name\":\"Home\",\"item\":\"https:\\\/\\\/www.kktavastia.fi\\\/ammattiopisto\\\/\"},{\"@type\":\"ListItem\",\"position\":2,\"name\":\"Hakijalle\",\"item\":\"https:\\\/\\\/www.kktavastia.fi\\\/ammattiopisto\\\/hakijalle\\\/\"},{\"@type\":\"ListItem\",\"position\":3,\"name\":\"Maahanmuuttaneet\"}]},{\"@type\":\"WebSite\",\"@id\":\"https:\\\/\\\/www.kktavastia.fi\\\/ammattiopisto\\\/#website\",\"url\":\"https:\\\/\\\/www.kktavastia.fi\\\/ammattiopisto\\\/\",\"name\":\"Ammattiopisto Tavastia\",\"description\":\"\",\"potentialAction\":[{\"@type\":\"SearchAction\",\"target\":{\"@type\":\"EntryPoint\",\"urlTemplate\":\"https:\\\/\\\/www.kktavastia.fi\\\/ammattiopisto\\\/?s={search_term_string}\"},\"query-input\":{\"@type\":\"PropertyValueSpecification\",\"valueRequired\":true,\"valueName\":\"search_term_string\"}}],\"inLanguage\":\"fi\"}]}<\/script>","yoast_head_json":{"title":"Maahanmuuttaneiden koulutus ja opiskelu| Ammattiopisto Tavastia","description":"Maahanmuuttaneiden koulutus ja opiskelu Ammattiopisto Tavastiassa: maahanmuuttaneiden perusopetus, TUVA-koulutus, ammatillinen koulutus.","robots":{"index":"index","follow":"follow","max-snippet":"max-snippet:-1","max-image-preview":"max-image-preview:large","max-video-preview":"max-video-preview:-1"},"canonical":"https:\/\/www.kktavastia.fi\/ammattiopisto\/hakijalle\/maahanmuuttaneet\/","og_locale":"fi_FI","og_type":"article","og_title":"Maahanmuuttaneiden koulutus ja opiskelu| Ammattiopisto Tavastia","og_description":"Maahanmuuttaneiden koulutus ja opiskelu Ammattiopisto Tavastiassa: maahanmuuttaneiden perusopetus, TUVA-koulutus, ammatillinen koulutus.","og_url":"https:\/\/www.kktavastia.fi\/ammattiopisto\/hakijalle\/maahanmuuttaneet\/","og_site_name":"Ammattiopisto Tavastia","article_modified_time":"2026-03-21T09:37:39+00:00","twitter_card":"summary_large_image","schema":{"@context":"https:\/\/schema.org","@graph":[{"@type":"WebPage","@id":"https:\/\/www.kktavastia.fi\/ammattiopisto\/hakijalle\/maahanmuuttaneet\/","url":"https:\/\/www.kktavastia.fi\/ammattiopisto\/hakijalle\/maahanmuuttaneet\/","name":"Maahanmuuttaneiden koulutus ja opiskelu| Ammattiopisto Tavastia","isPartOf":{"@id":"https:\/\/www.kktavastia.fi\/ammattiopisto\/#website"},"datePublished":"2020-11-24T13:19:07+00:00","dateModified":"2026-03-21T09:37:39+00:00","description":"Maahanmuuttaneiden koulutus ja opiskelu Ammattiopisto Tavastiassa: maahanmuuttaneiden perusopetus, TUVA-koulutus, ammatillinen koulutus.","breadcrumb":{"@id":"https:\/\/www.kktavastia.fi\/ammattiopisto\/hakijalle\/maahanmuuttaneet\/#breadcrumb"},"inLanguage":"fi","potentialAction":[{"@type":"ReadAction","target":["https:\/\/www.kktavastia.fi\/ammattiopisto\/hakijalle\/maahanmuuttaneet\/"]}]},{"@type":"BreadcrumbList","@id":"https:\/\/www.kktavastia.fi\/ammattiopisto\/hakijalle\/maahanmuuttaneet\/#breadcrumb","itemListElement":[{"@type":"ListItem","position":1,"name":"Home","item":"https:\/\/www.kktavastia.fi\/ammattiopisto\/"},{"@type":"ListItem","position":2,"name":"Hakijalle","item":"https:\/\/www.kktavastia.fi\/ammattiopisto\/hakijalle\/"},{"@type":"ListItem","position":3,"name":"Maahanmuuttaneet"}]},{"@type":"WebSite","@id":"https:\/\/www.kktavastia.fi\/ammattiopisto\/#website","url":"https:\/\/www.kktavastia.fi\/ammattiopisto\/","name":"Ammattiopisto Tavastia","description":"","potentialAction":[{"@type":"SearchAction","target":{"@type":"EntryPoint","urlTemplate":"https:\/\/www.kktavastia.fi\/ammattiopisto\/?s={search_term_string}"},"query-input":{"@type":"PropertyValueSpecification","valueRequired":true,"valueName":"search_term_string"}}],"inLanguage":"fi"}]}},"_links":{"self":[{"href":"https:\/\/www.kktavastia.fi\/ammattiopisto\/wp-json\/wp\/v2\/pages\/142","targetHints":{"allow":["GET"]}}],"collection":[{"href":"https:\/\/www.kktavastia.fi\/ammattiopisto\/wp-json\/wp\/v2\/pages"}],"about":[{"href":"https:\/\/www.kktavastia.fi\/ammattiopisto\/wp-json\/wp\/v2\/types\/page"}],"author":[{"embeddable":true,"href":"https:\/\/www.kktavastia.fi\/ammattiopisto\/wp-json\/wp\/v2\/users\/6"}],"replies":[{"embeddable":true,"href":"https:\/\/www.kktavastia.fi\/ammattiopisto\/wp-json\/wp\/v2\/comments?post=142"}],"version-history":[{"count":25,"href":"https:\/\/www.kktavastia.fi\/ammattiopisto\/wp-json\/wp\/v2\/pages\/142\/revisions"}],"predecessor-version":[{"id":150958,"href":"https:\/\/www.kktavastia.fi\/ammattiopisto\/wp-json\/wp\/v2\/pages\/142\/revisions\/150958"}],"up":[{"embeddable":true,"href":"https:\/\/www.kktavastia.fi\/ammattiopisto\/wp-json\/wp\/v2\/pages\/2"}],"wp:attachment":[{"href":"https:\/\/www.kktavastia.fi\/ammattiopisto\/wp-json\/wp\/v2\/media?parent=142"}],"curies":[{"name":"wp","href":"https:\/\/api.w.org\/{rel}","templated":true}]}}