{"id":14077,"date":"2021-02-18T16:15:41","date_gmt":"2021-02-18T14:15:41","guid":{"rendered":"https:\/\/www.kktavastia.fi\/ammattiopisto\/?page_id=14077"},"modified":"2025-08-04T09:40:15","modified_gmt":"2025-08-04T06:40:15","slug":"valitse-kansainvalisyyspolku","status":"publish","type":"page","link":"https:\/\/www.kktavastia.fi\/ammattiopisto\/opiskelijalle\/opiskelu\/yksilolliset-opiskelupolut\/valitse-kansainvalisyyspolku\/","title":{"rendered":"Valitse kansainv\u00e4lisyyspolku"},"content":{"rendered":"\n<p><strong>1. Keskustele vastuuopettajasi kanssa ja tee hakemus kansainv\u00e4liselle jaksolle<\/strong><\/p>\n\n\n\n<p>Ammattiopisto Tavastiassa kansainv\u00e4liselle jaksolle haetaan hakulomakkeella. Hakemus kannattaa toimittaa noin 6 kk ennen toivottua ajankohtaa.&nbsp;Hakemus l\u00f6ytyy Wilmasta.<\/p>\n\n\n\n<p>Keskustele hyviss\u00e4 ajoin (opintojen alussa) vastuuopettajasi kanssa toiveestasi p\u00e4\u00e4st\u00e4 kansainv\u00e4liselle jaksolle HOKS-keskustelussa. Vastuuopettaja selvitt\u00e4\u00e4 valmiutesi l\u00e4hte\u00e4 KV-jaksolle. Kriteerin\u00e4 on, ett\u00e4 opintosi ovat edenneet HOKSin mukaisesti ja ulkomaanjakso soveltuu j\u00e4ljell\u00e4 oleviin opintoihisi.<\/p>\n\n\n\n<p>Lis\u00e4ksi KV-jaksolle l\u00e4htev\u00e4ll\u00e4 opiskelijalla on oltava<\/p>\n\n\n\n<ul class=\"wp-block-list\">\n<li>hyv\u00e4t k\u00e4yt\u00f6stavat ja edellytykset edustaa Ammattiopisto Tavastiaa ja Suomea<\/li>\n\n\n\n<li>riitt\u00e4v\u00e4 englannin tai kohdemaan kielitaito<\/li>\n\n\n\n<li>hyv\u00e4 terveydentila<\/li>\n\n\n\n<li>p\u00e4\u00e4s\u00e4\u00e4nt\u00f6isesti v\u00e4hint\u00e4\u00e4n 18-vuotias ja opinnot loppuvaiheessa<\/li>\n<\/ul>\n\n\n\n<p>Ammattiopisto Tavastian kansainv\u00e4listen asioiden yhteyshenkil\u00f6t:<\/p>\n\n\n\n<ul class=\"wp-block-list\">\n<li>Taideteollisuus, tekstiili-, muoti- ja hiusala, TUVA | Laura Peltonen<\/li>\n\n\n\n<li>Pintak\u00e4sittely, auto, kone- ja tuotantotekniikka ja logistiikka | Mia Parkkari\/Pasi Henriksson&nbsp;&nbsp;&nbsp;&nbsp;&nbsp;&nbsp;&nbsp;&nbsp;&nbsp;&nbsp;&nbsp;&nbsp;&nbsp;&nbsp;&nbsp;&nbsp;&nbsp;&nbsp;&nbsp;&nbsp;&nbsp;<\/li>\n\n\n\n<li>S\u00e4hk\u00f6, rakennus, maanmittaus, talotekniikka ja kiinteist\u00f6palvelu | Anders Kaikkonen\/Pasi Henriksson<\/li>\n\n\n\n<li>Liiketoiminta, tuotekehitysty\u00f6, matkailu ja puhtauspalvelut | P\u00e4ivi Sepp\u00e4l\u00e4<\/li>\n\n\n\n<li>Ravintola, catering ja elintarvikeala | Johanna J\u00e4rvinen<\/li>\n\n\n\n<li>Terveys- ja hyvinvointiala | Susanna Kauppi<\/li>\n\n\n\n<li>Erasmus-koordinaattori | Elina Kanerva<\/li>\n<\/ul>\n\n\n\n<p>S\u00e4hk\u00f6posti: etunimi.sukunimi(at)kktavastia.fi<\/p>\n\n\n\n<p>&nbsp;<strong>2. Tee englanninkielinen ansioluettelo (Europass CV)<\/strong><\/p>\n\n\n\n<p>Ansioluettelon&nbsp;tekoon k\u00e4ytet\u00e4\u00e4n Europassin online-ansioluettelopohjaa. L\u00f6yd\u00e4t sen &nbsp;<a href=\"https:\/\/europass.cedefop.europa.eu\/documents\/curriculum-vitae\" target=\"_blank\" rel=\"noreferrer noopener\">t\u00e4\u00e4lt\u00e4<\/a>.<\/p>\n\n\n\n<p>Voit pyyt\u00e4\u00e4 apua ansioluettelon tekemisess\u00e4 oman toimipisteesi kansainv\u00e4lisyysvastuuhenkil\u00f6lt\u00e4. Ansioluettelon kirjoittaminen on osa valmentautumista ulkomaanjaksolle.<\/p>\n\n\n\n<p><strong>3. Osallistu aktiivisesti valmennukseen ja valmistaudu my\u00f6s itsen\u00e4isesti ulkomaanjaksolle<\/strong>&nbsp;<\/p>\n\n\n\n<p>Ammattiopisto j\u00e4rjest\u00e4\u00e4 kansainv\u00e4lisen jakson valmennuksia&nbsp;sek\u00e4 Teamsiss\u00e4 ett\u00e4 kasvotusten. Toimipisteesi kansainv\u00e4listen asioiden yhteyshenkil\u00f6 informoi sinua valmennuksista ja niiden ajankohdista.<\/p>\n\n\n\n<p>Kun kohdemaa ja ty\u00f6paikka varmistuu, perehdy my\u00f6s itsen\u00e4isesti:<\/p>\n\n\n\n<ul class=\"wp-block-list\">\n<li>kohdemaahan, -ty\u00f6paikkaan,<\/li>\n\n\n\n<li>vahvista englannin kielen taitojasi,<\/li>\n\n\n\n<li>perehdy kohdemaan kieleen, mik\u00e4li se ei ole englanti \u2013 opettele joitakin sanoja\/perusteita<\/li>\n<\/ul>\n\n\n\n<p>Ker\u00e4\u00e4 my\u00f6s perustietoa Suomen koulutusj\u00e4rjestelm\u00e4st\u00e4 (esim: <a href=\"https:\/\/minedu.fi\/en\/education-system\">https:\/\/minedu.fi\/en\/education-system<\/a> tai&nbsp; <a href=\"https:\/\/www.oph.fi\/en\/education-system\/finnish-vocational-education-and-training\" target=\"_blank\" rel=\"noreferrer noopener\">https:\/\/www.oph.fi\/en\/education-system\/finnish-vocational-education-and-training<\/a>), koulutuksestasi, oppilaitoksesta, H\u00e4meenlinnasta ja Suomesta. Ota vaikkapa valokuvia valmistautuessasi ulkomaanjaksoon esim. oppilaitoksesta, kotiymp\u00e4rist\u00f6st\u00e4si\/H\u00e4meenlinnasta.<\/p>\n\n\n\n<p><strong>4. Sitoumus, apurahasopimus, kielitesti<\/strong><\/p>\n\n\n\n<p>Kanssasi tehd\u00e4\u00e4n sitoumus, joka on samalla my\u00f6s apurahasopimus.<\/p>\n\n\n\n<p>Erasmus + hankkeiden rahoittamissa jaksoissa teet englannin tai kohdemaan kielen OLS-kielitestin. Linkki kielitestiin tulee s\u00e4hk\u00f6postiisi. Saat my\u00f6s k\u00e4ytt\u00f6\u00f6si kielikurssin. Kielikurssia kannattaa ehdottomasti hy\u00f6dynt\u00e4\u00e4.<\/p>\n\n\n\n<p><strong>5. Matka-, lupa- ja vakuutusasiakirjat<\/strong><strong><\/strong><\/p>\n\n\n\n<p>Varmista, ett\u00e4 passisi on voimassa ja tarvittaessa hanki viisumi. Joissakin maissa ja\/tai aloilla vaaditaan rikosrekisteriote (kohdemaan tai englanninkielinen) Suomesta. Maksullinen rikosrekisteriote haetaan t\u00e4ytt\u00e4m\u00e4ll\u00e4 s\u00e4hk\u00f6inen hakemus (Oikeusrekisterikeskus, lomakkeet).<\/p>\n\n\n\n<p>Hae Kelalta (kela.fi) Eurooppalainen sairaanhoitokortti. Ammattiopisto Tavastian puolesta sinulla on matkavakuutus. Koulutuskuntayhtym\u00e4 Tavastian opiskelijoiden ja henkil\u00f6st\u00f6n vakuutukset ovat voimassa ulkomaanjaksoilla lukuun ottamatta matkatavaravakuutusta, joka on suositeltavaa hankkia itse. Saat kv-vastuuhenkil\u00f6lt\u00e4 ja ohjaavalta opettajaltasi lis\u00e4tietoa ja -ohjausta t\u00e4h\u00e4nkin asiaan.<\/p>\n\n\n\n<p><strong>6. Training\/Learning Agreement eli koulutussopimus ja jakson tavoitteet<\/strong><\/p>\n\n\n\n<p>Toimipisteesi kansainv\u00e4lisyysvastaava tekee kanssasi sinulle englanninkielisen koulutussopimuksen (Training\/Learning Agreement) kolmena kappaleena. Palautat yhden allekirjoitukset sis\u00e4lt\u00e4m\u00e4n koulutussopimuksen kv-vastaavallesi jakson j\u00e4lkeen, yksi j\u00e4\u00e4 ty\u00f6paikalle ja yksi sopimus j\u00e4\u00e4 sinulle.<\/p>\n\n\n\n<p>Kaikki kansainv\u00e4lisyysjaksot ovat osa suorittamasi tutkinnon osan mukaisia tavoitteellisia opintoja. Kansainv\u00e4lisyysvastaava tai ohjaava opettajasi antaa sinulle mukaan jakson tavoitteet. Hankit KV-jaksoilla muun muassa ammatillista, kielellist\u00e4 ja kulttuuriosaamista. Saat osaamisestasi arviointia ja osaaminen tunnustetaan osana suorittamaasi ammatillista tutkintoa.<\/p>\n\n\n\n<p><strong>7. Matkat ja asuminen<\/strong><\/p>\n\n\n\n<p>Oman alasi kv-vastuuhenkil\u00f6 auttaa sinua tarvittaessa matkaj\u00e4rjestelyiss\u00e4. Tekem\u00e4si CV ansioluettelo l\u00e4hetet\u00e4\u00e4n ulkomaille kumppanikohteeseen, jossa paikallinen yhteyshenkil\u00f6&nbsp;alkaa etsi\u00e4 sopivaa ty\u00f6paikalla j\u00e4rjestett\u00e4v\u00e4n koulutuksen paikkaa. Kansainv\u00e4linen jakso varmistuu siin\u00e4 vaiheessa, kun sopiva ty\u00f6paikka ja asunto ovat l\u00f6ytyneet kohteessa.<\/p>\n\n\n\n<p>Jos sinulla on tiedossa mahdollinen ty\u00f6ss\u00e4oppimispaikka jossain maassa, keskustele vastuuopettajasi ja kv-vastuuhenkil\u00f6n kanssa sen soveltuvuudesta. P\u00e4\u00e4t\u00f6ksen kansainv\u00e4lisen jaksopaikan soveltuvuudesta tekee vastuuopettaja ja KV-vastaava.&nbsp;<\/p>\n\n\n\n<p>Hakuprosessin edetess\u00e4 sovitaan lentojen hankinnasta, lentokentt\u00e4kuljetuksista ja asumisesta kohteessa. Asumisasiat hoidetaan joko Ammattiopisto Tavastian toimesta, yhteisty\u00f6ss\u00e4 ulkomaisen kumppanitahomme kanssa, tai haet itse. Joka tapauksessa KV-vastaavasi auttaa sinua. &nbsp;<\/p>\n\n\n\n<p><strong>8. Kansainv\u00e4lisyysjakso<\/strong><\/p>\n\n\n\n<p><strong>Kansainv\u00e4lisyysjakso on yleens\u00e4 kestoltaan 2 vko\u20132 kk. Jaksot ovat yleens\u00e4 ty\u00f6paikalla j\u00e4rjestett\u00e4vi\u00e4 jaksoja. <\/strong>Jaksolla ty\u00f6skentelet paikallisessa oman alan yrityksess\u00e4 koulutussopimuksella&nbsp;(Learning\/Training Agreement). Jaksoon voi liitty\u00e4 opintoja ja\/tai vierailuja paikallisessa oppilaitoksessa.<\/p>\n\n\n\n<p>Jaksollesi on nimetty ohjaava opettaja, jonka kanssa pid\u00e4t yhteytt\u00e4 s\u00e4\u00e4nn\u00f6llisesti sopimallanne tavalla (s\u00e4hk\u00f6posti, WhatsApp, Teams).<\/p>\n\n\n\n<p>Ulkomaanjaksoilla hankit osaamista oman koulutuksesi ammattitaitovaatimusten mukaisesti. Osaaminen n\u00e4ytet\u00e4\u00e4n n\u00e4yt\u00f6iss\u00e4 tai osan\u00e4yt\u00f6iss\u00e4. Laadit osaamisen osoittamisen suunnitelman (n\u00e4ytt\u00f6 ja muu osaaminen), mink\u00e4 ohjaava opettaja hyv\u00e4ksyy. Osoitat osaamistasi suunnitelman mukaisesti. Osaamista arvioidaan, tunnistetaan ja tunnustetaan sek\u00e4 ammatillisten ett\u00e4 yhteisten opintojen osalta niin ty\u00f6paikalla kehittyneen osaamisen kuin muun esim. kulttuurisen, eettisen ja kielellisen ja arkiosaamisen osalta. KV-ty\u00f6paikalla j\u00e4rjestett\u00e4v\u00e4\u00e4 koulutusta ohjaava opettaja antaa palautetta osaamisen kehittymisest\u00e4 sovitulla tavalla. Saat palautetta my\u00f6s vastaanottavan organisaation opettajalta tai ty\u00f6paikkaohjaajalta.<\/p>\n\n\n\n<p>Jakson aikana kerrot sanoin ja kuvin kokemuksestasi blogissa tai Instagramissa (salassapitovelvollisuuden huomioon ottaen esimerkiksi sosiaali- ja terveysalalla).<\/p>\n\n\n\n<p>Saat kansainv\u00e4lisest\u00e4 jaksosta erillisen todistuksen (esimerkiksi Europass Mobility Certificate), mink\u00e4 voit lis\u00e4t\u00e4 ansioluetteloosi ja k\u00e4ytt\u00e4\u00e4 ty\u00f6nhaussa tulevaisuudessa.<\/p>\n\n\n\n<p><strong>9. Matkaraportti ja palautteet<\/strong><\/p>\n\n\n\n<p>KV-jaksosi j\u00e4lkeen haluamme tiet\u00e4\u00e4, miten kaikki sujui. Tee sit\u00e4 varten vapaamuotoinen matkaraportti. Raportin toteutustapa on vapaa <strong>\u2013<\/strong> se voi olla vaikkapa video tai blogi tai sitten perinteinen kirjallinen raportti. Muista hy\u00f6dynt\u00e4\u00e4 runsaasti ottamiasi kuvia! Raporttia ineistoa k\u00e4ytet\u00e4\u00e4n sovitusti my\u00f6s kansainv\u00e4lisyysviestinn\u00e4ss\u00e4. Aineistoa k\u00e4ytet\u00e4\u00e4n sovitusti my\u00f6s kansainv\u00e4lisyysviestinn\u00e4ss\u00e4.<\/p>\n\n\n\n<p>Voit tutustua aiemmin vaihdoissa olleiden opiskelijoidemme kokemuksiin&nbsp;<a href=\"https:\/\/www.instagram.com\/tavastia_international_path\/?hl=f\" target=\"_blank\" rel=\"noreferrer noopener\">Instagram-sivuilla<\/a>.<\/p>\n\n\n\n<p>Erasmus + -hankkeeseen kuuluvan jakson j\u00e4lkeen saat s\u00e4hk\u00f6postiisi linkin palautekyselyyn. Se tekeminen on v\u00e4ltt\u00e4m\u00e4t\u00f6nt\u00e4. Muussa tapauksessa apuraha voidaan peri\u00e4 takaisin.<\/p>\n\n\n\n<p>Lis\u00e4ksi sinua voidaan pyyt\u00e4\u00e4 toimimaan mentorina\/alumnina ulkomaisten opiskelijoiden\/opettajien vierailujen aikana. &nbsp;<\/p>\n\n\n\n<p><strong>Voit kokea kansainv\u00e4lisyyden my\u00f6s kotimaassa \u2013 mit\u00e4 on kotikansainv\u00e4lisyys? <\/strong><strong><\/strong><\/p>\n\n\n\n<p>Voit kokea kansainv\u00e4lisyyden my\u00f6s kotimaassa. H\u00e4meenlinnaan tulee joka vuosi useita opiskelijoita eri maista vaihtojaksolle oppilaitoksellemme tai eri alojen ty\u00f6paikoille. Voit tavata heit\u00e4 ja osallistua heille j\u00e4rjestett\u00e4v\u00e4\u00e4n vapaa-ajan ohjelmaan. Lis\u00e4ksi voit osallistua KV-tutortoimintaan. KV-tutorina p\u00e4\u00e4set tutustumaan ulkomaalaisiin vaihto-opiskelijoihin ja olemaan osa heid\u00e4n antoisaa vaihtomatkaansa Suomessa. KV-tutorina voit esitell\u00e4 esimerkiksi H\u00e4meenlinnan harrastusmahdollisuuksia, menn\u00e4 heid\u00e4n kanssaan saunaan ja avantoon uimaan, vaihtaa n\u00e4kemyksi\u00e4 ja kokemuksia toistenne kulttuureista, perinteist\u00e4 ja tavoista.<\/p>\n","protected":false},"excerpt":{"rendered":"<p>1. Keskustele vastuuopettajasi kanssa ja tee hakemus kansainv\u00e4liselle jaksolle Ammattiopisto Tavastiassa kansainv\u00e4liselle jaksolle haetaan hakulomakkeella. Hakemus kannattaa toimittaa noin 6 [&hellip;]<\/p>\n","protected":false},"author":3,"featured_media":0,"parent":15544,"menu_order":10,"comment_status":"closed","ping_status":"closed","template":"","meta":{"_acf_changed":false,"_relevanssi_hide_post":"","_relevanssi_hide_content":"","_relevanssi_pin_for_all":"","_relevanssi_pin_keywords":"","_relevanssi_unpin_keywords":"","_relevanssi_related_keywords":"","_relevanssi_related_include_ids":"","_relevanssi_related_exclude_ids":"","_relevanssi_related_no_append":"","_relevanssi_related_not_related":"","_relevanssi_related_posts":"946,40171,132,15,142,526","_relevanssi_noindex_reason":"","footnotes":""},"class_list":["post-14077","page","type-page","status-publish","hentry"],"acf":[],"yoast_head":"<title>Valitse kansainv\u00e4lisyyspolku - Ammattiopisto Tavastia<\/title>\n<meta name=\"description\" content=\"Valitse kansainv\u00e4lisyyspolku Ammattiopisto Tavastiassa! Opiskeluvaihto ja ulkomailla opiskelu onnistuu meill\u00e4.\" \/>\n<meta name=\"robots\" content=\"index, follow, max-snippet:-1, max-image-preview:large, max-video-preview:-1\" \/>\n<link rel=\"canonical\" href=\"https:\/\/www.kktavastia.fi\/ammattiopisto\/opiskelijalle\/opiskelu\/yksilolliset-opiskelupolut\/valitse-kansainvalisyyspolku\/\" \/>\n<meta property=\"og:locale\" content=\"fi_FI\" \/>\n<meta property=\"og:type\" content=\"article\" \/>\n<meta property=\"og:title\" content=\"Valitse kansainv\u00e4lisyyspolku - Ammattiopisto Tavastia\" \/>\n<meta property=\"og:description\" content=\"Valitse kansainv\u00e4lisyyspolku Ammattiopisto Tavastiassa! Opiskeluvaihto ja ulkomailla opiskelu onnistuu meill\u00e4.\" \/>\n<meta property=\"og:url\" content=\"https:\/\/www.kktavastia.fi\/ammattiopisto\/opiskelijalle\/opiskelu\/yksilolliset-opiskelupolut\/valitse-kansainvalisyyspolku\/\" \/>\n<meta property=\"og:site_name\" content=\"Ammattiopisto Tavastia\" \/>\n<meta property=\"article:modified_time\" content=\"2025-08-04T06:40:15+00:00\" \/>\n<meta name=\"twitter:card\" content=\"summary_large_image\" \/>\n<script type=\"application\/ld+json\" class=\"yoast-schema-graph\">{\"@context\":\"https:\\\/\\\/schema.org\",\"@graph\":[{\"@type\":\"WebPage\",\"@id\":\"https:\\\/\\\/www.kktavastia.fi\\\/ammattiopisto\\\/opiskelijalle\\\/opiskelu\\\/yksilolliset-opiskelupolut\\\/valitse-kansainvalisyyspolku\\\/\",\"url\":\"https:\\\/\\\/www.kktavastia.fi\\\/ammattiopisto\\\/opiskelijalle\\\/opiskelu\\\/yksilolliset-opiskelupolut\\\/valitse-kansainvalisyyspolku\\\/\",\"name\":\"Valitse kansainv\u00e4lisyyspolku - Ammattiopisto Tavastia\",\"isPartOf\":{\"@id\":\"https:\\\/\\\/www.kktavastia.fi\\\/ammattiopisto\\\/#website\"},\"datePublished\":\"2021-02-18T14:15:41+00:00\",\"dateModified\":\"2025-08-04T06:40:15+00:00\",\"description\":\"Valitse kansainv\u00e4lisyyspolku Ammattiopisto Tavastiassa! Opiskeluvaihto ja ulkomailla opiskelu onnistuu meill\u00e4.\",\"breadcrumb\":{\"@id\":\"https:\\\/\\\/www.kktavastia.fi\\\/ammattiopisto\\\/opiskelijalle\\\/opiskelu\\\/yksilolliset-opiskelupolut\\\/valitse-kansainvalisyyspolku\\\/#breadcrumb\"},\"inLanguage\":\"fi\",\"potentialAction\":[{\"@type\":\"ReadAction\",\"target\":[\"https:\\\/\\\/www.kktavastia.fi\\\/ammattiopisto\\\/opiskelijalle\\\/opiskelu\\\/yksilolliset-opiskelupolut\\\/valitse-kansainvalisyyspolku\\\/\"]}]},{\"@type\":\"BreadcrumbList\",\"@id\":\"https:\\\/\\\/www.kktavastia.fi\\\/ammattiopisto\\\/opiskelijalle\\\/opiskelu\\\/yksilolliset-opiskelupolut\\\/valitse-kansainvalisyyspolku\\\/#breadcrumb\",\"itemListElement\":[{\"@type\":\"ListItem\",\"position\":1,\"name\":\"Home\",\"item\":\"https:\\\/\\\/www.kktavastia.fi\\\/ammattiopisto\\\/\"},{\"@type\":\"ListItem\",\"position\":2,\"name\":\"Opiskelijalle\",\"item\":\"https:\\\/\\\/www.kktavastia.fi\\\/ammattiopisto\\\/opiskelijalle\\\/\"},{\"@type\":\"ListItem\",\"position\":3,\"name\":\"Opiskelu\",\"item\":\"https:\\\/\\\/www.kktavastia.fi\\\/ammattiopisto\\\/opiskelijalle\\\/opiskelu\\\/\"},{\"@type\":\"ListItem\",\"position\":4,\"name\":\"Yksil\u00f6lliset opiskelupolut\",\"item\":\"https:\\\/\\\/www.kktavastia.fi\\\/ammattiopisto\\\/?page_id=15544\"},{\"@type\":\"ListItem\",\"position\":5,\"name\":\"Valitse kansainv\u00e4lisyyspolku\"}]},{\"@type\":\"WebSite\",\"@id\":\"https:\\\/\\\/www.kktavastia.fi\\\/ammattiopisto\\\/#website\",\"url\":\"https:\\\/\\\/www.kktavastia.fi\\\/ammattiopisto\\\/\",\"name\":\"Ammattiopisto Tavastia\",\"description\":\"\",\"potentialAction\":[{\"@type\":\"SearchAction\",\"target\":{\"@type\":\"EntryPoint\",\"urlTemplate\":\"https:\\\/\\\/www.kktavastia.fi\\\/ammattiopisto\\\/?s={search_term_string}\"},\"query-input\":{\"@type\":\"PropertyValueSpecification\",\"valueRequired\":true,\"valueName\":\"search_term_string\"}}],\"inLanguage\":\"fi\"}]}<\/script>","yoast_head_json":{"title":"Valitse kansainv\u00e4lisyyspolku - Ammattiopisto Tavastia","description":"Valitse kansainv\u00e4lisyyspolku Ammattiopisto Tavastiassa! Opiskeluvaihto ja ulkomailla opiskelu onnistuu meill\u00e4.","robots":{"index":"index","follow":"follow","max-snippet":"max-snippet:-1","max-image-preview":"max-image-preview:large","max-video-preview":"max-video-preview:-1"},"canonical":"https:\/\/www.kktavastia.fi\/ammattiopisto\/opiskelijalle\/opiskelu\/yksilolliset-opiskelupolut\/valitse-kansainvalisyyspolku\/","og_locale":"fi_FI","og_type":"article","og_title":"Valitse kansainv\u00e4lisyyspolku - Ammattiopisto Tavastia","og_description":"Valitse kansainv\u00e4lisyyspolku Ammattiopisto Tavastiassa! Opiskeluvaihto ja ulkomailla opiskelu onnistuu meill\u00e4.","og_url":"https:\/\/www.kktavastia.fi\/ammattiopisto\/opiskelijalle\/opiskelu\/yksilolliset-opiskelupolut\/valitse-kansainvalisyyspolku\/","og_site_name":"Ammattiopisto Tavastia","article_modified_time":"2025-08-04T06:40:15+00:00","twitter_card":"summary_large_image","schema":{"@context":"https:\/\/schema.org","@graph":[{"@type":"WebPage","@id":"https:\/\/www.kktavastia.fi\/ammattiopisto\/opiskelijalle\/opiskelu\/yksilolliset-opiskelupolut\/valitse-kansainvalisyyspolku\/","url":"https:\/\/www.kktavastia.fi\/ammattiopisto\/opiskelijalle\/opiskelu\/yksilolliset-opiskelupolut\/valitse-kansainvalisyyspolku\/","name":"Valitse kansainv\u00e4lisyyspolku - Ammattiopisto Tavastia","isPartOf":{"@id":"https:\/\/www.kktavastia.fi\/ammattiopisto\/#website"},"datePublished":"2021-02-18T14:15:41+00:00","dateModified":"2025-08-04T06:40:15+00:00","description":"Valitse kansainv\u00e4lisyyspolku Ammattiopisto Tavastiassa! Opiskeluvaihto ja ulkomailla opiskelu onnistuu meill\u00e4.","breadcrumb":{"@id":"https:\/\/www.kktavastia.fi\/ammattiopisto\/opiskelijalle\/opiskelu\/yksilolliset-opiskelupolut\/valitse-kansainvalisyyspolku\/#breadcrumb"},"inLanguage":"fi","potentialAction":[{"@type":"ReadAction","target":["https:\/\/www.kktavastia.fi\/ammattiopisto\/opiskelijalle\/opiskelu\/yksilolliset-opiskelupolut\/valitse-kansainvalisyyspolku\/"]}]},{"@type":"BreadcrumbList","@id":"https:\/\/www.kktavastia.fi\/ammattiopisto\/opiskelijalle\/opiskelu\/yksilolliset-opiskelupolut\/valitse-kansainvalisyyspolku\/#breadcrumb","itemListElement":[{"@type":"ListItem","position":1,"name":"Home","item":"https:\/\/www.kktavastia.fi\/ammattiopisto\/"},{"@type":"ListItem","position":2,"name":"Opiskelijalle","item":"https:\/\/www.kktavastia.fi\/ammattiopisto\/opiskelijalle\/"},{"@type":"ListItem","position":3,"name":"Opiskelu","item":"https:\/\/www.kktavastia.fi\/ammattiopisto\/opiskelijalle\/opiskelu\/"},{"@type":"ListItem","position":4,"name":"Yksil\u00f6lliset opiskelupolut","item":"https:\/\/www.kktavastia.fi\/ammattiopisto\/?page_id=15544"},{"@type":"ListItem","position":5,"name":"Valitse kansainv\u00e4lisyyspolku"}]},{"@type":"WebSite","@id":"https:\/\/www.kktavastia.fi\/ammattiopisto\/#website","url":"https:\/\/www.kktavastia.fi\/ammattiopisto\/","name":"Ammattiopisto Tavastia","description":"","potentialAction":[{"@type":"SearchAction","target":{"@type":"EntryPoint","urlTemplate":"https:\/\/www.kktavastia.fi\/ammattiopisto\/?s={search_term_string}"},"query-input":{"@type":"PropertyValueSpecification","valueRequired":true,"valueName":"search_term_string"}}],"inLanguage":"fi"}]}},"_links":{"self":[{"href":"https:\/\/www.kktavastia.fi\/ammattiopisto\/wp-json\/wp\/v2\/pages\/14077","targetHints":{"allow":["GET"]}}],"collection":[{"href":"https:\/\/www.kktavastia.fi\/ammattiopisto\/wp-json\/wp\/v2\/pages"}],"about":[{"href":"https:\/\/www.kktavastia.fi\/ammattiopisto\/wp-json\/wp\/v2\/types\/page"}],"author":[{"embeddable":true,"href":"https:\/\/www.kktavastia.fi\/ammattiopisto\/wp-json\/wp\/v2\/users\/3"}],"replies":[{"embeddable":true,"href":"https:\/\/www.kktavastia.fi\/ammattiopisto\/wp-json\/wp\/v2\/comments?post=14077"}],"version-history":[{"count":18,"href":"https:\/\/www.kktavastia.fi\/ammattiopisto\/wp-json\/wp\/v2\/pages\/14077\/revisions"}],"predecessor-version":[{"id":111544,"href":"https:\/\/www.kktavastia.fi\/ammattiopisto\/wp-json\/wp\/v2\/pages\/14077\/revisions\/111544"}],"up":[{"embeddable":true,"href":"https:\/\/www.kktavastia.fi\/ammattiopisto\/wp-json\/wp\/v2\/pages\/15544"}],"wp:attachment":[{"href":"https:\/\/www.kktavastia.fi\/ammattiopisto\/wp-json\/wp\/v2\/media?parent=14077"}],"curies":[{"name":"wp","href":"https:\/\/api.w.org\/{rel}","templated":true}]}}