{"id":140,"date":"2020-11-24T15:18:16","date_gmt":"2020-11-24T13:18:16","guid":{"rendered":"https:\/\/kktavastia.vaiheessa.fi\/ammattiopisto\/?page_id=140"},"modified":"2025-11-03T11:27:03","modified_gmt":"2025-11-03T09:27:03","slug":"oppisopimus","status":"publish","type":"page","link":"https:\/\/www.kktavastia.fi\/ammattiopisto\/hakijalle\/oppisopimus\/","title":{"rendered":"Oppisopimus"},"content":{"rendered":"\n<p class=\"is-style-ingress\">Kaikki ammatilliset tutkinnot voi suorittaa my\u00f6s oppisopimuksella. Useimmissa Tavastian j\u00e4rjest\u00e4miss\u00e4 tutkinnoissa oppisopimushaku on jatkuvasti auki. Oppisopimushaussa voi hakea, jos hakijalla on ty\u00f6paikka tai tieto sellaisesta ja halu suorittaa tutkinto oppisopimuksella. Tieto oppisopimusty\u00f6paikasta merkit\u00e4\u00e4n Opintopolun hakulomakkeeseen. <\/p>\n\n\n\n<p>Oppisopimuskoulutuksessa opiskelija oppii tutkinnossa tai tutkinnon osassa vaadittavat tiedot ja taidot p\u00e4\u00e4asiassa ty\u00f6paikalla ty\u00f6teht\u00e4vien yhteydess\u00e4. Tarvittavat l\u00e4hip\u00e4iv\u00e4t oppilaitoksessa suunnitellaan henkil\u00f6kohtaisesti.<\/p>\n\n\n\n<h4 class=\"wp-block-heading\">Oppisopimuksen voi aloittaa erilaisissa tilanteissa<\/h4>\n\n\n\n<ul class=\"wp-block-list\">\n<li>ty\u00f6ntekij\u00e4n aloittaessa uuden ty\u00f6n<\/li>\n\n\n\n<li>ty\u00f6suhteen aikana, kun esim. ty\u00f6ss\u00e4 edellytett\u00e4v\u00e4 osaaminen muuttuu<\/li>\n\n\n\n<li>ammatillisten opintojen aikana<\/li>\n\n\n\n<li>kes\u00e4ty\u00f6paikassa<\/li>\n\n\n\n<li>perheyrityksess\u00e4<\/li>\n\n\n\n<li>ty\u00f6kokeilupaikassa<\/li>\n\n\n\n<li>yritt\u00e4j\u00e4n\u00e4 omassa yrityksess\u00e4<\/li>\n<\/ul>\n\n\n\n<h4 class=\"wp-block-heading\">Ty\u00f6nantajalle oppisopimus tarjoaa paljon mahdollisuuksia<\/h4>\n\n\n\n<ul class=\"wp-block-list\">\n<li>p\u00e4ivitt\u00e4\u00e4 ja kehitt\u00e4\u00e4 omaa tai henkil\u00f6st\u00f6n osaamista<\/li>\n\n\n\n<li>kouluttaa ty\u00f6ntekij\u00e4 uusiin teht\u00e4viin<\/li>\n\n\n\n<li>rekrytoida ja kouluttaa uusi osaaja yrityksen tarpeisiin<\/li>\n\n\n\n<li>rekrytoida koulutussopimuksella oleva opiskelija oppisopimukseen<\/li>\n<\/ul>\n\n\n\n<h4 class=\"wp-block-heading\">Oppisopimuksen solmimisen edellytykset<\/h4>\n\n\n\n<ul class=\"wp-block-list\">\n<li>Ty\u00f6aika on v\u00e4hint\u00e4\u00e4n keskim\u00e4\u00e4rin 25 h\/viikko.<\/li>\n\n\n\n<li>Ty\u00f6nantaja maksaa TES:n mukaista palkkaa.<\/li>\n\n\n\n<li>Ty\u00f6paikalla on ty\u00f6paikkaohjaaja. Tutustu <a href=\"https:\/\/www.kktavastia.fi\/ammattiopisto\/tyoelamayhteistyo\/tyopaikkaohjaajakoulutus\/\">ty\u00f6paikkaohjaajakoulutukseen<\/a>.<\/li>\n<\/ul>\n\n\n\n<h4 class=\"wp-block-heading\">Oppisopimuksen solmiminen tutkintoon tai tutkinnon osaan<\/h4>\n\n\n\n<ul class=\"wp-block-list\">\n<li>Kun henkil\u00f6 on valittu suorittamaan tutkintoa, opiskelija ja ty\u00f6antaja solmivat kirjallisen m\u00e4\u00e4r\u00e4aikaisen ty\u00f6sopimuksen, oppisopimuksen. Oppisopimus solmitaan, vaikka henkil\u00f6 ty\u00f6skentelisi jo samalla ty\u00f6nantajalla.<\/li>\n\n\n\n<li>Oppisopimuksen voi solmia koko tutkintoon tai tutkinnon osaan, joten sen kesto voi vaihdella muutamasta viikosta vuosiin.<\/li>\n\n\n\n<li>Osana oppisopimuksen laatimista Ammattiopisto Tavastia sopii ty\u00f6nantajan kanssa oppisopimuskoulutuksen j\u00e4rjest\u00e4misest\u00e4, mm. miten paljon koulutusta toteutetaan oppilaitoksessa (l\u00e4hip\u00e4iv\u00e4t) ja mahdollinen koulutuskorvaus. Sopimusta edelt\u00e4\u00e4 opiskelijan, ty\u00f6nantajan ja opettajan keskustelu, jossa opiskelijalle laaditaan henkil\u00f6kohtainen osaamisen kehitt\u00e4missuunnitelma (HOKS).<\/li>\n<\/ul>\n\n\n\n<h4 class=\"wp-block-heading\">Oppisopimuksen solmiminen ammatillisten opintojen aikana<\/h4>\n\n\n\n<ul class=\"wp-block-list\">\n<li>Opiskelija selvitt\u00e4\u00e4 ensin vastuuopettajalta, onko h\u00e4nell\u00e4 mahdollisuus siirty\u00e4 oppisopimukseen.<\/li>\n\n\n\n<li>Opiskelija hakee ty\u00f6paikan ja varmistaa ty\u00f6nantajalta ja vastuuopettajaltaan, onko ty\u00f6paikassa mahdollista suorittaa tutkinto tai tutkinnon osa.<\/li>\n\n\n\n<li>Opiskelija, ty\u00f6nantaja ja vastuuopettaja suunnittelevat yhdess\u00e4 oppisopimuskoulutuksen ja n\u00e4ytt\u00f6jen toteuttamisen (suunnitelma t\u00e4ydennet\u00e4\u00e4n opiskelijan henkil\u00f6kohtaiseen osaamisen kehitt\u00e4missuunnitelmaan Wilmassa).<\/li>\n<\/ul>\n\n\n\n<h4 class=\"wp-block-heading\">Laajennettu oppisopimuskoulutus<\/h4>\n\n\n\n<p>Tavastialla on laajennetun oppisopimuksen j\u00e4rjest\u00e4mislupa, mik\u00e4 mahdollistaa oppisopimuksen solmimisen yhteisty\u00f6ss\u00e4 kumppanioppilaitostemme kanssa my\u00f6s sellaisiin tutkintoihin, joita emme itse j\u00e4rjest\u00e4.<\/p>\n\n\n\n<p>Ota yhteytt\u00e4:<\/p>\n\n\n\n<ul class=\"wp-block-list\">\n<li>ty\u00f6el\u00e4m\u00e4koordinaattori Sinikka Koskiluoto<br>puh. 050 5993 160,&nbsp;<a href=\"mailto:sinikka.koskiluoto@kktavastia.fi\">sinikka.koskiluoto@kktavastia.fi<\/a><\/li>\n<\/ul>\n\n\n\n<div class=\"wp-block-buttons is-layout-flex wp-block-buttons-is-layout-flex\">\n<div class=\"wp-block-button\"><a class=\"wp-block-button__link wp-element-button\" href=\"https:\/\/eperusteet.opintopolku.fi\/#\/fi\/selaus\/kooste\/ammatillinenkoulutus?hakutyyppi=perusteet\" target=\"_blank\" rel=\"noreferrer noopener\">Tutustu ammatillisten koulutusten perusteisiin<\/a><\/div>\n<\/div>\n","protected":false},"excerpt":{"rendered":"<p>Kaikki ammatilliset tutkinnot voi suorittaa my\u00f6s oppisopimuksella. Useimmissa Tavastian j\u00e4rjest\u00e4miss\u00e4 tutkinnoissa oppisopimushaku on jatkuvasti auki. Oppisopimushaussa voi hakea, jos hakijalla [&hellip;]<\/p>\n","protected":false},"author":6,"featured_media":0,"parent":2,"menu_order":4,"comment_status":"closed","ping_status":"closed","template":"","meta":{"_acf_changed":false,"_relevanssi_hide_post":"","_relevanssi_hide_content":"","_relevanssi_pin_for_all":"","_relevanssi_pin_keywords":"Oppisopimus, oppisopimuskoulutus","_relevanssi_unpin_keywords":"","_relevanssi_related_keywords":"","_relevanssi_related_include_ids":"","_relevanssi_related_exclude_ids":"","_relevanssi_related_no_append":"","_relevanssi_related_not_related":"","_relevanssi_related_posts":"496,2,15,134,1063,1131","_relevanssi_noindex_reason":"","footnotes":""},"class_list":["post-140","page","type-page","status-publish","hentry"],"acf":[],"yoast_head":"<title>Oppisopimus | Ammattiopisto Tavastia | Oppisopimuksella ammattiin<\/title>\n<meta name=\"description\" content=\"Oppisopimus Ammattiopisto Tavastiassa on mainio keino suorittaa ammatillisia tutkintoja. Oppisopimus sopii kaikenik\u00e4isille, ota yhteytt\u00e4!\" \/>\n<meta name=\"robots\" content=\"index, follow, max-snippet:-1, max-image-preview:large, max-video-preview:-1\" \/>\n<link rel=\"canonical\" href=\"https:\/\/www.kktavastia.fi\/ammattiopisto\/hakijalle\/oppisopimus\/\" \/>\n<meta property=\"og:locale\" content=\"fi_FI\" \/>\n<meta property=\"og:type\" content=\"article\" \/>\n<meta property=\"og:title\" content=\"Oppisopimus | Ammattiopisto Tavastia | Oppisopimuksella ammattiin\" \/>\n<meta property=\"og:description\" content=\"Oppisopimus Ammattiopisto Tavastiassa on mainio keino suorittaa ammatillisia tutkintoja. Oppisopimus sopii kaikenik\u00e4isille, ota yhteytt\u00e4!\" \/>\n<meta property=\"og:url\" content=\"https:\/\/www.kktavastia.fi\/ammattiopisto\/hakijalle\/oppisopimus\/\" \/>\n<meta property=\"og:site_name\" content=\"Ammattiopisto Tavastia\" \/>\n<meta property=\"article:modified_time\" content=\"2025-11-03T09:27:03+00:00\" \/>\n<meta name=\"twitter:card\" content=\"summary_large_image\" \/>\n<script type=\"application\/ld+json\" class=\"yoast-schema-graph\">{\"@context\":\"https:\\\/\\\/schema.org\",\"@graph\":[{\"@type\":\"WebPage\",\"@id\":\"https:\\\/\\\/www.kktavastia.fi\\\/ammattiopisto\\\/hakijalle\\\/oppisopimus\\\/\",\"url\":\"https:\\\/\\\/www.kktavastia.fi\\\/ammattiopisto\\\/hakijalle\\\/oppisopimus\\\/\",\"name\":\"Oppisopimus | Ammattiopisto Tavastia | Oppisopimuksella ammattiin\",\"isPartOf\":{\"@id\":\"https:\\\/\\\/www.kktavastia.fi\\\/ammattiopisto\\\/#website\"},\"datePublished\":\"2020-11-24T13:18:16+00:00\",\"dateModified\":\"2025-11-03T09:27:03+00:00\",\"description\":\"Oppisopimus Ammattiopisto Tavastiassa on mainio keino suorittaa ammatillisia tutkintoja. Oppisopimus sopii kaikenik\u00e4isille, ota yhteytt\u00e4!\",\"breadcrumb\":{\"@id\":\"https:\\\/\\\/www.kktavastia.fi\\\/ammattiopisto\\\/hakijalle\\\/oppisopimus\\\/#breadcrumb\"},\"inLanguage\":\"fi\",\"potentialAction\":[{\"@type\":\"ReadAction\",\"target\":[\"https:\\\/\\\/www.kktavastia.fi\\\/ammattiopisto\\\/hakijalle\\\/oppisopimus\\\/\"]}]},{\"@type\":\"BreadcrumbList\",\"@id\":\"https:\\\/\\\/www.kktavastia.fi\\\/ammattiopisto\\\/hakijalle\\\/oppisopimus\\\/#breadcrumb\",\"itemListElement\":[{\"@type\":\"ListItem\",\"position\":1,\"name\":\"Home\",\"item\":\"https:\\\/\\\/www.kktavastia.fi\\\/ammattiopisto\\\/\"},{\"@type\":\"ListItem\",\"position\":2,\"name\":\"Hakijalle\",\"item\":\"https:\\\/\\\/www.kktavastia.fi\\\/ammattiopisto\\\/hakijalle\\\/\"},{\"@type\":\"ListItem\",\"position\":3,\"name\":\"Oppisopimus\"}]},{\"@type\":\"WebSite\",\"@id\":\"https:\\\/\\\/www.kktavastia.fi\\\/ammattiopisto\\\/#website\",\"url\":\"https:\\\/\\\/www.kktavastia.fi\\\/ammattiopisto\\\/\",\"name\":\"Ammattiopisto Tavastia\",\"description\":\"\",\"potentialAction\":[{\"@type\":\"SearchAction\",\"target\":{\"@type\":\"EntryPoint\",\"urlTemplate\":\"https:\\\/\\\/www.kktavastia.fi\\\/ammattiopisto\\\/?s={search_term_string}\"},\"query-input\":{\"@type\":\"PropertyValueSpecification\",\"valueRequired\":true,\"valueName\":\"search_term_string\"}}],\"inLanguage\":\"fi\"}]}<\/script>","yoast_head_json":{"title":"Oppisopimus | Ammattiopisto Tavastia | Oppisopimuksella ammattiin","description":"Oppisopimus Ammattiopisto Tavastiassa on mainio keino suorittaa ammatillisia tutkintoja. Oppisopimus sopii kaikenik\u00e4isille, ota yhteytt\u00e4!","robots":{"index":"index","follow":"follow","max-snippet":"max-snippet:-1","max-image-preview":"max-image-preview:large","max-video-preview":"max-video-preview:-1"},"canonical":"https:\/\/www.kktavastia.fi\/ammattiopisto\/hakijalle\/oppisopimus\/","og_locale":"fi_FI","og_type":"article","og_title":"Oppisopimus | Ammattiopisto Tavastia | Oppisopimuksella ammattiin","og_description":"Oppisopimus Ammattiopisto Tavastiassa on mainio keino suorittaa ammatillisia tutkintoja. Oppisopimus sopii kaikenik\u00e4isille, ota yhteytt\u00e4!","og_url":"https:\/\/www.kktavastia.fi\/ammattiopisto\/hakijalle\/oppisopimus\/","og_site_name":"Ammattiopisto Tavastia","article_modified_time":"2025-11-03T09:27:03+00:00","twitter_card":"summary_large_image","schema":{"@context":"https:\/\/schema.org","@graph":[{"@type":"WebPage","@id":"https:\/\/www.kktavastia.fi\/ammattiopisto\/hakijalle\/oppisopimus\/","url":"https:\/\/www.kktavastia.fi\/ammattiopisto\/hakijalle\/oppisopimus\/","name":"Oppisopimus | Ammattiopisto Tavastia | Oppisopimuksella ammattiin","isPartOf":{"@id":"https:\/\/www.kktavastia.fi\/ammattiopisto\/#website"},"datePublished":"2020-11-24T13:18:16+00:00","dateModified":"2025-11-03T09:27:03+00:00","description":"Oppisopimus Ammattiopisto Tavastiassa on mainio keino suorittaa ammatillisia tutkintoja. Oppisopimus sopii kaikenik\u00e4isille, ota yhteytt\u00e4!","breadcrumb":{"@id":"https:\/\/www.kktavastia.fi\/ammattiopisto\/hakijalle\/oppisopimus\/#breadcrumb"},"inLanguage":"fi","potentialAction":[{"@type":"ReadAction","target":["https:\/\/www.kktavastia.fi\/ammattiopisto\/hakijalle\/oppisopimus\/"]}]},{"@type":"BreadcrumbList","@id":"https:\/\/www.kktavastia.fi\/ammattiopisto\/hakijalle\/oppisopimus\/#breadcrumb","itemListElement":[{"@type":"ListItem","position":1,"name":"Home","item":"https:\/\/www.kktavastia.fi\/ammattiopisto\/"},{"@type":"ListItem","position":2,"name":"Hakijalle","item":"https:\/\/www.kktavastia.fi\/ammattiopisto\/hakijalle\/"},{"@type":"ListItem","position":3,"name":"Oppisopimus"}]},{"@type":"WebSite","@id":"https:\/\/www.kktavastia.fi\/ammattiopisto\/#website","url":"https:\/\/www.kktavastia.fi\/ammattiopisto\/","name":"Ammattiopisto Tavastia","description":"","potentialAction":[{"@type":"SearchAction","target":{"@type":"EntryPoint","urlTemplate":"https:\/\/www.kktavastia.fi\/ammattiopisto\/?s={search_term_string}"},"query-input":{"@type":"PropertyValueSpecification","valueRequired":true,"valueName":"search_term_string"}}],"inLanguage":"fi"}]}},"_links":{"self":[{"href":"https:\/\/www.kktavastia.fi\/ammattiopisto\/wp-json\/wp\/v2\/pages\/140","targetHints":{"allow":["GET"]}}],"collection":[{"href":"https:\/\/www.kktavastia.fi\/ammattiopisto\/wp-json\/wp\/v2\/pages"}],"about":[{"href":"https:\/\/www.kktavastia.fi\/ammattiopisto\/wp-json\/wp\/v2\/types\/page"}],"author":[{"embeddable":true,"href":"https:\/\/www.kktavastia.fi\/ammattiopisto\/wp-json\/wp\/v2\/users\/6"}],"replies":[{"embeddable":true,"href":"https:\/\/www.kktavastia.fi\/ammattiopisto\/wp-json\/wp\/v2\/comments?post=140"}],"version-history":[{"count":25,"href":"https:\/\/www.kktavastia.fi\/ammattiopisto\/wp-json\/wp\/v2\/pages\/140\/revisions"}],"predecessor-version":[{"id":127737,"href":"https:\/\/www.kktavastia.fi\/ammattiopisto\/wp-json\/wp\/v2\/pages\/140\/revisions\/127737"}],"up":[{"embeddable":true,"href":"https:\/\/www.kktavastia.fi\/ammattiopisto\/wp-json\/wp\/v2\/pages\/2"}],"wp:attachment":[{"href":"https:\/\/www.kktavastia.fi\/ammattiopisto\/wp-json\/wp\/v2\/media?parent=140"}],"curies":[{"name":"wp","href":"https:\/\/api.w.org\/{rel}","templated":true}]}}