{"id":13943,"date":"2021-02-12T16:46:53","date_gmt":"2021-02-12T14:46:53","guid":{"rendered":"https:\/\/kktavastia.vaiheessa.fi\/ammattiopisto\/?page_id=13943"},"modified":"2025-09-16T11:57:38","modified_gmt":"2025-09-16T08:57:38","slug":"kansainvalisyys","status":"publish","type":"page","link":"https:\/\/www.kktavastia.fi\/ammattiopisto\/opiskelijalle\/opiskelu\/kansainvalisyys\/","title":{"rendered":"Kansainv\u00e4lisyys"},"content":{"rendered":"\n<p class=\"is-style-ingress\">Tavastian oppilaitoksissa kannustetaan opiskelijoita ja henkil\u00f6kuntaa kansainv\u00e4liseen verkostoitumiseen ja yhteisty\u00f6h\u00f6n. Kansainv\u00e4linen toiminta edellytt\u00e4\u00e4 tietoja, taitoja ja asenteita, jotka kehittyv\u00e4t k\u00e4yt\u00e4nn\u00f6n tilanteissa, yhteisty\u00f6ss\u00e4 harjoitellen. Kansainv\u00e4lisyys on osa ty\u00f6el\u00e4m\u00e4\u00e4 ja maailmankansalaiseksi kasvamista.&nbsp;Siihen liittyv\u00e4t vahvasti my\u00f6s eri kulttuurien kunnioitus, eettisyys ja vastuullisuus.<\/p>\n\n\n\n<p>Tavastian kansainv\u00e4lisyys n\u00e4ytt\u00e4ytyy kotikansainv\u00e4lisyyten\u00e4, virtuaalikansainv\u00e4lisyyten\u00e4, kansainv\u00e4lisin\u00e4 liikkuvuusjaksoina ja kansainv\u00e4listen verkostojen kanssa toimimisena.&nbsp;&nbsp;<\/p>\n\n\n\n<h3 class=\"wp-block-heading\">Kansainv\u00e4lisyys vahvistaa kansallista ja seudullista elinvoimaa<\/h3>\n\n\n\n<p>Ammattiopisto Tavastia toimii yhteisty\u00f6ss\u00e4 oman seutukunnan yritysten, alueen muiden oppilaitosten sek\u00e4 valtakunnallisten toimijoiden kanssa kansainv\u00e4lisyyden edist\u00e4miseksi. Osallistumme alueen elinvoimaa vahvistaviin kansainv\u00e4lisiin hankkeisiin, tarjoamme seutukunnan kansainv\u00e4lisyytt\u00e4 tukevaa t\u00e4ydennyskoulutusta ja yhteisty\u00f6kumppanioppilaitoksistamme saapuvat kansainv\u00e4liset opiskelijat suorittavat jaksoja alueen yrityksiss\u00e4. <\/p>\n\n\n\n<p>Ammattiopisto Tavastiassa on kuusi kansainv\u00e4lisyysvastaavaa, jotka tekev\u00e4t k\u00e4yt\u00e4nn\u00f6n kansainv\u00e4lisyysty\u00f6t\u00e4 opiskelijoiden parissa. N\u00e4in kansainv\u00e4lisyytt\u00e4 pystyt\u00e4\u00e4n viem\u00e4\u00e4n osastoille mahdollisimman l\u00e4helle opiskelijoita, jolloin opiskelijoiden innostaminen KV-toimintaan on luontevaa ja tiedonsaanti tapahtuu v\u00e4litt\u00f6m\u00e4sti. Ammattiopistossa on my\u00f6s KV-tiimi, joka k\u00e4y jatkuvaa keskustelua kansainv\u00e4lisyysohjelman toteuttamisesta ja kehitt\u00e4misest\u00e4. KV-tiimi\u00e4 johtaa kehitysjohtaja Arto Ruhala.<\/p>\n\n\n\n<p><strong>Kansainv\u00e4lisyysasioissa sinua ammatillisilla osastoilla opastavat:<\/strong><\/p>\n\n\n\n<ul class=\"wp-block-list\">\n<li>Taideteollisuus, tekstiili-, muoti- ja hiusala, TUVA | Laura Peltonen<\/li>\n\n\n\n<li>Pintak\u00e4sittely, auto, kone- ja tuotantotekniikka ja logistiikka | Mia Parkkari\/Pasi Henriksson\u00a0\u00a0\u00a0\u00a0\u00a0\u00a0\u00a0\u00a0\u00a0\u00a0\u00a0\u00a0\u00a0\u00a0\u00a0\u00a0\u00a0\u00a0\u00a0\u00a0\u00a0<\/li>\n\n\n\n<li>S\u00e4hk\u00f6, rakennus, maanmittaus, talotekniikka ja kiinteist\u00f6palvelu | Anders Kaikkonen\/Pasi Henriksson<\/li>\n\n\n\n<li>Liiketoiminta, tuotekehitysty\u00f6, matkailu ja puhtauspalvelut | P\u00e4ivi Sepp\u00e4l\u00e4<\/li>\n\n\n\n<li>Ravintola, catering ja elintarvikeala | Johanna J\u00e4rvinen<\/li>\n\n\n\n<li>Terveys- ja hyvinvointiala | Susanna Kauppi<\/li>\n\n\n\n<li>Erasmus-koordinaattori | Elina Kanerva<\/li>\n<\/ul>\n\n\n\n<p>Yhteystiedot l\u00f6ytyv\u00e4t sivun vasemmasta reunasta.<\/p>\n\n\n\n<p>Kansainv\u00e4lisi\u00e4 ty\u00f6paikalla j\u00e4rjestett\u00e4v\u00e4n koulutuksen ja muita opintojaksoja toteutetaan sek\u00e4 yksin ett\u00e4 ryhmiss\u00e4. Jaksojen pituus mitoitetaan suorittamasi tutkinnon osan laajuuden, valmiuksiesi ja vastaanottavan tahon mahdollisuuksien mukaan. Jaksot rahoitetaan esimerkiksi Erasmus+ apurahalla, joka kattaa kohtuulliset matka- ja majoituskustannukset.&nbsp;<\/p>\n\n\n\n<p>Liikkuvuusjakso voi sijoittua my\u00f6s heti tutkinnon suorittamisen j\u00e4lkeen, enint\u00e4\u00e4n puoli vuotta valmistumisesta.<\/p>\n\n\n\n<p>KV-vaihtojen kokemuksia ja niist\u00e4 syntyneit\u00e4 dokumentteja k\u00e4ytet\u00e4\u00e4n apuna innostamassa uusia opiskelijoita mukaan kansainv\u00e4liseen toimintaan.<\/p>\n\n\n\n<h4 class=\"wp-block-heading\">Kansainv\u00e4linen toiminta <\/h4>\n\n\n\n<p>Kansainv\u00e4lisell\u00e4 toiminnalla on Ammattiopisto Tavastiassa pitk\u00e4t perinteet. Meneill\u00e4\u00e4n olevissa hankkeissa on kumppaneita noin 20 maasta ja oppilaitoksia tai yrityksi\u00e4 on yli 50. Kumppanien verkosto kattaa koko Euroopan ja jaksoja on toteutettu my\u00f6s esimerkiksi Yhdysvalloissa ja Japanissa.&nbsp;T\u00e4\u00e4lt\u00e4 l\u00f6yd\u00e4t meneill\u00e4\u00e4n olevien <a href=\"https:\/\/www.kktavastia.fi\/projektit\/kansainvalisyysprojektit\/\">kansainv\u00e4lisyyshankkeidemme kuvaukset<\/a>.<\/p>\n\n\n\n<p>Kev\u00e4\u00e4n 2025&nbsp; aikana Ammattiopisto Tavastiasta oli ulkomaan jaksolla 40 opiskelijaa ja 36 henkil\u00f6st\u00f6n j\u00e4sent\u00e4.&nbsp;Opiskelijoiden jaksojen kestot ovat olleet keskim\u00e4\u00e4rin 2\u20134 viikkoa. Henkil\u00f6st\u00f6n jaksot ovat olleet noin viikon mittaisia. Ulkomaisilta yhteisty\u00f6kumppaneilta on saapui samaan aikaan 34 opiskelijaa, jotka ovat p\u00e4\u00e4osin suorittaneet jaksoja ty\u00f6paikoilla ja 37 henkil\u00f6st\u00f6n j\u00e4sent\u00e4, jotka ovat tutustuneet oppilaitokseen esimerkiksi jobshadowing -jaksolla. T\u00e4m\u00e4n lis\u00e4ksi on ollut useita ryhmi\u00e4 lyhyell\u00e4 tutustumisk\u00e4ynnill\u00e4 esimerkiksi Liettuasta, Tansaniasta ja Intiasta.<\/p>\n\n\n\n<p>Kumppaniorganisaatioita Ammattiopisto Tavastialla on yli 50, sijaiten eri kohdemaissa ymp\u00e4ri Eurooppaa kuten Ruotsissa, Tanskassa, Virossa, Hollannissa, Belgiassa, Ranskassa, Espanjassa, Italiassa, Kreikassa ja Irlannissa sek\u00e4 muualla maailmassa.<\/p>\n\n\n\n<p>Seuraa Tavastia International Path -tili\u00e4 Instagramissa -&gt;<\/p>\n\n\n\n<ul class=\"wp-block-social-links is-layout-flex wp-block-social-links-is-layout-flex\"><li class=\"wp-social-link wp-social-link-instagram  wp-block-social-link\"><a href=\"https:\/\/www.instagram.com\/tavastia_international_path\/?hl=fi\" class=\"wp-block-social-link-anchor\"><svg width=\"24\" height=\"24\" viewBox=\"0 0 24 24\" version=\"1.1\" xmlns=\"http:\/\/www.w3.org\/2000\/svg\" aria-hidden=\"true\" focusable=\"false\"><path d=\"M12,4.622c2.403,0,2.688,0.009,3.637,0.052c0.877,0.04,1.354,0.187,1.671,0.31c0.42,0.163,0.72,0.358,1.035,0.673 c0.315,0.315,0.51,0.615,0.673,1.035c0.123,0.317,0.27,0.794,0.31,1.671c0.043,0.949,0.052,1.234,0.052,3.637 s-0.009,2.688-0.052,3.637c-0.04,0.877-0.187,1.354-0.31,1.671c-0.163,0.42-0.358,0.72-0.673,1.035 c-0.315,0.315-0.615,0.51-1.035,0.673c-0.317,0.123-0.794,0.27-1.671,0.31c-0.949,0.043-1.233,0.052-3.637,0.052 s-2.688-0.009-3.637-0.052c-0.877-0.04-1.354-0.187-1.671-0.31c-0.42-0.163-0.72-0.358-1.035-0.673 c-0.315-0.315-0.51-0.615-0.673-1.035c-0.123-0.317-0.27-0.794-0.31-1.671C4.631,14.688,4.622,14.403,4.622,12 s0.009-2.688,0.052-3.637c0.04-0.877,0.187-1.354,0.31-1.671c0.163-0.42,0.358-0.72,0.673-1.035 c0.315-0.315,0.615-0.51,1.035-0.673c0.317-0.123,0.794-0.27,1.671-0.31C9.312,4.631,9.597,4.622,12,4.622 M12,3 C9.556,3,9.249,3.01,8.289,3.054C7.331,3.098,6.677,3.25,6.105,3.472C5.513,3.702,5.011,4.01,4.511,4.511 c-0.5,0.5-0.808,1.002-1.038,1.594C3.25,6.677,3.098,7.331,3.054,8.289C3.01,9.249,3,9.556,3,12c0,2.444,0.01,2.751,0.054,3.711 c0.044,0.958,0.196,1.612,0.418,2.185c0.23,0.592,0.538,1.094,1.038,1.594c0.5,0.5,1.002,0.808,1.594,1.038 c0.572,0.222,1.227,0.375,2.185,0.418C9.249,20.99,9.556,21,12,21s2.751-0.01,3.711-0.054c0.958-0.044,1.612-0.196,2.185-0.418 c0.592-0.23,1.094-0.538,1.594-1.038c0.5-0.5,0.808-1.002,1.038-1.594c0.222-0.572,0.375-1.227,0.418-2.185 C20.99,14.751,21,14.444,21,12s-0.01-2.751-0.054-3.711c-0.044-0.958-0.196-1.612-0.418-2.185c-0.23-0.592-0.538-1.094-1.038-1.594 c-0.5-0.5-1.002-0.808-1.594-1.038c-0.572-0.222-1.227-0.375-2.185-0.418C14.751,3.01,14.444,3,12,3L12,3z M12,7.378 c-2.552,0-4.622,2.069-4.622,4.622S9.448,16.622,12,16.622s4.622-2.069,4.622-4.622S14.552,7.378,12,7.378z M12,15 c-1.657,0-3-1.343-3-3s1.343-3,3-3s3,1.343,3,3S13.657,15,12,15z M16.804,6.116c-0.596,0-1.08,0.484-1.08,1.08 s0.484,1.08,1.08,1.08c0.596,0,1.08-0.484,1.08-1.08S17.401,6.116,16.804,6.116z\"><\/path><\/svg><span class=\"wp-block-social-link-label screen-reader-text\">Instagram<\/span><\/a><\/li><\/ul>\n\n\n\n<h3 class=\"wp-block-heading\">Mit\u00e4 on kotikansainv\u00e4lisyys?<\/h3>\n\n\n\n<p>Kansainv\u00e4listen liikkuvuusjaksojen lis\u00e4ksi voit osallistua my\u00f6s kotimaassa kansainv\u00e4liseen toimintaan. Opetukseen sis\u00e4ltyviss\u00e4 kansainv\u00e4lisiss\u00e4 projekteissa p\u00e4\u00e4set harjoittelemaan kansainv\u00e4lisyystaitojasi. Ammattiopiston opiskelijoista noin 17 prosentilla on \u00e4idinkielen\u00e4 jokin muu kuin suomi tai ruotsi ja opiskelukavereittesi kautta voit saada yhteyden kymmeniin eri kulttuureihin. Eri alojen yrityksess\u00e4 kansainv\u00e4lisyysosaaminen ja kielitaito on hy\u00f6dyksi.<\/p>\n\n\n\n<p>Omiin opintoihisi voit sis\u00e4llytt\u00e4\u00e4 my\u00f6s tutortoimintaa. Suomessa liikkuvuusjaksolla oleviin kansainv\u00e4lisiin opiskelijoihin tutustuessasi ja heid\u00e4n kanssaan toimiessasi p\u00e4\u00e4set jakamaan kokemuksia ja osaamista eri maiden perinteist\u00e4 ja kulttuurista.  My\u00f6s jo ammattiinsa valmistuneet opiskelijat voivat toimia vierailujen sek\u00e4 tulevien KV-vaihtojen mentoreina tai alumneina.<\/p>\n\n\n\n<p>Kansainv\u00e4lisyys n\u00e4kyy Ammattiopisto Tavastialla my\u00f6s yhteisten tutkinnon osien opiskelussa. Pakollisten englannin ja ruotsin kieliopintojen lis\u00e4ksi voi valita erilaisia kansainv\u00e4lisyyteen kannustavia valinnaiskursseja. Valinnaisia kieliopintoja voi suorittaa my\u00f6s virosta, ven\u00e4j\u00e4st\u00e4, ranskasta tai saksasta. Asiakaspalveluruotsi-kurssi parantaa kansainv\u00e4lisi\u00e4 valmiuksia etenkin palvelualoilla. Kulinaariranskaa-kurssilla opitaan ranskalaisen keitti\u00f6n sanastoa.<\/p>\n\n\n\n<p>Ammattiopisto Tavastiassa on ollut syksyst\u00e4 2022 alkaen mahdollista suorittaa ammatillinen valinnainen tutkinnon osa, <strong>Kansainv\u00e4lisess\u00e4 ty\u00f6ymp\u00e4rist\u00f6ss\u00e4 toimiminen 15 osp<\/strong>, joka sis\u00e4lt\u00e4\u00e4 n\u00e4yt\u00f6n. T\u00e4m\u00e4n tutkinnon osan voit valita silloin, kun kansainv\u00e4lisen liikkuvuusjakson tavoitteet eroavat ammatillisen tutkinnon osaan sis\u00e4ltyv\u00e4st\u00e4 ty\u00f6paikalla j\u00e4rjestett\u00e4v\u00e4n koulutuksen jaksosta.<\/p>\n\n\n\n<section class=\"block block-image-content-upsell right-image\">\n  <div class=\"container\">\n\n    <div class=\"cols\">\n      <div class=\"col col-content\">\n        <div class=\"content content-dark\">\n          <h3>Kuinka hakeudut kansainv\u00e4lisyysjaksolle? <\/h3>\n          <p>Kiinnostaako sinua yhdist\u00e4\u00e4 opiskelut ja kansainv\u00e4lisyys? T\u00e4\u00e4ll\u00e4 p\u00e4\u00e4set tutustumaan step by step miten se on mahdollista.<\/p>\n<p><em>\u00a0<\/em><\/p>\n                      <a href=\"https:\/\/www.kktavastia.fi\/ammattiopisto\/tule-opiskelijaksi\/opiskelijana-ammattiopistossa\/valitse-kansainvalisyyspolku\/\" class=\"button button-light\">Kansainv\u00e4lisyyspolun askeleet<svg xmlns=\"http:\/\/www.w3.org\/2000\/svg\" width=\"23\" height=\"8\" viewBox=\"0 0 23 8\"><path d=\"M1 3.818h21.23m0 0L19.153.764m3.077 3.054l-3.077 3.055\" stroke=\"currentColor\" stroke-width=\"1.5\" fill=\"none\" fill-rule=\"evenodd\" stroke-linecap=\"round\" stroke-linejoin=\"round\"\/><\/svg>\n<\/a>\n                  <\/div>\n      <\/div>\n\n      <div class=\"col col-image\">\n            <div class=\"lazy\"\n      data-bg=\"https:\/\/www.kktavastia.fi\/media\/sites\/2\/globe-791596_1920.jpg\"\n          >\n    <\/div>\n\n          <\/div>\n    <\/div>\n\n  <\/div>\n<\/section>\n","protected":false},"excerpt":{"rendered":"<p>Tavastian oppilaitoksissa kannustetaan opiskelijoita ja henkil\u00f6kuntaa kansainv\u00e4liseen verkostoitumiseen ja yhteisty\u00f6h\u00f6n. Kansainv\u00e4linen toiminta edellytt\u00e4\u00e4 tietoja, taitoja ja asenteita, jotka kehittyv\u00e4t k\u00e4yt\u00e4nn\u00f6n [&hellip;]<\/p>\n","protected":false},"author":3,"featured_media":0,"parent":1063,"menu_order":8,"comment_status":"closed","ping_status":"closed","template":"","meta":{"_acf_changed":false,"_relevanssi_hide_post":"","_relevanssi_hide_content":"","_relevanssi_pin_for_all":"","_relevanssi_pin_keywords":"","_relevanssi_unpin_keywords":"","_relevanssi_related_keywords":"","_relevanssi_related_include_ids":"","_relevanssi_related_exclude_ids":"","_relevanssi_related_no_append":"","_relevanssi_related_not_related":"","_relevanssi_related_posts":"14077,946,1356,132,39824,58","_relevanssi_noindex_reason":"","footnotes":""},"class_list":["post-13943","page","type-page","status-publish","hentry"],"acf":[],"yoast_head":"<title>Kansainv\u00e4lisyys - Ammattiopisto Tavastia<\/title>\n<meta name=\"robots\" content=\"index, follow, max-snippet:-1, max-image-preview:large, max-video-preview:-1\" \/>\n<link rel=\"canonical\" href=\"https:\/\/www.kktavastia.fi\/ammattiopisto\/opiskelijalle\/opiskelu\/kansainvalisyys\/\" \/>\n<meta property=\"og:locale\" content=\"fi_FI\" \/>\n<meta property=\"og:type\" content=\"article\" \/>\n<meta property=\"og:title\" content=\"Kansainv\u00e4lisyys - Ammattiopisto Tavastia\" \/>\n<meta property=\"og:description\" content=\"Tavastian oppilaitoksissa kannustetaan opiskelijoita ja henkil\u00f6kuntaa kansainv\u00e4liseen verkostoitumiseen ja yhteisty\u00f6h\u00f6n. Kansainv\u00e4linen toiminta edellytt\u00e4\u00e4 tietoja, taitoja ja asenteita, jotka kehittyv\u00e4t k\u00e4yt\u00e4nn\u00f6n [&hellip;]\" \/>\n<meta property=\"og:url\" content=\"https:\/\/www.kktavastia.fi\/ammattiopisto\/opiskelijalle\/opiskelu\/kansainvalisyys\/\" \/>\n<meta property=\"og:site_name\" content=\"Ammattiopisto Tavastia\" \/>\n<meta property=\"article:modified_time\" content=\"2025-09-16T08:57:38+00:00\" \/>\n<meta name=\"twitter:card\" content=\"summary_large_image\" \/>\n<script type=\"application\/ld+json\" class=\"yoast-schema-graph\">{\"@context\":\"https:\\\/\\\/schema.org\",\"@graph\":[{\"@type\":\"WebPage\",\"@id\":\"https:\\\/\\\/www.kktavastia.fi\\\/ammattiopisto\\\/opiskelijalle\\\/opiskelu\\\/kansainvalisyys\\\/\",\"url\":\"https:\\\/\\\/www.kktavastia.fi\\\/ammattiopisto\\\/opiskelijalle\\\/opiskelu\\\/kansainvalisyys\\\/\",\"name\":\"Kansainv\u00e4lisyys - Ammattiopisto Tavastia\",\"isPartOf\":{\"@id\":\"https:\\\/\\\/www.kktavastia.fi\\\/ammattiopisto\\\/#website\"},\"datePublished\":\"2021-02-12T14:46:53+00:00\",\"dateModified\":\"2025-09-16T08:57:38+00:00\",\"breadcrumb\":{\"@id\":\"https:\\\/\\\/www.kktavastia.fi\\\/ammattiopisto\\\/opiskelijalle\\\/opiskelu\\\/kansainvalisyys\\\/#breadcrumb\"},\"inLanguage\":\"fi\",\"potentialAction\":[{\"@type\":\"ReadAction\",\"target\":[\"https:\\\/\\\/www.kktavastia.fi\\\/ammattiopisto\\\/opiskelijalle\\\/opiskelu\\\/kansainvalisyys\\\/\"]}]},{\"@type\":\"BreadcrumbList\",\"@id\":\"https:\\\/\\\/www.kktavastia.fi\\\/ammattiopisto\\\/opiskelijalle\\\/opiskelu\\\/kansainvalisyys\\\/#breadcrumb\",\"itemListElement\":[{\"@type\":\"ListItem\",\"position\":1,\"name\":\"Home\",\"item\":\"https:\\\/\\\/www.kktavastia.fi\\\/ammattiopisto\\\/\"},{\"@type\":\"ListItem\",\"position\":2,\"name\":\"Opiskelijalle\",\"item\":\"https:\\\/\\\/www.kktavastia.fi\\\/ammattiopisto\\\/opiskelijalle\\\/\"},{\"@type\":\"ListItem\",\"position\":3,\"name\":\"Opiskelu\",\"item\":\"https:\\\/\\\/www.kktavastia.fi\\\/ammattiopisto\\\/opiskelijalle\\\/opiskelu\\\/\"},{\"@type\":\"ListItem\",\"position\":4,\"name\":\"Kansainv\u00e4lisyys\"}]},{\"@type\":\"WebSite\",\"@id\":\"https:\\\/\\\/www.kktavastia.fi\\\/ammattiopisto\\\/#website\",\"url\":\"https:\\\/\\\/www.kktavastia.fi\\\/ammattiopisto\\\/\",\"name\":\"Ammattiopisto Tavastia\",\"description\":\"\",\"potentialAction\":[{\"@type\":\"SearchAction\",\"target\":{\"@type\":\"EntryPoint\",\"urlTemplate\":\"https:\\\/\\\/www.kktavastia.fi\\\/ammattiopisto\\\/?s={search_term_string}\"},\"query-input\":{\"@type\":\"PropertyValueSpecification\",\"valueRequired\":true,\"valueName\":\"search_term_string\"}}],\"inLanguage\":\"fi\"}]}<\/script>","yoast_head_json":{"title":"Kansainv\u00e4lisyys - Ammattiopisto Tavastia","robots":{"index":"index","follow":"follow","max-snippet":"max-snippet:-1","max-image-preview":"max-image-preview:large","max-video-preview":"max-video-preview:-1"},"canonical":"https:\/\/www.kktavastia.fi\/ammattiopisto\/opiskelijalle\/opiskelu\/kansainvalisyys\/","og_locale":"fi_FI","og_type":"article","og_title":"Kansainv\u00e4lisyys - Ammattiopisto Tavastia","og_description":"Tavastian oppilaitoksissa kannustetaan opiskelijoita ja henkil\u00f6kuntaa kansainv\u00e4liseen verkostoitumiseen ja yhteisty\u00f6h\u00f6n. Kansainv\u00e4linen toiminta edellytt\u00e4\u00e4 tietoja, taitoja ja asenteita, jotka kehittyv\u00e4t k\u00e4yt\u00e4nn\u00f6n [&hellip;]","og_url":"https:\/\/www.kktavastia.fi\/ammattiopisto\/opiskelijalle\/opiskelu\/kansainvalisyys\/","og_site_name":"Ammattiopisto Tavastia","article_modified_time":"2025-09-16T08:57:38+00:00","twitter_card":"summary_large_image","schema":{"@context":"https:\/\/schema.org","@graph":[{"@type":"WebPage","@id":"https:\/\/www.kktavastia.fi\/ammattiopisto\/opiskelijalle\/opiskelu\/kansainvalisyys\/","url":"https:\/\/www.kktavastia.fi\/ammattiopisto\/opiskelijalle\/opiskelu\/kansainvalisyys\/","name":"Kansainv\u00e4lisyys - Ammattiopisto Tavastia","isPartOf":{"@id":"https:\/\/www.kktavastia.fi\/ammattiopisto\/#website"},"datePublished":"2021-02-12T14:46:53+00:00","dateModified":"2025-09-16T08:57:38+00:00","breadcrumb":{"@id":"https:\/\/www.kktavastia.fi\/ammattiopisto\/opiskelijalle\/opiskelu\/kansainvalisyys\/#breadcrumb"},"inLanguage":"fi","potentialAction":[{"@type":"ReadAction","target":["https:\/\/www.kktavastia.fi\/ammattiopisto\/opiskelijalle\/opiskelu\/kansainvalisyys\/"]}]},{"@type":"BreadcrumbList","@id":"https:\/\/www.kktavastia.fi\/ammattiopisto\/opiskelijalle\/opiskelu\/kansainvalisyys\/#breadcrumb","itemListElement":[{"@type":"ListItem","position":1,"name":"Home","item":"https:\/\/www.kktavastia.fi\/ammattiopisto\/"},{"@type":"ListItem","position":2,"name":"Opiskelijalle","item":"https:\/\/www.kktavastia.fi\/ammattiopisto\/opiskelijalle\/"},{"@type":"ListItem","position":3,"name":"Opiskelu","item":"https:\/\/www.kktavastia.fi\/ammattiopisto\/opiskelijalle\/opiskelu\/"},{"@type":"ListItem","position":4,"name":"Kansainv\u00e4lisyys"}]},{"@type":"WebSite","@id":"https:\/\/www.kktavastia.fi\/ammattiopisto\/#website","url":"https:\/\/www.kktavastia.fi\/ammattiopisto\/","name":"Ammattiopisto Tavastia","description":"","potentialAction":[{"@type":"SearchAction","target":{"@type":"EntryPoint","urlTemplate":"https:\/\/www.kktavastia.fi\/ammattiopisto\/?s={search_term_string}"},"query-input":{"@type":"PropertyValueSpecification","valueRequired":true,"valueName":"search_term_string"}}],"inLanguage":"fi"}]}},"_links":{"self":[{"href":"https:\/\/www.kktavastia.fi\/ammattiopisto\/wp-json\/wp\/v2\/pages\/13943","targetHints":{"allow":["GET"]}}],"collection":[{"href":"https:\/\/www.kktavastia.fi\/ammattiopisto\/wp-json\/wp\/v2\/pages"}],"about":[{"href":"https:\/\/www.kktavastia.fi\/ammattiopisto\/wp-json\/wp\/v2\/types\/page"}],"author":[{"embeddable":true,"href":"https:\/\/www.kktavastia.fi\/ammattiopisto\/wp-json\/wp\/v2\/users\/3"}],"replies":[{"embeddable":true,"href":"https:\/\/www.kktavastia.fi\/ammattiopisto\/wp-json\/wp\/v2\/comments?post=13943"}],"version-history":[{"count":25,"href":"https:\/\/www.kktavastia.fi\/ammattiopisto\/wp-json\/wp\/v2\/pages\/13943\/revisions"}],"predecessor-version":[{"id":119182,"href":"https:\/\/www.kktavastia.fi\/ammattiopisto\/wp-json\/wp\/v2\/pages\/13943\/revisions\/119182"}],"up":[{"embeddable":true,"href":"https:\/\/www.kktavastia.fi\/ammattiopisto\/wp-json\/wp\/v2\/pages\/1063"}],"wp:attachment":[{"href":"https:\/\/www.kktavastia.fi\/ammattiopisto\/wp-json\/wp\/v2\/media?parent=13943"}],"curies":[{"name":"wp","href":"https:\/\/api.w.org\/{rel}","templated":true}]}}