{"id":1356,"date":"2021-01-20T13:39:09","date_gmt":"2021-01-20T11:39:09","guid":{"rendered":"https:\/\/kktavastia.vaiheessa.fi\/ammattiopisto\/?page_id=1356"},"modified":"2025-03-07T10:25:13","modified_gmt":"2025-03-07T08:25:13","slug":"kateva-koulutus-tavastia","status":"publish","type":"page","link":"https:\/\/www.kktavastia.fi\/ammattiopisto\/kateva-koulutus-tavastia\/","title":{"rendered":"K\u00e4tev\u00e4-koulutus Tavastia"},"content":{"rendered":"\n<p class=\"is-style-ingress\">Meille voit hakea, jos olet nuori tai aikuinen vailla ammatillista koulutusta tai haluat vaihtaa alaa. Voit olla my\u00f6s k\u00e4sity\u00f6alan ammattilainen, joka haluaa p\u00e4ivitt\u00e4\u00e4 ammatillista tai digitaalista osaamistaan. Ehk\u00e4 haluat kokeilla uutta alaa suorittamalla yhden tutkinnon osan sinua kiinnostavasta tutkinnosta?<\/p>\n\n\n\n<p class=\"is-style-default\">Tutustu K\u00c4TEV\u00c4-koulutus Tavastian tutkintoihin alta. Tutkintojen omilta sivuilta l\u00f6yd\u00e4t tarkemman kuvauksen tutkinnon sis\u00e4ll\u00f6st\u00e4 ja hakuajoista. Huomaathan, ett\u00e4 voit valita opintoihisi tutkinnon osia my\u00f6s muista K\u00c4TEV\u00c4-koulutuksen tutkinnoista. Monialaisuus on vahvuutemme.<\/p>\n\n\n\n<h3 class=\"wp-block-heading\">K\u00e4sity\u00f6alojen koulutus Tavastiassa<\/h3>\n\n\n\n<h4 class=\"wp-block-heading\">Perustutkinnot<\/h4>\n\n\n\n<ul class=\"wp-block-list\">\n<li><a href=\"https:\/\/www.kktavastia.fi\/ammattiopisto\/tutkinnot\/perustutkinnot\/taideteollisuusalan-perustutkinto\/\">Taideteollisuusalan perustutkinto | artesaani, lasi, kudonta, verhoilu<\/a><\/li>\n\n\n\n<li><a href=\"https:\/\/www.kktavastia.fi\/ammattiopisto\/tutkinnot\/perustutkinnot\/tekstiili-ja-muotialan-perustutkinto\/\">Tekstiili- ja muotialan perustutkinto | mittatilausompelija, suutari<\/a><\/li>\n<\/ul>\n\n\n\n<h4 class=\"wp-block-heading\">Ammattitutkinnot<\/h4>\n\n\n\n<ul class=\"wp-block-list\">\n<li><a href=\"https:\/\/www.kktavastia.fi\/ammattiopisto\/tutkinnot\/ammattitutkinnot\/taideteollisuusalan-ammattitutkinto\/\">Taideteollisuusalan ammattitutkinto | k\u00e4sity\u00f6ntekij\u00e4, lasinpuhaltaja<\/a><\/li>\n<\/ul>\n\n\n\n<h4 class=\"wp-block-heading\">Tutkinnon osat<\/h4>\n\n\n\n<ul class=\"wp-block-list\">\n<li>Jos tarvitset osaamista vain tietyst\u00e4 osasta tutkintoa, voit hakea suorittamaan perus-, ammatti- tai erikoisammattitutkinnon osia. <a href=\"https:\/\/www.kktavastia.fi\/ammattiopisto\/tutkinnot\/tutkinnon-osat\/\">Tutustu t\u00e4st\u00e4 tutkinnon osat -koulutuksiin<\/a><\/li>\n<\/ul>\n\n\n\n<p>Tavastiassa opiskelet henkil\u00f6kohtaisen suunnitelman mukaisesti oppilaitosymp\u00e4rist\u00f6ss\u00e4 tai itsen\u00e4isen\u00e4 opiskeluna. Koulutuksiin sis\u00e4ltyy my\u00f6s ty\u00f6paikoilla j\u00e4rjestett\u00e4v\u00e4\u00e4 koulutusta. Voit suorittaa koko tutkinnon tai yksitt\u00e4isi\u00e4 tutkinnon osia. Opintosi voivat sis\u00e4lt\u00e4\u00e4 opiskelua ulkomailla, ammattikorkeakoulun polkuopintoja, yritt\u00e4j\u00e4n\u00e4 toimimista koulun osuuskunnassa tai omassa yrityksess\u00e4, oppisopimuskoulutusta, digitaalisen osaamisen kokonaisuuksia sek\u00e4 opintoja toisesta ammatillisesta tutkinnosta.<\/p>\n\n\n<div class=\"wp-block-image\">\n<figure class=\"alignright size-full is-resized\"><img loading=\"lazy\" decoding=\"async\" width=\"471\" height=\"471\" src=\"https:\/\/www.kktavastia.fi\/media\/sites\/2\/wetterhoff_vuodesta1885_logo1.jpg\" alt=\"\" class=\"wp-image-16595\" style=\"width:118px;height:118px\" srcset=\"https:\/\/www.kktavastia.fi\/media\/sites\/2\/wetterhoff_vuodesta1885_logo1.jpg 471w, https:\/\/www.kktavastia.fi\/media\/sites\/2\/wetterhoff_vuodesta1885_logo1-300x300.jpg 300w, https:\/\/www.kktavastia.fi\/media\/sites\/2\/wetterhoff_vuodesta1885_logo1-150x150.jpg 150w, https:\/\/www.kktavastia.fi\/media\/sites\/2\/wetterhoff_vuodesta1885_logo1-20x20.jpg 20w\" sizes=\"auto, (max-width: 471px) 100vw, 471px\" \/><\/figure>\n<\/div>\n\n\n<p>Ammattiopisto Tavastian toiminnassa noudatetaan kest\u00e4v\u00e4 kehityksen periaatteita. T\u00e4st\u00e4 l\u00f6yd\u00e4t lis\u00e4tietoa alempaa.<\/p>\n\n\n\n<p>K\u00e4tev\u00e4-koulutus on osa Wetterhoff-perhett\u00e4. K\u00e4sity\u00f6alojen koulutus on alkanut H\u00e4meenlinnassa Fredrika Wetterhoffin toimesta 1885. Lis\u00e4tietoja Wetterhoffista l\u00f6yd\u00e4t <a href=\"https:\/\/www.wetterhoff.fi\/wetterhoff\/wetterhoffin-tarina\">t\u00e4\u00e4lt\u00e4<\/a>.<\/p>\n\n\n\n<h3 class=\"wp-block-heading\">K\u00e4tev\u00e4-koulutus Tavastian teemat<\/h3>\n\n\n\n<h4 class=\"wp-block-heading\">Henkil\u00f6kohtainen polku ja digitaalisuus<\/h4>\n\n\n\n<p>Opintojen alussa jokaiselle opiskelijalle tehd\u00e4\u00e4n urasuunnitelma, jota p\u00e4ivitet\u00e4\u00e4n opintojen aikana. Tavoitteena on, ett\u00e4 opiskelijalla on selke\u00e4 kuva omista opinnoistaan.<\/p>\n\n\n\n<p>Ammattiopisto Tavastia tarjoaa opiskelijoilleen<a href=\"https:\/\/www.kktavastia.fi\/ammattiopisto\/opiskelijalle\/opiskelu\/hoks-ja-opiskelupolut\/\"> yksil\u00f6llisi\u00e4 opiskelupolkuja<\/a>, joita ovat mm. kansainv\u00e4lisyys-, jatko-opinto- ja yritt\u00e4jyyspolku sek\u00e4 kaksoistutkinnon suorittamisen mahdollisuus. Voit sis\u00e4llytt\u00e4\u00e4 opintoihisi sinua kiinnostavia tutkinnon osia my\u00f6s muista K\u00c4TEV\u00c4-koulutuksen tutkinnoista. Osan opinnoista voi tehd\u00e4 verkko-opintoina, joissa k\u00e4ytet\u00e4\u00e4n Moodle-oppimisymp\u00e4rist\u00f6\u00e4.<\/p>\n\n\n\n<p>K\u00c4TEV\u00c4-koulutus tarjoaa opiskelijoille mahdollisuuden tutustua ajankohtaisiin digitaalisiin v\u00e4lineisiin, joiden avulla voi esimerkiksi luoda omat kotisivut tai opetella somemarkkinointia. Kaikissa K\u00c4TEV\u00c4-koulutuksen perustutkinnoissa on osana pakollisia opintoja oman osaamisen tuotteistaminen tai omista tuotteista viestiminen, mik\u00e4 toteutetaan ker\u00e4\u00e4m\u00e4ll\u00e4 opintojen aikana s\u00e4hk\u00f6inen portfolio (ePortfolio).<\/p>\n\n\n\n<h4 class=\"wp-block-heading\">Kest\u00e4v\u00e4 kehitys<\/h4>\n\n\n\n<p>K\u00e4sity\u00f6alojen kulmakiven\u00e4 on tehd\u00e4 kest\u00e4vi\u00e4 ja eettisi\u00e4 tuotteita, joiden materiaalit ovat korkealaatuisia. Hy\u00f6dynn\u00e4mme kierr\u00e4tettyj\u00e4 materiaaleja ja korjaamme k\u00e4ytettyj\u00e4 tuotteita. Korjaamisessa korostuu k\u00e4sity\u00f6l\u00e4isen ammattitaito, sill\u00e4 ammattilaisen on osattava k\u00e4sitell\u00e4 my\u00f6s materiaaleja, joita ei en\u00e4\u00e4 ole saatavilla. T\u00e4ss\u00e4 tarvitaan kulttuurihistorian tuntemusta \u2013 ammattilainen tiet\u00e4\u00e4 tai osaa ottaa selv\u00e4\u00e4 tuotteen historiasta, jotta arvokkaita kokonaisuuksia ei korjata pilalle.<\/p>\n\n\n\n<p>Koko oppilaitoksessa toimitaan kest\u00e4v\u00e4n kehityksen periaatteiden mukaisesti ja toimintaa kehitet\u00e4\u00e4n koko ajan. K\u00c4TEV\u00c4-koulutus toimii niin, ett\u00e4 kest\u00e4v\u00e4 kehitys ja etenkin kiertotalous tulisivat luontevaksi osaksi opiskelijan arkea ja tulevaisuuden ty\u00f6el\u00e4m\u00e4\u00e4. Kaikille opiskelijoille tarjotaan mahdollisuus liitt\u00e4\u00e4 opintoihinsa valinnaisena tutkinnon osana Tekstiili- ja muotialan tutkinnosta Kiertotaloustuotteen valmistamisen tutkinnon osa.<\/p>\n\n\n\n<h4 class=\"wp-block-heading\">Yritt\u00e4j\u00e4m\u00e4inen toiminta ja Osuuskunta TaiTava H\u00e4me<\/h4>\n\n\n\n<p>K\u00e4sity\u00f6l\u00e4isen arkea on usein itsens\u00e4 ty\u00f6llist\u00e4minen yritt\u00e4j\u00e4n\u00e4 ja alihankintapalvelujen tarjoajana. K\u00c4TEV\u00c4-koulutuksessa p\u00e4\u00e4see harjoittelemaan yritt\u00e4j\u00e4m\u00e4ist\u00e4 toimintaa jo opintojen aikana. Opiskelujen aikana harjoitellaan aidoissa asiakastilanteissa ja taitojen harjaantumisen my\u00f6t\u00e4 edet\u00e4\u00e4n tekniikkakokeiluista vaativampiin asiakast\u00f6ihin.<\/p>\n\n\n\n<p>Ammattitutkinnoissa p\u00e4\u00e4paino on yritt\u00e4j\u00e4m\u00e4isess\u00e4 toiminnassa. Koulutukset on suunniteltu tukemaan yritt\u00e4j\u00e4\u00e4 alkutaipaleella, jolloin oma osaaminen voi kaivata viel\u00e4 harjaantumista ja liiketoimintaidea kiteytymist\u00e4. Koulutuksien sis\u00e4ll\u00f6t ja oppimisymp\u00e4rist\u00f6 tarjoavat rohkaisua ja vertaistukea aloittavalle k\u00e4sity\u00f6yritt\u00e4j\u00e4lle.<\/p>\n\n\n\n<p>Ammattiopisto Tavastian yhteydess\u00e4 toimii Osuuskunta Taitava H\u00e4me, johon opiskelijat voivat liitty\u00e4 ja aloittaa oman yritystoimintansa kehittelyn ja kokeilun. Oppilaitoksessa j\u00e4rjestet\u00e4\u00e4n my\u00f6s starttirahakelpoisia yritt\u00e4jyysopintoja, joihin voivat osallistua ammatillisten perustutkintojen sek\u00e4 ammatti- ja erikoisammattitutkintojen opiskelijat.<\/p>\n\n\n\n<h4 class=\"wp-block-heading\">Monialaisuus<\/h4>\n\n\n\n<p>Verkostoituminen ja vertaistuki ovat t\u00e4rkeit\u00e4 k\u00e4sity\u00f6aloilla. Tulevaisuuden k\u00e4sity\u00f6ntekij\u00e4t ovat my\u00f6s palveluntuottajia, ja verkostoissa toimimalla yksitt\u00e4inen k\u00e4sity\u00f6l\u00e4inen voi tuottaa laajempia palvelukokonaisuuksia. Yhteisty\u00f6verkostosta voi saada tukea esimerkiksi markkinointiin ja oman osaamisen kehitt\u00e4miseen.<\/p>\n\n\n\n<p>K\u00c4TEV\u00c4-koulutus tarjoaa mahdollisuuden verkostoitumiseen jo opintojen aikana monialaisissa koulutuskokonaisuuksissa. Yhteisiss\u00e4 projekteissa p\u00e4\u00e4see tutustumaan muihin K\u00c4TEV\u00c4-koulutuksen k\u00e4sity\u00f6aloihin ja koulutussis\u00e4lt\u00f6\u00f6n sek\u00e4 opiskelijoihin.<\/p>\n\n\n\n<h4 class=\"wp-block-heading\">Kansainv\u00e4lisyys ja opiskelijavaihdot<\/h4>\n\n\n\n<p>Kansainv\u00e4linen verkostoituminen mahdollistaa esimerkiksi ajankohtaisten uusien materiaalien ja tekniikoiden haltuunottoa.<\/p>\n\n\n\n<p>Ammattiopisto Tavastiassa on vilkasta kansainv\u00e4list\u00e4 toimintaa vastaanottavana ja l\u00e4hett\u00e4v\u00e4n\u00e4 oppilaitoksena. Viime vuosina K\u00c4TEV\u00c4-koulutusalojen opiskelijoita on ollut Erasmus-opiskelijavaihdossa Ranskassa, Virossa ja Tsekiss\u00e4. Opiskelijavaihdon lis\u00e4ksi on mahdollista menn\u00e4 ty\u00f6paikalla j\u00e4rjestett\u00e4v\u00e4\u00e4n koulutukseen my\u00f6s Suomen ulkopuolelle.<\/p>\n\n\n\n<h3 class=\"wp-block-heading\">Tervetuloa opiskelemaan!<\/h3>\n\n\n\n<p>Ole yhteydess\u00e4, mik\u00e4li sinulla on mit\u00e4 tahansa kysytt\u00e4v\u00e4\u00e4 opintoihin tai hakemiseen liittyen.<\/p>\n\n\n\n<ul class=\"wp-block-list\">\n<li>Koulutusp\u00e4\u00e4llikk\u00f6 Minna Leminen<br>minna.leminen@kktavastia.fi, puh. 050 5001377<\/li>\n\n\n\n<li>Opinto-ohjaaja Marko Salakari<br>marko.salakari@kktavastia.fi, puh. 050 4391384<\/li>\n\n\n\n<li>Tavastian Ohjauspiste<br>ohjauspiste@kktavastia.fi, puh. 03 6581 500<\/li>\n<\/ul>\n\n\n\n<p>Seuraa meit\u00e4 my\u00f6s sosiaalisessa mediassa!<\/p>\n\n\n\n<ul class=\"wp-block-social-links is-layout-flex wp-block-social-links-is-layout-flex\">\n\n<li class=\"wp-social-link wp-social-link-facebook  wp-block-social-link\"><a href=\"https:\/\/www.facebook.com\/KatevakoulutusTavastia\/\" class=\"wp-block-social-link-anchor\"><svg width=\"24\" height=\"24\" viewBox=\"0 0 24 24\" version=\"1.1\" xmlns=\"http:\/\/www.w3.org\/2000\/svg\" aria-hidden=\"true\" focusable=\"false\"><path d=\"M12 2C6.5 2 2 6.5 2 12c0 5 3.7 9.1 8.4 9.9v-7H7.9V12h2.5V9.8c0-2.5 1.5-3.9 3.8-3.9 1.1 0 2.2.2 2.2.2v2.5h-1.3c-1.2 0-1.6.8-1.6 1.6V12h2.8l-.4 2.9h-2.3v7C18.3 21.1 22 17 22 12c0-5.5-4.5-10-10-10z\"><\/path><\/svg><span class=\"wp-block-social-link-label screen-reader-text\">Facebook<\/span><\/a><\/li>\n\n\n\n<li class=\"wp-social-link wp-social-link-instagram  wp-block-social-link\"><a href=\"https:\/\/www.instagram.com\/katevakoulutustavastia\/?hl=fi\" class=\"wp-block-social-link-anchor\"><svg width=\"24\" height=\"24\" viewBox=\"0 0 24 24\" version=\"1.1\" xmlns=\"http:\/\/www.w3.org\/2000\/svg\" aria-hidden=\"true\" focusable=\"false\"><path d=\"M12,4.622c2.403,0,2.688,0.009,3.637,0.052c0.877,0.04,1.354,0.187,1.671,0.31c0.42,0.163,0.72,0.358,1.035,0.673 c0.315,0.315,0.51,0.615,0.673,1.035c0.123,0.317,0.27,0.794,0.31,1.671c0.043,0.949,0.052,1.234,0.052,3.637 s-0.009,2.688-0.052,3.637c-0.04,0.877-0.187,1.354-0.31,1.671c-0.163,0.42-0.358,0.72-0.673,1.035 c-0.315,0.315-0.615,0.51-1.035,0.673c-0.317,0.123-0.794,0.27-1.671,0.31c-0.949,0.043-1.233,0.052-3.637,0.052 s-2.688-0.009-3.637-0.052c-0.877-0.04-1.354-0.187-1.671-0.31c-0.42-0.163-0.72-0.358-1.035-0.673 c-0.315-0.315-0.51-0.615-0.673-1.035c-0.123-0.317-0.27-0.794-0.31-1.671C4.631,14.688,4.622,14.403,4.622,12 s0.009-2.688,0.052-3.637c0.04-0.877,0.187-1.354,0.31-1.671c0.163-0.42,0.358-0.72,0.673-1.035 c0.315-0.315,0.615-0.51,1.035-0.673c0.317-0.123,0.794-0.27,1.671-0.31C9.312,4.631,9.597,4.622,12,4.622 M12,3 C9.556,3,9.249,3.01,8.289,3.054C7.331,3.098,6.677,3.25,6.105,3.472C5.513,3.702,5.011,4.01,4.511,4.511 c-0.5,0.5-0.808,1.002-1.038,1.594C3.25,6.677,3.098,7.331,3.054,8.289C3.01,9.249,3,9.556,3,12c0,2.444,0.01,2.751,0.054,3.711 c0.044,0.958,0.196,1.612,0.418,2.185c0.23,0.592,0.538,1.094,1.038,1.594c0.5,0.5,1.002,0.808,1.594,1.038 c0.572,0.222,1.227,0.375,2.185,0.418C9.249,20.99,9.556,21,12,21s2.751-0.01,3.711-0.054c0.958-0.044,1.612-0.196,2.185-0.418 c0.592-0.23,1.094-0.538,1.594-1.038c0.5-0.5,0.808-1.002,1.038-1.594c0.222-0.572,0.375-1.227,0.418-2.185 C20.99,14.751,21,14.444,21,12s-0.01-2.751-0.054-3.711c-0.044-0.958-0.196-1.612-0.418-2.185c-0.23-0.592-0.538-1.094-1.038-1.594 c-0.5-0.5-1.002-0.808-1.594-1.038c-0.572-0.222-1.227-0.375-2.185-0.418C14.751,3.01,14.444,3,12,3L12,3z M12,7.378 c-2.552,0-4.622,2.069-4.622,4.622S9.448,16.622,12,16.622s4.622-2.069,4.622-4.622S14.552,7.378,12,7.378z M12,15 c-1.657,0-3-1.343-3-3s1.343-3,3-3s3,1.343,3,3S13.657,15,12,15z M16.804,6.116c-0.596,0-1.08,0.484-1.08,1.08 s0.484,1.08,1.08,1.08c0.596,0,1.08-0.484,1.08-1.08S17.401,6.116,16.804,6.116z\"><\/path><\/svg><span class=\"wp-block-social-link-label screen-reader-text\">Instagram<\/span><\/a><\/li>\n\n\n\n<\/ul>\n\n\n\n<div class=\"wp-block-media-text alignwide is-stacked-on-mobile\" style=\"grid-template-columns:33% auto\"><figure class=\"wp-block-media-text__media\"><img loading=\"lazy\" decoding=\"async\" width=\"1024\" height=\"378\" src=\"https:\/\/www.kktavastia.fi\/media\/sites\/2\/katevakoulutus_tunnus_vaaka_rgb-2-1024x378.jpg\" alt=\"\" class=\"wp-image-1366 size-full\" srcset=\"https:\/\/www.kktavastia.fi\/media\/sites\/2\/katevakoulutus_tunnus_vaaka_rgb-2-1024x378.jpg 1024w, https:\/\/www.kktavastia.fi\/media\/sites\/2\/katevakoulutus_tunnus_vaaka_rgb-2-300x111.jpg 300w, https:\/\/www.kktavastia.fi\/media\/sites\/2\/katevakoulutus_tunnus_vaaka_rgb-2-768x284.jpg 768w, https:\/\/www.kktavastia.fi\/media\/sites\/2\/katevakoulutus_tunnus_vaaka_rgb-2-1536x567.jpg 1536w, https:\/\/www.kktavastia.fi\/media\/sites\/2\/katevakoulutus_tunnus_vaaka_rgb-2-scaled.jpg 2048w, https:\/\/www.kktavastia.fi\/media\/sites\/2\/katevakoulutus_tunnus_vaaka_rgb-2-20x7.jpg 20w\" sizes=\"auto, (max-width: 1024px) 100vw, 1024px\" \/><\/figure><div class=\"wp-block-media-text__content\">\n<p><\/p>\n<\/div><\/div>\n\n\n\n<p><\/p>\n","protected":false},"excerpt":{"rendered":"<p>Meille voit hakea, jos olet nuori tai aikuinen vailla ammatillista koulutusta tai haluat vaihtaa alaa. Voit olla my\u00f6s k\u00e4sity\u00f6alan ammattilainen, [&hellip;]<\/p>\n","protected":false},"author":6,"featured_media":0,"parent":0,"menu_order":4,"comment_status":"closed","ping_status":"closed","template":"","meta":{"_acf_changed":false,"_relevanssi_hide_post":"","_relevanssi_hide_content":"","_relevanssi_pin_for_all":"","_relevanssi_pin_keywords":"","_relevanssi_unpin_keywords":"","_relevanssi_related_keywords":"","_relevanssi_related_include_ids":"","_relevanssi_related_exclude_ids":"","_relevanssi_related_no_append":"","_relevanssi_related_not_related":"","_relevanssi_related_posts":"476,142,496,526,40171,134","_relevanssi_noindex_reason":"","footnotes":""},"class_list":["post-1356","page","type-page","status-publish","hentry"],"acf":[],"yoast_head":"<title>K\u00e4sity\u00f6alan koulutus | K\u00e4tev\u00e4-koulutus Tavastia | Ammattiopisto Tavastia<\/title>\n<meta name=\"description\" content=\"K\u00e4tev\u00e4-koulutus Tavastia tarjoaa k\u00e4sity\u00f6alojen opintoja. Tutustu taideteollisuusalan sek\u00e4 tekstiili- ja muotialan koulutuksiimme!\" \/>\n<meta name=\"robots\" content=\"index, follow, max-snippet:-1, max-image-preview:large, max-video-preview:-1\" \/>\n<link rel=\"canonical\" href=\"https:\/\/www.kktavastia.fi\/ammattiopisto\/kateva-koulutus-tavastia\/\" \/>\n<meta property=\"og:locale\" content=\"fi_FI\" \/>\n<meta property=\"og:type\" content=\"article\" \/>\n<meta property=\"og:title\" content=\"K\u00e4sity\u00f6alan koulutus | K\u00e4tev\u00e4-koulutus Tavastia | Ammattiopisto Tavastia\" \/>\n<meta property=\"og:description\" content=\"K\u00e4tev\u00e4-koulutus Tavastia tarjoaa k\u00e4sity\u00f6alojen opintoja. Tutustu taideteollisuusalan sek\u00e4 tekstiili- ja muotialan koulutuksiimme!\" \/>\n<meta property=\"og:url\" content=\"https:\/\/www.kktavastia.fi\/ammattiopisto\/kateva-koulutus-tavastia\/\" \/>\n<meta property=\"og:site_name\" content=\"Ammattiopisto Tavastia\" \/>\n<meta property=\"article:modified_time\" content=\"2025-03-07T08:25:13+00:00\" \/>\n<meta property=\"og:image\" content=\"https:\/\/www.kktavastia.fi\/media\/sites\/2\/wetterhoff_vuodesta1885_logo1.jpg\" \/>\n\t<meta property=\"og:image:width\" content=\"471\" \/>\n\t<meta property=\"og:image:height\" content=\"471\" \/>\n\t<meta property=\"og:image:type\" content=\"image\/jpeg\" \/>\n<meta name=\"twitter:card\" content=\"summary_large_image\" \/>\n<script type=\"application\/ld+json\" class=\"yoast-schema-graph\">{\"@context\":\"https:\\\/\\\/schema.org\",\"@graph\":[{\"@type\":\"WebPage\",\"@id\":\"https:\\\/\\\/www.kktavastia.fi\\\/ammattiopisto\\\/kateva-koulutus-tavastia\\\/\",\"url\":\"https:\\\/\\\/www.kktavastia.fi\\\/ammattiopisto\\\/kateva-koulutus-tavastia\\\/\",\"name\":\"K\u00e4sity\u00f6alan koulutus | K\u00e4tev\u00e4-koulutus Tavastia | Ammattiopisto Tavastia\",\"isPartOf\":{\"@id\":\"https:\\\/\\\/www.kktavastia.fi\\\/ammattiopisto\\\/#website\"},\"primaryImageOfPage\":{\"@id\":\"https:\\\/\\\/www.kktavastia.fi\\\/ammattiopisto\\\/kateva-koulutus-tavastia\\\/#primaryimage\"},\"image\":{\"@id\":\"https:\\\/\\\/www.kktavastia.fi\\\/ammattiopisto\\\/kateva-koulutus-tavastia\\\/#primaryimage\"},\"thumbnailUrl\":\"https:\\\/\\\/www.kktavastia.fi\\\/media\\\/sites\\\/2\\\/wetterhoff_vuodesta1885_logo1.jpg\",\"datePublished\":\"2021-01-20T11:39:09+00:00\",\"dateModified\":\"2025-03-07T08:25:13+00:00\",\"description\":\"K\u00e4tev\u00e4-koulutus Tavastia tarjoaa k\u00e4sity\u00f6alojen opintoja. Tutustu taideteollisuusalan sek\u00e4 tekstiili- ja muotialan koulutuksiimme!\",\"breadcrumb\":{\"@id\":\"https:\\\/\\\/www.kktavastia.fi\\\/ammattiopisto\\\/kateva-koulutus-tavastia\\\/#breadcrumb\"},\"inLanguage\":\"fi\",\"potentialAction\":[{\"@type\":\"ReadAction\",\"target\":[\"https:\\\/\\\/www.kktavastia.fi\\\/ammattiopisto\\\/kateva-koulutus-tavastia\\\/\"]}]},{\"@type\":\"ImageObject\",\"inLanguage\":\"fi\",\"@id\":\"https:\\\/\\\/www.kktavastia.fi\\\/ammattiopisto\\\/kateva-koulutus-tavastia\\\/#primaryimage\",\"url\":\"https:\\\/\\\/www.kktavastia.fi\\\/media\\\/sites\\\/2\\\/wetterhoff_vuodesta1885_logo1.jpg\",\"contentUrl\":\"https:\\\/\\\/www.kktavastia.fi\\\/media\\\/sites\\\/2\\\/wetterhoff_vuodesta1885_logo1.jpg\"},{\"@type\":\"BreadcrumbList\",\"@id\":\"https:\\\/\\\/www.kktavastia.fi\\\/ammattiopisto\\\/kateva-koulutus-tavastia\\\/#breadcrumb\",\"itemListElement\":[{\"@type\":\"ListItem\",\"position\":1,\"name\":\"Home\",\"item\":\"https:\\\/\\\/www.kktavastia.fi\\\/ammattiopisto\\\/\"},{\"@type\":\"ListItem\",\"position\":2,\"name\":\"K\u00e4tev\u00e4-koulutus Tavastia\"}]},{\"@type\":\"WebSite\",\"@id\":\"https:\\\/\\\/www.kktavastia.fi\\\/ammattiopisto\\\/#website\",\"url\":\"https:\\\/\\\/www.kktavastia.fi\\\/ammattiopisto\\\/\",\"name\":\"Ammattiopisto Tavastia\",\"description\":\"\",\"potentialAction\":[{\"@type\":\"SearchAction\",\"target\":{\"@type\":\"EntryPoint\",\"urlTemplate\":\"https:\\\/\\\/www.kktavastia.fi\\\/ammattiopisto\\\/?s={search_term_string}\"},\"query-input\":{\"@type\":\"PropertyValueSpecification\",\"valueRequired\":true,\"valueName\":\"search_term_string\"}}],\"inLanguage\":\"fi\"}]}<\/script>","yoast_head_json":{"title":"K\u00e4sity\u00f6alan koulutus | K\u00e4tev\u00e4-koulutus Tavastia | Ammattiopisto Tavastia","description":"K\u00e4tev\u00e4-koulutus Tavastia tarjoaa k\u00e4sity\u00f6alojen opintoja. Tutustu taideteollisuusalan sek\u00e4 tekstiili- ja muotialan koulutuksiimme!","robots":{"index":"index","follow":"follow","max-snippet":"max-snippet:-1","max-image-preview":"max-image-preview:large","max-video-preview":"max-video-preview:-1"},"canonical":"https:\/\/www.kktavastia.fi\/ammattiopisto\/kateva-koulutus-tavastia\/","og_locale":"fi_FI","og_type":"article","og_title":"K\u00e4sity\u00f6alan koulutus | K\u00e4tev\u00e4-koulutus Tavastia | Ammattiopisto Tavastia","og_description":"K\u00e4tev\u00e4-koulutus Tavastia tarjoaa k\u00e4sity\u00f6alojen opintoja. Tutustu taideteollisuusalan sek\u00e4 tekstiili- ja muotialan koulutuksiimme!","og_url":"https:\/\/www.kktavastia.fi\/ammattiopisto\/kateva-koulutus-tavastia\/","og_site_name":"Ammattiopisto Tavastia","article_modified_time":"2025-03-07T08:25:13+00:00","og_image":[{"width":471,"height":471,"url":"https:\/\/www.kktavastia.fi\/media\/sites\/2\/wetterhoff_vuodesta1885_logo1.jpg","type":"image\/jpeg"}],"twitter_card":"summary_large_image","schema":{"@context":"https:\/\/schema.org","@graph":[{"@type":"WebPage","@id":"https:\/\/www.kktavastia.fi\/ammattiopisto\/kateva-koulutus-tavastia\/","url":"https:\/\/www.kktavastia.fi\/ammattiopisto\/kateva-koulutus-tavastia\/","name":"K\u00e4sity\u00f6alan koulutus | K\u00e4tev\u00e4-koulutus Tavastia | Ammattiopisto Tavastia","isPartOf":{"@id":"https:\/\/www.kktavastia.fi\/ammattiopisto\/#website"},"primaryImageOfPage":{"@id":"https:\/\/www.kktavastia.fi\/ammattiopisto\/kateva-koulutus-tavastia\/#primaryimage"},"image":{"@id":"https:\/\/www.kktavastia.fi\/ammattiopisto\/kateva-koulutus-tavastia\/#primaryimage"},"thumbnailUrl":"https:\/\/www.kktavastia.fi\/media\/sites\/2\/wetterhoff_vuodesta1885_logo1.jpg","datePublished":"2021-01-20T11:39:09+00:00","dateModified":"2025-03-07T08:25:13+00:00","description":"K\u00e4tev\u00e4-koulutus Tavastia tarjoaa k\u00e4sity\u00f6alojen opintoja. Tutustu taideteollisuusalan sek\u00e4 tekstiili- ja muotialan koulutuksiimme!","breadcrumb":{"@id":"https:\/\/www.kktavastia.fi\/ammattiopisto\/kateva-koulutus-tavastia\/#breadcrumb"},"inLanguage":"fi","potentialAction":[{"@type":"ReadAction","target":["https:\/\/www.kktavastia.fi\/ammattiopisto\/kateva-koulutus-tavastia\/"]}]},{"@type":"ImageObject","inLanguage":"fi","@id":"https:\/\/www.kktavastia.fi\/ammattiopisto\/kateva-koulutus-tavastia\/#primaryimage","url":"https:\/\/www.kktavastia.fi\/media\/sites\/2\/wetterhoff_vuodesta1885_logo1.jpg","contentUrl":"https:\/\/www.kktavastia.fi\/media\/sites\/2\/wetterhoff_vuodesta1885_logo1.jpg"},{"@type":"BreadcrumbList","@id":"https:\/\/www.kktavastia.fi\/ammattiopisto\/kateva-koulutus-tavastia\/#breadcrumb","itemListElement":[{"@type":"ListItem","position":1,"name":"Home","item":"https:\/\/www.kktavastia.fi\/ammattiopisto\/"},{"@type":"ListItem","position":2,"name":"K\u00e4tev\u00e4-koulutus Tavastia"}]},{"@type":"WebSite","@id":"https:\/\/www.kktavastia.fi\/ammattiopisto\/#website","url":"https:\/\/www.kktavastia.fi\/ammattiopisto\/","name":"Ammattiopisto Tavastia","description":"","potentialAction":[{"@type":"SearchAction","target":{"@type":"EntryPoint","urlTemplate":"https:\/\/www.kktavastia.fi\/ammattiopisto\/?s={search_term_string}"},"query-input":{"@type":"PropertyValueSpecification","valueRequired":true,"valueName":"search_term_string"}}],"inLanguage":"fi"}]}},"_links":{"self":[{"href":"https:\/\/www.kktavastia.fi\/ammattiopisto\/wp-json\/wp\/v2\/pages\/1356","targetHints":{"allow":["GET"]}}],"collection":[{"href":"https:\/\/www.kktavastia.fi\/ammattiopisto\/wp-json\/wp\/v2\/pages"}],"about":[{"href":"https:\/\/www.kktavastia.fi\/ammattiopisto\/wp-json\/wp\/v2\/types\/page"}],"author":[{"embeddable":true,"href":"https:\/\/www.kktavastia.fi\/ammattiopisto\/wp-json\/wp\/v2\/users\/6"}],"replies":[{"embeddable":true,"href":"https:\/\/www.kktavastia.fi\/ammattiopisto\/wp-json\/wp\/v2\/comments?post=1356"}],"version-history":[{"count":25,"href":"https:\/\/www.kktavastia.fi\/ammattiopisto\/wp-json\/wp\/v2\/pages\/1356\/revisions"}],"predecessor-version":[{"id":83679,"href":"https:\/\/www.kktavastia.fi\/ammattiopisto\/wp-json\/wp\/v2\/pages\/1356\/revisions\/83679"}],"wp:attachment":[{"href":"https:\/\/www.kktavastia.fi\/ammattiopisto\/wp-json\/wp\/v2\/media?parent=1356"}],"curies":[{"name":"wp","href":"https:\/\/api.w.org\/{rel}","templated":true}]}}