{"id":134,"date":"2020-11-24T15:15:02","date_gmt":"2020-11-24T13:15:02","guid":{"rendered":"https:\/\/kktavastia.vaiheessa.fi\/ammattiopisto\/?page_id=134"},"modified":"2026-03-05T10:54:38","modified_gmt":"2026-03-05T08:54:38","slug":"jatkuva-haku","status":"publish","type":"page","link":"https:\/\/www.kktavastia.fi\/ammattiopisto\/hakijalle\/jatkuva-haku\/","title":{"rendered":"Jatkuva haku"},"content":{"rendered":"\n<p class=\"is-style-ingress\">Jatkuva haku tarkoittaa toista hakuv\u00e4yl\u00e4\u00e4 valtakunnallisen yhteishaun rinnalla. Tavastiassa jatkuvassa haussa on viisi vakiintunutta hakuaikaa vuodessa. Osaan tutkinnoista ja koulutuksista voi hakea ymp\u00e4ri vuoden. Jatkuva haku sopii erityisesti ty\u00f6ik\u00e4isille.<\/p>\n\n\n\n<h3 class=\"wp-block-heading\">Hakeminen jatkuvassa haussa<\/h3>\n\n\n\n<p>Jatkuvassa haussa opiskelemaan voivat hakeutua<\/p>\n\n\n\n<ul class=\"wp-block-list\">\n<li>hakijat, joilla on jo aikaisempi tutkinto<\/li>\n\n\n\n<li>ty\u00f6el\u00e4m\u00e4ss\u00e4 osaamista hankkineet<\/li>\n\n\n\n<li>alaa vaihtavat<\/li>\n\n\n\n<li>oppisopimuskoulutuksen hakeutuvat, joilla on koulutusty\u00f6paikka tiedossa<\/li>\n\n\n\n<li>yhteishaussa ilman opiskelupaikkaa j\u00e4\u00e4neet<\/li>\n<\/ul>\n\n\n\n<h4 class=\"wp-block-heading\">Ammattiopisto Tavastian hakujaksot<\/h4>\n\n\n\n<ul class=\"wp-block-list\">\n<li>18.3.\u201312.4.2026 | 18.3.\u201310.5.2026, koulutus alkaa 5.8.2026 (aikaisempi hakuajan p\u00e4\u00e4ttyminen tutkinnoissa, joissa valintakoe)<\/li>\n\n\n\n<li>13.4.\u20132.8.2026, koulutus alkaa  31.8.2026 | 7.9.2026<\/li>\n\n\n\n<li>Oppisopimuskoulutuksiin voit hakea ymp\u00e4ri vuoden. Voit hakea oppisopimuskoulutukseen, jos sinulla on tarvittava ty\u00f6paikka tai tieto sellaisesta. Koulutuksen aloitus sovitaan tapauskohtaisesti.<\/li>\n<\/ul>\n\n\n\n<p>Etsi siis nettisivuiltamme koulutus, josta olet kiinnostunut, ja tarkasta kyseisen tutkinnon hakuaika. Hakulomakkeen l\u00f6yd\u00e4t jokaisen tutkinnon esittelysivulta. Lomake aktivoituu, kun hakuaika alkaa.<\/p>\n\n\n\n<section class=\"block block-image-content-upsell right-image\">\n  <div class=\"container\">\n\n    <div class=\"cols\">\n      <div class=\"col col-content\">\n        <div class=\"content content-dark\">\n          <h3>Mihin voi hakea?<\/h3>\n          <p>Jatkuvassa haussa voi hakea suorittamaan ammatillisia tutkintoja tai niiden osia. Ammatillisia tutkintoja ovat perustutkinnot, ammattitutkinnot ja erikoisammattitutkinnot. Tutkinnon suorittamiseen kuluva aika on henkil\u00f6kohtainen, ja siihen vaikuttavat aiempi pohjakoulutus ja osaaminen.<\/p>\n                      <a href=\"https:\/\/kktavastia.fi\/ammattiopisto\/tutkinnot\/\" class=\"button button-light\">Katso kaikki tutkinnot ja koulutukset<svg xmlns=\"http:\/\/www.w3.org\/2000\/svg\" width=\"23\" height=\"8\" viewBox=\"0 0 23 8\"><path d=\"M1 3.818h21.23m0 0L19.153.764m3.077 3.054l-3.077 3.055\" stroke=\"currentColor\" stroke-width=\"1.5\" fill=\"none\" fill-rule=\"evenodd\" stroke-linecap=\"round\" stroke-linejoin=\"round\"\/><\/svg>\n<\/a>\n                  <\/div>\n      <\/div>\n\n      <div class=\"col col-image\">\n            <div class=\"lazy\"\n      data-bg=\"https:\/\/www.kktavastia.fi\/media\/sites\/2\/entrepreneur-593358_1920.jpg\"\n          >\n    <\/div>\n\n          <\/div>\n    <\/div>\n\n  <\/div>\n<\/section>\n\n\n\n<h4 class=\"wp-block-heading\">Miten jatkuvassa haussa haetaan?<\/h4>\n\n\n\n<p>Tutustu&nbsp;nettisivuillamme&nbsp;tarjolla oleviin koulutuksiin. Kunkin koulutuksen kohdalla mainitaan sen hakuaika, ja hakulomake avautuu klikkaamalla lomakelinkki\u00e4 hakuaikana.<\/p>\n\n\n\n<p>Tarvittaessa Ammattiopisto Tavastian <a href=\"https:\/\/www.kktavastia.fi\/ammattiopisto\/hakijalle\/ohjauspiste\/\">Ohjauspiste<\/a> auttaa sinua. Ole rohkeasti yhteydess\u00e4, jos kaipaat apua!<\/p>\n\n\n\n<h4 class=\"wp-block-heading\">Mill\u00e4 perusteella hakijat valitaan koulutuksiin?<\/h4>\n\n\n\n<p>Jatkuvassa haussa hakijat pisteytet\u00e4\u00e4n hakemuksen tai hakemuksen ja ennakkoteht\u00e4v\u00e4n\/haastattelun\/valintakokeen perusteella. Valintakriteerit&nbsp;ovat seuraavat:<\/p>\n\n\n\n<ul class=\"wp-block-list\">\n<li>hakukelpoisuus<\/li>\n\n\n\n<li>vieraskielisten kielitaito<\/li>\n\n\n\n<li>koulutustarve<\/li>\n\n\n\n<li>tavoitteet ja motivaatio<\/li>\n\n\n\n<li>tutkintokohtainen tutkinnon suorittamisen edellytysten selvitys<\/li>\n\n\n\n<li>lis\u00e4pisteet TUVA-koulutuksen suorittamisesta<\/li>\n<\/ul>\n\n\n\n<section class=\"block block-cols block-image-upsells\">\n  <div class=\"container\">\n\n    <div class=\"cols\">\n            <div class=\"col\">\n        <a href=\"https:\/\/www.kktavastia.fi\/ammattiopisto\/hakijalle\/yhteishaku\/terveydentilavaatimukset\/\" class=\"global-link\" aria-label=\"Koulutusten terveydentila- ja toimintakykyvaatimukset\"><\/a>\n\n        <div class=\"image\" aria-hidden=\"true\">\n              <div class=\"lazy\"\n      data-bg=\"https:\/\/www.kktavastia.fi\/media\/sites\/2\/tervtila-scaled.jpg\"\n          >\n    <\/div>\n\n            <\/div>\n\n        <div class=\"content content-dark\">\n          <h3>Koulutusten terveydentila- ja toimintakykyvaatimukset<\/h3>\n        <\/div>\n      <\/div>\n            <div class=\"col\">\n        <a href=\"https:\/\/www.kktavastia.fi\/ammattiopisto\/opiskelijalle\/opiskelu\/hoks-ja-opiskelupolut\/\" class=\"global-link\" aria-label=\"HOKS ja yksil\u00f6lliset opintopolut\"><\/a>\n\n        <div class=\"image\" aria-hidden=\"true\">\n              <div class=\"lazy\"\n      data-bg=\"https:\/\/www.kktavastia.fi\/media\/sites\/2\/kk-tavastia-25hires-1-scaled-e1706002326719.jpg\"\n          >\n    <\/div>\n\n            <\/div>\n\n        <div class=\"content content-dark\">\n          <h3>HOKS ja yksil\u00f6lliset opintopolut<\/h3>\n        <\/div>\n      <\/div>\n          <\/div>\n\n  <\/div>\n<\/section>\n\n\n\n<section class=\"block block-image-content-upsell right-image\">\n  <div class=\"container\">\n\n    <div class=\"cols\">\n      <div class=\"col col-content\">\n        <div class=\"content content-dark\">\n          <h3>Oppisopimuskoulutus<\/h3>\n          <p>Kaikki ammatilliset tutkinnot voi suorittaa my\u00f6s oppisopimuksella. Voit hakea oppisopimuskoulutukseen, jos sinulla on tarvittava ty\u00f6paikka tai tieto sellaisesta.<\/p>\n                      <a href=\"https:\/\/www.kktavastia.fi\/ammattiopisto\/hakijalle\/oppisopimus\/\" class=\"button button-light\">Lue lis\u00e4\u00e4 oppisopimuksesta<svg xmlns=\"http:\/\/www.w3.org\/2000\/svg\" width=\"23\" height=\"8\" viewBox=\"0 0 23 8\"><path d=\"M1 3.818h21.23m0 0L19.153.764m3.077 3.054l-3.077 3.055\" stroke=\"currentColor\" stroke-width=\"1.5\" fill=\"none\" fill-rule=\"evenodd\" stroke-linecap=\"round\" stroke-linejoin=\"round\"\/><\/svg>\n<\/a>\n                  <\/div>\n      <\/div>\n\n      <div class=\"col col-image\">\n            <div class=\"lazy\"\n      data-bg=\"https:\/\/www.kktavastia.fi\/media\/sites\/2\/20161004-03-11-004-001_pieni.jpg\"\n          >\n    <\/div>\n\n          <\/div>\n    <\/div>\n\n  <\/div>\n<\/section>\n\n\n\n<h3 class=\"wp-block-heading\">Ohjattu haku<\/h3>\n\n\n\n<ul class=\"wp-block-list\">\n<li>Ohjattu haku tarkoittaa koulutukseen hakeutumista ohjatusti ja joustavasti yleens\u00e4 <a href=\"https:\/\/www.kktavastia.fi\/ammattiopisto\/hakijalle\/ohjauspiste\/\">Ohjauspisteen<\/a> kautta.<\/li>\n\n\n\n<li>Hakijan alkutilanne kartoitetaan ja eri mahdollisuudet hakeutua koulutuksiin selvitet\u00e4\u00e4n. Oppilaitoksen opinto-ohjaajat, uraohjaajat tai koulukuraattorit kartoittavat hakijan tilannetta ja neuvovat hakumenettelyss\u00e4.<\/li>\n<\/ul>\n\n\n\n<h3 class=\"wp-block-heading\">Ty\u00f6voimakoulutus<\/h3>\n\n\n\n<p>Tutkintotavoitteiseen ty\u00f6voimakoulutukseen valinnasta p\u00e4\u00e4tt\u00e4v\u00e4t&nbsp;koulutuksen j\u00e4rjest\u00e4j\u00e4n ja ty\u00f6- ja elinkeinotoimiston edustajat yhdess\u00e4.<\/p>\n\n\n\n<div class=\"wp-block-buttons is-layout-flex wp-block-buttons-is-layout-flex\">\n<div class=\"wp-block-button\"><a class=\"wp-block-button__link wp-element-button\" href=\"https:\/\/www.kktavastia.fi\/ammattiopisto\/tutkinnot\/tyovoimakoulutus\/\">Tutustu ty\u00f6voimakoulutukseen<\/a><\/div>\n<\/div>\n\n\n\n<h3 class=\"wp-block-heading\">Jatkuva oppiminen<\/h3>\n\n\n\n<p>Jatkuvalla oppimisella vastataan tarpeeseen kehitt\u00e4\u00e4 ja uudistaa osaamista el\u00e4m\u00e4n ja ty\u00f6uran eri vaiheissa.&nbsp;Osaamista kehitt\u00e4m\u00e4ll\u00e4 tuetaan mielekk\u00e4it\u00e4 ty\u00f6uria, hyv\u00e4\u00e4 ty\u00f6llisyyskehityst\u00e4, julkisen talouden tasapainoa sek\u00e4 yritysten kilpailukyky\u00e4 ja tuottavuutta.<\/p>\n\n\n\n<div class=\"wp-block-buttons is-layout-flex wp-block-buttons-is-layout-flex\">\n<div class=\"wp-block-button\"><a class=\"wp-block-button__link wp-element-button\" href=\"https:\/\/www.kktavastia.fi\/tyoelamapalvelut\/jatkuva-oppiminen\/\">Lue lis\u00e4\u00e4 jatkuvasta oppimisesta Tavastiassa<\/a><\/div>\n<\/div>\n\n\n\n<section class=\"block block-image-content-upsell right-image\">\n  <div class=\"container\">\n\n    <div class=\"cols\">\n      <div class=\"col col-content\">\n        <div class=\"content content-dark\">\n          <h3>Koulutusv\u00e4yl\u00e4t maahanmuuttajille<\/h3>\n          <p>Maahanmuuttajille on tarjolla erilaisia koulutusmahdollisuuksia l\u00e4ht\u00f6tasosta riippuen. Tutustu t\u00e4st\u00e4 lis\u00e4\u00e4.<\/p>\n                      <a href=\"https:\/\/www.kktavastia.fi\/ammattiopisto\/hakijalle\/maahanmuuttaneet\/\" class=\"button button-light\">Maahanmuuttajien opinnot<svg xmlns=\"http:\/\/www.w3.org\/2000\/svg\" width=\"23\" height=\"8\" viewBox=\"0 0 23 8\"><path d=\"M1 3.818h21.23m0 0L19.153.764m3.077 3.054l-3.077 3.055\" stroke=\"currentColor\" stroke-width=\"1.5\" fill=\"none\" fill-rule=\"evenodd\" stroke-linecap=\"round\" stroke-linejoin=\"round\"\/><\/svg>\n<\/a>\n                  <\/div>\n      <\/div>\n\n      <div class=\"col col-image\">\n            <div class=\"lazy\"\n      data-bg=\"https:\/\/www.kktavastia.fi\/media\/sites\/2\/img_6556-pieni-e1612505593559.jpg\"\n              style=\" background-position: 26.50% 24.95%;\"\n          >\n    <\/div>\n\n          <\/div>\n    <\/div>\n\n  <\/div>\n<\/section>\n\n\n\n<section class=\"block block-cols block-image-upsells\">\n  <div class=\"container\">\n\n    <div class=\"cols\">\n            <div class=\"col\">\n        <a href=\"https:\/\/www.kktavastia.fi\/ammattiopisto\/hakijalle\/koulutuskokeilut-ja-tutustumiset\/\" class=\"global-link\" aria-label=\"Koulutuskokeilut \u2013 tukea opiskelualan valintaan\"><\/a>\n\n        <div class=\"image\" aria-hidden=\"true\">\n              <div class=\"lazy\"\n      data-bg=\"https:\/\/www.kktavastia.fi\/media\/sites\/2\/koulutuskokeilu_kuva-e1706002484442.png\"\n          >\n    <\/div>\n\n            <\/div>\n\n        <div class=\"content content-dark\">\n          <h3>Koulutuskokeilut \u2013 tukea opiskelualan valintaan<\/h3>\n        <\/div>\n      <\/div>\n            <div class=\"col\">\n        <a href=\"https:\/\/www.kktavastia.fi\/ammattiopisto\/opiskelijalle\/taloudellinen-tuki\/\" class=\"global-link\" aria-label=\"Taloudellinen tuki opintoihin\"><\/a>\n\n        <div class=\"image\" aria-hidden=\"true\">\n              <div class=\"lazy\"\n      data-bg=\"https:\/\/www.kktavastia.fi\/media\/sites\/2\/taloudellinentuki.png\"\n          >\n    <\/div>\n\n            <\/div>\n\n        <div class=\"content content-dark\">\n          <h3>Taloudellinen tuki opintoihin<\/h3>\n        <\/div>\n      <\/div>\n          <\/div>\n\n  <\/div>\n<\/section>\n\n\n\n<p><\/p>\n","protected":false},"excerpt":{"rendered":"<p>Jatkuva haku tarkoittaa toista hakuv\u00e4yl\u00e4\u00e4 valtakunnallisen yhteishaun rinnalla. Tavastiassa jatkuvassa haussa on viisi vakiintunutta hakuaikaa vuodessa. Osaan tutkinnoista ja koulutuksista [&hellip;]<\/p>\n","protected":false},"author":6,"featured_media":0,"parent":2,"menu_order":3,"comment_status":"closed","ping_status":"closed","template":"","meta":{"_acf_changed":false,"_relevanssi_hide_post":"","_relevanssi_hide_content":"","_relevanssi_pin_for_all":"","_relevanssi_pin_keywords":"jatkuva haku","_relevanssi_unpin_keywords":"","_relevanssi_related_keywords":"","_relevanssi_related_include_ids":"","_relevanssi_related_exclude_ids":"","_relevanssi_related_no_append":"","_relevanssi_related_not_related":"","_relevanssi_related_posts":"132,2,934,991,15,58","_relevanssi_noindex_reason":"","footnotes":""},"class_list":["post-134","page","type-page","status-publish","hentry"],"acf":[],"yoast_head":"<title>Jatkuva haku | Ammattiopisto Tavastia | Jatkuvassa haussa opiskelijaksi<\/title>\n<meta name=\"description\" content=\"Jatkuva haku Ammattiopisto Tavastiassa: katso hakujaksot t\u00e4\u00e4lt\u00e4 ja hae opiskelijaksi. Jatkuva haku my\u00f6s oppisopimuskoulutuksiin!\" \/>\n<meta name=\"robots\" content=\"index, follow, max-snippet:-1, max-image-preview:large, max-video-preview:-1\" \/>\n<link rel=\"canonical\" href=\"https:\/\/www.kktavastia.fi\/ammattiopisto\/hakijalle\/jatkuva-haku\/\" \/>\n<meta property=\"og:locale\" content=\"fi_FI\" \/>\n<meta property=\"og:type\" content=\"article\" \/>\n<meta property=\"og:title\" content=\"Jatkuva haku | Ammattiopisto Tavastia | Jatkuvassa haussa opiskelijaksi\" \/>\n<meta property=\"og:description\" content=\"Jatkuva haku Ammattiopisto Tavastiassa: katso hakujaksot t\u00e4\u00e4lt\u00e4 ja hae opiskelijaksi. Jatkuva haku my\u00f6s oppisopimuskoulutuksiin!\" \/>\n<meta property=\"og:url\" content=\"https:\/\/www.kktavastia.fi\/ammattiopisto\/hakijalle\/jatkuva-haku\/\" \/>\n<meta property=\"og:site_name\" content=\"Ammattiopisto Tavastia\" \/>\n<meta property=\"article:modified_time\" content=\"2026-03-05T08:54:38+00:00\" \/>\n<meta name=\"twitter:card\" content=\"summary_large_image\" \/>\n<script type=\"application\/ld+json\" class=\"yoast-schema-graph\">{\"@context\":\"https:\\\/\\\/schema.org\",\"@graph\":[{\"@type\":\"WebPage\",\"@id\":\"https:\\\/\\\/www.kktavastia.fi\\\/ammattiopisto\\\/hakijalle\\\/jatkuva-haku\\\/\",\"url\":\"https:\\\/\\\/www.kktavastia.fi\\\/ammattiopisto\\\/hakijalle\\\/jatkuva-haku\\\/\",\"name\":\"Jatkuva haku | Ammattiopisto Tavastia | Jatkuvassa haussa opiskelijaksi\",\"isPartOf\":{\"@id\":\"https:\\\/\\\/www.kktavastia.fi\\\/ammattiopisto\\\/#website\"},\"datePublished\":\"2020-11-24T13:15:02+00:00\",\"dateModified\":\"2026-03-05T08:54:38+00:00\",\"description\":\"Jatkuva haku Ammattiopisto Tavastiassa: katso hakujaksot t\u00e4\u00e4lt\u00e4 ja hae opiskelijaksi. Jatkuva haku my\u00f6s oppisopimuskoulutuksiin!\",\"breadcrumb\":{\"@id\":\"https:\\\/\\\/www.kktavastia.fi\\\/ammattiopisto\\\/hakijalle\\\/jatkuva-haku\\\/#breadcrumb\"},\"inLanguage\":\"fi\",\"potentialAction\":[{\"@type\":\"ReadAction\",\"target\":[\"https:\\\/\\\/www.kktavastia.fi\\\/ammattiopisto\\\/hakijalle\\\/jatkuva-haku\\\/\"]}]},{\"@type\":\"BreadcrumbList\",\"@id\":\"https:\\\/\\\/www.kktavastia.fi\\\/ammattiopisto\\\/hakijalle\\\/jatkuva-haku\\\/#breadcrumb\",\"itemListElement\":[{\"@type\":\"ListItem\",\"position\":1,\"name\":\"Home\",\"item\":\"https:\\\/\\\/www.kktavastia.fi\\\/ammattiopisto\\\/\"},{\"@type\":\"ListItem\",\"position\":2,\"name\":\"Hakijalle\",\"item\":\"https:\\\/\\\/www.kktavastia.fi\\\/ammattiopisto\\\/hakijalle\\\/\"},{\"@type\":\"ListItem\",\"position\":3,\"name\":\"Jatkuva haku\"}]},{\"@type\":\"WebSite\",\"@id\":\"https:\\\/\\\/www.kktavastia.fi\\\/ammattiopisto\\\/#website\",\"url\":\"https:\\\/\\\/www.kktavastia.fi\\\/ammattiopisto\\\/\",\"name\":\"Ammattiopisto Tavastia\",\"description\":\"\",\"potentialAction\":[{\"@type\":\"SearchAction\",\"target\":{\"@type\":\"EntryPoint\",\"urlTemplate\":\"https:\\\/\\\/www.kktavastia.fi\\\/ammattiopisto\\\/?s={search_term_string}\"},\"query-input\":{\"@type\":\"PropertyValueSpecification\",\"valueRequired\":true,\"valueName\":\"search_term_string\"}}],\"inLanguage\":\"fi\"}]}<\/script>","yoast_head_json":{"title":"Jatkuva haku | Ammattiopisto Tavastia | Jatkuvassa haussa opiskelijaksi","description":"Jatkuva haku Ammattiopisto Tavastiassa: katso hakujaksot t\u00e4\u00e4lt\u00e4 ja hae opiskelijaksi. Jatkuva haku my\u00f6s oppisopimuskoulutuksiin!","robots":{"index":"index","follow":"follow","max-snippet":"max-snippet:-1","max-image-preview":"max-image-preview:large","max-video-preview":"max-video-preview:-1"},"canonical":"https:\/\/www.kktavastia.fi\/ammattiopisto\/hakijalle\/jatkuva-haku\/","og_locale":"fi_FI","og_type":"article","og_title":"Jatkuva haku | Ammattiopisto Tavastia | Jatkuvassa haussa opiskelijaksi","og_description":"Jatkuva haku Ammattiopisto Tavastiassa: katso hakujaksot t\u00e4\u00e4lt\u00e4 ja hae opiskelijaksi. Jatkuva haku my\u00f6s oppisopimuskoulutuksiin!","og_url":"https:\/\/www.kktavastia.fi\/ammattiopisto\/hakijalle\/jatkuva-haku\/","og_site_name":"Ammattiopisto Tavastia","article_modified_time":"2026-03-05T08:54:38+00:00","twitter_card":"summary_large_image","schema":{"@context":"https:\/\/schema.org","@graph":[{"@type":"WebPage","@id":"https:\/\/www.kktavastia.fi\/ammattiopisto\/hakijalle\/jatkuva-haku\/","url":"https:\/\/www.kktavastia.fi\/ammattiopisto\/hakijalle\/jatkuva-haku\/","name":"Jatkuva haku | Ammattiopisto Tavastia | Jatkuvassa haussa opiskelijaksi","isPartOf":{"@id":"https:\/\/www.kktavastia.fi\/ammattiopisto\/#website"},"datePublished":"2020-11-24T13:15:02+00:00","dateModified":"2026-03-05T08:54:38+00:00","description":"Jatkuva haku Ammattiopisto Tavastiassa: katso hakujaksot t\u00e4\u00e4lt\u00e4 ja hae opiskelijaksi. Jatkuva haku my\u00f6s oppisopimuskoulutuksiin!","breadcrumb":{"@id":"https:\/\/www.kktavastia.fi\/ammattiopisto\/hakijalle\/jatkuva-haku\/#breadcrumb"},"inLanguage":"fi","potentialAction":[{"@type":"ReadAction","target":["https:\/\/www.kktavastia.fi\/ammattiopisto\/hakijalle\/jatkuva-haku\/"]}]},{"@type":"BreadcrumbList","@id":"https:\/\/www.kktavastia.fi\/ammattiopisto\/hakijalle\/jatkuva-haku\/#breadcrumb","itemListElement":[{"@type":"ListItem","position":1,"name":"Home","item":"https:\/\/www.kktavastia.fi\/ammattiopisto\/"},{"@type":"ListItem","position":2,"name":"Hakijalle","item":"https:\/\/www.kktavastia.fi\/ammattiopisto\/hakijalle\/"},{"@type":"ListItem","position":3,"name":"Jatkuva haku"}]},{"@type":"WebSite","@id":"https:\/\/www.kktavastia.fi\/ammattiopisto\/#website","url":"https:\/\/www.kktavastia.fi\/ammattiopisto\/","name":"Ammattiopisto Tavastia","description":"","potentialAction":[{"@type":"SearchAction","target":{"@type":"EntryPoint","urlTemplate":"https:\/\/www.kktavastia.fi\/ammattiopisto\/?s={search_term_string}"},"query-input":{"@type":"PropertyValueSpecification","valueRequired":true,"valueName":"search_term_string"}}],"inLanguage":"fi"}]}},"_links":{"self":[{"href":"https:\/\/www.kktavastia.fi\/ammattiopisto\/wp-json\/wp\/v2\/pages\/134","targetHints":{"allow":["GET"]}}],"collection":[{"href":"https:\/\/www.kktavastia.fi\/ammattiopisto\/wp-json\/wp\/v2\/pages"}],"about":[{"href":"https:\/\/www.kktavastia.fi\/ammattiopisto\/wp-json\/wp\/v2\/types\/page"}],"author":[{"embeddable":true,"href":"https:\/\/www.kktavastia.fi\/ammattiopisto\/wp-json\/wp\/v2\/users\/6"}],"replies":[{"embeddable":true,"href":"https:\/\/www.kktavastia.fi\/ammattiopisto\/wp-json\/wp\/v2\/comments?post=134"}],"version-history":[{"count":25,"href":"https:\/\/www.kktavastia.fi\/ammattiopisto\/wp-json\/wp\/v2\/pages\/134\/revisions"}],"predecessor-version":[{"id":147943,"href":"https:\/\/www.kktavastia.fi\/ammattiopisto\/wp-json\/wp\/v2\/pages\/134\/revisions\/147943"}],"up":[{"embeddable":true,"href":"https:\/\/www.kktavastia.fi\/ammattiopisto\/wp-json\/wp\/v2\/pages\/2"}],"wp:attachment":[{"href":"https:\/\/www.kktavastia.fi\/ammattiopisto\/wp-json\/wp\/v2\/media?parent=134"}],"curies":[{"name":"wp","href":"https:\/\/api.w.org\/{rel}","templated":true}]}}