{"id":132,"date":"2025-11-03T13:36:07","date_gmt":"2025-11-03T11:36:07","guid":{"rendered":"https:\/\/kktavastia.vaiheessa.fi\/ammattiopisto\/?page_id=132"},"modified":"2026-03-23T09:52:45","modified_gmt":"2026-03-23T07:52:45","slug":"yhteishaku","status":"publish","type":"page","link":"https:\/\/www.kktavastia.fi\/ammattiopisto\/hakijalle\/yhteishaku\/","title":{"rendered":"Yhteishaku"},"content":{"rendered":"\n<p class=\"is-style-ingress\">Voit hakea meille yhteishaussa, hakuohjeet ja -kriteerit l\u00f6yd\u00e4t t\u00e4lt\u00e4 sivulta. Valtakunnallinen hakumenettely ammatilliseen perustutkintokoulutukseen j\u00e4rjestet\u00e4\u00e4n yhteishakuna kerran vuodessa kev\u00e4isin&nbsp;Opintopolku.fi-sivuston kautta. Viimeisin yhteishaku oli helmi\u2013maaliskuussa 2026.<\/p>\n\n\n\n<h3 class=\"wp-block-heading\">YHTEISHAKU 2026<\/h3>\n\n\n\n<ul class=\"wp-block-list\">\n<li>Hakuaika oli 17.2.\u201317.3.2026.<\/li>\n\n\n\n<li>Hakuaika p\u00e4\u00e4ttyi 17.3.2026 kello 15.<\/li>\n\n\n\n<li>Yhteishaun tulokset julkaistaan aikaisintaan 11.6.2026. Saat Opetushallituksen tuloskirjeen s\u00e4hk\u00f6postiisi ja p\u00e4\u00e4t\u00f6ksen opiskelijavalinnasta oppilaitoksesta, johon sinut on valittu.<\/li>\n\n\n\n<li>Ota vastaan opiskelupaikkasi&nbsp;viimeist\u00e4\u00e4n 25.6.2026.<\/li>\n\n\n\n<li>J\u00e4itk\u00f6 ilman opiskelupaikkaa? Julkaisemme yhteishaun tulosten ilmoittamisen j\u00e4lkeen ohjeita, seuraa sivujamme. Voit my\u00f6s ottaa yhteytt\u00e4 <a href=\"https:\/\/www.kktavastia.fi\/ammattiopisto\/hakijalle\/ohjauspiste\/\">Tavastian Ohjauspisteeseen<\/a>, jossa sinua neuvotaan hakuasioissa.<\/li>\n<\/ul>\n\n\n\n<p>Tutustu koko Tavastian yhteishaun <a href=\"https:\/\/www.kktavastia.fi\/yhteishaku-2026\/\">koontisivuun t\u00e4\u00e4ll\u00e4<\/a>.<\/p>\n\n\n\n<div class=\"wp-block-buttons is-layout-flex wp-block-buttons-is-layout-flex\">\n<div class=\"wp-block-button\"><a class=\"wp-block-button__link wp-element-button\" href=\"https:\/\/opintopolku.fi\/konfo\/fi\/\" target=\"_blank\" rel=\"noreferrer noopener\">Yhteishaku Opintopolku.fi-sivustolla<\/a><\/div>\n<\/div>\n\n\n\n<p>Yhteishaussa voit hakea, jos<\/p>\n\n\n\n<ul class=\"wp-block-list\">\n<li>olet peruskoulun p\u00e4\u00e4tt\u00e4v\u00e4&nbsp;tai aikaisemmin peruskoulun suorittanut, eik\u00e4 sinulla ole toisen asteen koulutusta tai<\/li>\n\n\n\n<li>haet harkintaan perustuvassa haussa.<br><br>Jos olet ylioppilas tai abiturientti tai sinulla on jo toisen tai korkea-asteen koulutus, et voi hakea yhteishaussa. Voit kuitenkin hakea jatkuvassa haussa. Tutustu <a href=\"https:\/\/www.kktavastia.fi\/ammattiopisto\/esimerkkisivu\/jatkuva-haku\/\">jatkuvan haun koulutusmahdollisuuksiin<\/a>.<\/li>\n<\/ul>\n\n\n\n<p><\/p>\n\n\n\n<div class=\"wp-block-buttons is-layout-flex wp-block-buttons-is-layout-flex\">\n<div class=\"wp-block-button is-style-fill\"><a class=\"wp-block-button__link wp-element-button\" href=\"https:\/\/www.kktavastia.fi\/ammattiopisto\/category\/opiskelijatarina\/\">Lue tarinoita opiskelijoidemme kokemuksista Tavastiassa<\/a><\/div>\n<\/div>\n\n\n\n<div style=\"height:16px\" aria-hidden=\"true\" class=\"wp-block-spacer\"><\/div>\n\n\n\n<section class=\"block block-cols block-image-upsells\">\n  <div class=\"container\">\n\n    <div class=\"cols\">\n            <div class=\"col\">\n        <a href=\"https:\/\/kktavastia.fi\/ammattiopisto\/tutkinnot\/perustutkinnot\/\" class=\"global-link\" aria-label=\"Ammatilliset perustutkinnot Tavastiassa\"><\/a>\n\n        <div class=\"image\" aria-hidden=\"true\">\n              <div class=\"lazy\"\n      data-bg=\"https:\/\/www.kktavastia.fi\/media\/sites\/2\/aot-kuvat-2025-harkonen-pieni-koko-26.jpg\"\n          >\n    <\/div>\n\n            <\/div>\n\n        <div class=\"content content-dark\">\n          <h3>Ammatilliset perustutkinnot Tavastiassa<\/h3>\n        <\/div>\n      <\/div>\n            <div class=\"col\">\n        <a href=\"https:\/\/www.kktavastia.fi\/ammattiopisto\/hakijalle\/yhteishaku\/kaksoistutkinto\/\" class=\"global-link\" aria-label=\"Kaksoistutkinnon suorittaminen\"><\/a>\n\n        <div class=\"image\" aria-hidden=\"true\">\n              <div class=\"lazy\"\n      data-bg=\"https:\/\/www.kktavastia.fi\/media\/sites\/2\/yolakit-scaled.jpg\"\n          >\n    <\/div>\n\n            <\/div>\n\n        <div class=\"content content-dark\">\n          <h3>Kaksoistutkinnon suorittaminen<\/h3>\n        <\/div>\n      <\/div>\n          <\/div>\n\n  <\/div>\n<\/section>\n\n\n\n<p><\/p>\n\n\n\n<h3 class=\"wp-block-heading\">HOKS ja yksil\u00f6lliset polut<\/h3>\n\n\n\n<p>Jokaisen tavastialaisen opintopolku on yksil\u00f6llinen. Opiskelijalle tehd\u00e4\u00e4n opintojen alussa HOKS eli henkil\u00f6kohtainen osaamisen kehitt\u00e4missuunnitelma. HOKS on henkil\u00f6kohtainen ja r\u00e4\u00e4t\u00e4l\u00f6id\u00e4\u00e4n oman osaamisen ja tavoitteiden mukaisesti. Sit\u00e4 my\u00f6s p\u00e4ivitet\u00e4\u00e4n opintojen edetess\u00e4.<\/p>\n\n\n\n<p>Ammattiopisto Tavastiassa on tarjolla my\u00f6s valmiiksi koostettu yksil\u00f6llisi\u00e4 polkuja, joita opiskelija voi hy\u00f6dynt\u00e4\u00e4 tehdess\u00e4\u00e4n valintoja HOKSiinsa. Polkuja ovat:<\/p>\n\n\n\n<ul class=\"wp-block-list\">\n<li>Jatko-opintopolku<\/li>\n\n\n\n<li>Joustava polku<\/li>\n\n\n\n<li>Kaksoistutkintopolku (kahden tutkinnon polku)<\/li>\n\n\n\n<li>Kansainv\u00e4lisyyspolku<\/li>\n\n\n\n<li>Kest\u00e4v\u00e4n kehityksen polku<\/li>\n\n\n\n<li>Kilpaurheilupolku<\/li>\n\n\n\n<li>S2-polku<\/li>\n\n\n\n<li>Taitaja-polku<\/li>\n\n\n\n<li>Yritt\u00e4jyyspolku<\/li>\n<\/ul>\n\n\n\n<div class=\"wp-block-buttons is-layout-flex wp-block-buttons-is-layout-flex\">\n<div class=\"wp-block-button is-style-fill\"><a class=\"wp-block-button__link wp-element-button\" href=\"https:\/\/www.kktavastia.fi\/ammattiopisto\/opiskelijalle\/opiskelu\/hoks-ja-opiskelupolut\/\">Tutustu HOKSiin ja opintopolkuihin<\/a><\/div>\n<\/div>\n\n\n\n<h3 class=\"wp-block-heading\">Harkintaan perustuva valinta<\/h3>\n\n\n\n<p>Harkintaan perustuvaa hakua k\u00e4ytet\u00e4\u00e4n yhteishaun rinnalla vain painavista syist\u00e4. Jos hakija haluaa tulla huomioiduksi my\u00f6s harkintaan perustuvassa haussa, h\u00e4n hakee normaalisti yhteishaussa, miss\u00e4 h\u00e4n klikkaa \u201dkyll\u00e4\u201d kysymyksess\u00e4: Haetko koulutukseen harkintaan perustuvassa haussa?<\/p>\n\n\n\n<div class=\"wp-block-buttons is-layout-flex wp-block-buttons-is-layout-flex\">\n<div class=\"wp-block-button is-style-fill\"><a class=\"wp-block-button__link wp-element-button\" href=\"https:\/\/www.kktavastia.fi\/ammattiopisto\/esimerkkisivu\/yhteishaku\/harkintaan-perustuva-valinta\/\">Lue lis\u00e4\u00e4 harkintaan perustuvasta valinnasta<\/a><\/div>\n<\/div>\n\n\n\n<h3 class=\"wp-block-heading\">Terveydentila- ja toimintakykyvaatimukset<\/h3>\n\n\n\n<p>Joissakin koulutuksissa on erityisi\u00e4 terveydentilavaatimuksia, jolloin hakijalta voidaan pyyt\u00e4\u00e4 selvityst\u00e4 terveydentilastaan hakuvaiheessa tai koulutuksen aikana.&nbsp;<\/p>\n\n\n\n<div class=\"wp-block-buttons is-layout-flex wp-block-buttons-is-layout-flex\">\n<div class=\"wp-block-button is-style-fill\"><a class=\"wp-block-button__link wp-element-button\" href=\"https:\/\/www.kktavastia.fi\/ammattiopisto\/hakijalle\/yhteishaku\/terveydentilavaatimukset\/\">Lue lis\u00e4\u00e4 terveydentila- ja toimintakykyvaatimuksista<\/a><\/div>\n<\/div>\n\n\n\n<h3 class=\"wp-block-heading\">Opiskelija-asuntola<\/h3>\n\n\n\n<p>Ammattiopisto Tavastian asuntolaan valitaan ensisijaisesti alaik\u00e4isi\u00e4 opiskelijoita, joiden p\u00e4ivitt\u00e4inen kulkeminen kotoa oppilaitokseen ei ole mahdollista. Asuntolapaikka my\u00f6nnet\u00e4\u00e4n korkeintaan lukuvuodeksi kerrallaan.<\/p>\n\n\n\n<div class=\"wp-block-buttons is-layout-flex wp-block-buttons-is-layout-flex\">\n<div class=\"wp-block-button is-style-fill\"><a class=\"wp-block-button__link wp-element-button\" href=\"https:\/\/www.kktavastia.fi\/ammattiopisto\/hakijalle\/yhteishaku\/opiskelija-asuntola\/\">Lue lis\u00e4\u00e4 asuntoloista<\/a><\/div>\n<\/div>\n\n\n\n<p><\/p>\n\n\n\n<h4 class=\"wp-block-heading\"><br>Ota seurantaan Ammattiopisto Tavastian somekanavat.<\/h4>\n\n\n\n<ul class=\"wp-block-social-links is-layout-flex wp-block-social-links-is-layout-flex\"><li class=\"wp-social-link wp-social-link-instagram  wp-block-social-link\"><a href=\"https:\/\/www.instagram.com\/ammattiopistotavastia\/?hl=fi\" class=\"wp-block-social-link-anchor\"><svg width=\"24\" height=\"24\" viewBox=\"0 0 24 24\" version=\"1.1\" xmlns=\"http:\/\/www.w3.org\/2000\/svg\" aria-hidden=\"true\" focusable=\"false\"><path d=\"M12,4.622c2.403,0,2.688,0.009,3.637,0.052c0.877,0.04,1.354,0.187,1.671,0.31c0.42,0.163,0.72,0.358,1.035,0.673 c0.315,0.315,0.51,0.615,0.673,1.035c0.123,0.317,0.27,0.794,0.31,1.671c0.043,0.949,0.052,1.234,0.052,3.637 s-0.009,2.688-0.052,3.637c-0.04,0.877-0.187,1.354-0.31,1.671c-0.163,0.42-0.358,0.72-0.673,1.035 c-0.315,0.315-0.615,0.51-1.035,0.673c-0.317,0.123-0.794,0.27-1.671,0.31c-0.949,0.043-1.233,0.052-3.637,0.052 s-2.688-0.009-3.637-0.052c-0.877-0.04-1.354-0.187-1.671-0.31c-0.42-0.163-0.72-0.358-1.035-0.673 c-0.315-0.315-0.51-0.615-0.673-1.035c-0.123-0.317-0.27-0.794-0.31-1.671C4.631,14.688,4.622,14.403,4.622,12 s0.009-2.688,0.052-3.637c0.04-0.877,0.187-1.354,0.31-1.671c0.163-0.42,0.358-0.72,0.673-1.035 c0.315-0.315,0.615-0.51,1.035-0.673c0.317-0.123,0.794-0.27,1.671-0.31C9.312,4.631,9.597,4.622,12,4.622 M12,3 C9.556,3,9.249,3.01,8.289,3.054C7.331,3.098,6.677,3.25,6.105,3.472C5.513,3.702,5.011,4.01,4.511,4.511 c-0.5,0.5-0.808,1.002-1.038,1.594C3.25,6.677,3.098,7.331,3.054,8.289C3.01,9.249,3,9.556,3,12c0,2.444,0.01,2.751,0.054,3.711 c0.044,0.958,0.196,1.612,0.418,2.185c0.23,0.592,0.538,1.094,1.038,1.594c0.5,0.5,1.002,0.808,1.594,1.038 c0.572,0.222,1.227,0.375,2.185,0.418C9.249,20.99,9.556,21,12,21s2.751-0.01,3.711-0.054c0.958-0.044,1.612-0.196,2.185-0.418 c0.592-0.23,1.094-0.538,1.594-1.038c0.5-0.5,0.808-1.002,1.038-1.594c0.222-0.572,0.375-1.227,0.418-2.185 C20.99,14.751,21,14.444,21,12s-0.01-2.751-0.054-3.711c-0.044-0.958-0.196-1.612-0.418-2.185c-0.23-0.592-0.538-1.094-1.038-1.594 c-0.5-0.5-1.002-0.808-1.594-1.038c-0.572-0.222-1.227-0.375-2.185-0.418C14.751,3.01,14.444,3,12,3L12,3z M12,7.378 c-2.552,0-4.622,2.069-4.622,4.622S9.448,16.622,12,16.622s4.622-2.069,4.622-4.622S14.552,7.378,12,7.378z M12,15 c-1.657,0-3-1.343-3-3s1.343-3,3-3s3,1.343,3,3S13.657,15,12,15z M16.804,6.116c-0.596,0-1.08,0.484-1.08,1.08 s0.484,1.08,1.08,1.08c0.596,0,1.08-0.484,1.08-1.08S17.401,6.116,16.804,6.116z\"><\/path><\/svg><span class=\"wp-block-social-link-label screen-reader-text\">Instagram<\/span><\/a><\/li>\n\n<li class=\"wp-social-link wp-social-link-linkedin  wp-block-social-link\"><a href=\"https:\/\/www.linkedin.com\/company\/ammattiopisto-tavastia\/?viewAsMember=true\" class=\"wp-block-social-link-anchor\"><svg width=\"24\" height=\"24\" viewBox=\"0 0 24 24\" version=\"1.1\" xmlns=\"http:\/\/www.w3.org\/2000\/svg\" aria-hidden=\"true\" focusable=\"false\"><path d=\"M19.7,3H4.3C3.582,3,3,3.582,3,4.3v15.4C3,20.418,3.582,21,4.3,21h15.4c0.718,0,1.3-0.582,1.3-1.3V4.3 C21,3.582,20.418,3,19.7,3z M8.339,18.338H5.667v-8.59h2.672V18.338z M7.004,8.574c-0.857,0-1.549-0.694-1.549-1.548 c0-0.855,0.691-1.548,1.549-1.548c0.854,0,1.547,0.694,1.547,1.548C8.551,7.881,7.858,8.574,7.004,8.574z M18.339,18.338h-2.669 v-4.177c0-0.996-0.017-2.278-1.387-2.278c-1.389,0-1.601,1.086-1.601,2.206v4.249h-2.667v-8.59h2.559v1.174h0.037 c0.356-0.675,1.227-1.387,2.526-1.387c2.703,0,3.203,1.779,3.203,4.092V18.338z\"><\/path><\/svg><span class=\"wp-block-social-link-label screen-reader-text\">LinkedIn<\/span><\/a><\/li>\n\n<li class=\"wp-social-link wp-social-link-youtube  wp-block-social-link\"><a href=\"https:\/\/www.youtube.com\/channel\/UC-JnOO-nseC3D9zLDHfFzhw\" class=\"wp-block-social-link-anchor\"><svg width=\"24\" height=\"24\" viewBox=\"0 0 24 24\" version=\"1.1\" xmlns=\"http:\/\/www.w3.org\/2000\/svg\" aria-hidden=\"true\" focusable=\"false\"><path d=\"M21.8,8.001c0,0-0.195-1.378-0.795-1.985c-0.76-0.797-1.613-0.801-2.004-0.847c-2.799-0.202-6.997-0.202-6.997-0.202 h-0.009c0,0-4.198,0-6.997,0.202C4.608,5.216,3.756,5.22,2.995,6.016C2.395,6.623,2.2,8.001,2.2,8.001S2,9.62,2,11.238v1.517 c0,1.618,0.2,3.237,0.2,3.237s0.195,1.378,0.795,1.985c0.761,0.797,1.76,0.771,2.205,0.855c1.6,0.153,6.8,0.201,6.8,0.201 s4.203-0.006,7.001-0.209c0.391-0.047,1.243-0.051,2.004-0.847c0.6-0.607,0.795-1.985,0.795-1.985s0.2-1.618,0.2-3.237v-1.517 C22,9.62,21.8,8.001,21.8,8.001z M9.935,14.594l-0.001-5.62l5.404,2.82L9.935,14.594z\"><\/path><\/svg><span class=\"wp-block-social-link-label screen-reader-text\">YouTube<\/span><\/a><\/li>\n\n<li class=\"wp-social-link wp-social-link-facebook  wp-block-social-link\"><a href=\"https:\/\/www.facebook.com\/ammattiopistotavastia\/\" class=\"wp-block-social-link-anchor\"><svg width=\"24\" height=\"24\" viewBox=\"0 0 24 24\" version=\"1.1\" xmlns=\"http:\/\/www.w3.org\/2000\/svg\" aria-hidden=\"true\" focusable=\"false\"><path d=\"M12 2C6.5 2 2 6.5 2 12c0 5 3.7 9.1 8.4 9.9v-7H7.9V12h2.5V9.8c0-2.5 1.5-3.9 3.8-3.9 1.1 0 2.2.2 2.2.2v2.5h-1.3c-1.2 0-1.6.8-1.6 1.6V12h2.8l-.4 2.9h-2.3v7C18.3 21.1 22 17 22 12c0-5.5-4.5-10-10-10z\"><\/path><\/svg><span class=\"wp-block-social-link-label screen-reader-text\">Facebook<\/span><\/a><\/li>\n\n<li class=\"wp-social-link wp-social-link-tiktok  wp-block-social-link\"><a href=\"https:\/\/www.tiktok.com\/@ammattiopisto.tav\" class=\"wp-block-social-link-anchor\"><svg width=\"24\" height=\"24\" viewBox=\"0 0 32 32\" version=\"1.1\" xmlns=\"http:\/\/www.w3.org\/2000\/svg\" aria-hidden=\"true\" focusable=\"false\"><path d=\"M16.708 0.027c1.745-0.027 3.48-0.011 5.213-0.027 0.105 2.041 0.839 4.12 2.333 5.563 1.491 1.479 3.6 2.156 5.652 2.385v5.369c-1.923-0.063-3.855-0.463-5.6-1.291-0.76-0.344-1.468-0.787-2.161-1.24-0.009 3.896 0.016 7.787-0.025 11.667-0.104 1.864-0.719 3.719-1.803 5.255-1.744 2.557-4.771 4.224-7.88 4.276-1.907 0.109-3.812-0.411-5.437-1.369-2.693-1.588-4.588-4.495-4.864-7.615-0.032-0.667-0.043-1.333-0.016-1.984 0.24-2.537 1.495-4.964 3.443-6.615 2.208-1.923 5.301-2.839 8.197-2.297 0.027 1.975-0.052 3.948-0.052 5.923-1.323-0.428-2.869-0.308-4.025 0.495-0.844 0.547-1.485 1.385-1.819 2.333-0.276 0.676-0.197 1.427-0.181 2.145 0.317 2.188 2.421 4.027 4.667 3.828 1.489-0.016 2.916-0.88 3.692-2.145 0.251-0.443 0.532-0.896 0.547-1.417 0.131-2.385 0.079-4.76 0.095-7.145 0.011-5.375-0.016-10.735 0.025-16.093z\" \/><\/svg><span class=\"wp-block-social-link-label screen-reader-text\">TikTok<\/span><\/a><\/li><\/ul>\n\n\n\n<p><\/p>\n","protected":false},"excerpt":{"rendered":"<p>Voit hakea meille yhteishaussa, hakuohjeet ja -kriteerit l\u00f6yd\u00e4t t\u00e4lt\u00e4 sivulta. Valtakunnallinen hakumenettely ammatilliseen perustutkintokoulutukseen j\u00e4rjestet\u00e4\u00e4n yhteishakuna kerran vuodessa kev\u00e4isin&nbsp;Opintopolku.fi-sivuston kautta. [&hellip;]<\/p>\n","protected":false},"author":6,"featured_media":0,"parent":2,"menu_order":2,"comment_status":"closed","ping_status":"closed","template":"","meta":{"_acf_changed":false,"_relevanssi_hide_post":"","_relevanssi_hide_content":"","_relevanssi_pin_for_all":"","_relevanssi_pin_keywords":"","_relevanssi_unpin_keywords":"","_relevanssi_related_keywords":"","_relevanssi_related_include_ids":"","_relevanssi_related_exclude_ids":"","_relevanssi_related_no_append":"","_relevanssi_related_not_related":"","_relevanssi_related_posts":"2,15,58,18445,1146,516","_relevanssi_noindex_reason":"","footnotes":""},"class_list":["post-132","page","type-page","status-publish","hentry"],"acf":[],"yoast_head":"<title>Yhteishaku 2026 | Ammattiopisto Tavastia | Yhteishaku Tavastiaan<\/title>\n<meta name=\"description\" content=\"Hae opiskelijaksi Ammattiopisto Tavastiaan yhteishaussa, lue lis\u00e4\u00e4 nettisivuiltamme! Seuraava yhteishaku kev\u00e4\u00e4ll\u00e4 2026.\" \/>\n<meta name=\"robots\" content=\"index, follow, max-snippet:-1, max-image-preview:large, max-video-preview:-1\" \/>\n<link rel=\"canonical\" href=\"https:\/\/www.kktavastia.fi\/ammattiopisto\/hakijalle\/yhteishaku\/\" \/>\n<meta property=\"og:locale\" content=\"fi_FI\" \/>\n<meta property=\"og:type\" content=\"article\" \/>\n<meta property=\"og:title\" content=\"Yhteishaku 2026 | Ammattiopisto Tavastia | Yhteishaku Tavastiaan\" \/>\n<meta property=\"og:description\" content=\"Hae opiskelijaksi Ammattiopisto Tavastiaan yhteishaussa, lue lis\u00e4\u00e4 nettisivuiltamme! Seuraava yhteishaku kev\u00e4\u00e4ll\u00e4 2026.\" \/>\n<meta property=\"og:url\" content=\"https:\/\/www.kktavastia.fi\/ammattiopisto\/hakijalle\/yhteishaku\/\" \/>\n<meta property=\"og:site_name\" content=\"Ammattiopisto Tavastia\" \/>\n<meta property=\"article:modified_time\" content=\"2026-03-23T07:52:45+00:00\" \/>\n<meta name=\"twitter:card\" content=\"summary_large_image\" \/>\n<script type=\"application\/ld+json\" class=\"yoast-schema-graph\">{\"@context\":\"https:\\\/\\\/schema.org\",\"@graph\":[{\"@type\":\"WebPage\",\"@id\":\"https:\\\/\\\/www.kktavastia.fi\\\/ammattiopisto\\\/hakijalle\\\/yhteishaku\\\/\",\"url\":\"https:\\\/\\\/www.kktavastia.fi\\\/ammattiopisto\\\/hakijalle\\\/yhteishaku\\\/\",\"name\":\"Yhteishaku 2026 | Ammattiopisto Tavastia | Yhteishaku Tavastiaan\",\"isPartOf\":{\"@id\":\"https:\\\/\\\/www.kktavastia.fi\\\/ammattiopisto\\\/#website\"},\"datePublished\":\"2025-11-03T11:36:07+00:00\",\"dateModified\":\"2026-03-23T07:52:45+00:00\",\"description\":\"Hae opiskelijaksi Ammattiopisto Tavastiaan yhteishaussa, lue lis\u00e4\u00e4 nettisivuiltamme! Seuraava yhteishaku kev\u00e4\u00e4ll\u00e4 2026.\",\"breadcrumb\":{\"@id\":\"https:\\\/\\\/www.kktavastia.fi\\\/ammattiopisto\\\/hakijalle\\\/yhteishaku\\\/#breadcrumb\"},\"inLanguage\":\"fi\",\"potentialAction\":[{\"@type\":\"ReadAction\",\"target\":[\"https:\\\/\\\/www.kktavastia.fi\\\/ammattiopisto\\\/hakijalle\\\/yhteishaku\\\/\"]}]},{\"@type\":\"BreadcrumbList\",\"@id\":\"https:\\\/\\\/www.kktavastia.fi\\\/ammattiopisto\\\/hakijalle\\\/yhteishaku\\\/#breadcrumb\",\"itemListElement\":[{\"@type\":\"ListItem\",\"position\":1,\"name\":\"Home\",\"item\":\"https:\\\/\\\/www.kktavastia.fi\\\/ammattiopisto\\\/\"},{\"@type\":\"ListItem\",\"position\":2,\"name\":\"Hakijalle\",\"item\":\"https:\\\/\\\/www.kktavastia.fi\\\/ammattiopisto\\\/hakijalle\\\/\"},{\"@type\":\"ListItem\",\"position\":3,\"name\":\"Yhteishaku\"}]},{\"@type\":\"WebSite\",\"@id\":\"https:\\\/\\\/www.kktavastia.fi\\\/ammattiopisto\\\/#website\",\"url\":\"https:\\\/\\\/www.kktavastia.fi\\\/ammattiopisto\\\/\",\"name\":\"Ammattiopisto Tavastia\",\"description\":\"\",\"potentialAction\":[{\"@type\":\"SearchAction\",\"target\":{\"@type\":\"EntryPoint\",\"urlTemplate\":\"https:\\\/\\\/www.kktavastia.fi\\\/ammattiopisto\\\/?s={search_term_string}\"},\"query-input\":{\"@type\":\"PropertyValueSpecification\",\"valueRequired\":true,\"valueName\":\"search_term_string\"}}],\"inLanguage\":\"fi\"}]}<\/script>","yoast_head_json":{"title":"Yhteishaku 2026 | Ammattiopisto Tavastia | Yhteishaku Tavastiaan","description":"Hae opiskelijaksi Ammattiopisto Tavastiaan yhteishaussa, lue lis\u00e4\u00e4 nettisivuiltamme! Seuraava yhteishaku kev\u00e4\u00e4ll\u00e4 2026.","robots":{"index":"index","follow":"follow","max-snippet":"max-snippet:-1","max-image-preview":"max-image-preview:large","max-video-preview":"max-video-preview:-1"},"canonical":"https:\/\/www.kktavastia.fi\/ammattiopisto\/hakijalle\/yhteishaku\/","og_locale":"fi_FI","og_type":"article","og_title":"Yhteishaku 2026 | Ammattiopisto Tavastia | Yhteishaku Tavastiaan","og_description":"Hae opiskelijaksi Ammattiopisto Tavastiaan yhteishaussa, lue lis\u00e4\u00e4 nettisivuiltamme! Seuraava yhteishaku kev\u00e4\u00e4ll\u00e4 2026.","og_url":"https:\/\/www.kktavastia.fi\/ammattiopisto\/hakijalle\/yhteishaku\/","og_site_name":"Ammattiopisto Tavastia","article_modified_time":"2026-03-23T07:52:45+00:00","twitter_card":"summary_large_image","schema":{"@context":"https:\/\/schema.org","@graph":[{"@type":"WebPage","@id":"https:\/\/www.kktavastia.fi\/ammattiopisto\/hakijalle\/yhteishaku\/","url":"https:\/\/www.kktavastia.fi\/ammattiopisto\/hakijalle\/yhteishaku\/","name":"Yhteishaku 2026 | Ammattiopisto Tavastia | Yhteishaku Tavastiaan","isPartOf":{"@id":"https:\/\/www.kktavastia.fi\/ammattiopisto\/#website"},"datePublished":"2025-11-03T11:36:07+00:00","dateModified":"2026-03-23T07:52:45+00:00","description":"Hae opiskelijaksi Ammattiopisto Tavastiaan yhteishaussa, lue lis\u00e4\u00e4 nettisivuiltamme! Seuraava yhteishaku kev\u00e4\u00e4ll\u00e4 2026.","breadcrumb":{"@id":"https:\/\/www.kktavastia.fi\/ammattiopisto\/hakijalle\/yhteishaku\/#breadcrumb"},"inLanguage":"fi","potentialAction":[{"@type":"ReadAction","target":["https:\/\/www.kktavastia.fi\/ammattiopisto\/hakijalle\/yhteishaku\/"]}]},{"@type":"BreadcrumbList","@id":"https:\/\/www.kktavastia.fi\/ammattiopisto\/hakijalle\/yhteishaku\/#breadcrumb","itemListElement":[{"@type":"ListItem","position":1,"name":"Home","item":"https:\/\/www.kktavastia.fi\/ammattiopisto\/"},{"@type":"ListItem","position":2,"name":"Hakijalle","item":"https:\/\/www.kktavastia.fi\/ammattiopisto\/hakijalle\/"},{"@type":"ListItem","position":3,"name":"Yhteishaku"}]},{"@type":"WebSite","@id":"https:\/\/www.kktavastia.fi\/ammattiopisto\/#website","url":"https:\/\/www.kktavastia.fi\/ammattiopisto\/","name":"Ammattiopisto Tavastia","description":"","potentialAction":[{"@type":"SearchAction","target":{"@type":"EntryPoint","urlTemplate":"https:\/\/www.kktavastia.fi\/ammattiopisto\/?s={search_term_string}"},"query-input":{"@type":"PropertyValueSpecification","valueRequired":true,"valueName":"search_term_string"}}],"inLanguage":"fi"}]}},"_links":{"self":[{"href":"https:\/\/www.kktavastia.fi\/ammattiopisto\/wp-json\/wp\/v2\/pages\/132","targetHints":{"allow":["GET"]}}],"collection":[{"href":"https:\/\/www.kktavastia.fi\/ammattiopisto\/wp-json\/wp\/v2\/pages"}],"about":[{"href":"https:\/\/www.kktavastia.fi\/ammattiopisto\/wp-json\/wp\/v2\/types\/page"}],"author":[{"embeddable":true,"href":"https:\/\/www.kktavastia.fi\/ammattiopisto\/wp-json\/wp\/v2\/users\/6"}],"replies":[{"embeddable":true,"href":"https:\/\/www.kktavastia.fi\/ammattiopisto\/wp-json\/wp\/v2\/comments?post=132"}],"version-history":[{"count":24,"href":"https:\/\/www.kktavastia.fi\/ammattiopisto\/wp-json\/wp\/v2\/pages\/132\/revisions"}],"predecessor-version":[{"id":151282,"href":"https:\/\/www.kktavastia.fi\/ammattiopisto\/wp-json\/wp\/v2\/pages\/132\/revisions\/151282"}],"up":[{"embeddable":true,"href":"https:\/\/www.kktavastia.fi\/ammattiopisto\/wp-json\/wp\/v2\/pages\/2"}],"wp:attachment":[{"href":"https:\/\/www.kktavastia.fi\/ammattiopisto\/wp-json\/wp\/v2\/media?parent=132"}],"curies":[{"name":"wp","href":"https:\/\/api.w.org\/{rel}","templated":true}]}}