{"id":1146,"date":"2021-01-11T10:09:15","date_gmt":"2021-01-11T08:09:15","guid":{"rendered":"https:\/\/kktavastia.vaiheessa.fi\/ammattiopisto\/?page_id=1146"},"modified":"2025-06-17T10:42:40","modified_gmt":"2025-06-17T07:42:40","slug":"arviointi","status":"publish","type":"page","link":"https:\/\/www.kktavastia.fi\/ammattiopisto\/opiskelijalle\/opiskelu\/arviointi\/","title":{"rendered":"Arviointi"},"content":{"rendered":"\n<p class=\"is-style-ingress\">T\u00e4\u00e4lt\u00e4 saat tietoa miten osaamistasi arvioidaan tutkintokoulutuksen aikana. <\/p>\n\n\n\n<h3 class=\"wp-block-heading\">Palaute osaamisen kehittymisest\u00e4<\/h3>\n\n\n\n<p>Osaamisen hankkiminen erotetaan selke\u00e4sti osaamisen osoittamisesta. Osaamisesi kehittymist\u00e4 arvioidaan jatkuvasti tutkintokoulutuksen aikana. Sit\u00e4 arvioivat itsesi lis\u00e4ksi opettajat, ohjaukseen ja oppimisen tukeen osallistuvat henkil\u00f6t sek\u00e4 ty\u00f6paikkaohjaajat.<\/p>\n\n\n\n<p>Palautteen tarkoituksena on ohjata ja kannustaa sinua HOKSin tavoitteiden saavuttamiseen ja kehitt\u00e4\u00e4 edellytyksi\u00e4si itsearviointiin. Palaute osaamisen kehittymisest\u00e4 voi olla sanallista tai kirjallista. Sanallista palautetta saat esimerkiksi silloin, kun keskustelet opettajan kanssa oppimisteht\u00e4vist\u00e4si tai k\u00e4yt\u00e4nn\u00f6n ty\u00f6skentelyst\u00e4si oppitunneilla.<\/p>\n\n\n\n<p>Palaute osaamisen kehittymisest\u00e4 annetaan moduuleittain. Moduuli on tutkinnon osan tai YTO-osa-alueen osa. Moduulit n\u00e4kyv\u00e4t mm. tutkintokohtaisissa toteutussuunnitelmissa, jotka l\u00f6ytyv\u00e4t ePerusteista ja Wilmasta.<\/p>\n\n\n\n<p>Opintosuoritusotteessa palaute n\u00e4kyy seuraavasti<\/p>\n\n\n\n<ul class=\"wp-block-list\">\n<li>A: palaute osaamisen kehittymisest\u00e4 annettu, HOKSin mukaisesti v\u00e4hint\u00e4\u00e4n tyydytt\u00e4v\u00e4 taso<\/li>\n\n\n\n<li>AHO: palaute osaamisen kehittymisest\u00e4 annettu aiemmin hankitun osaamisen perusteella, HOKSin mukaisesti v\u00e4hint\u00e4\u00e4n tyydytt\u00e4v\u00e4 taso<\/li>\n\n\n\n<li>AT: palaute osaamisen kehittymisest\u00e4 annettu ty\u00f6paikalla j\u00e4rjestett\u00e4v\u00e4n koulutuksen yhteydess\u00e4, HOKSin mukaisesti v\u00e4hint\u00e4\u00e4n tyydytt\u00e4v\u00e4 taso<\/li>\n\n\n\n<li>OA: palaute osaamisen kehittymisest\u00e4 osittain annettu<\/li>\n\n\n\n<li>X: osaaminen ei ole kehittynyt HOKSin mukaisesti<\/li>\n<\/ul>\n\n\n\n<h3 class=\"wp-block-heading\">Osaamisen arvioinnin perusteet<\/h3>\n\n\n\n<p><em>Opiskelijan arvioinnilla annetaan tietoa opiskelijan osaamisesta, varmistetaan tutkinnon tai koulutuksen perusteiden ammattitaitovaatimusten ja osaamistavoitteiden saavuttaminen sek\u00e4 kehitet\u00e4\u00e4n edellytyksi\u00e4 itsearviointiin. Opiskelijan osaamista arvioidaan monipuolisesti vertaamalla sit\u00e4 tutkinnon perusteissa m\u00e4\u00e4r\u00e4ttyyn osaamiseen. Arvioinnin tulee kattaa kaikki suoritettavan tutkinnon osan perusteiden mukaiset ammattitaitovaatimukset ja osaamistavoitteet. L 531\/2017, 53 \u00a7.<\/em><\/p>\n\n\n\n<h4 class=\"wp-block-heading\">Tutustu<\/h4>\n\n\n\n<p>Tutkinnon perusteet l\u00f6ytyv\u00e4t <a href=\"https:\/\/eperusteet.opintopolku.fi\/#\/fi\/\" target=\"_blank\" rel=\"noreferrer noopener\">ePerusteista<\/a>. Ammattiopisto Tavastian tutkintokohtaiset toteutussuunnitelmat ja osaamisen arvioinnin toteuttamissuunnitelmat l\u00f6yd\u00e4t <a href=\"https:\/\/eperusteet.opintopolku.fi\/#\/fi\/selaus\/koulutuksenjarjestajat\/98276\" target=\"_blank\" rel=\"noreferrer noopener\">ePerusteista<\/a>, kun ensin etsit suorittamasi tutkinnon. Wilmassa on linkki ko. nettisivulle jokaisessa tutkinnon osassa.<\/p>\n\n\n\n<h4 class=\"wp-block-heading\">Arviointiasteikot<\/h4>\n\n\n\n<div class=\"wp-block-columns is-layout-flex wp-container-core-columns-is-layout-9d6595d7 wp-block-columns-is-layout-flex\">\n<div class=\"wp-block-column is-layout-flow wp-block-column-is-layout-flow\" style=\"flex-basis:100%\">\n<figure class=\"wp-block-table\"><table><tbody><tr><td><strong>Perustutkinnot<\/strong><\/td><td><\/td><\/tr><tr><td>Ammatilliset tutkinnon osat<br><br><\/td><td>5 = kiitett\u00e4v\u00e4<br>4 = hyv\u00e4<br>3 = hyv\u00e4<br>2 = tyydytt\u00e4v\u00e4<br>1 = tyydytt\u00e4v\u00e4<br>0 = hyl\u00e4tty<\/td><\/tr><tr><td>Yhteiset tutkinnon osat<\/td><td>Hyv\u00e4ksytty\/Hyl\u00e4tty<\/td><\/tr><tr><td>Yhteiset tutkinnon osat, osa-alueet<\/td><td>5 = kiitett\u00e4v\u00e4<br>4 = hyv\u00e4<br>3 = hyv\u00e4<br>2 = tyydytt\u00e4v\u00e4<br>1 = tyydytt\u00e4v\u00e4<br>0 = hyl\u00e4tty<\/td><\/tr><tr><td><strong>Ammatti- ja erikoisammattitutkinnot<\/strong><\/td><td><\/td><\/tr><tr><td>Ammatilliset tutkinnon osat<\/td><td>Hyv\u00e4ksytty\/Hyl\u00e4tty<\/td><\/tr><\/tbody><\/table><\/figure>\n<\/div>\n<\/div>\n\n\n\n<h3 class=\"wp-block-heading\">Aiemmin hankitun osaamisen tunnistaminen ja tunnustaminen<\/h3>\n\n\n\n<p>Tutustuttuasi tutkinnon perusteisiin sinun tulee arvioida, onko sinulla tutkinnon perusteiden mukaista aiemmin hankittua osaamista. Ammattiopisto Tavastialla on velvollisuus tunnustaa sellainen aiemmin hankkimasi osaaminen, joka vastaa tutkinnon perusteiden ammattitaitovaatimuksia tai osaamistavoitteita.<\/p>\n\n\n\n<ul class=\"wp-block-list\">\n<li>Aiemmin hankkimasi voimassa- tai siirtym\u00e4ajalla olevien tutkinnon perusteiden mukainen osaaminen sis\u00e4llytet\u00e4\u00e4n suoritettavaan tutkintoon. Osaaminen, joka vastaa tutkinnon perusteiden pakollista osaamista (ammatilliset tutkinnon osat ja yhteisten tutkinnon osien osa-alueet), tunnustetaan aina. Sinulla voi olla osaamista, joka olisi mahdollista tunnustaa tutkinnon valinnaisiin tutkinnon osiin tai yhteisten tutkinnon osien valinnaisiin osaamistavoitteisiin. Tunnustamisesta keskustellaan kanssasi henkil\u00f6kohtaistamisessa ja asiasta sovitaan HOKSissa. Sinulle voi olla tarpeen hankkia uutta osaamista tunnustamisen sijaan. Todistukseesi tulee merkint\u00e4 aiemmin suoritetusta tutkinnon osasta \/ YTO-osa-alueesta.<\/li>\n\n\n\n<li>Aiemmin hankkimasi ei-voimassa olevien tutkinnon perusteiden mukaisen osaamisen vastaavuus ja\/tai ajantasaisuus voidaan arvioida. Todistukseesi tulee merkint\u00e4 aiemmin suoritetusta tutkinnon osasta \/ YTO-osa-alueesta.<\/li>\n\n\n\n<li>Aiemmin hankkimasi ei-voimassa olevien tutkinnon perusteiden mukaisen osaamisen ajantasaisuus voidaan arvioida, jos olet suorittanut aiemmin tutkinnon osia toisesta ammatillisesta tutkinnosta ja haluat liitt\u00e4\u00e4 sen suorittamaasi ammatilliseen perustutkintoon osana toisesta ammatillisesta perustutkinnosta, ammattitutkinnosta tai erikoisammattitutkinnosta. Todistukseesi tulee merkint\u00e4 aiemmin suoritetusta tutkinnon osasta \/ YTO-osa-alueesta.<\/li>\n\n\n\n<li>Voit hankkimasi osaamisen perusteella n\u00e4ytt\u00e4\u00e4 osaamisesi suoraan n\u00e4yt\u00f6ss\u00e4 tai muulla osaamisen arvioinnilla, ja saat tutkintotodistukseen suorituksen ja arvosanan osaamisestasi.<\/li>\n<\/ul>\n\n\n\n<p>Lue tarkemmin aiemmin hankitun osaamisen tunnistamisesta ja tunnustamisesta&nbsp;<a href=\"https:\/\/eperusteet.opintopolku.fi\/#\/fi\/selaus\/koulutuksenjarjestajat\/98276\" target=\"_blank\" rel=\"noreferrer noopener\">ePerusteista Ammattiopisto Tavastian Osaamisen arvioinnin toteuttamissuunnitelmasta<\/a>.<\/p>\n\n\n\n<h3 class=\"wp-block-heading\">Osaamisen osoittaminen ja arviointi<\/h3>\n\n\n\n<p>Osaaminen ammatillisissa tutkinnon osissa osoitetaan tekem\u00e4ll\u00e4 k\u00e4yt\u00e4nn\u00f6n ty\u00f6teht\u00e4vi\u00e4 aidoissa ty\u00f6tilanteissa n\u00e4yt\u00f6ss\u00e4. Ammatillisiin tutkinnon osiin voi sis\u00e4lty\u00e4 my\u00f6s muuta osaamisen arviointia. Yhteisten tutkinnon osien osa-alueiden osaaminen osoitetaan yleens\u00e4 muulla osaamisen arvioinnilla, mutta mahdollisesti my\u00f6s n\u00e4yt\u00f6n yhteydess\u00e4.<\/p>\n\n\n\n<p>Sinulla on velvollisuus osallistua osaamisen osoittamiseen osana tutkintokoulutustasi. Osaamisen osoittamiseen (n\u00e4ytt\u00f6\u00f6n) voi osallistua my\u00f6s ilman tutkintokoulutukseen osallistumista.<\/p>\n\n\n\n<p>N\u00e4yt\u00f6t suoritetaan p\u00e4\u00e4s\u00e4\u00e4nt\u00f6isesti ty\u00f6paikalla j\u00e4rjestett\u00e4v\u00e4n koulutuksen yhteydess\u00e4. N\u00e4ytt\u00f6 on ajankohtainen sen j\u00e4lkeen, kun opettaja yleens\u00e4 yhdess\u00e4 ty\u00f6paikkaohjaajan kanssa on todennut, ett\u00e4 olet saavuttanut tutkinnon perusteiden mukaiset ammattitaitovaatimukset. Ennen n\u00e4ytt\u00f6\u00e4 teet Wilmassa osaamisen osoittamisen suunnitelman, jonka ty\u00f6el\u00e4m\u00e4n arvioija (ty\u00f6paikkaohjaaja) ja opettaja hyv\u00e4ksyv\u00e4t. N\u00e4yt\u00f6n lis\u00e4ksi osaamistasi voidaan suunnitelmallisesti arvioida muulla osaamisen arvioinnilla.<\/p>\n\n\n\n<p>Ammatillisten tutkinnon osien arvioinnin toteuttavat ja arvioinnista p\u00e4\u00e4tt\u00e4v\u00e4t opettaja ja ty\u00f6el\u00e4m\u00e4n edustaja (ty\u00f6paikkaohjaaja) yhdess\u00e4. TUVA-koulutuksen ja yhteisten tutkinnon osien osa-alueiden arvioinnin toteuttaa ja arvioinnista p\u00e4\u00e4tt\u00e4\u00e4 opettaja. Ennen osaamisen arviointia arvioit oman osaamisesi tekem\u00e4ll\u00e4 arvioijille itsearvioinnin.<\/p>\n\n\n\n<h3 class=\"wp-block-heading\">Osaamisen arvioinnin uusiminen ja arvosanan korottaminen<\/h3>\n\n\n\n<p>Sinulla on mahdollisuus osaamisen osoittamisen uusimiseen, jos osaamisen arvosanasi on hyl\u00e4tty tai haluat korottaa hyv\u00e4ksytty\u00e4 arvosanaa. Ennen suorituksen uusimista tai arvosanan korottamista HOKSiisi tehd\u00e4\u00e4n suunnitelma osaamisesi vahvistamisesta.<\/p>\n\n\n\n<p>My\u00f6s tutkintotodistuksen saaneet voivat tulla korottamaan osaamisen arvosanoja yksityisopiskelijana, jolloin suoritus on maksullinen. Arvosanaa voi korottaa, jos suoritetun tutkinnon perusteet ovat viel\u00e4 voimassa tai siirtym\u00e4ajalla.<\/p>\n\n\n\n<h3 class=\"wp-block-heading\">Osaamisen arvioinnin tarkistaminen ja oikaisu<\/h3>\n\n\n\n<p>Sinulla on oikeus saada tieto osaamisen arvioinnin arviointiperusteiden soveltamisesta. Saat perustelut n\u00e4yt\u00f6n j\u00e4lkeen arviointikeskustelussa. Sinulla on oikeus pyyt\u00e4\u00e4 arvioinnin perusteluita my\u00f6s saatuasi yhteisten tutkinnon osien osa-alueiden arvosanan.<\/p>\n\n\n\n<p>Saat Wilma-viestin seuraavana p\u00e4iv\u00e4n\u00e4 siit\u00e4, kun opettaja on merkinnyt osaamisen arvosanasi Wilmaan. Voit pyyt\u00e4\u00e4 arvioinnin tarkistamista kirjallisesti (Wilma-viesti, paperi tai s\u00e4hk\u00f6posti) 14 p\u00e4iv\u00e4n kuluessa siit\u00e4, kun olet saanut tiedon arvioinnin tuloksesta ja arviointiperusteiden soveltamisesta. L\u00e4het\u00e4 tarkistuspyynt\u00f6 arvioinnin tehneelle opettajalle ja tarvittaessa my\u00f6s ty\u00f6paikkaohjaajalle. Jos yhteisten tutkinnon osien osa-alueiden arviointi tulee suoraan Wilmaan, ole tarkkana ja pyyd\u00e4 arviointiperusteluja 14 p\u00e4iv\u00e4n kuluessa arviointip\u00e4iv\u00e4st\u00e4, jonka j\u00e4lkeen sinulla on 14 p\u00e4iv\u00e4\u00e4 aikaa tehd\u00e4 tarkistuspyynt\u00f6. Jos et pyyd\u00e4 perusteluja, sinulla on aikaa tehd\u00e4 tarkistuspyynt\u00f6 14 p\u00e4iv\u00e4n kuluessa siit\u00e4, kun saat arvioinnin tietoosi Wilma-viestin\u00e4.<\/p>\n\n\n\n<p>Saat arvioijilta vastauksen tarkistuspyynt\u00f6\u00f6si kirjallisesti. Saat sen mukana ohjeet oikaisupyynn\u00f6n tekemiseen. Oikaisupyynt\u00f6 tehd\u00e4\u00e4n 14 p\u00e4iv\u00e4n kuluessa tarkistamista koskevasta p\u00e4\u00e4t\u00f6ksest\u00e4 ty\u00f6el\u00e4m\u00e4toimikunnalle (ammatilliset tutkinnot) tai rehtorille (TUVA).<\/p>\n","protected":false},"excerpt":{"rendered":"<p>T\u00e4\u00e4lt\u00e4 saat tietoa miten osaamistasi arvioidaan tutkintokoulutuksen aikana. Palaute osaamisen kehittymisest\u00e4 Osaamisen hankkiminen erotetaan selke\u00e4sti osaamisen osoittamisesta. Osaamisesi kehittymist\u00e4 arvioidaan [&hellip;]<\/p>\n","protected":false},"author":6,"featured_media":0,"parent":1063,"menu_order":9,"comment_status":"closed","ping_status":"closed","template":"","meta":{"_acf_changed":false,"_relevanssi_hide_post":"","_relevanssi_hide_content":"","_relevanssi_pin_for_all":"","_relevanssi_pin_keywords":"","_relevanssi_unpin_keywords":"","_relevanssi_related_keywords":"","_relevanssi_related_include_ids":"","_relevanssi_related_exclude_ids":"","_relevanssi_related_no_append":"","_relevanssi_related_not_related":"","_relevanssi_related_posts":"39427,14077,1356,994,2,115","_relevanssi_noindex_reason":"","footnotes":""},"class_list":["post-1146","page","type-page","status-publish","hentry"],"acf":[],"yoast_head":"<title>Arviointi - Ammattiopisto Tavastia<\/title>\n<meta name=\"robots\" content=\"index, follow, max-snippet:-1, max-image-preview:large, max-video-preview:-1\" \/>\n<link rel=\"canonical\" href=\"https:\/\/www.kktavastia.fi\/ammattiopisto\/opiskelijalle\/opiskelu\/arviointi\/\" \/>\n<meta property=\"og:locale\" content=\"fi_FI\" \/>\n<meta property=\"og:type\" content=\"article\" \/>\n<meta property=\"og:title\" content=\"Arviointi - Ammattiopisto Tavastia\" \/>\n<meta property=\"og:description\" content=\"T\u00e4\u00e4lt\u00e4 saat tietoa miten osaamistasi arvioidaan tutkintokoulutuksen aikana. Palaute osaamisen kehittymisest\u00e4 Osaamisen hankkiminen erotetaan selke\u00e4sti osaamisen osoittamisesta. Osaamisesi kehittymist\u00e4 arvioidaan [&hellip;]\" \/>\n<meta property=\"og:url\" content=\"https:\/\/www.kktavastia.fi\/ammattiopisto\/opiskelijalle\/opiskelu\/arviointi\/\" \/>\n<meta property=\"og:site_name\" content=\"Ammattiopisto Tavastia\" \/>\n<meta property=\"article:modified_time\" content=\"2025-06-17T07:42:40+00:00\" \/>\n<meta name=\"twitter:card\" content=\"summary_large_image\" \/>\n<script type=\"application\/ld+json\" class=\"yoast-schema-graph\">{\"@context\":\"https:\\\/\\\/schema.org\",\"@graph\":[{\"@type\":\"WebPage\",\"@id\":\"https:\\\/\\\/www.kktavastia.fi\\\/ammattiopisto\\\/opiskelijalle\\\/opiskelu\\\/arviointi\\\/\",\"url\":\"https:\\\/\\\/www.kktavastia.fi\\\/ammattiopisto\\\/opiskelijalle\\\/opiskelu\\\/arviointi\\\/\",\"name\":\"Arviointi - Ammattiopisto Tavastia\",\"isPartOf\":{\"@id\":\"https:\\\/\\\/www.kktavastia.fi\\\/ammattiopisto\\\/#website\"},\"datePublished\":\"2021-01-11T08:09:15+00:00\",\"dateModified\":\"2025-06-17T07:42:40+00:00\",\"breadcrumb\":{\"@id\":\"https:\\\/\\\/www.kktavastia.fi\\\/ammattiopisto\\\/opiskelijalle\\\/opiskelu\\\/arviointi\\\/#breadcrumb\"},\"inLanguage\":\"fi\",\"potentialAction\":[{\"@type\":\"ReadAction\",\"target\":[\"https:\\\/\\\/www.kktavastia.fi\\\/ammattiopisto\\\/opiskelijalle\\\/opiskelu\\\/arviointi\\\/\"]}]},{\"@type\":\"BreadcrumbList\",\"@id\":\"https:\\\/\\\/www.kktavastia.fi\\\/ammattiopisto\\\/opiskelijalle\\\/opiskelu\\\/arviointi\\\/#breadcrumb\",\"itemListElement\":[{\"@type\":\"ListItem\",\"position\":1,\"name\":\"Home\",\"item\":\"https:\\\/\\\/www.kktavastia.fi\\\/ammattiopisto\\\/\"},{\"@type\":\"ListItem\",\"position\":2,\"name\":\"Opiskelijalle\",\"item\":\"https:\\\/\\\/www.kktavastia.fi\\\/ammattiopisto\\\/opiskelijalle\\\/\"},{\"@type\":\"ListItem\",\"position\":3,\"name\":\"Opiskelu\",\"item\":\"https:\\\/\\\/www.kktavastia.fi\\\/ammattiopisto\\\/opiskelijalle\\\/opiskelu\\\/\"},{\"@type\":\"ListItem\",\"position\":4,\"name\":\"Arviointi\"}]},{\"@type\":\"WebSite\",\"@id\":\"https:\\\/\\\/www.kktavastia.fi\\\/ammattiopisto\\\/#website\",\"url\":\"https:\\\/\\\/www.kktavastia.fi\\\/ammattiopisto\\\/\",\"name\":\"Ammattiopisto Tavastia\",\"description\":\"\",\"potentialAction\":[{\"@type\":\"SearchAction\",\"target\":{\"@type\":\"EntryPoint\",\"urlTemplate\":\"https:\\\/\\\/www.kktavastia.fi\\\/ammattiopisto\\\/?s={search_term_string}\"},\"query-input\":{\"@type\":\"PropertyValueSpecification\",\"valueRequired\":true,\"valueName\":\"search_term_string\"}}],\"inLanguage\":\"fi\"}]}<\/script>","yoast_head_json":{"title":"Arviointi - Ammattiopisto Tavastia","robots":{"index":"index","follow":"follow","max-snippet":"max-snippet:-1","max-image-preview":"max-image-preview:large","max-video-preview":"max-video-preview:-1"},"canonical":"https:\/\/www.kktavastia.fi\/ammattiopisto\/opiskelijalle\/opiskelu\/arviointi\/","og_locale":"fi_FI","og_type":"article","og_title":"Arviointi - Ammattiopisto Tavastia","og_description":"T\u00e4\u00e4lt\u00e4 saat tietoa miten osaamistasi arvioidaan tutkintokoulutuksen aikana. Palaute osaamisen kehittymisest\u00e4 Osaamisen hankkiminen erotetaan selke\u00e4sti osaamisen osoittamisesta. Osaamisesi kehittymist\u00e4 arvioidaan [&hellip;]","og_url":"https:\/\/www.kktavastia.fi\/ammattiopisto\/opiskelijalle\/opiskelu\/arviointi\/","og_site_name":"Ammattiopisto Tavastia","article_modified_time":"2025-06-17T07:42:40+00:00","twitter_card":"summary_large_image","schema":{"@context":"https:\/\/schema.org","@graph":[{"@type":"WebPage","@id":"https:\/\/www.kktavastia.fi\/ammattiopisto\/opiskelijalle\/opiskelu\/arviointi\/","url":"https:\/\/www.kktavastia.fi\/ammattiopisto\/opiskelijalle\/opiskelu\/arviointi\/","name":"Arviointi - Ammattiopisto Tavastia","isPartOf":{"@id":"https:\/\/www.kktavastia.fi\/ammattiopisto\/#website"},"datePublished":"2021-01-11T08:09:15+00:00","dateModified":"2025-06-17T07:42:40+00:00","breadcrumb":{"@id":"https:\/\/www.kktavastia.fi\/ammattiopisto\/opiskelijalle\/opiskelu\/arviointi\/#breadcrumb"},"inLanguage":"fi","potentialAction":[{"@type":"ReadAction","target":["https:\/\/www.kktavastia.fi\/ammattiopisto\/opiskelijalle\/opiskelu\/arviointi\/"]}]},{"@type":"BreadcrumbList","@id":"https:\/\/www.kktavastia.fi\/ammattiopisto\/opiskelijalle\/opiskelu\/arviointi\/#breadcrumb","itemListElement":[{"@type":"ListItem","position":1,"name":"Home","item":"https:\/\/www.kktavastia.fi\/ammattiopisto\/"},{"@type":"ListItem","position":2,"name":"Opiskelijalle","item":"https:\/\/www.kktavastia.fi\/ammattiopisto\/opiskelijalle\/"},{"@type":"ListItem","position":3,"name":"Opiskelu","item":"https:\/\/www.kktavastia.fi\/ammattiopisto\/opiskelijalle\/opiskelu\/"},{"@type":"ListItem","position":4,"name":"Arviointi"}]},{"@type":"WebSite","@id":"https:\/\/www.kktavastia.fi\/ammattiopisto\/#website","url":"https:\/\/www.kktavastia.fi\/ammattiopisto\/","name":"Ammattiopisto Tavastia","description":"","potentialAction":[{"@type":"SearchAction","target":{"@type":"EntryPoint","urlTemplate":"https:\/\/www.kktavastia.fi\/ammattiopisto\/?s={search_term_string}"},"query-input":{"@type":"PropertyValueSpecification","valueRequired":true,"valueName":"search_term_string"}}],"inLanguage":"fi"}]}},"_links":{"self":[{"href":"https:\/\/www.kktavastia.fi\/ammattiopisto\/wp-json\/wp\/v2\/pages\/1146","targetHints":{"allow":["GET"]}}],"collection":[{"href":"https:\/\/www.kktavastia.fi\/ammattiopisto\/wp-json\/wp\/v2\/pages"}],"about":[{"href":"https:\/\/www.kktavastia.fi\/ammattiopisto\/wp-json\/wp\/v2\/types\/page"}],"author":[{"embeddable":true,"href":"https:\/\/www.kktavastia.fi\/ammattiopisto\/wp-json\/wp\/v2\/users\/6"}],"replies":[{"embeddable":true,"href":"https:\/\/www.kktavastia.fi\/ammattiopisto\/wp-json\/wp\/v2\/comments?post=1146"}],"version-history":[{"count":25,"href":"https:\/\/www.kktavastia.fi\/ammattiopisto\/wp-json\/wp\/v2\/pages\/1146\/revisions"}],"predecessor-version":[{"id":85663,"href":"https:\/\/www.kktavastia.fi\/ammattiopisto\/wp-json\/wp\/v2\/pages\/1146\/revisions\/85663"}],"up":[{"embeddable":true,"href":"https:\/\/www.kktavastia.fi\/ammattiopisto\/wp-json\/wp\/v2\/pages\/1063"}],"wp:attachment":[{"href":"https:\/\/www.kktavastia.fi\/ammattiopisto\/wp-json\/wp\/v2\/media?parent=1146"}],"curies":[{"name":"wp","href":"https:\/\/api.w.org\/{rel}","templated":true}]}}