{"id":1144,"date":"2021-01-11T10:08:34","date_gmt":"2021-01-11T08:08:34","guid":{"rendered":"https:\/\/kktavastia.vaiheessa.fi\/ammattiopisto\/?page_id=1144"},"modified":"2024-01-23T11:26:08","modified_gmt":"2024-01-23T09:26:08","slug":"it-palvelut","status":"publish","type":"page","link":"https:\/\/www.kktavastia.fi\/ammattiopisto\/hakijalle\/palvelut-opiskelijalle\/it-palvelut\/","title":{"rendered":"IT-palvelut"},"content":{"rendered":"\n<p class=\"is-style-ingress\">IT-asioissa Ammattiopisto Tavastian opiskelijoita auttaa Koulutuskuntayhtym\u00e4 Tavastian IT-palvelut.<\/p>\n\n\n\n<ul class=\"wp-block-list\">\n<li>Hattelmalantie 6 (G-rakennus), 1 krs.<\/li>\n\n\n\n<li>IT-palveluiden yhteinen puhelinnumero on 03 6581 700&nbsp;(emme vaihda salasanaa puhelimitse).<\/li>\n\n\n\n<li>Vikatilanteissa pyyd\u00e4mme tekem\u00e4\u00e4n vikailmoituksen s\u00e4hk\u00f6postitse:&nbsp;<a href=\"mailto:700@kktavastia.fi\" target=\"_blank\" rel=\"noreferrer noopener\">700@kktavastia.fi<\/a><\/li>\n<\/ul>\n\n\n\n<p>IT-palvelut palvelevat erilaisissa tietotekniikkaan liittyviss\u00e4 asioissa kuten, laitteiden ja tietoj\u00e4rjestelmien toimivuudessa sek\u00e4 neuvomme ongelmatilanteissa. Aloittaessaan opiskelun opiskelija saa henkil\u00f6kohtaisen k\u00e4ytt\u00e4j\u00e4tunnuksen, jolla h\u00e4n p\u00e4\u00e4see kirjautumaan Koulutuskuntayhtym\u00e4 Tavastian tietokoneille ja eri j\u00e4rjestelmiin. Tavastian IT-ohjeet l\u00f6ytyv\u00e4t&nbsp;<a href=\"https:\/\/livekktavastia-my.sharepoint.com\/personal\/700_kktavastia_fi\/_layouts\/15\/WopiFrame.aspx?guestaccesstoken=pPq0jP2t3Ffm2FQzSIzvNd4ckkrzpQ1ZjSODLZ4zka0%3d&amp;folderid=0fe14ae9fd66340c4b5664372be92fcc3&amp;action=view\">Opiskelija Pertist\u00e4.<\/a><\/p>\n\n\n\n<h3 class=\"wp-block-heading\">K\u00e4yt\u00e4nn\u00f6n ohjeita<\/h3>\n\n\n\n<h5 class=\"wp-block-heading\">Salasanan vaihtaminen<\/h5>\n\n\n\n<p>Mik\u00e4li salasana on vanhentumassa voi sen vaihtaa joko koulun koneella CTRL+ALT+DEL tai&nbsp;<a href=\"https:\/\/account.activedirectory.windowsazure.com\/ChangePassword.aspx?portalUrl=https%3a%2f%2faccount.activedirectory.windowsazure.com%2fProfile%2fDefault.aspx\">t\u00e4\u00e4lt\u00e4<\/a>.<br>Unohtuneen tai vanhentuneen salasanan voi vaihtaa&nbsp;<a href=\"http:\/\/passwordreset.microsoftonline.com\/\">linkist\u00e4<\/a>. T\u00e4m\u00e4 edellytt\u00e4\u00e4 ett\u00e4 tiedot salasanan palauttamiseksi on aiemmin&nbsp;<a href=\"https:\/\/account.activedirectory.windowsazure.com\/passwordreset\/register.aspx?regref=Profile&amp;returl=https%3a%2f%2faccount.activedirectory.windowsazure.com%2fProfile%2fDefault.aspx\">annettu<\/a>. Mik\u00e4li n\u00e4m\u00e4 eiv\u00e4t onnistu, niin tulee henkil\u00f6kohtaisesti hakea uusi salasana&nbsp;opintotoimistoista,&nbsp; IT-palveluista tai pyyt\u00e4\u00e4 opettajalta. Salasanaa hakiessa tulee todistaa henkil\u00f6llisyys esimerkiksi opiskelijakortilla.<\/p>\n\n\n\n<h5 class=\"wp-block-heading\">S\u00e4hk\u00f6posti<\/h5>\n\n\n\n<p>Opiskelija\u00a0saa automaattisesti s\u00e4hk\u00f6postin, joka on muotoa k\u00e4ytt\u00e4j\u00e4tunnus@live.kktavastia.fi. S\u00e4hk\u00f6posti on osa\u00a0<a href=\"https:\/\/outlook.com\/live.kktavastia.fi\" target=\"_blank\" rel=\"noreferrer noopener\">Microsoft 365<\/a>\u00a0-pilvipalvelua.<\/p>\n\n\n\n<h5 class=\"wp-block-heading\">Moodle<\/h5>\n\n\n\n<p>Tavastian verkko-oppimisalustana k\u00e4ytet\u00e4\u00e4n Moodlea. Moodle toimii osana l\u00e4hiopetuksen tukena sek\u00e4 tarjoaa joitakin verkkokursseja. Moodleen vied\u00e4\u00e4n opiskelun materiaaleja, teht\u00e4vi\u00e4 sek\u00e4 niiden palautuksia.<\/p>\n\n\n\n<h5 class=\"wp-block-heading\">Tallennustila<\/h5>\n\n\n\n<p>Opiskelijalle on OneDrive for Business (Office 365-pilvipalvelu) rajattomasti tallennustilaa. OneDrive on helppo tapa jakaa tiedostoja muille k\u00e4ytt\u00e4jille.<\/p>\n\n\n\n<h5 class=\"wp-block-heading\">Langaton verkko<\/h5>\n\n\n\n<p>Opiskelijoilla &nbsp;on mahdollisuus k\u00e4ytt\u00e4\u00e4 omia laitteitaan Tavastian rakennuksissa, jolloin he voivat k\u00e4ytt\u00e4\u00e4 langatonta verkkoa nimelt\u00e4 Tavastia-Open.<\/p>\n\n\n\n<h5 class=\"wp-block-heading\">Ohjelmistot<\/h5>\n\n\n\n<p>Opiskelijat voivat hankkia ohjelmia opiskelijahintaan. Microsoft 365-pilvipalvelun kautta opiskelija saa k\u00e4ytt\u00f6\u00f6ns\u00e4 opiskelujensa ajaksi Office-paketin maksutta. Lis\u00e4tietoa ohjelmistoista l\u00f6ytyy Opiskelija Pertist\u00e4.<\/p>\n\n\n\n<h5 class=\"wp-block-heading\">T\u00e4rkeit\u00e4 linkkej\u00e4<\/h5>\n\n\n\n<ul class=\"wp-block-list\">\n<li><a href=\"https:\/\/www.kktavastia.fi\/opiskelijalle\/\">Opiskelijoille<\/a><\/li>\n\n\n\n<li><a href=\"https:\/\/kktavastia.tweb.fi\/3\/24825\">K\u00e4ytt\u00f6s\u00e4\u00e4nn\u00f6t<\/a><\/li>\n<\/ul>\n\n\n\n<h3 class=\"wp-block-heading\">TVT ja mobiililaitteet oppimisen tukena<\/h3>\n\n\n\n<p>Opetuksessa k\u00e4ytet\u00e4\u00e4n yh\u00e4 enemm\u00e4n verkossa olevaa materiaalia. Yleisen tiedon, aikataulujen ja ohjeistusten lis\u00e4ksi verkossa on monimediaista teoria-aineistoa sek\u00e4 teht\u00e4v\u00e4kokonaisuuksia. Opiskelijat tekev\u00e4t muistiinpanoja ja opettajan ohjaamia teht\u00e4vi\u00e4 blogiinsa tai muuhun alalla sovittuun verkkoymp\u00e4rist\u00f6\u00f6n ja oppivat syv\u00e4llisemmin kuin pelk\u00e4st\u00e4\u00e4n ty\u00f6t\u00e4 tekem\u00e4ll\u00e4. <\/p>\n\n\n\n<p>Kuvien ja videoiden avulla voi j\u00e4sent\u00e4\u00e4 ty\u00f6prosessien vaiheita ja tehd\u00e4 muistiinpanoja esimerkiksi ty\u00f6v\u00e4lineiden nimist\u00e4 ja ty\u00f6ss\u00e4 k\u00e4ytett\u00e4vist\u00e4 materiaaleista. Opettajat p\u00e4\u00e4sev\u00e4t n\u00e4kem\u00e4\u00e4n ja ohjaamaan taitojen kehittymist\u00e4 niin oppilaitoksessa kuin ty\u00f6paikalla tapahtuvassa oppimisessa verkkoon syntyv\u00e4n portfolion avulla. Ty\u00f6n taustalla olevan teorian liitt\u00e4minen k\u00e4yt\u00e4nn\u00f6n ty\u00f6h\u00f6n sek\u00e4 taito soveltaa osaamistaan on t\u00e4rke\u00e4 osa tulevan ammattilaisen taitoja. Opiskelijat oppivat my\u00f6s lukemalla ja kommentoimalla toistensa t\u00f6it\u00e4.<\/p>\n\n\n\n<p>Digitaalinen portfolio tehdyist\u00e4 t\u00f6ist\u00e4 auttaa usein my\u00f6s ty\u00f6paikan hankkimisessa. Opiskelijaryhm\u00e4 k\u00e4y ohjattua verkkokeskustelua esimerkiksi Facebookissa tai Whatsapissa ja oppii samalla toisiltaan. My\u00f6s tiedottaminen on nopeaa some-kanavissa. Samalla opitaan toimimaan asiallisesti verkkokeskustelussa. Ty\u00f6paikalla tai ulkomailla tapahtuvan oppimisen aikana opiskelija voi olla yhteydess\u00e4 opettajaan my\u00f6s videopuhelun v\u00e4lityksell\u00e4. Opiskelija voi esimerkiksi n\u00e4ytt\u00e4\u00e4 ty\u00f6vaiheitaan tai pulmatilannetta opettajalle videoyhteyden v\u00e4lityksell\u00e4 ja saada reaaliaikaista ohjausta. Opettaja saattaa k\u00e4yd\u00e4 ty\u00f6ss\u00e4oppimispaikalla aiempaa harvemmin, mutta ohjata tiiviimmin ty\u00f6ss\u00e4oppimista.<\/p>\n","protected":false},"excerpt":{"rendered":"<p>IT-asioissa Ammattiopisto Tavastian opiskelijoita auttaa Koulutuskuntayhtym\u00e4 Tavastian IT-palvelut. IT-palvelut palvelevat erilaisissa tietotekniikkaan liittyviss\u00e4 asioissa kuten, laitteiden ja tietoj\u00e4rjestelmien toimivuudessa sek\u00e4 [&hellip;]<\/p>\n","protected":false},"author":6,"featured_media":0,"parent":15533,"menu_order":4,"comment_status":"closed","ping_status":"closed","template":"","meta":{"_acf_changed":false,"_relevanssi_hide_post":"","_relevanssi_hide_content":"","_relevanssi_pin_for_all":"","_relevanssi_pin_keywords":"","_relevanssi_unpin_keywords":"","_relevanssi_related_keywords":"","_relevanssi_related_include_ids":"","_relevanssi_related_exclude_ids":"","_relevanssi_related_no_append":"","_relevanssi_related_not_related":"","_relevanssi_related_posts":"","_relevanssi_noindex_reason":"","footnotes":""},"class_list":["post-1144","page","type-page","status-publish","hentry"],"acf":[],"yoast_head":"<title>IT-palvelut - Ammattiopisto Tavastia<\/title>\n<meta name=\"robots\" content=\"index, follow, max-snippet:-1, max-image-preview:large, max-video-preview:-1\" \/>\n<link rel=\"canonical\" href=\"https:\/\/www.kktavastia.fi\/ammattiopisto\/hakijalle\/palvelut-opiskelijalle\/it-palvelut\/\" \/>\n<meta property=\"og:locale\" content=\"fi_FI\" \/>\n<meta property=\"og:type\" content=\"article\" \/>\n<meta property=\"og:title\" content=\"IT-palvelut - Ammattiopisto Tavastia\" \/>\n<meta property=\"og:description\" content=\"IT-asioissa Ammattiopisto Tavastian opiskelijoita auttaa Koulutuskuntayhtym\u00e4 Tavastian IT-palvelut. IT-palvelut palvelevat erilaisissa tietotekniikkaan liittyviss\u00e4 asioissa kuten, laitteiden ja tietoj\u00e4rjestelmien toimivuudessa sek\u00e4 [&hellip;]\" \/>\n<meta property=\"og:url\" content=\"https:\/\/www.kktavastia.fi\/ammattiopisto\/hakijalle\/palvelut-opiskelijalle\/it-palvelut\/\" \/>\n<meta property=\"og:site_name\" content=\"Ammattiopisto Tavastia\" \/>\n<meta property=\"article:modified_time\" content=\"2024-01-23T09:26:08+00:00\" \/>\n<meta name=\"twitter:card\" content=\"summary_large_image\" \/>\n<script type=\"application\/ld+json\" class=\"yoast-schema-graph\">{\"@context\":\"https:\\\/\\\/schema.org\",\"@graph\":[{\"@type\":\"WebPage\",\"@id\":\"https:\\\/\\\/www.kktavastia.fi\\\/ammattiopisto\\\/hakijalle\\\/palvelut-opiskelijalle\\\/it-palvelut\\\/\",\"url\":\"https:\\\/\\\/www.kktavastia.fi\\\/ammattiopisto\\\/hakijalle\\\/palvelut-opiskelijalle\\\/it-palvelut\\\/\",\"name\":\"IT-palvelut - Ammattiopisto Tavastia\",\"isPartOf\":{\"@id\":\"https:\\\/\\\/www.kktavastia.fi\\\/ammattiopisto\\\/#website\"},\"datePublished\":\"2021-01-11T08:08:34+00:00\",\"dateModified\":\"2024-01-23T09:26:08+00:00\",\"breadcrumb\":{\"@id\":\"https:\\\/\\\/www.kktavastia.fi\\\/ammattiopisto\\\/hakijalle\\\/palvelut-opiskelijalle\\\/it-palvelut\\\/#breadcrumb\"},\"inLanguage\":\"fi\",\"potentialAction\":[{\"@type\":\"ReadAction\",\"target\":[\"https:\\\/\\\/www.kktavastia.fi\\\/ammattiopisto\\\/hakijalle\\\/palvelut-opiskelijalle\\\/it-palvelut\\\/\"]}]},{\"@type\":\"BreadcrumbList\",\"@id\":\"https:\\\/\\\/www.kktavastia.fi\\\/ammattiopisto\\\/hakijalle\\\/palvelut-opiskelijalle\\\/it-palvelut\\\/#breadcrumb\",\"itemListElement\":[{\"@type\":\"ListItem\",\"position\":1,\"name\":\"Home\",\"item\":\"https:\\\/\\\/www.kktavastia.fi\\\/ammattiopisto\\\/\"},{\"@type\":\"ListItem\",\"position\":2,\"name\":\"Hakijalle\",\"item\":\"https:\\\/\\\/www.kktavastia.fi\\\/ammattiopisto\\\/hakijalle\\\/\"},{\"@type\":\"ListItem\",\"position\":3,\"name\":\"Palvelut opiskelijalle\",\"item\":\"https:\\\/\\\/www.kktavastia.fi\\\/ammattiopisto\\\/?page_id=15533\"},{\"@type\":\"ListItem\",\"position\":4,\"name\":\"IT-palvelut\"}]},{\"@type\":\"WebSite\",\"@id\":\"https:\\\/\\\/www.kktavastia.fi\\\/ammattiopisto\\\/#website\",\"url\":\"https:\\\/\\\/www.kktavastia.fi\\\/ammattiopisto\\\/\",\"name\":\"Ammattiopisto Tavastia\",\"description\":\"\",\"potentialAction\":[{\"@type\":\"SearchAction\",\"target\":{\"@type\":\"EntryPoint\",\"urlTemplate\":\"https:\\\/\\\/www.kktavastia.fi\\\/ammattiopisto\\\/?s={search_term_string}\"},\"query-input\":{\"@type\":\"PropertyValueSpecification\",\"valueRequired\":true,\"valueName\":\"search_term_string\"}}],\"inLanguage\":\"fi\"}]}<\/script>","yoast_head_json":{"title":"IT-palvelut - Ammattiopisto Tavastia","robots":{"index":"index","follow":"follow","max-snippet":"max-snippet:-1","max-image-preview":"max-image-preview:large","max-video-preview":"max-video-preview:-1"},"canonical":"https:\/\/www.kktavastia.fi\/ammattiopisto\/hakijalle\/palvelut-opiskelijalle\/it-palvelut\/","og_locale":"fi_FI","og_type":"article","og_title":"IT-palvelut - Ammattiopisto Tavastia","og_description":"IT-asioissa Ammattiopisto Tavastian opiskelijoita auttaa Koulutuskuntayhtym\u00e4 Tavastian IT-palvelut. IT-palvelut palvelevat erilaisissa tietotekniikkaan liittyviss\u00e4 asioissa kuten, laitteiden ja tietoj\u00e4rjestelmien toimivuudessa sek\u00e4 [&hellip;]","og_url":"https:\/\/www.kktavastia.fi\/ammattiopisto\/hakijalle\/palvelut-opiskelijalle\/it-palvelut\/","og_site_name":"Ammattiopisto Tavastia","article_modified_time":"2024-01-23T09:26:08+00:00","twitter_card":"summary_large_image","schema":{"@context":"https:\/\/schema.org","@graph":[{"@type":"WebPage","@id":"https:\/\/www.kktavastia.fi\/ammattiopisto\/hakijalle\/palvelut-opiskelijalle\/it-palvelut\/","url":"https:\/\/www.kktavastia.fi\/ammattiopisto\/hakijalle\/palvelut-opiskelijalle\/it-palvelut\/","name":"IT-palvelut - Ammattiopisto Tavastia","isPartOf":{"@id":"https:\/\/www.kktavastia.fi\/ammattiopisto\/#website"},"datePublished":"2021-01-11T08:08:34+00:00","dateModified":"2024-01-23T09:26:08+00:00","breadcrumb":{"@id":"https:\/\/www.kktavastia.fi\/ammattiopisto\/hakijalle\/palvelut-opiskelijalle\/it-palvelut\/#breadcrumb"},"inLanguage":"fi","potentialAction":[{"@type":"ReadAction","target":["https:\/\/www.kktavastia.fi\/ammattiopisto\/hakijalle\/palvelut-opiskelijalle\/it-palvelut\/"]}]},{"@type":"BreadcrumbList","@id":"https:\/\/www.kktavastia.fi\/ammattiopisto\/hakijalle\/palvelut-opiskelijalle\/it-palvelut\/#breadcrumb","itemListElement":[{"@type":"ListItem","position":1,"name":"Home","item":"https:\/\/www.kktavastia.fi\/ammattiopisto\/"},{"@type":"ListItem","position":2,"name":"Hakijalle","item":"https:\/\/www.kktavastia.fi\/ammattiopisto\/hakijalle\/"},{"@type":"ListItem","position":3,"name":"Palvelut opiskelijalle","item":"https:\/\/www.kktavastia.fi\/ammattiopisto\/?page_id=15533"},{"@type":"ListItem","position":4,"name":"IT-palvelut"}]},{"@type":"WebSite","@id":"https:\/\/www.kktavastia.fi\/ammattiopisto\/#website","url":"https:\/\/www.kktavastia.fi\/ammattiopisto\/","name":"Ammattiopisto Tavastia","description":"","potentialAction":[{"@type":"SearchAction","target":{"@type":"EntryPoint","urlTemplate":"https:\/\/www.kktavastia.fi\/ammattiopisto\/?s={search_term_string}"},"query-input":{"@type":"PropertyValueSpecification","valueRequired":true,"valueName":"search_term_string"}}],"inLanguage":"fi"}]}},"_links":{"self":[{"href":"https:\/\/www.kktavastia.fi\/ammattiopisto\/wp-json\/wp\/v2\/pages\/1144","targetHints":{"allow":["GET"]}}],"collection":[{"href":"https:\/\/www.kktavastia.fi\/ammattiopisto\/wp-json\/wp\/v2\/pages"}],"about":[{"href":"https:\/\/www.kktavastia.fi\/ammattiopisto\/wp-json\/wp\/v2\/types\/page"}],"author":[{"embeddable":true,"href":"https:\/\/www.kktavastia.fi\/ammattiopisto\/wp-json\/wp\/v2\/users\/6"}],"replies":[{"embeddable":true,"href":"https:\/\/www.kktavastia.fi\/ammattiopisto\/wp-json\/wp\/v2\/comments?post=1144"}],"version-history":[{"count":12,"href":"https:\/\/www.kktavastia.fi\/ammattiopisto\/wp-json\/wp\/v2\/pages\/1144\/revisions"}],"predecessor-version":[{"id":23220,"href":"https:\/\/www.kktavastia.fi\/ammattiopisto\/wp-json\/wp\/v2\/pages\/1144\/revisions\/23220"}],"up":[{"embeddable":true,"href":"https:\/\/www.kktavastia.fi\/ammattiopisto\/wp-json\/wp\/v2\/pages\/15533"}],"wp:attachment":[{"href":"https:\/\/www.kktavastia.fi\/ammattiopisto\/wp-json\/wp\/v2\/media?parent=1144"}],"curies":[{"name":"wp","href":"https:\/\/api.w.org\/{rel}","templated":true}]}}