{"id":1115,"date":"2021-01-08T11:47:36","date_gmt":"2021-01-08T09:47:36","guid":{"rendered":"https:\/\/kktavastia.vaiheessa.fi\/ammattiopisto\/?page_id=1115"},"modified":"2026-04-23T21:23:30","modified_gmt":"2026-04-23T18:23:30","slug":"ohjauspalvelut-ja-opintotoimisto","status":"publish","type":"page","link":"https:\/\/www.kktavastia.fi\/ammattiopisto\/opiskelijalle\/ohjauspalvelut-ja-opintotoimisto\/","title":{"rendered":"Ohjauspalvelut ja opintotoimisto"},"content":{"rendered":"\n<h4 class=\"wp-block-heading\"><strong>Opinto-ohjaajat<\/strong><\/h4>\n\n\n\n<p>Opiskelijaa ohjataan opiskelussa sek\u00e4 ammatillisessa suuntautumisessa. Ohjauksen avulla edistet\u00e4\u00e4n opiskelijan vastuullisuutta ja suunnitelmallisuutta opiskelun aikana. Voit varata ohjausajan oman alasi opinto-ohjaajalle Wilma-viestill\u00e4 tai Wilmasta l\u00f6ytyv\u00e4n s\u00e4hk\u00f6isen ajanvarausj\u00e4rjestelm\u00e4n kautta.<\/p>\n\n\n\n<p>Hattelmalantie 8, A&#8211;rakennus<\/p>\n\n\n\n<ul class=\"wp-block-list\">\n<li>Mika Heinonen, puh 050 4089 001<br>\u2013 Ajoneuvoala<br>\u2013 Kone- ja tuotantotekniikka<\/li>\n\n\n\n<li>Veli-Pekka K\u00f6rkk\u00f6, puh. 050 4086 573<br>\u2013 Maanmittausala<br>\u2013 Rakennusala<br>\u2013 S\u00e4hk\u00f6- ja automaatioala<br>\u2013 Tieto- ja viestint\u00e4tekniikka<\/li>\n\n\n\n<li>Marika Loikkanen, puh. 050 3297 790<br>\u2013 Kasvatus- ja ohjausala<br>\u2013 Logistiikka<br>\u2013 Puhtaus- ja kiinteist\u00f6palveluala<br>\u2013 Talotekniikka<\/li>\n\n\n\n<li>P\u00e4ivi Nurminen, puh. 050 4687 551<br>\u2013 Liiketoiminta<br>\u2013 Sosiaali ja terveysala<\/li>\n\n\n\n<li>Maarit Rahkola, puh. 050 5882 530<br>\u2013 Elintarvikeala<br>\u2013 Hius- ja kauneudenhoitoala<br>\u2013 Matkailuala<br>\u2013 Ravintola- ja catering-ala<br>\u2013 Kaksoistutkinto<\/li>\n\n\n\n<li>Marko Salakari, puh. 050 4391 384<br>\u2013 TUVA-koulutus<br>\u2013 Tekstiili- ja muotiala<br>\u2013 Taideteollisuusala<\/li>\n\n\n\n<li>Elina Sorvari, puh. 050 478 6849<br>\u2013 Pintak\u00e4sittelyala<br>\u2013 Sosiaali- ja terveysala<\/li>\n<\/ul>\n\n\n\n<h4 class=\"wp-block-heading\"><strong>Uraohjaajat<\/strong><\/h4>\n\n\n\n<p>Uraohjaajien kanssa voit pohtia oman urasi eri vaihtoehtoja. <strong>Hakeutumisvaiheen uraohjaaja<\/strong> auttaa opintojen hakeutumista koskevissa pohdinnoissa. <strong>P\u00e4\u00e4ttymisvaiheen uraohjaajan<\/strong> kanssa voit pohtia valmistumisvaiheeseen liittyvi\u00e4 asioita ja ty\u00f6nhakua. <strong>Vieraskielisten nivelvaiheiden uraohjaaja<\/strong> tukee vieraskielisi\u00e4 opiskelijoita koko opiskelupolun ajan urasuunnitteluun ja ty\u00f6nhakuun liittyviss\u00e4 kysymyksiss\u00e4. <strong>Erityisen tuen uraohjaaja <\/strong>tukee ty\u00f6llistymiseens\u00e4 tukea tarvitsevia opiskelijoita ty\u00f6h\u00f6nvalmennuksen keinoin.<\/p>\n\n\n\n<p>Hattelmalantie 8, A-rakennus<\/p>\n\n\n\n<ul class=\"wp-block-list\">\n<li>Maria Honkavuori, puh. 044&nbsp;077 9927<br>\u2013 hakeutumisvaiheen uraohjaus<\/li>\n\n\n\n<li>Tiia M\u00e4kinen, puh. 050 409 7714<br>\u2013 hakeutumisvaiheen uraohjaus<\/li>\n\n\n\n<li>Taru Vierimaa, puh. 040 722 9182<br>\u2013 opintojen p\u00e4\u00e4ttymisvaiheen uraohjaus<\/li>\n\n\n\n<li>Minna Tuominen, puh. 050 562 5458<br>\u2013 vieraskielisten nivelvaiheiden uraohjaus<\/li>\n\n\n\n<li>Jaana Romo-Inkeri, puh. 044 901 4430<br>\u2013 erityist\u00e4 tukea tarvitsevien ty\u00f6llistymiseen liittyv\u00e4 uraohjaus ja ty\u00f6h\u00f6nvalmennus<\/li>\n<\/ul>\n\n\n\n<p><strong>Ohjauspalveluista vastaa<\/strong> <strong>apulaisrehtori<\/strong><\/p>\n\n\n\n<p>Riikka Lehto, puh. 050 4737 323<\/p>\n\n\n\n<h3 class=\"wp-block-heading\">Opintotoimisto<\/h3>\n\n\n\n<p>Hattelmalantie 8, A-rakennus 3. kerros | ma\u2013to 9.15\u201315.00, pe s\u00e4hk\u00f6iset palvelut<br>Turenki | ma 9.15\u201312.00, ti\u2013ke 9.15\u201315.00<br><a href=\"mailto:opintotoimisto@kktavastia.fi\">opintotoimisto@kktavastia.fi<\/a>&nbsp;| 03 6581 900 | Wilma | OpintotoimistoChat (l\u00f6ytyy Wilman linkeist\u00e4)<\/p>\n\n\n\n<p>Opintotoimisto lomailee 6.-19.7.2026.<\/p>\n\n\n\n<ul class=\"wp-block-list\">\n<li><strong>S\u00e4hk\u00f6iset opiskelutodistukset ja opintosuoritusotteet! <\/strong>Ammattiopisto Tavastiassa on otettu k\u00e4ytt\u00f6\u00f6n <a href=\"https:\/\/kkt-prd.atomi-education.prd.studyo.fi\/student\">ATOMI-palvelun<\/a> opiskelijan itsepalvelun\u00e4kym\u00e4, josta opiskelija voi ladata ja tallentaa itselleen s\u00e4hk\u00f6isesti allekirjoitetun opiskelutodistuksen ja opintosuoritusotteen.<br><strong>S\u00e4hk\u00f6iset tutkintotodistukset<\/strong> on otettu k\u00e4ytt\u00f6\u00f6n 7.3.2025.<a href=\"https:\/\/www.kktavastia.fi\/todistuspalvelu\/\"> Lue lis\u00e4\u00e4.<\/a><\/li>\n<\/ul>\n\n\n\n<ul class=\"wp-block-list\">\n<li><strong>Todistuskopiot valmistuneille tai eronneille opiskelijoille:<\/strong> Jos todistuksesi ammatillisista opinnoista on p\u00e4\u00e4ssyt katoamaan, saat oikeaksi todistetun j\u00e4ljenn\u00f6ksen eli todistuskopion Ammattiopisto Tavastian arkistosta. <br>Todistusarkiston palveluista peritt\u00e4v\u00e4t palvelumaksut:<br>&#8211; S\u00e4hk\u00f6isen todistuksen uudelleen l\u00e4hett\u00e4minen on maksutonta.<br>&#8211; S\u00e4hk\u00f6isen todistuksen todistuskopio paperille tulostettuna ja oikeaksi todistettuna 25 \u20ac\/todistus.<br>&#8211; Paperisen todistuskopion paperikopio oikeaksi todistettuna 25 \u20ac\/todistus<br><strong>Tilaa todistuskopio<\/strong> <a href=\"https:\/\/www.tavastiashop.fi\/tuotteet\/group\/tutkintotodistukset\">TavastiaShop-verkkokaupasta<\/a>.<\/li>\n<\/ul>\n\n\n\n<ul class=\"wp-block-list\">\n<li><strong>Turvaposti<\/strong><br>Jos haluat l\u00e4hett\u00e4\u00e4 s\u00e4hk\u00f6postin liitteet suojattuna, k\u00e4yt\u00e4th\u00e4n turvapostia. Turvaposti on tarkoitettu luottamuksellisten tietojen l\u00e4hett\u00e4miseen:<\/li>\n<\/ul>\n\n\n\n<a href=\"https:\/\/secmail.com\/send\/CfcuKDUQ\" target=\"_blank\" rel=\"noopener\">L\u00e4het\u00e4 turvapostia Opintotoimistoon<\/a>\n\n\n\n<h4 class=\"wp-block-heading\"><strong>Opintosihteerit<\/strong><\/h4>\n\n\n\n<ul class=\"wp-block-list\">\n<li>Minna Koskinen, puh. 050 4400 866<br>\u2013 Logistiikka<br>\u2013 Taideteollisuus-, tekstiili- ja muoti-, hius- ja kauneudenhoitoala<br>\u2013 Tieto- ja viestint\u00e4tekniikka, rakennus, maanmittaus, talotekniikka sek\u00e4 puhtaus- ja kiinteist\u00f6palvelu<\/li>\n\n\n\n<li>Helena Suvisuo, puh 050 4400 849<br>\u2013 Liiketoiminta, matkailu ja tuotekehitysty\u00f6<br>\u2013 Pintak\u00e4sittely, auto, kone- ja tuotantotekniikka<br>\u2013 Ravintola- ja catering ja elintarvike<\/li>\n\n\n\n<li>Kirsi Hakulinen, puh 050 4400 926<br>\u2013 Terveys ja hyvinvointi<br>\u2013 TUVA-koulutus ja aikuisten perusopetus<\/li>\n<\/ul>\n\n\n\n<h4 class=\"wp-block-heading\"><strong>Opintotoimistosta vastaa opintop\u00e4\u00e4llikk\u00f6<\/strong><\/h4>\n\n\n\n<p>Kirsi Siiril\u00e4, puh. 050 5535 208<\/p>\n\n\n\n<h4 class=\"wp-block-heading\"><strong>J\u00e4rjestelm\u00e4suunnittelija<\/strong><\/h4>\n\n\n\n<p>J\u00e4rjestelm\u00e4suunnittelijalta saat neuvoja ja apuja Wilman k\u00e4ytt\u00f6\u00f6n.<br>Piia Sinisalo, puh. 050 5240 418<\/p>\n\n\n\n<p><\/p>\n","protected":false},"excerpt":{"rendered":"<p>Opinto-ohjaajat Opiskelijaa ohjataan opiskelussa sek\u00e4 ammatillisessa suuntautumisessa. Ohjauksen avulla edistet\u00e4\u00e4n opiskelijan vastuullisuutta ja suunnitelmallisuutta opiskelun aikana. Voit varata ohjausajan oman [&hellip;]<\/p>\n","protected":false},"author":5,"featured_media":0,"parent":39205,"menu_order":5,"comment_status":"closed","ping_status":"closed","template":"","meta":{"_acf_changed":false,"_relevanssi_hide_post":"","_relevanssi_hide_content":"","_relevanssi_pin_for_all":"","_relevanssi_pin_keywords":"","_relevanssi_unpin_keywords":"","_relevanssi_related_keywords":"","_relevanssi_related_include_ids":"","_relevanssi_related_exclude_ids":"","_relevanssi_related_no_append":"","_relevanssi_related_not_related":"","_relevanssi_related_posts":"142,1029,134,1146,563,1356","_relevanssi_noindex_reason":"","footnotes":""},"class_list":["post-1115","page","type-page","status-publish","hentry"],"acf":[],"yoast_head":"<title>Ohjauspalvelut | Tavastian Ohjauspiste | Ota yhteytt\u00e4<\/title>\n<meta name=\"description\" content=\"Ohjauspalvelut Ammattiopisto Tavastiassa: Tavastian Ohjauspiste auttaa ja palvelee kaikissa opiskeluun liittyviss\u00e4 kysymyksiss\u00e4.\" \/>\n<meta name=\"robots\" content=\"index, follow, max-snippet:-1, max-image-preview:large, max-video-preview:-1\" \/>\n<link rel=\"canonical\" href=\"https:\/\/www.kktavastia.fi\/ammattiopisto\/opiskelijalle\/ohjauspalvelut-ja-opintotoimisto\/\" \/>\n<meta property=\"og:locale\" content=\"fi_FI\" \/>\n<meta property=\"og:type\" content=\"article\" \/>\n<meta property=\"og:title\" content=\"Ohjauspalvelut | Tavastian Ohjauspiste | Ota yhteytt\u00e4\" \/>\n<meta property=\"og:description\" content=\"Ohjauspalvelut Ammattiopisto Tavastiassa: Tavastian Ohjauspiste auttaa ja palvelee kaikissa opiskeluun liittyviss\u00e4 kysymyksiss\u00e4.\" \/>\n<meta property=\"og:url\" content=\"https:\/\/www.kktavastia.fi\/ammattiopisto\/opiskelijalle\/ohjauspalvelut-ja-opintotoimisto\/\" \/>\n<meta property=\"og:site_name\" content=\"Ammattiopisto Tavastia\" \/>\n<meta property=\"article:modified_time\" content=\"2026-04-23T18:23:30+00:00\" \/>\n<meta name=\"twitter:card\" content=\"summary_large_image\" \/>\n<script type=\"application\/ld+json\" class=\"yoast-schema-graph\">{\"@context\":\"https:\\\/\\\/schema.org\",\"@graph\":[{\"@type\":\"WebPage\",\"@id\":\"https:\\\/\\\/www.kktavastia.fi\\\/ammattiopisto\\\/opiskelijalle\\\/ohjauspalvelut-ja-opintotoimisto\\\/\",\"url\":\"https:\\\/\\\/www.kktavastia.fi\\\/ammattiopisto\\\/opiskelijalle\\\/ohjauspalvelut-ja-opintotoimisto\\\/\",\"name\":\"Ohjauspalvelut | Tavastian Ohjauspiste | Ota yhteytt\u00e4\",\"isPartOf\":{\"@id\":\"https:\\\/\\\/www.kktavastia.fi\\\/ammattiopisto\\\/#website\"},\"datePublished\":\"2021-01-08T09:47:36+00:00\",\"dateModified\":\"2026-04-23T18:23:30+00:00\",\"description\":\"Ohjauspalvelut Ammattiopisto Tavastiassa: Tavastian Ohjauspiste auttaa ja palvelee kaikissa opiskeluun liittyviss\u00e4 kysymyksiss\u00e4.\",\"breadcrumb\":{\"@id\":\"https:\\\/\\\/www.kktavastia.fi\\\/ammattiopisto\\\/opiskelijalle\\\/ohjauspalvelut-ja-opintotoimisto\\\/#breadcrumb\"},\"inLanguage\":\"fi\",\"potentialAction\":[{\"@type\":\"ReadAction\",\"target\":[\"https:\\\/\\\/www.kktavastia.fi\\\/ammattiopisto\\\/opiskelijalle\\\/ohjauspalvelut-ja-opintotoimisto\\\/\"]}]},{\"@type\":\"BreadcrumbList\",\"@id\":\"https:\\\/\\\/www.kktavastia.fi\\\/ammattiopisto\\\/opiskelijalle\\\/ohjauspalvelut-ja-opintotoimisto\\\/#breadcrumb\",\"itemListElement\":[{\"@type\":\"ListItem\",\"position\":1,\"name\":\"Home\",\"item\":\"https:\\\/\\\/www.kktavastia.fi\\\/ammattiopisto\\\/\"},{\"@type\":\"ListItem\",\"position\":2,\"name\":\"Opiskelijalle\",\"item\":\"https:\\\/\\\/www.kktavastia.fi\\\/ammattiopisto\\\/opiskelijalle\\\/\"},{\"@type\":\"ListItem\",\"position\":3,\"name\":\"Ohjauspalvelut ja opintotoimisto\"}]},{\"@type\":\"WebSite\",\"@id\":\"https:\\\/\\\/www.kktavastia.fi\\\/ammattiopisto\\\/#website\",\"url\":\"https:\\\/\\\/www.kktavastia.fi\\\/ammattiopisto\\\/\",\"name\":\"Ammattiopisto Tavastia\",\"description\":\"\",\"potentialAction\":[{\"@type\":\"SearchAction\",\"target\":{\"@type\":\"EntryPoint\",\"urlTemplate\":\"https:\\\/\\\/www.kktavastia.fi\\\/ammattiopisto\\\/?s={search_term_string}\"},\"query-input\":{\"@type\":\"PropertyValueSpecification\",\"valueRequired\":true,\"valueName\":\"search_term_string\"}}],\"inLanguage\":\"fi\"}]}<\/script>","yoast_head_json":{"title":"Ohjauspalvelut | Tavastian Ohjauspiste | Ota yhteytt\u00e4","description":"Ohjauspalvelut Ammattiopisto Tavastiassa: Tavastian Ohjauspiste auttaa ja palvelee kaikissa opiskeluun liittyviss\u00e4 kysymyksiss\u00e4.","robots":{"index":"index","follow":"follow","max-snippet":"max-snippet:-1","max-image-preview":"max-image-preview:large","max-video-preview":"max-video-preview:-1"},"canonical":"https:\/\/www.kktavastia.fi\/ammattiopisto\/opiskelijalle\/ohjauspalvelut-ja-opintotoimisto\/","og_locale":"fi_FI","og_type":"article","og_title":"Ohjauspalvelut | Tavastian Ohjauspiste | Ota yhteytt\u00e4","og_description":"Ohjauspalvelut Ammattiopisto Tavastiassa: Tavastian Ohjauspiste auttaa ja palvelee kaikissa opiskeluun liittyviss\u00e4 kysymyksiss\u00e4.","og_url":"https:\/\/www.kktavastia.fi\/ammattiopisto\/opiskelijalle\/ohjauspalvelut-ja-opintotoimisto\/","og_site_name":"Ammattiopisto Tavastia","article_modified_time":"2026-04-23T18:23:30+00:00","twitter_card":"summary_large_image","schema":{"@context":"https:\/\/schema.org","@graph":[{"@type":"WebPage","@id":"https:\/\/www.kktavastia.fi\/ammattiopisto\/opiskelijalle\/ohjauspalvelut-ja-opintotoimisto\/","url":"https:\/\/www.kktavastia.fi\/ammattiopisto\/opiskelijalle\/ohjauspalvelut-ja-opintotoimisto\/","name":"Ohjauspalvelut | Tavastian Ohjauspiste | Ota yhteytt\u00e4","isPartOf":{"@id":"https:\/\/www.kktavastia.fi\/ammattiopisto\/#website"},"datePublished":"2021-01-08T09:47:36+00:00","dateModified":"2026-04-23T18:23:30+00:00","description":"Ohjauspalvelut Ammattiopisto Tavastiassa: Tavastian Ohjauspiste auttaa ja palvelee kaikissa opiskeluun liittyviss\u00e4 kysymyksiss\u00e4.","breadcrumb":{"@id":"https:\/\/www.kktavastia.fi\/ammattiopisto\/opiskelijalle\/ohjauspalvelut-ja-opintotoimisto\/#breadcrumb"},"inLanguage":"fi","potentialAction":[{"@type":"ReadAction","target":["https:\/\/www.kktavastia.fi\/ammattiopisto\/opiskelijalle\/ohjauspalvelut-ja-opintotoimisto\/"]}]},{"@type":"BreadcrumbList","@id":"https:\/\/www.kktavastia.fi\/ammattiopisto\/opiskelijalle\/ohjauspalvelut-ja-opintotoimisto\/#breadcrumb","itemListElement":[{"@type":"ListItem","position":1,"name":"Home","item":"https:\/\/www.kktavastia.fi\/ammattiopisto\/"},{"@type":"ListItem","position":2,"name":"Opiskelijalle","item":"https:\/\/www.kktavastia.fi\/ammattiopisto\/opiskelijalle\/"},{"@type":"ListItem","position":3,"name":"Ohjauspalvelut ja opintotoimisto"}]},{"@type":"WebSite","@id":"https:\/\/www.kktavastia.fi\/ammattiopisto\/#website","url":"https:\/\/www.kktavastia.fi\/ammattiopisto\/","name":"Ammattiopisto Tavastia","description":"","potentialAction":[{"@type":"SearchAction","target":{"@type":"EntryPoint","urlTemplate":"https:\/\/www.kktavastia.fi\/ammattiopisto\/?s={search_term_string}"},"query-input":{"@type":"PropertyValueSpecification","valueRequired":true,"valueName":"search_term_string"}}],"inLanguage":"fi"}]}},"_links":{"self":[{"href":"https:\/\/www.kktavastia.fi\/ammattiopisto\/wp-json\/wp\/v2\/pages\/1115","targetHints":{"allow":["GET"]}}],"collection":[{"href":"https:\/\/www.kktavastia.fi\/ammattiopisto\/wp-json\/wp\/v2\/pages"}],"about":[{"href":"https:\/\/www.kktavastia.fi\/ammattiopisto\/wp-json\/wp\/v2\/types\/page"}],"author":[{"embeddable":true,"href":"https:\/\/www.kktavastia.fi\/ammattiopisto\/wp-json\/wp\/v2\/users\/5"}],"replies":[{"embeddable":true,"href":"https:\/\/www.kktavastia.fi\/ammattiopisto\/wp-json\/wp\/v2\/comments?post=1115"}],"version-history":[{"count":25,"href":"https:\/\/www.kktavastia.fi\/ammattiopisto\/wp-json\/wp\/v2\/pages\/1115\/revisions"}],"predecessor-version":[{"id":156644,"href":"https:\/\/www.kktavastia.fi\/ammattiopisto\/wp-json\/wp\/v2\/pages\/1115\/revisions\/156644"}],"up":[{"embeddable":true,"href":"https:\/\/www.kktavastia.fi\/ammattiopisto\/wp-json\/wp\/v2\/pages\/39205"}],"wp:attachment":[{"href":"https:\/\/www.kktavastia.fi\/ammattiopisto\/wp-json\/wp\/v2\/media?parent=1115"}],"curies":[{"name":"wp","href":"https:\/\/api.w.org\/{rel}","templated":true}]}}