{"id":1111,"date":"2021-01-08T11:41:05","date_gmt":"2021-01-08T09:41:05","guid":{"rendered":"https:\/\/kktavastia.vaiheessa.fi\/ammattiopisto\/?page_id=1111"},"modified":"2026-04-14T14:58:19","modified_gmt":"2026-04-14T11:58:19","slug":"opiskelijahyvinvointi","status":"publish","type":"page","link":"https:\/\/www.kktavastia.fi\/ammattiopisto\/opiskelijalle\/opiskelijahyvinvointi\/","title":{"rendered":"Opiskelijahyvinvointi"},"content":{"rendered":"\n<p class=\"is-style-ingress\">Opiskelijahyvinvointipalveluihin kuuluu opiskelijoiden fyysisest\u00e4, psyykkisest\u00e4 ja sosiaalisesta hyvinvoinnista huolehtiminen sek\u00e4 tasapainoisen kasvun ja kehityksen edist\u00e4minen, varmistaen kaikille tasavertaisen oppimisen mahdollisuus. Tavoitteena on erilaisten haasteiden huomioiminen ja niihin puuttuminen mahdollisimman varhaisessa vaiheessa.<\/p>\n\n\n\n<h3 class=\"wp-block-heading\">Tutustu opiskeluhuoltosuunnitelmiin<\/h3>\n\n\n\n<ul class=\"wp-block-list\">\n<li><a href=\"https:\/\/kktavastia.tweb.fi\/3\/229853\">Kuntayhtym\u00e4n oppilaitosten yhteinen osa<\/a>&nbsp;<\/li>\n\n\n\n<li><a href=\"https:\/\/kktavastia.tweb.fi\/3\/229851\">Ammattiopisto Tavastian opiskeluhuoltosuunnitelma<\/a>&nbsp;<\/li>\n<\/ul>\n\n\n\n<h3 class=\"wp-block-heading\">Opiskelijahyvinvointikoordinaattori<\/h3>\n\n\n\n<p>Kanerva Hopeapuro<br>puh. 044 902 7960<br>kanerva.hopeapuro@kktavastia.fi <\/p>\n\n\n\n<p>Kanerva toimii opiskeluhuollon yhteyshenkil\u00f6n\u00e4 talon sis\u00e4isesti sek\u00e4 hyvinvointialueen suuntaan. <\/p>\n\n\n\n<h3 class=\"wp-block-heading\"><strong>Nuoriso-ohjaaja ja turvallisuusohjaaja<\/strong><\/h3>\n\n\n\n<p>Nuoriso-ohjaaja ja turvallisuusohjaaja tekev\u00e4t monipuolista yhteisty\u00f6t\u00e4 opetuksen, opiskelijapalveluhenkil\u00f6st\u00f6n, muun henkil\u00f6kunnan ja koulun ulkopuolisten verkostojen kanssa. Tavoitteena on opiskelijan tukeminen matkalla kohti valmistumista ja tasapainoista el\u00e4m\u00e4\u00e4. Ohjaajien asiantuntija-apua voi hy\u00f6dynt\u00e4\u00e4 erityisesti kiusaamis- ja p\u00e4ihdetilanteissa ja he toimivat linkkin\u00e4 asuntolaan. Ty\u00f6 painottuu yhteis\u00f6lliseen opiskeluhuoltoon, oppilaitosturvallisuuteen ja opiskelijatoimintaan.<br><br>Hattelmalantie 8, C-rakennus 2. kerros<\/p>\n\n\n\n<ul class=\"wp-block-list\">\n<li>Janne Kuisma, turvallisuusohjaaja<br>puh. 050 5533 570, janne.kuisma@kktavastia.fi<\/li>\n\n\n\n<li>Anni Rahkonen, nuoriso-ohjaaja<br>puh. 050 4641 325, anni.rahkonen@kktavastia.fi<\/li>\n<\/ul>\n\n\n\n<h3 class=\"wp-block-heading\"><strong>Oppilaitospappi<\/strong><\/h3>\n\n\n\n<p>Oppilaitospappi on olemassa sinua varten silloin, kun tarvitset kuuntelijaa tai haluat keskustella luottamuksellisesti. Oppilaitospappi on kaikkia opiskelijoita varten katsomuksesta riippumatta. Ota rohkeasti yhteytt\u00e4 ja sovi tapaamisaika.<\/p>\n\n\n\n<ul class=\"wp-block-list\">\n<li>Ida Hellemaa<br>puh. ja Whatsapp 040 8049 489<\/li>\n<\/ul>\n\n\n\n<p class=\"is-style-boxed\">Kanta-H\u00e4meen hyvinvointialue, Oma H\u00e4me, vastaa opiskeluhuollon kuraattori-, psykologi- ja opiskeluterveydenhuoltopalveluiden j\u00e4rjest\u00e4misest\u00e4.<\/p>\n\n\n\n<h3 class=\"wp-block-heading\">Kuraattoripalvelut<\/h3>\n\n\n\n<p>Sinulle on nimetty oma kuraattori opiskeltavan perustutkinnon tai koulutuksen mukaisesti. Kuraattori on sosiaalialan asiantuntija, jonka kanssa voit keskustella luottamuksellisesti omaan el\u00e4m\u00e4\u00e4si liittyvist\u00e4 tilanteista ja opiskelun etenemisest\u00e4 sek\u00e4 opintojen tukimuodoista. Ota yhteytt\u00e4, kun jokin asia huolestuttaa tai painaa mielt\u00e4. My\u00f6s opiskelijoiden huoltajat voivat ottaa yhteytt\u00e4 kuraattoriin.<\/p>\n\n\n\n<p><strong>Kuraattoreiden avoin vastaanotto ilman ajanvarausta on maanantaista perjantaihin klo 10\u201311.<\/strong><br>Hattelmalantie 8, S-rakennus 1. kerros<\/p>\n\n\n\n<ul class=\"wp-block-list\">\n<li>Maija Eerola<br>puh. 050 5205 994, maija.eerola@omahame.fi<br>\u2013 H\u00e4meenlinnan lyseon lukio<br>\u2013 Tutkintokoulutukseen valmentava koulutus, TUVA<\/li>\n\n\n\n<li>Eerika Ketonen<br>puh. 050 4400 482, eerika.ketonen@omahame.fi<br>\u2013 Ajoneuvoala<br>\u2013 Kone- ja tuotantotekniikka<br>\u2013 Logistiikka<br>\u2013 Pintak\u00e4sittelyala<br>\u2013 Taideteollisuusala<br>\u2013 Tekstiili- ja muotiala<\/li>\n\n\n\n<li>Pirjetta Pakanen<br>puh. 050 4391 382, pirjetta.pakanen@omahame.fi<br>\u2013 Elintarvikeala<br>\u2013 Maanmittausala<br>\u2013 Puhtaus- ja kiinteist\u00f6palveluala (kiinteist\u00f6nhoitaja)<br>\u2013 Rakennusala<br>\u2013 Ravintola- ja catering-ala<br>\u2013 S\u00e4hk\u00f6- ja automaatioala<br>\u2013 Talotekniikka<br>\u2013 Tieto- ja viestint\u00e4tekniikka<\/li>\n\n\n\n<li>Piritta Salo<br>puh 050 9110 941, piritta.salo@omahame.fi<br>\u2013 Aikuisten maahanmuuttajien perusopetus<br>\u2013 Hius- ja kauneudenhoitoala<br>\u2013 Kaurialan lukio<\/li>\n\n\n\n<li>Janne V\u00e4in\u00f6l\u00e4<br>puh. 050 5533 563, janne.vainola@omahame.fi<br>\u2013 Kasvatus- ja ohjausala<br>\u2013 Liiketoiminta<br>\u2013 Matkailuala<br>\u2013 Puhtaus- ja kiinteist\u00f6palveluala (toimitilahuoltaja)<br>\u2013 Sosiaali- ja terveysala<\/li>\n<\/ul>\n\n\n\n<h3 class=\"wp-block-heading\">Psykologipalvelut<\/h3>\n\n\n\n<p>Psykologin kanssa voit keskustella mielenterveyteen liittyvist\u00e4 asioista, opiskelukyvyst\u00e4 tai jaksamisesta. Keskustelut ovat luottamuksellisia. Psykologit osallistuvat my\u00f6s oppimisen vaikeuksien selvitt\u00e4miseen ja tukemiseen. Oppimisen tukitoimien suunnittelu aloitetaan oman alan erityisopettajan kanssa.<\/p>\n\n\n\n<p><strong>Opiskeluhuollon psykologeille ohjaudutaan keskitetysti:<\/strong><\/p>\n\n\n\n<ul class=\"wp-block-list\">\n<li><strong>Psykologin tukik\u00e4yntej\u00e4 tarvitsevat opiskelijat kaikilta Ammattiopisto Tavastian aloilta ohjataan psykologi Annika Haltulle<\/strong>, joka hallinnoi jonoa ja ohjaa opiskelijoita my\u00f6s muille psykologeille.<br>\u2013 Annika Halttu, tavoitat Wilma-viestill\u00e4 (puh. 040 539 8079)<\/li>\n<\/ul>\n\n\n\n<ul class=\"wp-block-list\">\n<li><strong>Psykologin tutkimuksiin liittyen (kognitiivinen tutkimus, oppimisvaikeuksien selvitt\u00e4minen) konsultoidaan kaikkien Ammattiopisto Tavastian alojen opiskelijoiden osalta neuropsykologiaan erikoistuvaa psykologi Marita Ruuskaa<\/strong>, joka arvioi tutkimuksen ja\/tai tukitoimien j\u00e4rjest\u00e4misen tarpeen yksil\u00f6kohtaisesti, ja ohjaa tutkimuksia my\u00f6s muille psykologeille toteutettavaksi.<\/li>\n\n\n\n<li>Huom! <strong>Oppimisvaikeuksien tukitoimien suunnittelu ja toteutus aloitetaan oman alan erityisopettajan kautta<\/strong> jo ennen kuin pohditaan psykologin tutkimuksen tarvetta.<br>\u2013 Marita Ruuska, tavoitat Wilma-viestill\u00e4 (puh. 050 408 6293)<\/li>\n<\/ul>\n\n\n\n<p><strong>Psykologit tavoittaa<\/strong> <strong>ensisijaisesti Wilma-viestill\u00e4<\/strong>.<br>S\u00e4hk\u00f6postiosoitteet: <a href=\"mailto:etunimi.sukunimi@omahame.fi\">etunimi.sukunimi@omahame.fi<\/a><\/p>\n\n\n\n<ul class=\"wp-block-list\">\n<li>Emmi Elo, puh. 040 489 0844, tavoitettavissa ma-ti ja to-pe<\/li>\n\n\n\n<li>Marita Ruuska, puh. 050 408 6293, tavoitettavissa ma-ke<\/li>\n\n\n\n<li>Annika Halttu, puh. 040&nbsp;539 8079, tavoitettavissa ma-to<\/li>\n\n\n\n<li>Venla Karppinen, puh. 040 688 7377, tavoitettavissa ma-pe<\/li>\n<\/ul>\n\n\n\n<h3 class=\"wp-block-heading\">Opiskeluterveydenhuolto<\/h3>\n\n\n\n<p><strong>Terveydenhoitajien avoin vastaanotto ilman ajanvarausta on maanantaista perjantaihin klo 10\u201311. <\/strong>Muina aikoina tavoitat terveydenhoitajat parhaiten Wilman kautta.<\/p>\n\n\n\n<p>Ennaltaehk\u00e4isev\u00e4n terveydenhoidon lis\u00e4ksi voit ottaa yhteytt\u00e4 terveydenhoitajaan my\u00f6s sairaanhoidollisissa asioissa. Tarvittaessa terveydenhoitaja ohjaa jatkohoitoon. Ilmoita opettajallesi menosta terveydenhoitajan tai koulul\u00e4\u00e4k\u00e4rin luo, mik\u00e4li joudut olemaan siell\u00e4 oppituntien aikana. \u00c4killisiss\u00e4 tapaturmatilanteissa terveydenhoitaja pyrkii auttamaan kaikkina aikoina. Koulun ulkopuolinen ensiapup\u00e4ivystys toimii Kanta-H\u00e4meen Keskussairaalan yhteisp\u00e4ivystyksess\u00e4, soita ensin 116 117. Jos tunnet olosi sairaaksi tai sairastut kesken koulup\u00e4iv\u00e4n voit l\u00e4hte\u00e4 kotiin lep\u00e4\u00e4m\u00e4\u00e4n ja tarvittaessa olla oireidesi mukaan yhteydess\u00e4 omalle terveysasemalle. Sairastuessasi voit olla alkuun pois koulusta omalla ilmoituksella opettajallesi, sairauden\/oireiden pitkittyess\u00e4 ole yhteydess\u00e4 omalle terveysasemallesi tai numeroon 116 117.<\/p>\n\n\n\n<p>Terveydenhoitajien kanssa sovitaan my\u00f6s p\u00e4\u00e4syst\u00e4 koulul\u00e4\u00e4k\u00e4rin vastaanotolle terveydenhoitajan arvion mukaan.<\/p>\n\n\n\n<p>Terveydenhoitajien yhteystiedot ja vastuualueet:<br>Hattelmalantie 8, S-rakennus 1. kerros<\/p>\n\n\n\n<ul class=\"wp-block-list\">\n<li>Johanna Stenb\u00e4rg<br>puh. 050 3824 579, johanna.stenbarg@omahame.fi<br>\u2013 Kasvatus- ja ohjausala<br>\u2013 Matkailuala<br>\u2013 Puhtaus- ja kiinteist\u00f6palveluala<br>\u2013 Sosiaali- ja terveysala<br>\u2013 Tieto- ja viestint\u00e4tekniikka<\/li>\n\n\n\n<li>Virpi Lahti<br>puh. 046 9205 128, virpi.lahti@omahame.fi<br>\u2013 Aikuisten maahanmuuttajien perusopetus<br>\u2013 Ajoneuvoala<br>\u2013 Kone- ja tuotantotekniikka<br>\u2013 Logistiikka<br>\u2013 Pintak\u00e4sittelyala<\/li>\n\n\n\n<li>Terhi Niemel\u00e4<br>puh. 050 5533 401, terhi.niemela@omahame.fi<br>\u2013 Liiketoiminta<br>\u2013 Rakennusala<br>\u2013 Taideteollisuusala<br>\u2013 Tekstiili- ja muotiala<br>\u2013 Tutkintokoulutukseen valmentava koulutus, TUVA<\/li>\n\n\n\n<li>Heidi Envall<br>puh. 046 9216 075, heidi.envall@omahame.fi<br>\u2013 Elintarvikeala<br>\u2013 Hius- ja kauneudenhoitoala<br>\u2013 Maanmittausala<br>\u2013 Ravintola- ja catering-ala<br>\u2013 S\u00e4hk\u00f6- ja automaatioala<br>\u2013 Talotekniikka<\/li>\n<\/ul>\n","protected":false},"excerpt":{"rendered":"<p>Opiskelijahyvinvointipalveluihin kuuluu opiskelijoiden fyysisest\u00e4, psyykkisest\u00e4 ja sosiaalisesta hyvinvoinnista huolehtiminen sek\u00e4 tasapainoisen kasvun ja kehityksen edist\u00e4minen, varmistaen kaikille tasavertaisen oppimisen mahdollisuus. [&hellip;]<\/p>\n","protected":false},"author":6,"featured_media":0,"parent":39205,"menu_order":6,"comment_status":"closed","ping_status":"closed","template":"","meta":{"_acf_changed":false,"_relevanssi_hide_post":"","_relevanssi_hide_content":"","_relevanssi_pin_for_all":"","_relevanssi_pin_keywords":"","_relevanssi_unpin_keywords":"","_relevanssi_related_keywords":"","_relevanssi_related_include_ids":"","_relevanssi_related_exclude_ids":"","_relevanssi_related_no_append":"","_relevanssi_related_not_related":"","_relevanssi_related_posts":"1063,127,1029,496,115,946","_relevanssi_noindex_reason":"","footnotes":""},"class_list":["post-1111","page","type-page","status-publish","hentry"],"acf":[],"yoast_head":"<title>Opiskelijahyvinvointi - Ammattiopisto Tavastia<\/title>\n<meta name=\"robots\" content=\"index, follow, max-snippet:-1, max-image-preview:large, max-video-preview:-1\" \/>\n<link rel=\"canonical\" href=\"https:\/\/www.kktavastia.fi\/ammattiopisto\/opiskelijalle\/opiskelijahyvinvointi\/\" \/>\n<meta property=\"og:locale\" content=\"fi_FI\" \/>\n<meta property=\"og:type\" content=\"article\" \/>\n<meta property=\"og:title\" content=\"Opiskelijahyvinvointi - Ammattiopisto Tavastia\" \/>\n<meta property=\"og:description\" content=\"Opiskelijahyvinvointipalveluihin kuuluu opiskelijoiden fyysisest\u00e4, psyykkisest\u00e4 ja sosiaalisesta hyvinvoinnista huolehtiminen sek\u00e4 tasapainoisen kasvun ja kehityksen edist\u00e4minen, varmistaen kaikille tasavertaisen oppimisen mahdollisuus. [&hellip;]\" \/>\n<meta property=\"og:url\" content=\"https:\/\/www.kktavastia.fi\/ammattiopisto\/opiskelijalle\/opiskelijahyvinvointi\/\" \/>\n<meta property=\"og:site_name\" content=\"Ammattiopisto Tavastia\" \/>\n<meta property=\"article:modified_time\" content=\"2026-04-14T11:58:19+00:00\" \/>\n<meta name=\"twitter:card\" content=\"summary_large_image\" \/>\n<script type=\"application\/ld+json\" class=\"yoast-schema-graph\">{\"@context\":\"https:\\\/\\\/schema.org\",\"@graph\":[{\"@type\":\"WebPage\",\"@id\":\"https:\\\/\\\/www.kktavastia.fi\\\/ammattiopisto\\\/opiskelijalle\\\/opiskelijahyvinvointi\\\/\",\"url\":\"https:\\\/\\\/www.kktavastia.fi\\\/ammattiopisto\\\/opiskelijalle\\\/opiskelijahyvinvointi\\\/\",\"name\":\"Opiskelijahyvinvointi - Ammattiopisto Tavastia\",\"isPartOf\":{\"@id\":\"https:\\\/\\\/www.kktavastia.fi\\\/ammattiopisto\\\/#website\"},\"datePublished\":\"2021-01-08T09:41:05+00:00\",\"dateModified\":\"2026-04-14T11:58:19+00:00\",\"breadcrumb\":{\"@id\":\"https:\\\/\\\/www.kktavastia.fi\\\/ammattiopisto\\\/opiskelijalle\\\/opiskelijahyvinvointi\\\/#breadcrumb\"},\"inLanguage\":\"fi\",\"potentialAction\":[{\"@type\":\"ReadAction\",\"target\":[\"https:\\\/\\\/www.kktavastia.fi\\\/ammattiopisto\\\/opiskelijalle\\\/opiskelijahyvinvointi\\\/\"]}]},{\"@type\":\"BreadcrumbList\",\"@id\":\"https:\\\/\\\/www.kktavastia.fi\\\/ammattiopisto\\\/opiskelijalle\\\/opiskelijahyvinvointi\\\/#breadcrumb\",\"itemListElement\":[{\"@type\":\"ListItem\",\"position\":1,\"name\":\"Home\",\"item\":\"https:\\\/\\\/www.kktavastia.fi\\\/ammattiopisto\\\/\"},{\"@type\":\"ListItem\",\"position\":2,\"name\":\"Opiskelijalle\",\"item\":\"https:\\\/\\\/www.kktavastia.fi\\\/ammattiopisto\\\/opiskelijalle\\\/\"},{\"@type\":\"ListItem\",\"position\":3,\"name\":\"Opiskelijahyvinvointi\"}]},{\"@type\":\"WebSite\",\"@id\":\"https:\\\/\\\/www.kktavastia.fi\\\/ammattiopisto\\\/#website\",\"url\":\"https:\\\/\\\/www.kktavastia.fi\\\/ammattiopisto\\\/\",\"name\":\"Ammattiopisto Tavastia\",\"description\":\"\",\"potentialAction\":[{\"@type\":\"SearchAction\",\"target\":{\"@type\":\"EntryPoint\",\"urlTemplate\":\"https:\\\/\\\/www.kktavastia.fi\\\/ammattiopisto\\\/?s={search_term_string}\"},\"query-input\":{\"@type\":\"PropertyValueSpecification\",\"valueRequired\":true,\"valueName\":\"search_term_string\"}}],\"inLanguage\":\"fi\"}]}<\/script>","yoast_head_json":{"title":"Opiskelijahyvinvointi - Ammattiopisto Tavastia","robots":{"index":"index","follow":"follow","max-snippet":"max-snippet:-1","max-image-preview":"max-image-preview:large","max-video-preview":"max-video-preview:-1"},"canonical":"https:\/\/www.kktavastia.fi\/ammattiopisto\/opiskelijalle\/opiskelijahyvinvointi\/","og_locale":"fi_FI","og_type":"article","og_title":"Opiskelijahyvinvointi - Ammattiopisto Tavastia","og_description":"Opiskelijahyvinvointipalveluihin kuuluu opiskelijoiden fyysisest\u00e4, psyykkisest\u00e4 ja sosiaalisesta hyvinvoinnista huolehtiminen sek\u00e4 tasapainoisen kasvun ja kehityksen edist\u00e4minen, varmistaen kaikille tasavertaisen oppimisen mahdollisuus. [&hellip;]","og_url":"https:\/\/www.kktavastia.fi\/ammattiopisto\/opiskelijalle\/opiskelijahyvinvointi\/","og_site_name":"Ammattiopisto Tavastia","article_modified_time":"2026-04-14T11:58:19+00:00","twitter_card":"summary_large_image","schema":{"@context":"https:\/\/schema.org","@graph":[{"@type":"WebPage","@id":"https:\/\/www.kktavastia.fi\/ammattiopisto\/opiskelijalle\/opiskelijahyvinvointi\/","url":"https:\/\/www.kktavastia.fi\/ammattiopisto\/opiskelijalle\/opiskelijahyvinvointi\/","name":"Opiskelijahyvinvointi - Ammattiopisto Tavastia","isPartOf":{"@id":"https:\/\/www.kktavastia.fi\/ammattiopisto\/#website"},"datePublished":"2021-01-08T09:41:05+00:00","dateModified":"2026-04-14T11:58:19+00:00","breadcrumb":{"@id":"https:\/\/www.kktavastia.fi\/ammattiopisto\/opiskelijalle\/opiskelijahyvinvointi\/#breadcrumb"},"inLanguage":"fi","potentialAction":[{"@type":"ReadAction","target":["https:\/\/www.kktavastia.fi\/ammattiopisto\/opiskelijalle\/opiskelijahyvinvointi\/"]}]},{"@type":"BreadcrumbList","@id":"https:\/\/www.kktavastia.fi\/ammattiopisto\/opiskelijalle\/opiskelijahyvinvointi\/#breadcrumb","itemListElement":[{"@type":"ListItem","position":1,"name":"Home","item":"https:\/\/www.kktavastia.fi\/ammattiopisto\/"},{"@type":"ListItem","position":2,"name":"Opiskelijalle","item":"https:\/\/www.kktavastia.fi\/ammattiopisto\/opiskelijalle\/"},{"@type":"ListItem","position":3,"name":"Opiskelijahyvinvointi"}]},{"@type":"WebSite","@id":"https:\/\/www.kktavastia.fi\/ammattiopisto\/#website","url":"https:\/\/www.kktavastia.fi\/ammattiopisto\/","name":"Ammattiopisto Tavastia","description":"","potentialAction":[{"@type":"SearchAction","target":{"@type":"EntryPoint","urlTemplate":"https:\/\/www.kktavastia.fi\/ammattiopisto\/?s={search_term_string}"},"query-input":{"@type":"PropertyValueSpecification","valueRequired":true,"valueName":"search_term_string"}}],"inLanguage":"fi"}]}},"_links":{"self":[{"href":"https:\/\/www.kktavastia.fi\/ammattiopisto\/wp-json\/wp\/v2\/pages\/1111","targetHints":{"allow":["GET"]}}],"collection":[{"href":"https:\/\/www.kktavastia.fi\/ammattiopisto\/wp-json\/wp\/v2\/pages"}],"about":[{"href":"https:\/\/www.kktavastia.fi\/ammattiopisto\/wp-json\/wp\/v2\/types\/page"}],"author":[{"embeddable":true,"href":"https:\/\/www.kktavastia.fi\/ammattiopisto\/wp-json\/wp\/v2\/users\/6"}],"replies":[{"embeddable":true,"href":"https:\/\/www.kktavastia.fi\/ammattiopisto\/wp-json\/wp\/v2\/comments?post=1111"}],"version-history":[{"count":24,"href":"https:\/\/www.kktavastia.fi\/ammattiopisto\/wp-json\/wp\/v2\/pages\/1111\/revisions"}],"predecessor-version":[{"id":154960,"href":"https:\/\/www.kktavastia.fi\/ammattiopisto\/wp-json\/wp\/v2\/pages\/1111\/revisions\/154960"}],"up":[{"embeddable":true,"href":"https:\/\/www.kktavastia.fi\/ammattiopisto\/wp-json\/wp\/v2\/pages\/39205"}],"wp:attachment":[{"href":"https:\/\/www.kktavastia.fi\/ammattiopisto\/wp-json\/wp\/v2\/media?parent=1111"}],"curies":[{"name":"wp","href":"https:\/\/api.w.org\/{rel}","templated":true}]}}