{"id":11,"date":"2020-11-20T11:13:28","date_gmt":"2020-11-20T09:13:28","guid":{"rendered":"http:\/\/kktavastia.vaiheessa.fi\/ammattiopisto\/?page_id=11"},"modified":"2026-01-22T15:40:03","modified_gmt":"2026-01-22T13:40:03","slug":"tutkinnot","status":"publish","type":"page","link":"https:\/\/www.kktavastia.fi\/ammattiopisto\/tutkinnot\/","title":{"rendered":"Tutkinnot ja koulutukset"},"content":{"rendered":"","protected":false},"excerpt":{"rendered":"","protected":false},"author":1,"featured_media":0,"parent":0,"menu_order":12,"comment_status":"closed","ping_status":"closed","template":"template-modular.php","meta":{"_acf_changed":false,"_relevanssi_hide_post":"","_relevanssi_hide_content":"","_relevanssi_pin_for_all":"","_relevanssi_pin_keywords":"","_relevanssi_unpin_keywords":"","_relevanssi_related_keywords":"","_relevanssi_related_include_ids":"0","_relevanssi_related_exclude_ids":"","_relevanssi_related_no_append":"","_relevanssi_related_not_related":"","_relevanssi_related_posts":"132,40171,134,516,142,39421","_relevanssi_noindex_reason":"","footnotes":""},"class_list":["post-11","page","type-page","status-publish","hentry"],"acf":[],"yoast_head":"<title>Tutkinnot ja koulutukset | Ammattiopisto Tavastia | Koulutustarjonta | Hae!<\/title>\n<meta name=\"description\" content=\"Tutkinnot ja koulutukset Ammattiopisto Tavastiassa. Katso kattava koulutustarjontamme t\u00e4\u00e4lt\u00e4 ja hae opiskelemaan.\" \/>\n<meta name=\"robots\" content=\"index, follow, max-snippet:-1, max-image-preview:large, max-video-preview:-1\" \/>\n<link rel=\"canonical\" href=\"https:\/\/www.kktavastia.fi\/ammattiopisto\/tutkinnot\/\" \/>\n<meta property=\"og:locale\" content=\"fi_FI\" \/>\n<meta property=\"og:type\" content=\"article\" \/>\n<meta property=\"og:title\" content=\"Tutkinnot ja koulutukset | Ammattiopisto Tavastia | Koulutustarjonta | Hae!\" \/>\n<meta property=\"og:description\" content=\"Tutkinnot ja koulutukset Ammattiopisto Tavastiassa. Katso kattava koulutustarjontamme t\u00e4\u00e4lt\u00e4 ja hae opiskelemaan.\" \/>\n<meta property=\"og:url\" content=\"https:\/\/www.kktavastia.fi\/ammattiopisto\/tutkinnot\/\" \/>\n<meta property=\"og:site_name\" content=\"Ammattiopisto Tavastia\" \/>\n<meta property=\"article:modified_time\" content=\"2026-01-22T13:40:03+00:00\" \/>\n<meta name=\"twitter:card\" content=\"summary_large_image\" \/>\n<script type=\"application\/ld+json\" class=\"yoast-schema-graph\">{\"@context\":\"https:\\\/\\\/schema.org\",\"@graph\":[{\"@type\":\"WebPage\",\"@id\":\"https:\\\/\\\/www.kktavastia.fi\\\/ammattiopisto\\\/tutkinnot\\\/\",\"url\":\"https:\\\/\\\/www.kktavastia.fi\\\/ammattiopisto\\\/tutkinnot\\\/\",\"name\":\"Tutkinnot ja koulutukset | Ammattiopisto Tavastia | Koulutustarjonta | Hae!\",\"isPartOf\":{\"@id\":\"https:\\\/\\\/www.kktavastia.fi\\\/ammattiopisto\\\/#website\"},\"datePublished\":\"2020-11-20T09:13:28+00:00\",\"dateModified\":\"2026-01-22T13:40:03+00:00\",\"description\":\"Tutkinnot ja koulutukset Ammattiopisto Tavastiassa. Katso kattava koulutustarjontamme t\u00e4\u00e4lt\u00e4 ja hae opiskelemaan.\",\"breadcrumb\":{\"@id\":\"https:\\\/\\\/www.kktavastia.fi\\\/ammattiopisto\\\/tutkinnot\\\/#breadcrumb\"},\"inLanguage\":\"fi\",\"potentialAction\":[{\"@type\":\"ReadAction\",\"target\":[\"https:\\\/\\\/www.kktavastia.fi\\\/ammattiopisto\\\/tutkinnot\\\/\"]}]},{\"@type\":\"BreadcrumbList\",\"@id\":\"https:\\\/\\\/www.kktavastia.fi\\\/ammattiopisto\\\/tutkinnot\\\/#breadcrumb\",\"itemListElement\":[{\"@type\":\"ListItem\",\"position\":1,\"name\":\"Home\",\"item\":\"https:\\\/\\\/www.kktavastia.fi\\\/ammattiopisto\\\/\"},{\"@type\":\"ListItem\",\"position\":2,\"name\":\"Tutkinnot ja koulutukset\"}]},{\"@type\":\"WebSite\",\"@id\":\"https:\\\/\\\/www.kktavastia.fi\\\/ammattiopisto\\\/#website\",\"url\":\"https:\\\/\\\/www.kktavastia.fi\\\/ammattiopisto\\\/\",\"name\":\"Ammattiopisto Tavastia\",\"description\":\"\",\"potentialAction\":[{\"@type\":\"SearchAction\",\"target\":{\"@type\":\"EntryPoint\",\"urlTemplate\":\"https:\\\/\\\/www.kktavastia.fi\\\/ammattiopisto\\\/?s={search_term_string}\"},\"query-input\":{\"@type\":\"PropertyValueSpecification\",\"valueRequired\":true,\"valueName\":\"search_term_string\"}}],\"inLanguage\":\"fi\"}]}<\/script>","yoast_head_json":{"title":"Tutkinnot ja koulutukset | Ammattiopisto Tavastia | Koulutustarjonta | Hae!","description":"Tutkinnot ja koulutukset Ammattiopisto Tavastiassa. Katso kattava koulutustarjontamme t\u00e4\u00e4lt\u00e4 ja hae opiskelemaan.","robots":{"index":"index","follow":"follow","max-snippet":"max-snippet:-1","max-image-preview":"max-image-preview:large","max-video-preview":"max-video-preview:-1"},"canonical":"https:\/\/www.kktavastia.fi\/ammattiopisto\/tutkinnot\/","og_locale":"fi_FI","og_type":"article","og_title":"Tutkinnot ja koulutukset | Ammattiopisto Tavastia | Koulutustarjonta | Hae!","og_description":"Tutkinnot ja koulutukset Ammattiopisto Tavastiassa. Katso kattava koulutustarjontamme t\u00e4\u00e4lt\u00e4 ja hae opiskelemaan.","og_url":"https:\/\/www.kktavastia.fi\/ammattiopisto\/tutkinnot\/","og_site_name":"Ammattiopisto Tavastia","article_modified_time":"2026-01-22T13:40:03+00:00","twitter_card":"summary_large_image","schema":{"@context":"https:\/\/schema.org","@graph":[{"@type":"WebPage","@id":"https:\/\/www.kktavastia.fi\/ammattiopisto\/tutkinnot\/","url":"https:\/\/www.kktavastia.fi\/ammattiopisto\/tutkinnot\/","name":"Tutkinnot ja koulutukset | Ammattiopisto Tavastia | Koulutustarjonta | Hae!","isPartOf":{"@id":"https:\/\/www.kktavastia.fi\/ammattiopisto\/#website"},"datePublished":"2020-11-20T09:13:28+00:00","dateModified":"2026-01-22T13:40:03+00:00","description":"Tutkinnot ja koulutukset Ammattiopisto Tavastiassa. Katso kattava koulutustarjontamme t\u00e4\u00e4lt\u00e4 ja hae opiskelemaan.","breadcrumb":{"@id":"https:\/\/www.kktavastia.fi\/ammattiopisto\/tutkinnot\/#breadcrumb"},"inLanguage":"fi","potentialAction":[{"@type":"ReadAction","target":["https:\/\/www.kktavastia.fi\/ammattiopisto\/tutkinnot\/"]}]},{"@type":"BreadcrumbList","@id":"https:\/\/www.kktavastia.fi\/ammattiopisto\/tutkinnot\/#breadcrumb","itemListElement":[{"@type":"ListItem","position":1,"name":"Home","item":"https:\/\/www.kktavastia.fi\/ammattiopisto\/"},{"@type":"ListItem","position":2,"name":"Tutkinnot ja koulutukset"}]},{"@type":"WebSite","@id":"https:\/\/www.kktavastia.fi\/ammattiopisto\/#website","url":"https:\/\/www.kktavastia.fi\/ammattiopisto\/","name":"Ammattiopisto Tavastia","description":"","potentialAction":[{"@type":"SearchAction","target":{"@type":"EntryPoint","urlTemplate":"https:\/\/www.kktavastia.fi\/ammattiopisto\/?s={search_term_string}"},"query-input":{"@type":"PropertyValueSpecification","valueRequired":true,"valueName":"search_term_string"}}],"inLanguage":"fi"}]}},"_links":{"self":[{"href":"https:\/\/www.kktavastia.fi\/ammattiopisto\/wp-json\/wp\/v2\/pages\/11","targetHints":{"allow":["GET"]}}],"collection":[{"href":"https:\/\/www.kktavastia.fi\/ammattiopisto\/wp-json\/wp\/v2\/pages"}],"about":[{"href":"https:\/\/www.kktavastia.fi\/ammattiopisto\/wp-json\/wp\/v2\/types\/page"}],"author":[{"embeddable":true,"href":"https:\/\/www.kktavastia.fi\/ammattiopisto\/wp-json\/wp\/v2\/users\/1"}],"replies":[{"embeddable":true,"href":"https:\/\/www.kktavastia.fi\/ammattiopisto\/wp-json\/wp\/v2\/comments?post=11"}],"version-history":[{"count":26,"href":"https:\/\/www.kktavastia.fi\/ammattiopisto\/wp-json\/wp\/v2\/pages\/11\/revisions"}],"predecessor-version":[{"id":141660,"href":"https:\/\/www.kktavastia.fi\/ammattiopisto\/wp-json\/wp\/v2\/pages\/11\/revisions\/141660"}],"wp:attachment":[{"href":"https:\/\/www.kktavastia.fi\/ammattiopisto\/wp-json\/wp\/v2\/media?parent=11"}],"curies":[{"name":"wp","href":"https:\/\/api.w.org\/{rel}","templated":true}]}}