{"id":105,"date":"2020-11-24T14:34:46","date_gmt":"2020-11-24T12:34:46","guid":{"rendered":"https:\/\/kktavastia.vaiheessa.fi\/ammattiopisto\/?page_id=105"},"modified":"2025-12-22T12:02:19","modified_gmt":"2025-12-22T10:02:19","slug":"tyoelamalle","status":"publish","type":"page","link":"https:\/\/www.kktavastia.fi\/ammattiopisto\/tyoelamalle\/","title":{"rendered":"Ty\u00f6el\u00e4m\u00e4lle"},"content":{"rendered":"\n<p class=\"is-style-ingress\">Ty\u00f6paikoilla j\u00e4rjestett\u00e4v\u00e4 koulutus eli TJK-jaksot ovat nyky\u00e4\u00e4n suuressa roolissa, kun opiskelijat suorittavat opintojaan. Oppiminen tapahtuu entist\u00e4 enemm\u00e4n ty\u00f6paikoilla, mik\u00e4 vaatii ty\u00f6nantajilta halua kehitty\u00e4 ja opettaa tulevaisuuden osaajia. Yhteisty\u00f6 ty\u00f6el\u00e4m\u00e4n toimijoiden kanssa eri muodoissaan onkin Ammattiopisto Tavastialle hyvin t\u00e4rke\u00e4\u00e4.<\/p>\n\n\n\n<section class=\"block block-cols block-image-upsells\">\n  <div class=\"container\">\n\n    <div class=\"cols\">\n            <div class=\"col\">\n        <a href=\"https:\/\/kktavastia.fi\/ammattiopisto\/tyoelamayhteistyo\/yhteistyo\/\" class=\"global-link\" aria-label=\"Tutustu ty\u00f6el\u00e4m\u00e4yhteisty\u00f6n muotoihin\"><\/a>\n\n        <div class=\"image\" aria-hidden=\"true\">\n              <div class=\"lazy\"\n      data-bg=\"https:\/\/www.kktavastia.fi\/media\/sites\/2\/koulutusopso_rajattu.png\"\n              style=\" background-position: 62.63% 24.48%;\"\n          >\n    <\/div>\n\n            <\/div>\n\n        <div class=\"content content-dark\">\n          <h3>Tutustu ty\u00f6el\u00e4m\u00e4yhteisty\u00f6n muotoihin<\/h3>\n        <\/div>\n      <\/div>\n            <div class=\"col\">\n        <a href=\"https:\/\/kktavastia.fi\/ammattiopisto\/tyoelamayhteistyo\/koulutussopimus-ja-oppisopimus\/\" class=\"global-link\" aria-label=\"Koulutussopimus ja oppisopimus\"><\/a>\n\n        <div class=\"image\" aria-hidden=\"true\">\n              <div class=\"lazy\"\n      data-bg=\"https:\/\/www.kktavastia.fi\/media\/sites\/2\/yhteistyoelama-e1718876209861.png\"\n              style=\" background-position: 49.69% 22.13%;\"\n          >\n    <\/div>\n\n            <\/div>\n\n        <div class=\"content content-dark\">\n          <h3>Koulutussopimus ja oppisopimus<\/h3>\n        <\/div>\n      <\/div>\n          <\/div>\n\n  <\/div>\n<\/section>\n\n\n\n<section class=\"block block-image-content-upsell right-image\">\n  <div class=\"container\">\n\n    <div class=\"cols\">\n      <div class=\"col col-content\">\n        <div class=\"content content-dark\">\n          <h3>Kouluttaudu ty\u00f6paikkaohjaajaksi<\/h3>\n          <p>Opiskelija tarvitsee ty\u00f6paikalla j\u00e4rjestett\u00e4v\u00e4\u00e4 koulutusta varten innokkaan ja motivoituneen ty\u00f6paikkaohjaajan. Haluaisitko siirt\u00e4\u00e4 osaamistasi eteenp\u00e4in?<\/p>\n                      <a href=\"https:\/\/kktavastia.fi\/ammattiopisto\/tyoelamayhteistyo\/tyopaikkaohjaajakoulutus\/\" class=\"button button-light\">Tutustu ty\u00f6paikkaohjaajakoulutukseen<svg xmlns=\"http:\/\/www.w3.org\/2000\/svg\" width=\"23\" height=\"8\" viewBox=\"0 0 23 8\"><path d=\"M1 3.818h21.23m0 0L19.153.764m3.077 3.054l-3.077 3.055\" stroke=\"currentColor\" stroke-width=\"1.5\" fill=\"none\" fill-rule=\"evenodd\" stroke-linecap=\"round\" stroke-linejoin=\"round\"\/><\/svg>\n<\/a>\n                  <\/div>\n      <\/div>\n\n      <div class=\"col col-image\">\n            <div class=\"lazy\"\n      data-bg=\"https:\/\/www.kktavastia.fi\/media\/sites\/2\/20161004-04-03-004-001_pien.jpg\"\n          >\n    <\/div>\n\n          <\/div>\n    <\/div>\n\n  <\/div>\n<\/section>\n\n\n\n<section class=\"block block-image-content-upsell right-image\">\n  <div class=\"container\">\n\n    <div class=\"cols\">\n      <div class=\"col col-content\">\n        <div class=\"content content-dark\">\n          <h3>TAVASTIArekry<\/h3>\n          <p>TAVASTIArekry eli Tiitus-palvelu on opiskelijoiden ja ty\u00f6el\u00e4m\u00e4n kohtaamispaikka. Opiskelija ja ty\u00f6nantaja luovat itselleen profiilit ja etsiv\u00e4t tarpeisiinsa sopivaa ty\u00f6paikkaa tai ty\u00f6voimaa. Rekister\u00f6idy ja tutustu helposti!<\/p>\n                      <a href=\"https:\/\/www.tiitus.fi\/tavastia\" class=\"button button-light\">TAVASTIArekryyn<svg xmlns=\"http:\/\/www.w3.org\/2000\/svg\" width=\"23\" height=\"8\" viewBox=\"0 0 23 8\"><path d=\"M1 3.818h21.23m0 0L19.153.764m3.077 3.054l-3.077 3.055\" stroke=\"currentColor\" stroke-width=\"1.5\" fill=\"none\" fill-rule=\"evenodd\" stroke-linecap=\"round\" stroke-linejoin=\"round\"\/><\/svg>\n<\/a>\n                  <\/div>\n      <\/div>\n\n      <div class=\"col col-image\">\n            <div class=\"lazy\"\n      data-bg=\"https:\/\/www.kktavastia.fi\/media\/sites\/2\/kktavastia2019-18pieni.jpg\"\n          >\n    <\/div>\n\n          <\/div>\n    <\/div>\n\n  <\/div>\n<\/section>\n\n\n\n<p><\/p>\n","protected":false},"excerpt":{"rendered":"<p>Ty\u00f6paikoilla j\u00e4rjestett\u00e4v\u00e4 koulutus eli TJK-jaksot ovat nyky\u00e4\u00e4n suuressa roolissa, kun opiskelijat suorittavat opintojaan. Oppiminen tapahtuu entist\u00e4 enemm\u00e4n ty\u00f6paikoilla, mik\u00e4 vaatii [&hellip;]<\/p>\n","protected":false},"author":6,"featured_media":0,"parent":0,"menu_order":13,"comment_status":"closed","ping_status":"closed","template":"template-modular.php","meta":{"_acf_changed":false,"_relevanssi_hide_post":"","_relevanssi_hide_content":"","_relevanssi_pin_for_all":"","_relevanssi_pin_keywords":"","_relevanssi_unpin_keywords":"","_relevanssi_related_keywords":"","_relevanssi_related_include_ids":"0","_relevanssi_related_exclude_ids":"","_relevanssi_related_no_append":"","_relevanssi_related_not_related":"","_relevanssi_related_posts":"496,40079,936,2,1111,134","_relevanssi_noindex_reason":"","footnotes":""},"class_list":["post-105","page","type-page","status-publish","hentry"],"acf":[],"yoast_head":"<title>Ty\u00f6el\u00e4m\u00e4yhteisty\u00f6 | Ammattiopisto Tavastia | Yhteisty\u00f6 ty\u00f6el\u00e4m\u00e4n kanssa<\/title>\n<meta name=\"description\" content=\"Ty\u00f6el\u00e4m\u00e4yhteisty\u00f6 on Ammattiopisto Tavastialle eritt\u00e4in t\u00e4rke\u00e4\u00e4. Yhteisty\u00f6t\u00e4 ty\u00f6el\u00e4m\u00e4n kanssa tarvitaan opiskelijoiden kouluttamiseen.\" \/>\n<meta name=\"robots\" content=\"index, follow, max-snippet:-1, max-image-preview:large, max-video-preview:-1\" \/>\n<link rel=\"canonical\" href=\"https:\/\/www.kktavastia.fi\/ammattiopisto\/tyoelamalle\/\" \/>\n<meta property=\"og:locale\" content=\"fi_FI\" \/>\n<meta property=\"og:type\" content=\"article\" \/>\n<meta property=\"og:title\" content=\"Ty\u00f6el\u00e4m\u00e4yhteisty\u00f6 | Ammattiopisto Tavastia | Yhteisty\u00f6 ty\u00f6el\u00e4m\u00e4n kanssa\" \/>\n<meta property=\"og:description\" content=\"Ty\u00f6el\u00e4m\u00e4yhteisty\u00f6 on Ammattiopisto Tavastialle eritt\u00e4in t\u00e4rke\u00e4\u00e4. Yhteisty\u00f6t\u00e4 ty\u00f6el\u00e4m\u00e4n kanssa tarvitaan opiskelijoiden kouluttamiseen.\" \/>\n<meta property=\"og:url\" content=\"https:\/\/www.kktavastia.fi\/ammattiopisto\/tyoelamalle\/\" \/>\n<meta property=\"og:site_name\" content=\"Ammattiopisto Tavastia\" \/>\n<meta property=\"article:modified_time\" content=\"2025-12-22T10:02:19+00:00\" \/>\n<meta name=\"twitter:card\" content=\"summary_large_image\" \/>\n<script type=\"application\/ld+json\" class=\"yoast-schema-graph\">{\"@context\":\"https:\\\/\\\/schema.org\",\"@graph\":[{\"@type\":\"WebPage\",\"@id\":\"https:\\\/\\\/www.kktavastia.fi\\\/ammattiopisto\\\/tyoelamalle\\\/\",\"url\":\"https:\\\/\\\/www.kktavastia.fi\\\/ammattiopisto\\\/tyoelamalle\\\/\",\"name\":\"Ty\u00f6el\u00e4m\u00e4yhteisty\u00f6 | Ammattiopisto Tavastia | Yhteisty\u00f6 ty\u00f6el\u00e4m\u00e4n kanssa\",\"isPartOf\":{\"@id\":\"https:\\\/\\\/www.kktavastia.fi\\\/ammattiopisto\\\/#website\"},\"datePublished\":\"2020-11-24T12:34:46+00:00\",\"dateModified\":\"2025-12-22T10:02:19+00:00\",\"description\":\"Ty\u00f6el\u00e4m\u00e4yhteisty\u00f6 on Ammattiopisto Tavastialle eritt\u00e4in t\u00e4rke\u00e4\u00e4. Yhteisty\u00f6t\u00e4 ty\u00f6el\u00e4m\u00e4n kanssa tarvitaan opiskelijoiden kouluttamiseen.\",\"breadcrumb\":{\"@id\":\"https:\\\/\\\/www.kktavastia.fi\\\/ammattiopisto\\\/tyoelamalle\\\/#breadcrumb\"},\"inLanguage\":\"fi\",\"potentialAction\":[{\"@type\":\"ReadAction\",\"target\":[\"https:\\\/\\\/www.kktavastia.fi\\\/ammattiopisto\\\/tyoelamalle\\\/\"]}]},{\"@type\":\"BreadcrumbList\",\"@id\":\"https:\\\/\\\/www.kktavastia.fi\\\/ammattiopisto\\\/tyoelamalle\\\/#breadcrumb\",\"itemListElement\":[{\"@type\":\"ListItem\",\"position\":1,\"name\":\"Home\",\"item\":\"https:\\\/\\\/www.kktavastia.fi\\\/ammattiopisto\\\/\"},{\"@type\":\"ListItem\",\"position\":2,\"name\":\"Ty\u00f6el\u00e4m\u00e4lle\"}]},{\"@type\":\"WebSite\",\"@id\":\"https:\\\/\\\/www.kktavastia.fi\\\/ammattiopisto\\\/#website\",\"url\":\"https:\\\/\\\/www.kktavastia.fi\\\/ammattiopisto\\\/\",\"name\":\"Ammattiopisto Tavastia\",\"description\":\"\",\"potentialAction\":[{\"@type\":\"SearchAction\",\"target\":{\"@type\":\"EntryPoint\",\"urlTemplate\":\"https:\\\/\\\/www.kktavastia.fi\\\/ammattiopisto\\\/?s={search_term_string}\"},\"query-input\":{\"@type\":\"PropertyValueSpecification\",\"valueRequired\":true,\"valueName\":\"search_term_string\"}}],\"inLanguage\":\"fi\"}]}<\/script>","yoast_head_json":{"title":"Ty\u00f6el\u00e4m\u00e4yhteisty\u00f6 | Ammattiopisto Tavastia | Yhteisty\u00f6 ty\u00f6el\u00e4m\u00e4n kanssa","description":"Ty\u00f6el\u00e4m\u00e4yhteisty\u00f6 on Ammattiopisto Tavastialle eritt\u00e4in t\u00e4rke\u00e4\u00e4. Yhteisty\u00f6t\u00e4 ty\u00f6el\u00e4m\u00e4n kanssa tarvitaan opiskelijoiden kouluttamiseen.","robots":{"index":"index","follow":"follow","max-snippet":"max-snippet:-1","max-image-preview":"max-image-preview:large","max-video-preview":"max-video-preview:-1"},"canonical":"https:\/\/www.kktavastia.fi\/ammattiopisto\/tyoelamalle\/","og_locale":"fi_FI","og_type":"article","og_title":"Ty\u00f6el\u00e4m\u00e4yhteisty\u00f6 | Ammattiopisto Tavastia | Yhteisty\u00f6 ty\u00f6el\u00e4m\u00e4n kanssa","og_description":"Ty\u00f6el\u00e4m\u00e4yhteisty\u00f6 on Ammattiopisto Tavastialle eritt\u00e4in t\u00e4rke\u00e4\u00e4. Yhteisty\u00f6t\u00e4 ty\u00f6el\u00e4m\u00e4n kanssa tarvitaan opiskelijoiden kouluttamiseen.","og_url":"https:\/\/www.kktavastia.fi\/ammattiopisto\/tyoelamalle\/","og_site_name":"Ammattiopisto Tavastia","article_modified_time":"2025-12-22T10:02:19+00:00","twitter_card":"summary_large_image","schema":{"@context":"https:\/\/schema.org","@graph":[{"@type":"WebPage","@id":"https:\/\/www.kktavastia.fi\/ammattiopisto\/tyoelamalle\/","url":"https:\/\/www.kktavastia.fi\/ammattiopisto\/tyoelamalle\/","name":"Ty\u00f6el\u00e4m\u00e4yhteisty\u00f6 | Ammattiopisto Tavastia | Yhteisty\u00f6 ty\u00f6el\u00e4m\u00e4n kanssa","isPartOf":{"@id":"https:\/\/www.kktavastia.fi\/ammattiopisto\/#website"},"datePublished":"2020-11-24T12:34:46+00:00","dateModified":"2025-12-22T10:02:19+00:00","description":"Ty\u00f6el\u00e4m\u00e4yhteisty\u00f6 on Ammattiopisto Tavastialle eritt\u00e4in t\u00e4rke\u00e4\u00e4. Yhteisty\u00f6t\u00e4 ty\u00f6el\u00e4m\u00e4n kanssa tarvitaan opiskelijoiden kouluttamiseen.","breadcrumb":{"@id":"https:\/\/www.kktavastia.fi\/ammattiopisto\/tyoelamalle\/#breadcrumb"},"inLanguage":"fi","potentialAction":[{"@type":"ReadAction","target":["https:\/\/www.kktavastia.fi\/ammattiopisto\/tyoelamalle\/"]}]},{"@type":"BreadcrumbList","@id":"https:\/\/www.kktavastia.fi\/ammattiopisto\/tyoelamalle\/#breadcrumb","itemListElement":[{"@type":"ListItem","position":1,"name":"Home","item":"https:\/\/www.kktavastia.fi\/ammattiopisto\/"},{"@type":"ListItem","position":2,"name":"Ty\u00f6el\u00e4m\u00e4lle"}]},{"@type":"WebSite","@id":"https:\/\/www.kktavastia.fi\/ammattiopisto\/#website","url":"https:\/\/www.kktavastia.fi\/ammattiopisto\/","name":"Ammattiopisto Tavastia","description":"","potentialAction":[{"@type":"SearchAction","target":{"@type":"EntryPoint","urlTemplate":"https:\/\/www.kktavastia.fi\/ammattiopisto\/?s={search_term_string}"},"query-input":{"@type":"PropertyValueSpecification","valueRequired":true,"valueName":"search_term_string"}}],"inLanguage":"fi"}]}},"_links":{"self":[{"href":"https:\/\/www.kktavastia.fi\/ammattiopisto\/wp-json\/wp\/v2\/pages\/105","targetHints":{"allow":["GET"]}}],"collection":[{"href":"https:\/\/www.kktavastia.fi\/ammattiopisto\/wp-json\/wp\/v2\/pages"}],"about":[{"href":"https:\/\/www.kktavastia.fi\/ammattiopisto\/wp-json\/wp\/v2\/types\/page"}],"author":[{"embeddable":true,"href":"https:\/\/www.kktavastia.fi\/ammattiopisto\/wp-json\/wp\/v2\/users\/6"}],"replies":[{"embeddable":true,"href":"https:\/\/www.kktavastia.fi\/ammattiopisto\/wp-json\/wp\/v2\/comments?post=105"}],"version-history":[{"count":25,"href":"https:\/\/www.kktavastia.fi\/ammattiopisto\/wp-json\/wp\/v2\/pages\/105\/revisions"}],"predecessor-version":[{"id":135993,"href":"https:\/\/www.kktavastia.fi\/ammattiopisto\/wp-json\/wp\/v2\/pages\/105\/revisions\/135993"}],"wp:attachment":[{"href":"https:\/\/www.kktavastia.fi\/ammattiopisto\/wp-json\/wp\/v2\/media?parent=105"}],"curies":[{"name":"wp","href":"https:\/\/api.w.org\/{rel}","templated":true}]}}