{"id":1029,"date":"2021-01-07T12:37:04","date_gmt":"2021-01-07T10:37:04","guid":{"rendered":"https:\/\/kktavastia.vaiheessa.fi\/ammattiopisto\/?page_id=1029"},"modified":"2025-06-18T11:09:15","modified_gmt":"2025-06-18T08:09:15","slug":"taloudellinen-tuki","status":"publish","type":"page","link":"https:\/\/www.kktavastia.fi\/ammattiopisto\/opiskelijalle\/taloudellinen-tuki\/","title":{"rendered":"Taloudellinen tuki"},"content":{"rendered":"\n<p class=\"is-style-ingress\">Opintojen aikana on mahdollista saada taloudellista tukea. Tutustu vaihtoehtoihin!<\/p>\n\n\n\n<h3 class=\"wp-block-heading\">Opintotuki<\/h3>\n\n\n\n<p>Opintotuki koostuu opintorahasta, opintolainasta ja opintotuen asumislis\u00e4st\u00e4. Tutustu opiskelijan tukiin <a href=\"https:\/\/www.kela.fi\/opiskelijat\" target=\"_blank\" rel=\"noreferrer noopener\">Kelan sivuilla<\/a>. Opintorahaa voi saada aikaisintaan 17 vuotta t\u00e4ytetty\u00e4\u00e4n. <\/p>\n\n\n\n<p>Opintorahan m\u00e4\u00e4r\u00e4\u00e4n vaikuttaa mm. ik\u00e4si, asutko itsen\u00e4isesti, oletko avioliitossa tai onko sinulla lapsia. Voit selvitt\u00e4\u00e4 etuk\u00e4teen opintotuen m\u00e4\u00e4r\u00e4n <a href=\"https:\/\/laskurit.kela.fi\/opintotuen-laskuri\">Kelan laskurin<\/a> avulla.<\/p>\n\n\n\n<p>Opintotukihakemuksen voit t\u00e4ytt\u00e4\u00e4 verkossa Kelan sivuilla, jos sinulla on verkkopankkitunnukset tai mobiilivarmenne. Hakemuksia saat my\u00f6s netist\u00e4 <a href=\"https:\/\/www.kela.fi\/lomakkeet\" target=\"_blank\" rel=\"noreferrer noopener\">Kelan sivuilta<\/a>. Opintotukihakemuksen voit palauttaa my\u00f6s opintotoimistoon. Kela ei p\u00e4\u00e4s\u00e4\u00e4nt\u00f6isesti en\u00e4\u00e4 pyyd\u00e4 liitteeksi todistusta opiskelupaikasta.<\/p>\n\n\n\n<p>Opiskelijan ensisijainen asumisen tukimuoto on opintotuen asumislis\u00e4. Voit saada asumislis\u00e4\u00e4, jos asut vuokralla tai asumisoikeusasunnossa ja sinulla on oikeus opintotukeen. Asumislis\u00e4n m\u00e4\u00e4r\u00e4 riippuu siit\u00e4, miss\u00e4 kunnassa asut ja kuinka suuret asumismenosi ovat. Katso lis\u00e4tietoja Kelan nettisivuilta.<\/p>\n\n\n\n<p>Jos k\u00e4yt t\u00f6iss\u00e4 opiskelun ohella, sinun on hyv\u00e4 tarkkailla tulojen kertym\u00e4\u00e4 erityisen tarkasti, jotta et joudu my\u00f6hemmin maksamaan tukia takaisin korkoineen. Lis\u00e4tietoja omien tulojen vaikutuksesta ja menettelytavoista saat Kelan verkkosivuilta.<\/p>\n\n\n\n<p>Opintotuki on tarkoitettu p\u00e4\u00e4toimista opiskelua varten. Opintotukesi voidaan katkaista tai jopa peri\u00e4 takaisin jo maksettuja tukia, mik\u00e4li Kela ei hyv\u00e4ksy selvityst\u00e4si tai et toimita sit\u00e4 lainkaan. Jos opintojesi etenemisess\u00e4 on ongelmia, k\u00e4y ajoissa keskustelemassa tilanteesta esimerkiksi kuraattorin kanssa.<\/p>\n\n\n\n<h3 class=\"wp-block-heading\">Koulumatkatuki<\/h3>\n\n\n\n<p><a href=\"https:\/\/www.kela.fi\/koulumatkatuki\" target=\"_blank\" rel=\"noreferrer noopener\">Koulumatkatuki <\/a>on tarkoitettu perus- tai ammattitutkintoa opiskeleville, TUVA-opiskelijoille ja aikuisten maahanmuuttajien perusopetuksen opiskelijoille. Et voi saada koulumatkatukea, jos suoritat erikoisammattitutkintoa tai jos saat p\u00e4ivitt\u00e4isiin koulumatkoihisi muuta tukea (esim. ty\u00f6tt\u00f6myysetuuden kulukorvausta).<\/p>\n\n\n\n<p>Oppivelvollisuuslain mukaiseen maksuttomaan koulutukseen oikeutetut opiskelijat, joiden yhdensuuntaisen koulumatkan pituus opiskelijan asunnolta oppilaitokseen on v\u00e4hint\u00e4\u00e4n 7 kilometri\u00e4 voivat hakea koulumatkatukea. Opiskelijalla ei ole omaa maksuosuutta.<\/p>\n\n\n\n<p>Opiskelija saa t\u00e4ysim\u00e4\u00e4r\u00e4isen tuen, jos h\u00e4nell\u00e4 on v\u00e4hint\u00e4\u00e4n 15 matkap\u00e4iv\u00e4\u00e4 kuukaudessa ja puolet t\u00e4ysim\u00e4\u00e4r\u00e4isest\u00e4 tuesta, jos h\u00e4nell\u00e4 on 10\u201314 matkap\u00e4iv\u00e4\u00e4 kuukaudessa. Matkustusp\u00e4iv\u00e4t katsotaan kalenterikuukausikohtaisesti. Kalenterikuukaudessa lasketaan ainoastaan kalenterikuukauden koulumatkatukeen oikeuttavat p\u00e4iv\u00e4t. Ei erotella erikseen pyh\u00e4p\u00e4ivi\u00e4 tai viikonlopun p\u00e4ivi\u00e4, ne lasketaan tukiaikaan, jos opiskelija kulkee koulumatkansa silloin. P\u00e4ivien sijoittumista kuukauden sis\u00e4ll\u00e4 ei ole rajoitettu tai m\u00e4\u00e4ritelty.<\/p>\n\n\n\n<p>Muista, ett\u00e4 my\u00f6s ty\u00f6paikalla j\u00e4rjestett\u00e4v\u00e4n koulutuksen aikana matkoihin voi saada tukea samoilla ehdoilla.<\/p>\n\n\n\n<p>Koulumatkatukea haetaan verkkohakemuksella <a href=\"https:\/\/www.kela.fi\/omakela\" target=\"_blank\" rel=\"noreferrer noopener\">OmaKelassa<\/a>. Jotta voit kirjautua OmaKelaan ja hakea tukea, tarvitset omat verkkopankkitunnukset tai mobiilivarmenteen.<\/p>\n\n\n\n<h4 class=\"wp-block-heading\">Waltti-kortti<\/h4>\n\n\n\n<p>Kun olet&nbsp;hakenut koulumatkatukea Kelasta ja saanut osto-oikeuden, saat haettua koulumatkatuetun Waltti-kortin H\u00e4meenlinnan palvelupiste Kastellista (Wetterhoffinkatu 2, H\u00e4meenlinna).&nbsp;Kortti tulee hakea henkil\u00f6kohtaisesti. Waltti-kortti maksaa 5 \u20ac (koulumatkatuki ei kata korttimaksua). Helpoiten Waltti-kortin lataaminen jatkossa onnistuu <a href=\"https:\/\/kauppa.waltti.fi\/fi\/\" target=\"_blank\" rel=\"noreferrer noopener\">Waltti-kaupasta<\/a>. K\u00e4ytt\u00e4j\u00e4tilin luominen vaatii vahvaa tunnistautumista verkkopankkitunnuksilla tai mobiilivarmenteella.<\/p>\n\n\n\n<p>Voit saada tukea my\u00f6s muihin matkustustapoihin, joista tarkemmat tiedot <a href=\"https:\/\/www.kela.fi\/opiskelijat\" target=\"_blank\" rel=\"noreferrer noopener\">Kelan<\/a> sivuilta.<\/p>\n\n\n\n<h3 class=\"wp-block-heading\">Opiskelu ty\u00f6tt\u00f6myysetuudella tuettuna<\/h3>\n\n\n\n<p>Omaehtoisia opintoja voi tietyin edellytyksin opiskella menett\u00e4m\u00e4tt\u00e4 ty\u00f6tt\u00f6myysetuutta. Ty\u00f6tt\u00f6myysetuudella tuetaan vain p\u00e4\u00e4toimista opiskelua ty\u00f6voimapalveluiden harkinnan mukaan. P\u00e4\u00e4toimisena pidet\u00e4\u00e4n opintoja, joiden laajuus on keskim\u00e4\u00e4rin 4,5 osaamispistett\u00e4 opiskelukuukautta kohden tai 25 tuntia viikossa. Ty\u00f6tt\u00f6myysetuutta saadaksesi sinun tulee olla v\u00e4hint\u00e4\u00e4n 25-vuotias. Jos olet ty\u00f6t\u00f6n, ole yhteydess\u00e4 omaan TE-palveluiden asiantuntijaan ennen opintojen alkua. Tarkemmat ehdot ja tiedot ty\u00f6tt\u00f6myysetuudella opiskelusta l\u00f6yd\u00e4t <a href=\"https:\/\/tyomarkkinatori.fi\/henkiloasiakkaat\/tietoa-tyoelamasta\/koulutus\/eri-tavat-opiskella\/opiskelu-tyottomana\">Ty\u00f6markkinatorilta<\/a>.<\/p>\n","protected":false},"excerpt":{"rendered":"<p>Opintojen aikana on mahdollista saada taloudellista tukea. Tutustu vaihtoehtoihin! Opintotuki Opintotuki koostuu opintorahasta, opintolainasta ja opintotuen asumislis\u00e4st\u00e4. Tutustu opiskelijan tukiin [&hellip;]<\/p>\n","protected":false},"author":6,"featured_media":0,"parent":39205,"menu_order":4,"comment_status":"closed","ping_status":"closed","template":"","meta":{"_acf_changed":false,"_relevanssi_hide_post":"","_relevanssi_hide_content":"","_relevanssi_pin_for_all":"","_relevanssi_pin_keywords":"","_relevanssi_unpin_keywords":"","_relevanssi_related_keywords":"","_relevanssi_related_include_ids":"","_relevanssi_related_exclude_ids":"","_relevanssi_related_no_append":"","_relevanssi_related_not_related":"","_relevanssi_related_posts":"1115,142,134,1111,1356,2","_relevanssi_noindex_reason":"","footnotes":""},"class_list":["post-1029","page","type-page","status-publish","hentry"],"acf":[],"yoast_head":"<title>Taloudellinen tuki - Ammattiopisto Tavastia<\/title>\n<meta name=\"robots\" content=\"index, follow, max-snippet:-1, max-image-preview:large, max-video-preview:-1\" \/>\n<link rel=\"canonical\" href=\"https:\/\/www.kktavastia.fi\/ammattiopisto\/opiskelijalle\/taloudellinen-tuki\/\" \/>\n<meta property=\"og:locale\" content=\"fi_FI\" \/>\n<meta property=\"og:type\" content=\"article\" \/>\n<meta property=\"og:title\" content=\"Taloudellinen tuki - Ammattiopisto Tavastia\" \/>\n<meta property=\"og:description\" content=\"Opintojen aikana on mahdollista saada taloudellista tukea. Tutustu vaihtoehtoihin! Opintotuki Opintotuki koostuu opintorahasta, opintolainasta ja opintotuen asumislis\u00e4st\u00e4. Tutustu opiskelijan tukiin [&hellip;]\" \/>\n<meta property=\"og:url\" content=\"https:\/\/www.kktavastia.fi\/ammattiopisto\/opiskelijalle\/taloudellinen-tuki\/\" \/>\n<meta property=\"og:site_name\" content=\"Ammattiopisto Tavastia\" \/>\n<meta property=\"article:modified_time\" content=\"2025-06-18T08:09:15+00:00\" \/>\n<meta name=\"twitter:card\" content=\"summary_large_image\" \/>\n<script type=\"application\/ld+json\" class=\"yoast-schema-graph\">{\"@context\":\"https:\\\/\\\/schema.org\",\"@graph\":[{\"@type\":\"WebPage\",\"@id\":\"https:\\\/\\\/www.kktavastia.fi\\\/ammattiopisto\\\/opiskelijalle\\\/taloudellinen-tuki\\\/\",\"url\":\"https:\\\/\\\/www.kktavastia.fi\\\/ammattiopisto\\\/opiskelijalle\\\/taloudellinen-tuki\\\/\",\"name\":\"Taloudellinen tuki - Ammattiopisto Tavastia\",\"isPartOf\":{\"@id\":\"https:\\\/\\\/www.kktavastia.fi\\\/ammattiopisto\\\/#website\"},\"datePublished\":\"2021-01-07T10:37:04+00:00\",\"dateModified\":\"2025-06-18T08:09:15+00:00\",\"breadcrumb\":{\"@id\":\"https:\\\/\\\/www.kktavastia.fi\\\/ammattiopisto\\\/opiskelijalle\\\/taloudellinen-tuki\\\/#breadcrumb\"},\"inLanguage\":\"fi\",\"potentialAction\":[{\"@type\":\"ReadAction\",\"target\":[\"https:\\\/\\\/www.kktavastia.fi\\\/ammattiopisto\\\/opiskelijalle\\\/taloudellinen-tuki\\\/\"]}]},{\"@type\":\"BreadcrumbList\",\"@id\":\"https:\\\/\\\/www.kktavastia.fi\\\/ammattiopisto\\\/opiskelijalle\\\/taloudellinen-tuki\\\/#breadcrumb\",\"itemListElement\":[{\"@type\":\"ListItem\",\"position\":1,\"name\":\"Home\",\"item\":\"https:\\\/\\\/www.kktavastia.fi\\\/ammattiopisto\\\/\"},{\"@type\":\"ListItem\",\"position\":2,\"name\":\"Opiskelijalle\",\"item\":\"https:\\\/\\\/www.kktavastia.fi\\\/ammattiopisto\\\/opiskelijalle\\\/\"},{\"@type\":\"ListItem\",\"position\":3,\"name\":\"Taloudellinen tuki\"}]},{\"@type\":\"WebSite\",\"@id\":\"https:\\\/\\\/www.kktavastia.fi\\\/ammattiopisto\\\/#website\",\"url\":\"https:\\\/\\\/www.kktavastia.fi\\\/ammattiopisto\\\/\",\"name\":\"Ammattiopisto Tavastia\",\"description\":\"\",\"potentialAction\":[{\"@type\":\"SearchAction\",\"target\":{\"@type\":\"EntryPoint\",\"urlTemplate\":\"https:\\\/\\\/www.kktavastia.fi\\\/ammattiopisto\\\/?s={search_term_string}\"},\"query-input\":{\"@type\":\"PropertyValueSpecification\",\"valueRequired\":true,\"valueName\":\"search_term_string\"}}],\"inLanguage\":\"fi\"}]}<\/script>","yoast_head_json":{"title":"Taloudellinen tuki - Ammattiopisto Tavastia","robots":{"index":"index","follow":"follow","max-snippet":"max-snippet:-1","max-image-preview":"max-image-preview:large","max-video-preview":"max-video-preview:-1"},"canonical":"https:\/\/www.kktavastia.fi\/ammattiopisto\/opiskelijalle\/taloudellinen-tuki\/","og_locale":"fi_FI","og_type":"article","og_title":"Taloudellinen tuki - Ammattiopisto Tavastia","og_description":"Opintojen aikana on mahdollista saada taloudellista tukea. Tutustu vaihtoehtoihin! Opintotuki Opintotuki koostuu opintorahasta, opintolainasta ja opintotuen asumislis\u00e4st\u00e4. Tutustu opiskelijan tukiin [&hellip;]","og_url":"https:\/\/www.kktavastia.fi\/ammattiopisto\/opiskelijalle\/taloudellinen-tuki\/","og_site_name":"Ammattiopisto Tavastia","article_modified_time":"2025-06-18T08:09:15+00:00","twitter_card":"summary_large_image","schema":{"@context":"https:\/\/schema.org","@graph":[{"@type":"WebPage","@id":"https:\/\/www.kktavastia.fi\/ammattiopisto\/opiskelijalle\/taloudellinen-tuki\/","url":"https:\/\/www.kktavastia.fi\/ammattiopisto\/opiskelijalle\/taloudellinen-tuki\/","name":"Taloudellinen tuki - Ammattiopisto Tavastia","isPartOf":{"@id":"https:\/\/www.kktavastia.fi\/ammattiopisto\/#website"},"datePublished":"2021-01-07T10:37:04+00:00","dateModified":"2025-06-18T08:09:15+00:00","breadcrumb":{"@id":"https:\/\/www.kktavastia.fi\/ammattiopisto\/opiskelijalle\/taloudellinen-tuki\/#breadcrumb"},"inLanguage":"fi","potentialAction":[{"@type":"ReadAction","target":["https:\/\/www.kktavastia.fi\/ammattiopisto\/opiskelijalle\/taloudellinen-tuki\/"]}]},{"@type":"BreadcrumbList","@id":"https:\/\/www.kktavastia.fi\/ammattiopisto\/opiskelijalle\/taloudellinen-tuki\/#breadcrumb","itemListElement":[{"@type":"ListItem","position":1,"name":"Home","item":"https:\/\/www.kktavastia.fi\/ammattiopisto\/"},{"@type":"ListItem","position":2,"name":"Opiskelijalle","item":"https:\/\/www.kktavastia.fi\/ammattiopisto\/opiskelijalle\/"},{"@type":"ListItem","position":3,"name":"Taloudellinen tuki"}]},{"@type":"WebSite","@id":"https:\/\/www.kktavastia.fi\/ammattiopisto\/#website","url":"https:\/\/www.kktavastia.fi\/ammattiopisto\/","name":"Ammattiopisto Tavastia","description":"","potentialAction":[{"@type":"SearchAction","target":{"@type":"EntryPoint","urlTemplate":"https:\/\/www.kktavastia.fi\/ammattiopisto\/?s={search_term_string}"},"query-input":{"@type":"PropertyValueSpecification","valueRequired":true,"valueName":"search_term_string"}}],"inLanguage":"fi"}]}},"_links":{"self":[{"href":"https:\/\/www.kktavastia.fi\/ammattiopisto\/wp-json\/wp\/v2\/pages\/1029","targetHints":{"allow":["GET"]}}],"collection":[{"href":"https:\/\/www.kktavastia.fi\/ammattiopisto\/wp-json\/wp\/v2\/pages"}],"about":[{"href":"https:\/\/www.kktavastia.fi\/ammattiopisto\/wp-json\/wp\/v2\/types\/page"}],"author":[{"embeddable":true,"href":"https:\/\/www.kktavastia.fi\/ammattiopisto\/wp-json\/wp\/v2\/users\/6"}],"replies":[{"embeddable":true,"href":"https:\/\/www.kktavastia.fi\/ammattiopisto\/wp-json\/wp\/v2\/comments?post=1029"}],"version-history":[{"count":17,"href":"https:\/\/www.kktavastia.fi\/ammattiopisto\/wp-json\/wp\/v2\/pages\/1029\/revisions"}],"predecessor-version":[{"id":103179,"href":"https:\/\/www.kktavastia.fi\/ammattiopisto\/wp-json\/wp\/v2\/pages\/1029\/revisions\/103179"}],"up":[{"embeddable":true,"href":"https:\/\/www.kktavastia.fi\/ammattiopisto\/wp-json\/wp\/v2\/pages\/39205"}],"wp:attachment":[{"href":"https:\/\/www.kktavastia.fi\/ammattiopisto\/wp-json\/wp\/v2\/media?parent=1029"}],"curies":[{"name":"wp","href":"https:\/\/api.w.org\/{rel}","templated":true}]}}