{"id":1026,"date":"2021-01-07T12:35:21","date_gmt":"2021-01-07T10:35:21","guid":{"rendered":"https:\/\/kktavastia.vaiheessa.fi\/ammattiopisto\/?page_id=1026"},"modified":"2026-03-18T14:13:02","modified_gmt":"2026-03-18T12:13:02","slug":"koulutuskokeilut-ja-tutustumiset","status":"publish","type":"page","link":"https:\/\/www.kktavastia.fi\/ammattiopisto\/hakijalle\/koulutuskokeilut-ja-tutustumiset\/","title":{"rendered":"Koulutuskokeilut ja tutustumiset"},"content":{"rendered":"\n<p class=\"is-style-ingress\">Koulutuskokeilu on tarkoitettu sinulle, jos tarvitset enemm\u00e4n tukea opiskelualan valintaan.<\/p>\n\n\n\n<p>Koulutuskokeilussa tutustut tietyn koulutusalan sis\u00e4lt\u00f6\u00f6n, opiskeluun, oppilaitokseen ja ammatin vaatimuksiin. Kokeilun tarkoituksena on kartoittaa soveltuvuuttasi ja motivaatiotasi alalle sek\u00e4 opiskeluedellytyksi\u00e4si ja mahdollisia tuen tarpeitasi. Sinulla voi olla taustalla esimerkiksi sairaus tai vamma tai muu erityisen tuen tarve. Sinulla on my\u00f6s mahdollisuus keskustella ohjaushenkil\u00f6st\u00f6n kanssa hakemiseen ja opiskeluun liittyvist\u00e4 asioista. <\/p>\n\n\n\n<p>Koulutuskokeilu kest\u00e4\u00e4 yleens\u00e4 viikon (enint\u00e4\u00e4n 10 p\u00e4iv\u00e4\u00e4). Kokeilun aikana arvioidaan soveltuvuuttasi alalle ja kokeilusta tehd\u00e4\u00e4n kirjallinen palaute. <\/p>\n\n\n\n<p>Koulutuskokeilun j\u00e4rjest\u00e4minen k\u00e4ynnistyy sen j\u00e4lkeen, kun oppilaitos saa l\u00e4hett\u00e4v\u00e4lt\u00e4\/maksavalta taholta l\u00e4hetteen koulutuskokeilua varten. L\u00e4hett\u00e4v\u00e4 taho vastaa koulutuskokeilun kustannuksista. L\u00e4hett\u00e4v\u00e4 taho voi olla esimerkiksi Ty\u00f6- ja elinkeinotoimisto, kuntakokeilu tai vakuutusyhti\u00f6. Koulutuskokeilu voidaan toteuttaa my\u00f6s Kelan ammatillisena kuntoutuksena. Jos haet rahoitusta koulutuskokeiluun Kelasta, sinun tulee tehd\u00e4 Kelan ammatillisen kuntoutuksen hakemus (<a href=\"https:\/\/www.kela.fi\/documents\/10192\/3861304\/KU101.pdf\" target=\"_blank\" rel=\"noreferrer noopener\">KU 101<\/a>). Hakemuksen k\u00e4sittelyaika Kelassa on noin 5 viikkoa. My\u00f6nteinen p\u00e4\u00e4t\u00f6s tarvitaan ennen kokeilun alkamista.<\/p>\n\n\n\n<ul class=\"wp-block-list\">\n<li><a href=\"https:\/\/www.kktavastia.fi\/media\/sites\/2\/koulutuskokeilualat_ammattiopisto-tavastia-2025-2026.pdf\">Tavastian koulutuskokeilualat<\/a><\/li>\n<\/ul>\n\n\n\n<p><\/p>\n","protected":false},"excerpt":{"rendered":"<p>Koulutuskokeilu on tarkoitettu sinulle, jos tarvitset enemm\u00e4n tukea opiskelualan valintaan. Koulutuskokeilussa tutustut tietyn koulutusalan sis\u00e4lt\u00f6\u00f6n, opiskeluun, oppilaitokseen ja ammatin vaatimuksiin. [&hellip;]<\/p>\n","protected":false},"author":6,"featured_media":0,"parent":2,"menu_order":9,"comment_status":"closed","ping_status":"closed","template":"","meta":{"_acf_changed":false,"_relevanssi_hide_post":"","_relevanssi_hide_content":"","_relevanssi_pin_for_all":"","_relevanssi_pin_keywords":"","_relevanssi_unpin_keywords":"","_relevanssi_related_keywords":"","_relevanssi_related_include_ids":"","_relevanssi_related_exclude_ids":"","_relevanssi_related_no_append":"","_relevanssi_related_not_related":"","_relevanssi_related_posts":"134,21615,15408,132,38517,39427","_relevanssi_noindex_reason":"","footnotes":""},"class_list":["post-1026","page","type-page","status-publish","hentry"],"acf":[],"yoast_head":"<title>Koulutuskokeilut ja tutustumiset - Ammattiopisto Tavastia<\/title>\n<meta name=\"robots\" content=\"index, follow, max-snippet:-1, max-image-preview:large, max-video-preview:-1\" \/>\n<link rel=\"canonical\" href=\"https:\/\/www.kktavastia.fi\/ammattiopisto\/hakijalle\/koulutuskokeilut-ja-tutustumiset\/\" \/>\n<meta property=\"og:locale\" content=\"fi_FI\" \/>\n<meta property=\"og:type\" content=\"article\" \/>\n<meta property=\"og:title\" content=\"Koulutuskokeilut ja tutustumiset - Ammattiopisto Tavastia\" \/>\n<meta property=\"og:description\" content=\"Koulutuskokeilu on tarkoitettu sinulle, jos tarvitset enemm\u00e4n tukea opiskelualan valintaan. Koulutuskokeilussa tutustut tietyn koulutusalan sis\u00e4lt\u00f6\u00f6n, opiskeluun, oppilaitokseen ja ammatin vaatimuksiin. [&hellip;]\" \/>\n<meta property=\"og:url\" content=\"https:\/\/www.kktavastia.fi\/ammattiopisto\/hakijalle\/koulutuskokeilut-ja-tutustumiset\/\" \/>\n<meta property=\"og:site_name\" content=\"Ammattiopisto Tavastia\" \/>\n<meta property=\"article:modified_time\" content=\"2026-03-18T12:13:02+00:00\" \/>\n<meta name=\"twitter:card\" content=\"summary_large_image\" \/>\n<script type=\"application\/ld+json\" class=\"yoast-schema-graph\">{\"@context\":\"https:\\\/\\\/schema.org\",\"@graph\":[{\"@type\":\"WebPage\",\"@id\":\"https:\\\/\\\/www.kktavastia.fi\\\/ammattiopisto\\\/hakijalle\\\/koulutuskokeilut-ja-tutustumiset\\\/\",\"url\":\"https:\\\/\\\/www.kktavastia.fi\\\/ammattiopisto\\\/hakijalle\\\/koulutuskokeilut-ja-tutustumiset\\\/\",\"name\":\"Koulutuskokeilut ja tutustumiset - Ammattiopisto Tavastia\",\"isPartOf\":{\"@id\":\"https:\\\/\\\/www.kktavastia.fi\\\/ammattiopisto\\\/#website\"},\"datePublished\":\"2021-01-07T10:35:21+00:00\",\"dateModified\":\"2026-03-18T12:13:02+00:00\",\"breadcrumb\":{\"@id\":\"https:\\\/\\\/www.kktavastia.fi\\\/ammattiopisto\\\/hakijalle\\\/koulutuskokeilut-ja-tutustumiset\\\/#breadcrumb\"},\"inLanguage\":\"fi\",\"potentialAction\":[{\"@type\":\"ReadAction\",\"target\":[\"https:\\\/\\\/www.kktavastia.fi\\\/ammattiopisto\\\/hakijalle\\\/koulutuskokeilut-ja-tutustumiset\\\/\"]}]},{\"@type\":\"BreadcrumbList\",\"@id\":\"https:\\\/\\\/www.kktavastia.fi\\\/ammattiopisto\\\/hakijalle\\\/koulutuskokeilut-ja-tutustumiset\\\/#breadcrumb\",\"itemListElement\":[{\"@type\":\"ListItem\",\"position\":1,\"name\":\"Home\",\"item\":\"https:\\\/\\\/www.kktavastia.fi\\\/ammattiopisto\\\/\"},{\"@type\":\"ListItem\",\"position\":2,\"name\":\"Hakijalle\",\"item\":\"https:\\\/\\\/www.kktavastia.fi\\\/ammattiopisto\\\/hakijalle\\\/\"},{\"@type\":\"ListItem\",\"position\":3,\"name\":\"Koulutuskokeilut ja tutustumiset\"}]},{\"@type\":\"WebSite\",\"@id\":\"https:\\\/\\\/www.kktavastia.fi\\\/ammattiopisto\\\/#website\",\"url\":\"https:\\\/\\\/www.kktavastia.fi\\\/ammattiopisto\\\/\",\"name\":\"Ammattiopisto Tavastia\",\"description\":\"\",\"potentialAction\":[{\"@type\":\"SearchAction\",\"target\":{\"@type\":\"EntryPoint\",\"urlTemplate\":\"https:\\\/\\\/www.kktavastia.fi\\\/ammattiopisto\\\/?s={search_term_string}\"},\"query-input\":{\"@type\":\"PropertyValueSpecification\",\"valueRequired\":true,\"valueName\":\"search_term_string\"}}],\"inLanguage\":\"fi\"}]}<\/script>","yoast_head_json":{"title":"Koulutuskokeilut ja tutustumiset - Ammattiopisto Tavastia","robots":{"index":"index","follow":"follow","max-snippet":"max-snippet:-1","max-image-preview":"max-image-preview:large","max-video-preview":"max-video-preview:-1"},"canonical":"https:\/\/www.kktavastia.fi\/ammattiopisto\/hakijalle\/koulutuskokeilut-ja-tutustumiset\/","og_locale":"fi_FI","og_type":"article","og_title":"Koulutuskokeilut ja tutustumiset - Ammattiopisto Tavastia","og_description":"Koulutuskokeilu on tarkoitettu sinulle, jos tarvitset enemm\u00e4n tukea opiskelualan valintaan. Koulutuskokeilussa tutustut tietyn koulutusalan sis\u00e4lt\u00f6\u00f6n, opiskeluun, oppilaitokseen ja ammatin vaatimuksiin. [&hellip;]","og_url":"https:\/\/www.kktavastia.fi\/ammattiopisto\/hakijalle\/koulutuskokeilut-ja-tutustumiset\/","og_site_name":"Ammattiopisto Tavastia","article_modified_time":"2026-03-18T12:13:02+00:00","twitter_card":"summary_large_image","schema":{"@context":"https:\/\/schema.org","@graph":[{"@type":"WebPage","@id":"https:\/\/www.kktavastia.fi\/ammattiopisto\/hakijalle\/koulutuskokeilut-ja-tutustumiset\/","url":"https:\/\/www.kktavastia.fi\/ammattiopisto\/hakijalle\/koulutuskokeilut-ja-tutustumiset\/","name":"Koulutuskokeilut ja tutustumiset - Ammattiopisto Tavastia","isPartOf":{"@id":"https:\/\/www.kktavastia.fi\/ammattiopisto\/#website"},"datePublished":"2021-01-07T10:35:21+00:00","dateModified":"2026-03-18T12:13:02+00:00","breadcrumb":{"@id":"https:\/\/www.kktavastia.fi\/ammattiopisto\/hakijalle\/koulutuskokeilut-ja-tutustumiset\/#breadcrumb"},"inLanguage":"fi","potentialAction":[{"@type":"ReadAction","target":["https:\/\/www.kktavastia.fi\/ammattiopisto\/hakijalle\/koulutuskokeilut-ja-tutustumiset\/"]}]},{"@type":"BreadcrumbList","@id":"https:\/\/www.kktavastia.fi\/ammattiopisto\/hakijalle\/koulutuskokeilut-ja-tutustumiset\/#breadcrumb","itemListElement":[{"@type":"ListItem","position":1,"name":"Home","item":"https:\/\/www.kktavastia.fi\/ammattiopisto\/"},{"@type":"ListItem","position":2,"name":"Hakijalle","item":"https:\/\/www.kktavastia.fi\/ammattiopisto\/hakijalle\/"},{"@type":"ListItem","position":3,"name":"Koulutuskokeilut ja tutustumiset"}]},{"@type":"WebSite","@id":"https:\/\/www.kktavastia.fi\/ammattiopisto\/#website","url":"https:\/\/www.kktavastia.fi\/ammattiopisto\/","name":"Ammattiopisto Tavastia","description":"","potentialAction":[{"@type":"SearchAction","target":{"@type":"EntryPoint","urlTemplate":"https:\/\/www.kktavastia.fi\/ammattiopisto\/?s={search_term_string}"},"query-input":{"@type":"PropertyValueSpecification","valueRequired":true,"valueName":"search_term_string"}}],"inLanguage":"fi"}]}},"_links":{"self":[{"href":"https:\/\/www.kktavastia.fi\/ammattiopisto\/wp-json\/wp\/v2\/pages\/1026","targetHints":{"allow":["GET"]}}],"collection":[{"href":"https:\/\/www.kktavastia.fi\/ammattiopisto\/wp-json\/wp\/v2\/pages"}],"about":[{"href":"https:\/\/www.kktavastia.fi\/ammattiopisto\/wp-json\/wp\/v2\/types\/page"}],"author":[{"embeddable":true,"href":"https:\/\/www.kktavastia.fi\/ammattiopisto\/wp-json\/wp\/v2\/users\/6"}],"replies":[{"embeddable":true,"href":"https:\/\/www.kktavastia.fi\/ammattiopisto\/wp-json\/wp\/v2\/comments?post=1026"}],"version-history":[{"count":25,"href":"https:\/\/www.kktavastia.fi\/ammattiopisto\/wp-json\/wp\/v2\/pages\/1026\/revisions"}],"predecessor-version":[{"id":150487,"href":"https:\/\/www.kktavastia.fi\/ammattiopisto\/wp-json\/wp\/v2\/pages\/1026\/revisions\/150487"}],"up":[{"embeddable":true,"href":"https:\/\/www.kktavastia.fi\/ammattiopisto\/wp-json\/wp\/v2\/pages\/2"}],"wp:attachment":[{"href":"https:\/\/www.kktavastia.fi\/ammattiopisto\/wp-json\/wp\/v2\/media?parent=1026"}],"curies":[{"name":"wp","href":"https:\/\/api.w.org\/{rel}","templated":true}]}}